{"id":322891,"date":"2021-03-19T07:29:23","date_gmt":"2021-03-19T07:29:23","guid":{"rendered":"https:\/\/www.purejewels.com\/?post_type=product&#038;p=322891"},"modified":"2026-01-06T09:44:28","modified_gmt":"2026-01-06T09:44:28","slug":"glow-22-ayar-altin-kadin-bileklik-33523","status":"publish","type":"product","link":"https:\/\/www.purejewels.com\/tr\/product\/glow-22ct-gold-women-bracelet-33523\/","title":{"rendered":"Glow 22 Ayar Alt\u0131n Kad\u0131n Bileklik"},"content":{"rendered":"<p>&nbsp;<\/p>\n<ul>\n<li>A\u011f\u0131rl\u0131k 5,3 gms<\/li>\n<li>Sku 33523<\/li>\n<\/ul>","protected":false},"excerpt":{"rendered":"<ul>\n<li>22ct\u00a0<span id=\"urn:enhancement-6b5dda1b\" class=\"textannotation\">Alt\u0131n<\/span>\u00a0Bayan Bileklik<\/li>\n<li>A\u011f\u0131rl\u0131k 5,3 gms<\/li>\n<li>Sku 33523<\/li>\n<li>Uzunluk 7 \u0130n\u00e7<\/li>\n<li>Boncuk Kal\u0131nl\u0131\u011f\u0131 3mm<\/li>\n<li>T\u00fcm fiyatlara KDV dahildir<\/li>\n<li>Hepsi 22\u00a0<span id=\"urn:enhancement-96f8acd8\" class=\"textannotation\">karat<\/span>\u00a0<span id=\"urn:enhancement-475c5677\" class=\"textannotation\">alt\u0131n<\/span>\u00a0bilezikler Londra damgal\u0131d\u0131r\u00a0<span id=\"urn:enhancement-50f6b5fe\" class=\"textannotation\">Tahlil Ofisi<\/span><\/li>\n<li>T\u00fcm\u00fc\u00a0<span id=\"urn:enhancement-a52000c\" class=\"textannotation\">Alt\u0131n<\/span>\u00a0Kad\u0131n Bilekli\u011fi Sunum Kutusuyla Birlikte Gelir<\/li>\n<li>Teslimat Dahil<\/li>\n<li>Uygunluk durumu ve daha fazla benzer g\u00f6rsel i\u00e7in bizimle canl\u0131 sohbet edin\u00a0<span id=\"urn:enhancement-bc77c438\" class=\"textannotation\">tasar\u0131mlar<\/span>\u00a0\u015fu anda\u00a0<span id=\"urn:enhancement-973deb93\" class=\"textannotation\">stok<\/span><\/li>\n<\/ul>","protected":false},"featured_media":319361,"comment_status":"closed","ping_status":"closed","template":"","meta":{"_eb_attr":"","_crsspst_to_jayantr4sg-hostcom":false},"product_brand":[],"product_cat":[1791,1559,1793,3628,1324,1627,1575,1574],"product_tag":[],"class_list":{"0":"post-322891","1":"product","2":"type-product","3":"status-publish","4":"has-post-thumbnail","6":"product_cat-anniversary-gifts","7":"product_cat-birthday-gifts","8":"product_cat-diwali-gifts","9":"product_cat-glow-collections","10":"product_cat-gold-bracelet","11":"product_cat-ladies-bracelet","12":"product_cat-teenage-jewellery","13":"product_cat-womens-jewellery","15":"first","16":"outofstock","17":"taxable","18":"shipping-taxable","19":"product-type-simple","20":"add-to-wishlist-before_image"},"yoast_head":"<!-- This site is optimized with the Yoast SEO plugin v27.3 - https:\/\/yoast.com\/product\/yoast-seo-wordpress\/ -->\n<title>Glow 22ct\u00a0Gold\u00a0Women Bracelet - PureJewels UK<\/title>\n<meta name=\"robots\" content=\"index, follow, max-snippet:-1, max-image-preview:large, max-video-preview:-1\" \/>\n<link rel=\"canonical\" href=\"https:\/\/www.purejewels.com\/tr\/urun\/glow-22-ayar-altin-kadin-bileklik-33523\/\" \/>\n<meta property=\"og:locale\" content=\"tr_TR\" \/>\n<meta property=\"og:type\" content=\"article\" \/>\n<meta property=\"og:title\" content=\"Glow 22ct\u00a0Gold\u00a0Women Bracelet - PureJewels UK\" \/>\n<meta property=\"og:description\" content=\"22ct\u00a0Gold\u00a0Ladies Bracelet  Weight 5.3 gms  Sku 33523  Length 7 Inches  Thickness of Beads 3mm  All prices include VAT  All 22\u00a0carat\u00a0gold\u00a0bracelets are hallmarked by London\u00a0Assay Office  All\u00a0Gold\u00a0Bracelet for Women Comes With Presentation Box  Delivery Included  Live chat with us for availability and more images of similar\u00a0designs\u00a0currently in\u00a0stock\" \/>\n<meta property=\"og:url\" content=\"https:\/\/www.purejewels.com\/tr\/urun\/glow-22-ayar-altin-kadin-bileklik-33523\/\" \/>\n<meta property=\"og:site_name\" content=\"PureJewels UK\" \/>\n<meta property=\"article:modified_time\" content=\"2026-01-06T09:44:28+00:00\" \/>\n<meta property=\"og:image\" content=\"https:\/\/www.purejewels.com\/wp-content\/uploads\/2020\/11\/33490.jpg\" \/>\n\t<meta property=\"og:image:width\" content=\"1000\" \/>\n\t<meta property=\"og:image:height\" content=\"1000\" \/>\n\t<meta property=\"og:image:type\" content=\"image\/jpeg\" \/>\n<meta name=\"twitter:card\" content=\"summary_large_image\" \/>\n<meta name=\"twitter:label1\" content=\"Tahmini okuma s\u00fcresi\" \/>\n\t<meta name=\"twitter:data1\" content=\"1 dakika\" \/>\n<script type=\"application\/ld+json\" class=\"yoast-schema-graph\">{\"@context\":\"https:\\\/\\\/schema.org\",\"@graph\":[{\"@type\":[\"WebPage\",\"ItemPage\"],\"@id\":\"https:\\\/\\\/www.purejewels.com\\\/product\\\/glow-22ct-gold-women-bracelet-33523\\\/\",\"url\":\"https:\\\/\\\/www.purejewels.com\\\/product\\\/glow-22ct-gold-women-bracelet-33523\\\/\",\"name\":\"Glow 22ct\u00a0Gold\u00a0Women Bracelet - PureJewels UK\",\"isPartOf\":{\"@id\":\"https:\\\/\\\/www.purejewels.com\\\/#website\"},\"primaryImageOfPage\":{\"@id\":\"https:\\\/\\\/www.purejewels.com\\\/product\\\/glow-22ct-gold-women-bracelet-33523\\\/#primaryimage\"},\"image\":{\"@id\":\"https:\\\/\\\/www.purejewels.com\\\/product\\\/glow-22ct-gold-women-bracelet-33523\\\/#primaryimage\"},\"thumbnailUrl\":\"https:\\\/\\\/static.purejewels.com\\\/wp-content\\\/uploads\\\/2020\\\/11\\\/33490.jpg\",\"datePublished\":\"2021-03-19T07:29:23+00:00\",\"dateModified\":\"2026-01-06T09:44:28+00:00\",\"breadcrumb\":{\"@id\":\"https:\\\/\\\/www.purejewels.com\\\/product\\\/glow-22ct-gold-women-bracelet-33523\\\/#breadcrumb\"},\"inLanguage\":\"tr\",\"potentialAction\":[{\"@type\":\"ReadAction\",\"target\":[\"https:\\\/\\\/www.purejewels.com\\\/product\\\/glow-22ct-gold-women-bracelet-33523\\\/\"]}]},{\"@type\":\"ImageObject\",\"inLanguage\":\"tr\",\"@id\":\"https:\\\/\\\/www.purejewels.com\\\/product\\\/glow-22ct-gold-women-bracelet-33523\\\/#primaryimage\",\"url\":\"https:\\\/\\\/static.purejewels.com\\\/wp-content\\\/uploads\\\/2020\\\/11\\\/33490.jpg\",\"contentUrl\":\"https:\\\/\\\/static.purejewels.com\\\/wp-content\\\/uploads\\\/2020\\\/11\\\/33490.jpg\",\"width\":1000,\"height\":1000,\"caption\":\"22ct Gold Glow Bracelet 33490\"},{\"@type\":\"BreadcrumbList\",\"@id\":\"https:\\\/\\\/www.purejewels.com\\\/product\\\/glow-22ct-gold-women-bracelet-33523\\\/#breadcrumb\",\"itemListElement\":[{\"@type\":\"ListItem\",\"position\":1,\"name\":\"Home\",\"item\":\"https:\\\/\\\/www.purejewels.com\\\/\"},{\"@type\":\"ListItem\",\"position\":2,\"name\":\"Shop\",\"item\":\"https:\\\/\\\/www.purejewels.com\\\/shop\\\/\"},{\"@type\":\"ListItem\",\"position\":3,\"name\":\"Glow 22ct\u00a0Gold\u00a0Women Bracelet\"}]},{\"@type\":\"WebSite\",\"@id\":\"https:\\\/\\\/www.purejewels.com\\\/#website\",\"url\":\"https:\\\/\\\/www.purejewels.com\\\/\",\"name\":\"PureJewels UK\",\"description\":\"Share the Love\",\"publisher\":{\"@id\":\"https:\\\/\\\/www.purejewels.com\\\/#organization\"},\"potentialAction\":[{\"@type\":\"SearchAction\",\"target\":{\"@type\":\"EntryPoint\",\"urlTemplate\":\"https:\\\/\\\/www.purejewels.com\\\/?s={search_term_string}\"},\"query-input\":{\"@type\":\"PropertyValueSpecification\",\"valueRequired\":true,\"valueName\":\"search_term_string\"}}],\"inLanguage\":\"tr\"},{\"@type\":\"Organization\",\"@id\":\"https:\\\/\\\/www.purejewels.com\\\/#organization\",\"name\":\"PureJewels UK\",\"url\":\"https:\\\/\\\/www.purejewels.com\\\/\",\"logo\":{\"@type\":\"ImageObject\",\"inLanguage\":\"tr\",\"@id\":\"https:\\\/\\\/www.purejewels.com\\\/#\\\/schema\\\/logo\\\/image\\\/\",\"url\":\"https:\\\/\\\/static.purejewels.com\\\/wp-content\\\/uploads\\\/2020\\\/11\\\/Logo-PJ-New-1.png\",\"contentUrl\":\"https:\\\/\\\/static.purejewels.com\\\/wp-content\\\/uploads\\\/2020\\\/11\\\/Logo-PJ-New-1.png\",\"width\":150,\"height\":80,\"caption\":\"PureJewels UK\"},\"image\":{\"@id\":\"https:\\\/\\\/www.purejewels.com\\\/#\\\/schema\\\/logo\\\/image\\\/\"}}]}<\/script>\n<!-- \/ Yoast SEO plugin. -->","yoast_head_json":{"title":"Glow 22 Ayar Alt\u0131n Kad\u0131n Bileklik - PureJewels UK","robots":{"index":"index","follow":"follow","max-snippet":"max-snippet:-1","max-image-preview":"max-image-preview:large","max-video-preview":"max-video-preview:-1"},"canonical":"https:\/\/www.purejewels.com\/tr\/urun\/glow-22-ayar-altin-kadin-bileklik-33523\/","og_locale":"tr_TR","og_type":"article","og_title":"Glow 22ct\u00a0Gold\u00a0Women Bracelet - PureJewels UK","og_description":"22ct\u00a0Gold\u00a0Ladies Bracelet  Weight 5.3 gms  Sku 33523  Length 7 Inches  Thickness of Beads 3mm  All prices include VAT  All 22\u00a0carat\u00a0gold\u00a0bracelets are hallmarked by London\u00a0Assay Office  All\u00a0Gold\u00a0Bracelet for Women Comes With Presentation Box  Delivery Included  Live chat with us for availability and more images of similar\u00a0designs\u00a0currently in\u00a0stock","og_url":"https:\/\/www.purejewels.com\/tr\/urun\/glow-22-ayar-altin-kadin-bileklik-33523\/","og_site_name":"PureJewels UK","article_modified_time":"2026-01-06T09:44:28+00:00","og_image":[{"width":1000,"height":1000,"url":"https:\/\/www.purejewels.com\/wp-content\/uploads\/2020\/11\/33490.jpg","type":"image\/jpeg"}],"twitter_card":"summary_large_image","twitter_misc":{"Tahmini okuma s\u00fcresi":"1 dakika"},"schema":{"@context":"https:\/\/schema.org","@graph":[{"@type":["WebPage","ItemPage"],"@id":"https:\/\/www.purejewels.com\/product\/glow-22ct-gold-women-bracelet-33523\/","url":"https:\/\/www.purejewels.com\/product\/glow-22ct-gold-women-bracelet-33523\/","name":"Glow 22 Ayar Alt\u0131n Kad\u0131n Bileklik - PureJewels UK","isPartOf":{"@id":"https:\/\/www.purejewels.com\/#website"},"primaryImageOfPage":{"@id":"https:\/\/www.purejewels.com\/product\/glow-22ct-gold-women-bracelet-33523\/#primaryimage"},"image":{"@id":"https:\/\/www.purejewels.com\/product\/glow-22ct-gold-women-bracelet-33523\/#primaryimage"},"thumbnailUrl":"https:\/\/static.purejewels.com\/wp-content\/uploads\/2020\/11\/33490.jpg","datePublished":"2021-03-19T07:29:23+00:00","dateModified":"2026-01-06T09:44:28+00:00","breadcrumb":{"@id":"https:\/\/www.purejewels.com\/product\/glow-22ct-gold-women-bracelet-33523\/#breadcrumb"},"inLanguage":"tr","potentialAction":[{"@type":"ReadAction","target":["https:\/\/www.purejewels.com\/product\/glow-22ct-gold-women-bracelet-33523\/"]}]},{"@type":"ImageObject","inLanguage":"tr","@id":"https:\/\/www.purejewels.com\/product\/glow-22ct-gold-women-bracelet-33523\/#primaryimage","url":"https:\/\/static.purejewels.com\/wp-content\/uploads\/2020\/11\/33490.jpg","contentUrl":"https:\/\/static.purejewels.com\/wp-content\/uploads\/2020\/11\/33490.jpg","width":1000,"height":1000,"caption":"22ct Gold Glow Bracelet 33490"},{"@type":"BreadcrumbList","@id":"https:\/\/www.purejewels.com\/product\/glow-22ct-gold-women-bracelet-33523\/#breadcrumb","itemListElement":[{"@type":"ListItem","position":1,"name":"Home","item":"https:\/\/www.purejewels.com\/"},{"@type":"ListItem","position":2,"name":"Shop","item":"https:\/\/www.purejewels.com\/shop\/"},{"@type":"ListItem","position":3,"name":"Glow 22ct\u00a0Gold\u00a0Women Bracelet"}]},{"@type":"WebSite","@id":"https:\/\/www.purejewels.com\/#website","url":"https:\/\/www.purejewels.com\/","name":"PureJewels \u0130ngiltere","description":"Sevgiyi Payla\u015f\u0131n","publisher":{"@id":"https:\/\/www.purejewels.com\/#organization"},"potentialAction":[{"@type":"SearchAction","target":{"@type":"EntryPoint","urlTemplate":"https:\/\/www.purejewels.com\/?s={search_term_string}"},"query-input":{"@type":"PropertyValueSpecification","valueRequired":true,"valueName":"search_term_string"}}],"inLanguage":"tr"},{"@type":"Organization","@id":"https:\/\/www.purejewels.com\/#organization","name":"PureJewels \u0130ngiltere","url":"https:\/\/www.purejewels.com\/","logo":{"@type":"ImageObject","inLanguage":"tr","@id":"https:\/\/www.purejewels.com\/#\/schema\/logo\/image\/","url":"https:\/\/static.purejewels.com\/wp-content\/uploads\/2020\/11\/Logo-PJ-New-1.png","contentUrl":"https:\/\/static.purejewels.com\/wp-content\/uploads\/2020\/11\/Logo-PJ-New-1.png","width":150,"height":80,"caption":"PureJewels UK"},"image":{"@id":"https:\/\/www.purejewels.com\/#\/schema\/logo\/image\/"}}]}},"_links":{"self":[{"href":"https:\/\/www.purejewels.com\/tr\/wp-json\/wp\/v2\/product\/322891","targetHints":{"allow":["GET"]}}],"collection":[{"href":"https:\/\/www.purejewels.com\/tr\/wp-json\/wp\/v2\/product"}],"about":[{"href":"https:\/\/www.purejewels.com\/tr\/wp-json\/wp\/v2\/types\/product"}],"replies":[{"embeddable":true,"href":"https:\/\/www.purejewels.com\/tr\/wp-json\/wp\/v2\/comments?post=322891"}],"version-history":[{"count":0,"href":"https:\/\/www.purejewels.com\/tr\/wp-json\/wp\/v2\/product\/322891\/revisions"}],"wp:featuredmedia":[{"embeddable":true,"href":"https:\/\/www.purejewels.com\/tr\/wp-json\/wp\/v2\/media\/319361"}],"wp:attachment":[{"href":"https:\/\/www.purejewels.com\/tr\/wp-json\/wp\/v2\/media?parent=322891"}],"wp:term":[{"taxonomy":"product_brand","embeddable":true,"href":"https:\/\/www.purejewels.com\/tr\/wp-json\/wp\/v2\/product_brand?post=322891"},{"taxonomy":"product_cat","embeddable":true,"href":"https:\/\/www.purejewels.com\/tr\/wp-json\/wp\/v2\/product_cat?post=322891"},{"taxonomy":"product_tag","embeddable":true,"href":"https:\/\/www.purejewels.com\/tr\/wp-json\/wp\/v2\/product_tag?post=322891"}],"curies":[{"name":"wp","href":"https:\/\/api.w.org\/{rel}","templated":true}]}}