{"id":322997,"date":"2021-03-31T13:09:17","date_gmt":"2021-03-31T12:09:17","guid":{"rendered":"https:\/\/www.purejewels.com\/?post_type=product&#038;p=322997"},"modified":"2026-03-24T09:41:16","modified_gmt":"2026-03-24T09:41:16","slug":"22-karat-altin-mangalsutra-34698","status":"publish","type":"product","link":"https:\/\/www.purejewels.com\/tr\/product\/22carat-gold-mangalsutra\/","title":{"rendered":"22 Ayar Alt\u0131n Minimal Siyah Boncuklu Mangalsutra Zincir"},"content":{"rendered":"<p>Tasar\u0131m<br \/>\nBu mangalsutra, e\u015fit aral\u0131kl\u0131 siyah boncuklarla vurgulanm\u0131\u015f minimal bir zincir tasar\u0131m\u0131na sahiptir. Formun sadeli\u011fi hafif ve zarif bir \u00f6rt\u00fc olu\u015ftururken, ince detaylar anlam ve ritim kat\u0131yor. Zarif silueti, geleneksel \u00f6neme sahip abart\u0131s\u0131z m\u00fccevherleri tercih edenler i\u00e7in idealdir.<\/p>\n<p>Zanaatkarl\u0131k<br \/>\n22 ayar alt\u0131ndan \u00fcretilen zincir, esneklik ve sa\u011flaml\u0131k sa\u011flamak i\u00e7in \u00f6zenle bir araya getirilmi\u015ftir. Siyah boncuklar, tasar\u0131m boyunca denge ve tutarl\u0131l\u0131\u011f\u0131 korumak i\u00e7in hassas bir \u015fekilde konumland\u0131r\u0131lm\u0131\u015ft\u0131r. P\u00fcr\u00fczs\u00fcz y\u00fczey, narin g\u00f6r\u00fcn\u00fcm\u00fcn\u00fc peki\u015ftirir. Her bir par\u00e7a \u0130ngiltere'de damgalanarak sertifikal\u0131 alt\u0131n safl\u0131\u011f\u0131 ve g\u00fcvenilir i\u015f\u00e7ilik sa\u011flar.<\/p>\n<p>\u015eekillendirme &amp; Hediyele\u015fme<br \/>\nG\u00fcnl\u00fck kullan\u0131m i\u00e7in m\u00fckemmel olan bu mangalsutra, hem g\u00fcndelik hem de resmi k\u0131yafetlerle zahmetsizce e\u015fle\u015fir. Minimal tasar\u0131m\u0131, tek ba\u015f\u0131na tak\u0131lmas\u0131na veya di\u011fer zincirlerle katmanlanmas\u0131na olanak tan\u0131r. Anlaml\u0131 ve \u00e7ok y\u00f6nl\u00fc bir par\u00e7a olan bu \u00fcr\u00fcn, d\u00fc\u011f\u00fcnler ve y\u0131ld\u00f6n\u00fcmleri i\u00e7in ya da gelene\u011fin d\u00fc\u015f\u00fcnceli bir ifadesi olarak idealdir.<\/p>","protected":false},"excerpt":{"rendered":"<ul>\n<li>22ct\u00a0<span id=\"urn:enhancement-f3cda60\" class=\"textannotation\">Alt\u0131n<\/span>\u00a0<span id=\"urn:enhancement-ca833d9f\" class=\"textannotation\">Mangalsutra<\/span><\/li>\n<li><span id=\"urn:enhancement-c29abd9a\" class=\"textannotation\">A\u011f\u0131rl\u0131k<\/span>: 4,4 gms<\/li>\n<li><span id=\"urn:enhancement-dc1b0cec\" class=\"textannotation\">Uzunluk<\/span> : 18 <span id=\"urn:enhancement-e813ddff\" class=\"textannotation\">\u0130n\u00e7<\/span><\/li>\n<li><span id=\"urn:enhancement-935c9453\" class=\"textannotation\">SKU<\/span>. 33722<\/li>\n<li>T\u00fcm\u00fc\u00a0<span id=\"urn:enhancement-75b5942b\" class=\"textannotation\">fiyatlar<\/span>\u00a0KDV dahil<\/li>\n<li>22ct\u00a0<span id=\"urn:enhancement-71285636\" class=\"textannotation\">Alt\u0131n<\/span>\u00a0Londra taraf\u0131ndan damgalanm\u0131\u015ft\u0131r\u00a0<span id=\"urn:enhancement-824c7401\" class=\"textannotation\">Tahlil Ofisi<\/span><\/li>\n<li>Sunum Kutusu ile Birlikte Gelir<\/li>\n<li><span id=\"urn:enhancement-e06c9b71\" class=\"textannotation\">Teslimat<\/span>\u00a0Dahildir<\/li>\n<li>Canl\u0131\u00a0<span id=\"urn:enhancement-60df707d\" class=\"textannotation\">sohbet<\/span>\u00a0kullan\u0131labilirlik ve \u015fu anda mevcut olan benzer tasar\u0131mlar\u0131n daha fazla g\u00f6r\u00fcnt\u00fcs\u00fc i\u00e7in bizimle\u00a0<span id=\"urn:enhancement-973de08f\" class=\"textannotation\">stok<\/span><\/li>\n<\/ul>","protected":false},"featured_media":325050,"comment_status":"closed","ping_status":"closed","template":"","meta":{"_eb_attr":"","_crsspst_to_jayantr4sg-hostcom":true},"product_brand":[],"product_cat":[1791,1775,1284,1573],"product_tag":[],"class_list":{"0":"post-322997","1":"product","2":"type-product","3":"status-publish","4":"has-post-thumbnail","6":"product_cat-anniversary-gifts","7":"product_cat-daily-wear-mangalsutras","8":"product_cat-gold-mangalsutras","9":"product_cat-wedding-gifts","11":"first","12":"outofstock","13":"taxable","14":"shipping-taxable","15":"product-type-simple","16":"add-to-wishlist-before_image"},"yoast_head":"<!-- This site is optimized with the Yoast SEO plugin v27.3 - https:\/\/yoast.com\/product\/yoast-seo-wordpress\/ -->\n<title>22ct Gold Minimal Mangalsutra Chain | PureJewels UK<\/title>\n<meta name=\"description\" content=\"Shop a 22ct gold minimal mangalsutra chain with black bead accents. Handcrafted and UK hallmarked for purity and everyday wear.\" \/>\n<meta name=\"robots\" content=\"index, follow, max-snippet:-1, max-image-preview:large, max-video-preview:-1\" \/>\n<link rel=\"canonical\" href=\"https:\/\/www.purejewels.com\/tr\/urun\/22-karat-altin-mangalsutra-34698\/\" \/>\n<meta property=\"og:locale\" content=\"tr_TR\" \/>\n<meta property=\"og:type\" content=\"article\" \/>\n<meta property=\"og:title\" content=\"22ct Gold Minimal Mangalsutra Chain | PureJewels UK\" \/>\n<meta property=\"og:description\" content=\"Shop a 22ct gold minimal mangalsutra chain with black bead accents. Handcrafted and UK hallmarked for purity and everyday wear.\" \/>\n<meta property=\"og:url\" content=\"https:\/\/www.purejewels.com\/tr\/urun\/22-karat-altin-mangalsutra-34698\/\" \/>\n<meta property=\"og:site_name\" content=\"PureJewels UK\" \/>\n<meta property=\"article:modified_time\" content=\"2026-03-24T09:41:16+00:00\" \/>\n<meta property=\"og:image\" content=\"https:\/\/static.purejewels.com\/wp-content\/uploads\/2021\/03\/31906.jpg\" \/>\n\t<meta property=\"og:image:width\" content=\"1000\" \/>\n\t<meta property=\"og:image:height\" content=\"1000\" \/>\n\t<meta property=\"og:image:type\" content=\"image\/jpeg\" \/>\n<meta name=\"twitter:card\" content=\"summary_large_image\" \/>\n<meta name=\"twitter:label1\" content=\"Tahmini okuma s\u00fcresi\" \/>\n\t<meta name=\"twitter:data1\" content=\"1 dakika\" \/>\n<script type=\"application\/ld+json\" class=\"yoast-schema-graph\">{\"@context\":\"https:\\\/\\\/schema.org\",\"@graph\":[{\"@type\":[\"WebPage\",\"ItemPage\"],\"@id\":\"https:\\\/\\\/www.purejewels.com\\\/product\\\/22carat-gold-mangalsutra\\\/\",\"url\":\"https:\\\/\\\/www.purejewels.com\\\/product\\\/22carat-gold-mangalsutra\\\/\",\"name\":\"22ct Gold Minimal Mangalsutra Chain | PureJewels UK\",\"isPartOf\":{\"@id\":\"https:\\\/\\\/www.purejewels.com\\\/#website\"},\"primaryImageOfPage\":{\"@id\":\"https:\\\/\\\/www.purejewels.com\\\/product\\\/22carat-gold-mangalsutra\\\/#primaryimage\"},\"image\":{\"@id\":\"https:\\\/\\\/www.purejewels.com\\\/product\\\/22carat-gold-mangalsutra\\\/#primaryimage\"},\"thumbnailUrl\":\"https:\\\/\\\/static.purejewels.com\\\/wp-content\\\/uploads\\\/2021\\\/03\\\/31906.jpg\",\"datePublished\":\"2021-03-31T12:09:17+00:00\",\"dateModified\":\"2026-03-24T09:41:16+00:00\",\"description\":\"Shop a 22ct gold minimal mangalsutra chain with black bead accents. Handcrafted and UK hallmarked for purity and everyday wear.\",\"breadcrumb\":{\"@id\":\"https:\\\/\\\/www.purejewels.com\\\/product\\\/22carat-gold-mangalsutra\\\/#breadcrumb\"},\"inLanguage\":\"tr\",\"potentialAction\":[{\"@type\":\"ReadAction\",\"target\":[\"https:\\\/\\\/www.purejewels.com\\\/product\\\/22carat-gold-mangalsutra\\\/\"]}]},{\"@type\":\"ImageObject\",\"inLanguage\":\"tr\",\"@id\":\"https:\\\/\\\/www.purejewels.com\\\/product\\\/22carat-gold-mangalsutra\\\/#primaryimage\",\"url\":\"https:\\\/\\\/static.purejewels.com\\\/wp-content\\\/uploads\\\/2021\\\/03\\\/31906.jpg\",\"contentUrl\":\"https:\\\/\\\/static.purejewels.com\\\/wp-content\\\/uploads\\\/2021\\\/03\\\/31906.jpg\",\"width\":1000,\"height\":1000,\"caption\":\"22ct Gold Mangalsutra\"},{\"@type\":\"BreadcrumbList\",\"@id\":\"https:\\\/\\\/www.purejewels.com\\\/product\\\/22carat-gold-mangalsutra\\\/#breadcrumb\",\"itemListElement\":[{\"@type\":\"ListItem\",\"position\":1,\"name\":\"Home\",\"item\":\"https:\\\/\\\/www.purejewels.com\\\/\"},{\"@type\":\"ListItem\",\"position\":2,\"name\":\"Shop\",\"item\":\"https:\\\/\\\/www.purejewels.com\\\/shop\\\/\"},{\"@type\":\"ListItem\",\"position\":3,\"name\":\"22ct Gold Minimal Black Bead Mangalsutra Chain\"}]},{\"@type\":\"WebSite\",\"@id\":\"https:\\\/\\\/www.purejewels.com\\\/#website\",\"url\":\"https:\\\/\\\/www.purejewels.com\\\/\",\"name\":\"PureJewels UK\",\"description\":\"Share the Love\",\"publisher\":{\"@id\":\"https:\\\/\\\/www.purejewels.com\\\/#organization\"},\"potentialAction\":[{\"@type\":\"SearchAction\",\"target\":{\"@type\":\"EntryPoint\",\"urlTemplate\":\"https:\\\/\\\/www.purejewels.com\\\/?s={search_term_string}\"},\"query-input\":{\"@type\":\"PropertyValueSpecification\",\"valueRequired\":true,\"valueName\":\"search_term_string\"}}],\"inLanguage\":\"tr\"},{\"@type\":\"Organization\",\"@id\":\"https:\\\/\\\/www.purejewels.com\\\/#organization\",\"name\":\"PureJewels UK\",\"url\":\"https:\\\/\\\/www.purejewels.com\\\/\",\"logo\":{\"@type\":\"ImageObject\",\"inLanguage\":\"tr\",\"@id\":\"https:\\\/\\\/www.purejewels.com\\\/#\\\/schema\\\/logo\\\/image\\\/\",\"url\":\"https:\\\/\\\/static.purejewels.com\\\/wp-content\\\/uploads\\\/2020\\\/11\\\/Logo-PJ-New-1.png\",\"contentUrl\":\"https:\\\/\\\/static.purejewels.com\\\/wp-content\\\/uploads\\\/2020\\\/11\\\/Logo-PJ-New-1.png\",\"width\":150,\"height\":80,\"caption\":\"PureJewels UK\"},\"image\":{\"@id\":\"https:\\\/\\\/www.purejewels.com\\\/#\\\/schema\\\/logo\\\/image\\\/\"}}]}<\/script>\n<!-- \/ Yoast SEO plugin. -->","yoast_head_json":{"title":"22 Ayar Alt\u0131n Minimal Mangalsutra Zinciri | PureJewels UK","description":"Siyah boncuk desenli 22 ayar alt\u0131n minimal mangalsutra zinciri sat\u0131n al\u0131n. Safl\u0131k ve g\u00fcnl\u00fck kullan\u0131m i\u00e7in el yap\u0131m\u0131 ve \u0130ngiltere damgal\u0131.","robots":{"index":"index","follow":"follow","max-snippet":"max-snippet:-1","max-image-preview":"max-image-preview:large","max-video-preview":"max-video-preview:-1"},"canonical":"https:\/\/www.purejewels.com\/tr\/urun\/22-karat-altin-mangalsutra-34698\/","og_locale":"tr_TR","og_type":"article","og_title":"22ct Gold Minimal Mangalsutra Chain | PureJewels UK","og_description":"Shop a 22ct gold minimal mangalsutra chain with black bead accents. Handcrafted and UK hallmarked for purity and everyday wear.","og_url":"https:\/\/www.purejewels.com\/tr\/urun\/22-karat-altin-mangalsutra-34698\/","og_site_name":"PureJewels UK","article_modified_time":"2026-03-24T09:41:16+00:00","og_image":[{"width":1000,"height":1000,"url":"https:\/\/static.purejewels.com\/wp-content\/uploads\/2021\/03\/31906.jpg","type":"image\/jpeg"}],"twitter_card":"summary_large_image","twitter_misc":{"Tahmini okuma s\u00fcresi":"1 dakika"},"schema":{"@context":"https:\/\/schema.org","@graph":[{"@type":["WebPage","ItemPage"],"@id":"https:\/\/www.purejewels.com\/product\/22carat-gold-mangalsutra\/","url":"https:\/\/www.purejewels.com\/product\/22carat-gold-mangalsutra\/","name":"22 Ayar Alt\u0131n Minimal Mangalsutra Zinciri | PureJewels UK","isPartOf":{"@id":"https:\/\/www.purejewels.com\/#website"},"primaryImageOfPage":{"@id":"https:\/\/www.purejewels.com\/product\/22carat-gold-mangalsutra\/#primaryimage"},"image":{"@id":"https:\/\/www.purejewels.com\/product\/22carat-gold-mangalsutra\/#primaryimage"},"thumbnailUrl":"https:\/\/static.purejewels.com\/wp-content\/uploads\/2021\/03\/31906.jpg","datePublished":"2021-03-31T12:09:17+00:00","dateModified":"2026-03-24T09:41:16+00:00","description":"Siyah boncuk desenli 22 ayar alt\u0131n minimal mangalsutra zinciri sat\u0131n al\u0131n. Safl\u0131k ve g\u00fcnl\u00fck kullan\u0131m i\u00e7in el yap\u0131m\u0131 ve \u0130ngiltere damgal\u0131.","breadcrumb":{"@id":"https:\/\/www.purejewels.com\/product\/22carat-gold-mangalsutra\/#breadcrumb"},"inLanguage":"tr","potentialAction":[{"@type":"ReadAction","target":["https:\/\/www.purejewels.com\/product\/22carat-gold-mangalsutra\/"]}]},{"@type":"ImageObject","inLanguage":"tr","@id":"https:\/\/www.purejewels.com\/product\/22carat-gold-mangalsutra\/#primaryimage","url":"https:\/\/static.purejewels.com\/wp-content\/uploads\/2021\/03\/31906.jpg","contentUrl":"https:\/\/static.purejewels.com\/wp-content\/uploads\/2021\/03\/31906.jpg","width":1000,"height":1000,"caption":"22ct Gold Mangalsutra"},{"@type":"BreadcrumbList","@id":"https:\/\/www.purejewels.com\/product\/22carat-gold-mangalsutra\/#breadcrumb","itemListElement":[{"@type":"ListItem","position":1,"name":"Home","item":"https:\/\/www.purejewels.com\/"},{"@type":"ListItem","position":2,"name":"Shop","item":"https:\/\/www.purejewels.com\/shop\/"},{"@type":"ListItem","position":3,"name":"22ct Gold Minimal Black Bead Mangalsutra Chain"}]},{"@type":"WebSite","@id":"https:\/\/www.purejewels.com\/#website","url":"https:\/\/www.purejewels.com\/","name":"PureJewels \u0130ngiltere","description":"Sevgiyi Payla\u015f\u0131n","publisher":{"@id":"https:\/\/www.purejewels.com\/#organization"},"potentialAction":[{"@type":"SearchAction","target":{"@type":"EntryPoint","urlTemplate":"https:\/\/www.purejewels.com\/?s={search_term_string}"},"query-input":{"@type":"PropertyValueSpecification","valueRequired":true,"valueName":"search_term_string"}}],"inLanguage":"tr"},{"@type":"Organization","@id":"https:\/\/www.purejewels.com\/#organization","name":"PureJewels \u0130ngiltere","url":"https:\/\/www.purejewels.com\/","logo":{"@type":"ImageObject","inLanguage":"tr","@id":"https:\/\/www.purejewels.com\/#\/schema\/logo\/image\/","url":"https:\/\/static.purejewels.com\/wp-content\/uploads\/2020\/11\/Logo-PJ-New-1.png","contentUrl":"https:\/\/static.purejewels.com\/wp-content\/uploads\/2020\/11\/Logo-PJ-New-1.png","width":150,"height":80,"caption":"PureJewels UK"},"image":{"@id":"https:\/\/www.purejewels.com\/#\/schema\/logo\/image\/"}}]}},"_links":{"self":[{"href":"https:\/\/www.purejewels.com\/tr\/wp-json\/wp\/v2\/product\/322997","targetHints":{"allow":["GET"]}}],"collection":[{"href":"https:\/\/www.purejewels.com\/tr\/wp-json\/wp\/v2\/product"}],"about":[{"href":"https:\/\/www.purejewels.com\/tr\/wp-json\/wp\/v2\/types\/product"}],"replies":[{"embeddable":true,"href":"https:\/\/www.purejewels.com\/tr\/wp-json\/wp\/v2\/comments?post=322997"}],"version-history":[{"count":2,"href":"https:\/\/www.purejewels.com\/tr\/wp-json\/wp\/v2\/product\/322997\/revisions"}],"predecessor-version":[{"id":427530,"href":"https:\/\/www.purejewels.com\/tr\/wp-json\/wp\/v2\/product\/322997\/revisions\/427530"}],"wp:featuredmedia":[{"embeddable":true,"href":"https:\/\/www.purejewels.com\/tr\/wp-json\/wp\/v2\/media\/325050"}],"wp:attachment":[{"href":"https:\/\/www.purejewels.com\/tr\/wp-json\/wp\/v2\/media?parent=322997"}],"wp:term":[{"taxonomy":"product_brand","embeddable":true,"href":"https:\/\/www.purejewels.com\/tr\/wp-json\/wp\/v2\/product_brand?post=322997"},{"taxonomy":"product_cat","embeddable":true,"href":"https:\/\/www.purejewels.com\/tr\/wp-json\/wp\/v2\/product_cat?post=322997"},{"taxonomy":"product_tag","embeddable":true,"href":"https:\/\/www.purejewels.com\/tr\/wp-json\/wp\/v2\/product_tag?post=322997"}],"curies":[{"name":"wp","href":"https:\/\/api.w.org\/{rel}","templated":true}]}}