{"id":323336,"date":"2021-05-03T08:57:24","date_gmt":"2021-05-03T07:57:24","guid":{"rendered":"https:\/\/www.purejewels.com\/?post_type=product&#038;p=323336"},"modified":"2026-01-06T09:44:28","modified_gmt":"2026-01-06T09:44:28","slug":"22-ayar-altin-kadin-dokuma-bileklik","status":"publish","type":"product","link":"https:\/\/www.purejewels.com\/tr\/product\/22ct-gold-women-woven-bracelet\/","title":{"rendered":"22 Ayar Alt\u0131n Orta Dar B\u00fck\u00fcml\u00fc Zincir Bayan Bileklik"},"content":{"rendered":"<p data-start=\"534\" data-end=\"923\"><strong data-start=\"534\" data-end=\"552\">Tasar\u0131m Konsepti<\/strong><\/p>\n<p data-start=\"534\" data-end=\"923\">Tasar\u0131m, g\u00fcc\u00fcn birbirine ba\u011flanmada bulundu\u011fu dokuma sanat\u0131ndan ilham al\u0131yor. Bu burgulu zincir bileklik, dokunsal ve heykelsi bir etki yaratarak ak\u0131c\u0131 bir \u015fekilde spiral \u00e7izen i\u00e7 i\u00e7e ge\u00e7mi\u015f alt\u0131n tellere sahiptir. Orta darl\u0131ktaki geni\u015fli\u011fi, g\u00fcnd\u00fcz ve gece kullan\u0131m\u0131na uygun rafine bir profil sunarken ince bir \u0131\u015f\u0131lt\u0131yla \u0131\u015f\u0131\u011f\u0131 her a\u00e7\u0131dan yakalar.<\/p>\n<p data-start=\"930\" data-end=\"1320\"><strong data-start=\"930\" data-end=\"947\">Zanaatkarl\u0131k<\/strong><\/p>\n<p data-start=\"930\" data-end=\"1320\">22 ayar sar\u0131 alt\u0131ndan el yap\u0131m\u0131 olarak \u00fcretilen ve \u00f6zg\u00fcnl\u00fck damgas\u0131 ta\u015f\u0131yan bilezi\u011fin her bir teli p\u00fcr\u00fczs\u00fcz ve rahat bir his yaratmak i\u00e7in ince bir \u015fekilde b\u00fck\u00fclm\u00fc\u015f ve tamamlanm\u0131\u015ft\u0131r. \u0130\u00e7 i\u00e7e ge\u00e7mi\u015f tasar\u0131m hafif ancak sa\u011flamd\u0131r, g\u00fcvenilir bir \u0131stakoz toka ve ek g\u00fcvenlik halkas\u0131 ile sabitlenmi\u015ftir. Her ayr\u0131nt\u0131 PureJewels'in rafine alt\u0131n i\u015f\u00e7ili\u011fine ve zaman\u0131n \u00f6tesine ge\u00e7en tekni\u011fine olan ba\u011fl\u0131l\u0131\u011f\u0131n\u0131 yans\u0131tmaktad\u0131r.<\/p>\n<p data-start=\"1327\" data-end=\"1648\"><strong data-start=\"1327\" data-end=\"1344\">Stil Fikirleri<\/strong><\/p>\n<p data-start=\"1327\" data-end=\"1648\">Tek ba\u015f\u0131na tak\u0131labilecek kadar zarif, bileklikler veya ince man\u015fetlerle katman olu\u015fturabilecek kadar narin olan bu bileklik, ruh halinize ve an\u0131n\u0131za uyum sa\u011flar. Net i\u015f k\u0131yafetleri, yumu\u015fak ipekler veya pamuklu bir kurta ile bir tutam alt\u0131n sofistikelik i\u00e7in stilize edin. Ayn\u0131 zamanda birlik, g\u00fc\u00e7 ve zarafeti simgeleyen d\u00fc\u015f\u00fcnceli bir hediyedir.<\/p>","protected":false},"excerpt":{"rendered":"<ul>\n<li>22ct Bayan Burgulu Bileklik<\/li>\n<li>Uzunluk 6,75 \u0130n\u00e7<\/li>\n<li>A\u011f\u0131rl\u0131k 3,9 gms<\/li>\n<li>SKU 32959<\/li>\n<li>T\u00fcm fiyatlara KDV dahildir<\/li>\n<li>T\u00fcm \u00fcr\u00fcnlerimiz Londra Assay ofisi taraf\u0131ndan damgalanm\u0131\u015ft\u0131r<\/li>\n<li>Sunum kutusu ile birlikte gelir<\/li>\n<li>Teslimat Dahil<\/li>\n<li>Hint alt\u0131n\u0131 Bayan Bileklik Uk \u00fcr\u00fcn\u00fcn\u00fcn stok durumu ve daha fazla g\u00f6rsel i\u00e7in bizimle canl\u0131 sohbet edin<\/li>\n<\/ul>","protected":false},"featured_media":316967,"comment_status":"closed","ping_status":"closed","template":"","meta":{"_eb_attr":"","_crsspst_to_jayantr4sg-hostcom":false},"product_brand":[],"product_cat":[1791,1559,1793,1627,1575,1574],"product_tag":[],"class_list":{"0":"post-323336","1":"product","2":"type-product","3":"status-publish","4":"has-post-thumbnail","6":"product_cat-anniversary-gifts","7":"product_cat-birthday-gifts","8":"product_cat-diwali-gifts","9":"product_cat-ladies-bracelet","10":"product_cat-teenage-jewellery","11":"product_cat-womens-jewellery","13":"first","14":"outofstock","15":"taxable","16":"shipping-taxable","17":"product-type-variable","18":"add-to-wishlist-before_image"},"yoast_head":"<!-- This site is optimized with the Yoast SEO plugin v27.5 - https:\/\/yoast.com\/product\/yoast-seo-wordpress\/ -->\n<title>Twisted Chain Bracelet in real 22ct Gold for Women<\/title>\n<meta name=\"description\" content=\"This beautiful twisted bracelet is made from 22ct gold and is perfect for gifting. Order online for 2-3 days free delivery within the UK.\" \/>\n<meta name=\"robots\" content=\"index, follow, max-snippet:-1, max-image-preview:large, max-video-preview:-1\" \/>\n<link rel=\"canonical\" href=\"https:\/\/www.purejewels.com\/tr\/urun\/22-ayar-altin-kadin-dokuma-bileklik\/\" \/>\n<meta property=\"og:locale\" content=\"tr_TR\" \/>\n<meta property=\"og:type\" content=\"article\" \/>\n<meta property=\"og:title\" content=\"Twisted Chain Bracelet in real 22ct Gold for Women\" \/>\n<meta property=\"og:description\" content=\"This beautiful twisted bracelet is made from 22ct gold and is perfect for gifting. Order online for 2-3 days free delivery within the UK.\" \/>\n<meta property=\"og:url\" content=\"https:\/\/www.purejewels.com\/tr\/urun\/22-ayar-altin-kadin-dokuma-bileklik\/\" \/>\n<meta property=\"og:site_name\" content=\"PureJewels UK\" \/>\n<meta property=\"article:modified_time\" content=\"2026-01-06T09:44:28+00:00\" \/>\n<meta property=\"og:image\" content=\"https:\/\/www.purejewels.com\/wp-content\/uploads\/2020\/08\/image183463267.jpg\" \/>\n\t<meta property=\"og:image:width\" content=\"1000\" \/>\n\t<meta property=\"og:image:height\" content=\"1000\" \/>\n\t<meta property=\"og:image:type\" content=\"image\/jpeg\" \/>\n<meta name=\"twitter:card\" content=\"summary_large_image\" \/>\n<meta name=\"twitter:label1\" content=\"Tahmini okuma s\u00fcresi\" \/>\n\t<meta name=\"twitter:data1\" content=\"1 dakika\" \/>\n<script type=\"application\/ld+json\" class=\"yoast-schema-graph\">{\"@context\":\"https:\\\/\\\/schema.org\",\"@graph\":[{\"@type\":[\"WebPage\",\"ItemPage\"],\"@id\":\"https:\\\/\\\/www.purejewels.com\\\/product\\\/22ct-gold-women-woven-bracelet\\\/\",\"url\":\"https:\\\/\\\/www.purejewels.com\\\/product\\\/22ct-gold-women-woven-bracelet\\\/\",\"name\":\"Twisted Chain Bracelet in real 22ct Gold for Women\",\"isPartOf\":{\"@id\":\"https:\\\/\\\/www.purejewels.com\\\/#website\"},\"primaryImageOfPage\":{\"@id\":\"https:\\\/\\\/www.purejewels.com\\\/product\\\/22ct-gold-women-woven-bracelet\\\/#primaryimage\"},\"image\":{\"@id\":\"https:\\\/\\\/www.purejewels.com\\\/product\\\/22ct-gold-women-woven-bracelet\\\/#primaryimage\"},\"thumbnailUrl\":\"https:\\\/\\\/static.purejewels.com\\\/wp-content\\\/uploads\\\/2020\\\/08\\\/image183463267.jpg\",\"datePublished\":\"2021-05-03T07:57:24+00:00\",\"dateModified\":\"2026-01-06T09:44:28+00:00\",\"description\":\"This beautiful twisted bracelet is made from 22ct gold and is perfect for gifting. Order online for 2-3 days free delivery within the UK.\",\"breadcrumb\":{\"@id\":\"https:\\\/\\\/www.purejewels.com\\\/product\\\/22ct-gold-women-woven-bracelet\\\/#breadcrumb\"},\"inLanguage\":\"tr\",\"potentialAction\":[{\"@type\":\"ReadAction\",\"target\":[\"https:\\\/\\\/www.purejewels.com\\\/product\\\/22ct-gold-women-woven-bracelet\\\/\"]}]},{\"@type\":\"ImageObject\",\"inLanguage\":\"tr\",\"@id\":\"https:\\\/\\\/www.purejewels.com\\\/product\\\/22ct-gold-women-woven-bracelet\\\/#primaryimage\",\"url\":\"https:\\\/\\\/static.purejewels.com\\\/wp-content\\\/uploads\\\/2020\\\/08\\\/image183463267.jpg\",\"contentUrl\":\"https:\\\/\\\/static.purejewels.com\\\/wp-content\\\/uploads\\\/2020\\\/08\\\/image183463267.jpg\",\"width\":1000,\"height\":1000,\"caption\":\"22ct Gold Medium Narrow Twisted Chain Ladies Bracelet YGBR013\"},{\"@type\":\"BreadcrumbList\",\"@id\":\"https:\\\/\\\/www.purejewels.com\\\/product\\\/22ct-gold-women-woven-bracelet\\\/#breadcrumb\",\"itemListElement\":[{\"@type\":\"ListItem\",\"position\":1,\"name\":\"Home\",\"item\":\"https:\\\/\\\/www.purejewels.com\\\/\"},{\"@type\":\"ListItem\",\"position\":2,\"name\":\"Shop\",\"item\":\"https:\\\/\\\/www.purejewels.com\\\/shop\\\/\"},{\"@type\":\"ListItem\",\"position\":3,\"name\":\"22ct Gold Medium Narrow Twisted Chain Ladies Bracelet\"}]},{\"@type\":\"WebSite\",\"@id\":\"https:\\\/\\\/www.purejewels.com\\\/#website\",\"url\":\"https:\\\/\\\/www.purejewels.com\\\/\",\"name\":\"PureJewels UK\",\"description\":\"Share the Love\",\"publisher\":{\"@id\":\"https:\\\/\\\/www.purejewels.com\\\/#organization\"},\"potentialAction\":[{\"@type\":\"SearchAction\",\"target\":{\"@type\":\"EntryPoint\",\"urlTemplate\":\"https:\\\/\\\/www.purejewels.com\\\/?s={search_term_string}\"},\"query-input\":{\"@type\":\"PropertyValueSpecification\",\"valueRequired\":true,\"valueName\":\"search_term_string\"}}],\"inLanguage\":\"tr\"},{\"@type\":\"Organization\",\"@id\":\"https:\\\/\\\/www.purejewels.com\\\/#organization\",\"name\":\"PureJewels UK\",\"url\":\"https:\\\/\\\/www.purejewels.com\\\/\",\"logo\":{\"@type\":\"ImageObject\",\"inLanguage\":\"tr\",\"@id\":\"https:\\\/\\\/www.purejewels.com\\\/#\\\/schema\\\/logo\\\/image\\\/\",\"url\":\"https:\\\/\\\/static.purejewels.com\\\/wp-content\\\/uploads\\\/2020\\\/11\\\/Logo-PJ-New-1.png\",\"contentUrl\":\"https:\\\/\\\/static.purejewels.com\\\/wp-content\\\/uploads\\\/2020\\\/11\\\/Logo-PJ-New-1.png\",\"width\":150,\"height\":80,\"caption\":\"PureJewels UK\"},\"image\":{\"@id\":\"https:\\\/\\\/www.purejewels.com\\\/#\\\/schema\\\/logo\\\/image\\\/\"}}]}<\/script>\n<!-- \/ Yoast SEO plugin. -->","yoast_head_json":{"title":"Kad\u0131nlar i\u00e7in Ger\u00e7ek 22 Ayar Alt\u0131ndan Burgulu Zincir Bileklik","description":"Bu g\u00fczel burgulu bileklik 22 ayar alt\u0131ndan yap\u0131lm\u0131\u015ft\u0131r ve hediye etmek i\u00e7in m\u00fckemmeldir. \u0130ngiltere i\u00e7inde 2-3 g\u00fcnde \u00fccretsiz teslimat i\u00e7in online sipari\u015f verin.","robots":{"index":"index","follow":"follow","max-snippet":"max-snippet:-1","max-image-preview":"max-image-preview:large","max-video-preview":"max-video-preview:-1"},"canonical":"https:\/\/www.purejewels.com\/tr\/urun\/22-ayar-altin-kadin-dokuma-bileklik\/","og_locale":"tr_TR","og_type":"article","og_title":"Twisted Chain Bracelet in real 22ct Gold for Women","og_description":"This beautiful twisted bracelet is made from 22ct gold and is perfect for gifting. Order online for 2-3 days free delivery within the UK.","og_url":"https:\/\/www.purejewels.com\/tr\/urun\/22-ayar-altin-kadin-dokuma-bileklik\/","og_site_name":"PureJewels UK","article_modified_time":"2026-01-06T09:44:28+00:00","og_image":[{"width":1000,"height":1000,"url":"https:\/\/www.purejewels.com\/wp-content\/uploads\/2020\/08\/image183463267.jpg","type":"image\/jpeg"}],"twitter_card":"summary_large_image","twitter_misc":{"Tahmini okuma s\u00fcresi":"1 dakika"},"schema":{"@context":"https:\/\/schema.org","@graph":[{"@type":["WebPage","ItemPage"],"@id":"https:\/\/www.purejewels.com\/product\/22ct-gold-women-woven-bracelet\/","url":"https:\/\/www.purejewels.com\/product\/22ct-gold-women-woven-bracelet\/","name":"Kad\u0131nlar i\u00e7in Ger\u00e7ek 22 Ayar Alt\u0131ndan Burgulu Zincir Bileklik","isPartOf":{"@id":"https:\/\/www.purejewels.com\/#website"},"primaryImageOfPage":{"@id":"https:\/\/www.purejewels.com\/product\/22ct-gold-women-woven-bracelet\/#primaryimage"},"image":{"@id":"https:\/\/www.purejewels.com\/product\/22ct-gold-women-woven-bracelet\/#primaryimage"},"thumbnailUrl":"https:\/\/static.purejewels.com\/wp-content\/uploads\/2020\/08\/image183463267.jpg","datePublished":"2021-05-03T07:57:24+00:00","dateModified":"2026-01-06T09:44:28+00:00","description":"Bu g\u00fczel burgulu bileklik 22 ayar alt\u0131ndan yap\u0131lm\u0131\u015ft\u0131r ve hediye etmek i\u00e7in m\u00fckemmeldir. \u0130ngiltere i\u00e7inde 2-3 g\u00fcnde \u00fccretsiz teslimat i\u00e7in online sipari\u015f verin.","breadcrumb":{"@id":"https:\/\/www.purejewels.com\/product\/22ct-gold-women-woven-bracelet\/#breadcrumb"},"inLanguage":"tr","potentialAction":[{"@type":"ReadAction","target":["https:\/\/www.purejewels.com\/product\/22ct-gold-women-woven-bracelet\/"]}]},{"@type":"ImageObject","inLanguage":"tr","@id":"https:\/\/www.purejewels.com\/product\/22ct-gold-women-woven-bracelet\/#primaryimage","url":"https:\/\/static.purejewels.com\/wp-content\/uploads\/2020\/08\/image183463267.jpg","contentUrl":"https:\/\/static.purejewels.com\/wp-content\/uploads\/2020\/08\/image183463267.jpg","width":1000,"height":1000,"caption":"22ct Gold Medium Narrow Twisted Chain Ladies Bracelet YGBR013"},{"@type":"BreadcrumbList","@id":"https:\/\/www.purejewels.com\/product\/22ct-gold-women-woven-bracelet\/#breadcrumb","itemListElement":[{"@type":"ListItem","position":1,"name":"Home","item":"https:\/\/www.purejewels.com\/"},{"@type":"ListItem","position":2,"name":"Shop","item":"https:\/\/www.purejewels.com\/shop\/"},{"@type":"ListItem","position":3,"name":"22ct Gold Medium Narrow Twisted Chain Ladies Bracelet"}]},{"@type":"WebSite","@id":"https:\/\/www.purejewels.com\/#website","url":"https:\/\/www.purejewels.com\/","name":"PureJewels \u0130ngiltere","description":"Sevgiyi Payla\u015f\u0131n","publisher":{"@id":"https:\/\/www.purejewels.com\/#organization"},"potentialAction":[{"@type":"SearchAction","target":{"@type":"EntryPoint","urlTemplate":"https:\/\/www.purejewels.com\/?s={search_term_string}"},"query-input":{"@type":"PropertyValueSpecification","valueRequired":true,"valueName":"search_term_string"}}],"inLanguage":"tr"},{"@type":"Organization","@id":"https:\/\/www.purejewels.com\/#organization","name":"PureJewels \u0130ngiltere","url":"https:\/\/www.purejewels.com\/","logo":{"@type":"ImageObject","inLanguage":"tr","@id":"https:\/\/www.purejewels.com\/#\/schema\/logo\/image\/","url":"https:\/\/static.purejewels.com\/wp-content\/uploads\/2020\/11\/Logo-PJ-New-1.png","contentUrl":"https:\/\/static.purejewels.com\/wp-content\/uploads\/2020\/11\/Logo-PJ-New-1.png","width":150,"height":80,"caption":"PureJewels UK"},"image":{"@id":"https:\/\/www.purejewels.com\/#\/schema\/logo\/image\/"}}]}},"_links":{"self":[{"href":"https:\/\/www.purejewels.com\/tr\/wp-json\/wp\/v2\/product\/323336","targetHints":{"allow":["GET"]}}],"collection":[{"href":"https:\/\/www.purejewels.com\/tr\/wp-json\/wp\/v2\/product"}],"about":[{"href":"https:\/\/www.purejewels.com\/tr\/wp-json\/wp\/v2\/types\/product"}],"replies":[{"embeddable":true,"href":"https:\/\/www.purejewels.com\/tr\/wp-json\/wp\/v2\/comments?post=323336"}],"version-history":[{"count":3,"href":"https:\/\/www.purejewels.com\/tr\/wp-json\/wp\/v2\/product\/323336\/revisions"}],"predecessor-version":[{"id":418233,"href":"https:\/\/www.purejewels.com\/tr\/wp-json\/wp\/v2\/product\/323336\/revisions\/418233"}],"wp:featuredmedia":[{"embeddable":true,"href":"https:\/\/www.purejewels.com\/tr\/wp-json\/wp\/v2\/media\/316967"}],"wp:attachment":[{"href":"https:\/\/www.purejewels.com\/tr\/wp-json\/wp\/v2\/media?parent=323336"}],"wp:term":[{"taxonomy":"product_brand","embeddable":true,"href":"https:\/\/www.purejewels.com\/tr\/wp-json\/wp\/v2\/product_brand?post=323336"},{"taxonomy":"product_cat","embeddable":true,"href":"https:\/\/www.purejewels.com\/tr\/wp-json\/wp\/v2\/product_cat?post=323336"},{"taxonomy":"product_tag","embeddable":true,"href":"https:\/\/www.purejewels.com\/tr\/wp-json\/wp\/v2\/product_tag?post=323336"}],"curies":[{"name":"wp","href":"https:\/\/api.w.org\/{rel}","templated":true}]}}