{"id":323340,"date":"2021-05-03T11:40:03","date_gmt":"2021-05-03T10:40:03","guid":{"rendered":"https:\/\/www.purejewels.com\/?post_type=product&#038;p=323340"},"modified":"2026-01-31T14:54:02","modified_gmt":"2026-01-31T14:54:02","slug":"22-ayar-altin-bayan-cz-yuzuk-33546","status":"publish","type":"product","link":"https:\/\/www.purejewels.com\/tr\/product\/22ct-gold-ladies-cz-ring-33546\/","title":{"rendered":"22 Ayar Alt\u0131n Bayan CZ Y\u00fcz\u00fck J Beden"},"content":{"rendered":"<p>S\u0131cak Sar\u0131 Alt\u0131ndan zarif bir \u015fekilde haz\u0131rlanm\u0131\u015f 22 Ayar Alt\u0131n Bayan CZ Y\u00fcz\u00fc\u011f\u00fcm\u00fczle rafine zarafeti ke\u015ffedin. Elmas gibi \u0131\u015f\u0131ldayan beyaz k\u00fcbik zirkona sahiptir. G\u00fcnl\u00fck l\u00fcks veya \u00f6zel g\u00fcnler i\u00e7in ideal olan bu y\u00fcz\u00fck, geleneksel i\u015f\u00e7ili\u011fi modern tasar\u0131mla harmanl\u0131yor. Birinci s\u0131n\u0131f 22 ayar alt\u0131ndan \u00fcretilen y\u00fcz\u00fck, hem dayan\u0131kl\u0131 hem de g\u00f6z kama\u015ft\u0131r\u0131c\u0131d\u0131r - hediye etmek veya kendinizi s\u00fcslemek i\u00e7in m\u00fckemmel bir se\u00e7imdir. P\u0131rlanta y\u00fcz\u00fcklere parlak bir alternatif ve zahmetsiz sofistikeli\u011fin sembol\u00fc olan bu \u00e7arp\u0131c\u0131 CZ tekta\u015f y\u00fcz\u00fckle m\u00fccevher koleksiyonunuzu y\u00fckseltin.<\/p>\n<ul>\n<li>A\u011f\u0131rl\u0131k 1,4 gms<\/li>\n<li>SKU. 33546<\/li>\n<\/ul>","protected":false},"excerpt":{"rendered":"<p>Parlak beyaz k\u00fcbik zirkon ta\u015fl\u0131, 22 ayar sar\u0131 alt\u0131ndan \u00e7arp\u0131c\u0131 bir bayan y\u00fcz\u00fc\u011f\u00fc.<br data-start=\"1046\" data-end=\"1049\" \/>G\u00fcnl\u00fck \u015f\u0131kl\u0131k veya \u00f6zel kutlamalar i\u00e7in m\u00fckemmel - modern l\u00fcks\u00fcn \u0131\u015f\u0131lt\u0131l\u0131 bir sembol\u00fc.<\/p>\n<ul>\n<li>22ct\u00a0<span id=\"urn:enhancement-f69766c1\" class=\"textannotation\">Alt\u0131n<\/span>\u00a0Y\u00fcz\u00fck<\/li>\n<li>ile\u00a0<span id=\"urn:enhancement-ef0fa8f8\" class=\"textannotation\">K\u00fcbik zirkonya<\/span> ta\u015f<\/li>\n<li>A\u011f\u0131rl\u0131k 1,4 gms<\/li>\n<li>Y\u00fcz\u00fck \u00f6l\u00e7\u00fcs\u00fc. J<\/li>\n<li><span id=\"urn:enhancement-b80a25bb\" class=\"textannotation\">SKU<\/span>. 33546<\/li>\n<li>Olabilir\u00a0<span id=\"urn:enhancement-c1b7fb96\" class=\"textannotation\">sipari\u015f \u00fczerine<\/span>\u00a0parmak \u00f6l\u00e7\u00fcn\u00fcze g\u00f6re<\/li>\n<li>B\u00fct\u00fcn\u00a0<span id=\"urn:enhancement-48edcf47\" class=\"textannotation\">\u00fcr\u00fcnler<\/span>\u00a0Londra taraf\u0131ndan damgalanm\u0131\u015ft\u0131r\u00a0<span id=\"urn:enhancement-452a3ce\" class=\"textannotation\">Tahlil Ofisi<\/span><\/li>\n<li>Sunum ile Birlikte Gelir\u00a0<span id=\"urn:enhancement-ac5abee4\" class=\"textannotation\">Kutu<\/span><\/li>\n<li>Teslimat Dahil<\/li>\n<li>T\u00fcm fiyatlara KDV dahildir<\/li>\n<li>Benzer Asya d\u00fc\u011f\u00fcnlerini ke\u015ffetmek i\u00e7in bize ula\u015f\u0131n\u00a0<span id=\"urn:enhancement-1162a1de\" class=\"textannotation\">halkalar<\/span><\/li>\n<\/ul>","protected":false},"featured_media":319592,"comment_status":"closed","ping_status":"closed","template":"","meta":{"_eb_attr":"","_crsspst_to_jayantr4sg-hostcom":true},"product_brand":[],"product_cat":[1791,1559,1785,1229,1235,5343,1783,5338,6042,1574,5349],"product_tag":[],"class_list":{"0":"post-323340","1":"product","2":"type-product","3":"status-publish","4":"has-post-thumbnail","6":"product_cat-anniversary-gifts","7":"product_cat-birthday-gifts","8":"product_cat-daily-wear-rings","9":"product_cat-22ct-gold-jewellery","10":"product_cat-gold-rings","11":"product_cat-jewellery-under-550","12":"product_cat-ladies-rings","13":"product_cat-shop-by-price","14":"product_cat-solitaire-ring","15":"product_cat-womens-jewellery","16":"product_cat-yellow-gold-jewellery","18":"first","19":"outofstock","20":"taxable","21":"shipping-taxable","22":"product-type-simple","23":"add-to-wishlist-before_image"},"yoast_head":"<!-- This site is optimized with the Yoast SEO plugin v27.5 - https:\/\/yoast.com\/product\/yoast-seo-wordpress\/ -->\n<title>22ct Gold Ladies CZ Ring \u2013 Size J | PureJewels<\/title>\n<meta name=\"description\" content=\"Dazzle with timeless elegance in our 22ct Gold Ladies CZ Ring, size J. Crafted in London, this cubic zirconia gold ring blends radiant sparkle with luxurious heritage.\" \/>\n<meta name=\"robots\" content=\"index, follow, max-snippet:-1, max-image-preview:large, max-video-preview:-1\" \/>\n<link rel=\"canonical\" href=\"https:\/\/www.purejewels.com\/tr\/urun\/22-ayar-altin-bayan-cz-yuzuk-33546\/\" \/>\n<meta property=\"og:locale\" content=\"tr_TR\" \/>\n<meta property=\"og:type\" content=\"article\" \/>\n<meta property=\"og:title\" content=\"22ct Gold Ladies CZ Ring \u2013 Size J | PureJewels\" \/>\n<meta property=\"og:description\" content=\"Dazzle with timeless elegance in our 22ct Gold Ladies CZ Ring, size J. Crafted in London, this cubic zirconia gold ring blends radiant sparkle with luxurious heritage.\" \/>\n<meta property=\"og:url\" content=\"https:\/\/www.purejewels.com\/tr\/urun\/22-ayar-altin-bayan-cz-yuzuk-33546\/\" \/>\n<meta property=\"og:site_name\" content=\"PureJewels UK\" \/>\n<meta property=\"article:modified_time\" content=\"2026-01-31T14:54:02+00:00\" \/>\n<meta property=\"og:image\" content=\"https:\/\/static.purejewels.com\/wp-content\/uploads\/2020\/12\/33546-01.jpg\" \/>\n\t<meta property=\"og:image:width\" content=\"1000\" \/>\n\t<meta property=\"og:image:height\" content=\"1000\" \/>\n\t<meta property=\"og:image:type\" content=\"image\/jpeg\" \/>\n<meta name=\"twitter:card\" content=\"summary_large_image\" \/>\n<meta name=\"twitter:label1\" content=\"Tahmini okuma s\u00fcresi\" \/>\n\t<meta name=\"twitter:data1\" content=\"1 dakika\" \/>\n<script type=\"application\/ld+json\" class=\"yoast-schema-graph\">{\"@context\":\"https:\\\/\\\/schema.org\",\"@graph\":[{\"@type\":[\"WebPage\",\"ItemPage\"],\"@id\":\"https:\\\/\\\/www.purejewels.com\\\/product\\\/22ct-gold-ladies-cz-ring-33546\\\/\",\"url\":\"https:\\\/\\\/www.purejewels.com\\\/product\\\/22ct-gold-ladies-cz-ring-33546\\\/\",\"name\":\"22ct Gold Ladies CZ Ring \u2013 Size J | PureJewels\",\"isPartOf\":{\"@id\":\"https:\\\/\\\/www.purejewels.com\\\/#website\"},\"primaryImageOfPage\":{\"@id\":\"https:\\\/\\\/www.purejewels.com\\\/product\\\/22ct-gold-ladies-cz-ring-33546\\\/#primaryimage\"},\"image\":{\"@id\":\"https:\\\/\\\/www.purejewels.com\\\/product\\\/22ct-gold-ladies-cz-ring-33546\\\/#primaryimage\"},\"thumbnailUrl\":\"https:\\\/\\\/static.purejewels.com\\\/wp-content\\\/uploads\\\/2020\\\/12\\\/33546-01.jpg\",\"datePublished\":\"2021-05-03T10:40:03+00:00\",\"dateModified\":\"2026-01-31T14:54:02+00:00\",\"description\":\"Dazzle with timeless elegance in our 22ct Gold Ladies CZ Ring, size J. Crafted in London, this cubic zirconia gold ring blends radiant sparkle with luxurious heritage.\",\"breadcrumb\":{\"@id\":\"https:\\\/\\\/www.purejewels.com\\\/product\\\/22ct-gold-ladies-cz-ring-33546\\\/#breadcrumb\"},\"inLanguage\":\"tr\",\"potentialAction\":[{\"@type\":\"ReadAction\",\"target\":[\"https:\\\/\\\/www.purejewels.com\\\/product\\\/22ct-gold-ladies-cz-ring-33546\\\/\"]}]},{\"@type\":\"ImageObject\",\"inLanguage\":\"tr\",\"@id\":\"https:\\\/\\\/www.purejewels.com\\\/product\\\/22ct-gold-ladies-cz-ring-33546\\\/#primaryimage\",\"url\":\"https:\\\/\\\/static.purejewels.com\\\/wp-content\\\/uploads\\\/2020\\\/12\\\/33546-01.jpg\",\"contentUrl\":\"https:\\\/\\\/static.purejewels.com\\\/wp-content\\\/uploads\\\/2020\\\/12\\\/33546-01.jpg\",\"width\":1000,\"height\":1000,\"caption\":\"22ct Gold Ring 33546-01\"},{\"@type\":\"BreadcrumbList\",\"@id\":\"https:\\\/\\\/www.purejewels.com\\\/product\\\/22ct-gold-ladies-cz-ring-33546\\\/#breadcrumb\",\"itemListElement\":[{\"@type\":\"ListItem\",\"position\":1,\"name\":\"Home\",\"item\":\"https:\\\/\\\/www.purejewels.com\\\/\"},{\"@type\":\"ListItem\",\"position\":2,\"name\":\"Shop\",\"item\":\"https:\\\/\\\/www.purejewels.com\\\/shop\\\/\"},{\"@type\":\"ListItem\",\"position\":3,\"name\":\"22ct Gold Ladies CZ Ring Size J\"}]},{\"@type\":\"WebSite\",\"@id\":\"https:\\\/\\\/www.purejewels.com\\\/#website\",\"url\":\"https:\\\/\\\/www.purejewels.com\\\/\",\"name\":\"PureJewels UK\",\"description\":\"Share the Love\",\"publisher\":{\"@id\":\"https:\\\/\\\/www.purejewels.com\\\/#organization\"},\"potentialAction\":[{\"@type\":\"SearchAction\",\"target\":{\"@type\":\"EntryPoint\",\"urlTemplate\":\"https:\\\/\\\/www.purejewels.com\\\/?s={search_term_string}\"},\"query-input\":{\"@type\":\"PropertyValueSpecification\",\"valueRequired\":true,\"valueName\":\"search_term_string\"}}],\"inLanguage\":\"tr\"},{\"@type\":\"Organization\",\"@id\":\"https:\\\/\\\/www.purejewels.com\\\/#organization\",\"name\":\"PureJewels UK\",\"url\":\"https:\\\/\\\/www.purejewels.com\\\/\",\"logo\":{\"@type\":\"ImageObject\",\"inLanguage\":\"tr\",\"@id\":\"https:\\\/\\\/www.purejewels.com\\\/#\\\/schema\\\/logo\\\/image\\\/\",\"url\":\"https:\\\/\\\/static.purejewels.com\\\/wp-content\\\/uploads\\\/2020\\\/11\\\/Logo-PJ-New-1.png\",\"contentUrl\":\"https:\\\/\\\/static.purejewels.com\\\/wp-content\\\/uploads\\\/2020\\\/11\\\/Logo-PJ-New-1.png\",\"width\":150,\"height\":80,\"caption\":\"PureJewels UK\"},\"image\":{\"@id\":\"https:\\\/\\\/www.purejewels.com\\\/#\\\/schema\\\/logo\\\/image\\\/\"}}]}<\/script>\n<!-- \/ Yoast SEO plugin. -->","yoast_head_json":{"title":"22 Ayar Alt\u0131n Bayan CZ Y\u00fcz\u00fck - J Beden | PureJewels","description":"J beden, 22 Ayar Alt\u0131n Bayan CZ Y\u00fcz\u00fc\u011f\u00fcm\u00fczle zamans\u0131z bir zarafetle g\u00f6z kama\u015ft\u0131r\u0131n. Londra'da \u00fcretilen bu k\u00fcbik zirkon alt\u0131n y\u00fcz\u00fck, \u0131\u015f\u0131lt\u0131l\u0131 par\u0131lt\u0131y\u0131 l\u00fcks mirasla harmanl\u0131yor.","robots":{"index":"index","follow":"follow","max-snippet":"max-snippet:-1","max-image-preview":"max-image-preview:large","max-video-preview":"max-video-preview:-1"},"canonical":"https:\/\/www.purejewels.com\/tr\/urun\/22-ayar-altin-bayan-cz-yuzuk-33546\/","og_locale":"tr_TR","og_type":"article","og_title":"22ct Gold Ladies CZ Ring \u2013 Size J | PureJewels","og_description":"Dazzle with timeless elegance in our 22ct Gold Ladies CZ Ring, size J. Crafted in London, this cubic zirconia gold ring blends radiant sparkle with luxurious heritage.","og_url":"https:\/\/www.purejewels.com\/tr\/urun\/22-ayar-altin-bayan-cz-yuzuk-33546\/","og_site_name":"PureJewels UK","article_modified_time":"2026-01-31T14:54:02+00:00","og_image":[{"width":1000,"height":1000,"url":"https:\/\/static.purejewels.com\/wp-content\/uploads\/2020\/12\/33546-01.jpg","type":"image\/jpeg"}],"twitter_card":"summary_large_image","twitter_misc":{"Tahmini okuma s\u00fcresi":"1 dakika"},"schema":{"@context":"https:\/\/schema.org","@graph":[{"@type":["WebPage","ItemPage"],"@id":"https:\/\/www.purejewels.com\/product\/22ct-gold-ladies-cz-ring-33546\/","url":"https:\/\/www.purejewels.com\/product\/22ct-gold-ladies-cz-ring-33546\/","name":"22 Ayar Alt\u0131n Bayan CZ Y\u00fcz\u00fck - J Beden | PureJewels","isPartOf":{"@id":"https:\/\/www.purejewels.com\/#website"},"primaryImageOfPage":{"@id":"https:\/\/www.purejewels.com\/product\/22ct-gold-ladies-cz-ring-33546\/#primaryimage"},"image":{"@id":"https:\/\/www.purejewels.com\/product\/22ct-gold-ladies-cz-ring-33546\/#primaryimage"},"thumbnailUrl":"https:\/\/static.purejewels.com\/wp-content\/uploads\/2020\/12\/33546-01.jpg","datePublished":"2021-05-03T10:40:03+00:00","dateModified":"2026-01-31T14:54:02+00:00","description":"J beden, 22 Ayar Alt\u0131n Bayan CZ Y\u00fcz\u00fc\u011f\u00fcm\u00fczle zamans\u0131z bir zarafetle g\u00f6z kama\u015ft\u0131r\u0131n. Londra'da \u00fcretilen bu k\u00fcbik zirkon alt\u0131n y\u00fcz\u00fck, \u0131\u015f\u0131lt\u0131l\u0131 par\u0131lt\u0131y\u0131 l\u00fcks mirasla harmanl\u0131yor.","breadcrumb":{"@id":"https:\/\/www.purejewels.com\/product\/22ct-gold-ladies-cz-ring-33546\/#breadcrumb"},"inLanguage":"tr","potentialAction":[{"@type":"ReadAction","target":["https:\/\/www.purejewels.com\/product\/22ct-gold-ladies-cz-ring-33546\/"]}]},{"@type":"ImageObject","inLanguage":"tr","@id":"https:\/\/www.purejewels.com\/product\/22ct-gold-ladies-cz-ring-33546\/#primaryimage","url":"https:\/\/static.purejewels.com\/wp-content\/uploads\/2020\/12\/33546-01.jpg","contentUrl":"https:\/\/static.purejewels.com\/wp-content\/uploads\/2020\/12\/33546-01.jpg","width":1000,"height":1000,"caption":"22ct Gold Ring 33546-01"},{"@type":"BreadcrumbList","@id":"https:\/\/www.purejewels.com\/product\/22ct-gold-ladies-cz-ring-33546\/#breadcrumb","itemListElement":[{"@type":"ListItem","position":1,"name":"Home","item":"https:\/\/www.purejewels.com\/"},{"@type":"ListItem","position":2,"name":"Shop","item":"https:\/\/www.purejewels.com\/shop\/"},{"@type":"ListItem","position":3,"name":"22ct Gold Ladies CZ Ring Size J"}]},{"@type":"WebSite","@id":"https:\/\/www.purejewels.com\/#website","url":"https:\/\/www.purejewels.com\/","name":"PureJewels \u0130ngiltere","description":"Sevgiyi Payla\u015f\u0131n","publisher":{"@id":"https:\/\/www.purejewels.com\/#organization"},"potentialAction":[{"@type":"SearchAction","target":{"@type":"EntryPoint","urlTemplate":"https:\/\/www.purejewels.com\/?s={search_term_string}"},"query-input":{"@type":"PropertyValueSpecification","valueRequired":true,"valueName":"search_term_string"}}],"inLanguage":"tr"},{"@type":"Organization","@id":"https:\/\/www.purejewels.com\/#organization","name":"PureJewels \u0130ngiltere","url":"https:\/\/www.purejewels.com\/","logo":{"@type":"ImageObject","inLanguage":"tr","@id":"https:\/\/www.purejewels.com\/#\/schema\/logo\/image\/","url":"https:\/\/static.purejewels.com\/wp-content\/uploads\/2020\/11\/Logo-PJ-New-1.png","contentUrl":"https:\/\/static.purejewels.com\/wp-content\/uploads\/2020\/11\/Logo-PJ-New-1.png","width":150,"height":80,"caption":"PureJewels UK"},"image":{"@id":"https:\/\/www.purejewels.com\/#\/schema\/logo\/image\/"}}]}},"_links":{"self":[{"href":"https:\/\/www.purejewels.com\/tr\/wp-json\/wp\/v2\/product\/323340","targetHints":{"allow":["GET"]}}],"collection":[{"href":"https:\/\/www.purejewels.com\/tr\/wp-json\/wp\/v2\/product"}],"about":[{"href":"https:\/\/www.purejewels.com\/tr\/wp-json\/wp\/v2\/types\/product"}],"replies":[{"embeddable":true,"href":"https:\/\/www.purejewels.com\/tr\/wp-json\/wp\/v2\/comments?post=323340"}],"version-history":[{"count":5,"href":"https:\/\/www.purejewels.com\/tr\/wp-json\/wp\/v2\/product\/323340\/revisions"}],"predecessor-version":[{"id":394929,"href":"https:\/\/www.purejewels.com\/tr\/wp-json\/wp\/v2\/product\/323340\/revisions\/394929"}],"wp:featuredmedia":[{"embeddable":true,"href":"https:\/\/www.purejewels.com\/tr\/wp-json\/wp\/v2\/media\/319592"}],"wp:attachment":[{"href":"https:\/\/www.purejewels.com\/tr\/wp-json\/wp\/v2\/media?parent=323340"}],"wp:term":[{"taxonomy":"product_brand","embeddable":true,"href":"https:\/\/www.purejewels.com\/tr\/wp-json\/wp\/v2\/product_brand?post=323340"},{"taxonomy":"product_cat","embeddable":true,"href":"https:\/\/www.purejewels.com\/tr\/wp-json\/wp\/v2\/product_cat?post=323340"},{"taxonomy":"product_tag","embeddable":true,"href":"https:\/\/www.purejewels.com\/tr\/wp-json\/wp\/v2\/product_tag?post=323340"}],"curies":[{"name":"wp","href":"https:\/\/api.w.org\/{rel}","templated":true}]}}