{"id":323341,"date":"2021-05-03T11:49:43","date_gmt":"2021-05-03T10:49:43","guid":{"rendered":"https:\/\/www.purejewels.com\/?post_type=product&#038;p=323341"},"modified":"2026-01-06T09:44:29","modified_gmt":"2026-01-06T09:44:29","slug":"22-ayar-altin-bayan-bileklik-33759","status":"publish","type":"product","link":"https:\/\/www.purejewels.com\/tr\/product\/22-carat-gold-ladies-bracelet-33759\/","title":{"rendered":"22 ayar alt\u0131n bayan bilezik | 6,5 in\u00e7 | Boncuk stili"},"content":{"rendered":"<p>Bu zarif 22 ayar alt\u0131n bayan bilezi\u011fi ile m\u00fccevher koleksiyonunuza zahmetsiz bir \u00e7ekicilik kat\u0131n. I\u015f\u0131\u011f\u0131 yakalamak i\u00e7in ince bir \u015fekilde \u015fekillendirilmi\u015f 2 mm'lik k\u00fc\u00e7\u00fck alt\u0131n boncuklarla tasarlanan bilezik, minimalist stili geleneksel zanaatkarl\u0131kla birle\u015ftiriyor.<\/p>\n<p>6,5 in\u00e7 uzunlu\u011fu, daha s\u0131k\u0131 bir oturu\u015f tercih edenler veya \u00f6zenle se\u00e7ilmi\u015f bilek tak\u0131lar\u0131 i\u00e7in katmanlama par\u00e7as\u0131 arayanlar i\u00e7in idealdir. G\u00fcvenli bir karides tokas\u0131 ile tamamlanan bu \u00fcr\u00fcn, hem rahatl\u0131k hem de \u015f\u0131kl\u0131k sa\u011flar.<\/p>\n<p>Hediye olarak veya ki\u015fisel bir hazine olarak tak\u0131ld\u0131\u011f\u0131nda, bu bileklik g\u00fcnl\u00fck kullan\u0131mdan kutlama anlar\u0131na kadar her duruma \u0131\u015f\u0131lt\u0131 katar.<\/p>","protected":false},"excerpt":{"rendered":"<p>6,5 in\u00e7lik zincir \u00fczerinde 2 mm alt\u0131n boncuklar bulunan zarif 22 ayar alt\u0131n bileklik \u2014 k\u00fc\u00e7\u00fck bilekler veya katmanl\u0131 bir g\u00f6r\u00fcn\u00fcm i\u00e7in m\u00fckemmeldir.<\/p>\n<ul>\n<li>22ct\u00a0<span id=\"urn:enhancement-6b5dda1b\" class=\"textannotation\">Alt\u0131n<\/span>\u00a0Bayan Bileklik<\/li>\n<li>A\u011f\u0131rl\u0131k 2,7 gms<\/li>\n<li>Sku 33759<\/li>\n<li>Boncuk kal\u0131nl\u0131\u011f\u0131 2mm<\/li>\n<li>Uzunluk 6,5 \u0130n\u00e7<\/li>\n<li>T\u00fcm fiyatlara KDV dahildir<\/li>\n<li>Hepsi 22\u00a0<span id=\"urn:enhancement-96f8acd8\" class=\"textannotation\">karat<\/span>\u00a0<span id=\"urn:enhancement-475c5677\" class=\"textannotation\">alt\u0131n<\/span>\u00a0bilezikler Londra damgal\u0131d\u0131r\u00a0<span id=\"urn:enhancement-50f6b5fe\" class=\"textannotation\">Tahlil Ofisi<\/span><\/li>\n<li>T\u00fcm\u00fc\u00a0<span id=\"urn:enhancement-a52000c\" class=\"textannotation\">Alt\u0131n<\/span>\u00a0Kad\u0131n Bilekli\u011fi Sunum Kutusuyla Birlikte Gelir<\/li>\n<li>Teslimat Dahil<\/li>\n<li>Uygunluk durumu ve daha fazla benzer g\u00f6rsel i\u00e7in bizimle canl\u0131 sohbet edin\u00a0<span id=\"urn:enhancement-bc77c438\" class=\"textannotation\">tasar\u0131mlar<\/span>\u00a0\u015fu anda\u00a0<span id=\"urn:enhancement-973deb93\" class=\"textannotation\">stok<\/span><\/li>\n<\/ul>","protected":false},"featured_media":319338,"comment_status":"closed","ping_status":"closed","template":"","meta":{"_eb_attr":"","_crsspst_to_jayantr4sg-hostcom":false},"product_brand":[],"product_cat":[1791,1794,3628,1324,1627,1575,1574],"product_tag":[],"class_list":{"0":"post-323341","1":"product","2":"type-product","3":"status-publish","4":"has-post-thumbnail","6":"product_cat-anniversary-gifts","7":"product_cat-christmas-gifts","8":"product_cat-glow-collections","9":"product_cat-gold-bracelet","10":"product_cat-ladies-bracelet","11":"product_cat-teenage-jewellery","12":"product_cat-womens-jewellery","14":"first","15":"outofstock","16":"taxable","17":"shipping-taxable","18":"product-type-simple","19":"add-to-wishlist-before_image"},"yoast_head":"<!-- This site is optimized with the Yoast SEO plugin v27.5 - https:\/\/yoast.com\/product\/yoast-seo-wordpress\/ -->\n<title>22ct Gold Ladies Bracelet \u2013 6.5&quot; with Bead Design | Pure Elegance<\/title>\n<meta name=\"description\" content=\"Explore timeless grace with this 22ct gold ladies bracelet featuring dainty 2mm gold beads. 6.5-inch length for a snug, refined fit.\" \/>\n<meta name=\"robots\" content=\"index, follow, max-snippet:-1, max-image-preview:large, max-video-preview:-1\" \/>\n<link rel=\"canonical\" href=\"https:\/\/www.purejewels.com\/tr\/urun\/22-ayar-altin-bayan-bileklik-33759\/\" \/>\n<meta property=\"og:locale\" content=\"tr_TR\" \/>\n<meta property=\"og:type\" content=\"article\" \/>\n<meta property=\"og:title\" content=\"22ct Gold Ladies Bracelet \u2013 6.5&quot; with Bead Design | Pure Elegance\" \/>\n<meta property=\"og:description\" content=\"Explore timeless grace with this 22ct gold ladies bracelet featuring dainty 2mm gold beads. 6.5-inch length for a snug, refined fit.\" \/>\n<meta property=\"og:url\" content=\"https:\/\/www.purejewels.com\/tr\/urun\/22-ayar-altin-bayan-bileklik-33759\/\" \/>\n<meta property=\"og:site_name\" content=\"PureJewels UK\" \/>\n<meta property=\"article:modified_time\" content=\"2026-01-06T09:44:29+00:00\" \/>\n<meta property=\"og:image\" content=\"https:\/\/static.purejewels.com\/wp-content\/uploads\/2020\/11\/33054-1.jpg\" \/>\n\t<meta property=\"og:image:width\" content=\"1000\" \/>\n\t<meta property=\"og:image:height\" content=\"1000\" \/>\n\t<meta property=\"og:image:type\" content=\"image\/jpeg\" \/>\n<meta name=\"twitter:card\" content=\"summary_large_image\" \/>\n<meta name=\"twitter:label1\" content=\"Tahmini okuma s\u00fcresi\" \/>\n\t<meta name=\"twitter:data1\" content=\"1 dakika\" \/>\n<script type=\"application\/ld+json\" class=\"yoast-schema-graph\">{\"@context\":\"https:\\\/\\\/schema.org\",\"@graph\":[{\"@type\":[\"WebPage\",\"ItemPage\"],\"@id\":\"https:\\\/\\\/www.purejewels.com\\\/product\\\/22-carat-gold-ladies-bracelet-33759\\\/\",\"url\":\"https:\\\/\\\/www.purejewels.com\\\/product\\\/22-carat-gold-ladies-bracelet-33759\\\/\",\"name\":\"22ct Gold Ladies Bracelet \u2013 6.5\\\" with Bead Design | Pure Elegance\",\"isPartOf\":{\"@id\":\"https:\\\/\\\/www.purejewels.com\\\/#website\"},\"primaryImageOfPage\":{\"@id\":\"https:\\\/\\\/www.purejewels.com\\\/product\\\/22-carat-gold-ladies-bracelet-33759\\\/#primaryimage\"},\"image\":{\"@id\":\"https:\\\/\\\/www.purejewels.com\\\/product\\\/22-carat-gold-ladies-bracelet-33759\\\/#primaryimage\"},\"thumbnailUrl\":\"https:\\\/\\\/static.purejewels.com\\\/wp-content\\\/uploads\\\/2020\\\/11\\\/33054-1.jpg\",\"datePublished\":\"2021-05-03T10:49:43+00:00\",\"dateModified\":\"2026-01-06T09:44:29+00:00\",\"description\":\"Explore timeless grace with this 22ct gold ladies bracelet featuring dainty 2mm gold beads. 6.5-inch length for a snug, refined fit.\",\"breadcrumb\":{\"@id\":\"https:\\\/\\\/www.purejewels.com\\\/product\\\/22-carat-gold-ladies-bracelet-33759\\\/#breadcrumb\"},\"inLanguage\":\"tr\",\"potentialAction\":[{\"@type\":\"ReadAction\",\"target\":[\"https:\\\/\\\/www.purejewels.com\\\/product\\\/22-carat-gold-ladies-bracelet-33759\\\/\"]}]},{\"@type\":\"ImageObject\",\"inLanguage\":\"tr\",\"@id\":\"https:\\\/\\\/www.purejewels.com\\\/product\\\/22-carat-gold-ladies-bracelet-33759\\\/#primaryimage\",\"url\":\"https:\\\/\\\/static.purejewels.com\\\/wp-content\\\/uploads\\\/2020\\\/11\\\/33054-1.jpg\",\"contentUrl\":\"https:\\\/\\\/static.purejewels.com\\\/wp-content\\\/uploads\\\/2020\\\/11\\\/33054-1.jpg\",\"width\":1000,\"height\":1000,\"caption\":\"22ct Gold Bracelet 33054-1\"},{\"@type\":\"BreadcrumbList\",\"@id\":\"https:\\\/\\\/www.purejewels.com\\\/product\\\/22-carat-gold-ladies-bracelet-33759\\\/#breadcrumb\",\"itemListElement\":[{\"@type\":\"ListItem\",\"position\":1,\"name\":\"Home\",\"item\":\"https:\\\/\\\/www.purejewels.com\\\/\"},{\"@type\":\"ListItem\",\"position\":2,\"name\":\"Shop\",\"item\":\"https:\\\/\\\/www.purejewels.com\\\/shop\\\/\"},{\"@type\":\"ListItem\",\"position\":3,\"name\":\"22ct Gold Ladies Bracelet | 6.5 Inch | Bead Style\"}]},{\"@type\":\"WebSite\",\"@id\":\"https:\\\/\\\/www.purejewels.com\\\/#website\",\"url\":\"https:\\\/\\\/www.purejewels.com\\\/\",\"name\":\"PureJewels UK\",\"description\":\"Share the Love\",\"publisher\":{\"@id\":\"https:\\\/\\\/www.purejewels.com\\\/#organization\"},\"potentialAction\":[{\"@type\":\"SearchAction\",\"target\":{\"@type\":\"EntryPoint\",\"urlTemplate\":\"https:\\\/\\\/www.purejewels.com\\\/?s={search_term_string}\"},\"query-input\":{\"@type\":\"PropertyValueSpecification\",\"valueRequired\":true,\"valueName\":\"search_term_string\"}}],\"inLanguage\":\"tr\"},{\"@type\":\"Organization\",\"@id\":\"https:\\\/\\\/www.purejewels.com\\\/#organization\",\"name\":\"PureJewels UK\",\"url\":\"https:\\\/\\\/www.purejewels.com\\\/\",\"logo\":{\"@type\":\"ImageObject\",\"inLanguage\":\"tr\",\"@id\":\"https:\\\/\\\/www.purejewels.com\\\/#\\\/schema\\\/logo\\\/image\\\/\",\"url\":\"https:\\\/\\\/static.purejewels.com\\\/wp-content\\\/uploads\\\/2020\\\/11\\\/Logo-PJ-New-1.png\",\"contentUrl\":\"https:\\\/\\\/static.purejewels.com\\\/wp-content\\\/uploads\\\/2020\\\/11\\\/Logo-PJ-New-1.png\",\"width\":150,\"height\":80,\"caption\":\"PureJewels UK\"},\"image\":{\"@id\":\"https:\\\/\\\/www.purejewels.com\\\/#\\\/schema\\\/logo\\\/image\\\/\"}}]}<\/script>\n<!-- \/ Yoast SEO plugin. -->","yoast_head_json":{"title":"22 ayar alt\u0131n bayan bilezik \u2013 6,5 in\u00e7, boncuk desenli | Saf zarafet","description":"22 ayar alt\u0131n ve zarif 2 mm alt\u0131n boncuklarla s\u00fcslenmi\u015f bu bayan bilezi\u011fi ile zamans\u0131z zarafeti ke\u015ffedin. 6,5 in\u00e7 uzunlu\u011fu ile rahat ve \u015f\u0131k bir kullan\u0131m sunar.","robots":{"index":"index","follow":"follow","max-snippet":"max-snippet:-1","max-image-preview":"max-image-preview:large","max-video-preview":"max-video-preview:-1"},"canonical":"https:\/\/www.purejewels.com\/tr\/urun\/22-ayar-altin-bayan-bileklik-33759\/","og_locale":"tr_TR","og_type":"article","og_title":"22ct Gold Ladies Bracelet \u2013 6.5\" with Bead Design | Pure Elegance","og_description":"Explore timeless grace with this 22ct gold ladies bracelet featuring dainty 2mm gold beads. 6.5-inch length for a snug, refined fit.","og_url":"https:\/\/www.purejewels.com\/tr\/urun\/22-ayar-altin-bayan-bileklik-33759\/","og_site_name":"PureJewels UK","article_modified_time":"2026-01-06T09:44:29+00:00","og_image":[{"width":1000,"height":1000,"url":"https:\/\/static.purejewels.com\/wp-content\/uploads\/2020\/11\/33054-1.jpg","type":"image\/jpeg"}],"twitter_card":"summary_large_image","twitter_misc":{"Tahmini okuma s\u00fcresi":"1 dakika"},"schema":{"@context":"https:\/\/schema.org","@graph":[{"@type":["WebPage","ItemPage"],"@id":"https:\/\/www.purejewels.com\/product\/22-carat-gold-ladies-bracelet-33759\/","url":"https:\/\/www.purejewels.com\/product\/22-carat-gold-ladies-bracelet-33759\/","name":"22 ayar alt\u0131n bayan bilezik \u2013 6,5 in\u00e7, boncuk desenli | Saf zarafet","isPartOf":{"@id":"https:\/\/www.purejewels.com\/#website"},"primaryImageOfPage":{"@id":"https:\/\/www.purejewels.com\/product\/22-carat-gold-ladies-bracelet-33759\/#primaryimage"},"image":{"@id":"https:\/\/www.purejewels.com\/product\/22-carat-gold-ladies-bracelet-33759\/#primaryimage"},"thumbnailUrl":"https:\/\/static.purejewels.com\/wp-content\/uploads\/2020\/11\/33054-1.jpg","datePublished":"2021-05-03T10:49:43+00:00","dateModified":"2026-01-06T09:44:29+00:00","description":"22 ayar alt\u0131n ve zarif 2 mm alt\u0131n boncuklarla s\u00fcslenmi\u015f bu bayan bilezi\u011fi ile zamans\u0131z zarafeti ke\u015ffedin. 6,5 in\u00e7 uzunlu\u011fu ile rahat ve \u015f\u0131k bir kullan\u0131m sunar.","breadcrumb":{"@id":"https:\/\/www.purejewels.com\/product\/22-carat-gold-ladies-bracelet-33759\/#breadcrumb"},"inLanguage":"tr","potentialAction":[{"@type":"ReadAction","target":["https:\/\/www.purejewels.com\/product\/22-carat-gold-ladies-bracelet-33759\/"]}]},{"@type":"ImageObject","inLanguage":"tr","@id":"https:\/\/www.purejewels.com\/product\/22-carat-gold-ladies-bracelet-33759\/#primaryimage","url":"https:\/\/static.purejewels.com\/wp-content\/uploads\/2020\/11\/33054-1.jpg","contentUrl":"https:\/\/static.purejewels.com\/wp-content\/uploads\/2020\/11\/33054-1.jpg","width":1000,"height":1000,"caption":"22ct Gold Bracelet 33054-1"},{"@type":"BreadcrumbList","@id":"https:\/\/www.purejewels.com\/product\/22-carat-gold-ladies-bracelet-33759\/#breadcrumb","itemListElement":[{"@type":"ListItem","position":1,"name":"Home","item":"https:\/\/www.purejewels.com\/"},{"@type":"ListItem","position":2,"name":"Shop","item":"https:\/\/www.purejewels.com\/shop\/"},{"@type":"ListItem","position":3,"name":"22ct Gold Ladies Bracelet | 6.5 Inch | Bead Style"}]},{"@type":"WebSite","@id":"https:\/\/www.purejewels.com\/#website","url":"https:\/\/www.purejewels.com\/","name":"PureJewels \u0130ngiltere","description":"Sevgiyi Payla\u015f\u0131n","publisher":{"@id":"https:\/\/www.purejewels.com\/#organization"},"potentialAction":[{"@type":"SearchAction","target":{"@type":"EntryPoint","urlTemplate":"https:\/\/www.purejewels.com\/?s={search_term_string}"},"query-input":{"@type":"PropertyValueSpecification","valueRequired":true,"valueName":"search_term_string"}}],"inLanguage":"tr"},{"@type":"Organization","@id":"https:\/\/www.purejewels.com\/#organization","name":"PureJewels \u0130ngiltere","url":"https:\/\/www.purejewels.com\/","logo":{"@type":"ImageObject","inLanguage":"tr","@id":"https:\/\/www.purejewels.com\/#\/schema\/logo\/image\/","url":"https:\/\/static.purejewels.com\/wp-content\/uploads\/2020\/11\/Logo-PJ-New-1.png","contentUrl":"https:\/\/static.purejewels.com\/wp-content\/uploads\/2020\/11\/Logo-PJ-New-1.png","width":150,"height":80,"caption":"PureJewels UK"},"image":{"@id":"https:\/\/www.purejewels.com\/#\/schema\/logo\/image\/"}}]}},"_links":{"self":[{"href":"https:\/\/www.purejewels.com\/tr\/wp-json\/wp\/v2\/product\/323341","targetHints":{"allow":["GET"]}}],"collection":[{"href":"https:\/\/www.purejewels.com\/tr\/wp-json\/wp\/v2\/product"}],"about":[{"href":"https:\/\/www.purejewels.com\/tr\/wp-json\/wp\/v2\/types\/product"}],"replies":[{"embeddable":true,"href":"https:\/\/www.purejewels.com\/tr\/wp-json\/wp\/v2\/comments?post=323341"}],"version-history":[{"count":2,"href":"https:\/\/www.purejewels.com\/tr\/wp-json\/wp\/v2\/product\/323341\/revisions"}],"predecessor-version":[{"id":423307,"href":"https:\/\/www.purejewels.com\/tr\/wp-json\/wp\/v2\/product\/323341\/revisions\/423307"}],"wp:featuredmedia":[{"embeddable":true,"href":"https:\/\/www.purejewels.com\/tr\/wp-json\/wp\/v2\/media\/319338"}],"wp:attachment":[{"href":"https:\/\/www.purejewels.com\/tr\/wp-json\/wp\/v2\/media?parent=323341"}],"wp:term":[{"taxonomy":"product_brand","embeddable":true,"href":"https:\/\/www.purejewels.com\/tr\/wp-json\/wp\/v2\/product_brand?post=323341"},{"taxonomy":"product_cat","embeddable":true,"href":"https:\/\/www.purejewels.com\/tr\/wp-json\/wp\/v2\/product_cat?post=323341"},{"taxonomy":"product_tag","embeddable":true,"href":"https:\/\/www.purejewels.com\/tr\/wp-json\/wp\/v2\/product_tag?post=323341"}],"curies":[{"name":"wp","href":"https:\/\/api.w.org\/{rel}","templated":true}]}}