{"id":323391,"date":"2021-05-12T09:22:33","date_gmt":"2021-05-12T08:22:33","guid":{"rendered":"https:\/\/www.purejewels.com\/product\/22ct-gold-mangalsutra-5-7gm-18-inches\/"},"modified":"2026-01-07T10:47:38","modified_gmt":"2026-01-07T10:47:38","slug":"22-ayar-gercek-altin-mangalsutra-33730","status":"publish","type":"product","link":"https:\/\/www.purejewels.com\/tr\/product\/22ct-real-gold-mangalsutra-33730\/","title":{"rendered":"22 Ayar Ger\u00e7ek Alt\u0131n Mangalsutra"},"content":{"rendered":"<h3>Tasar\u0131m<\/h3>\n<p><span style=\"font-weight: 400;\">Bizim ger\u00e7ek <a href=\"https:\/\/www.purejewels.com\/tr\/product-category\/22ct-gold-jewellery\/gold-mangalsutras\/\">mangalsutra<\/a> g\u00fcn\u00fcm\u00fcz kullan\u0131c\u0131lar\u0131 i\u00e7in hafif modern bir dokunu\u015fla bu Hint gelene\u011fine bir \u00f6vg\u00fcd\u00fcr. Bu 22 ayar mangalsutra, bir ucundan geleneksel fener motifleriyle s\u00fcslenmi\u015f alt\u0131n bir zincirle ba\u015flar. Bu alt\u0131n zincir siyah boncuklu zincirle birle\u015fir ve her iki taraf birbirine kar\u0131\u015ft\u0131k\u00e7a kolye, \u00fcst zincirdekine benzer bir fener motifiyle biten tek s\u0131ra alt\u0131n zincire d\u00f6n\u00fc\u015f\u00fcr.<\/span><\/p>\n<h3>\u0130lham kayna\u011f\u0131<\/h3>\n<p><span style=\"font-weight: 400;\">Alt\u0131nc\u0131 y\u00fczy\u0131lda bir kad\u0131n evlenmek \u00fczereyken ya da evlenece\u011fi zaman bileklerinden birine sar\u0131 bir iplik ba\u011flan\u0131rd\u0131. Bu iplik evlili\u011fe i\u015faret etmek i\u00e7in ba\u011flan\u0131rd\u0131 ve ayn\u0131 zamanda k\u00f6t\u00fcl\u00fckleri uzak tuttu\u011funa inan\u0131l\u0131rd\u0131. Zamanla bu gelenek de evrim ge\u00e7irdi. Sar\u0131 iplik, olumsuzluklar\u0131 emdi\u011fine ve \u00e7ifti mutlu etti\u011fine inan\u0131lan siyah boncuklu alt\u0131n bir zincire d\u00f6n\u00fc\u015ft\u00fc.\u00a0<\/span><\/p>\n<h3>Stil<\/h3>\n<p><span style=\"font-weight: 400;\">Purejewels'in bu 22 ayar mangalsutras\u0131 zariftir ve evlili\u011fin saf ba\u011f\u0131n\u0131 ifade eder. Ba\u015fka hi\u00e7bir mangalsutrada olmayan modern bir siluetle g\u00f6z kama\u015ft\u0131ran ve mini siyah boncuklarla elle dikilmi\u015f zincirle tamamlanan 22 ayar alt\u0131nla \u00fcretilmi\u015ftir, bu nedenle onun i\u00e7in m\u00fckemmel bir aksesuard\u0131r.<\/span><\/p>","protected":false},"excerpt":{"rendered":"<ul>\n<li>22 Ayar Alt\u0131n G\u00fcnl\u00fck Giyim Mangalsutra<\/li>\n<li>A\u011f\u0131rl\u0131k: 5,7 gms<\/li>\n<li>Uzunluk 18 \u0130n\u00e7<\/li>\n<li>SKU. 33730<\/li>\n<li>T\u00fcm fiyatlara KDV dahildir<\/li>\n<li>T\u00fcm \u00fcr\u00fcnlerimiz London Assay Office taraf\u0131ndan damgalanm\u0131\u015ft\u0131r<\/li>\n<li>Sunum Kutusu ile Birlikte Gelir<\/li>\n<li>Teslimat Dahil<\/li>\n<li>Daha fazla k\u00fc\u00e7\u00fck Alt\u0131n Mangalsutra tasar\u0131m\u0131n\u0131 g\u00f6r\u00fcnt\u00fclemek i\u00e7in bizimle ileti\u015fime ge\u00e7in \/ whatsapp \u00fczerinden bizimle sohbet edin<\/li>\n<\/ul>","protected":false},"featured_media":323558,"comment_status":"closed","ping_status":"closed","template":"","meta":{"_eb_attr":"","_crsspst_to_jayantr4sg-hostcom":true},"product_brand":[],"product_cat":[1791,1775,1284,1574],"product_tag":[],"class_list":{"0":"post-323391","1":"product","2":"type-product","3":"status-publish","4":"has-post-thumbnail","6":"product_cat-anniversary-gifts","7":"product_cat-daily-wear-mangalsutras","8":"product_cat-gold-mangalsutras","9":"product_cat-womens-jewellery","11":"first","12":"outofstock","13":"taxable","14":"shipping-taxable","15":"product-type-simple","16":"add-to-wishlist-before_image"},"yoast_head":"<!-- This site is optimized with the Yoast SEO plugin v27.3 - https:\/\/yoast.com\/product\/yoast-seo-wordpress\/ -->\n<title>22ct Gold Dailywear Mangalsutra\u00a0| PureJewels UK<\/title>\n<meta name=\"description\" content=\"Buy Yellow Gold Mangalsutra, traditional necklace in London or from Online Store, PureJewels. Free delivery accross UK.\" \/>\n<meta name=\"robots\" content=\"index, follow, max-snippet:-1, max-image-preview:large, max-video-preview:-1\" \/>\n<link rel=\"canonical\" href=\"https:\/\/www.purejewels.com\/tr\/urun\/22-ayar-gercek-altin-mangalsutra-33730\/\" \/>\n<meta property=\"og:locale\" content=\"tr_TR\" \/>\n<meta property=\"og:type\" content=\"article\" \/>\n<meta property=\"og:title\" content=\"22ct Gold Dailywear Mangalsutra\u00a0| PureJewels UK\" \/>\n<meta property=\"og:description\" content=\"Buy Yellow Gold Mangalsutra, traditional necklace in London or from Online Store, PureJewels. Free delivery accross UK.\" \/>\n<meta property=\"og:url\" content=\"https:\/\/www.purejewels.com\/tr\/urun\/22-ayar-gercek-altin-mangalsutra-33730\/\" \/>\n<meta property=\"og:site_name\" content=\"PureJewels UK\" \/>\n<meta property=\"article:modified_time\" content=\"2026-01-07T10:47:38+00:00\" \/>\n<meta property=\"og:image\" content=\"https:\/\/www.purejewels.com\/wp-content\/uploads\/2021\/05\/33730-1.jpg\" \/>\n\t<meta property=\"og:image:width\" content=\"1000\" \/>\n\t<meta property=\"og:image:height\" content=\"1000\" \/>\n\t<meta property=\"og:image:type\" content=\"image\/jpeg\" \/>\n<meta name=\"twitter:card\" content=\"summary_large_image\" \/>\n<meta name=\"twitter:label1\" content=\"Tahmini okuma s\u00fcresi\" \/>\n\t<meta name=\"twitter:data1\" content=\"1 dakika\" \/>\n<script type=\"application\/ld+json\" class=\"yoast-schema-graph\">{\"@context\":\"https:\\\/\\\/schema.org\",\"@graph\":[{\"@type\":[\"WebPage\",\"ItemPage\"],\"@id\":\"https:\\\/\\\/www.purejewels.com\\\/product\\\/22ct-real-gold-mangalsutra-33730\\\/\",\"url\":\"https:\\\/\\\/www.purejewels.com\\\/product\\\/22ct-real-gold-mangalsutra-33730\\\/\",\"name\":\"22ct Gold Dailywear Mangalsutra\u00a0| PureJewels UK\",\"isPartOf\":{\"@id\":\"https:\\\/\\\/www.purejewels.com\\\/#website\"},\"primaryImageOfPage\":{\"@id\":\"https:\\\/\\\/www.purejewels.com\\\/product\\\/22ct-real-gold-mangalsutra-33730\\\/#primaryimage\"},\"image\":{\"@id\":\"https:\\\/\\\/www.purejewels.com\\\/product\\\/22ct-real-gold-mangalsutra-33730\\\/#primaryimage\"},\"thumbnailUrl\":\"https:\\\/\\\/static.purejewels.com\\\/wp-content\\\/uploads\\\/2021\\\/05\\\/33730-1.jpg\",\"datePublished\":\"2021-05-12T08:22:33+00:00\",\"dateModified\":\"2026-01-07T10:47:38+00:00\",\"description\":\"Buy Yellow Gold Mangalsutra, traditional necklace in London or from Online Store, PureJewels. Free delivery accross UK.\",\"breadcrumb\":{\"@id\":\"https:\\\/\\\/www.purejewels.com\\\/product\\\/22ct-real-gold-mangalsutra-33730\\\/#breadcrumb\"},\"inLanguage\":\"tr\",\"potentialAction\":[{\"@type\":\"ReadAction\",\"target\":[\"https:\\\/\\\/www.purejewels.com\\\/product\\\/22ct-real-gold-mangalsutra-33730\\\/\"]}]},{\"@type\":\"ImageObject\",\"inLanguage\":\"tr\",\"@id\":\"https:\\\/\\\/www.purejewels.com\\\/product\\\/22ct-real-gold-mangalsutra-33730\\\/#primaryimage\",\"url\":\"https:\\\/\\\/static.purejewels.com\\\/wp-content\\\/uploads\\\/2021\\\/05\\\/33730-1.jpg\",\"contentUrl\":\"https:\\\/\\\/static.purejewels.com\\\/wp-content\\\/uploads\\\/2021\\\/05\\\/33730-1.jpg\",\"width\":1000,\"height\":1000,\"caption\":\"22ct Real Gold Mangalsutra - 33730\"},{\"@type\":\"BreadcrumbList\",\"@id\":\"https:\\\/\\\/www.purejewels.com\\\/product\\\/22ct-real-gold-mangalsutra-33730\\\/#breadcrumb\",\"itemListElement\":[{\"@type\":\"ListItem\",\"position\":1,\"name\":\"Home\",\"item\":\"https:\\\/\\\/www.purejewels.com\\\/\"},{\"@type\":\"ListItem\",\"position\":2,\"name\":\"Shop\",\"item\":\"https:\\\/\\\/www.purejewels.com\\\/shop\\\/\"},{\"@type\":\"ListItem\",\"position\":3,\"name\":\"22ct Real Gold Mangalsutra\"}]},{\"@type\":\"WebSite\",\"@id\":\"https:\\\/\\\/www.purejewels.com\\\/#website\",\"url\":\"https:\\\/\\\/www.purejewels.com\\\/\",\"name\":\"PureJewels UK\",\"description\":\"Share the Love\",\"publisher\":{\"@id\":\"https:\\\/\\\/www.purejewels.com\\\/#organization\"},\"potentialAction\":[{\"@type\":\"SearchAction\",\"target\":{\"@type\":\"EntryPoint\",\"urlTemplate\":\"https:\\\/\\\/www.purejewels.com\\\/?s={search_term_string}\"},\"query-input\":{\"@type\":\"PropertyValueSpecification\",\"valueRequired\":true,\"valueName\":\"search_term_string\"}}],\"inLanguage\":\"tr\"},{\"@type\":\"Organization\",\"@id\":\"https:\\\/\\\/www.purejewels.com\\\/#organization\",\"name\":\"PureJewels UK\",\"url\":\"https:\\\/\\\/www.purejewels.com\\\/\",\"logo\":{\"@type\":\"ImageObject\",\"inLanguage\":\"tr\",\"@id\":\"https:\\\/\\\/www.purejewels.com\\\/#\\\/schema\\\/logo\\\/image\\\/\",\"url\":\"https:\\\/\\\/static.purejewels.com\\\/wp-content\\\/uploads\\\/2020\\\/11\\\/Logo-PJ-New-1.png\",\"contentUrl\":\"https:\\\/\\\/static.purejewels.com\\\/wp-content\\\/uploads\\\/2020\\\/11\\\/Logo-PJ-New-1.png\",\"width\":150,\"height\":80,\"caption\":\"PureJewels UK\"},\"image\":{\"@id\":\"https:\\\/\\\/www.purejewels.com\\\/#\\\/schema\\\/logo\\\/image\\\/\"}}]}<\/script>\n<!-- \/ Yoast SEO plugin. -->","yoast_head_json":{"title":"22 Ayar Alt\u0131n G\u00fcnl\u00fck Giyim Mangalsutra | PureJewels UK","description":"Sar\u0131 Alt\u0131n Mangalsutra, geleneksel kolyeyi Londra'dan veya PureJewels Online Ma\u011fazas\u0131ndan sat\u0131n al\u0131n. \u0130ngiltere genelinde \u00fccretsiz teslimat.","robots":{"index":"index","follow":"follow","max-snippet":"max-snippet:-1","max-image-preview":"max-image-preview:large","max-video-preview":"max-video-preview:-1"},"canonical":"https:\/\/www.purejewels.com\/tr\/urun\/22-ayar-gercek-altin-mangalsutra-33730\/","og_locale":"tr_TR","og_type":"article","og_title":"22ct Gold Dailywear Mangalsutra\u00a0| PureJewels UK","og_description":"Buy Yellow Gold Mangalsutra, traditional necklace in London or from Online Store, PureJewels. Free delivery accross UK.","og_url":"https:\/\/www.purejewels.com\/tr\/urun\/22-ayar-gercek-altin-mangalsutra-33730\/","og_site_name":"PureJewels UK","article_modified_time":"2026-01-07T10:47:38+00:00","og_image":[{"width":1000,"height":1000,"url":"https:\/\/www.purejewels.com\/wp-content\/uploads\/2021\/05\/33730-1.jpg","type":"image\/jpeg"}],"twitter_card":"summary_large_image","twitter_misc":{"Tahmini okuma s\u00fcresi":"1 dakika"},"schema":{"@context":"https:\/\/schema.org","@graph":[{"@type":["WebPage","ItemPage"],"@id":"https:\/\/www.purejewels.com\/product\/22ct-real-gold-mangalsutra-33730\/","url":"https:\/\/www.purejewels.com\/product\/22ct-real-gold-mangalsutra-33730\/","name":"22 Ayar Alt\u0131n G\u00fcnl\u00fck Giyim Mangalsutra | PureJewels UK","isPartOf":{"@id":"https:\/\/www.purejewels.com\/#website"},"primaryImageOfPage":{"@id":"https:\/\/www.purejewels.com\/product\/22ct-real-gold-mangalsutra-33730\/#primaryimage"},"image":{"@id":"https:\/\/www.purejewels.com\/product\/22ct-real-gold-mangalsutra-33730\/#primaryimage"},"thumbnailUrl":"https:\/\/static.purejewels.com\/wp-content\/uploads\/2021\/05\/33730-1.jpg","datePublished":"2021-05-12T08:22:33+00:00","dateModified":"2026-01-07T10:47:38+00:00","description":"Sar\u0131 Alt\u0131n Mangalsutra, geleneksel kolyeyi Londra'dan veya PureJewels Online Ma\u011fazas\u0131ndan sat\u0131n al\u0131n. \u0130ngiltere genelinde \u00fccretsiz teslimat.","breadcrumb":{"@id":"https:\/\/www.purejewels.com\/product\/22ct-real-gold-mangalsutra-33730\/#breadcrumb"},"inLanguage":"tr","potentialAction":[{"@type":"ReadAction","target":["https:\/\/www.purejewels.com\/product\/22ct-real-gold-mangalsutra-33730\/"]}]},{"@type":"ImageObject","inLanguage":"tr","@id":"https:\/\/www.purejewels.com\/product\/22ct-real-gold-mangalsutra-33730\/#primaryimage","url":"https:\/\/static.purejewels.com\/wp-content\/uploads\/2021\/05\/33730-1.jpg","contentUrl":"https:\/\/static.purejewels.com\/wp-content\/uploads\/2021\/05\/33730-1.jpg","width":1000,"height":1000,"caption":"22ct Real Gold Mangalsutra - 33730"},{"@type":"BreadcrumbList","@id":"https:\/\/www.purejewels.com\/product\/22ct-real-gold-mangalsutra-33730\/#breadcrumb","itemListElement":[{"@type":"ListItem","position":1,"name":"Home","item":"https:\/\/www.purejewels.com\/"},{"@type":"ListItem","position":2,"name":"Shop","item":"https:\/\/www.purejewels.com\/shop\/"},{"@type":"ListItem","position":3,"name":"22ct Real Gold Mangalsutra"}]},{"@type":"WebSite","@id":"https:\/\/www.purejewels.com\/#website","url":"https:\/\/www.purejewels.com\/","name":"PureJewels \u0130ngiltere","description":"Sevgiyi Payla\u015f\u0131n","publisher":{"@id":"https:\/\/www.purejewels.com\/#organization"},"potentialAction":[{"@type":"SearchAction","target":{"@type":"EntryPoint","urlTemplate":"https:\/\/www.purejewels.com\/?s={search_term_string}"},"query-input":{"@type":"PropertyValueSpecification","valueRequired":true,"valueName":"search_term_string"}}],"inLanguage":"tr"},{"@type":"Organization","@id":"https:\/\/www.purejewels.com\/#organization","name":"PureJewels \u0130ngiltere","url":"https:\/\/www.purejewels.com\/","logo":{"@type":"ImageObject","inLanguage":"tr","@id":"https:\/\/www.purejewels.com\/#\/schema\/logo\/image\/","url":"https:\/\/static.purejewels.com\/wp-content\/uploads\/2020\/11\/Logo-PJ-New-1.png","contentUrl":"https:\/\/static.purejewels.com\/wp-content\/uploads\/2020\/11\/Logo-PJ-New-1.png","width":150,"height":80,"caption":"PureJewels UK"},"image":{"@id":"https:\/\/www.purejewels.com\/#\/schema\/logo\/image\/"}}]}},"_links":{"self":[{"href":"https:\/\/www.purejewels.com\/tr\/wp-json\/wp\/v2\/product\/323391","targetHints":{"allow":["GET"]}}],"collection":[{"href":"https:\/\/www.purejewels.com\/tr\/wp-json\/wp\/v2\/product"}],"about":[{"href":"https:\/\/www.purejewels.com\/tr\/wp-json\/wp\/v2\/types\/product"}],"replies":[{"embeddable":true,"href":"https:\/\/www.purejewels.com\/tr\/wp-json\/wp\/v2\/comments?post=323391"}],"version-history":[{"count":1,"href":"https:\/\/www.purejewels.com\/tr\/wp-json\/wp\/v2\/product\/323391\/revisions"}],"predecessor-version":[{"id":371476,"href":"https:\/\/www.purejewels.com\/tr\/wp-json\/wp\/v2\/product\/323391\/revisions\/371476"}],"wp:featuredmedia":[{"embeddable":true,"href":"https:\/\/www.purejewels.com\/tr\/wp-json\/wp\/v2\/media\/323558"}],"wp:attachment":[{"href":"https:\/\/www.purejewels.com\/tr\/wp-json\/wp\/v2\/media?parent=323391"}],"wp:term":[{"taxonomy":"product_brand","embeddable":true,"href":"https:\/\/www.purejewels.com\/tr\/wp-json\/wp\/v2\/product_brand?post=323391"},{"taxonomy":"product_cat","embeddable":true,"href":"https:\/\/www.purejewels.com\/tr\/wp-json\/wp\/v2\/product_cat?post=323391"},{"taxonomy":"product_tag","embeddable":true,"href":"https:\/\/www.purejewels.com\/tr\/wp-json\/wp\/v2\/product_tag?post=323391"}],"curies":[{"name":"wp","href":"https:\/\/api.w.org\/{rel}","templated":true}]}}