{"id":323414,"date":"2024-11-08T12:38:52","date_gmt":"2024-11-08T12:38:52","guid":{"rendered":"https:\/\/www.purejewels.com\/product\/22kt-gold-hoop-earrings\/"},"modified":"2026-04-28T14:20:55","modified_gmt":"2026-04-28T13:20:55","slug":"22-ayar-altin-halka-kupe-52158","status":"publish","type":"product","link":"https:\/\/www.purejewels.com\/tr\/product\/22kt-gold-hoop-earrings-52158\/","title":{"rendered":"22 Ayar Sar\u0131 Alt\u0131n Dailywear Halka K\u00fcpe"},"content":{"rendered":"<p data-start=\"114\" data-end=\"192\"><strong data-start=\"114\" data-end=\"153\">22 Ayar Alt\u0131n P\u0131rlanta Kesimli Bali K\u00fcpe<\/strong><br data-start=\"153\" data-end=\"156\" \/><em data-start=\"156\" data-end=\"192\">Heritage Craft. Everyday Radiance.<\/em><\/p>\n<p data-start=\"194\" data-end=\"457\">Bu 22 Ayar Alt\u0131n Bali K\u00fcpeler, geleneksel tasar\u0131m\u0131n modern incelikle yeniden yorumlanm\u0131\u015f bir kutlamas\u0131d\u0131r. Y\u00fcksek safl\u0131kta alt\u0131ndan \u00fcretilen ve hassas elmas kesim dokusuyla tamamlanan k\u00fcpeler, her d\u00f6n\u00fc\u015fte \u0131\u015f\u0131\u011f\u0131 yakalay\u0131p yans\u0131tarak abart\u0131s\u0131z bir parlakl\u0131k sunuyor.<\/p>\n<p data-start=\"459\" data-end=\"681\">P\u00fcr\u00fczs\u00fcz i\u00e7 y\u00fczey ve mente\u015feli ba\u011flant\u0131, g\u00fcn boyu rahatl\u0131k sa\u011flar ve g\u00fcnl\u00fck s\u00fcsleme veya d\u00fc\u015f\u00fcnceli bir hediye i\u00e7in zahmetsiz bir se\u00e7im haline getirir.<\/p>\n<p data-start=\"683\" data-end=\"695\"><strong data-start=\"683\" data-end=\"695\">Detaylar:<\/strong><\/p>\n<ul data-start=\"696\" data-end=\"927\">\n<li data-start=\"696\" data-end=\"734\">\n<p data-start=\"698\" data-end=\"734\">Metal: 22 Ayar Sar\u0131 Alt\u0131n (damgal\u0131)<\/p>\n<\/li>\n<li data-start=\"735\" data-end=\"788\">\n<p data-start=\"737\" data-end=\"788\">Stil: Elmas kesim detayl\u0131 klasik Bali kasna\u011f\u0131<\/p>\n<\/li>\n<li data-start=\"789\" data-end=\"834\">\n<p data-start=\"791\" data-end=\"834\">Kaplama: Y\u00fcksek cilal\u0131 i\u00e7 y\u00fczey, y\u00f6nl\u00fc d\u0131\u015f y\u00fczey<\/p>\n<\/li>\n<li data-start=\"835\" data-end=\"874\">\n<p data-start=\"837\" data-end=\"874\">Kapan\u0131\u015f: G\u00fcvenli kullan\u0131m i\u00e7in mente\u015feli toka<\/p>\n<\/li>\n<li data-start=\"875\" data-end=\"927\">\n<p data-start=\"877\" data-end=\"927\">\u015eunun i\u00e7in ideal: G\u00fcnl\u00fck stil veya geleneksel vurgular<\/p>\n<\/li>\n<\/ul>","protected":false},"excerpt":{"rendered":"<p>Saf 22 ayar alt\u0131ndan \u00fcretilen bu klasik Bali k\u00fcpeler, ince bir \u0131\u015f\u0131lt\u0131 i\u00e7in zarif bir elmas kesim desene sahiptir. Hafif ve \u00e7ok y\u00f6nl\u00fc olan bu k\u00fcpeler, g\u00fcnl\u00fck \u015f\u0131kl\u0131k i\u00e7in zamans\u0131z bir se\u00e7imdir.<\/p>\n<p><strong>Malzeme:<\/strong> 22 Ayar Alt\u0131n (91,6% Saf Alt\u0131n)<strong><br \/>\nHallmark:\u00a0<\/strong>\u0130ngiliz Damgas\u0131<strong><br \/>\n<\/strong><strong>Br\u00fct A\u011f\u0131rl\u0131k: <\/strong><i>4.16<\/i>\u00a0Gms<br \/>\n<strong>\u0130\u00e7 \u00e7ap: <\/strong>17mm<strong><br \/>\nSKU: <\/strong>52156, 53899, 53900, 53901, 53902<\/p>\n<p><strong>Fiyat ve Teslimat<\/strong>:KDV ve teslimat \u00fccreti dahil<\/p>\n<p><a href=\"https:\/\/www.purejewels.com\/tr\/i%cc%87ade-poli%cc%87ti%cc%87kasi\/\">\u0130ade Politikas\u0131<\/a><\/p>","protected":false},"featured_media":400999,"comment_status":"closed","ping_status":"closed","template":"","meta":{"_eb_attr":"","_crsspst_to_jayantr4sg-hostcom":true},"product_brand":[],"product_cat":[1791,1559,1794,1793,5701,1254,1229,1579,5347,1570,5353,5608,1574,5349],"product_tag":[],"class_list":{"0":"post-323414","1":"product","2":"type-product","3":"status-publish","4":"has-post-thumbnail","6":"product_cat-anniversary-gifts","7":"product_cat-birthday-gifts","8":"product_cat-christmas-gifts","9":"product_cat-diwali-gifts","10":"product_cat-eid-jewellery","11":"product_cat-gold-earrings","12":"product_cat-22ct-gold-jewellery","13":"product_cat-hoop-earrings","14":"product_cat-shop-by-metal","15":"product_cat-mothers-day-gifts","16":"product_cat-shop-by","17":"product_cat-simple-hoops","18":"product_cat-womens-jewellery","19":"product_cat-yellow-gold-jewellery","21":"first","22":"instock","23":"taxable","24":"shipping-taxable","25":"purchasable","26":"product-type-simple","27":"add-to-wishlist-before_image"},"yoast_head":"<!-- This site is optimized with the Yoast SEO plugin v27.6 - https:\/\/yoast.com\/product\/yoast-seo-wordpress\/ -->\n<title>Gold Bali Hoops | 22ct Gold Jewellery | PureJewels<\/title>\n<meta name=\"description\" content=\"Discover our Gold Bali Hoops Collection Online. Buy 22 Carat yellow Gold Hoop Earrings. Great for Daily Wear.\" \/>\n<meta name=\"robots\" content=\"index, follow, max-snippet:-1, max-image-preview:large, max-video-preview:-1\" \/>\n<link rel=\"canonical\" href=\"https:\/\/www.purejewels.com\/tr\/urun\/22-ayar-altin-halka-kupe-52158\/\" \/>\n<meta property=\"og:locale\" content=\"tr_TR\" \/>\n<meta property=\"og:type\" content=\"article\" \/>\n<meta property=\"og:title\" content=\"Gold Bali Hoops | 22ct Gold Jewellery | PureJewels\" \/>\n<meta property=\"og:description\" content=\"Discover our Gold Bali Hoops Collection Online. Buy 22 Carat yellow Gold Hoop Earrings. Great for Daily Wear.\" \/>\n<meta property=\"og:url\" content=\"https:\/\/www.purejewels.com\/tr\/urun\/22-ayar-altin-halka-kupe-52158\/\" \/>\n<meta property=\"og:site_name\" content=\"PureJewels UK\" \/>\n<meta property=\"article:modified_time\" content=\"2026-04-28T13:20:55+00:00\" \/>\n<meta property=\"og:image\" content=\"https:\/\/static.purejewels.com\/wp-content\/uploads\/2024\/11\/52155.1.png\" \/>\n\t<meta property=\"og:image:width\" content=\"1000\" \/>\n\t<meta property=\"og:image:height\" content=\"1000\" \/>\n\t<meta property=\"og:image:type\" content=\"image\/png\" \/>\n<meta name=\"twitter:card\" content=\"summary_large_image\" \/>\n<meta name=\"twitter:label1\" content=\"Tahmini okuma s\u00fcresi\" \/>\n\t<meta name=\"twitter:data1\" content=\"1 dakika\" \/>\n<script type=\"application\/ld+json\" class=\"yoast-schema-graph\">{\"@context\":\"https:\\\/\\\/schema.org\",\"@graph\":[{\"@type\":[\"WebPage\",\"ItemPage\"],\"@id\":\"https:\\\/\\\/www.purejewels.com\\\/product\\\/22kt-gold-hoop-earrings-52158\\\/\",\"url\":\"https:\\\/\\\/www.purejewels.com\\\/product\\\/22kt-gold-hoop-earrings-52158\\\/\",\"name\":\"Gold Bali Hoops | 22ct Gold Jewellery | PureJewels\",\"isPartOf\":{\"@id\":\"https:\\\/\\\/www.purejewels.com\\\/#website\"},\"primaryImageOfPage\":{\"@id\":\"https:\\\/\\\/www.purejewels.com\\\/product\\\/22kt-gold-hoop-earrings-52158\\\/#primaryimage\"},\"image\":{\"@id\":\"https:\\\/\\\/www.purejewels.com\\\/product\\\/22kt-gold-hoop-earrings-52158\\\/#primaryimage\"},\"thumbnailUrl\":\"https:\\\/\\\/static.purejewels.com\\\/wp-content\\\/uploads\\\/2024\\\/11\\\/52155.1.png\",\"datePublished\":\"2024-11-08T12:38:52+00:00\",\"dateModified\":\"2026-04-28T13:20:55+00:00\",\"description\":\"Discover our Gold Bali Hoops Collection Online. Buy 22 Carat yellow Gold Hoop Earrings. Great for Daily Wear.\",\"breadcrumb\":{\"@id\":\"https:\\\/\\\/www.purejewels.com\\\/product\\\/22kt-gold-hoop-earrings-52158\\\/#breadcrumb\"},\"inLanguage\":\"tr\",\"potentialAction\":[{\"@type\":\"ReadAction\",\"target\":[\"https:\\\/\\\/www.purejewels.com\\\/product\\\/22kt-gold-hoop-earrings-52158\\\/\"]}]},{\"@type\":\"ImageObject\",\"inLanguage\":\"tr\",\"@id\":\"https:\\\/\\\/www.purejewels.com\\\/product\\\/22kt-gold-hoop-earrings-52158\\\/#primaryimage\",\"url\":\"https:\\\/\\\/static.purejewels.com\\\/wp-content\\\/uploads\\\/2024\\\/11\\\/52155.1.png\",\"contentUrl\":\"https:\\\/\\\/static.purejewels.com\\\/wp-content\\\/uploads\\\/2024\\\/11\\\/52155.1.png\",\"width\":1000,\"height\":1000,\"caption\":\"22ct Gold Bali Earring\"},{\"@type\":\"BreadcrumbList\",\"@id\":\"https:\\\/\\\/www.purejewels.com\\\/product\\\/22kt-gold-hoop-earrings-52158\\\/#breadcrumb\",\"itemListElement\":[{\"@type\":\"ListItem\",\"position\":1,\"name\":\"Home\",\"item\":\"https:\\\/\\\/www.purejewels.com\\\/\"},{\"@type\":\"ListItem\",\"position\":2,\"name\":\"Shop\",\"item\":\"https:\\\/\\\/www.purejewels.com\\\/shop\\\/\"},{\"@type\":\"ListItem\",\"position\":3,\"name\":\"22kt Yellow Gold Dailywear Hoop Earrings\"}]},{\"@type\":\"WebSite\",\"@id\":\"https:\\\/\\\/www.purejewels.com\\\/#website\",\"url\":\"https:\\\/\\\/www.purejewels.com\\\/\",\"name\":\"PureJewels UK\",\"description\":\"Share the Love\",\"publisher\":{\"@id\":\"https:\\\/\\\/www.purejewels.com\\\/#organization\"},\"potentialAction\":[{\"@type\":\"SearchAction\",\"target\":{\"@type\":\"EntryPoint\",\"urlTemplate\":\"https:\\\/\\\/www.purejewels.com\\\/?s={search_term_string}\"},\"query-input\":{\"@type\":\"PropertyValueSpecification\",\"valueRequired\":true,\"valueName\":\"search_term_string\"}}],\"inLanguage\":\"tr\"},{\"@type\":\"Organization\",\"@id\":\"https:\\\/\\\/www.purejewels.com\\\/#organization\",\"name\":\"PureJewels UK\",\"url\":\"https:\\\/\\\/www.purejewels.com\\\/\",\"logo\":{\"@type\":\"ImageObject\",\"inLanguage\":\"tr\",\"@id\":\"https:\\\/\\\/www.purejewels.com\\\/#\\\/schema\\\/logo\\\/image\\\/\",\"url\":\"https:\\\/\\\/static.purejewels.com\\\/wp-content\\\/uploads\\\/2020\\\/11\\\/Logo-PJ-New-1.png\",\"contentUrl\":\"https:\\\/\\\/static.purejewels.com\\\/wp-content\\\/uploads\\\/2020\\\/11\\\/Logo-PJ-New-1.png\",\"width\":150,\"height\":80,\"caption\":\"PureJewels UK\"},\"image\":{\"@id\":\"https:\\\/\\\/www.purejewels.com\\\/#\\\/schema\\\/logo\\\/image\\\/\"}}]}<\/script>\n<!-- \/ Yoast SEO plugin. -->","yoast_head_json":{"title":"Alt\u0131n Bali \u00c7ember | 22 Ayar Alt\u0131n Tak\u0131lar | PureJewels","description":"Alt\u0131n Bali \u00c7ember Koleksiyonumuzu Online Ke\u015ffedin. 22 Ayar Sar\u0131 Alt\u0131n Halka K\u00fcpe Sat\u0131n Al\u0131n. G\u00fcnl\u00fck Giyim i\u00e7in Harika.","robots":{"index":"index","follow":"follow","max-snippet":"max-snippet:-1","max-image-preview":"max-image-preview:large","max-video-preview":"max-video-preview:-1"},"canonical":"https:\/\/www.purejewels.com\/tr\/urun\/22-ayar-altin-halka-kupe-52158\/","og_locale":"tr_TR","og_type":"article","og_title":"Gold Bali Hoops | 22ct Gold Jewellery | PureJewels","og_description":"Discover our Gold Bali Hoops Collection Online. Buy 22 Carat yellow Gold Hoop Earrings. Great for Daily Wear.","og_url":"https:\/\/www.purejewels.com\/tr\/urun\/22-ayar-altin-halka-kupe-52158\/","og_site_name":"PureJewels UK","article_modified_time":"2026-04-28T13:20:55+00:00","og_image":[{"width":1000,"height":1000,"url":"https:\/\/static.purejewels.com\/wp-content\/uploads\/2024\/11\/52155.1.png","type":"image\/png"}],"twitter_card":"summary_large_image","twitter_misc":{"Tahmini okuma s\u00fcresi":"1 dakika"},"schema":{"@context":"https:\/\/schema.org","@graph":[{"@type":["WebPage","ItemPage"],"@id":"https:\/\/www.purejewels.com\/product\/22kt-gold-hoop-earrings-52158\/","url":"https:\/\/www.purejewels.com\/product\/22kt-gold-hoop-earrings-52158\/","name":"Alt\u0131n Bali \u00c7ember | 22 Ayar Alt\u0131n Tak\u0131lar | PureJewels","isPartOf":{"@id":"https:\/\/www.purejewels.com\/#website"},"primaryImageOfPage":{"@id":"https:\/\/www.purejewels.com\/product\/22kt-gold-hoop-earrings-52158\/#primaryimage"},"image":{"@id":"https:\/\/www.purejewels.com\/product\/22kt-gold-hoop-earrings-52158\/#primaryimage"},"thumbnailUrl":"https:\/\/static.purejewels.com\/wp-content\/uploads\/2024\/11\/52155.1.png","datePublished":"2024-11-08T12:38:52+00:00","dateModified":"2026-04-28T13:20:55+00:00","description":"Alt\u0131n Bali \u00c7ember Koleksiyonumuzu Online Ke\u015ffedin. 22 Ayar Sar\u0131 Alt\u0131n Halka K\u00fcpe Sat\u0131n Al\u0131n. G\u00fcnl\u00fck Giyim i\u00e7in Harika.","breadcrumb":{"@id":"https:\/\/www.purejewels.com\/product\/22kt-gold-hoop-earrings-52158\/#breadcrumb"},"inLanguage":"tr","potentialAction":[{"@type":"ReadAction","target":["https:\/\/www.purejewels.com\/product\/22kt-gold-hoop-earrings-52158\/"]}]},{"@type":"ImageObject","inLanguage":"tr","@id":"https:\/\/www.purejewels.com\/product\/22kt-gold-hoop-earrings-52158\/#primaryimage","url":"https:\/\/static.purejewels.com\/wp-content\/uploads\/2024\/11\/52155.1.png","contentUrl":"https:\/\/static.purejewels.com\/wp-content\/uploads\/2024\/11\/52155.1.png","width":1000,"height":1000,"caption":"22ct Gold Bali Earring"},{"@type":"BreadcrumbList","@id":"https:\/\/www.purejewels.com\/product\/22kt-gold-hoop-earrings-52158\/#breadcrumb","itemListElement":[{"@type":"ListItem","position":1,"name":"Home","item":"https:\/\/www.purejewels.com\/"},{"@type":"ListItem","position":2,"name":"Shop","item":"https:\/\/www.purejewels.com\/shop\/"},{"@type":"ListItem","position":3,"name":"22kt Yellow Gold Dailywear Hoop Earrings"}]},{"@type":"WebSite","@id":"https:\/\/www.purejewels.com\/#website","url":"https:\/\/www.purejewels.com\/","name":"PureJewels \u0130ngiltere","description":"Sevgiyi Payla\u015f\u0131n","publisher":{"@id":"https:\/\/www.purejewels.com\/#organization"},"potentialAction":[{"@type":"SearchAction","target":{"@type":"EntryPoint","urlTemplate":"https:\/\/www.purejewels.com\/?s={search_term_string}"},"query-input":{"@type":"PropertyValueSpecification","valueRequired":true,"valueName":"search_term_string"}}],"inLanguage":"tr"},{"@type":"Organization","@id":"https:\/\/www.purejewels.com\/#organization","name":"PureJewels \u0130ngiltere","url":"https:\/\/www.purejewels.com\/","logo":{"@type":"ImageObject","inLanguage":"tr","@id":"https:\/\/www.purejewels.com\/#\/schema\/logo\/image\/","url":"https:\/\/static.purejewels.com\/wp-content\/uploads\/2020\/11\/Logo-PJ-New-1.png","contentUrl":"https:\/\/static.purejewels.com\/wp-content\/uploads\/2020\/11\/Logo-PJ-New-1.png","width":150,"height":80,"caption":"PureJewels UK"},"image":{"@id":"https:\/\/www.purejewels.com\/#\/schema\/logo\/image\/"}}]}},"_links":{"self":[{"href":"https:\/\/www.purejewels.com\/tr\/wp-json\/wp\/v2\/product\/323414","targetHints":{"allow":["GET"]}}],"collection":[{"href":"https:\/\/www.purejewels.com\/tr\/wp-json\/wp\/v2\/product"}],"about":[{"href":"https:\/\/www.purejewels.com\/tr\/wp-json\/wp\/v2\/types\/product"}],"replies":[{"embeddable":true,"href":"https:\/\/www.purejewels.com\/tr\/wp-json\/wp\/v2\/comments?post=323414"}],"version-history":[{"count":4,"href":"https:\/\/www.purejewels.com\/tr\/wp-json\/wp\/v2\/product\/323414\/revisions"}],"predecessor-version":[{"id":423126,"href":"https:\/\/www.purejewels.com\/tr\/wp-json\/wp\/v2\/product\/323414\/revisions\/423126"}],"wp:featuredmedia":[{"embeddable":true,"href":"https:\/\/www.purejewels.com\/tr\/wp-json\/wp\/v2\/media\/400999"}],"wp:attachment":[{"href":"https:\/\/www.purejewels.com\/tr\/wp-json\/wp\/v2\/media?parent=323414"}],"wp:term":[{"taxonomy":"product_brand","embeddable":true,"href":"https:\/\/www.purejewels.com\/tr\/wp-json\/wp\/v2\/product_brand?post=323414"},{"taxonomy":"product_cat","embeddable":true,"href":"https:\/\/www.purejewels.com\/tr\/wp-json\/wp\/v2\/product_cat?post=323414"},{"taxonomy":"product_tag","embeddable":true,"href":"https:\/\/www.purejewels.com\/tr\/wp-json\/wp\/v2\/product_tag?post=323414"}],"curies":[{"name":"wp","href":"https:\/\/api.w.org\/{rel}","templated":true}]}}