{"id":323650,"date":"2021-05-24T06:37:43","date_gmt":"2021-05-24T05:37:43","guid":{"rendered":"https:\/\/www.purejewels.com\/product\/jali-collection-22ct-gold-kada-12-8gm\/"},"modified":"2026-01-10T16:14:24","modified_gmt":"2026-01-10T16:14:24","slug":"jali-collection-22-ayar-altin-kadas-33796","status":"publish","type":"product","link":"https:\/\/www.purejewels.com\/tr\/product\/jali-collection-22ct-gold-kadas-33796\/","title":{"rendered":"Jali Koleksiyonu 22 Ayar Alt\u0131n Kadas"},"content":{"rendered":"<ul>\n<li>SKU 33796<\/li>\n<li><span id=\"urn:enhancement-df881483\" class=\"textannotation\">A\u011f\u0131rl\u0131k<\/span>\u00a0 . 12.8 gms<\/li>\n<\/ul>","protected":false},"excerpt":{"rendered":"<div class=\"woocommerce-product-details__short-description\">\n<ul>\n<li>\u00c7ift (iki Kadas) 22ct\u00a0<span id=\"urn:enhancement-1de23387\" class=\"textannotation\">Alt\u0131n<\/span>\u00a0Gelin veya Parti k\u0131yafeti Kadas -<\/li>\n<li>(Bir Kada istiyorsan\u0131z l\u00fctfen sohbetten bilgi al\u0131n - burada g\u00f6sterilen fiyat iki kadas i\u00e7indir)<\/li>\n<li>Kada1. SKU 33796 <span id=\"urn:enhancement-df881483\" class=\"textannotation\">A\u011f\u0131rl\u0131k<\/span>\u00a0 . 12.8 gms<\/li>\n<li>Kada2. SKU 33796 <span id=\"urn:enhancement-df881483\" class=\"textannotation\">A\u011f\u0131rl\u0131k<\/span>\u00a0 . 12.8 gms<\/li>\n<li>Toplam\u00a0<span id=\"urn:enhancement-6449218c\" class=\"textannotation\">A\u011f\u0131rl\u0131k<\/span>\u00a0. 25.6 gms<\/li>\n<li>Boyut: 2,4 in\u00e7 i\u00e7 \u00e7ap. Ek boyutlar i\u00e7in l\u00fctfen sorunuz<\/li>\n<li>Bunlar i\u00e7i bo\u015f Kadas<\/li>\n<li>T\u00fcm 22\u00a0<span id=\"urn:enhancement-228d88f5\" class=\"textannotation\">karat<\/span>\u00a0<span id=\"urn:enhancement-fd8087e5\" class=\"textannotation\">Alt\u0131n<\/span>\u00a0<span id=\"urn:enhancement-6a8517a8\" class=\"textannotation\">M\u00fccevherat<\/span>\u00a0Londra taraf\u0131ndan damgalanm\u0131\u015ft\u0131r\u00a0<span id=\"urn:enhancement-22685708\" class=\"textannotation\">Tahlil Ofisi<\/span><\/li>\n<li>Sunum Kutusu ile Birlikte Gelir<\/li>\n<li>Teslimat Dahil<\/li>\n<li>T\u00fcm fiyatlara KDV dahildir<\/li>\n<li>Canl\u0131 video i\u00e7in bize ula\u015f\u0131n \/ bizimle sohbet edin\u00a0<span id=\"urn:enhancement-7f5b9b21\" class=\"textannotation\">\u00fcr\u00fcn<\/span><\/li>\n<\/ul>\n<\/div>\n<div class=\"btn-atc atc-slide\"><\/div>\n<div class=\"product_meta\"><\/div>","protected":false},"featured_media":323652,"comment_status":"closed","ping_status":"closed","template":"","meta":{"_eb_attr":"","_crsspst_to_jayantr4sg-hostcom":true},"product_brand":[],"product_cat":[1658,1659,1233,252,1573,1574],"product_tag":[],"class_list":{"0":"post-323650","1":"product","2":"type-product","3":"status-publish","4":"has-post-thumbnail","6":"product_cat-bangle-sets","7":"product_cat-bridal-and-party-wear-gold-kada-bangle","8":"product_cat-gold-bangles","9":"product_cat-jali-collections","10":"product_cat-wedding-gifts","11":"product_cat-womens-jewellery","13":"first","14":"outofstock","15":"taxable","16":"shipping-taxable","17":"product-type-simple","18":"add-to-wishlist-before_image"},"yoast_head":"<!-- This site is optimized with the Yoast SEO plugin v27.3 - https:\/\/yoast.com\/product\/yoast-seo-wordpress\/ -->\n<title>Jali Collection 22ct Gold Kadas - PureJewels UK<\/title>\n<meta name=\"robots\" content=\"index, follow, max-snippet:-1, max-image-preview:large, max-video-preview:-1\" \/>\n<link rel=\"canonical\" href=\"https:\/\/www.purejewels.com\/tr\/urun\/jali-collection-22-ayar-altin-kadas-33796\/\" \/>\n<meta property=\"og:locale\" content=\"tr_TR\" \/>\n<meta property=\"og:type\" content=\"article\" \/>\n<meta property=\"og:title\" content=\"Jali Collection 22ct Gold Kadas - PureJewels UK\" \/>\n<meta property=\"og:description\" content=\"Pair (two Kadas) of 22ct\u00a0Gold\u00a0Bridal or Party wear Kadas \u2013  (If you want one Kada\u00a0 please enquire on chat \u2013 the price shown here is for two kadas)  Kada1. SKU 33796 Wt\u00a0 .\u00a012.8\u00a0gms  Kada2. SKU 33796 Wt\u00a0 .\u00a012.8\u00a0gms  Total\u00a0Wt\u00a0. 25.6 gms  Size : 2.4 inch inside diameter. Please enquire for additional sizes  These are hollow Kadas  All our 22\u00a0carat\u00a0Gold\u00a0Jewellery\u00a0are hallmarked by London\u00a0Assay Office  Comes With Presentation Box  Delivery Included  All prices include VAT  Contact us \/ chat with us for live video of\u00a0product\" \/>\n<meta property=\"og:url\" content=\"https:\/\/www.purejewels.com\/tr\/urun\/jali-collection-22-ayar-altin-kadas-33796\/\" \/>\n<meta property=\"og:site_name\" content=\"PureJewels UK\" \/>\n<meta property=\"article:modified_time\" content=\"2026-01-10T16:14:24+00:00\" \/>\n<meta property=\"og:image\" content=\"https:\/\/www.purejewels.com\/wp-content\/uploads\/2021\/05\/33796.jpg\" \/>\n\t<meta property=\"og:image:width\" content=\"1000\" \/>\n\t<meta property=\"og:image:height\" content=\"1000\" \/>\n\t<meta property=\"og:image:type\" content=\"image\/jpeg\" \/>\n<meta name=\"twitter:card\" content=\"summary_large_image\" \/>\n<meta name=\"twitter:label1\" content=\"Tahmini okuma s\u00fcresi\" \/>\n\t<meta name=\"twitter:data1\" content=\"1 dakika\" \/>\n<script type=\"application\/ld+json\" class=\"yoast-schema-graph\">{\"@context\":\"https:\\\/\\\/schema.org\",\"@graph\":[{\"@type\":[\"WebPage\",\"ItemPage\"],\"@id\":\"https:\\\/\\\/www.purejewels.com\\\/product\\\/jali-collection-22ct-gold-kadas-33796\\\/\",\"url\":\"https:\\\/\\\/www.purejewels.com\\\/product\\\/jali-collection-22ct-gold-kadas-33796\\\/\",\"name\":\"Jali Collection 22ct Gold Kadas - PureJewels UK\",\"isPartOf\":{\"@id\":\"https:\\\/\\\/www.purejewels.com\\\/#website\"},\"primaryImageOfPage\":{\"@id\":\"https:\\\/\\\/www.purejewels.com\\\/product\\\/jali-collection-22ct-gold-kadas-33796\\\/#primaryimage\"},\"image\":{\"@id\":\"https:\\\/\\\/www.purejewels.com\\\/product\\\/jali-collection-22ct-gold-kadas-33796\\\/#primaryimage\"},\"thumbnailUrl\":\"https:\\\/\\\/static.purejewels.com\\\/wp-content\\\/uploads\\\/2021\\\/05\\\/33796.jpg\",\"datePublished\":\"2021-05-24T05:37:43+00:00\",\"dateModified\":\"2026-01-10T16:14:24+00:00\",\"breadcrumb\":{\"@id\":\"https:\\\/\\\/www.purejewels.com\\\/product\\\/jali-collection-22ct-gold-kadas-33796\\\/#breadcrumb\"},\"inLanguage\":\"tr\",\"potentialAction\":[{\"@type\":\"ReadAction\",\"target\":[\"https:\\\/\\\/www.purejewels.com\\\/product\\\/jali-collection-22ct-gold-kadas-33796\\\/\"]}]},{\"@type\":\"ImageObject\",\"inLanguage\":\"tr\",\"@id\":\"https:\\\/\\\/www.purejewels.com\\\/product\\\/jali-collection-22ct-gold-kadas-33796\\\/#primaryimage\",\"url\":\"https:\\\/\\\/static.purejewels.com\\\/wp-content\\\/uploads\\\/2021\\\/05\\\/33796.jpg\",\"contentUrl\":\"https:\\\/\\\/static.purejewels.com\\\/wp-content\\\/uploads\\\/2021\\\/05\\\/33796.jpg\",\"width\":1000,\"height\":1000,\"caption\":\"Jali Collection 22ct Gold Kadas 33796\"},{\"@type\":\"BreadcrumbList\",\"@id\":\"https:\\\/\\\/www.purejewels.com\\\/product\\\/jali-collection-22ct-gold-kadas-33796\\\/#breadcrumb\",\"itemListElement\":[{\"@type\":\"ListItem\",\"position\":1,\"name\":\"Home\",\"item\":\"https:\\\/\\\/www.purejewels.com\\\/\"},{\"@type\":\"ListItem\",\"position\":2,\"name\":\"Shop\",\"item\":\"https:\\\/\\\/www.purejewels.com\\\/shop\\\/\"},{\"@type\":\"ListItem\",\"position\":3,\"name\":\"Jali Collection 22ct Gold Kadas\"}]},{\"@type\":\"WebSite\",\"@id\":\"https:\\\/\\\/www.purejewels.com\\\/#website\",\"url\":\"https:\\\/\\\/www.purejewels.com\\\/\",\"name\":\"PureJewels UK\",\"description\":\"Share the Love\",\"publisher\":{\"@id\":\"https:\\\/\\\/www.purejewels.com\\\/#organization\"},\"potentialAction\":[{\"@type\":\"SearchAction\",\"target\":{\"@type\":\"EntryPoint\",\"urlTemplate\":\"https:\\\/\\\/www.purejewels.com\\\/?s={search_term_string}\"},\"query-input\":{\"@type\":\"PropertyValueSpecification\",\"valueRequired\":true,\"valueName\":\"search_term_string\"}}],\"inLanguage\":\"tr\"},{\"@type\":\"Organization\",\"@id\":\"https:\\\/\\\/www.purejewels.com\\\/#organization\",\"name\":\"PureJewels UK\",\"url\":\"https:\\\/\\\/www.purejewels.com\\\/\",\"logo\":{\"@type\":\"ImageObject\",\"inLanguage\":\"tr\",\"@id\":\"https:\\\/\\\/www.purejewels.com\\\/#\\\/schema\\\/logo\\\/image\\\/\",\"url\":\"https:\\\/\\\/static.purejewels.com\\\/wp-content\\\/uploads\\\/2020\\\/11\\\/Logo-PJ-New-1.png\",\"contentUrl\":\"https:\\\/\\\/static.purejewels.com\\\/wp-content\\\/uploads\\\/2020\\\/11\\\/Logo-PJ-New-1.png\",\"width\":150,\"height\":80,\"caption\":\"PureJewels UK\"},\"image\":{\"@id\":\"https:\\\/\\\/www.purejewels.com\\\/#\\\/schema\\\/logo\\\/image\\\/\"}}]}<\/script>\n<!-- \/ Yoast SEO plugin. -->","yoast_head_json":{"title":"Jali Koleksiyonu 22 Ayar Alt\u0131n Kadas - PureJewels UK","robots":{"index":"index","follow":"follow","max-snippet":"max-snippet:-1","max-image-preview":"max-image-preview:large","max-video-preview":"max-video-preview:-1"},"canonical":"https:\/\/www.purejewels.com\/tr\/urun\/jali-collection-22-ayar-altin-kadas-33796\/","og_locale":"tr_TR","og_type":"article","og_title":"Jali Collection 22ct Gold Kadas - PureJewels UK","og_description":"Pair (two Kadas) of 22ct\u00a0Gold\u00a0Bridal or Party wear Kadas \u2013  (If you want one Kada\u00a0 please enquire on chat \u2013 the price shown here is for two kadas)  Kada1. SKU 33796 Wt\u00a0 .\u00a012.8\u00a0gms  Kada2. SKU 33796 Wt\u00a0 .\u00a012.8\u00a0gms  Total\u00a0Wt\u00a0. 25.6 gms  Size : 2.4 inch inside diameter. Please enquire for additional sizes  These are hollow Kadas  All our 22\u00a0carat\u00a0Gold\u00a0Jewellery\u00a0are hallmarked by London\u00a0Assay Office  Comes With Presentation Box  Delivery Included  All prices include VAT  Contact us \/ chat with us for live video of\u00a0product","og_url":"https:\/\/www.purejewels.com\/tr\/urun\/jali-collection-22-ayar-altin-kadas-33796\/","og_site_name":"PureJewels UK","article_modified_time":"2026-01-10T16:14:24+00:00","og_image":[{"width":1000,"height":1000,"url":"https:\/\/www.purejewels.com\/wp-content\/uploads\/2021\/05\/33796.jpg","type":"image\/jpeg"}],"twitter_card":"summary_large_image","twitter_misc":{"Tahmini okuma s\u00fcresi":"1 dakika"},"schema":{"@context":"https:\/\/schema.org","@graph":[{"@type":["WebPage","ItemPage"],"@id":"https:\/\/www.purejewels.com\/product\/jali-collection-22ct-gold-kadas-33796\/","url":"https:\/\/www.purejewels.com\/product\/jali-collection-22ct-gold-kadas-33796\/","name":"Jali Koleksiyonu 22 Ayar Alt\u0131n Kadas - PureJewels UK","isPartOf":{"@id":"https:\/\/www.purejewels.com\/#website"},"primaryImageOfPage":{"@id":"https:\/\/www.purejewels.com\/product\/jali-collection-22ct-gold-kadas-33796\/#primaryimage"},"image":{"@id":"https:\/\/www.purejewels.com\/product\/jali-collection-22ct-gold-kadas-33796\/#primaryimage"},"thumbnailUrl":"https:\/\/static.purejewels.com\/wp-content\/uploads\/2021\/05\/33796.jpg","datePublished":"2021-05-24T05:37:43+00:00","dateModified":"2026-01-10T16:14:24+00:00","breadcrumb":{"@id":"https:\/\/www.purejewels.com\/product\/jali-collection-22ct-gold-kadas-33796\/#breadcrumb"},"inLanguage":"tr","potentialAction":[{"@type":"ReadAction","target":["https:\/\/www.purejewels.com\/product\/jali-collection-22ct-gold-kadas-33796\/"]}]},{"@type":"ImageObject","inLanguage":"tr","@id":"https:\/\/www.purejewels.com\/product\/jali-collection-22ct-gold-kadas-33796\/#primaryimage","url":"https:\/\/static.purejewels.com\/wp-content\/uploads\/2021\/05\/33796.jpg","contentUrl":"https:\/\/static.purejewels.com\/wp-content\/uploads\/2021\/05\/33796.jpg","width":1000,"height":1000,"caption":"Jali Collection 22ct Gold Kadas 33796"},{"@type":"BreadcrumbList","@id":"https:\/\/www.purejewels.com\/product\/jali-collection-22ct-gold-kadas-33796\/#breadcrumb","itemListElement":[{"@type":"ListItem","position":1,"name":"Home","item":"https:\/\/www.purejewels.com\/"},{"@type":"ListItem","position":2,"name":"Shop","item":"https:\/\/www.purejewels.com\/shop\/"},{"@type":"ListItem","position":3,"name":"Jali Collection 22ct Gold Kadas"}]},{"@type":"WebSite","@id":"https:\/\/www.purejewels.com\/#website","url":"https:\/\/www.purejewels.com\/","name":"PureJewels \u0130ngiltere","description":"Sevgiyi Payla\u015f\u0131n","publisher":{"@id":"https:\/\/www.purejewels.com\/#organization"},"potentialAction":[{"@type":"SearchAction","target":{"@type":"EntryPoint","urlTemplate":"https:\/\/www.purejewels.com\/?s={search_term_string}"},"query-input":{"@type":"PropertyValueSpecification","valueRequired":true,"valueName":"search_term_string"}}],"inLanguage":"tr"},{"@type":"Organization","@id":"https:\/\/www.purejewels.com\/#organization","name":"PureJewels \u0130ngiltere","url":"https:\/\/www.purejewels.com\/","logo":{"@type":"ImageObject","inLanguage":"tr","@id":"https:\/\/www.purejewels.com\/#\/schema\/logo\/image\/","url":"https:\/\/static.purejewels.com\/wp-content\/uploads\/2020\/11\/Logo-PJ-New-1.png","contentUrl":"https:\/\/static.purejewels.com\/wp-content\/uploads\/2020\/11\/Logo-PJ-New-1.png","width":150,"height":80,"caption":"PureJewels UK"},"image":{"@id":"https:\/\/www.purejewels.com\/#\/schema\/logo\/image\/"}}]}},"_links":{"self":[{"href":"https:\/\/www.purejewels.com\/tr\/wp-json\/wp\/v2\/product\/323650","targetHints":{"allow":["GET"]}}],"collection":[{"href":"https:\/\/www.purejewels.com\/tr\/wp-json\/wp\/v2\/product"}],"about":[{"href":"https:\/\/www.purejewels.com\/tr\/wp-json\/wp\/v2\/types\/product"}],"replies":[{"embeddable":true,"href":"https:\/\/www.purejewels.com\/tr\/wp-json\/wp\/v2\/comments?post=323650"}],"version-history":[{"count":1,"href":"https:\/\/www.purejewels.com\/tr\/wp-json\/wp\/v2\/product\/323650\/revisions"}],"predecessor-version":[{"id":385628,"href":"https:\/\/www.purejewels.com\/tr\/wp-json\/wp\/v2\/product\/323650\/revisions\/385628"}],"wp:featuredmedia":[{"embeddable":true,"href":"https:\/\/www.purejewels.com\/tr\/wp-json\/wp\/v2\/media\/323652"}],"wp:attachment":[{"href":"https:\/\/www.purejewels.com\/tr\/wp-json\/wp\/v2\/media?parent=323650"}],"wp:term":[{"taxonomy":"product_brand","embeddable":true,"href":"https:\/\/www.purejewels.com\/tr\/wp-json\/wp\/v2\/product_brand?post=323650"},{"taxonomy":"product_cat","embeddable":true,"href":"https:\/\/www.purejewels.com\/tr\/wp-json\/wp\/v2\/product_cat?post=323650"},{"taxonomy":"product_tag","embeddable":true,"href":"https:\/\/www.purejewels.com\/tr\/wp-json\/wp\/v2\/product_tag?post=323650"}],"curies":[{"name":"wp","href":"https:\/\/api.w.org\/{rel}","templated":true}]}}