{"id":323681,"date":"2021-05-25T17:04:19","date_gmt":"2021-05-25T16:04:19","guid":{"rendered":"https:\/\/www.purejewels.com\/product\/22ct-gold-gents-bracelet-13-7gm\/"},"modified":"2026-01-06T09:55:46","modified_gmt":"2026-01-06T09:55:46","slug":"22-ayar-altin-erkek-bilezigi-13-7gm","status":"publish","type":"product","link":"https:\/\/www.purejewels.com\/tr\/product\/22ct-gold-gents-bracelet-13-7gm\/","title":{"rendered":"22 Ayar Alt\u0131n Erkek Bileklik 13,7 gm"},"content":{"rendered":"<h3 data-start=\"385\" data-end=\"409\"><strong data-start=\"389\" data-end=\"407\">Tasar\u0131m Konsepti<\/strong><\/h3>\n<p data-start=\"410\" data-end=\"942\">Hem gelenek hem de h\u0131rs ta\u015f\u0131yan modern insan\u0131n yolculu\u011fundan ilham alan bu 22 ayar alt\u0131n bileklik, g\u00fc\u00e7 ve s\u00fcreklili\u011fin heykelsi bir temsilidir. Tasar\u0131m, klasik Hint i\u015f\u00e7ili\u011finden esinlenirken, modern bir Bat\u0131 duyarl\u0131l\u0131\u011f\u0131n\u0131 da kucaklayarak hem zamans\u0131z hem de g\u00fcncel bir par\u00e7a ortaya \u00e7\u0131kar\u0131yor. Yap\u0131land\u0131r\u0131lm\u0131\u015f formu erkeksi geometriye bir selam niteli\u011fi ta\u015f\u0131rken, 22 ayar alt\u0131n\u0131n s\u0131cakl\u0131\u011f\u0131 safl\u0131\u011f\u0131 ve miras\u0131 \u00e7a\u011fr\u0131\u015ft\u0131r\u0131yor. Bu bileklik, kilometre ta\u015flar\u0131n\u0131, ba\u015far\u0131lar\u0131 ve modernle\u015fen miras\u0131n sessiz g\u00fcvenini kutluyor.<\/p>\n<h3 data-start=\"949\" data-end=\"972\"><strong data-start=\"953\" data-end=\"970\">Zanaatkarl\u0131k<\/strong><\/h3>\n<p data-start=\"973\" data-end=\"1542\">\u0130ngiltere'deki at\u00f6lyemizde sevgiyle el i\u015f\u00e7ili\u011fiyle \u00fcretilen bu bilezik, PureJewels'in m\u00fckemmellik ve detaylara olan ba\u011fl\u0131l\u0131\u011f\u0131n\u0131 yans\u0131tmaktad\u0131r. Londra Assay Office taraf\u0131ndan damgalanm\u0131\u015f 22 ayar som alt\u0131ndan \u00fcretilen bilezik, kal\u0131c\u0131 konfor i\u00e7in cilal\u0131 bir y\u00fczeye ve p\u00fcr\u00fczs\u00fcz eklemlere sahiptir. Her bir ba\u011flant\u0131 hassasiyetle bir araya getirilerek hem sa\u011flaml\u0131k hem de esneklik sa\u011flanm\u0131\u015ft\u0131r. G\u00fcvenli kutu toka sorunsuz entegrasyon ve g\u00f6n\u00fcl rahatl\u0131\u011f\u0131 sunarken, y\u00fcksek cilal\u0131 alt\u0131n\u0131n \u0131\u015f\u0131lt\u0131s\u0131 bilezi\u011fin zarif \u00e7ekicili\u011fini art\u0131r\u0131r. Bu, gururla tak\u0131lmak ve de\u011ferli bir yadig\u00e2r olarak aktar\u0131lmak \u00fczere tasarlanm\u0131\u015f bir par\u00e7ad\u0131r.<\/p>\n<h3 data-start=\"1549\" data-end=\"1572\"><strong data-start=\"1553\" data-end=\"1570\">Stil Fikirleri<\/strong><\/h3>\n<ul data-start=\"1573\" data-end=\"2314\">\n<li data-start=\"1573\" data-end=\"1810\">\n<p data-start=\"1575\" data-end=\"1810\"><strong data-start=\"1575\" data-end=\"1597\">G\u00fcnl\u00fck \u015e\u0131kl\u0131k:<\/strong> Bu bilezi\u011fi g\u00fcnl\u00fck bir imza olarak tak\u0131n; sadeli\u011fi sayesinde hem i\u015f k\u0131yafetleri hem de zarif g\u00fcndelik k\u0131yafetler i\u00e7in uygundur. \u0130nce ama kusursuz bir ifade i\u00e7in gevrek bir man\u015fetin veya blazer ceket kolunun alt\u0131ndan g\u00f6r\u00fcnmesine izin verin.<\/p>\n<\/li>\n<li data-start=\"1811\" data-end=\"1950\">\n<p data-start=\"1813\" data-end=\"1950\"><strong data-start=\"1813\" data-end=\"1830\">Katmanl\u0131 g\u00f6r\u00fcn\u00fcm:<\/strong> Katmanl\u0131 bir bilek i\u00e7in ince bir deri bileklik veya tamamlay\u0131c\u0131 tonlarda (kahverengi, siyah veya alt\u0131n) bir saatle e\u015fle\u015ftirin.<\/p>\n<\/li>\n<li data-start=\"1951\" data-end=\"2130\">\n<p data-start=\"1953\" data-end=\"2130\"><strong data-start=\"1953\" data-end=\"1971\">\u00d6zel g\u00fcn k\u0131yafeti:<\/strong> T\u00f6ren toplant\u0131lar\u0131, y\u0131ld\u00f6n\u00fcmleri veya hediye anlar\u0131 i\u00e7in m\u00fckemmeldir. Zengin alt\u0131n tonu; sherwaniler, resmi tak\u0131mlar veya gece k\u0131yafetleriyle zahmetsizce uyum sa\u011flar.<\/p>\n<\/li>\n<li data-start=\"2131\" data-end=\"2314\">\n<p data-start=\"2133\" data-end=\"2314\"><strong data-start=\"2133\" data-end=\"2154\">Sembolik Hediye:<\/strong> Do\u011fum g\u00fcnleri, mezuniyetler, terfiler veya \u00f6nemli ya\u015fam olaylar\u0131 gibi ki\u015fisel d\u00f6n\u00fcm noktalar\u0131n\u0131 i\u015faretlemek i\u00e7in ideal bir hediye. Hayranl\u0131k, gelenek ve miras\u0131 ifade etmek i\u00e7in hediye edin.<\/p>\n<\/li>\n<\/ul>","protected":false},"excerpt":{"rendered":"<ul>\n<li>22 Ayar Alt\u0131n Erkek Stilist Bileklik<\/li>\n<li>A\u011f\u0131rl\u0131k 13,7 gms<\/li>\n<li>Uzunluk 7 \u0130n\u00e7<\/li>\n<li>SKU. 32332<\/li>\n<li>T\u00fcm fiyatlara KDV dahildir<\/li>\n<li>Londra Tahlil Ofisi Taraf\u0131ndan Damgalanm\u0131\u015f 22 Ayar Alt\u0131n<\/li>\n<li>Sunum Kutusu ile Birlikte Gelir<\/li>\n<li>Teslimat Dahil<\/li>\n<li>\u015eu anda stokta bulunan Erkek Tak\u0131 tasar\u0131mlar\u0131n\u0131n mevcudiyeti ve daha fazla g\u00f6rsel i\u00e7in bizimle canl\u0131 sohbet edin<\/li>\n<\/ul>","protected":false},"featured_media":302771,"comment_status":"closed","ping_status":"closed","template":"","meta":{"_eb_attr":"","_crsspst_to_jayantr4sg-hostcom":false},"product_brand":[],"product_cat":[1628,1482],"product_tag":[],"class_list":{"0":"post-323681","1":"product","2":"type-product","3":"status-publish","4":"has-post-thumbnail","6":"product_cat-mens-bracelet","7":"product_cat-uncategorized","9":"first","10":"outofstock","11":"taxable","12":"shipping-taxable","13":"product-type-simple","14":"add-to-wishlist-before_image"},"yoast_head":"<!-- This site is optimized with the Yoast SEO plugin v27.3 - https:\/\/yoast.com\/product\/yoast-seo-wordpress\/ -->\n<title>22ct Gold Gents Bracelet 13.7gm - PureJewels UK<\/title>\n<meta name=\"robots\" content=\"index, follow, max-snippet:-1, max-image-preview:large, max-video-preview:-1\" \/>\n<link rel=\"canonical\" href=\"https:\/\/www.purejewels.com\/tr\/urun\/22-ayar-altin-erkek-bilezigi-13-7gm\/\" \/>\n<meta property=\"og:locale\" content=\"tr_TR\" \/>\n<meta property=\"og:type\" content=\"article\" \/>\n<meta property=\"og:title\" content=\"22ct Gold Gents Bracelet 13.7gm - PureJewels UK\" \/>\n<meta property=\"og:description\" content=\"22ct Gold Men\u2019s Stylist Bracelet  Wt. 13.7 gms  Length 7 Inches  SKU. 32332  All prices include VAT  22ct Gold\u00a0Hallmarked by London Assay Office  Comes With Presentation Box  Delivery Included  Live chat with us for availability and more images of Men\u2019s Jewellery designs currently in stock\" \/>\n<meta property=\"og:url\" content=\"https:\/\/www.purejewels.com\/tr\/urun\/22-ayar-altin-erkek-bilezigi-13-7gm\/\" \/>\n<meta property=\"og:site_name\" content=\"PureJewels UK\" \/>\n<meta property=\"article:modified_time\" content=\"2026-01-06T09:55:46+00:00\" \/>\n<meta property=\"og:image\" content=\"https:\/\/www.purejewels.com\/wp-content\/uploads\/2018\/08\/26671_2-1.png\" \/>\n\t<meta property=\"og:image:width\" content=\"1000\" \/>\n\t<meta property=\"og:image:height\" content=\"1000\" \/>\n\t<meta property=\"og:image:type\" content=\"image\/png\" \/>\n<meta name=\"twitter:card\" content=\"summary_large_image\" \/>\n<meta name=\"twitter:label1\" content=\"Tahmini okuma s\u00fcresi\" \/>\n\t<meta name=\"twitter:data1\" content=\"1 dakika\" \/>\n<script type=\"application\/ld+json\" class=\"yoast-schema-graph\">{\"@context\":\"https:\\\/\\\/schema.org\",\"@graph\":[{\"@type\":[\"WebPage\",\"ItemPage\"],\"@id\":\"https:\\\/\\\/www.purejewels.com\\\/product\\\/22ct-gold-gents-bracelet-13-7gm\\\/\",\"url\":\"https:\\\/\\\/www.purejewels.com\\\/product\\\/22ct-gold-gents-bracelet-13-7gm\\\/\",\"name\":\"22ct Gold Gents Bracelet 13.7gm - PureJewels UK\",\"isPartOf\":{\"@id\":\"https:\\\/\\\/www.purejewels.com\\\/#website\"},\"primaryImageOfPage\":{\"@id\":\"https:\\\/\\\/www.purejewels.com\\\/product\\\/22ct-gold-gents-bracelet-13-7gm\\\/#primaryimage\"},\"image\":{\"@id\":\"https:\\\/\\\/www.purejewels.com\\\/product\\\/22ct-gold-gents-bracelet-13-7gm\\\/#primaryimage\"},\"thumbnailUrl\":\"https:\\\/\\\/static.purejewels.com\\\/wp-content\\\/uploads\\\/2018\\\/08\\\/26671_2-1.png\",\"datePublished\":\"2021-05-25T16:04:19+00:00\",\"dateModified\":\"2026-01-06T09:55:46+00:00\",\"breadcrumb\":{\"@id\":\"https:\\\/\\\/www.purejewels.com\\\/product\\\/22ct-gold-gents-bracelet-13-7gm\\\/#breadcrumb\"},\"inLanguage\":\"tr\",\"potentialAction\":[{\"@type\":\"ReadAction\",\"target\":[\"https:\\\/\\\/www.purejewels.com\\\/product\\\/22ct-gold-gents-bracelet-13-7gm\\\/\"]}]},{\"@type\":\"ImageObject\",\"inLanguage\":\"tr\",\"@id\":\"https:\\\/\\\/www.purejewels.com\\\/product\\\/22ct-gold-gents-bracelet-13-7gm\\\/#primaryimage\",\"url\":\"https:\\\/\\\/static.purejewels.com\\\/wp-content\\\/uploads\\\/2018\\\/08\\\/26671_2-1.png\",\"contentUrl\":\"https:\\\/\\\/static.purejewels.com\\\/wp-content\\\/uploads\\\/2018\\\/08\\\/26671_2-1.png\",\"width\":1000,\"height\":1000,\"caption\":\"26671_2\"},{\"@type\":\"BreadcrumbList\",\"@id\":\"https:\\\/\\\/www.purejewels.com\\\/product\\\/22ct-gold-gents-bracelet-13-7gm\\\/#breadcrumb\",\"itemListElement\":[{\"@type\":\"ListItem\",\"position\":1,\"name\":\"Home\",\"item\":\"https:\\\/\\\/www.purejewels.com\\\/\"},{\"@type\":\"ListItem\",\"position\":2,\"name\":\"Shop\",\"item\":\"https:\\\/\\\/www.purejewels.com\\\/shop\\\/\"},{\"@type\":\"ListItem\",\"position\":3,\"name\":\"22ct Gold Gents Bracelet 13.7gm\"}]},{\"@type\":\"WebSite\",\"@id\":\"https:\\\/\\\/www.purejewels.com\\\/#website\",\"url\":\"https:\\\/\\\/www.purejewels.com\\\/\",\"name\":\"PureJewels UK\",\"description\":\"Share the Love\",\"publisher\":{\"@id\":\"https:\\\/\\\/www.purejewels.com\\\/#organization\"},\"potentialAction\":[{\"@type\":\"SearchAction\",\"target\":{\"@type\":\"EntryPoint\",\"urlTemplate\":\"https:\\\/\\\/www.purejewels.com\\\/?s={search_term_string}\"},\"query-input\":{\"@type\":\"PropertyValueSpecification\",\"valueRequired\":true,\"valueName\":\"search_term_string\"}}],\"inLanguage\":\"tr\"},{\"@type\":\"Organization\",\"@id\":\"https:\\\/\\\/www.purejewels.com\\\/#organization\",\"name\":\"PureJewels UK\",\"url\":\"https:\\\/\\\/www.purejewels.com\\\/\",\"logo\":{\"@type\":\"ImageObject\",\"inLanguage\":\"tr\",\"@id\":\"https:\\\/\\\/www.purejewels.com\\\/#\\\/schema\\\/logo\\\/image\\\/\",\"url\":\"https:\\\/\\\/static.purejewels.com\\\/wp-content\\\/uploads\\\/2020\\\/11\\\/Logo-PJ-New-1.png\",\"contentUrl\":\"https:\\\/\\\/static.purejewels.com\\\/wp-content\\\/uploads\\\/2020\\\/11\\\/Logo-PJ-New-1.png\",\"width\":150,\"height\":80,\"caption\":\"PureJewels UK\"},\"image\":{\"@id\":\"https:\\\/\\\/www.purejewels.com\\\/#\\\/schema\\\/logo\\\/image\\\/\"}}]}<\/script>\n<!-- \/ Yoast SEO plugin. -->","yoast_head_json":{"title":"22 Ayar Alt\u0131n Erkek Bileklik 13,7 gm - PureJewels UK","robots":{"index":"index","follow":"follow","max-snippet":"max-snippet:-1","max-image-preview":"max-image-preview:large","max-video-preview":"max-video-preview:-1"},"canonical":"https:\/\/www.purejewels.com\/tr\/urun\/22-ayar-altin-erkek-bilezigi-13-7gm\/","og_locale":"tr_TR","og_type":"article","og_title":"22ct Gold Gents Bracelet 13.7gm - PureJewels UK","og_description":"22ct Gold Men\u2019s Stylist Bracelet  Wt. 13.7 gms  Length 7 Inches  SKU. 32332  All prices include VAT  22ct Gold\u00a0Hallmarked by London Assay Office  Comes With Presentation Box  Delivery Included  Live chat with us for availability and more images of Men\u2019s Jewellery designs currently in stock","og_url":"https:\/\/www.purejewels.com\/tr\/urun\/22-ayar-altin-erkek-bilezigi-13-7gm\/","og_site_name":"PureJewels UK","article_modified_time":"2026-01-06T09:55:46+00:00","og_image":[{"width":1000,"height":1000,"url":"https:\/\/www.purejewels.com\/wp-content\/uploads\/2018\/08\/26671_2-1.png","type":"image\/png"}],"twitter_card":"summary_large_image","twitter_misc":{"Tahmini okuma s\u00fcresi":"1 dakika"},"schema":{"@context":"https:\/\/schema.org","@graph":[{"@type":["WebPage","ItemPage"],"@id":"https:\/\/www.purejewels.com\/product\/22ct-gold-gents-bracelet-13-7gm\/","url":"https:\/\/www.purejewels.com\/product\/22ct-gold-gents-bracelet-13-7gm\/","name":"22 Ayar Alt\u0131n Erkek Bileklik 13,7 gm - PureJewels UK","isPartOf":{"@id":"https:\/\/www.purejewels.com\/#website"},"primaryImageOfPage":{"@id":"https:\/\/www.purejewels.com\/product\/22ct-gold-gents-bracelet-13-7gm\/#primaryimage"},"image":{"@id":"https:\/\/www.purejewels.com\/product\/22ct-gold-gents-bracelet-13-7gm\/#primaryimage"},"thumbnailUrl":"https:\/\/static.purejewels.com\/wp-content\/uploads\/2018\/08\/26671_2-1.png","datePublished":"2021-05-25T16:04:19+00:00","dateModified":"2026-01-06T09:55:46+00:00","breadcrumb":{"@id":"https:\/\/www.purejewels.com\/product\/22ct-gold-gents-bracelet-13-7gm\/#breadcrumb"},"inLanguage":"tr","potentialAction":[{"@type":"ReadAction","target":["https:\/\/www.purejewels.com\/product\/22ct-gold-gents-bracelet-13-7gm\/"]}]},{"@type":"ImageObject","inLanguage":"tr","@id":"https:\/\/www.purejewels.com\/product\/22ct-gold-gents-bracelet-13-7gm\/#primaryimage","url":"https:\/\/static.purejewels.com\/wp-content\/uploads\/2018\/08\/26671_2-1.png","contentUrl":"https:\/\/static.purejewels.com\/wp-content\/uploads\/2018\/08\/26671_2-1.png","width":1000,"height":1000,"caption":"26671_2"},{"@type":"BreadcrumbList","@id":"https:\/\/www.purejewels.com\/product\/22ct-gold-gents-bracelet-13-7gm\/#breadcrumb","itemListElement":[{"@type":"ListItem","position":1,"name":"Home","item":"https:\/\/www.purejewels.com\/"},{"@type":"ListItem","position":2,"name":"Shop","item":"https:\/\/www.purejewels.com\/shop\/"},{"@type":"ListItem","position":3,"name":"22ct Gold Gents Bracelet 13.7gm"}]},{"@type":"WebSite","@id":"https:\/\/www.purejewels.com\/#website","url":"https:\/\/www.purejewels.com\/","name":"PureJewels \u0130ngiltere","description":"Sevgiyi Payla\u015f\u0131n","publisher":{"@id":"https:\/\/www.purejewels.com\/#organization"},"potentialAction":[{"@type":"SearchAction","target":{"@type":"EntryPoint","urlTemplate":"https:\/\/www.purejewels.com\/?s={search_term_string}"},"query-input":{"@type":"PropertyValueSpecification","valueRequired":true,"valueName":"search_term_string"}}],"inLanguage":"tr"},{"@type":"Organization","@id":"https:\/\/www.purejewels.com\/#organization","name":"PureJewels \u0130ngiltere","url":"https:\/\/www.purejewels.com\/","logo":{"@type":"ImageObject","inLanguage":"tr","@id":"https:\/\/www.purejewels.com\/#\/schema\/logo\/image\/","url":"https:\/\/static.purejewels.com\/wp-content\/uploads\/2020\/11\/Logo-PJ-New-1.png","contentUrl":"https:\/\/static.purejewels.com\/wp-content\/uploads\/2020\/11\/Logo-PJ-New-1.png","width":150,"height":80,"caption":"PureJewels UK"},"image":{"@id":"https:\/\/www.purejewels.com\/#\/schema\/logo\/image\/"}}]}},"_links":{"self":[{"href":"https:\/\/www.purejewels.com\/tr\/wp-json\/wp\/v2\/product\/323681","targetHints":{"allow":["GET"]}}],"collection":[{"href":"https:\/\/www.purejewels.com\/tr\/wp-json\/wp\/v2\/product"}],"about":[{"href":"https:\/\/www.purejewels.com\/tr\/wp-json\/wp\/v2\/types\/product"}],"replies":[{"embeddable":true,"href":"https:\/\/www.purejewels.com\/tr\/wp-json\/wp\/v2\/comments?post=323681"}],"version-history":[{"count":1,"href":"https:\/\/www.purejewels.com\/tr\/wp-json\/wp\/v2\/product\/323681\/revisions"}],"predecessor-version":[{"id":418220,"href":"https:\/\/www.purejewels.com\/tr\/wp-json\/wp\/v2\/product\/323681\/revisions\/418220"}],"wp:featuredmedia":[{"embeddable":true,"href":"https:\/\/www.purejewels.com\/tr\/wp-json\/wp\/v2\/media\/302771"}],"wp:attachment":[{"href":"https:\/\/www.purejewels.com\/tr\/wp-json\/wp\/v2\/media?parent=323681"}],"wp:term":[{"taxonomy":"product_brand","embeddable":true,"href":"https:\/\/www.purejewels.com\/tr\/wp-json\/wp\/v2\/product_brand?post=323681"},{"taxonomy":"product_cat","embeddable":true,"href":"https:\/\/www.purejewels.com\/tr\/wp-json\/wp\/v2\/product_cat?post=323681"},{"taxonomy":"product_tag","embeddable":true,"href":"https:\/\/www.purejewels.com\/tr\/wp-json\/wp\/v2\/product_tag?post=323681"}],"curies":[{"name":"wp","href":"https:\/\/api.w.org\/{rel}","templated":true}]}}