{"id":324004,"date":"2021-05-31T12:36:48","date_gmt":"2021-05-31T11:36:48","guid":{"rendered":"https:\/\/www.purejewels.com\/product\/jali-collection-22ct-gold-earring-2-5gm\/"},"modified":"2025-12-17T09:01:57","modified_gmt":"2025-12-17T09:01:57","slug":"22-ayar-altin-telkari-saplama-kupe-33841","status":"publish","type":"product","link":"https:\/\/www.purejewels.com\/tr\/product\/22-carat-gold-filigree-stud-earrings-33841\/","title":{"rendered":"22 ayar alt\u0131n telkari k\u00fcpe \u2013 Geleneksel \u00e7i\u00e7ek deseni"},"content":{"rendered":"<p>Zamans\u0131z zanaatkarl\u0131\u011f\u0131n bir kutlamas\u0131 olan bu 22 ayar alt\u0131n telkari k\u00fcpe, miras tasar\u0131m\u0131n\u0131n g\u00fczelli\u011fini taze ve zarif bir g\u00f6r\u00fcn\u00fcmle yans\u0131t\u0131yor.<\/p>\n<p>Usta zanaatkarlar taraf\u0131ndan ustaca el i\u015f\u00e7ili\u011fi ile \u00fcretilen k\u00fcpeler, ip b\u00fck\u00fcm detaylar\u0131 ve zarif boncuk vurgularla \u00e7er\u00e7evelenmi\u015f merkezi bir \u00e7i\u00e7ek motifine sahiptir. T\u00fcm detaylar parlak 22 ayar sar\u0131 alt\u0131ndan oyulmu\u015ftur. Karma\u015f\u0131k telkari tarz\u0131 doku, derinlik ve boyut katarken, yuvarlak saplama silueti klasik ve rahat bir uyum sa\u011flar.<\/p>\n<p>Bu k\u00fcpeler hafif ancak karakter doludur \u2014 g\u00fcnl\u00fck kullan\u0131m, hediye veya geleneksel k\u0131yafetlere vurgu yapmak i\u00e7in m\u00fckemmeldir. Sade zarafetleri, g\u00fcn\u00fcm\u00fcz\u00fcn kullan\u0131c\u0131lar\u0131 i\u00e7in yeniden yorumlanan nesiller boyu s\u00fcren sanat\u00e7\u0131l\u0131\u011fa bir \u00f6vg\u00fcd\u00fcr.<\/p>","protected":false},"excerpt":{"rendered":"<p>22 ayar alt\u0131nla \u00f6zenle el i\u015f\u00e7ili\u011fi ile \u00fcretilen bu geleneksel filigran k\u00fcpe, \u00e7i\u00e7ek ve ip \u00f6rg\u00fc detaylar\u0131yla g\u00fcnl\u00fck \u015f\u0131kl\u0131k veya \u00f6zel g\u00fcnler i\u00e7in m\u00fckemmeldir.<\/p>\n<ul>\n<li>22 Ayar Alt\u0131n Telkari Saplama K\u00fcpe<\/li>\n<li>A\u011f\u0131rl\u0131k 2,5 gms<\/li>\n<li>10,5 mm \u00c7ap<\/li>\n<li>SKU. 33841<\/li>\n<li>T\u00fcm fiyatlara KDV dahildir<\/li>\n<li>T\u00fcm \u00fcr\u00fcnlerimiz London Assay Office taraf\u0131ndan damgalanm\u0131\u015ft\u0131r<\/li>\n<li>sunum kutusu ile birlikte gelir<\/li>\n<li>Teslimat Dahil<\/li>\n<li>Daha fazla 22 ayar Alt\u0131n M\u00fccevherat online \u0130ngiltere ke\u015ffetmek i\u00e7in bizimle ileti\u015fime ge\u00e7in \/ sohbet edin<\/li>\n<\/ul>","protected":false},"featured_media":324006,"comment_status":"closed","ping_status":"closed","template":"","meta":{"_eb_attr":"","_crsspst_to_jayantr4sg-hostcom":true},"product_brand":[],"product_cat":[1791,1559,1254,252,1577,1574],"product_tag":[],"class_list":{"0":"post-324004","1":"product","2":"type-product","3":"status-publish","4":"has-post-thumbnail","6":"product_cat-anniversary-gifts","7":"product_cat-birthday-gifts","8":"product_cat-gold-earrings","9":"product_cat-jali-collections","10":"product_cat-stud-earrings","11":"product_cat-womens-jewellery","13":"first","14":"outofstock","15":"taxable","16":"shipping-taxable","17":"product-type-simple","18":"add-to-wishlist-before_image"},"yoast_head":"<!-- This site is optimized with the Yoast SEO plugin v27.3 - https:\/\/yoast.com\/product\/yoast-seo-wordpress\/ -->\n<title>22ct Gold Filigree Stud Earrings | PureJewels Traditional Elegance<\/title>\n<meta name=\"description\" content=\"Classic 22ct gold filigree studs, handcrafted with heritage detailing and floral motifs. A graceful fusion of tradition and wearable luxury by PureJewels.\" \/>\n<meta name=\"robots\" content=\"index, follow, max-snippet:-1, max-image-preview:large, max-video-preview:-1\" \/>\n<link rel=\"canonical\" href=\"https:\/\/www.purejewels.com\/tr\/urun\/22-ayar-altin-telkari-saplama-kupe-33841\/\" \/>\n<meta property=\"og:locale\" content=\"tr_TR\" \/>\n<meta property=\"og:type\" content=\"article\" \/>\n<meta property=\"og:title\" content=\"22ct Gold Filigree Stud Earrings | PureJewels Traditional Elegance\" \/>\n<meta property=\"og:description\" content=\"Classic 22ct gold filigree studs, handcrafted with heritage detailing and floral motifs. A graceful fusion of tradition and wearable luxury by PureJewels.\" \/>\n<meta property=\"og:url\" content=\"https:\/\/www.purejewels.com\/tr\/urun\/22-ayar-altin-telkari-saplama-kupe-33841\/\" \/>\n<meta property=\"og:site_name\" content=\"PureJewels UK\" \/>\n<meta property=\"article:modified_time\" content=\"2025-12-17T09:01:57+00:00\" \/>\n<meta property=\"og:image\" content=\"https:\/\/static.purejewels.com\/wp-content\/uploads\/2021\/05\/33841.jpg\" \/>\n\t<meta property=\"og:image:width\" content=\"1000\" \/>\n\t<meta property=\"og:image:height\" content=\"1000\" \/>\n\t<meta property=\"og:image:type\" content=\"image\/jpeg\" \/>\n<meta name=\"twitter:card\" content=\"summary_large_image\" \/>\n<meta name=\"twitter:label1\" content=\"Tahmini okuma s\u00fcresi\" \/>\n\t<meta name=\"twitter:data1\" content=\"1 dakika\" \/>\n<script type=\"application\/ld+json\" class=\"yoast-schema-graph\">{\"@context\":\"https:\\\/\\\/schema.org\",\"@graph\":[{\"@type\":[\"WebPage\",\"ItemPage\"],\"@id\":\"https:\\\/\\\/www.purejewels.com\\\/product\\\/22-carat-gold-filigree-stud-earrings-33841\\\/\",\"url\":\"https:\\\/\\\/www.purejewels.com\\\/product\\\/22-carat-gold-filigree-stud-earrings-33841\\\/\",\"name\":\"22ct Gold Filigree Stud Earrings | PureJewels Traditional Elegance\",\"isPartOf\":{\"@id\":\"https:\\\/\\\/www.purejewels.com\\\/#website\"},\"primaryImageOfPage\":{\"@id\":\"https:\\\/\\\/www.purejewels.com\\\/product\\\/22-carat-gold-filigree-stud-earrings-33841\\\/#primaryimage\"},\"image\":{\"@id\":\"https:\\\/\\\/www.purejewels.com\\\/product\\\/22-carat-gold-filigree-stud-earrings-33841\\\/#primaryimage\"},\"thumbnailUrl\":\"https:\\\/\\\/static.purejewels.com\\\/wp-content\\\/uploads\\\/2021\\\/05\\\/33841.jpg\",\"datePublished\":\"2021-05-31T11:36:48+00:00\",\"dateModified\":\"2025-12-17T09:01:57+00:00\",\"description\":\"Classic 22ct gold filigree studs, handcrafted with heritage detailing and floral motifs. A graceful fusion of tradition and wearable luxury by PureJewels.\",\"breadcrumb\":{\"@id\":\"https:\\\/\\\/www.purejewels.com\\\/product\\\/22-carat-gold-filigree-stud-earrings-33841\\\/#breadcrumb\"},\"inLanguage\":\"tr\",\"potentialAction\":[{\"@type\":\"ReadAction\",\"target\":[\"https:\\\/\\\/www.purejewels.com\\\/product\\\/22-carat-gold-filigree-stud-earrings-33841\\\/\"]}]},{\"@type\":\"ImageObject\",\"inLanguage\":\"tr\",\"@id\":\"https:\\\/\\\/www.purejewels.com\\\/product\\\/22-carat-gold-filigree-stud-earrings-33841\\\/#primaryimage\",\"url\":\"https:\\\/\\\/static.purejewels.com\\\/wp-content\\\/uploads\\\/2021\\\/05\\\/33841.jpg\",\"contentUrl\":\"https:\\\/\\\/static.purejewels.com\\\/wp-content\\\/uploads\\\/2021\\\/05\\\/33841.jpg\",\"width\":1000,\"height\":1000,\"caption\":\"22ct Gold Stud 33841\"},{\"@type\":\"BreadcrumbList\",\"@id\":\"https:\\\/\\\/www.purejewels.com\\\/product\\\/22-carat-gold-filigree-stud-earrings-33841\\\/#breadcrumb\",\"itemListElement\":[{\"@type\":\"ListItem\",\"position\":1,\"name\":\"Home\",\"item\":\"https:\\\/\\\/www.purejewels.com\\\/\"},{\"@type\":\"ListItem\",\"position\":2,\"name\":\"Shop\",\"item\":\"https:\\\/\\\/www.purejewels.com\\\/shop\\\/\"},{\"@type\":\"ListItem\",\"position\":3,\"name\":\"22ct Gold Filigree Stud Earrings \u2013 Traditional Floral Design\"}]},{\"@type\":\"WebSite\",\"@id\":\"https:\\\/\\\/www.purejewels.com\\\/#website\",\"url\":\"https:\\\/\\\/www.purejewels.com\\\/\",\"name\":\"PureJewels UK\",\"description\":\"Share the Love\",\"publisher\":{\"@id\":\"https:\\\/\\\/www.purejewels.com\\\/#organization\"},\"potentialAction\":[{\"@type\":\"SearchAction\",\"target\":{\"@type\":\"EntryPoint\",\"urlTemplate\":\"https:\\\/\\\/www.purejewels.com\\\/?s={search_term_string}\"},\"query-input\":{\"@type\":\"PropertyValueSpecification\",\"valueRequired\":true,\"valueName\":\"search_term_string\"}}],\"inLanguage\":\"tr\"},{\"@type\":\"Organization\",\"@id\":\"https:\\\/\\\/www.purejewels.com\\\/#organization\",\"name\":\"PureJewels UK\",\"url\":\"https:\\\/\\\/www.purejewels.com\\\/\",\"logo\":{\"@type\":\"ImageObject\",\"inLanguage\":\"tr\",\"@id\":\"https:\\\/\\\/www.purejewels.com\\\/#\\\/schema\\\/logo\\\/image\\\/\",\"url\":\"https:\\\/\\\/static.purejewels.com\\\/wp-content\\\/uploads\\\/2020\\\/11\\\/Logo-PJ-New-1.png\",\"contentUrl\":\"https:\\\/\\\/static.purejewels.com\\\/wp-content\\\/uploads\\\/2020\\\/11\\\/Logo-PJ-New-1.png\",\"width\":150,\"height\":80,\"caption\":\"PureJewels UK\"},\"image\":{\"@id\":\"https:\\\/\\\/www.purejewels.com\\\/#\\\/schema\\\/logo\\\/image\\\/\"}}]}<\/script>\n<!-- \/ Yoast SEO plugin. -->","yoast_head_json":{"title":"22 ayar alt\u0131n telkari k\u00fcpe | PureJewels Geleneksel Zarafet","description":"Klasik 22 ayar alt\u0131n telkari k\u00fcpeler, geleneksel detaylar ve \u00e7i\u00e7ek motifleriyle el i\u015f\u00e7ili\u011fi ile \u00fcretilmi\u015ftir. PureJewels'\u0131n gelenek ve giyilebilir l\u00fcks\u00fcn zarif birle\u015fimi.","robots":{"index":"index","follow":"follow","max-snippet":"max-snippet:-1","max-image-preview":"max-image-preview:large","max-video-preview":"max-video-preview:-1"},"canonical":"https:\/\/www.purejewels.com\/tr\/urun\/22-ayar-altin-telkari-saplama-kupe-33841\/","og_locale":"tr_TR","og_type":"article","og_title":"22ct Gold Filigree Stud Earrings | PureJewels Traditional Elegance","og_description":"Classic 22ct gold filigree studs, handcrafted with heritage detailing and floral motifs. A graceful fusion of tradition and wearable luxury by PureJewels.","og_url":"https:\/\/www.purejewels.com\/tr\/urun\/22-ayar-altin-telkari-saplama-kupe-33841\/","og_site_name":"PureJewels UK","article_modified_time":"2025-12-17T09:01:57+00:00","og_image":[{"width":1000,"height":1000,"url":"https:\/\/static.purejewels.com\/wp-content\/uploads\/2021\/05\/33841.jpg","type":"image\/jpeg"}],"twitter_card":"summary_large_image","twitter_misc":{"Tahmini okuma s\u00fcresi":"1 dakika"},"schema":{"@context":"https:\/\/schema.org","@graph":[{"@type":["WebPage","ItemPage"],"@id":"https:\/\/www.purejewels.com\/product\/22-carat-gold-filigree-stud-earrings-33841\/","url":"https:\/\/www.purejewels.com\/product\/22-carat-gold-filigree-stud-earrings-33841\/","name":"22 ayar alt\u0131n telkari k\u00fcpe | PureJewels Geleneksel Zarafet","isPartOf":{"@id":"https:\/\/www.purejewels.com\/#website"},"primaryImageOfPage":{"@id":"https:\/\/www.purejewels.com\/product\/22-carat-gold-filigree-stud-earrings-33841\/#primaryimage"},"image":{"@id":"https:\/\/www.purejewels.com\/product\/22-carat-gold-filigree-stud-earrings-33841\/#primaryimage"},"thumbnailUrl":"https:\/\/static.purejewels.com\/wp-content\/uploads\/2021\/05\/33841.jpg","datePublished":"2021-05-31T11:36:48+00:00","dateModified":"2025-12-17T09:01:57+00:00","description":"Klasik 22 ayar alt\u0131n telkari k\u00fcpeler, geleneksel detaylar ve \u00e7i\u00e7ek motifleriyle el i\u015f\u00e7ili\u011fi ile \u00fcretilmi\u015ftir. PureJewels'\u0131n gelenek ve giyilebilir l\u00fcks\u00fcn zarif birle\u015fimi.","breadcrumb":{"@id":"https:\/\/www.purejewels.com\/product\/22-carat-gold-filigree-stud-earrings-33841\/#breadcrumb"},"inLanguage":"tr","potentialAction":[{"@type":"ReadAction","target":["https:\/\/www.purejewels.com\/product\/22-carat-gold-filigree-stud-earrings-33841\/"]}]},{"@type":"ImageObject","inLanguage":"tr","@id":"https:\/\/www.purejewels.com\/product\/22-carat-gold-filigree-stud-earrings-33841\/#primaryimage","url":"https:\/\/static.purejewels.com\/wp-content\/uploads\/2021\/05\/33841.jpg","contentUrl":"https:\/\/static.purejewels.com\/wp-content\/uploads\/2021\/05\/33841.jpg","width":1000,"height":1000,"caption":"22ct Gold Stud 33841"},{"@type":"BreadcrumbList","@id":"https:\/\/www.purejewels.com\/product\/22-carat-gold-filigree-stud-earrings-33841\/#breadcrumb","itemListElement":[{"@type":"ListItem","position":1,"name":"Home","item":"https:\/\/www.purejewels.com\/"},{"@type":"ListItem","position":2,"name":"Shop","item":"https:\/\/www.purejewels.com\/shop\/"},{"@type":"ListItem","position":3,"name":"22ct Gold Filigree Stud Earrings \u2013 Traditional Floral Design"}]},{"@type":"WebSite","@id":"https:\/\/www.purejewels.com\/#website","url":"https:\/\/www.purejewels.com\/","name":"PureJewels \u0130ngiltere","description":"Sevgiyi Payla\u015f\u0131n","publisher":{"@id":"https:\/\/www.purejewels.com\/#organization"},"potentialAction":[{"@type":"SearchAction","target":{"@type":"EntryPoint","urlTemplate":"https:\/\/www.purejewels.com\/?s={search_term_string}"},"query-input":{"@type":"PropertyValueSpecification","valueRequired":true,"valueName":"search_term_string"}}],"inLanguage":"tr"},{"@type":"Organization","@id":"https:\/\/www.purejewels.com\/#organization","name":"PureJewels \u0130ngiltere","url":"https:\/\/www.purejewels.com\/","logo":{"@type":"ImageObject","inLanguage":"tr","@id":"https:\/\/www.purejewels.com\/#\/schema\/logo\/image\/","url":"https:\/\/static.purejewels.com\/wp-content\/uploads\/2020\/11\/Logo-PJ-New-1.png","contentUrl":"https:\/\/static.purejewels.com\/wp-content\/uploads\/2020\/11\/Logo-PJ-New-1.png","width":150,"height":80,"caption":"PureJewels UK"},"image":{"@id":"https:\/\/www.purejewels.com\/#\/schema\/logo\/image\/"}}]}},"_links":{"self":[{"href":"https:\/\/www.purejewels.com\/tr\/wp-json\/wp\/v2\/product\/324004","targetHints":{"allow":["GET"]}}],"collection":[{"href":"https:\/\/www.purejewels.com\/tr\/wp-json\/wp\/v2\/product"}],"about":[{"href":"https:\/\/www.purejewels.com\/tr\/wp-json\/wp\/v2\/types\/product"}],"replies":[{"embeddable":true,"href":"https:\/\/www.purejewels.com\/tr\/wp-json\/wp\/v2\/comments?post=324004"}],"version-history":[{"count":2,"href":"https:\/\/www.purejewels.com\/tr\/wp-json\/wp\/v2\/product\/324004\/revisions"}],"predecessor-version":[{"id":423289,"href":"https:\/\/www.purejewels.com\/tr\/wp-json\/wp\/v2\/product\/324004\/revisions\/423289"}],"wp:featuredmedia":[{"embeddable":true,"href":"https:\/\/www.purejewels.com\/tr\/wp-json\/wp\/v2\/media\/324006"}],"wp:attachment":[{"href":"https:\/\/www.purejewels.com\/tr\/wp-json\/wp\/v2\/media?parent=324004"}],"wp:term":[{"taxonomy":"product_brand","embeddable":true,"href":"https:\/\/www.purejewels.com\/tr\/wp-json\/wp\/v2\/product_brand?post=324004"},{"taxonomy":"product_cat","embeddable":true,"href":"https:\/\/www.purejewels.com\/tr\/wp-json\/wp\/v2\/product_cat?post=324004"},{"taxonomy":"product_tag","embeddable":true,"href":"https:\/\/www.purejewels.com\/tr\/wp-json\/wp\/v2\/product_tag?post=324004"}],"curies":[{"name":"wp","href":"https:\/\/api.w.org\/{rel}","templated":true}]}}