{"id":324376,"date":"2021-06-09T12:51:30","date_gmt":"2021-06-09T11:51:30","guid":{"rendered":"https:\/\/www.purejewels.com\/product\/diarossa-wedding-band-ring-9-7gm\/"},"modified":"2025-11-04T11:35:36","modified_gmt":"2025-11-04T11:35:36","slug":"erkek-platin-alyans-uk-33859","status":"publish","type":"product","link":"https:\/\/www.purejewels.com\/tr\/product\/mens-platinum-wedding-band-uk-33859\/","title":{"rendered":"Erkek Platin Alyans \u0130ngiltere"},"content":{"rendered":"<p>Sonsuz a\u015fk\u0131n\u0131z\u0131n ve ba\u011fl\u0131l\u0131\u011f\u0131n\u0131z\u0131n m\u00fckemmel sembol\u00fcn\u00fc m\u00fc ar\u0131yorsunuz? Enfes Platin Alyans\u0131m\u0131zdan ba\u015fkas\u0131na bakmay\u0131n. En iyi kalite platinden \u00fcretilen bu y\u00fcz\u00fck, hem erkek hem de kad\u0131n i\u00e7in zamans\u0131z ve zarif bir se\u00e7imdir.<\/p>\n<p>Klasik 7 mm kal\u0131nl\u0131\u011f\u0131nda tasarlanan Erkek Platin Alyans\u0131m\u0131z, modern damatlar i\u00e7in cesur ve sofistike bir se\u00e7imdir. Y\u00fcz\u00fck, ki\u015fisel tarz\u0131n\u0131za ve tercihinize uyacak \u015fekilde \u00e7e\u015fitli boyutlarda ve geni\u015fliklerde yap\u0131labilir.<\/p>\n<p>Platin Alyanslar\u0131m\u0131z\u0131n her biri prestijli Londra Tahlil Ofisi taraf\u0131ndan damgalanarak metalin orijinalli\u011fini ve kalitesini garanti eder. Y\u00fcz\u00fc\u011f\u00fcn\u00fcz l\u00fcks bir sunum kutusunda g\u00fczel bir \u015fekilde sunulacak ve bu da onu \u00f6zel g\u00fcn\u00fcn\u00fcz i\u00e7in m\u00fckemmel bir se\u00e7im haline getirecektir.<\/p>\n<p>\u00dccretsiz takipli teslimat ve 30 g\u00fcnl\u00fck para iade garantisi ile sat\u0131n alma i\u015fleminizin korundu\u011funu bilerek g\u00fcvenle al\u0131\u015fveri\u015f yapabilirsiniz. \u00dcr\u00fcn\u00fcn videosu i\u00e7in veya daha h\u0131zl\u0131 teslimat talep etmek i\u00e7in bizimle ileti\u015fime ge\u00e7mekten \u00e7ekinmeyin. Platin Alyans\u0131n\u0131z\u0131 bug\u00fcn sipari\u015f edin ve d\u00fc\u011f\u00fcn g\u00fcn\u00fcn\u00fcz\u00fc daha da \u00f6zel k\u0131l\u0131n.<\/p>","protected":false},"excerpt":{"rendered":"<ul>\n<li>Platin Alyans<\/li>\n<li>Boyut. R<\/li>\n<li>Kal\u0131nl\u0131k 7mm<\/li>\n<li>SKU. 33859<\/li>\n<li>\u00c7e\u015fitli ebat ve geni\u015fliklerde yap\u0131labilir<\/li>\n<li>T\u00fcm \u00fcr\u00fcnlerimiz London Assay Office taraf\u0131ndan damgalanm\u0131\u015ft\u0131r<\/li>\n<li>T\u00fcm Platin Y\u00fcz\u00fcklerimiz \u0130ngiltere Sunum Kutusu ile Birlikte Gelir<\/li>\n<li>Teslimat Dahil<\/li>\n<li>T\u00fcm fiyatlara KDV dahildir<\/li>\n<li>\u00dcr\u00fcn videosu i\u00e7in bize ula\u015f\u0131n \/ bizimle sohbet edin<\/li>\n<\/ul>","protected":false},"featured_media":342900,"comment_status":"closed","ping_status":"closed","template":"","meta":{"_eb_attr":"","_crsspst_to_jayantr4sg-hostcom":false},"product_brand":[],"product_cat":[1572,1800,5293,5294,229,226],"product_tag":[],"class_list":{"0":"post-324376","1":"product","2":"type-product","3":"status-publish","4":"has-post-thumbnail","6":"product_cat-mens-jewellery","7":"product_cat-platinum-bands","8":"product_cat-platinum-wedding-bands-2","9":"product_cat-platinum-wedding-bands-for-men","10":"product_cat-wedding-bands","11":"product_cat-wedding-rings-bands","13":"first","14":"instock","15":"taxable","16":"shipping-taxable","17":"purchasable","18":"product-type-simple","19":"add-to-wishlist-before_image"},"yoast_head":"<!-- This site is optimized with the Yoast SEO plugin v27.5 - https:\/\/yoast.com\/product\/yoast-seo-wordpress\/ -->\n<title>Platinum Wedding Rings for His and Hers | PureJewels UK<\/title>\n<meta name=\"description\" content=\"Looking for Wedding Band Rings? Choose from our collection to show your love &amp; commitment. Buy perfect Platinum Wedding Ring today.\" \/>\n<meta name=\"robots\" content=\"index, follow, max-snippet:-1, max-image-preview:large, max-video-preview:-1\" \/>\n<link rel=\"canonical\" href=\"https:\/\/www.purejewels.com\/tr\/urun\/erkek-platin-alyans-uk-33859\/\" \/>\n<meta property=\"og:locale\" content=\"tr_TR\" \/>\n<meta property=\"og:type\" content=\"article\" \/>\n<meta property=\"og:title\" content=\"Platinum Wedding Rings for His and Hers | PureJewels UK\" \/>\n<meta property=\"og:description\" content=\"Looking for Wedding Band Rings? Choose from our collection to show your love &amp; commitment. Buy perfect Platinum Wedding Ring today.\" \/>\n<meta property=\"og:url\" content=\"https:\/\/www.purejewels.com\/tr\/urun\/erkek-platin-alyans-uk-33859\/\" \/>\n<meta property=\"og:site_name\" content=\"PureJewels UK\" \/>\n<meta property=\"article:modified_time\" content=\"2025-11-04T11:35:36+00:00\" \/>\n<meta property=\"og:image\" content=\"https:\/\/www.purejewels.com\/wp-content\/uploads\/2021\/06\/33859-2-1.jpg\" \/>\n\t<meta property=\"og:image:width\" content=\"1000\" \/>\n\t<meta property=\"og:image:height\" content=\"1000\" \/>\n\t<meta property=\"og:image:type\" content=\"image\/jpeg\" \/>\n<meta name=\"twitter:card\" content=\"summary_large_image\" \/>\n<meta name=\"twitter:label1\" content=\"Tahmini okuma s\u00fcresi\" \/>\n\t<meta name=\"twitter:data1\" content=\"1 dakika\" \/>\n<script type=\"application\/ld+json\" class=\"yoast-schema-graph\">{\"@context\":\"https:\\\/\\\/schema.org\",\"@graph\":[{\"@type\":[\"WebPage\",\"ItemPage\"],\"@id\":\"https:\\\/\\\/www.purejewels.com\\\/product\\\/mens-platinum-wedding-band-uk-33859\\\/\",\"url\":\"https:\\\/\\\/www.purejewels.com\\\/product\\\/mens-platinum-wedding-band-uk-33859\\\/\",\"name\":\"Platinum Wedding Rings for His and Hers | PureJewels UK\",\"isPartOf\":{\"@id\":\"https:\\\/\\\/www.purejewels.com\\\/#website\"},\"primaryImageOfPage\":{\"@id\":\"https:\\\/\\\/www.purejewels.com\\\/product\\\/mens-platinum-wedding-band-uk-33859\\\/#primaryimage\"},\"image\":{\"@id\":\"https:\\\/\\\/www.purejewels.com\\\/product\\\/mens-platinum-wedding-band-uk-33859\\\/#primaryimage\"},\"thumbnailUrl\":\"https:\\\/\\\/static.purejewels.com\\\/wp-content\\\/uploads\\\/2021\\\/06\\\/33859-2-1.jpg\",\"datePublished\":\"2021-06-09T11:51:30+00:00\",\"dateModified\":\"2025-11-04T11:35:36+00:00\",\"description\":\"Looking for Wedding Band Rings? Choose from our collection to show your love & commitment. Buy perfect Platinum Wedding Ring today.\",\"breadcrumb\":{\"@id\":\"https:\\\/\\\/www.purejewels.com\\\/product\\\/mens-platinum-wedding-band-uk-33859\\\/#breadcrumb\"},\"inLanguage\":\"tr\",\"potentialAction\":[{\"@type\":\"ReadAction\",\"target\":[\"https:\\\/\\\/www.purejewels.com\\\/product\\\/mens-platinum-wedding-band-uk-33859\\\/\"]}]},{\"@type\":\"ImageObject\",\"inLanguage\":\"tr\",\"@id\":\"https:\\\/\\\/www.purejewels.com\\\/product\\\/mens-platinum-wedding-band-uk-33859\\\/#primaryimage\",\"url\":\"https:\\\/\\\/static.purejewels.com\\\/wp-content\\\/uploads\\\/2021\\\/06\\\/33859-2-1.jpg\",\"contentUrl\":\"https:\\\/\\\/static.purejewels.com\\\/wp-content\\\/uploads\\\/2021\\\/06\\\/33859-2-1.jpg\",\"width\":1000,\"height\":1000},{\"@type\":\"BreadcrumbList\",\"@id\":\"https:\\\/\\\/www.purejewels.com\\\/product\\\/mens-platinum-wedding-band-uk-33859\\\/#breadcrumb\",\"itemListElement\":[{\"@type\":\"ListItem\",\"position\":1,\"name\":\"Home\",\"item\":\"https:\\\/\\\/www.purejewels.com\\\/\"},{\"@type\":\"ListItem\",\"position\":2,\"name\":\"Shop\",\"item\":\"https:\\\/\\\/www.purejewels.com\\\/shop\\\/\"},{\"@type\":\"ListItem\",\"position\":3,\"name\":\"Men&#8217;s Platinum Wedding Band UK\"}]},{\"@type\":\"WebSite\",\"@id\":\"https:\\\/\\\/www.purejewels.com\\\/#website\",\"url\":\"https:\\\/\\\/www.purejewels.com\\\/\",\"name\":\"PureJewels UK\",\"description\":\"Share the Love\",\"publisher\":{\"@id\":\"https:\\\/\\\/www.purejewels.com\\\/#organization\"},\"potentialAction\":[{\"@type\":\"SearchAction\",\"target\":{\"@type\":\"EntryPoint\",\"urlTemplate\":\"https:\\\/\\\/www.purejewels.com\\\/?s={search_term_string}\"},\"query-input\":{\"@type\":\"PropertyValueSpecification\",\"valueRequired\":true,\"valueName\":\"search_term_string\"}}],\"inLanguage\":\"tr\"},{\"@type\":\"Organization\",\"@id\":\"https:\\\/\\\/www.purejewels.com\\\/#organization\",\"name\":\"PureJewels UK\",\"url\":\"https:\\\/\\\/www.purejewels.com\\\/\",\"logo\":{\"@type\":\"ImageObject\",\"inLanguage\":\"tr\",\"@id\":\"https:\\\/\\\/www.purejewels.com\\\/#\\\/schema\\\/logo\\\/image\\\/\",\"url\":\"https:\\\/\\\/static.purejewels.com\\\/wp-content\\\/uploads\\\/2020\\\/11\\\/Logo-PJ-New-1.png\",\"contentUrl\":\"https:\\\/\\\/static.purejewels.com\\\/wp-content\\\/uploads\\\/2020\\\/11\\\/Logo-PJ-New-1.png\",\"width\":150,\"height\":80,\"caption\":\"PureJewels UK\"},\"image\":{\"@id\":\"https:\\\/\\\/www.purejewels.com\\\/#\\\/schema\\\/logo\\\/image\\\/\"}}]}<\/script>\n<!-- \/ Yoast SEO plugin. -->","yoast_head_json":{"title":"Erkek ve K\u0131z \u00c7ocuklar\u0131 i\u00e7in Platin Alyanslar | PureJewels UK","description":"Alyans Y\u00fcz\u00fck m\u00fc ar\u0131yorsunuz? A\u015fk\u0131n\u0131z\u0131 ve ba\u011fl\u0131l\u0131\u011f\u0131n\u0131z\u0131 g\u00f6stermek i\u00e7in koleksiyonumuzdan se\u00e7im yap\u0131n. M\u00fckemmel Platin Alyans\u0131 bug\u00fcn sat\u0131n al\u0131n.","robots":{"index":"index","follow":"follow","max-snippet":"max-snippet:-1","max-image-preview":"max-image-preview:large","max-video-preview":"max-video-preview:-1"},"canonical":"https:\/\/www.purejewels.com\/tr\/urun\/erkek-platin-alyans-uk-33859\/","og_locale":"tr_TR","og_type":"article","og_title":"Platinum Wedding Rings for His and Hers | PureJewels UK","og_description":"Looking for Wedding Band Rings? Choose from our collection to show your love & commitment. Buy perfect Platinum Wedding Ring today.","og_url":"https:\/\/www.purejewels.com\/tr\/urun\/erkek-platin-alyans-uk-33859\/","og_site_name":"PureJewels UK","article_modified_time":"2025-11-04T11:35:36+00:00","og_image":[{"width":1000,"height":1000,"url":"https:\/\/www.purejewels.com\/wp-content\/uploads\/2021\/06\/33859-2-1.jpg","type":"image\/jpeg"}],"twitter_card":"summary_large_image","twitter_misc":{"Tahmini okuma s\u00fcresi":"1 dakika"},"schema":{"@context":"https:\/\/schema.org","@graph":[{"@type":["WebPage","ItemPage"],"@id":"https:\/\/www.purejewels.com\/product\/mens-platinum-wedding-band-uk-33859\/","url":"https:\/\/www.purejewels.com\/product\/mens-platinum-wedding-band-uk-33859\/","name":"Erkek ve K\u0131z \u00c7ocuklar\u0131 i\u00e7in Platin Alyanslar | PureJewels UK","isPartOf":{"@id":"https:\/\/www.purejewels.com\/#website"},"primaryImageOfPage":{"@id":"https:\/\/www.purejewels.com\/product\/mens-platinum-wedding-band-uk-33859\/#primaryimage"},"image":{"@id":"https:\/\/www.purejewels.com\/product\/mens-platinum-wedding-band-uk-33859\/#primaryimage"},"thumbnailUrl":"https:\/\/static.purejewels.com\/wp-content\/uploads\/2021\/06\/33859-2-1.jpg","datePublished":"2021-06-09T11:51:30+00:00","dateModified":"2025-11-04T11:35:36+00:00","description":"Alyans Y\u00fcz\u00fck m\u00fc ar\u0131yorsunuz? A\u015fk\u0131n\u0131z\u0131 ve ba\u011fl\u0131l\u0131\u011f\u0131n\u0131z\u0131 g\u00f6stermek i\u00e7in koleksiyonumuzdan se\u00e7im yap\u0131n. M\u00fckemmel Platin Alyans\u0131 bug\u00fcn sat\u0131n al\u0131n.","breadcrumb":{"@id":"https:\/\/www.purejewels.com\/product\/mens-platinum-wedding-band-uk-33859\/#breadcrumb"},"inLanguage":"tr","potentialAction":[{"@type":"ReadAction","target":["https:\/\/www.purejewels.com\/product\/mens-platinum-wedding-band-uk-33859\/"]}]},{"@type":"ImageObject","inLanguage":"tr","@id":"https:\/\/www.purejewels.com\/product\/mens-platinum-wedding-band-uk-33859\/#primaryimage","url":"https:\/\/static.purejewels.com\/wp-content\/uploads\/2021\/06\/33859-2-1.jpg","contentUrl":"https:\/\/static.purejewels.com\/wp-content\/uploads\/2021\/06\/33859-2-1.jpg","width":1000,"height":1000},{"@type":"BreadcrumbList","@id":"https:\/\/www.purejewels.com\/product\/mens-platinum-wedding-band-uk-33859\/#breadcrumb","itemListElement":[{"@type":"ListItem","position":1,"name":"Home","item":"https:\/\/www.purejewels.com\/"},{"@type":"ListItem","position":2,"name":"Shop","item":"https:\/\/www.purejewels.com\/shop\/"},{"@type":"ListItem","position":3,"name":"Men&#8217;s Platinum Wedding Band UK"}]},{"@type":"WebSite","@id":"https:\/\/www.purejewels.com\/#website","url":"https:\/\/www.purejewels.com\/","name":"PureJewels \u0130ngiltere","description":"Sevgiyi Payla\u015f\u0131n","publisher":{"@id":"https:\/\/www.purejewels.com\/#organization"},"potentialAction":[{"@type":"SearchAction","target":{"@type":"EntryPoint","urlTemplate":"https:\/\/www.purejewels.com\/?s={search_term_string}"},"query-input":{"@type":"PropertyValueSpecification","valueRequired":true,"valueName":"search_term_string"}}],"inLanguage":"tr"},{"@type":"Organization","@id":"https:\/\/www.purejewels.com\/#organization","name":"PureJewels \u0130ngiltere","url":"https:\/\/www.purejewels.com\/","logo":{"@type":"ImageObject","inLanguage":"tr","@id":"https:\/\/www.purejewels.com\/#\/schema\/logo\/image\/","url":"https:\/\/static.purejewels.com\/wp-content\/uploads\/2020\/11\/Logo-PJ-New-1.png","contentUrl":"https:\/\/static.purejewels.com\/wp-content\/uploads\/2020\/11\/Logo-PJ-New-1.png","width":150,"height":80,"caption":"PureJewels UK"},"image":{"@id":"https:\/\/www.purejewels.com\/#\/schema\/logo\/image\/"}}]}},"_links":{"self":[{"href":"https:\/\/www.purejewels.com\/tr\/wp-json\/wp\/v2\/product\/324376","targetHints":{"allow":["GET"]}}],"collection":[{"href":"https:\/\/www.purejewels.com\/tr\/wp-json\/wp\/v2\/product"}],"about":[{"href":"https:\/\/www.purejewels.com\/tr\/wp-json\/wp\/v2\/types\/product"}],"replies":[{"embeddable":true,"href":"https:\/\/www.purejewels.com\/tr\/wp-json\/wp\/v2\/comments?post=324376"}],"version-history":[{"count":2,"href":"https:\/\/www.purejewels.com\/tr\/wp-json\/wp\/v2\/product\/324376\/revisions"}],"predecessor-version":[{"id":420039,"href":"https:\/\/www.purejewels.com\/tr\/wp-json\/wp\/v2\/product\/324376\/revisions\/420039"}],"wp:featuredmedia":[{"embeddable":true,"href":"https:\/\/www.purejewels.com\/tr\/wp-json\/wp\/v2\/media\/342900"}],"wp:attachment":[{"href":"https:\/\/www.purejewels.com\/tr\/wp-json\/wp\/v2\/media?parent=324376"}],"wp:term":[{"taxonomy":"product_brand","embeddable":true,"href":"https:\/\/www.purejewels.com\/tr\/wp-json\/wp\/v2\/product_brand?post=324376"},{"taxonomy":"product_cat","embeddable":true,"href":"https:\/\/www.purejewels.com\/tr\/wp-json\/wp\/v2\/product_cat?post=324376"},{"taxonomy":"product_tag","embeddable":true,"href":"https:\/\/www.purejewels.com\/tr\/wp-json\/wp\/v2\/product_tag?post=324376"}],"curies":[{"name":"wp","href":"https:\/\/api.w.org\/{rel}","templated":true}]}}