{"id":324378,"date":"2021-06-09T12:55:44","date_gmt":"2021-06-09T11:55:44","guid":{"rendered":"https:\/\/www.purejewels.com\/product\/diarossa-wedding-band-ring-10-2gm\/"},"modified":"2025-11-04T11:52:31","modified_gmt":"2025-11-04T11:52:31","slug":"erkek-platin-alyans-33860","status":"publish","type":"product","link":"https:\/\/www.purejewels.com\/tr\/product\/mens-platinum-wedding-band-33860\/","title":{"rendered":"Erkek Platin Alyans"},"content":{"rendered":"<h3>Zenginlik<\/h3>\n<p>Sonsuz a\u015fk gibi, p\u0131rlanta da sonsuza dek kal\u0131c\u0131d\u0131r; platin ise safl\u0131\u011f\u0131, g\u00fcc\u00fc ve ger\u00e7ek a\u015fk\u0131 simgeler. Ger\u00e7ek a\u015fk ba\u011f\u0131n\u0131za benzer \u015fekilde, platin de nadir bulunur ve en zorlu zaman ve ko\u015fullarda bile parlakl\u0131\u011f\u0131n\u0131 ve g\u00fcc\u00fcn\u00fc korudu\u011fu i\u00e7in a\u015fk\u0131n sonsuz dayan\u0131kl\u0131l\u0131\u011f\u0131n\u0131 temsil eder.<\/p>\n<h3>Tasar\u0131m<\/h3>\n<p>Erkekler i\u00e7in <strong>plati\u0307n d\u00fc\u011f\u00fcn<\/strong> <a href=\"https:\/\/www.purejewels.com\/tr\/product-category\/22ct-gold-jewellery\/gold-rings\/\">halkalar<\/a> Purejewels taraf\u0131ndan \u00fcretilen m\u00fccevherler g\u0131pta edilen hazineler gibidir. Erkek platin m\u00fccevher koleksiyonumuzdan bu zarif m\u00fccevher de nadir ve l\u00fcks. Silueti, g\u00fczel Pembe \u015eehir Jaipur'un \u00e7e\u015fitli ve zengin saray yap\u0131lar\u0131ndan ve vintage kap\u0131lar\u0131ndan esinlenmi\u015ftir. Bu alyans cesur ve zariftir, tasar\u0131m merkezde cesur oymal\u0131 ve kabartmal\u0131 bir bantla ba\u015flar. Her iki kenar da bu sanat eserinin inceli\u011fini korumak amac\u0131yla zarif bir y\u00fczey elde etmek i\u00e7in m\u00fckemmel bir \u015fekilde parlat\u0131lm\u0131\u015ft\u0131r. Bu band\u0131n kal\u0131nl\u0131\u011f\u0131 7 mm'dir ve R bedenindedir, sadece canl\u0131 sohbet se\u00e7ene\u011fimiz arac\u0131l\u0131\u011f\u0131yla bizimle ileti\u015fime ge\u00e7erek bedeninize g\u00f6re alabilirsiniz.<\/p>\n<h3>Ke\u015ffedin<\/h3>\n<p>\u00d6rnek bir erkek platin koleksiyonumuz var <strong>nikah y\u00fcz\u00fckleri<\/strong> Purejewels'in bu kolyesi ise t\u00fcr\u00fcn\u00fcn tek \u00f6rne\u011fi. Sevgilinizi ger\u00e7ekten \u00f6zel hissettirmek i\u00e7in sonsuz a\u015fk ba\u011f\u0131n\u0131n bir \u00f6zeti gibidir. Alyans\u0131n\u0131z\u0131 t\u00fcm g\u00fcn, her g\u00fcn g\u00f6sterin \u00e7\u00fcnk\u00fc o sadece sahip oldu\u011funuz a\u015fk\u0131 de\u011fil ayn\u0131 zamanda tarz\u0131n\u0131z\u0131 da ifade eder.<\/p>","protected":false},"excerpt":{"rendered":"<ul>\n<li>Platin Alyans<\/li>\n<li>Boyut. R<\/li>\n<li>Kal\u0131nl\u0131k 7mm<\/li>\n<li>SKU. 33860<\/li>\n<li>\u00c7e\u015fitli ebat ve geni\u015fliklerde yap\u0131labilir<\/li>\n<li>T\u00fcm \u00fcr\u00fcnlerimiz London Assay Office taraf\u0131ndan damgalanm\u0131\u015ft\u0131r<\/li>\n<li>T\u00fcm Platin Y\u00fcz\u00fcklerimiz \u0130ngiltere Sunum Kutusu ile Birlikte Gelir<\/li>\n<li>Teslimat Dahil<\/li>\n<li>T\u00fcm fiyatlara KDV dahildir<\/li>\n<li>\u00dcr\u00fcn videosu i\u00e7in bize ula\u015f\u0131n \/ bizimle sohbet edin<\/li>\n<\/ul>","protected":false},"featured_media":342903,"comment_status":"closed","ping_status":"closed","template":"","meta":{"_eb_attr":"","_crsspst_to_jayantr4sg-hostcom":true},"product_brand":[],"product_cat":[1800,5293,5294,229],"product_tag":[],"class_list":{"0":"post-324378","1":"product","2":"type-product","3":"status-publish","4":"has-post-thumbnail","6":"product_cat-platinum-bands","7":"product_cat-platinum-wedding-bands-2","8":"product_cat-platinum-wedding-bands-for-men","9":"product_cat-wedding-bands","11":"first","12":"instock","13":"taxable","14":"shipping-taxable","15":"purchasable","16":"product-type-simple","17":"add-to-wishlist-before_image"},"yoast_head":"<!-- This site is optimized with the Yoast SEO plugin v27.5 - https:\/\/yoast.com\/product\/yoast-seo-wordpress\/ -->\n<title>Platinum Wedding Rings for Men | PureJewels UK<\/title>\n<meta name=\"description\" content=\"Men&#039;S Platinum Wedding Rings From Purejewels. Buy Stunning Platinum Wedding Bands For Men Online, Or From Our Showrooms\" \/>\n<meta name=\"robots\" content=\"index, follow, max-snippet:-1, max-image-preview:large, max-video-preview:-1\" \/>\n<link rel=\"canonical\" href=\"https:\/\/www.purejewels.com\/tr\/urun\/erkek-platin-alyans-33860\/\" \/>\n<meta property=\"og:locale\" content=\"tr_TR\" \/>\n<meta property=\"og:type\" content=\"article\" \/>\n<meta property=\"og:title\" content=\"Platinum Wedding Rings for Men | PureJewels UK\" \/>\n<meta property=\"og:description\" content=\"Men&#039;S Platinum Wedding Rings From Purejewels. Buy Stunning Platinum Wedding Bands For Men Online, Or From Our Showrooms\" \/>\n<meta property=\"og:url\" content=\"https:\/\/www.purejewels.com\/tr\/urun\/erkek-platin-alyans-33860\/\" \/>\n<meta property=\"og:site_name\" content=\"PureJewels UK\" \/>\n<meta property=\"article:modified_time\" content=\"2025-11-04T11:52:31+00:00\" \/>\n<meta property=\"og:image\" content=\"https:\/\/www.purejewels.com\/wp-content\/uploads\/2021\/06\/33860-2-1.jpg\" \/>\n\t<meta property=\"og:image:width\" content=\"1000\" \/>\n\t<meta property=\"og:image:height\" content=\"1000\" \/>\n\t<meta property=\"og:image:type\" content=\"image\/jpeg\" \/>\n<meta name=\"twitter:card\" content=\"summary_large_image\" \/>\n<meta name=\"twitter:label1\" content=\"Tahmini okuma s\u00fcresi\" \/>\n\t<meta name=\"twitter:data1\" content=\"2 dakika\" \/>\n<script type=\"application\/ld+json\" class=\"yoast-schema-graph\">{\"@context\":\"https:\\\/\\\/schema.org\",\"@graph\":[{\"@type\":[\"WebPage\",\"ItemPage\"],\"@id\":\"https:\\\/\\\/www.purejewels.com\\\/product\\\/mens-platinum-wedding-band-33860\\\/\",\"url\":\"https:\\\/\\\/www.purejewels.com\\\/product\\\/mens-platinum-wedding-band-33860\\\/\",\"name\":\"Platinum Wedding Rings for Men | PureJewels UK\",\"isPartOf\":{\"@id\":\"https:\\\/\\\/www.purejewels.com\\\/#website\"},\"primaryImageOfPage\":{\"@id\":\"https:\\\/\\\/www.purejewels.com\\\/product\\\/mens-platinum-wedding-band-33860\\\/#primaryimage\"},\"image\":{\"@id\":\"https:\\\/\\\/www.purejewels.com\\\/product\\\/mens-platinum-wedding-band-33860\\\/#primaryimage\"},\"thumbnailUrl\":\"https:\\\/\\\/static.purejewels.com\\\/wp-content\\\/uploads\\\/2021\\\/06\\\/33860-2-1.jpg\",\"datePublished\":\"2021-06-09T11:55:44+00:00\",\"dateModified\":\"2025-11-04T11:52:31+00:00\",\"description\":\"Men'S Platinum Wedding Rings From Purejewels. Buy Stunning Platinum Wedding Bands For Men Online, Or From Our Showrooms\",\"breadcrumb\":{\"@id\":\"https:\\\/\\\/www.purejewels.com\\\/product\\\/mens-platinum-wedding-band-33860\\\/#breadcrumb\"},\"inLanguage\":\"tr\",\"potentialAction\":[{\"@type\":\"ReadAction\",\"target\":[\"https:\\\/\\\/www.purejewels.com\\\/product\\\/mens-platinum-wedding-band-33860\\\/\"]}]},{\"@type\":\"ImageObject\",\"inLanguage\":\"tr\",\"@id\":\"https:\\\/\\\/www.purejewels.com\\\/product\\\/mens-platinum-wedding-band-33860\\\/#primaryimage\",\"url\":\"https:\\\/\\\/static.purejewels.com\\\/wp-content\\\/uploads\\\/2021\\\/06\\\/33860-2-1.jpg\",\"contentUrl\":\"https:\\\/\\\/static.purejewels.com\\\/wp-content\\\/uploads\\\/2021\\\/06\\\/33860-2-1.jpg\",\"width\":1000,\"height\":1000},{\"@type\":\"BreadcrumbList\",\"@id\":\"https:\\\/\\\/www.purejewels.com\\\/product\\\/mens-platinum-wedding-band-33860\\\/#breadcrumb\",\"itemListElement\":[{\"@type\":\"ListItem\",\"position\":1,\"name\":\"Home\",\"item\":\"https:\\\/\\\/www.purejewels.com\\\/\"},{\"@type\":\"ListItem\",\"position\":2,\"name\":\"Shop\",\"item\":\"https:\\\/\\\/www.purejewels.com\\\/shop\\\/\"},{\"@type\":\"ListItem\",\"position\":3,\"name\":\"Men&#8217;s Platinum Wedding Band\"}]},{\"@type\":\"WebSite\",\"@id\":\"https:\\\/\\\/www.purejewels.com\\\/#website\",\"url\":\"https:\\\/\\\/www.purejewels.com\\\/\",\"name\":\"PureJewels UK\",\"description\":\"Share the Love\",\"publisher\":{\"@id\":\"https:\\\/\\\/www.purejewels.com\\\/#organization\"},\"potentialAction\":[{\"@type\":\"SearchAction\",\"target\":{\"@type\":\"EntryPoint\",\"urlTemplate\":\"https:\\\/\\\/www.purejewels.com\\\/?s={search_term_string}\"},\"query-input\":{\"@type\":\"PropertyValueSpecification\",\"valueRequired\":true,\"valueName\":\"search_term_string\"}}],\"inLanguage\":\"tr\"},{\"@type\":\"Organization\",\"@id\":\"https:\\\/\\\/www.purejewels.com\\\/#organization\",\"name\":\"PureJewels UK\",\"url\":\"https:\\\/\\\/www.purejewels.com\\\/\",\"logo\":{\"@type\":\"ImageObject\",\"inLanguage\":\"tr\",\"@id\":\"https:\\\/\\\/www.purejewels.com\\\/#\\\/schema\\\/logo\\\/image\\\/\",\"url\":\"https:\\\/\\\/static.purejewels.com\\\/wp-content\\\/uploads\\\/2020\\\/11\\\/Logo-PJ-New-1.png\",\"contentUrl\":\"https:\\\/\\\/static.purejewels.com\\\/wp-content\\\/uploads\\\/2020\\\/11\\\/Logo-PJ-New-1.png\",\"width\":150,\"height\":80,\"caption\":\"PureJewels UK\"},\"image\":{\"@id\":\"https:\\\/\\\/www.purejewels.com\\\/#\\\/schema\\\/logo\\\/image\\\/\"}}]}<\/script>\n<!-- \/ Yoast SEO plugin. -->","yoast_head_json":{"title":"Erkekler i\u00e7in Platin Alyanslar | PureJewels UK","description":"Purejewels'ten Erkek Platin Alyanslar. Erkekler \u0130\u00e7in \u00c7arp\u0131c\u0131 Platin Alyanslar\u0131 Online Olarak veya Showroomlar\u0131m\u0131zdan Sat\u0131n Al\u0131n","robots":{"index":"index","follow":"follow","max-snippet":"max-snippet:-1","max-image-preview":"max-image-preview:large","max-video-preview":"max-video-preview:-1"},"canonical":"https:\/\/www.purejewels.com\/tr\/urun\/erkek-platin-alyans-33860\/","og_locale":"tr_TR","og_type":"article","og_title":"Platinum Wedding Rings for Men | PureJewels UK","og_description":"Men'S Platinum Wedding Rings From Purejewels. Buy Stunning Platinum Wedding Bands For Men Online, Or From Our Showrooms","og_url":"https:\/\/www.purejewels.com\/tr\/urun\/erkek-platin-alyans-33860\/","og_site_name":"PureJewels UK","article_modified_time":"2025-11-04T11:52:31+00:00","og_image":[{"width":1000,"height":1000,"url":"https:\/\/www.purejewels.com\/wp-content\/uploads\/2021\/06\/33860-2-1.jpg","type":"image\/jpeg"}],"twitter_card":"summary_large_image","twitter_misc":{"Tahmini okuma s\u00fcresi":"2 dakika"},"schema":{"@context":"https:\/\/schema.org","@graph":[{"@type":["WebPage","ItemPage"],"@id":"https:\/\/www.purejewels.com\/product\/mens-platinum-wedding-band-33860\/","url":"https:\/\/www.purejewels.com\/product\/mens-platinum-wedding-band-33860\/","name":"Erkekler i\u00e7in Platin Alyanslar | PureJewels UK","isPartOf":{"@id":"https:\/\/www.purejewels.com\/#website"},"primaryImageOfPage":{"@id":"https:\/\/www.purejewels.com\/product\/mens-platinum-wedding-band-33860\/#primaryimage"},"image":{"@id":"https:\/\/www.purejewels.com\/product\/mens-platinum-wedding-band-33860\/#primaryimage"},"thumbnailUrl":"https:\/\/static.purejewels.com\/wp-content\/uploads\/2021\/06\/33860-2-1.jpg","datePublished":"2021-06-09T11:55:44+00:00","dateModified":"2025-11-04T11:52:31+00:00","description":"Purejewels'ten Erkek Platin Alyanslar. Erkekler \u0130\u00e7in \u00c7arp\u0131c\u0131 Platin Alyanslar\u0131 Online Olarak veya Showroomlar\u0131m\u0131zdan Sat\u0131n Al\u0131n","breadcrumb":{"@id":"https:\/\/www.purejewels.com\/product\/mens-platinum-wedding-band-33860\/#breadcrumb"},"inLanguage":"tr","potentialAction":[{"@type":"ReadAction","target":["https:\/\/www.purejewels.com\/product\/mens-platinum-wedding-band-33860\/"]}]},{"@type":"ImageObject","inLanguage":"tr","@id":"https:\/\/www.purejewels.com\/product\/mens-platinum-wedding-band-33860\/#primaryimage","url":"https:\/\/static.purejewels.com\/wp-content\/uploads\/2021\/06\/33860-2-1.jpg","contentUrl":"https:\/\/static.purejewels.com\/wp-content\/uploads\/2021\/06\/33860-2-1.jpg","width":1000,"height":1000},{"@type":"BreadcrumbList","@id":"https:\/\/www.purejewels.com\/product\/mens-platinum-wedding-band-33860\/#breadcrumb","itemListElement":[{"@type":"ListItem","position":1,"name":"Home","item":"https:\/\/www.purejewels.com\/"},{"@type":"ListItem","position":2,"name":"Shop","item":"https:\/\/www.purejewels.com\/shop\/"},{"@type":"ListItem","position":3,"name":"Men&#8217;s Platinum Wedding Band"}]},{"@type":"WebSite","@id":"https:\/\/www.purejewels.com\/#website","url":"https:\/\/www.purejewels.com\/","name":"PureJewels \u0130ngiltere","description":"Sevgiyi Payla\u015f\u0131n","publisher":{"@id":"https:\/\/www.purejewels.com\/#organization"},"potentialAction":[{"@type":"SearchAction","target":{"@type":"EntryPoint","urlTemplate":"https:\/\/www.purejewels.com\/?s={search_term_string}"},"query-input":{"@type":"PropertyValueSpecification","valueRequired":true,"valueName":"search_term_string"}}],"inLanguage":"tr"},{"@type":"Organization","@id":"https:\/\/www.purejewels.com\/#organization","name":"PureJewels \u0130ngiltere","url":"https:\/\/www.purejewels.com\/","logo":{"@type":"ImageObject","inLanguage":"tr","@id":"https:\/\/www.purejewels.com\/#\/schema\/logo\/image\/","url":"https:\/\/static.purejewels.com\/wp-content\/uploads\/2020\/11\/Logo-PJ-New-1.png","contentUrl":"https:\/\/static.purejewels.com\/wp-content\/uploads\/2020\/11\/Logo-PJ-New-1.png","width":150,"height":80,"caption":"PureJewels UK"},"image":{"@id":"https:\/\/www.purejewels.com\/#\/schema\/logo\/image\/"}}]}},"_links":{"self":[{"href":"https:\/\/www.purejewels.com\/tr\/wp-json\/wp\/v2\/product\/324378","targetHints":{"allow":["GET"]}}],"collection":[{"href":"https:\/\/www.purejewels.com\/tr\/wp-json\/wp\/v2\/product"}],"about":[{"href":"https:\/\/www.purejewels.com\/tr\/wp-json\/wp\/v2\/types\/product"}],"replies":[{"embeddable":true,"href":"https:\/\/www.purejewels.com\/tr\/wp-json\/wp\/v2\/comments?post=324378"}],"version-history":[{"count":1,"href":"https:\/\/www.purejewels.com\/tr\/wp-json\/wp\/v2\/product\/324378\/revisions"}],"predecessor-version":[{"id":420110,"href":"https:\/\/www.purejewels.com\/tr\/wp-json\/wp\/v2\/product\/324378\/revisions\/420110"}],"wp:featuredmedia":[{"embeddable":true,"href":"https:\/\/www.purejewels.com\/tr\/wp-json\/wp\/v2\/media\/342903"}],"wp:attachment":[{"href":"https:\/\/www.purejewels.com\/tr\/wp-json\/wp\/v2\/media?parent=324378"}],"wp:term":[{"taxonomy":"product_brand","embeddable":true,"href":"https:\/\/www.purejewels.com\/tr\/wp-json\/wp\/v2\/product_brand?post=324378"},{"taxonomy":"product_cat","embeddable":true,"href":"https:\/\/www.purejewels.com\/tr\/wp-json\/wp\/v2\/product_cat?post=324378"},{"taxonomy":"product_tag","embeddable":true,"href":"https:\/\/www.purejewels.com\/tr\/wp-json\/wp\/v2\/product_tag?post=324378"}],"curies":[{"name":"wp","href":"https:\/\/api.w.org\/{rel}","templated":true}]}}