{"id":324397,"date":"2021-06-10T06:48:51","date_gmt":"2021-06-10T05:48:51","guid":{"rendered":"https:\/\/www.purejewels.com\/product\/diarossa-wedding-band-ring-9gm\/"},"modified":"2025-11-06T12:40:29","modified_gmt":"2025-11-06T12:40:29","slug":"erkek-platin-alyans-yuzuk-33865","status":"publish","type":"product","link":"https:\/\/www.purejewels.com\/tr\/product\/mens-platinum-wedding-band-ring-33865\/","title":{"rendered":"Erkek Platin Alyans Y\u00fcz\u00fck"},"content":{"rendered":"<p>Bu Erkek Platin Alyans Y\u00fcz\u00fck, \u015f\u0131k ve zamans\u0131z tasar\u0131m\u0131n \u00f6z\u00fcd\u00fcr. Y\u00fcksek kaliteli platinden \u00fcretilen bu y\u00fcz\u00fck l\u00fcks ve sofistike bir g\u00f6r\u00fcn\u00fcm sergiler. 7 mm kal\u0131nl\u0131\u011f\u0131 dayan\u0131kl\u0131l\u0131\u011f\u0131n\u0131 ve sa\u011flaml\u0131\u011f\u0131n\u0131 art\u0131rarak \u00f6m\u00fcr boyu s\u00fcrecek bir ba\u011fl\u0131l\u0131k i\u00e7in m\u00fckemmel bir se\u00e7im olmas\u0131n\u0131 sa\u011flar.<\/p>\n<p>Platin alyanslar\u0131m\u0131z tercihinize g\u00f6re \u00e7e\u015fitli boyut ve geni\u015fliklerde \u00f6zelle\u015ftirilebilir. Her y\u00fcz\u00fck Londra Assay Ofisi taraf\u0131ndan damgalanarak orijinalli\u011fi ve kalitesi garanti alt\u0131na al\u0131nm\u0131\u015ft\u0131r. Y\u00fcz\u00fck bir sunum kutusunda g\u00fczel bir \u015fekilde paketlenmi\u015f olarak gelir, bu da onu hediye etmek veya saklamak i\u00e7in ideal bir se\u00e7im haline getirir.<\/p>\n<p>\u00dccretsiz takipli teslimat ve g\u00fcvenli online \u00f6demeler ile g\u00fcvenle al\u0131\u015fveri\u015f yapabilirsiniz. Ayr\u0131ca 30 g\u00fcnl\u00fck para iade garantisi sunuyoruz, b\u00f6ylece g\u00f6n\u00fcl rahatl\u0131\u011f\u0131yla sat\u0131n alabilirsiniz. \u0130ster klasik bir alyans ister \u015f\u0131k bir aksesuar ar\u0131yor olun, bu Erkek Platin Alyans Y\u00fcz\u00fck m\u00fckemmel bir se\u00e7imdir. G\u00f6r\u00fcn\u00fcm\u00fcn\u00fcz\u00fc y\u00fckseltin ve bu \u00e7arp\u0131c\u0131 m\u00fccevher par\u00e7as\u0131yla bir a\u00e7\u0131klama yap\u0131n.<\/p>","protected":false},"excerpt":{"rendered":"<ul>\n<li><span data-sheets-value=\"{\" data-sheets-userformat=\"{\">Erkek Platin Alyans Y\u00fcz\u00fck<\/span><\/li>\n<li>Boyut. R<\/li>\n<li>Kal\u0131nl\u0131k 7mm<\/li>\n<li>SKU. 33865<\/li>\n<li>\u00c7e\u015fitli ebat ve geni\u015fliklerde yap\u0131labilir<\/li>\n<li>T\u00fcm \u00fcr\u00fcnlerimiz London Assay Office taraf\u0131ndan damgalanm\u0131\u015ft\u0131r<\/li>\n<li>T\u00fcm Platin Y\u00fcz\u00fcklerimiz \u0130ngiltere Sunum Kutusu ile Birlikte Gelir<\/li>\n<li>Teslimat Dahil<\/li>\n<li>T\u00fcm fiyatlara KDV dahildir<\/li>\n<li>\u00dcr\u00fcn videosu i\u00e7in bize ula\u015f\u0131n \/ bizimle sohbet edin<\/li>\n<\/ul>","protected":false},"featured_media":342912,"comment_status":"closed","ping_status":"closed","template":"","meta":{"_eb_attr":"","_crsspst_to_jayantr4sg-hostcom":true},"product_brand":[],"product_cat":[1572,1800,5293,5294,229,226],"product_tag":[],"class_list":{"0":"post-324397","1":"product","2":"type-product","3":"status-publish","4":"has-post-thumbnail","6":"product_cat-mens-jewellery","7":"product_cat-platinum-bands","8":"product_cat-platinum-wedding-bands-2","9":"product_cat-platinum-wedding-bands-for-men","10":"product_cat-wedding-bands","11":"product_cat-wedding-rings-bands","13":"first","14":"instock","15":"taxable","16":"shipping-taxable","17":"purchasable","18":"product-type-simple","19":"add-to-wishlist-before_image"},"yoast_head":"<!-- This site is optimized with the Yoast SEO plugin v27.5 - https:\/\/yoast.com\/product\/yoast-seo-wordpress\/ -->\n<title>Men&#039;s Platinum Wedding Band Ring | Sleek &amp; Timeless Design<\/title>\n<meta name=\"description\" content=\"This men&#039;s platinum wedding band is a timeless symbol of your love, its high polish finish makes this ring a perfect choice for celebrating your special day\" \/>\n<meta name=\"robots\" content=\"index, follow, max-snippet:-1, max-image-preview:large, max-video-preview:-1\" \/>\n<link rel=\"canonical\" href=\"https:\/\/www.purejewels.com\/tr\/urun\/erkek-platin-alyans-yuzuk-33865\/\" \/>\n<meta property=\"og:locale\" content=\"tr_TR\" \/>\n<meta property=\"og:type\" content=\"article\" \/>\n<meta property=\"og:title\" content=\"Men&#039;s Platinum Wedding Band Ring | Sleek &amp; Timeless Design\" \/>\n<meta property=\"og:description\" content=\"This men&#039;s platinum wedding band is a timeless symbol of your love, its high polish finish makes this ring a perfect choice for celebrating your special day\" \/>\n<meta property=\"og:url\" content=\"https:\/\/www.purejewels.com\/tr\/urun\/erkek-platin-alyans-yuzuk-33865\/\" \/>\n<meta property=\"og:site_name\" content=\"PureJewels UK\" \/>\n<meta property=\"article:modified_time\" content=\"2025-11-06T12:40:29+00:00\" \/>\n<meta property=\"og:image\" content=\"https:\/\/www.purejewels.com\/wp-content\/uploads\/2021\/06\/33865-2-1.jpg\" \/>\n\t<meta property=\"og:image:width\" content=\"1000\" \/>\n\t<meta property=\"og:image:height\" content=\"1000\" \/>\n\t<meta property=\"og:image:type\" content=\"image\/jpeg\" \/>\n<meta name=\"twitter:card\" content=\"summary_large_image\" \/>\n<meta name=\"twitter:label1\" content=\"Tahmini okuma s\u00fcresi\" \/>\n\t<meta name=\"twitter:data1\" content=\"1 dakika\" \/>\n<script type=\"application\/ld+json\" class=\"yoast-schema-graph\">{\"@context\":\"https:\\\/\\\/schema.org\",\"@graph\":[{\"@type\":[\"WebPage\",\"ItemPage\"],\"@id\":\"https:\\\/\\\/www.purejewels.com\\\/product\\\/mens-platinum-wedding-band-ring-33865\\\/\",\"url\":\"https:\\\/\\\/www.purejewels.com\\\/product\\\/mens-platinum-wedding-band-ring-33865\\\/\",\"name\":\"Men's Platinum Wedding Band Ring | Sleek & Timeless Design\",\"isPartOf\":{\"@id\":\"https:\\\/\\\/www.purejewels.com\\\/#website\"},\"primaryImageOfPage\":{\"@id\":\"https:\\\/\\\/www.purejewels.com\\\/product\\\/mens-platinum-wedding-band-ring-33865\\\/#primaryimage\"},\"image\":{\"@id\":\"https:\\\/\\\/www.purejewels.com\\\/product\\\/mens-platinum-wedding-band-ring-33865\\\/#primaryimage\"},\"thumbnailUrl\":\"https:\\\/\\\/static.purejewels.com\\\/wp-content\\\/uploads\\\/2021\\\/06\\\/33865-2-1.jpg\",\"datePublished\":\"2021-06-10T05:48:51+00:00\",\"dateModified\":\"2025-11-06T12:40:29+00:00\",\"description\":\"This men's platinum wedding band is a timeless symbol of your love, its high polish finish makes this ring a perfect choice for celebrating your special day\",\"breadcrumb\":{\"@id\":\"https:\\\/\\\/www.purejewels.com\\\/product\\\/mens-platinum-wedding-band-ring-33865\\\/#breadcrumb\"},\"inLanguage\":\"tr\",\"potentialAction\":[{\"@type\":\"ReadAction\",\"target\":[\"https:\\\/\\\/www.purejewels.com\\\/product\\\/mens-platinum-wedding-band-ring-33865\\\/\"]}]},{\"@type\":\"ImageObject\",\"inLanguage\":\"tr\",\"@id\":\"https:\\\/\\\/www.purejewels.com\\\/product\\\/mens-platinum-wedding-band-ring-33865\\\/#primaryimage\",\"url\":\"https:\\\/\\\/static.purejewels.com\\\/wp-content\\\/uploads\\\/2021\\\/06\\\/33865-2-1.jpg\",\"contentUrl\":\"https:\\\/\\\/static.purejewels.com\\\/wp-content\\\/uploads\\\/2021\\\/06\\\/33865-2-1.jpg\",\"width\":1000,\"height\":1000},{\"@type\":\"BreadcrumbList\",\"@id\":\"https:\\\/\\\/www.purejewels.com\\\/product\\\/mens-platinum-wedding-band-ring-33865\\\/#breadcrumb\",\"itemListElement\":[{\"@type\":\"ListItem\",\"position\":1,\"name\":\"Home\",\"item\":\"https:\\\/\\\/www.purejewels.com\\\/\"},{\"@type\":\"ListItem\",\"position\":2,\"name\":\"Shop\",\"item\":\"https:\\\/\\\/www.purejewels.com\\\/shop\\\/\"},{\"@type\":\"ListItem\",\"position\":3,\"name\":\"Men&#8217;s Platinum Wedding Band Ring\"}]},{\"@type\":\"WebSite\",\"@id\":\"https:\\\/\\\/www.purejewels.com\\\/#website\",\"url\":\"https:\\\/\\\/www.purejewels.com\\\/\",\"name\":\"PureJewels UK\",\"description\":\"Share the Love\",\"publisher\":{\"@id\":\"https:\\\/\\\/www.purejewels.com\\\/#organization\"},\"potentialAction\":[{\"@type\":\"SearchAction\",\"target\":{\"@type\":\"EntryPoint\",\"urlTemplate\":\"https:\\\/\\\/www.purejewels.com\\\/?s={search_term_string}\"},\"query-input\":{\"@type\":\"PropertyValueSpecification\",\"valueRequired\":true,\"valueName\":\"search_term_string\"}}],\"inLanguage\":\"tr\"},{\"@type\":\"Organization\",\"@id\":\"https:\\\/\\\/www.purejewels.com\\\/#organization\",\"name\":\"PureJewels UK\",\"url\":\"https:\\\/\\\/www.purejewels.com\\\/\",\"logo\":{\"@type\":\"ImageObject\",\"inLanguage\":\"tr\",\"@id\":\"https:\\\/\\\/www.purejewels.com\\\/#\\\/schema\\\/logo\\\/image\\\/\",\"url\":\"https:\\\/\\\/static.purejewels.com\\\/wp-content\\\/uploads\\\/2020\\\/11\\\/Logo-PJ-New-1.png\",\"contentUrl\":\"https:\\\/\\\/static.purejewels.com\\\/wp-content\\\/uploads\\\/2020\\\/11\\\/Logo-PJ-New-1.png\",\"width\":150,\"height\":80,\"caption\":\"PureJewels UK\"},\"image\":{\"@id\":\"https:\\\/\\\/www.purejewels.com\\\/#\\\/schema\\\/logo\\\/image\\\/\"}}]}<\/script>\n<!-- \/ Yoast SEO plugin. -->","yoast_head_json":{"title":"Erkek Platin Alyans Y\u00fcz\u00fck | \u015e\u0131k ve Zamans\u0131z Tasar\u0131m","description":"Bu erkek platin alyans, a\u015fk\u0131n\u0131z\u0131n zamans\u0131z bir sembol\u00fcd\u00fcr ve y\u00fcksek cilal\u0131 kaplamas\u0131 bu y\u00fcz\u00fc\u011f\u00fc \u00f6zel g\u00fcn\u00fcn\u00fcz\u00fc kutlamak i\u00e7in m\u00fckemmel bir se\u00e7im haline getirir","robots":{"index":"index","follow":"follow","max-snippet":"max-snippet:-1","max-image-preview":"max-image-preview:large","max-video-preview":"max-video-preview:-1"},"canonical":"https:\/\/www.purejewels.com\/tr\/urun\/erkek-platin-alyans-yuzuk-33865\/","og_locale":"tr_TR","og_type":"article","og_title":"Men's Platinum Wedding Band Ring | Sleek & Timeless Design","og_description":"This men's platinum wedding band is a timeless symbol of your love, its high polish finish makes this ring a perfect choice for celebrating your special day","og_url":"https:\/\/www.purejewels.com\/tr\/urun\/erkek-platin-alyans-yuzuk-33865\/","og_site_name":"PureJewels UK","article_modified_time":"2025-11-06T12:40:29+00:00","og_image":[{"width":1000,"height":1000,"url":"https:\/\/www.purejewels.com\/wp-content\/uploads\/2021\/06\/33865-2-1.jpg","type":"image\/jpeg"}],"twitter_card":"summary_large_image","twitter_misc":{"Tahmini okuma s\u00fcresi":"1 dakika"},"schema":{"@context":"https:\/\/schema.org","@graph":[{"@type":["WebPage","ItemPage"],"@id":"https:\/\/www.purejewels.com\/product\/mens-platinum-wedding-band-ring-33865\/","url":"https:\/\/www.purejewels.com\/product\/mens-platinum-wedding-band-ring-33865\/","name":"Erkek Platin Alyans Y\u00fcz\u00fck | \u015e\u0131k ve Zamans\u0131z Tasar\u0131m","isPartOf":{"@id":"https:\/\/www.purejewels.com\/#website"},"primaryImageOfPage":{"@id":"https:\/\/www.purejewels.com\/product\/mens-platinum-wedding-band-ring-33865\/#primaryimage"},"image":{"@id":"https:\/\/www.purejewels.com\/product\/mens-platinum-wedding-band-ring-33865\/#primaryimage"},"thumbnailUrl":"https:\/\/static.purejewels.com\/wp-content\/uploads\/2021\/06\/33865-2-1.jpg","datePublished":"2021-06-10T05:48:51+00:00","dateModified":"2025-11-06T12:40:29+00:00","description":"Bu erkek platin alyans, a\u015fk\u0131n\u0131z\u0131n zamans\u0131z bir sembol\u00fcd\u00fcr ve y\u00fcksek cilal\u0131 kaplamas\u0131 bu y\u00fcz\u00fc\u011f\u00fc \u00f6zel g\u00fcn\u00fcn\u00fcz\u00fc kutlamak i\u00e7in m\u00fckemmel bir se\u00e7im haline getirir","breadcrumb":{"@id":"https:\/\/www.purejewels.com\/product\/mens-platinum-wedding-band-ring-33865\/#breadcrumb"},"inLanguage":"tr","potentialAction":[{"@type":"ReadAction","target":["https:\/\/www.purejewels.com\/product\/mens-platinum-wedding-band-ring-33865\/"]}]},{"@type":"ImageObject","inLanguage":"tr","@id":"https:\/\/www.purejewels.com\/product\/mens-platinum-wedding-band-ring-33865\/#primaryimage","url":"https:\/\/static.purejewels.com\/wp-content\/uploads\/2021\/06\/33865-2-1.jpg","contentUrl":"https:\/\/static.purejewels.com\/wp-content\/uploads\/2021\/06\/33865-2-1.jpg","width":1000,"height":1000},{"@type":"BreadcrumbList","@id":"https:\/\/www.purejewels.com\/product\/mens-platinum-wedding-band-ring-33865\/#breadcrumb","itemListElement":[{"@type":"ListItem","position":1,"name":"Home","item":"https:\/\/www.purejewels.com\/"},{"@type":"ListItem","position":2,"name":"Shop","item":"https:\/\/www.purejewels.com\/shop\/"},{"@type":"ListItem","position":3,"name":"Men&#8217;s Platinum Wedding Band Ring"}]},{"@type":"WebSite","@id":"https:\/\/www.purejewels.com\/#website","url":"https:\/\/www.purejewels.com\/","name":"PureJewels \u0130ngiltere","description":"Sevgiyi Payla\u015f\u0131n","publisher":{"@id":"https:\/\/www.purejewels.com\/#organization"},"potentialAction":[{"@type":"SearchAction","target":{"@type":"EntryPoint","urlTemplate":"https:\/\/www.purejewels.com\/?s={search_term_string}"},"query-input":{"@type":"PropertyValueSpecification","valueRequired":true,"valueName":"search_term_string"}}],"inLanguage":"tr"},{"@type":"Organization","@id":"https:\/\/www.purejewels.com\/#organization","name":"PureJewels \u0130ngiltere","url":"https:\/\/www.purejewels.com\/","logo":{"@type":"ImageObject","inLanguage":"tr","@id":"https:\/\/www.purejewels.com\/#\/schema\/logo\/image\/","url":"https:\/\/static.purejewels.com\/wp-content\/uploads\/2020\/11\/Logo-PJ-New-1.png","contentUrl":"https:\/\/static.purejewels.com\/wp-content\/uploads\/2020\/11\/Logo-PJ-New-1.png","width":150,"height":80,"caption":"PureJewels UK"},"image":{"@id":"https:\/\/www.purejewels.com\/#\/schema\/logo\/image\/"}}]}},"_links":{"self":[{"href":"https:\/\/www.purejewels.com\/tr\/wp-json\/wp\/v2\/product\/324397","targetHints":{"allow":["GET"]}}],"collection":[{"href":"https:\/\/www.purejewels.com\/tr\/wp-json\/wp\/v2\/product"}],"about":[{"href":"https:\/\/www.purejewels.com\/tr\/wp-json\/wp\/v2\/types\/product"}],"replies":[{"embeddable":true,"href":"https:\/\/www.purejewels.com\/tr\/wp-json\/wp\/v2\/comments?post=324397"}],"version-history":[{"count":2,"href":"https:\/\/www.purejewels.com\/tr\/wp-json\/wp\/v2\/product\/324397\/revisions"}],"predecessor-version":[{"id":420412,"href":"https:\/\/www.purejewels.com\/tr\/wp-json\/wp\/v2\/product\/324397\/revisions\/420412"}],"wp:featuredmedia":[{"embeddable":true,"href":"https:\/\/www.purejewels.com\/tr\/wp-json\/wp\/v2\/media\/342912"}],"wp:attachment":[{"href":"https:\/\/www.purejewels.com\/tr\/wp-json\/wp\/v2\/media?parent=324397"}],"wp:term":[{"taxonomy":"product_brand","embeddable":true,"href":"https:\/\/www.purejewels.com\/tr\/wp-json\/wp\/v2\/product_brand?post=324397"},{"taxonomy":"product_cat","embeddable":true,"href":"https:\/\/www.purejewels.com\/tr\/wp-json\/wp\/v2\/product_cat?post=324397"},{"taxonomy":"product_tag","embeddable":true,"href":"https:\/\/www.purejewels.com\/tr\/wp-json\/wp\/v2\/product_tag?post=324397"}],"curies":[{"name":"wp","href":"https:\/\/api.w.org\/{rel}","templated":true}]}}