{"id":324407,"date":"2021-06-10T07:21:27","date_gmt":"2021-06-10T06:21:27","guid":{"rendered":"https:\/\/www.purejewels.com\/product\/diarossa-wedding-band-ring-6-3gm\/"},"modified":"2025-11-06T12:51:13","modified_gmt":"2025-11-06T12:51:13","slug":"erkekler-icin-platin-alyans-33871","status":"publish","type":"product","link":"https:\/\/www.purejewels.com\/tr\/product\/platinum-wedding-band-for-men-33871\/","title":{"rendered":"Erkekler i\u00e7in Platin Alyans"},"content":{"rendered":"<p><span data-sheets-root=\"1\">Onun i\u00e7in zamans\u0131z ve zarif bir alyans m\u0131 ar\u0131yorsunuz? Erkekler i\u00e7in Platin Alyans\u0131m\u0131zdan ba\u015fkas\u0131na bakmay\u0131n. L\u00fcks platinden \u00fcretilen bu y\u00fcz\u00fck, sofistike ve \u015f\u0131k bir g\u00f6r\u00fcn\u00fcm sergiler. Q \u00f6l\u00e7\u00fcs\u00fc ve 5 mm kal\u0131nl\u0131\u011f\u0131yla bu y\u00fcz\u00fck, konfor ve dayan\u0131kl\u0131l\u0131\u011f\u0131n m\u00fckemmel bir kombinasyonudur.<\/span><\/p>\n<p>PureJewels'te, her damat i\u00e7in m\u00fckemmel uyumu sa\u011flamak i\u00e7in \u00e7e\u015fitli boyutlar ve geni\u015flikler sunuyoruz. Platin y\u00fcz\u00fcklerimizin her biri, metalin kalitesini ve orijinalli\u011fini garanti eden Londra Assay Ofisi taraf\u0131ndan damgalanm\u0131\u015ft\u0131r.<\/p>\n<p>Sunum kutusuyla birlikte gelen bu Platin Erkek Alyans, \u00f6zel g\u00fcn\u00fcn\u00fczde sevdikleriniz i\u00e7in m\u00fckemmel bir hediye olacakt\u0131r. \u00dccretsiz takipli teslimat ve g\u00fcvenli online \u00f6demeler ile bizimle al\u0131\u015fveri\u015f yapmak kolay ve rahatt\u0131r.<\/p>\n<p><span data-sheets-root=\"1\">D\u00fc\u011f\u00fcn g\u00fcn\u00fcn\u00fczde en iyisinden daha az\u0131yla yetinmeyin. Erkekler i\u00e7in Platin Alyans\u0131m\u0131z\u0131 \u015fimdi sat\u0131n al\u0131n ve \u00f6m\u00fcr boyu s\u00fcrecek bir a\u00e7\u0131klama yap\u0131n.<\/span><\/p>","protected":false},"excerpt":{"rendered":"<ul>\n<li>Erkekler i\u00e7in Platin Alyans<\/li>\n<li>Boyut. Q<\/li>\n<li>Kal\u0131nl\u0131k 5 mm<\/li>\n<li>SKU. 33871<\/li>\n<li>\u00c7e\u015fitli ebat ve geni\u015fliklerde yap\u0131labilir<\/li>\n<li>T\u00fcm \u00fcr\u00fcnlerimiz London Assay Office taraf\u0131ndan damgalanm\u0131\u015ft\u0131r<\/li>\n<li>T\u00fcm Platin Y\u00fcz\u00fcklerimiz \u0130ngiltere Sunum Kutusu ile Birlikte Gelir<\/li>\n<li>Teslimat Dahil<\/li>\n<li>T\u00fcm fiyatlara KDV dahildir<\/li>\n<li>\u00dcr\u00fcn videosu i\u00e7in bize ula\u015f\u0131n \/ bizimle sohbet edin<\/li>\n<\/ul>","protected":false},"featured_media":342925,"comment_status":"closed","ping_status":"closed","template":"","meta":{"_eb_attr":"","_crsspst_to_jayantr4sg-hostcom":true},"product_brand":[],"product_cat":[1572,1800,5293,5294,229,226],"product_tag":[],"class_list":{"0":"post-324407","1":"product","2":"type-product","3":"status-publish","4":"has-post-thumbnail","6":"product_cat-mens-jewellery","7":"product_cat-platinum-bands","8":"product_cat-platinum-wedding-bands-2","9":"product_cat-platinum-wedding-bands-for-men","10":"product_cat-wedding-bands","11":"product_cat-wedding-rings-bands","13":"first","14":"instock","15":"taxable","16":"shipping-taxable","17":"purchasable","18":"product-type-simple","19":"add-to-wishlist-before_image"},"yoast_head":"<!-- This site is optimized with the Yoast SEO plugin v27.6 - https:\/\/yoast.com\/product\/yoast-seo-wordpress\/ -->\n<title>Platinum Wedding Band for Men | Shop Wedding Bands at PureJewels<\/title>\n<meta name=\"description\" content=\"Matching Platinum Wedding Bands | Check Our Latest Men&#039;S Jewellery Designs With Price List And Buy Online.\" \/>\n<meta name=\"robots\" content=\"index, follow, max-snippet:-1, max-image-preview:large, max-video-preview:-1\" \/>\n<link rel=\"canonical\" href=\"https:\/\/www.purejewels.com\/tr\/urun\/erkekler-icin-platin-alyans-33871\/\" \/>\n<meta property=\"og:locale\" content=\"tr_TR\" \/>\n<meta property=\"og:type\" content=\"article\" \/>\n<meta property=\"og:title\" content=\"Platinum Wedding Band for Men | Shop Wedding Bands at PureJewels\" \/>\n<meta property=\"og:description\" content=\"Matching Platinum Wedding Bands | Check Our Latest Men&#039;S Jewellery Designs With Price List And Buy Online.\" \/>\n<meta property=\"og:url\" content=\"https:\/\/www.purejewels.com\/tr\/urun\/erkekler-icin-platin-alyans-33871\/\" \/>\n<meta property=\"og:site_name\" content=\"PureJewels UK\" \/>\n<meta property=\"article:modified_time\" content=\"2025-11-06T12:51:13+00:00\" \/>\n<meta property=\"og:image\" content=\"https:\/\/www.purejewels.com\/wp-content\/uploads\/2021\/06\/33871-2-1.jpg\" \/>\n\t<meta property=\"og:image:width\" content=\"1000\" \/>\n\t<meta property=\"og:image:height\" content=\"1000\" \/>\n\t<meta property=\"og:image:type\" content=\"image\/jpeg\" \/>\n<meta name=\"twitter:card\" content=\"summary_large_image\" \/>\n<meta name=\"twitter:label1\" content=\"Tahmini okuma s\u00fcresi\" \/>\n\t<meta name=\"twitter:data1\" content=\"1 dakika\" \/>\n<script type=\"application\/ld+json\" class=\"yoast-schema-graph\">{\"@context\":\"https:\\\/\\\/schema.org\",\"@graph\":[{\"@type\":[\"WebPage\",\"ItemPage\"],\"@id\":\"https:\\\/\\\/www.purejewels.com\\\/product\\\/platinum-wedding-band-for-men-33871\\\/\",\"url\":\"https:\\\/\\\/www.purejewels.com\\\/product\\\/platinum-wedding-band-for-men-33871\\\/\",\"name\":\"Platinum Wedding Band for Men | Shop Wedding Bands at PureJewels\",\"isPartOf\":{\"@id\":\"https:\\\/\\\/www.purejewels.com\\\/#website\"},\"primaryImageOfPage\":{\"@id\":\"https:\\\/\\\/www.purejewels.com\\\/product\\\/platinum-wedding-band-for-men-33871\\\/#primaryimage\"},\"image\":{\"@id\":\"https:\\\/\\\/www.purejewels.com\\\/product\\\/platinum-wedding-band-for-men-33871\\\/#primaryimage\"},\"thumbnailUrl\":\"https:\\\/\\\/static.purejewels.com\\\/wp-content\\\/uploads\\\/2021\\\/06\\\/33871-2-1.jpg\",\"datePublished\":\"2021-06-10T06:21:27+00:00\",\"dateModified\":\"2025-11-06T12:51:13+00:00\",\"description\":\"Matching Platinum Wedding Bands | Check Our Latest Men'S Jewellery Designs With Price List And Buy Online.\",\"breadcrumb\":{\"@id\":\"https:\\\/\\\/www.purejewels.com\\\/product\\\/platinum-wedding-band-for-men-33871\\\/#breadcrumb\"},\"inLanguage\":\"tr\",\"potentialAction\":[{\"@type\":\"ReadAction\",\"target\":[\"https:\\\/\\\/www.purejewels.com\\\/product\\\/platinum-wedding-band-for-men-33871\\\/\"]}]},{\"@type\":\"ImageObject\",\"inLanguage\":\"tr\",\"@id\":\"https:\\\/\\\/www.purejewels.com\\\/product\\\/platinum-wedding-band-for-men-33871\\\/#primaryimage\",\"url\":\"https:\\\/\\\/static.purejewels.com\\\/wp-content\\\/uploads\\\/2021\\\/06\\\/33871-2-1.jpg\",\"contentUrl\":\"https:\\\/\\\/static.purejewels.com\\\/wp-content\\\/uploads\\\/2021\\\/06\\\/33871-2-1.jpg\",\"width\":1000,\"height\":1000},{\"@type\":\"BreadcrumbList\",\"@id\":\"https:\\\/\\\/www.purejewels.com\\\/product\\\/platinum-wedding-band-for-men-33871\\\/#breadcrumb\",\"itemListElement\":[{\"@type\":\"ListItem\",\"position\":1,\"name\":\"Home\",\"item\":\"https:\\\/\\\/www.purejewels.com\\\/\"},{\"@type\":\"ListItem\",\"position\":2,\"name\":\"Shop\",\"item\":\"https:\\\/\\\/www.purejewels.com\\\/shop\\\/\"},{\"@type\":\"ListItem\",\"position\":3,\"name\":\"Platinum Wedding Band for Men\"}]},{\"@type\":\"WebSite\",\"@id\":\"https:\\\/\\\/www.purejewels.com\\\/#website\",\"url\":\"https:\\\/\\\/www.purejewels.com\\\/\",\"name\":\"PureJewels UK\",\"description\":\"Share the Love\",\"publisher\":{\"@id\":\"https:\\\/\\\/www.purejewels.com\\\/#organization\"},\"potentialAction\":[{\"@type\":\"SearchAction\",\"target\":{\"@type\":\"EntryPoint\",\"urlTemplate\":\"https:\\\/\\\/www.purejewels.com\\\/?s={search_term_string}\"},\"query-input\":{\"@type\":\"PropertyValueSpecification\",\"valueRequired\":true,\"valueName\":\"search_term_string\"}}],\"inLanguage\":\"tr\"},{\"@type\":\"Organization\",\"@id\":\"https:\\\/\\\/www.purejewels.com\\\/#organization\",\"name\":\"PureJewels UK\",\"url\":\"https:\\\/\\\/www.purejewels.com\\\/\",\"logo\":{\"@type\":\"ImageObject\",\"inLanguage\":\"tr\",\"@id\":\"https:\\\/\\\/www.purejewels.com\\\/#\\\/schema\\\/logo\\\/image\\\/\",\"url\":\"https:\\\/\\\/static.purejewels.com\\\/wp-content\\\/uploads\\\/2020\\\/11\\\/Logo-PJ-New-1.png\",\"contentUrl\":\"https:\\\/\\\/static.purejewels.com\\\/wp-content\\\/uploads\\\/2020\\\/11\\\/Logo-PJ-New-1.png\",\"width\":150,\"height\":80,\"caption\":\"PureJewels UK\"},\"image\":{\"@id\":\"https:\\\/\\\/www.purejewels.com\\\/#\\\/schema\\\/logo\\\/image\\\/\"}}]}<\/script>\n<!-- \/ Yoast SEO plugin. -->","yoast_head_json":{"title":"Erkekler i\u00e7in Platin Alyans | PureJewels'te Alyans Al\u0131\u015fveri\u015fi Yap\u0131n","description":"E\u015fle\u015fen Platin Alyanslar | En Yeni Erkek Tak\u0131 Tasar\u0131mlar\u0131m\u0131z\u0131 Fiyat Listesi ile \u0130nceleyin ve Online Sat\u0131n Al\u0131n.","robots":{"index":"index","follow":"follow","max-snippet":"max-snippet:-1","max-image-preview":"max-image-preview:large","max-video-preview":"max-video-preview:-1"},"canonical":"https:\/\/www.purejewels.com\/tr\/urun\/erkekler-icin-platin-alyans-33871\/","og_locale":"tr_TR","og_type":"article","og_title":"Platinum Wedding Band for Men | Shop Wedding Bands at PureJewels","og_description":"Matching Platinum Wedding Bands | Check Our Latest Men'S Jewellery Designs With Price List And Buy Online.","og_url":"https:\/\/www.purejewels.com\/tr\/urun\/erkekler-icin-platin-alyans-33871\/","og_site_name":"PureJewels UK","article_modified_time":"2025-11-06T12:51:13+00:00","og_image":[{"width":1000,"height":1000,"url":"https:\/\/www.purejewels.com\/wp-content\/uploads\/2021\/06\/33871-2-1.jpg","type":"image\/jpeg"}],"twitter_card":"summary_large_image","twitter_misc":{"Tahmini okuma s\u00fcresi":"1 dakika"},"schema":{"@context":"https:\/\/schema.org","@graph":[{"@type":["WebPage","ItemPage"],"@id":"https:\/\/www.purejewels.com\/product\/platinum-wedding-band-for-men-33871\/","url":"https:\/\/www.purejewels.com\/product\/platinum-wedding-band-for-men-33871\/","name":"Erkekler i\u00e7in Platin Alyans | PureJewels'te Alyans Al\u0131\u015fveri\u015fi Yap\u0131n","isPartOf":{"@id":"https:\/\/www.purejewels.com\/#website"},"primaryImageOfPage":{"@id":"https:\/\/www.purejewels.com\/product\/platinum-wedding-band-for-men-33871\/#primaryimage"},"image":{"@id":"https:\/\/www.purejewels.com\/product\/platinum-wedding-band-for-men-33871\/#primaryimage"},"thumbnailUrl":"https:\/\/static.purejewels.com\/wp-content\/uploads\/2021\/06\/33871-2-1.jpg","datePublished":"2021-06-10T06:21:27+00:00","dateModified":"2025-11-06T12:51:13+00:00","description":"E\u015fle\u015fen Platin Alyanslar | En Yeni Erkek Tak\u0131 Tasar\u0131mlar\u0131m\u0131z\u0131 Fiyat Listesi ile \u0130nceleyin ve Online Sat\u0131n Al\u0131n.","breadcrumb":{"@id":"https:\/\/www.purejewels.com\/product\/platinum-wedding-band-for-men-33871\/#breadcrumb"},"inLanguage":"tr","potentialAction":[{"@type":"ReadAction","target":["https:\/\/www.purejewels.com\/product\/platinum-wedding-band-for-men-33871\/"]}]},{"@type":"ImageObject","inLanguage":"tr","@id":"https:\/\/www.purejewels.com\/product\/platinum-wedding-band-for-men-33871\/#primaryimage","url":"https:\/\/static.purejewels.com\/wp-content\/uploads\/2021\/06\/33871-2-1.jpg","contentUrl":"https:\/\/static.purejewels.com\/wp-content\/uploads\/2021\/06\/33871-2-1.jpg","width":1000,"height":1000},{"@type":"BreadcrumbList","@id":"https:\/\/www.purejewels.com\/product\/platinum-wedding-band-for-men-33871\/#breadcrumb","itemListElement":[{"@type":"ListItem","position":1,"name":"Home","item":"https:\/\/www.purejewels.com\/"},{"@type":"ListItem","position":2,"name":"Shop","item":"https:\/\/www.purejewels.com\/shop\/"},{"@type":"ListItem","position":3,"name":"Platinum Wedding Band for Men"}]},{"@type":"WebSite","@id":"https:\/\/www.purejewels.com\/#website","url":"https:\/\/www.purejewels.com\/","name":"PureJewels \u0130ngiltere","description":"Sevgiyi Payla\u015f\u0131n","publisher":{"@id":"https:\/\/www.purejewels.com\/#organization"},"potentialAction":[{"@type":"SearchAction","target":{"@type":"EntryPoint","urlTemplate":"https:\/\/www.purejewels.com\/?s={search_term_string}"},"query-input":{"@type":"PropertyValueSpecification","valueRequired":true,"valueName":"search_term_string"}}],"inLanguage":"tr"},{"@type":"Organization","@id":"https:\/\/www.purejewels.com\/#organization","name":"PureJewels \u0130ngiltere","url":"https:\/\/www.purejewels.com\/","logo":{"@type":"ImageObject","inLanguage":"tr","@id":"https:\/\/www.purejewels.com\/#\/schema\/logo\/image\/","url":"https:\/\/static.purejewels.com\/wp-content\/uploads\/2020\/11\/Logo-PJ-New-1.png","contentUrl":"https:\/\/static.purejewels.com\/wp-content\/uploads\/2020\/11\/Logo-PJ-New-1.png","width":150,"height":80,"caption":"PureJewels UK"},"image":{"@id":"https:\/\/www.purejewels.com\/#\/schema\/logo\/image\/"}}]}},"_links":{"self":[{"href":"https:\/\/www.purejewels.com\/tr\/wp-json\/wp\/v2\/product\/324407","targetHints":{"allow":["GET"]}}],"collection":[{"href":"https:\/\/www.purejewels.com\/tr\/wp-json\/wp\/v2\/product"}],"about":[{"href":"https:\/\/www.purejewels.com\/tr\/wp-json\/wp\/v2\/types\/product"}],"replies":[{"embeddable":true,"href":"https:\/\/www.purejewels.com\/tr\/wp-json\/wp\/v2\/comments?post=324407"}],"version-history":[{"count":3,"href":"https:\/\/www.purejewels.com\/tr\/wp-json\/wp\/v2\/product\/324407\/revisions"}],"predecessor-version":[{"id":420417,"href":"https:\/\/www.purejewels.com\/tr\/wp-json\/wp\/v2\/product\/324407\/revisions\/420417"}],"wp:featuredmedia":[{"embeddable":true,"href":"https:\/\/www.purejewels.com\/tr\/wp-json\/wp\/v2\/media\/342925"}],"wp:attachment":[{"href":"https:\/\/www.purejewels.com\/tr\/wp-json\/wp\/v2\/media?parent=324407"}],"wp:term":[{"taxonomy":"product_brand","embeddable":true,"href":"https:\/\/www.purejewels.com\/tr\/wp-json\/wp\/v2\/product_brand?post=324407"},{"taxonomy":"product_cat","embeddable":true,"href":"https:\/\/www.purejewels.com\/tr\/wp-json\/wp\/v2\/product_cat?post=324407"},{"taxonomy":"product_tag","embeddable":true,"href":"https:\/\/www.purejewels.com\/tr\/wp-json\/wp\/v2\/product_tag?post=324407"}],"curies":[{"name":"wp","href":"https:\/\/api.w.org\/{rel}","templated":true}]}}