{"id":324409,"date":"2021-06-10T07:25:11","date_gmt":"2021-06-10T06:25:11","guid":{"rendered":"https:\/\/www.purejewels.com\/product\/diarossa-wedding-band-ring-9-9gm\/"},"modified":"2025-11-06T12:53:20","modified_gmt":"2025-11-06T12:53:20","slug":"platin-alyans-uk-33872","status":"publish","type":"product","link":"https:\/\/www.purejewels.com\/tr\/product\/platinum-wedding-band-uk-33872\/","title":{"rendered":"Platin Alyans \u0130ngiltere"},"content":{"rendered":"<p><strong>Platin Alyans - Londra'da Zamans\u0131z \u015e\u0131kl\u0131k<\/strong><\/p>\n<p>Ebedi ba\u011f\u0131n\u0131z\u0131 bu l\u00fcks ve \u015f\u0131k \u00fcr\u00fcnle kutlay\u0131n. <strong>Platin Alyans<\/strong>kal\u0131c\u0131 g\u00fczellik ve sofistike bir g\u00f6r\u00fcn\u00fcm i\u00e7in titizlikle \u00fcretilmi\u015ftir. Sahip oldu\u011fu <strong>7mm kal\u0131nl\u0131k<\/strong>Bu y\u00fcz\u00fck, g\u00fcc\u00fc ve ba\u011fl\u0131l\u0131\u011f\u0131 simgeleyen cesur ama zarif bir duru\u015f sergiliyor.<\/p>\n<p>En iyi platinden \u00fcretilen bu y\u00fcz\u00fck, e\u015fsiz bir dayan\u0131kl\u0131l\u0131k ve kararmaya kar\u015f\u0131 diren\u00e7li parlak bir y\u00fczey sunarak \u00f6m\u00fcr boyu kullan\u0131m i\u00e7in m\u00fckemmeldir. Tasar\u0131m <strong>S Beden<\/strong>rahat bir uyum sa\u011flar, \u00f6d\u00fcn vermeden \u015f\u0131kl\u0131k arayanlar i\u00e7in idealdir.<\/p>\n<p>\u0130ster evlilik yemini s\u0131ras\u0131nda tak\u0131ls\u0131n ister g\u00fcnl\u00fck a\u015fk hat\u0131rlat\u0131c\u0131s\u0131 olarak kullan\u0131ls\u0131n, bu platin alyans klasik tasar\u0131m ve \u00e7a\u011fda\u015f cazibenin m\u00fckemmel bir kar\u0131\u015f\u0131m\u0131d\u0131r.<\/p>\n<ul>\n<li><strong>Malzeme:<\/strong> Premium Platinum<\/li>\n<li><strong>Boyut:<\/strong> S<\/li>\n<li><strong>Kal\u0131nl\u0131k:<\/strong> 7mm<\/li>\n<li><strong>Stil:<\/strong> Minimalist, zamans\u0131z ve unisex tasar\u0131m<\/li>\n<li><strong>\u015eunun i\u00e7in ideal:<\/strong> D\u00fc\u011f\u00fcnler, y\u0131ld\u00f6n\u00fcmleri veya yemin yenileme<\/li>\n<\/ul>\n<p>Bu y\u00fcz\u00fck bir m\u00fccevherden \u00e7ok daha fazlas\u0131d\u0131r - sonsuz a\u015fk\u0131n ve sars\u0131lmaz ba\u011fl\u0131l\u0131\u011f\u0131n sembol\u00fcd\u00fcr.<\/p>\n<p>A\u015fk\u0131n\u0131z\u0131n ve ba\u011fl\u0131l\u0131\u011f\u0131n\u0131z\u0131n m\u00fckemmel sembol\u00fcn\u00fc m\u00fc ar\u0131yorsunuz? Erkek platin alyans\u0131m\u0131zdan ba\u015fkas\u0131na bakmay\u0131n. En iyi kalite platinden \u00fcretilen bu y\u00fcz\u00fck sadece dayan\u0131kl\u0131 de\u011fil, ayn\u0131 zamanda inan\u0131lmaz derecede \u015f\u0131kt\u0131r. Kal\u0131nl\u0131\u011f\u0131 7 mm ve S beden olan bu y\u00fcz\u00fck, boyut ve geni\u015flik a\u00e7\u0131s\u0131ndan tercihlerinize uyacak \u015fekilde \u00f6zelle\u015ftirilebilir.<\/p>\n<p>T\u00fcm platin y\u00fcz\u00fcklerimiz Londra Assay Ofisi taraf\u0131ndan damgalanarak \u00f6zg\u00fcnl\u00fckleri ve kaliteleri garanti alt\u0131na al\u0131nm\u0131\u015ft\u0131r. Her y\u00fcz\u00fck bir sunum kutusuyla birlikte gelir ve bu da onu \u00f6zel g\u00fcn\u00fcn\u00fcz i\u00e7in m\u00fckemmel bir se\u00e7im haline getirir. Ayr\u0131ca, \u00fccretsiz teslimat dahil, bu \u00e7arp\u0131c\u0131 y\u00fcz\u00fc\u011f\u00fc hemen elinize alabilirsiniz.<\/p>\n<p>\u0130ster klasik ve zamans\u0131z bir tasar\u0131m, ister daha modern ve benzersiz bir \u015fey ar\u0131yor olun, platin alyanslar\u0131m\u0131z m\u00fckemmel bir se\u00e7imdir. \u00dcr\u00fcn\u00fcn videosu i\u00e7in veya herhangi bir sorunuz varsa bizimle ileti\u015fime ge\u00e7mekten \u00e7ekinmeyin. \u015eimdi sipari\u015f verin ve platin alyans\u0131m\u0131zla d\u00fc\u011f\u00fcn g\u00fcn\u00fcn\u00fcz\u00fc daha da \u00f6zel k\u0131l\u0131n.<\/p>","protected":false},"excerpt":{"rendered":"<ul>\n<li>Erkek Platin Alyans<\/li>\n<li>Beden. S<\/li>\n<li>Kal\u0131nl\u0131k 7mm<\/li>\n<li>SKU. 33872<\/li>\n<li>\u00c7e\u015fitli ebat ve geni\u015fliklerde yap\u0131labilir<\/li>\n<li>T\u00fcm \u00fcr\u00fcnlerimiz London Assay Office taraf\u0131ndan damgalanm\u0131\u015ft\u0131r<\/li>\n<li>T\u00fcm Platin Y\u00fcz\u00fcklerimiz \u0130ngiltere Sunum Kutusu ile Birlikte Gelir<\/li>\n<li>Teslimat Dahil<\/li>\n<li>T\u00fcm fiyatlara KDV dahildir<\/li>\n<li>\u00dcr\u00fcn videosu i\u00e7in bize ula\u015f\u0131n \/ bizimle sohbet edin<\/li>\n<\/ul>","protected":false},"featured_media":342928,"comment_status":"closed","ping_status":"closed","template":"","meta":{"_eb_attr":"","_crsspst_to_jayantr4sg-hostcom":true},"product_brand":[],"product_cat":[1572,1800,5293,5294,229,226],"product_tag":[],"class_list":{"0":"post-324409","1":"product","2":"type-product","3":"status-publish","4":"has-post-thumbnail","6":"product_cat-mens-jewellery","7":"product_cat-platinum-bands","8":"product_cat-platinum-wedding-bands-2","9":"product_cat-platinum-wedding-bands-for-men","10":"product_cat-wedding-bands","11":"product_cat-wedding-rings-bands","13":"first","14":"instock","15":"taxable","16":"shipping-taxable","17":"purchasable","18":"product-type-simple","19":"add-to-wishlist-before_image"},"yoast_head":"<!-- This site is optimized with the Yoast SEO plugin v27.5 - https:\/\/yoast.com\/product\/yoast-seo-wordpress\/ -->\n<title>Platinum Wedding Rings London | Online Bands | Purejewels<\/title>\n<meta name=\"description\" content=\"Mens Platinum Wedding Bands Uk | Discover Our Collection Of Platinum Wedding Bands | Customized Wedding Rings Online\" \/>\n<meta name=\"robots\" content=\"index, follow, max-snippet:-1, max-image-preview:large, max-video-preview:-1\" \/>\n<link rel=\"canonical\" href=\"https:\/\/www.purejewels.com\/tr\/urun\/platin-alyans-uk-33872\/\" \/>\n<meta property=\"og:locale\" content=\"tr_TR\" \/>\n<meta property=\"og:type\" content=\"article\" \/>\n<meta property=\"og:title\" content=\"Platinum Wedding Rings London | Online Bands | Purejewels\" \/>\n<meta property=\"og:description\" content=\"Mens Platinum Wedding Bands Uk | Discover Our Collection Of Platinum Wedding Bands | Customized Wedding Rings Online\" \/>\n<meta property=\"og:url\" content=\"https:\/\/www.purejewels.com\/tr\/urun\/platin-alyans-uk-33872\/\" \/>\n<meta property=\"og:site_name\" content=\"PureJewels UK\" \/>\n<meta property=\"article:modified_time\" content=\"2025-11-06T12:53:20+00:00\" \/>\n<meta property=\"og:image\" content=\"https:\/\/www.purejewels.com\/wp-content\/uploads\/2021\/06\/33879-2.jpg\" \/>\n\t<meta property=\"og:image:width\" content=\"1000\" \/>\n\t<meta property=\"og:image:height\" content=\"1000\" \/>\n\t<meta property=\"og:image:type\" content=\"image\/jpeg\" \/>\n<meta name=\"twitter:card\" content=\"summary_large_image\" \/>\n<meta name=\"twitter:label1\" content=\"Tahmini okuma s\u00fcresi\" \/>\n\t<meta name=\"twitter:data1\" content=\"2 dakika\" \/>\n<script type=\"application\/ld+json\" class=\"yoast-schema-graph\">{\"@context\":\"https:\\\/\\\/schema.org\",\"@graph\":[{\"@type\":[\"WebPage\",\"ItemPage\"],\"@id\":\"https:\\\/\\\/www.purejewels.com\\\/product\\\/platinum-wedding-band-uk-33872\\\/\",\"url\":\"https:\\\/\\\/www.purejewels.com\\\/product\\\/platinum-wedding-band-uk-33872\\\/\",\"name\":\"Platinum Wedding Rings London | Online Bands | Purejewels\",\"isPartOf\":{\"@id\":\"https:\\\/\\\/www.purejewels.com\\\/#website\"},\"primaryImageOfPage\":{\"@id\":\"https:\\\/\\\/www.purejewels.com\\\/product\\\/platinum-wedding-band-uk-33872\\\/#primaryimage\"},\"image\":{\"@id\":\"https:\\\/\\\/www.purejewels.com\\\/product\\\/platinum-wedding-band-uk-33872\\\/#primaryimage\"},\"thumbnailUrl\":\"https:\\\/\\\/static.purejewels.com\\\/wp-content\\\/uploads\\\/2021\\\/06\\\/33879-2.jpg\",\"datePublished\":\"2021-06-10T06:25:11+00:00\",\"dateModified\":\"2025-11-06T12:53:20+00:00\",\"description\":\"Mens Platinum Wedding Bands Uk | Discover Our Collection Of Platinum Wedding Bands | Customized Wedding Rings Online\",\"breadcrumb\":{\"@id\":\"https:\\\/\\\/www.purejewels.com\\\/product\\\/platinum-wedding-band-uk-33872\\\/#breadcrumb\"},\"inLanguage\":\"tr\",\"potentialAction\":[{\"@type\":\"ReadAction\",\"target\":[\"https:\\\/\\\/www.purejewels.com\\\/product\\\/platinum-wedding-band-uk-33872\\\/\"]}]},{\"@type\":\"ImageObject\",\"inLanguage\":\"tr\",\"@id\":\"https:\\\/\\\/www.purejewels.com\\\/product\\\/platinum-wedding-band-uk-33872\\\/#primaryimage\",\"url\":\"https:\\\/\\\/static.purejewels.com\\\/wp-content\\\/uploads\\\/2021\\\/06\\\/33879-2.jpg\",\"contentUrl\":\"https:\\\/\\\/static.purejewels.com\\\/wp-content\\\/uploads\\\/2021\\\/06\\\/33879-2.jpg\",\"width\":1000,\"height\":1000},{\"@type\":\"BreadcrumbList\",\"@id\":\"https:\\\/\\\/www.purejewels.com\\\/product\\\/platinum-wedding-band-uk-33872\\\/#breadcrumb\",\"itemListElement\":[{\"@type\":\"ListItem\",\"position\":1,\"name\":\"Home\",\"item\":\"https:\\\/\\\/www.purejewels.com\\\/\"},{\"@type\":\"ListItem\",\"position\":2,\"name\":\"Shop\",\"item\":\"https:\\\/\\\/www.purejewels.com\\\/shop\\\/\"},{\"@type\":\"ListItem\",\"position\":3,\"name\":\"Platinum Wedding Band UK\"}]},{\"@type\":\"WebSite\",\"@id\":\"https:\\\/\\\/www.purejewels.com\\\/#website\",\"url\":\"https:\\\/\\\/www.purejewels.com\\\/\",\"name\":\"PureJewels UK\",\"description\":\"Share the Love\",\"publisher\":{\"@id\":\"https:\\\/\\\/www.purejewels.com\\\/#organization\"},\"potentialAction\":[{\"@type\":\"SearchAction\",\"target\":{\"@type\":\"EntryPoint\",\"urlTemplate\":\"https:\\\/\\\/www.purejewels.com\\\/?s={search_term_string}\"},\"query-input\":{\"@type\":\"PropertyValueSpecification\",\"valueRequired\":true,\"valueName\":\"search_term_string\"}}],\"inLanguage\":\"tr\"},{\"@type\":\"Organization\",\"@id\":\"https:\\\/\\\/www.purejewels.com\\\/#organization\",\"name\":\"PureJewels UK\",\"url\":\"https:\\\/\\\/www.purejewels.com\\\/\",\"logo\":{\"@type\":\"ImageObject\",\"inLanguage\":\"tr\",\"@id\":\"https:\\\/\\\/www.purejewels.com\\\/#\\\/schema\\\/logo\\\/image\\\/\",\"url\":\"https:\\\/\\\/static.purejewels.com\\\/wp-content\\\/uploads\\\/2020\\\/11\\\/Logo-PJ-New-1.png\",\"contentUrl\":\"https:\\\/\\\/static.purejewels.com\\\/wp-content\\\/uploads\\\/2020\\\/11\\\/Logo-PJ-New-1.png\",\"width\":150,\"height\":80,\"caption\":\"PureJewels UK\"},\"image\":{\"@id\":\"https:\\\/\\\/www.purejewels.com\\\/#\\\/schema\\\/logo\\\/image\\\/\"}}]}<\/script>\n<!-- \/ Yoast SEO plugin. -->","yoast_head_json":{"title":"Platin Alyanslar Londra | Online Alyanslar | Purejewels","description":"Erkek Platin Alyanslar \u0130ngiltere | Platin Alyans Koleksiyonumuzu Ke\u015ffedin | \u00d6zelle\u015ftirilmi\u015f Alyanslar \u00c7evrimi\u00e7i","robots":{"index":"index","follow":"follow","max-snippet":"max-snippet:-1","max-image-preview":"max-image-preview:large","max-video-preview":"max-video-preview:-1"},"canonical":"https:\/\/www.purejewels.com\/tr\/urun\/platin-alyans-uk-33872\/","og_locale":"tr_TR","og_type":"article","og_title":"Platinum Wedding Rings London | Online Bands | Purejewels","og_description":"Mens Platinum Wedding Bands Uk | Discover Our Collection Of Platinum Wedding Bands | Customized Wedding Rings Online","og_url":"https:\/\/www.purejewels.com\/tr\/urun\/platin-alyans-uk-33872\/","og_site_name":"PureJewels UK","article_modified_time":"2025-11-06T12:53:20+00:00","og_image":[{"width":1000,"height":1000,"url":"https:\/\/www.purejewels.com\/wp-content\/uploads\/2021\/06\/33879-2.jpg","type":"image\/jpeg"}],"twitter_card":"summary_large_image","twitter_misc":{"Tahmini okuma s\u00fcresi":"2 dakika"},"schema":{"@context":"https:\/\/schema.org","@graph":[{"@type":["WebPage","ItemPage"],"@id":"https:\/\/www.purejewels.com\/product\/platinum-wedding-band-uk-33872\/","url":"https:\/\/www.purejewels.com\/product\/platinum-wedding-band-uk-33872\/","name":"Platin Alyanslar Londra | Online Alyanslar | Purejewels","isPartOf":{"@id":"https:\/\/www.purejewels.com\/#website"},"primaryImageOfPage":{"@id":"https:\/\/www.purejewels.com\/product\/platinum-wedding-band-uk-33872\/#primaryimage"},"image":{"@id":"https:\/\/www.purejewels.com\/product\/platinum-wedding-band-uk-33872\/#primaryimage"},"thumbnailUrl":"https:\/\/static.purejewels.com\/wp-content\/uploads\/2021\/06\/33879-2.jpg","datePublished":"2021-06-10T06:25:11+00:00","dateModified":"2025-11-06T12:53:20+00:00","description":"Erkek Platin Alyanslar \u0130ngiltere | Platin Alyans Koleksiyonumuzu Ke\u015ffedin | \u00d6zelle\u015ftirilmi\u015f Alyanslar \u00c7evrimi\u00e7i","breadcrumb":{"@id":"https:\/\/www.purejewels.com\/product\/platinum-wedding-band-uk-33872\/#breadcrumb"},"inLanguage":"tr","potentialAction":[{"@type":"ReadAction","target":["https:\/\/www.purejewels.com\/product\/platinum-wedding-band-uk-33872\/"]}]},{"@type":"ImageObject","inLanguage":"tr","@id":"https:\/\/www.purejewels.com\/product\/platinum-wedding-band-uk-33872\/#primaryimage","url":"https:\/\/static.purejewels.com\/wp-content\/uploads\/2021\/06\/33879-2.jpg","contentUrl":"https:\/\/static.purejewels.com\/wp-content\/uploads\/2021\/06\/33879-2.jpg","width":1000,"height":1000},{"@type":"BreadcrumbList","@id":"https:\/\/www.purejewels.com\/product\/platinum-wedding-band-uk-33872\/#breadcrumb","itemListElement":[{"@type":"ListItem","position":1,"name":"Home","item":"https:\/\/www.purejewels.com\/"},{"@type":"ListItem","position":2,"name":"Shop","item":"https:\/\/www.purejewels.com\/shop\/"},{"@type":"ListItem","position":3,"name":"Platinum Wedding Band UK"}]},{"@type":"WebSite","@id":"https:\/\/www.purejewels.com\/#website","url":"https:\/\/www.purejewels.com\/","name":"PureJewels \u0130ngiltere","description":"Sevgiyi Payla\u015f\u0131n","publisher":{"@id":"https:\/\/www.purejewels.com\/#organization"},"potentialAction":[{"@type":"SearchAction","target":{"@type":"EntryPoint","urlTemplate":"https:\/\/www.purejewels.com\/?s={search_term_string}"},"query-input":{"@type":"PropertyValueSpecification","valueRequired":true,"valueName":"search_term_string"}}],"inLanguage":"tr"},{"@type":"Organization","@id":"https:\/\/www.purejewels.com\/#organization","name":"PureJewels \u0130ngiltere","url":"https:\/\/www.purejewels.com\/","logo":{"@type":"ImageObject","inLanguage":"tr","@id":"https:\/\/www.purejewels.com\/#\/schema\/logo\/image\/","url":"https:\/\/static.purejewels.com\/wp-content\/uploads\/2020\/11\/Logo-PJ-New-1.png","contentUrl":"https:\/\/static.purejewels.com\/wp-content\/uploads\/2020\/11\/Logo-PJ-New-1.png","width":150,"height":80,"caption":"PureJewels UK"},"image":{"@id":"https:\/\/www.purejewels.com\/#\/schema\/logo\/image\/"}}]}},"_links":{"self":[{"href":"https:\/\/www.purejewels.com\/tr\/wp-json\/wp\/v2\/product\/324409","targetHints":{"allow":["GET"]}}],"collection":[{"href":"https:\/\/www.purejewels.com\/tr\/wp-json\/wp\/v2\/product"}],"about":[{"href":"https:\/\/www.purejewels.com\/tr\/wp-json\/wp\/v2\/types\/product"}],"replies":[{"embeddable":true,"href":"https:\/\/www.purejewels.com\/tr\/wp-json\/wp\/v2\/comments?post=324409"}],"version-history":[{"count":3,"href":"https:\/\/www.purejewels.com\/tr\/wp-json\/wp\/v2\/product\/324409\/revisions"}],"predecessor-version":[{"id":420086,"href":"https:\/\/www.purejewels.com\/tr\/wp-json\/wp\/v2\/product\/324409\/revisions\/420086"}],"wp:featuredmedia":[{"embeddable":true,"href":"https:\/\/www.purejewels.com\/tr\/wp-json\/wp\/v2\/media\/342928"}],"wp:attachment":[{"href":"https:\/\/www.purejewels.com\/tr\/wp-json\/wp\/v2\/media?parent=324409"}],"wp:term":[{"taxonomy":"product_brand","embeddable":true,"href":"https:\/\/www.purejewels.com\/tr\/wp-json\/wp\/v2\/product_brand?post=324409"},{"taxonomy":"product_cat","embeddable":true,"href":"https:\/\/www.purejewels.com\/tr\/wp-json\/wp\/v2\/product_cat?post=324409"},{"taxonomy":"product_tag","embeddable":true,"href":"https:\/\/www.purejewels.com\/tr\/wp-json\/wp\/v2\/product_tag?post=324409"}],"curies":[{"name":"wp","href":"https:\/\/api.w.org\/{rel}","templated":true}]}}