{"id":324574,"date":"2023-09-24T07:50:25","date_gmt":"2023-09-24T06:50:25","guid":{"rendered":"https:\/\/www.purejewels.com\/product\/22ct-gold-link-chain-3-8gm-18-inches\/"},"modified":"2025-08-05T07:12:14","modified_gmt":"2025-08-05T06:12:14","slug":"22-ayar-altin-baklali-zincir-33776","status":"publish","type":"product","link":"https:\/\/www.purejewels.com\/tr\/product\/22ct-gold-link-chain-33776\/","title":{"rendered":"22 Ayar Alt\u0131n | Baklal\u0131 Zincir | 16 \u0130n\u00e7 | 0,8 mm Kal\u0131nl\u0131k"},"content":{"rendered":"<p><span style=\"font-weight: 400;\">Hediye fikirlerinizin t\u00fckendi\u011fi, hatta ge\u00e7 kald\u0131\u011f\u0131n\u0131z ve yine de zarif, ki\u015fisel ve \u00f6zel bir \u015fey vermek istedi\u011finiz zamanlar i\u00e7in, i\u015f\u00e7ilik ve zincir fiyat\u0131na g\u00f6re \"m\u00fckemmel bir \u015fey\".<\/span><\/p>\n<p><span style=\"font-weight: 400;\">Koleksiyonumuzdaki bu muhte\u015fem zincir, m\u00fccevher kutunuza ger\u00e7ekten anlaml\u0131 bir katk\u0131 sa\u011flayacakt\u0131r. Bu 22 ayar Hint alt\u0131n zinciri, detaylara ve tasar\u0131ma azami \u00f6zen g\u00f6sterilerek \u00fcretilmi\u015ftir ve 16 in\u00e7 uzunlu\u011fundad\u0131r. Alt\u0131n zincirimizin her bir halkas\u0131 <a href=\"https:\/\/www.purejewels.com\/tr\/product\/18ct-white-gold-link-chain-46414\/\">baklal\u0131 zincir<\/a> Her biri el i\u015f\u00e7ili\u011fiyle \u00f6zenle haz\u0131rlanm\u0131\u015f ve kusursuz hale getirilmi\u015f olan bu baklalar\u0131n karma\u015f\u0131k dokumas\u0131 Hint zincirini bir sanat eseri haline getiriyor. Purejewels'in bu baklal\u0131 zinciri sadece 0,8 milimetrelik kal\u0131nl\u0131\u011f\u0131yla hafif ve son derece narindir, bu da onu zahmetsiz bir aksesuar haline getirir.<\/span><\/p>\n<p><span style=\"font-weight: 400;\">Narin 22K kolyemiz s\u00fcper dinamik ve ayarlanabilirdir, ba\u011f\u0131ms\u0131z olarak tak\u0131labilir veya di\u011ferleriyle birlikte istiflenebilir <a href=\"https:\/\/www.purejewels.com\/tr\/product-category\/22ct-gold-jewellery\/gold-necklaces\/\">KOLYELER<\/a>. Kendinizi oldu\u011funuzdan \u00e7ok daha muhte\u015fem hissetmeniz i\u00e7in titizlikle tasarlanan \u00e7arp\u0131c\u0131 m\u00fccevher koleksiyonumuzdan g\u00fczel bir kolye bile se\u00e7ebilirsiniz.<\/span><\/p>","protected":false},"excerpt":{"rendered":"<div class=\"woocommerce-product-details__short-description\">\n<div class=\"woocommerce-product-details__short-description\">\n<div class=\"woocommerce-product-details__short-description\">\n<div class=\"woocommerce-product-details__short-description\">\n<table class=\"sh_desc\">\n<tbody>\n<tr>\n<td>Zincir Tipi<\/td>\n<td>Ba\u011flant\u0131 Zinciri<\/td>\n<\/tr>\n<tr>\n<td>SKU<\/td>\n<td>33764<\/td>\n<\/tr>\n<tr>\n<td>A\u011f\u0131rl\u0131k<\/td>\n<td>3.4 Gms<\/td>\n<\/tr>\n<tr>\n<td>Metal<\/td>\n<td>22 Ayar Alt\u0131n<\/td>\n<\/tr>\n<tr>\n<td>Uzunluk<\/td>\n<td>16 in\u00e7<\/td>\n<\/tr>\n<tr>\n<td>Hallmark<\/td>\n<td>Londra Tahlil Ofisi Taraf\u0131ndan Damgalanm\u0131\u015f 22 Ayar Alt\u0131n<\/td>\n<\/tr>\n<tr>\n<td>\u00dccretler<\/td>\n<td>Teslimat ve KDV Dahil<\/td>\n<\/tr>\n<tr>\n<td>Paketleme<\/td>\n<td>Sunum Kutusu ile Birlikte Gelir<\/td>\n<\/tr>\n<tr>\n<td>Daha Fazla Bilgi<\/td>\n<td>M\u00fcsaitlik durumu ve daha fazla resim i\u00e7in bizimle canl\u0131 sohbet edin<\/td>\n<\/tr>\n<\/tbody>\n<\/table>\n<\/div>\n<div class=\"btn-atc atc-slide\"><\/div>\n<div class=\"product_meta\"><\/div>\n<\/div>\n<div class=\"btn-atc atc-slide\"><\/div>\n<div class=\"product_meta\"><\/div>\n<\/div>\n<div class=\"btn-atc atc-slide\"><\/div>\n<div class=\"product_meta\"><\/div>\n<\/div>\n<div class=\"btn-atc atc-slide\">\n<div class=\"yith-ywraq-add-to-quote add-to-quote-327247 near-add-to-cart\"><\/div>\n<\/div>","protected":false},"featured_media":324575,"comment_status":"closed","ping_status":"closed","template":"","meta":{"_eb_attr":"","_crsspst_to_jayantr4sg-hostcom":false},"product_brand":[],"product_cat":[5020,5013,1791,1559,1475,1773,5597,1573,1574],"product_tag":[3990,1430],"class_list":{"0":"post-324574","1":"product","2":"type-product","3":"status-publish","4":"has-post-thumbnail","6":"product_cat-16-inch-kids-chain","7":"product_cat-16-inch-ladies-chain","8":"product_cat-anniversary-gifts","9":"product_cat-birthday-gifts","10":"product_cat-gold-chains","11":"product_cat-ladies-chains","12":"product_cat-link-chain","13":"product_cat-wedding-gifts","14":"product_cat-womens-jewellery","15":"product_tag-22-carat-gold-chain","16":"product_tag-diwali-gift","18":"first","19":"onbackorder","20":"taxable","21":"shipping-taxable","22":"product-type-simple","23":"add-to-wishlist-before_image"},"yoast_head":"<!-- This site is optimized with the Yoast SEO plugin v27.5 - https:\/\/yoast.com\/product\/yoast-seo-wordpress\/ -->\n<title>Buy 16 inch long Indian gold chain in 22 Carat gold<\/title>\n<meta name=\"description\" content=\"Explore online for gold chain designs &amp; buy 22ct Gold Link Chain with 16 Inches. Our 22ct Gold\u00a0Jewellery Hallmarked\u00a0 by London Assay Office.\" \/>\n<meta name=\"robots\" content=\"index, follow, max-snippet:-1, max-image-preview:large, max-video-preview:-1\" \/>\n<link rel=\"canonical\" href=\"https:\/\/www.purejewels.com\/tr\/urun\/22-ayar-altin-baklali-zincir-33776\/\" \/>\n<meta property=\"og:locale\" content=\"tr_TR\" \/>\n<meta property=\"og:type\" content=\"article\" \/>\n<meta property=\"og:title\" content=\"Buy 16 inch long Indian gold chain in 22 Carat gold\" \/>\n<meta property=\"og:description\" content=\"Explore online for gold chain designs &amp; buy 22ct Gold Link Chain with 16 Inches. Our 22ct Gold\u00a0Jewellery Hallmarked\u00a0 by London Assay Office.\" \/>\n<meta property=\"og:url\" content=\"https:\/\/www.purejewels.com\/tr\/urun\/22-ayar-altin-baklali-zincir-33776\/\" \/>\n<meta property=\"og:site_name\" content=\"PureJewels UK\" \/>\n<meta property=\"article:modified_time\" content=\"2025-08-05T06:12:14+00:00\" \/>\n<meta property=\"og:image\" content=\"https:\/\/www.purejewels.com\/wp-content\/uploads\/2021\/06\/image249930376.jpg\" \/>\n\t<meta property=\"og:image:width\" content=\"1000\" \/>\n\t<meta property=\"og:image:height\" content=\"1000\" \/>\n\t<meta property=\"og:image:type\" content=\"image\/jpeg\" \/>\n<meta name=\"twitter:card\" content=\"summary_large_image\" \/>\n<meta name=\"twitter:label1\" content=\"Tahmini okuma s\u00fcresi\" \/>\n\t<meta name=\"twitter:data1\" content=\"1 dakika\" \/>\n<script type=\"application\/ld+json\" class=\"yoast-schema-graph\">{\"@context\":\"https:\\\/\\\/schema.org\",\"@graph\":[{\"@type\":[\"WebPage\",\"ItemPage\"],\"@id\":\"https:\\\/\\\/www.purejewels.com\\\/product\\\/22ct-gold-link-chain-33776\\\/\",\"url\":\"https:\\\/\\\/www.purejewels.com\\\/product\\\/22ct-gold-link-chain-33776\\\/\",\"name\":\"Buy 16 inch long Indian gold chain in 22 Carat gold\",\"isPartOf\":{\"@id\":\"https:\\\/\\\/www.purejewels.com\\\/#website\"},\"primaryImageOfPage\":{\"@id\":\"https:\\\/\\\/www.purejewels.com\\\/product\\\/22ct-gold-link-chain-33776\\\/#primaryimage\"},\"image\":{\"@id\":\"https:\\\/\\\/www.purejewels.com\\\/product\\\/22ct-gold-link-chain-33776\\\/#primaryimage\"},\"thumbnailUrl\":\"https:\\\/\\\/static.purejewels.com\\\/wp-content\\\/uploads\\\/2021\\\/06\\\/image249930376.jpg\",\"datePublished\":\"2023-09-24T06:50:25+00:00\",\"dateModified\":\"2025-08-05T06:12:14+00:00\",\"description\":\"Explore online for gold chain designs & buy 22ct Gold Link Chain with 16 Inches. Our 22ct Gold\u00a0Jewellery Hallmarked\u00a0 by London Assay Office.\",\"breadcrumb\":{\"@id\":\"https:\\\/\\\/www.purejewels.com\\\/product\\\/22ct-gold-link-chain-33776\\\/#breadcrumb\"},\"inLanguage\":\"tr\",\"potentialAction\":[{\"@type\":\"ReadAction\",\"target\":[\"https:\\\/\\\/www.purejewels.com\\\/product\\\/22ct-gold-link-chain-33776\\\/\"]}]},{\"@type\":\"ImageObject\",\"inLanguage\":\"tr\",\"@id\":\"https:\\\/\\\/www.purejewels.com\\\/product\\\/22ct-gold-link-chain-33776\\\/#primaryimage\",\"url\":\"https:\\\/\\\/static.purejewels.com\\\/wp-content\\\/uploads\\\/2021\\\/06\\\/image249930376.jpg\",\"contentUrl\":\"https:\\\/\\\/static.purejewels.com\\\/wp-content\\\/uploads\\\/2021\\\/06\\\/image249930376.jpg\",\"width\":1000,\"height\":1000,\"caption\":\"22ct Gold Link Chain - 33776\"},{\"@type\":\"BreadcrumbList\",\"@id\":\"https:\\\/\\\/www.purejewels.com\\\/product\\\/22ct-gold-link-chain-33776\\\/#breadcrumb\",\"itemListElement\":[{\"@type\":\"ListItem\",\"position\":1,\"name\":\"Home\",\"item\":\"https:\\\/\\\/www.purejewels.com\\\/\"},{\"@type\":\"ListItem\",\"position\":2,\"name\":\"Shop\",\"item\":\"https:\\\/\\\/www.purejewels.com\\\/shop\\\/\"},{\"@type\":\"ListItem\",\"position\":3,\"name\":\"22ct Gold | Link Chain | 16 Inches | 0.8mm Thick\"}]},{\"@type\":\"WebSite\",\"@id\":\"https:\\\/\\\/www.purejewels.com\\\/#website\",\"url\":\"https:\\\/\\\/www.purejewels.com\\\/\",\"name\":\"PureJewels UK\",\"description\":\"Share the Love\",\"publisher\":{\"@id\":\"https:\\\/\\\/www.purejewels.com\\\/#organization\"},\"potentialAction\":[{\"@type\":\"SearchAction\",\"target\":{\"@type\":\"EntryPoint\",\"urlTemplate\":\"https:\\\/\\\/www.purejewels.com\\\/?s={search_term_string}\"},\"query-input\":{\"@type\":\"PropertyValueSpecification\",\"valueRequired\":true,\"valueName\":\"search_term_string\"}}],\"inLanguage\":\"tr\"},{\"@type\":\"Organization\",\"@id\":\"https:\\\/\\\/www.purejewels.com\\\/#organization\",\"name\":\"PureJewels UK\",\"url\":\"https:\\\/\\\/www.purejewels.com\\\/\",\"logo\":{\"@type\":\"ImageObject\",\"inLanguage\":\"tr\",\"@id\":\"https:\\\/\\\/www.purejewels.com\\\/#\\\/schema\\\/logo\\\/image\\\/\",\"url\":\"https:\\\/\\\/static.purejewels.com\\\/wp-content\\\/uploads\\\/2020\\\/11\\\/Logo-PJ-New-1.png\",\"contentUrl\":\"https:\\\/\\\/static.purejewels.com\\\/wp-content\\\/uploads\\\/2020\\\/11\\\/Logo-PJ-New-1.png\",\"width\":150,\"height\":80,\"caption\":\"PureJewels UK\"},\"image\":{\"@id\":\"https:\\\/\\\/www.purejewels.com\\\/#\\\/schema\\\/logo\\\/image\\\/\"}}]}<\/script>\n<!-- \/ Yoast SEO plugin. -->","yoast_head_json":{"title":"22 Ayar alt\u0131ndan 16 in\u00e7 uzunlu\u011funda Hint alt\u0131n zinciri sat\u0131n al\u0131n","description":"Alt\u0131n zincir tasar\u0131mlar\u0131 i\u00e7in \u00e7evrimi\u00e7i ke\u015ffe \u00e7\u0131k\u0131n ve 16 \u0130n\u00e7 22 Ayar Alt\u0131n Baklal\u0131 Zincir sat\u0131n al\u0131n. 22 Ayar Alt\u0131n Tak\u0131lar\u0131m\u0131z Londra Tahlil Ofisi taraf\u0131ndan damgalanm\u0131\u015ft\u0131r.","robots":{"index":"index","follow":"follow","max-snippet":"max-snippet:-1","max-image-preview":"max-image-preview:large","max-video-preview":"max-video-preview:-1"},"canonical":"https:\/\/www.purejewels.com\/tr\/urun\/22-ayar-altin-baklali-zincir-33776\/","og_locale":"tr_TR","og_type":"article","og_title":"Buy 16 inch long Indian gold chain in 22 Carat gold","og_description":"Explore online for gold chain designs & buy 22ct Gold Link Chain with 16 Inches. Our 22ct Gold\u00a0Jewellery Hallmarked\u00a0 by London Assay Office.","og_url":"https:\/\/www.purejewels.com\/tr\/urun\/22-ayar-altin-baklali-zincir-33776\/","og_site_name":"PureJewels UK","article_modified_time":"2025-08-05T06:12:14+00:00","og_image":[{"width":1000,"height":1000,"url":"https:\/\/www.purejewels.com\/wp-content\/uploads\/2021\/06\/image249930376.jpg","type":"image\/jpeg"}],"twitter_card":"summary_large_image","twitter_misc":{"Tahmini okuma s\u00fcresi":"1 dakika"},"schema":{"@context":"https:\/\/schema.org","@graph":[{"@type":["WebPage","ItemPage"],"@id":"https:\/\/www.purejewels.com\/product\/22ct-gold-link-chain-33776\/","url":"https:\/\/www.purejewels.com\/product\/22ct-gold-link-chain-33776\/","name":"22 Ayar alt\u0131ndan 16 in\u00e7 uzunlu\u011funda Hint alt\u0131n zinciri sat\u0131n al\u0131n","isPartOf":{"@id":"https:\/\/www.purejewels.com\/#website"},"primaryImageOfPage":{"@id":"https:\/\/www.purejewels.com\/product\/22ct-gold-link-chain-33776\/#primaryimage"},"image":{"@id":"https:\/\/www.purejewels.com\/product\/22ct-gold-link-chain-33776\/#primaryimage"},"thumbnailUrl":"https:\/\/static.purejewels.com\/wp-content\/uploads\/2021\/06\/image249930376.jpg","datePublished":"2023-09-24T06:50:25+00:00","dateModified":"2025-08-05T06:12:14+00:00","description":"Alt\u0131n zincir tasar\u0131mlar\u0131 i\u00e7in \u00e7evrimi\u00e7i ke\u015ffe \u00e7\u0131k\u0131n ve 16 \u0130n\u00e7 22 Ayar Alt\u0131n Baklal\u0131 Zincir sat\u0131n al\u0131n. 22 Ayar Alt\u0131n Tak\u0131lar\u0131m\u0131z Londra Tahlil Ofisi taraf\u0131ndan damgalanm\u0131\u015ft\u0131r.","breadcrumb":{"@id":"https:\/\/www.purejewels.com\/product\/22ct-gold-link-chain-33776\/#breadcrumb"},"inLanguage":"tr","potentialAction":[{"@type":"ReadAction","target":["https:\/\/www.purejewels.com\/product\/22ct-gold-link-chain-33776\/"]}]},{"@type":"ImageObject","inLanguage":"tr","@id":"https:\/\/www.purejewels.com\/product\/22ct-gold-link-chain-33776\/#primaryimage","url":"https:\/\/static.purejewels.com\/wp-content\/uploads\/2021\/06\/image249930376.jpg","contentUrl":"https:\/\/static.purejewels.com\/wp-content\/uploads\/2021\/06\/image249930376.jpg","width":1000,"height":1000,"caption":"22ct Gold Link Chain - 33776"},{"@type":"BreadcrumbList","@id":"https:\/\/www.purejewels.com\/product\/22ct-gold-link-chain-33776\/#breadcrumb","itemListElement":[{"@type":"ListItem","position":1,"name":"Home","item":"https:\/\/www.purejewels.com\/"},{"@type":"ListItem","position":2,"name":"Shop","item":"https:\/\/www.purejewels.com\/shop\/"},{"@type":"ListItem","position":3,"name":"22ct Gold | Link Chain | 16 Inches | 0.8mm Thick"}]},{"@type":"WebSite","@id":"https:\/\/www.purejewels.com\/#website","url":"https:\/\/www.purejewels.com\/","name":"PureJewels \u0130ngiltere","description":"Sevgiyi Payla\u015f\u0131n","publisher":{"@id":"https:\/\/www.purejewels.com\/#organization"},"potentialAction":[{"@type":"SearchAction","target":{"@type":"EntryPoint","urlTemplate":"https:\/\/www.purejewels.com\/?s={search_term_string}"},"query-input":{"@type":"PropertyValueSpecification","valueRequired":true,"valueName":"search_term_string"}}],"inLanguage":"tr"},{"@type":"Organization","@id":"https:\/\/www.purejewels.com\/#organization","name":"PureJewels \u0130ngiltere","url":"https:\/\/www.purejewels.com\/","logo":{"@type":"ImageObject","inLanguage":"tr","@id":"https:\/\/www.purejewels.com\/#\/schema\/logo\/image\/","url":"https:\/\/static.purejewels.com\/wp-content\/uploads\/2020\/11\/Logo-PJ-New-1.png","contentUrl":"https:\/\/static.purejewels.com\/wp-content\/uploads\/2020\/11\/Logo-PJ-New-1.png","width":150,"height":80,"caption":"PureJewels UK"},"image":{"@id":"https:\/\/www.purejewels.com\/#\/schema\/logo\/image\/"}}]}},"_links":{"self":[{"href":"https:\/\/www.purejewels.com\/tr\/wp-json\/wp\/v2\/product\/324574","targetHints":{"allow":["GET"]}}],"collection":[{"href":"https:\/\/www.purejewels.com\/tr\/wp-json\/wp\/v2\/product"}],"about":[{"href":"https:\/\/www.purejewels.com\/tr\/wp-json\/wp\/v2\/types\/product"}],"replies":[{"embeddable":true,"href":"https:\/\/www.purejewels.com\/tr\/wp-json\/wp\/v2\/comments?post=324574"}],"version-history":[{"count":1,"href":"https:\/\/www.purejewels.com\/tr\/wp-json\/wp\/v2\/product\/324574\/revisions"}],"predecessor-version":[{"id":409254,"href":"https:\/\/www.purejewels.com\/tr\/wp-json\/wp\/v2\/product\/324574\/revisions\/409254"}],"wp:featuredmedia":[{"embeddable":true,"href":"https:\/\/www.purejewels.com\/tr\/wp-json\/wp\/v2\/media\/324575"}],"wp:attachment":[{"href":"https:\/\/www.purejewels.com\/tr\/wp-json\/wp\/v2\/media?parent=324574"}],"wp:term":[{"taxonomy":"product_brand","embeddable":true,"href":"https:\/\/www.purejewels.com\/tr\/wp-json\/wp\/v2\/product_brand?post=324574"},{"taxonomy":"product_cat","embeddable":true,"href":"https:\/\/www.purejewels.com\/tr\/wp-json\/wp\/v2\/product_cat?post=324574"},{"taxonomy":"product_tag","embeddable":true,"href":"https:\/\/www.purejewels.com\/tr\/wp-json\/wp\/v2\/product_tag?post=324574"}],"curies":[{"name":"wp","href":"https:\/\/api.w.org\/{rel}","templated":true}]}}