{"id":324581,"date":"2021-06-24T08:09:14","date_gmt":"2021-06-24T07:09:14","guid":{"rendered":"https:\/\/www.purejewels.com\/product\/22ct-gold-ladies-bracelet-7-5-gm\/"},"modified":"2026-01-06T09:44:36","modified_gmt":"2026-01-06T09:44:36","slug":"kadinlar-icin-altin-bilezik-33960","status":"publish","type":"product","link":"https:\/\/www.purejewels.com\/tr\/product\/gold-bracelet-for-women-33960\/","title":{"rendered":"Kad\u0131nlar i\u00e7in Alt\u0131n Bileklik"},"content":{"rendered":"<p><span style=\"font-weight: 400;\">Giyinirken ve \u015f\u0131kl\u0131\u011f\u0131n\u0131z\u0131 artt\u0131r\u0131rken bile\u011finizi aksesuarlarla s\u00fcslemenin \u00e7ok \u00f6nemli oldu\u011funa inan\u0131yoruz.<\/span><\/p>\n<p><span style=\"font-weight: 400;\">\u0130\u015fte ikonik alt\u0131n han\u0131mlar\u0131m\u0131z <a href=\"https:\/\/www.purejewels.com\/tr\/product-category\/22ct-gold-jewellery\/gold-bracelet\/\">Bilezik<\/a> Hint Klasik Dans\u00e7\u0131lar\u0131 taraf\u0131ndan giyilen geleneksel Ghungrus'tan ilham alan ve <a href=\"https:\/\/www.purejewels.com\/tr\/handmade-gold-jewellery\/\">el yap\u0131m\u0131<\/a> en ba\u015f\u0131ndan beri. Bu alt\u0131n kad\u0131n bilezi\u011fi 22 ayar alt\u0131ndan benzersiz bir \u015fekilde \u00fcretilmi\u015ftir. Farkl\u0131 \u015fekil, yap\u0131 ve boyutlardaki bu ghungru benzeri bile\u015fenler, 'Chhillai' veya oyma i\u015flemiyle elle karma\u015f\u0131k bir \u015fekilde detayland\u0131r\u0131lm\u0131\u015ft\u0131r. Bu benzersiz boncuklar, m\u00fckemmel silueti elde etmek i\u00e7in elle estetik bir \u015fekilde birbirine dikilir. Bizim <a href=\"https:\/\/www.purejewels.com\/tr\/product\/22ct-gold-mens-bracelet\/\">alt\u0131n bilezik<\/a> zarif g\u00f6r\u00fcnen sessiz bir alt\u0131n kaplamaya sahiptir ve zahmetsizce giyilebilirli\u011fi sa\u011flamak i\u00e7in S-kilit ile 7,5 in\u00e7 biter.<\/span><\/p>\n<p><span style=\"font-weight: 400;\">\u0130ster resmi bir ak\u015fam yeme\u011fi i\u00e7in ister arkada\u015flar\u0131n\u0131z\u0131 g\u00f6rmek i\u00e7in g\u00fcndelik bir toplant\u0131ya gidiyor olun, bu <a href=\"https:\/\/www.purejewels.com\/tr\/product\/22k-gold-bracelet-41095\/\">22 ayar alt\u0131n bilezik<\/a> \u00e7ok y\u00f6nl\u00fcd\u00fcr ve neredeyse t\u00fcm bu t\u00fcr etkinlikler i\u00e7in uygundur. \u00c7ok fazla dikkat \u00e7ekmeden g\u00f6ze \u00e7arpt\u0131\u011f\u0131 i\u00e7in cesur ama inceliklidir. Bunu en sevdi\u011finiz kol saatinizle e\u015fle\u015ftirerek ya da koleksiyonunuzdaki di\u011fer bileziklerle \u00fcst \u00fcste takarak d\u0131\u015far\u0131 \u00e7\u0131kt\u0131\u011f\u0131n\u0131zda ba\u015flar\u0131n d\u00f6nmesi ka\u00e7\u0131n\u0131lmazd\u0131r.\u00a0<\/span><\/p>","protected":false},"excerpt":{"rendered":"<ul>\n<li>Kad\u0131nlar i\u00e7in 22 Ayar Alt\u0131n Bileklik<\/li>\n<li>Antik kaplama ile<\/li>\n<li>Lovely G\u00fcnl\u00fck, Ofis K\u0131yafeti Bileklik<\/li>\n<li>A\u011f\u0131rl\u0131k 7,5 gms<\/li>\n<li>Uzunluk 7,5 \u0130n\u00e7<\/li>\n<li>SKU. 33960<\/li>\n<li>T\u00fcm fiyatlara KDV dahildir<\/li>\n<li>T\u00fcm \u00dcr\u00fcnlerimiz Londra Tahlil Ofisi Taraf\u0131ndan Damgalanm\u0131\u015ft\u0131r<\/li>\n<li>Sunum Kutusu ile Birlikte Gelir<\/li>\n<li>Teslimat Dahil<\/li>\n<li>\u00dcr\u00fcn Videosu i\u00e7in bize ula\u015f\u0131n \/ bizimle sohbet edin<\/li>\n<\/ul>","protected":false},"featured_media":324583,"comment_status":"closed","ping_status":"closed","template":"","meta":{"_eb_attr":"","_crsspst_to_jayantr4sg-hostcom":false},"product_brand":[],"product_cat":[1791,1559,1324,1627,1573,1574],"product_tag":[],"class_list":{"0":"post-324581","1":"product","2":"type-product","3":"status-publish","4":"has-post-thumbnail","6":"product_cat-anniversary-gifts","7":"product_cat-birthday-gifts","8":"product_cat-gold-bracelet","9":"product_cat-ladies-bracelet","10":"product_cat-wedding-gifts","11":"product_cat-womens-jewellery","13":"first","14":"outofstock","15":"taxable","16":"shipping-taxable","17":"product-type-simple","18":"add-to-wishlist-before_image"},"yoast_head":"<!-- This site is optimized with the Yoast SEO plugin v27.3 - https:\/\/yoast.com\/product\/yoast-seo-wordpress\/ -->\n<title>Gold Bracelet for Women | Buy Gold Bracelet at PureJewels<\/title>\n<meta name=\"description\" content=\"Browse our collection of High quality Gold Bracelet. Shop exquisite women&#039;s gold bracelets in fine 22ct or 18ct gold. Free delivery across UK\" \/>\n<meta name=\"robots\" content=\"index, follow, max-snippet:-1, max-image-preview:large, max-video-preview:-1\" \/>\n<link rel=\"canonical\" href=\"https:\/\/www.purejewels.com\/tr\/urun\/kadinlar-icin-altin-bilezik-33960\/\" \/>\n<meta property=\"og:locale\" content=\"tr_TR\" \/>\n<meta property=\"og:type\" content=\"article\" \/>\n<meta property=\"og:title\" content=\"Gold Bracelet for Women | Buy Gold Bracelet at PureJewels\" \/>\n<meta property=\"og:description\" content=\"Browse our collection of High quality Gold Bracelet. Shop exquisite women&#039;s gold bracelets in fine 22ct or 18ct gold. Free delivery across UK\" \/>\n<meta property=\"og:url\" content=\"https:\/\/www.purejewels.com\/tr\/urun\/kadinlar-icin-altin-bilezik-33960\/\" \/>\n<meta property=\"og:site_name\" content=\"PureJewels UK\" \/>\n<meta property=\"article:modified_time\" content=\"2026-01-06T09:44:36+00:00\" \/>\n<meta property=\"og:image\" content=\"https:\/\/www.purejewels.com\/wp-content\/uploads\/2021\/06\/33960-1.jpg\" \/>\n\t<meta property=\"og:image:width\" content=\"1000\" \/>\n\t<meta property=\"og:image:height\" content=\"1000\" \/>\n\t<meta property=\"og:image:type\" content=\"image\/jpeg\" \/>\n<meta name=\"twitter:card\" content=\"summary_large_image\" \/>\n<meta name=\"twitter:label1\" content=\"Tahmini okuma s\u00fcresi\" \/>\n\t<meta name=\"twitter:data1\" content=\"1 dakika\" \/>\n<script type=\"application\/ld+json\" class=\"yoast-schema-graph\">{\"@context\":\"https:\\\/\\\/schema.org\",\"@graph\":[{\"@type\":[\"WebPage\",\"ItemPage\"],\"@id\":\"https:\\\/\\\/www.purejewels.com\\\/product\\\/gold-bracelet-for-women-33960\\\/\",\"url\":\"https:\\\/\\\/www.purejewels.com\\\/product\\\/gold-bracelet-for-women-33960\\\/\",\"name\":\"Gold Bracelet for Women | Buy Gold Bracelet at PureJewels\",\"isPartOf\":{\"@id\":\"https:\\\/\\\/www.purejewels.com\\\/#website\"},\"primaryImageOfPage\":{\"@id\":\"https:\\\/\\\/www.purejewels.com\\\/product\\\/gold-bracelet-for-women-33960\\\/#primaryimage\"},\"image\":{\"@id\":\"https:\\\/\\\/www.purejewels.com\\\/product\\\/gold-bracelet-for-women-33960\\\/#primaryimage\"},\"thumbnailUrl\":\"https:\\\/\\\/static.purejewels.com\\\/wp-content\\\/uploads\\\/2021\\\/06\\\/33960-1.jpg\",\"datePublished\":\"2021-06-24T07:09:14+00:00\",\"dateModified\":\"2026-01-06T09:44:36+00:00\",\"description\":\"Browse our collection of High quality Gold Bracelet. Shop exquisite women's gold bracelets in fine 22ct or 18ct gold. Free delivery across UK\",\"breadcrumb\":{\"@id\":\"https:\\\/\\\/www.purejewels.com\\\/product\\\/gold-bracelet-for-women-33960\\\/#breadcrumb\"},\"inLanguage\":\"tr\",\"potentialAction\":[{\"@type\":\"ReadAction\",\"target\":[\"https:\\\/\\\/www.purejewels.com\\\/product\\\/gold-bracelet-for-women-33960\\\/\"]}]},{\"@type\":\"ImageObject\",\"inLanguage\":\"tr\",\"@id\":\"https:\\\/\\\/www.purejewels.com\\\/product\\\/gold-bracelet-for-women-33960\\\/#primaryimage\",\"url\":\"https:\\\/\\\/static.purejewels.com\\\/wp-content\\\/uploads\\\/2021\\\/06\\\/33960-1.jpg\",\"contentUrl\":\"https:\\\/\\\/static.purejewels.com\\\/wp-content\\\/uploads\\\/2021\\\/06\\\/33960-1.jpg\",\"width\":1000,\"height\":1000,\"caption\":\"Gold Bracelet for Women - 33960\"},{\"@type\":\"BreadcrumbList\",\"@id\":\"https:\\\/\\\/www.purejewels.com\\\/product\\\/gold-bracelet-for-women-33960\\\/#breadcrumb\",\"itemListElement\":[{\"@type\":\"ListItem\",\"position\":1,\"name\":\"Home\",\"item\":\"https:\\\/\\\/www.purejewels.com\\\/\"},{\"@type\":\"ListItem\",\"position\":2,\"name\":\"Shop\",\"item\":\"https:\\\/\\\/www.purejewels.com\\\/shop\\\/\"},{\"@type\":\"ListItem\",\"position\":3,\"name\":\"Gold Bracelet for Women\"}]},{\"@type\":\"WebSite\",\"@id\":\"https:\\\/\\\/www.purejewels.com\\\/#website\",\"url\":\"https:\\\/\\\/www.purejewels.com\\\/\",\"name\":\"PureJewels UK\",\"description\":\"Share the Love\",\"publisher\":{\"@id\":\"https:\\\/\\\/www.purejewels.com\\\/#organization\"},\"potentialAction\":[{\"@type\":\"SearchAction\",\"target\":{\"@type\":\"EntryPoint\",\"urlTemplate\":\"https:\\\/\\\/www.purejewels.com\\\/?s={search_term_string}\"},\"query-input\":{\"@type\":\"PropertyValueSpecification\",\"valueRequired\":true,\"valueName\":\"search_term_string\"}}],\"inLanguage\":\"tr\"},{\"@type\":\"Organization\",\"@id\":\"https:\\\/\\\/www.purejewels.com\\\/#organization\",\"name\":\"PureJewels UK\",\"url\":\"https:\\\/\\\/www.purejewels.com\\\/\",\"logo\":{\"@type\":\"ImageObject\",\"inLanguage\":\"tr\",\"@id\":\"https:\\\/\\\/www.purejewels.com\\\/#\\\/schema\\\/logo\\\/image\\\/\",\"url\":\"https:\\\/\\\/static.purejewels.com\\\/wp-content\\\/uploads\\\/2020\\\/11\\\/Logo-PJ-New-1.png\",\"contentUrl\":\"https:\\\/\\\/static.purejewels.com\\\/wp-content\\\/uploads\\\/2020\\\/11\\\/Logo-PJ-New-1.png\",\"width\":150,\"height\":80,\"caption\":\"PureJewels UK\"},\"image\":{\"@id\":\"https:\\\/\\\/www.purejewels.com\\\/#\\\/schema\\\/logo\\\/image\\\/\"}}]}<\/script>\n<!-- \/ Yoast SEO plugin. -->","yoast_head_json":{"title":"Kad\u0131nlar i\u00e7in Alt\u0131n Bilezik | PureJewels'ten Alt\u0131n Bilezik Sat\u0131n Al\u0131n","description":"Y\u00fcksek kaliteli Alt\u0131n Bilezik koleksiyonumuza g\u00f6z at\u0131n. 22ct veya 18ct alt\u0131ndan zarif kad\u0131n alt\u0131n bilezikleri sat\u0131n al\u0131n. \u0130ngiltere genelinde \u00fccretsiz teslimat","robots":{"index":"index","follow":"follow","max-snippet":"max-snippet:-1","max-image-preview":"max-image-preview:large","max-video-preview":"max-video-preview:-1"},"canonical":"https:\/\/www.purejewels.com\/tr\/urun\/kadinlar-icin-altin-bilezik-33960\/","og_locale":"tr_TR","og_type":"article","og_title":"Gold Bracelet for Women | Buy Gold Bracelet at PureJewels","og_description":"Browse our collection of High quality Gold Bracelet. Shop exquisite women's gold bracelets in fine 22ct or 18ct gold. Free delivery across UK","og_url":"https:\/\/www.purejewels.com\/tr\/urun\/kadinlar-icin-altin-bilezik-33960\/","og_site_name":"PureJewels UK","article_modified_time":"2026-01-06T09:44:36+00:00","og_image":[{"width":1000,"height":1000,"url":"https:\/\/www.purejewels.com\/wp-content\/uploads\/2021\/06\/33960-1.jpg","type":"image\/jpeg"}],"twitter_card":"summary_large_image","twitter_misc":{"Tahmini okuma s\u00fcresi":"1 dakika"},"schema":{"@context":"https:\/\/schema.org","@graph":[{"@type":["WebPage","ItemPage"],"@id":"https:\/\/www.purejewels.com\/product\/gold-bracelet-for-women-33960\/","url":"https:\/\/www.purejewels.com\/product\/gold-bracelet-for-women-33960\/","name":"Kad\u0131nlar i\u00e7in Alt\u0131n Bilezik | PureJewels'ten Alt\u0131n Bilezik Sat\u0131n Al\u0131n","isPartOf":{"@id":"https:\/\/www.purejewels.com\/#website"},"primaryImageOfPage":{"@id":"https:\/\/www.purejewels.com\/product\/gold-bracelet-for-women-33960\/#primaryimage"},"image":{"@id":"https:\/\/www.purejewels.com\/product\/gold-bracelet-for-women-33960\/#primaryimage"},"thumbnailUrl":"https:\/\/static.purejewels.com\/wp-content\/uploads\/2021\/06\/33960-1.jpg","datePublished":"2021-06-24T07:09:14+00:00","dateModified":"2026-01-06T09:44:36+00:00","description":"Y\u00fcksek kaliteli Alt\u0131n Bilezik koleksiyonumuza g\u00f6z at\u0131n. 22ct veya 18ct alt\u0131ndan zarif kad\u0131n alt\u0131n bilezikleri sat\u0131n al\u0131n. \u0130ngiltere genelinde \u00fccretsiz teslimat","breadcrumb":{"@id":"https:\/\/www.purejewels.com\/product\/gold-bracelet-for-women-33960\/#breadcrumb"},"inLanguage":"tr","potentialAction":[{"@type":"ReadAction","target":["https:\/\/www.purejewels.com\/product\/gold-bracelet-for-women-33960\/"]}]},{"@type":"ImageObject","inLanguage":"tr","@id":"https:\/\/www.purejewels.com\/product\/gold-bracelet-for-women-33960\/#primaryimage","url":"https:\/\/static.purejewels.com\/wp-content\/uploads\/2021\/06\/33960-1.jpg","contentUrl":"https:\/\/static.purejewels.com\/wp-content\/uploads\/2021\/06\/33960-1.jpg","width":1000,"height":1000,"caption":"Gold Bracelet for Women - 33960"},{"@type":"BreadcrumbList","@id":"https:\/\/www.purejewels.com\/product\/gold-bracelet-for-women-33960\/#breadcrumb","itemListElement":[{"@type":"ListItem","position":1,"name":"Home","item":"https:\/\/www.purejewels.com\/"},{"@type":"ListItem","position":2,"name":"Shop","item":"https:\/\/www.purejewels.com\/shop\/"},{"@type":"ListItem","position":3,"name":"Gold Bracelet for Women"}]},{"@type":"WebSite","@id":"https:\/\/www.purejewels.com\/#website","url":"https:\/\/www.purejewels.com\/","name":"PureJewels \u0130ngiltere","description":"Sevgiyi Payla\u015f\u0131n","publisher":{"@id":"https:\/\/www.purejewels.com\/#organization"},"potentialAction":[{"@type":"SearchAction","target":{"@type":"EntryPoint","urlTemplate":"https:\/\/www.purejewels.com\/?s={search_term_string}"},"query-input":{"@type":"PropertyValueSpecification","valueRequired":true,"valueName":"search_term_string"}}],"inLanguage":"tr"},{"@type":"Organization","@id":"https:\/\/www.purejewels.com\/#organization","name":"PureJewels \u0130ngiltere","url":"https:\/\/www.purejewels.com\/","logo":{"@type":"ImageObject","inLanguage":"tr","@id":"https:\/\/www.purejewels.com\/#\/schema\/logo\/image\/","url":"https:\/\/static.purejewels.com\/wp-content\/uploads\/2020\/11\/Logo-PJ-New-1.png","contentUrl":"https:\/\/static.purejewels.com\/wp-content\/uploads\/2020\/11\/Logo-PJ-New-1.png","width":150,"height":80,"caption":"PureJewels UK"},"image":{"@id":"https:\/\/www.purejewels.com\/#\/schema\/logo\/image\/"}}]}},"_links":{"self":[{"href":"https:\/\/www.purejewels.com\/tr\/wp-json\/wp\/v2\/product\/324581","targetHints":{"allow":["GET"]}}],"collection":[{"href":"https:\/\/www.purejewels.com\/tr\/wp-json\/wp\/v2\/product"}],"about":[{"href":"https:\/\/www.purejewels.com\/tr\/wp-json\/wp\/v2\/types\/product"}],"replies":[{"embeddable":true,"href":"https:\/\/www.purejewels.com\/tr\/wp-json\/wp\/v2\/comments?post=324581"}],"version-history":[{"count":1,"href":"https:\/\/www.purejewels.com\/tr\/wp-json\/wp\/v2\/product\/324581\/revisions"}],"predecessor-version":[{"id":371594,"href":"https:\/\/www.purejewels.com\/tr\/wp-json\/wp\/v2\/product\/324581\/revisions\/371594"}],"wp:featuredmedia":[{"embeddable":true,"href":"https:\/\/www.purejewels.com\/tr\/wp-json\/wp\/v2\/media\/324583"}],"wp:attachment":[{"href":"https:\/\/www.purejewels.com\/tr\/wp-json\/wp\/v2\/media?parent=324581"}],"wp:term":[{"taxonomy":"product_brand","embeddable":true,"href":"https:\/\/www.purejewels.com\/tr\/wp-json\/wp\/v2\/product_brand?post=324581"},{"taxonomy":"product_cat","embeddable":true,"href":"https:\/\/www.purejewels.com\/tr\/wp-json\/wp\/v2\/product_cat?post=324581"},{"taxonomy":"product_tag","embeddable":true,"href":"https:\/\/www.purejewels.com\/tr\/wp-json\/wp\/v2\/product_tag?post=324581"}],"curies":[{"name":"wp","href":"https:\/\/api.w.org\/{rel}","templated":true}]}}