{"id":324602,"date":"2021-06-24T10:02:23","date_gmt":"2021-06-24T09:02:23","guid":{"rendered":"https:\/\/www.purejewels.com\/product\/22ct-gold-mangalsutra-18gm-17-inches\/"},"modified":"2026-01-07T10:47:39","modified_gmt":"2026-01-07T10:47:39","slug":"22-ayar-altin-mangalsutra-33969","status":"publish","type":"product","link":"https:\/\/www.purejewels.com\/tr\/product\/22ct-gold-mangalsutra-33969\/","title":{"rendered":"22 Ayar Alt\u0131n Mangalsutra"},"content":{"rendered":"<h3>Tasar\u0131m<\/h3>\n<p>Ger\u00e7ek mangalsutram\u0131z, g\u00fcn\u00fcm\u00fcz kullan\u0131c\u0131lar\u0131 i\u00e7in biraz modern bir dokunu\u015fla bu Hint gelene\u011fine bir \u00f6vg\u00fc niteli\u011findedir. Bu 22 ayar mangalsutra, bir ucundan halka tarz\u0131 zincirle s\u00fcslenmi\u015f alt\u0131n bir zincirle ba\u015flar.<\/p>\n<h3>\u0130lham kayna\u011f\u0131<\/h3>\n<p>Alt\u0131nc\u0131 y\u00fczy\u0131lda bir kad\u0131n evlenmek \u00fczereyken ya da evlenece\u011fi zaman bileklerinden birine sar\u0131 bir iplik ba\u011flan\u0131rd\u0131. Bu iplik evlili\u011fe i\u015faret etmek i\u00e7in ba\u011flan\u0131rd\u0131 ve ayn\u0131 zamanda k\u00f6t\u00fcl\u00fckleri uzak tuttu\u011funa inan\u0131l\u0131rd\u0131. Zamanla bu gelenek de evrim ge\u00e7irdi. Sar\u0131 iplik, olumsuzluklar\u0131 emdi\u011fine ve \u00e7ifti mutlu etti\u011fine inan\u0131lan siyah boncuklu alt\u0131n bir zincire d\u00f6n\u00fc\u015ft\u00fc.<\/p>\n<h3>Stil<\/h3>\n<p>Purejewels'in bu 22 ayar mangalsutras\u0131 zariftir ve evlili\u011fin saf ba\u011f\u0131n\u0131 ifade eder. Ba\u015fka hi\u00e7bir mangalsutrada olmayan modern bir siluetle g\u00f6z kama\u015ft\u0131ran 22 ayar alt\u0131nla haz\u0131rlanm\u0131\u015f ve aralar\u0131nda mini siyah ve alt\u0131n boncuklar\u0131n kar\u0131\u015f\u0131m\u0131 olan elle dikilmi\u015f zincirle tamamlanm\u0131\u015ft\u0131r, bu nedenle onun i\u00e7in m\u00fckemmel bir aksesuard\u0131r.<\/p>","protected":false},"excerpt":{"rendered":"<ul>\n<li>22ct Hint\u00a0<span id=\"urn:enhancement-8fe9ef2f\" class=\"textannotation\">Alt\u0131n<\/span>\u00a0<span id=\"urn:enhancement-a7e73aed\" class=\"textannotation\">Mangalsutra<\/span><\/li>\n<li><span id=\"urn:enhancement-9fb49e6b\" class=\"textannotation\">A\u011f\u0131rl\u0131k<\/span>: 18 gm<\/li>\n<li><span id=\"urn:enhancement-da21df27\" class=\"textannotation\">Uzunluk<\/span>: 17\u00a0<span id=\"urn:enhancement-4df06e9a\" class=\"textannotation\">\u0130n\u00e7<\/span><\/li>\n<li><span id=\"urn:enhancement-42f50d9\" class=\"textannotation\">SKU<\/span>. 33969<\/li>\n<li>T\u00fcm\u00fc\u00a0<span id=\"urn:enhancement-7aa16939\" class=\"textannotation\">fiyatlar<\/span>\u00a0\u015funlar\u0131 i\u00e7erir\u00a0<span id=\"urn:enhancement-aa7eb6aa\" class=\"textannotation\">KDV<\/span><\/li>\n<li>22ct\u00a0<span id=\"urn:enhancement-4166acaf\" class=\"textannotation\">Alt\u0131n<\/span>\u00a0Taraf\u0131ndan damgalanm\u0131\u015ft\u0131r\u00a0<span id=\"urn:enhancement-3907948a\" class=\"textannotation\">Londra<\/span>\u00a0<span id=\"urn:enhancement-93bf9ff9\" class=\"textannotation\">Tahlil Ofisi<\/span><\/li>\n<li>Sunum Kutusu ile Birlikte Gelir<\/li>\n<li>Teslimat Dahil<\/li>\n<li>Canl\u0131\u00a0<span id=\"urn:enhancement-16692379\" class=\"textannotation\">sohbet<\/span>\u00a0i\u00e7in bizimle\u00a0<span id=\"urn:enhancement-301651ba\" class=\"textannotation\">kullan\u0131labilirlik<\/span>\u00a0ve benzer tasar\u0131mlar\u0131n daha fazla g\u00f6r\u00fcnt\u00fcs\u00fc \u015fu anda\u00a0<span id=\"urn:enhancement-973de0cb\" class=\"textannotation\">stok<\/span><\/li>\n<\/ul>","protected":false},"featured_media":324604,"comment_status":"closed","ping_status":"closed","template":"","meta":{"_eb_attr":"","_crsspst_to_jayantr4sg-hostcom":true},"product_brand":[],"product_cat":[1791,1559,1775,1284,1573,1574],"product_tag":[],"class_list":{"0":"post-324602","1":"product","2":"type-product","3":"status-publish","4":"has-post-thumbnail","6":"product_cat-anniversary-gifts","7":"product_cat-birthday-gifts","8":"product_cat-daily-wear-mangalsutras","9":"product_cat-gold-mangalsutras","10":"product_cat-wedding-gifts","11":"product_cat-womens-jewellery","13":"first","14":"outofstock","15":"taxable","16":"shipping-taxable","17":"product-type-simple","18":"add-to-wishlist-before_image"},"yoast_head":"<!-- This site is optimized with the Yoast SEO plugin v27.3 - https:\/\/yoast.com\/product\/yoast-seo-wordpress\/ -->\n<title>22ct Gold Mangalsutra | Explore More | PureJewels UK<\/title>\n<meta name=\"description\" content=\"Shop Indian Gold Jewellery and get the best deals at the best prices at PureJewels. Comes With Presentation Box. Free delivery across the UK.\" \/>\n<meta name=\"robots\" content=\"index, follow, max-snippet:-1, max-image-preview:large, max-video-preview:-1\" \/>\n<link rel=\"canonical\" href=\"https:\/\/www.purejewels.com\/tr\/urun\/22-ayar-altin-mangalsutra-33969\/\" \/>\n<meta property=\"og:locale\" content=\"tr_TR\" \/>\n<meta property=\"og:type\" content=\"article\" \/>\n<meta property=\"og:title\" content=\"22ct Gold Mangalsutra | Explore More | PureJewels UK\" \/>\n<meta property=\"og:description\" content=\"Shop Indian Gold Jewellery and get the best deals at the best prices at PureJewels. Comes With Presentation Box. Free delivery across the UK.\" \/>\n<meta property=\"og:url\" content=\"https:\/\/www.purejewels.com\/tr\/urun\/22-ayar-altin-mangalsutra-33969\/\" \/>\n<meta property=\"og:site_name\" content=\"PureJewels UK\" \/>\n<meta property=\"article:modified_time\" content=\"2026-01-07T10:47:39+00:00\" \/>\n<meta property=\"og:image\" content=\"https:\/\/www.purejewels.com\/wp-content\/uploads\/2021\/06\/33969-1.jpg\" \/>\n\t<meta property=\"og:image:width\" content=\"1000\" \/>\n\t<meta property=\"og:image:height\" content=\"1000\" \/>\n\t<meta property=\"og:image:type\" content=\"image\/jpeg\" \/>\n<meta name=\"twitter:card\" content=\"summary_large_image\" \/>\n<meta name=\"twitter:label1\" content=\"Tahmini okuma s\u00fcresi\" \/>\n\t<meta name=\"twitter:data1\" content=\"1 dakika\" \/>\n<script type=\"application\/ld+json\" class=\"yoast-schema-graph\">{\"@context\":\"https:\\\/\\\/schema.org\",\"@graph\":[{\"@type\":[\"WebPage\",\"ItemPage\"],\"@id\":\"https:\\\/\\\/www.purejewels.com\\\/product\\\/22ct-gold-mangalsutra-33969\\\/\",\"url\":\"https:\\\/\\\/www.purejewels.com\\\/product\\\/22ct-gold-mangalsutra-33969\\\/\",\"name\":\"22ct Gold Mangalsutra | Explore More | PureJewels UK\",\"isPartOf\":{\"@id\":\"https:\\\/\\\/www.purejewels.com\\\/#website\"},\"primaryImageOfPage\":{\"@id\":\"https:\\\/\\\/www.purejewels.com\\\/product\\\/22ct-gold-mangalsutra-33969\\\/#primaryimage\"},\"image\":{\"@id\":\"https:\\\/\\\/www.purejewels.com\\\/product\\\/22ct-gold-mangalsutra-33969\\\/#primaryimage\"},\"thumbnailUrl\":\"https:\\\/\\\/static.purejewels.com\\\/wp-content\\\/uploads\\\/2021\\\/06\\\/33969-1.jpg\",\"datePublished\":\"2021-06-24T09:02:23+00:00\",\"dateModified\":\"2026-01-07T10:47:39+00:00\",\"description\":\"Shop Indian Gold Jewellery and get the best deals at the best prices at PureJewels. Comes With Presentation Box. Free delivery across the UK.\",\"breadcrumb\":{\"@id\":\"https:\\\/\\\/www.purejewels.com\\\/product\\\/22ct-gold-mangalsutra-33969\\\/#breadcrumb\"},\"inLanguage\":\"tr\",\"potentialAction\":[{\"@type\":\"ReadAction\",\"target\":[\"https:\\\/\\\/www.purejewels.com\\\/product\\\/22ct-gold-mangalsutra-33969\\\/\"]}]},{\"@type\":\"ImageObject\",\"inLanguage\":\"tr\",\"@id\":\"https:\\\/\\\/www.purejewels.com\\\/product\\\/22ct-gold-mangalsutra-33969\\\/#primaryimage\",\"url\":\"https:\\\/\\\/static.purejewels.com\\\/wp-content\\\/uploads\\\/2021\\\/06\\\/33969-1.jpg\",\"contentUrl\":\"https:\\\/\\\/static.purejewels.com\\\/wp-content\\\/uploads\\\/2021\\\/06\\\/33969-1.jpg\",\"width\":1000,\"height\":1000,\"caption\":\"22ct Gold Mangalsutra - 33969\"},{\"@type\":\"BreadcrumbList\",\"@id\":\"https:\\\/\\\/www.purejewels.com\\\/product\\\/22ct-gold-mangalsutra-33969\\\/#breadcrumb\",\"itemListElement\":[{\"@type\":\"ListItem\",\"position\":1,\"name\":\"Home\",\"item\":\"https:\\\/\\\/www.purejewels.com\\\/\"},{\"@type\":\"ListItem\",\"position\":2,\"name\":\"Shop\",\"item\":\"https:\\\/\\\/www.purejewels.com\\\/shop\\\/\"},{\"@type\":\"ListItem\",\"position\":3,\"name\":\"22ct Gold Mangalsutra\"}]},{\"@type\":\"WebSite\",\"@id\":\"https:\\\/\\\/www.purejewels.com\\\/#website\",\"url\":\"https:\\\/\\\/www.purejewels.com\\\/\",\"name\":\"PureJewels UK\",\"description\":\"Share the Love\",\"publisher\":{\"@id\":\"https:\\\/\\\/www.purejewels.com\\\/#organization\"},\"potentialAction\":[{\"@type\":\"SearchAction\",\"target\":{\"@type\":\"EntryPoint\",\"urlTemplate\":\"https:\\\/\\\/www.purejewels.com\\\/?s={search_term_string}\"},\"query-input\":{\"@type\":\"PropertyValueSpecification\",\"valueRequired\":true,\"valueName\":\"search_term_string\"}}],\"inLanguage\":\"tr\"},{\"@type\":\"Organization\",\"@id\":\"https:\\\/\\\/www.purejewels.com\\\/#organization\",\"name\":\"PureJewels UK\",\"url\":\"https:\\\/\\\/www.purejewels.com\\\/\",\"logo\":{\"@type\":\"ImageObject\",\"inLanguage\":\"tr\",\"@id\":\"https:\\\/\\\/www.purejewels.com\\\/#\\\/schema\\\/logo\\\/image\\\/\",\"url\":\"https:\\\/\\\/static.purejewels.com\\\/wp-content\\\/uploads\\\/2020\\\/11\\\/Logo-PJ-New-1.png\",\"contentUrl\":\"https:\\\/\\\/static.purejewels.com\\\/wp-content\\\/uploads\\\/2020\\\/11\\\/Logo-PJ-New-1.png\",\"width\":150,\"height\":80,\"caption\":\"PureJewels UK\"},\"image\":{\"@id\":\"https:\\\/\\\/www.purejewels.com\\\/#\\\/schema\\\/logo\\\/image\\\/\"}}]}<\/script>\n<!-- \/ Yoast SEO plugin. -->","yoast_head_json":{"title":"22 Ayar Alt\u0131n Mangalsutra | Daha Fazlas\u0131n\u0131 Ke\u015ffedin | PureJewels UK","description":"Hint Alt\u0131n Tak\u0131lar\u0131 al\u0131\u015fveri\u015fi yap\u0131n ve PureJewels'te en iyi fiyatlarla en iyi f\u0131rsatlar\u0131 yakalay\u0131n. Sunum Kutusu ile Birlikte Gelir. \u0130ngiltere genelinde \u00fccretsiz teslimat.","robots":{"index":"index","follow":"follow","max-snippet":"max-snippet:-1","max-image-preview":"max-image-preview:large","max-video-preview":"max-video-preview:-1"},"canonical":"https:\/\/www.purejewels.com\/tr\/urun\/22-ayar-altin-mangalsutra-33969\/","og_locale":"tr_TR","og_type":"article","og_title":"22ct Gold Mangalsutra | Explore More | PureJewels UK","og_description":"Shop Indian Gold Jewellery and get the best deals at the best prices at PureJewels. Comes With Presentation Box. Free delivery across the UK.","og_url":"https:\/\/www.purejewels.com\/tr\/urun\/22-ayar-altin-mangalsutra-33969\/","og_site_name":"PureJewels UK","article_modified_time":"2026-01-07T10:47:39+00:00","og_image":[{"width":1000,"height":1000,"url":"https:\/\/www.purejewels.com\/wp-content\/uploads\/2021\/06\/33969-1.jpg","type":"image\/jpeg"}],"twitter_card":"summary_large_image","twitter_misc":{"Tahmini okuma s\u00fcresi":"1 dakika"},"schema":{"@context":"https:\/\/schema.org","@graph":[{"@type":["WebPage","ItemPage"],"@id":"https:\/\/www.purejewels.com\/product\/22ct-gold-mangalsutra-33969\/","url":"https:\/\/www.purejewels.com\/product\/22ct-gold-mangalsutra-33969\/","name":"22 Ayar Alt\u0131n Mangalsutra | Daha Fazlas\u0131n\u0131 Ke\u015ffedin | PureJewels UK","isPartOf":{"@id":"https:\/\/www.purejewels.com\/#website"},"primaryImageOfPage":{"@id":"https:\/\/www.purejewels.com\/product\/22ct-gold-mangalsutra-33969\/#primaryimage"},"image":{"@id":"https:\/\/www.purejewels.com\/product\/22ct-gold-mangalsutra-33969\/#primaryimage"},"thumbnailUrl":"https:\/\/static.purejewels.com\/wp-content\/uploads\/2021\/06\/33969-1.jpg","datePublished":"2021-06-24T09:02:23+00:00","dateModified":"2026-01-07T10:47:39+00:00","description":"Hint Alt\u0131n Tak\u0131lar\u0131 al\u0131\u015fveri\u015fi yap\u0131n ve PureJewels'te en iyi fiyatlarla en iyi f\u0131rsatlar\u0131 yakalay\u0131n. Sunum Kutusu ile Birlikte Gelir. \u0130ngiltere genelinde \u00fccretsiz teslimat.","breadcrumb":{"@id":"https:\/\/www.purejewels.com\/product\/22ct-gold-mangalsutra-33969\/#breadcrumb"},"inLanguage":"tr","potentialAction":[{"@type":"ReadAction","target":["https:\/\/www.purejewels.com\/product\/22ct-gold-mangalsutra-33969\/"]}]},{"@type":"ImageObject","inLanguage":"tr","@id":"https:\/\/www.purejewels.com\/product\/22ct-gold-mangalsutra-33969\/#primaryimage","url":"https:\/\/static.purejewels.com\/wp-content\/uploads\/2021\/06\/33969-1.jpg","contentUrl":"https:\/\/static.purejewels.com\/wp-content\/uploads\/2021\/06\/33969-1.jpg","width":1000,"height":1000,"caption":"22ct Gold Mangalsutra - 33969"},{"@type":"BreadcrumbList","@id":"https:\/\/www.purejewels.com\/product\/22ct-gold-mangalsutra-33969\/#breadcrumb","itemListElement":[{"@type":"ListItem","position":1,"name":"Home","item":"https:\/\/www.purejewels.com\/"},{"@type":"ListItem","position":2,"name":"Shop","item":"https:\/\/www.purejewels.com\/shop\/"},{"@type":"ListItem","position":3,"name":"22ct Gold Mangalsutra"}]},{"@type":"WebSite","@id":"https:\/\/www.purejewels.com\/#website","url":"https:\/\/www.purejewels.com\/","name":"PureJewels \u0130ngiltere","description":"Sevgiyi Payla\u015f\u0131n","publisher":{"@id":"https:\/\/www.purejewels.com\/#organization"},"potentialAction":[{"@type":"SearchAction","target":{"@type":"EntryPoint","urlTemplate":"https:\/\/www.purejewels.com\/?s={search_term_string}"},"query-input":{"@type":"PropertyValueSpecification","valueRequired":true,"valueName":"search_term_string"}}],"inLanguage":"tr"},{"@type":"Organization","@id":"https:\/\/www.purejewels.com\/#organization","name":"PureJewels \u0130ngiltere","url":"https:\/\/www.purejewels.com\/","logo":{"@type":"ImageObject","inLanguage":"tr","@id":"https:\/\/www.purejewels.com\/#\/schema\/logo\/image\/","url":"https:\/\/static.purejewels.com\/wp-content\/uploads\/2020\/11\/Logo-PJ-New-1.png","contentUrl":"https:\/\/static.purejewels.com\/wp-content\/uploads\/2020\/11\/Logo-PJ-New-1.png","width":150,"height":80,"caption":"PureJewels UK"},"image":{"@id":"https:\/\/www.purejewels.com\/#\/schema\/logo\/image\/"}}]}},"_links":{"self":[{"href":"https:\/\/www.purejewels.com\/tr\/wp-json\/wp\/v2\/product\/324602","targetHints":{"allow":["GET"]}}],"collection":[{"href":"https:\/\/www.purejewels.com\/tr\/wp-json\/wp\/v2\/product"}],"about":[{"href":"https:\/\/www.purejewels.com\/tr\/wp-json\/wp\/v2\/types\/product"}],"replies":[{"embeddable":true,"href":"https:\/\/www.purejewels.com\/tr\/wp-json\/wp\/v2\/comments?post=324602"}],"version-history":[{"count":1,"href":"https:\/\/www.purejewels.com\/tr\/wp-json\/wp\/v2\/product\/324602\/revisions"}],"predecessor-version":[{"id":392667,"href":"https:\/\/www.purejewels.com\/tr\/wp-json\/wp\/v2\/product\/324602\/revisions\/392667"}],"wp:featuredmedia":[{"embeddable":true,"href":"https:\/\/www.purejewels.com\/tr\/wp-json\/wp\/v2\/media\/324604"}],"wp:attachment":[{"href":"https:\/\/www.purejewels.com\/tr\/wp-json\/wp\/v2\/media?parent=324602"}],"wp:term":[{"taxonomy":"product_brand","embeddable":true,"href":"https:\/\/www.purejewels.com\/tr\/wp-json\/wp\/v2\/product_brand?post=324602"},{"taxonomy":"product_cat","embeddable":true,"href":"https:\/\/www.purejewels.com\/tr\/wp-json\/wp\/v2\/product_cat?post=324602"},{"taxonomy":"product_tag","embeddable":true,"href":"https:\/\/www.purejewels.com\/tr\/wp-json\/wp\/v2\/product_tag?post=324602"}],"curies":[{"name":"wp","href":"https:\/\/api.w.org\/{rel}","templated":true}]}}