{"id":324845,"date":"2021-07-08T09:40:27","date_gmt":"2021-07-08T08:40:27","guid":{"rendered":"https:\/\/www.purejewels.com\/product\/22ct-gold-choker-4-7-gm\/"},"modified":"2026-01-06T08:43:30","modified_gmt":"2026-01-06T08:43:30","slug":"22-ayar-altin-gerdanlik-34254","status":"publish","type":"product","link":"https:\/\/www.purejewels.com\/tr\/product\/22-carat-gold-choker-34254\/","title":{"rendered":"22 Ayar Alt\u0131n Gerdanl\u0131k"},"content":{"rendered":"<p><span style=\"font-weight: 400;\">Hem \u015f\u0131k hem de sade mi olmak istiyorsunuz? Sizi teminat alt\u0131na ald\u0131k! Hindistan'da gerdanl\u0131klar her zaman geleneksel m\u00fccevher kutular\u0131n\u0131n \u00f6nemli bir par\u00e7as\u0131 olmu\u015ftur. Eski zamanlarda bu gerdanl\u0131klar <a href=\"https:\/\/www.purejewels.com\/tr\/product-category\/22ct-gold-jewellery\/gold-necklaces\/\">KOLYELER<\/a> eskiden muhte\u015fem ta\u015flarla yo\u011fun bir \u015fekilde s\u00fcslenir ve karma\u015f\u0131k oymalarla detayland\u0131r\u0131l\u0131rd\u0131. Bug\u00fcn, bunlar <a href=\"https:\/\/www.purejewels.com\/tr\/product-category\/22ct-gold-jewellery\/gold-necklaces\/choker-necklaces\/\">gerdanl\u0131k kolyeler<\/a> bunun gibi \u00e7ok daha hafif ve minimal tarzlarda da tasarlanm\u0131\u015ft\u0131r <a href=\"https:\/\/www.purejewels.com\/tr\/product\/22-carat-gold-choker-necklace-5\/\">alt\u0131n gerdanl\u0131k<\/a>.<\/span><\/p>\n<p><span style=\"font-weight: 400;\">Bu muhte\u015fem <a href=\"https:\/\/www.purejewels.com\/tr\/product\/22ct-gold-choker-chain-2\/\">alt\u0131n gerdanl\u0131k kolye<\/a> sizi \u015f\u0131k hissettirmek ama ayn\u0131 zamanda zarifli\u011fi korumak i\u00e7in burada, b\u00f6ylece arad\u0131\u011f\u0131n\u0131z m\u00fckemmel dengeyi yakal\u0131yor.\u00a0<\/span><\/p>\n<p><span style=\"font-weight: 400;\">Bu \u00f6zenle tasarlanm\u0131\u015f alt\u0131n zincir gerdanl\u0131k 22 ayar alt\u0131nla ayarlan\u0131rken, l\u00fcks bir y\u00fczey elde etmek i\u00e7in hassas bir \u015fekilde i\u015flenmi\u015f g\u00fczel el yap\u0131m\u0131 geleneksel unsurlarla s\u00fcslenmi\u015ftir. Bu unsurlar\u0131 22 ayar baklalar takip eder. <a href=\"https:\/\/www.purejewels.com\/tr\/product-category\/22ct-gold-jewellery\/gold-chains\/\">Zincirler<\/a> silueti tamamlamak i\u00e7in.<\/span><\/p>\n<p><span style=\"font-weight: 400;\">Bu 22 ayar alt\u0131n gerdanl\u0131k, g\u00fcndelik k\u0131yafetleriniz, western k\u0131yafetleriniz ve hatta desi Hint k\u0131yafetlerinizle zahmetsizce kombinleyebilece\u011finiz \u015fekilde tasarlanm\u0131\u015ft\u0131r.<\/span><\/p>","protected":false},"excerpt":{"rendered":"<ul>\n<li>22 Ayar Alt\u0131n Gerdanl\u0131k Zinciri<\/li>\n<li>A\u011f\u0131rl\u0131k 4,7 gms<\/li>\n<li>Uzunluk 16 \u0130n\u00e7<\/li>\n<li>SKU.34254<\/li>\n<li>T\u00fcm fiyatlara KDV dahildir<\/li>\n<li>T\u00fcm \u00dcr\u00fcnlerimiz Londra Tahlil Ofisi Taraf\u0131ndan Damgalanm\u0131\u015ft\u0131r<\/li>\n<li>T\u00fcm Setler Sunum Kutusu ile Birlikte Gelir<\/li>\n<li>Teslimat Dahil<\/li>\n<li>\u00dcr\u00fcn videosu i\u00e7in bizimle ileti\u015fime ge\u00e7in\/canl\u0131 sohbet edin<\/li>\n<\/ul>","protected":false},"featured_media":324847,"comment_status":"closed","ping_status":"closed","template":"","meta":{"_eb_attr":"","_crsspst_to_jayantr4sg-hostcom":true},"product_brand":[],"product_cat":[5024,1791,1559,1698,1782,1475,1573,1574],"product_tag":[],"class_list":{"0":"post-324845","1":"product","2":"type-product","3":"status-publish","4":"has-post-thumbnail","6":"product_cat-16-inch-choker-chain","7":"product_cat-anniversary-gifts","8":"product_cat-birthday-gifts","9":"product_cat-choker-chains","10":"product_cat-choker-necklaces","11":"product_cat-gold-chains","12":"product_cat-wedding-gifts","13":"product_cat-womens-jewellery","15":"first","16":"outofstock","17":"taxable","18":"shipping-taxable","19":"product-type-simple","20":"add-to-wishlist-before_image"},"yoast_head":"<!-- This site is optimized with the Yoast SEO plugin v27.3 - https:\/\/yoast.com\/product\/yoast-seo-wordpress\/ -->\n<title>22 carat lightweight gold choker necklace for women<\/title>\n<meta name=\"description\" content=\"This 22K gold choker has been designed to style it with your casual essentials, westerns and even your desi Indian attires.\" \/>\n<meta name=\"robots\" content=\"index, follow, max-snippet:-1, max-image-preview:large, max-video-preview:-1\" \/>\n<link rel=\"canonical\" href=\"https:\/\/www.purejewels.com\/tr\/urun\/22-ayar-altin-gerdanlik-34254\/\" \/>\n<meta property=\"og:locale\" content=\"tr_TR\" \/>\n<meta property=\"og:type\" content=\"article\" \/>\n<meta property=\"og:title\" content=\"22 carat lightweight gold choker necklace for women\" \/>\n<meta property=\"og:description\" content=\"This 22K gold choker has been designed to style it with your casual essentials, westerns and even your desi Indian attires.\" \/>\n<meta property=\"og:url\" content=\"https:\/\/www.purejewels.com\/tr\/urun\/22-ayar-altin-gerdanlik-34254\/\" \/>\n<meta property=\"og:site_name\" content=\"PureJewels UK\" \/>\n<meta property=\"article:modified_time\" content=\"2026-01-06T08:43:30+00:00\" \/>\n<meta property=\"og:image\" content=\"https:\/\/www.purejewels.com\/wp-content\/uploads\/2021\/07\/31855.jpg\" \/>\n\t<meta property=\"og:image:width\" content=\"1000\" \/>\n\t<meta property=\"og:image:height\" content=\"1000\" \/>\n\t<meta property=\"og:image:type\" content=\"image\/jpeg\" \/>\n<meta name=\"twitter:card\" content=\"summary_large_image\" \/>\n<meta name=\"twitter:label1\" content=\"Tahmini okuma s\u00fcresi\" \/>\n\t<meta name=\"twitter:data1\" content=\"1 dakika\" \/>\n<script type=\"application\/ld+json\" class=\"yoast-schema-graph\">{\"@context\":\"https:\\\/\\\/schema.org\",\"@graph\":[{\"@type\":[\"WebPage\",\"ItemPage\"],\"@id\":\"https:\\\/\\\/www.purejewels.com\\\/product\\\/22-carat-gold-choker-34254\\\/\",\"url\":\"https:\\\/\\\/www.purejewels.com\\\/product\\\/22-carat-gold-choker-34254\\\/\",\"name\":\"22 carat lightweight gold choker necklace for women\",\"isPartOf\":{\"@id\":\"https:\\\/\\\/www.purejewels.com\\\/#website\"},\"primaryImageOfPage\":{\"@id\":\"https:\\\/\\\/www.purejewels.com\\\/product\\\/22-carat-gold-choker-34254\\\/#primaryimage\"},\"image\":{\"@id\":\"https:\\\/\\\/www.purejewels.com\\\/product\\\/22-carat-gold-choker-34254\\\/#primaryimage\"},\"thumbnailUrl\":\"https:\\\/\\\/static.purejewels.com\\\/wp-content\\\/uploads\\\/2021\\\/07\\\/31855.jpg\",\"datePublished\":\"2021-07-08T08:40:27+00:00\",\"dateModified\":\"2026-01-06T08:43:30+00:00\",\"description\":\"This 22K gold choker has been designed to style it with your casual essentials, westerns and even your desi Indian attires.\",\"breadcrumb\":{\"@id\":\"https:\\\/\\\/www.purejewels.com\\\/product\\\/22-carat-gold-choker-34254\\\/#breadcrumb\"},\"inLanguage\":\"tr\",\"potentialAction\":[{\"@type\":\"ReadAction\",\"target\":[\"https:\\\/\\\/www.purejewels.com\\\/product\\\/22-carat-gold-choker-34254\\\/\"]}]},{\"@type\":\"ImageObject\",\"inLanguage\":\"tr\",\"@id\":\"https:\\\/\\\/www.purejewels.com\\\/product\\\/22-carat-gold-choker-34254\\\/#primaryimage\",\"url\":\"https:\\\/\\\/static.purejewels.com\\\/wp-content\\\/uploads\\\/2021\\\/07\\\/31855.jpg\",\"contentUrl\":\"https:\\\/\\\/static.purejewels.com\\\/wp-content\\\/uploads\\\/2021\\\/07\\\/31855.jpg\",\"width\":1000,\"height\":1000,\"caption\":\"22ct Gold Choker Chain\"},{\"@type\":\"BreadcrumbList\",\"@id\":\"https:\\\/\\\/www.purejewels.com\\\/product\\\/22-carat-gold-choker-34254\\\/#breadcrumb\",\"itemListElement\":[{\"@type\":\"ListItem\",\"position\":1,\"name\":\"Home\",\"item\":\"https:\\\/\\\/www.purejewels.com\\\/\"},{\"@type\":\"ListItem\",\"position\":2,\"name\":\"Shop\",\"item\":\"https:\\\/\\\/www.purejewels.com\\\/shop\\\/\"},{\"@type\":\"ListItem\",\"position\":3,\"name\":\"22 carat Gold Choker\"}]},{\"@type\":\"WebSite\",\"@id\":\"https:\\\/\\\/www.purejewels.com\\\/#website\",\"url\":\"https:\\\/\\\/www.purejewels.com\\\/\",\"name\":\"PureJewels UK\",\"description\":\"Share the Love\",\"publisher\":{\"@id\":\"https:\\\/\\\/www.purejewels.com\\\/#organization\"},\"potentialAction\":[{\"@type\":\"SearchAction\",\"target\":{\"@type\":\"EntryPoint\",\"urlTemplate\":\"https:\\\/\\\/www.purejewels.com\\\/?s={search_term_string}\"},\"query-input\":{\"@type\":\"PropertyValueSpecification\",\"valueRequired\":true,\"valueName\":\"search_term_string\"}}],\"inLanguage\":\"tr\"},{\"@type\":\"Organization\",\"@id\":\"https:\\\/\\\/www.purejewels.com\\\/#organization\",\"name\":\"PureJewels UK\",\"url\":\"https:\\\/\\\/www.purejewels.com\\\/\",\"logo\":{\"@type\":\"ImageObject\",\"inLanguage\":\"tr\",\"@id\":\"https:\\\/\\\/www.purejewels.com\\\/#\\\/schema\\\/logo\\\/image\\\/\",\"url\":\"https:\\\/\\\/static.purejewels.com\\\/wp-content\\\/uploads\\\/2020\\\/11\\\/Logo-PJ-New-1.png\",\"contentUrl\":\"https:\\\/\\\/static.purejewels.com\\\/wp-content\\\/uploads\\\/2020\\\/11\\\/Logo-PJ-New-1.png\",\"width\":150,\"height\":80,\"caption\":\"PureJewels UK\"},\"image\":{\"@id\":\"https:\\\/\\\/www.purejewels.com\\\/#\\\/schema\\\/logo\\\/image\\\/\"}}]}<\/script>\n<!-- \/ Yoast SEO plugin. -->","yoast_head_json":{"title":"Kad\u0131nlar i\u00e7in 22 ayar hafif alt\u0131n gerdanl\u0131k kolye","description":"Bu 22 ayar alt\u0131n gerdanl\u0131k, g\u00fcndelik k\u0131yafetlerinizle, western k\u0131yafetlerinizle ve hatta desi Hint k\u0131yafetlerinizle stil sahibi olman\u0131z i\u00e7in tasarland\u0131.","robots":{"index":"index","follow":"follow","max-snippet":"max-snippet:-1","max-image-preview":"max-image-preview:large","max-video-preview":"max-video-preview:-1"},"canonical":"https:\/\/www.purejewels.com\/tr\/urun\/22-ayar-altin-gerdanlik-34254\/","og_locale":"tr_TR","og_type":"article","og_title":"22 carat lightweight gold choker necklace for women","og_description":"This 22K gold choker has been designed to style it with your casual essentials, westerns and even your desi Indian attires.","og_url":"https:\/\/www.purejewels.com\/tr\/urun\/22-ayar-altin-gerdanlik-34254\/","og_site_name":"PureJewels UK","article_modified_time":"2026-01-06T08:43:30+00:00","og_image":[{"width":1000,"height":1000,"url":"https:\/\/www.purejewels.com\/wp-content\/uploads\/2021\/07\/31855.jpg","type":"image\/jpeg"}],"twitter_card":"summary_large_image","twitter_misc":{"Tahmini okuma s\u00fcresi":"1 dakika"},"schema":{"@context":"https:\/\/schema.org","@graph":[{"@type":["WebPage","ItemPage"],"@id":"https:\/\/www.purejewels.com\/product\/22-carat-gold-choker-34254\/","url":"https:\/\/www.purejewels.com\/product\/22-carat-gold-choker-34254\/","name":"Kad\u0131nlar i\u00e7in 22 ayar hafif alt\u0131n gerdanl\u0131k kolye","isPartOf":{"@id":"https:\/\/www.purejewels.com\/#website"},"primaryImageOfPage":{"@id":"https:\/\/www.purejewels.com\/product\/22-carat-gold-choker-34254\/#primaryimage"},"image":{"@id":"https:\/\/www.purejewels.com\/product\/22-carat-gold-choker-34254\/#primaryimage"},"thumbnailUrl":"https:\/\/static.purejewels.com\/wp-content\/uploads\/2021\/07\/31855.jpg","datePublished":"2021-07-08T08:40:27+00:00","dateModified":"2026-01-06T08:43:30+00:00","description":"Bu 22 ayar alt\u0131n gerdanl\u0131k, g\u00fcndelik k\u0131yafetlerinizle, western k\u0131yafetlerinizle ve hatta desi Hint k\u0131yafetlerinizle stil sahibi olman\u0131z i\u00e7in tasarland\u0131.","breadcrumb":{"@id":"https:\/\/www.purejewels.com\/product\/22-carat-gold-choker-34254\/#breadcrumb"},"inLanguage":"tr","potentialAction":[{"@type":"ReadAction","target":["https:\/\/www.purejewels.com\/product\/22-carat-gold-choker-34254\/"]}]},{"@type":"ImageObject","inLanguage":"tr","@id":"https:\/\/www.purejewels.com\/product\/22-carat-gold-choker-34254\/#primaryimage","url":"https:\/\/static.purejewels.com\/wp-content\/uploads\/2021\/07\/31855.jpg","contentUrl":"https:\/\/static.purejewels.com\/wp-content\/uploads\/2021\/07\/31855.jpg","width":1000,"height":1000,"caption":"22ct Gold Choker Chain"},{"@type":"BreadcrumbList","@id":"https:\/\/www.purejewels.com\/product\/22-carat-gold-choker-34254\/#breadcrumb","itemListElement":[{"@type":"ListItem","position":1,"name":"Home","item":"https:\/\/www.purejewels.com\/"},{"@type":"ListItem","position":2,"name":"Shop","item":"https:\/\/www.purejewels.com\/shop\/"},{"@type":"ListItem","position":3,"name":"22 carat Gold Choker"}]},{"@type":"WebSite","@id":"https:\/\/www.purejewels.com\/#website","url":"https:\/\/www.purejewels.com\/","name":"PureJewels \u0130ngiltere","description":"Sevgiyi Payla\u015f\u0131n","publisher":{"@id":"https:\/\/www.purejewels.com\/#organization"},"potentialAction":[{"@type":"SearchAction","target":{"@type":"EntryPoint","urlTemplate":"https:\/\/www.purejewels.com\/?s={search_term_string}"},"query-input":{"@type":"PropertyValueSpecification","valueRequired":true,"valueName":"search_term_string"}}],"inLanguage":"tr"},{"@type":"Organization","@id":"https:\/\/www.purejewels.com\/#organization","name":"PureJewels \u0130ngiltere","url":"https:\/\/www.purejewels.com\/","logo":{"@type":"ImageObject","inLanguage":"tr","@id":"https:\/\/www.purejewels.com\/#\/schema\/logo\/image\/","url":"https:\/\/static.purejewels.com\/wp-content\/uploads\/2020\/11\/Logo-PJ-New-1.png","contentUrl":"https:\/\/static.purejewels.com\/wp-content\/uploads\/2020\/11\/Logo-PJ-New-1.png","width":150,"height":80,"caption":"PureJewels UK"},"image":{"@id":"https:\/\/www.purejewels.com\/#\/schema\/logo\/image\/"}}]}},"_links":{"self":[{"href":"https:\/\/www.purejewels.com\/tr\/wp-json\/wp\/v2\/product\/324845","targetHints":{"allow":["GET"]}}],"collection":[{"href":"https:\/\/www.purejewels.com\/tr\/wp-json\/wp\/v2\/product"}],"about":[{"href":"https:\/\/www.purejewels.com\/tr\/wp-json\/wp\/v2\/types\/product"}],"replies":[{"embeddable":true,"href":"https:\/\/www.purejewels.com\/tr\/wp-json\/wp\/v2\/comments?post=324845"}],"version-history":[{"count":1,"href":"https:\/\/www.purejewels.com\/tr\/wp-json\/wp\/v2\/product\/324845\/revisions"}],"predecessor-version":[{"id":371356,"href":"https:\/\/www.purejewels.com\/tr\/wp-json\/wp\/v2\/product\/324845\/revisions\/371356"}],"wp:featuredmedia":[{"embeddable":true,"href":"https:\/\/www.purejewels.com\/tr\/wp-json\/wp\/v2\/media\/324847"}],"wp:attachment":[{"href":"https:\/\/www.purejewels.com\/tr\/wp-json\/wp\/v2\/media?parent=324845"}],"wp:term":[{"taxonomy":"product_brand","embeddable":true,"href":"https:\/\/www.purejewels.com\/tr\/wp-json\/wp\/v2\/product_brand?post=324845"},{"taxonomy":"product_cat","embeddable":true,"href":"https:\/\/www.purejewels.com\/tr\/wp-json\/wp\/v2\/product_cat?post=324845"},{"taxonomy":"product_tag","embeddable":true,"href":"https:\/\/www.purejewels.com\/tr\/wp-json\/wp\/v2\/product_tag?post=324845"}],"curies":[{"name":"wp","href":"https:\/\/api.w.org\/{rel}","templated":true}]}}