{"id":324902,"date":"2021-07-14T06:14:28","date_gmt":"2021-07-14T05:14:28","guid":{"rendered":"https:\/\/www.purejewels.com\/product\/18ct-yellow-gold-nose-pin-0-16gm\/"},"modified":"2026-03-05T06:40:15","modified_gmt":"2026-03-05T06:40:15","slug":"18-ayar-sari-altin-pirlanta-burun-ignesi-47144-47145","status":"publish","type":"product","link":"https:\/\/www.purejewels.com\/tr\/product\/18ct-yellow-gold-diamond-nose-pin-47144-47145\/","title":{"rendered":"18 Ayar Sar\u0131 Alt\u0131n P\u0131rlanta Burun \u0130\u011fnesi | 0.06ct"},"content":{"rendered":"<p><strong>\u0130lham kayna\u011f\u0131<\/strong><\/p>\n<p>Baz\u0131lar\u0131na g\u00f6re bu gelenek <a href=\"https:\/\/www.purejewels.com\/tr\/product-category\/22ct-gold-jewellery\/nose-jewellery\/gold-nose-pins\/\">burun pimleri<\/a> Bab\u00fcrl\u00fclerin 16. y\u00fczy\u0131lda Orta Asya'dan Hindistan'a seyahat etmeleriyle ortaya \u00e7\u0131karken, di\u011ferleri burun piercinginin faydalar\u0131ndan bahseden baz\u0131 eski Ayurveda metinlerini inceledikten sonra as\u0131l \u00e7\u0131k\u0131\u015f yerinin 1. ve 8. y\u00fczy\u0131llarda Hindistan oldu\u011funu tahmin ediyor.<\/p>\n<p><strong>Tasar\u0131m<\/strong><\/p>\n<p>Bu<strong> alt\u0131n burun saplamas\u0131<\/strong> stratejik olarak elle yap\u0131lm\u0131\u015f ve \u00f6ne \u00e7\u0131kmas\u0131 i\u00e7in hafif bir a\u00e7\u0131 verilerek k\u00fc\u00e7\u00fck bir burun halkas\u0131 gibi g\u00f6r\u00fcnmesi sa\u011flanm\u0131\u015ft\u0131r. En iyi metal <a href=\"https:\/\/www.purejewels.com\/tr\/product\/22ct-gold-yellow-gold-nose-ring-for-ladies-43553\/\">burun halkas\u0131<\/a> alt\u0131nd\u0131r ve bu nedenle bu h\u0131zman\u0131n tasar\u0131m\u0131, merkeze g\u00fczel bir \u015fekilde saplanm\u0131\u015f de\u011ferli bir .06 karat p\u0131rlanta ile ba\u015flarken, k\u00f6\u015feli bir 18 ayar sar\u0131 alt\u0131n halka yap\u0131s\u0131 onu sonuna kadar takip eder. Mekanizman\u0131n \u015fekli, saplamaya temiz ve zahmetsiz bir tasar\u0131m kazand\u0131r\u0131rken s\u00fcper kullan\u0131\u015fl\u0131 ve takmas\u0131 kolay bir hale getiriyor.<\/p>\n<p><strong>Stil<\/strong><\/p>\n<p>E\u011fer bir <a href=\"https:\/\/www.purejewels.com\/tr\/urun-kategori%cc%87si%cc%87\/elmas-mucevherler\/elmas-burun-pimi\/\"><strong>elmas burun pimi<\/strong><\/a> Kendiniz veya bir ba\u015fkas\u0131 i\u00e7in burun halkas\u0131 \u00f6l\u00e7\u00fc tablosuna bakabilir veya hatta ekran\u0131n\u0131z\u0131n alt\u0131nda a\u00e7\u0131lan sohbet kutusu arac\u0131l\u0131\u011f\u0131yla do\u011frudan bizimle ileti\u015fime ge\u00e7ebilirsiniz. Do\u011fru miktarda bling'e sahiptir ve g\u00f6r\u00fcn\u00fcm\u00fcn\u00fcze bir kenar eklerken muhte\u015fem g\u00f6r\u00fcn\u00fcr ve bu g\u00fczelli\u011fi g\u00f6stermek i\u00e7in bir vesileye ihtiya\u00e7 duymad\u0131\u011f\u0131ndan her g\u00fcn \u015fekillendirilebilir ve tak\u0131labilir.<\/p>","protected":false},"excerpt":{"rendered":"<ul>\n<li><a href=\"https:\/\/www.purejewels.com\/tr\/urun-kategori%cc%87si%cc%87\/elmas-mucevherler\/elmas-burun-pimi\/\">Elmas Burun Pimi<\/a> BIRLE\u015eIK KRALLIK<\/li>\n<li>18 Ayar Sar\u0131 Alt\u0131n P\u0131rlanta Burun M\u00fccevheri<\/li>\n<li>Tel bobin Sapl\u0131<\/li>\n<li>0,06 ct Yuvarlak Parlak Kesim P\u0131rlanta<\/li>\n<li>Toplam a\u011f\u0131rl\u0131k 0,20 gms\n<ul>\n<li>P\u0131rlanta Berrakl\u0131\u011f\u0131. VVS<\/li>\n<li>P\u0131rlanta Rengi.  E - F<\/li>\n<\/ul>\n<\/li>\n<li>T\u00fcm Elmaslar\u0131m\u0131z SGL Sertifikas\u0131 ile birlikte gelir<\/li>\n<li>SKU 52317<\/li>\n<li>T\u00fcm Fiyatlara KDV Dahildir<\/li>\n<li>Sunum Kutusu ile Birlikte Gelir<\/li>\n<li>Teslimat Dahil<\/li>\n<li>P\u0131rlanta Burun \u00c7\u0131t\u00e7\u0131tlar\u0131 koleksiyonumuzu ke\u015ffetmek i\u00e7in bizimle ileti\u015fime ge\u00e7in\/canl\u0131 sohbet edin<\/li>\n<\/ul>","protected":false},"featured_media":326676,"comment_status":"closed","ping_status":"closed","template":"","meta":{"_eb_attr":"","_crsspst_to_jayantr4sg-hostcom":false},"product_brand":[],"product_cat":[1530,1711,1463,1574],"product_tag":[],"class_list":{"0":"post-324902","1":"product","2":"type-product","3":"status-publish","4":"has-post-thumbnail","6":"product_cat-diamond-nose-pin","7":"product_cat-gold-nose-studs","8":"product_cat-gold-nose-pins","9":"product_cat-womens-jewellery","11":"first","12":"instock","13":"taxable","14":"shipping-taxable","15":"purchasable","16":"product-type-simple","17":"add-to-wishlist-before_image"},"yoast_head":"<!-- This site is optimized with the Yoast SEO plugin v27.5 - https:\/\/yoast.com\/product\/yoast-seo-wordpress\/ -->\n<title>Diamond nose pin | Buy Gold &amp; diamond Jewellery PureJewels UK<\/title>\n<meta name=\"description\" content=\"thin nose ring | Discover unique nose pin jewelry in London. Free delivery &amp; easy returns on all orders.\" \/>\n<meta name=\"robots\" content=\"index, follow, max-snippet:-1, max-image-preview:large, max-video-preview:-1\" \/>\n<link rel=\"canonical\" href=\"https:\/\/www.purejewels.com\/tr\/urun\/18-ayar-sari-altin-pirlanta-burun-ignesi-47144-47145\/\" \/>\n<meta property=\"og:locale\" content=\"tr_TR\" \/>\n<meta property=\"og:type\" content=\"article\" \/>\n<meta property=\"og:title\" content=\"Diamond nose pin | Buy Gold &amp; diamond Jewellery PureJewels UK\" \/>\n<meta property=\"og:description\" content=\"thin nose ring | Discover unique nose pin jewelry in London. Free delivery &amp; easy returns on all orders.\" \/>\n<meta property=\"og:url\" content=\"https:\/\/www.purejewels.com\/tr\/urun\/18-ayar-sari-altin-pirlanta-burun-ignesi-47144-47145\/\" \/>\n<meta property=\"og:site_name\" content=\"PureJewels UK\" \/>\n<meta property=\"article:modified_time\" content=\"2026-03-05T06:40:15+00:00\" \/>\n<meta property=\"og:image\" content=\"https:\/\/static.purejewels.com\/wp-content\/uploads\/2021\/07\/34156-4.jpg\" \/>\n\t<meta property=\"og:image:width\" content=\"1000\" \/>\n\t<meta property=\"og:image:height\" content=\"1000\" \/>\n\t<meta property=\"og:image:type\" content=\"image\/jpeg\" \/>\n<meta name=\"twitter:card\" content=\"summary_large_image\" \/>\n<meta name=\"twitter:label1\" content=\"Tahmini okuma s\u00fcresi\" \/>\n\t<meta name=\"twitter:data1\" content=\"2 dakika\" \/>\n<script type=\"application\/ld+json\" class=\"yoast-schema-graph\">{\"@context\":\"https:\\\/\\\/schema.org\",\"@graph\":[{\"@type\":[\"WebPage\",\"ItemPage\"],\"@id\":\"https:\\\/\\\/www.purejewels.com\\\/product\\\/18ct-yellow-gold-diamond-nose-pin-47144-47145\\\/\",\"url\":\"https:\\\/\\\/www.purejewels.com\\\/product\\\/18ct-yellow-gold-diamond-nose-pin-47144-47145\\\/\",\"name\":\"Diamond nose pin | Buy Gold & diamond Jewellery PureJewels UK\",\"isPartOf\":{\"@id\":\"https:\\\/\\\/www.purejewels.com\\\/#website\"},\"primaryImageOfPage\":{\"@id\":\"https:\\\/\\\/www.purejewels.com\\\/product\\\/18ct-yellow-gold-diamond-nose-pin-47144-47145\\\/#primaryimage\"},\"image\":{\"@id\":\"https:\\\/\\\/www.purejewels.com\\\/product\\\/18ct-yellow-gold-diamond-nose-pin-47144-47145\\\/#primaryimage\"},\"thumbnailUrl\":\"https:\\\/\\\/static.purejewels.com\\\/wp-content\\\/uploads\\\/2021\\\/07\\\/34156-4.jpg\",\"datePublished\":\"2021-07-14T05:14:28+00:00\",\"dateModified\":\"2026-03-05T06:40:15+00:00\",\"description\":\"thin nose ring | Discover unique nose pin jewelry in London. Free delivery & easy returns on all orders.\",\"breadcrumb\":{\"@id\":\"https:\\\/\\\/www.purejewels.com\\\/product\\\/18ct-yellow-gold-diamond-nose-pin-47144-47145\\\/#breadcrumb\"},\"inLanguage\":\"tr\",\"potentialAction\":[{\"@type\":\"ReadAction\",\"target\":[\"https:\\\/\\\/www.purejewels.com\\\/product\\\/18ct-yellow-gold-diamond-nose-pin-47144-47145\\\/\"]}]},{\"@type\":\"ImageObject\",\"inLanguage\":\"tr\",\"@id\":\"https:\\\/\\\/www.purejewels.com\\\/product\\\/18ct-yellow-gold-diamond-nose-pin-47144-47145\\\/#primaryimage\",\"url\":\"https:\\\/\\\/static.purejewels.com\\\/wp-content\\\/uploads\\\/2021\\\/07\\\/34156-4.jpg\",\"contentUrl\":\"https:\\\/\\\/static.purejewels.com\\\/wp-content\\\/uploads\\\/2021\\\/07\\\/34156-4.jpg\",\"width\":1000,\"height\":1000,\"caption\":\"Yellow gold Diamond Nose Stud 34156-4\"},{\"@type\":\"BreadcrumbList\",\"@id\":\"https:\\\/\\\/www.purejewels.com\\\/product\\\/18ct-yellow-gold-diamond-nose-pin-47144-47145\\\/#breadcrumb\",\"itemListElement\":[{\"@type\":\"ListItem\",\"position\":1,\"name\":\"Home\",\"item\":\"https:\\\/\\\/www.purejewels.com\\\/\"},{\"@type\":\"ListItem\",\"position\":2,\"name\":\"Shop\",\"item\":\"https:\\\/\\\/www.purejewels.com\\\/shop\\\/\"},{\"@type\":\"ListItem\",\"position\":3,\"name\":\"18ct Yellow Gold Diamond Nose Pin | 0.06ct\"}]},{\"@type\":\"WebSite\",\"@id\":\"https:\\\/\\\/www.purejewels.com\\\/#website\",\"url\":\"https:\\\/\\\/www.purejewels.com\\\/\",\"name\":\"PureJewels UK\",\"description\":\"Share the Love\",\"publisher\":{\"@id\":\"https:\\\/\\\/www.purejewels.com\\\/#organization\"},\"potentialAction\":[{\"@type\":\"SearchAction\",\"target\":{\"@type\":\"EntryPoint\",\"urlTemplate\":\"https:\\\/\\\/www.purejewels.com\\\/?s={search_term_string}\"},\"query-input\":{\"@type\":\"PropertyValueSpecification\",\"valueRequired\":true,\"valueName\":\"search_term_string\"}}],\"inLanguage\":\"tr\"},{\"@type\":\"Organization\",\"@id\":\"https:\\\/\\\/www.purejewels.com\\\/#organization\",\"name\":\"PureJewels UK\",\"url\":\"https:\\\/\\\/www.purejewels.com\\\/\",\"logo\":{\"@type\":\"ImageObject\",\"inLanguage\":\"tr\",\"@id\":\"https:\\\/\\\/www.purejewels.com\\\/#\\\/schema\\\/logo\\\/image\\\/\",\"url\":\"https:\\\/\\\/static.purejewels.com\\\/wp-content\\\/uploads\\\/2020\\\/11\\\/Logo-PJ-New-1.png\",\"contentUrl\":\"https:\\\/\\\/static.purejewels.com\\\/wp-content\\\/uploads\\\/2020\\\/11\\\/Logo-PJ-New-1.png\",\"width\":150,\"height\":80,\"caption\":\"PureJewels UK\"},\"image\":{\"@id\":\"https:\\\/\\\/www.purejewels.com\\\/#\\\/schema\\\/logo\\\/image\\\/\"}}]}<\/script>\n<!-- \/ Yoast SEO plugin. -->","yoast_head_json":{"title":"P\u0131rlanta burun i\u011fnesi | Alt\u0131n ve P\u0131rlanta M\u00fccevher Sat\u0131n Al\u0131n PureJewels UK","description":"ince burun halkas\u0131 | Londra'daki benzersiz burun i\u011fnesi tak\u0131lar\u0131n\u0131 ke\u015ffedin. T\u00fcm sipari\u015flerde \u00fccretsiz teslimat ve kolay iade.","robots":{"index":"index","follow":"follow","max-snippet":"max-snippet:-1","max-image-preview":"max-image-preview:large","max-video-preview":"max-video-preview:-1"},"canonical":"https:\/\/www.purejewels.com\/tr\/urun\/18-ayar-sari-altin-pirlanta-burun-ignesi-47144-47145\/","og_locale":"tr_TR","og_type":"article","og_title":"Diamond nose pin | Buy Gold & diamond Jewellery PureJewels UK","og_description":"thin nose ring | Discover unique nose pin jewelry in London. Free delivery & easy returns on all orders.","og_url":"https:\/\/www.purejewels.com\/tr\/urun\/18-ayar-sari-altin-pirlanta-burun-ignesi-47144-47145\/","og_site_name":"PureJewels UK","article_modified_time":"2026-03-05T06:40:15+00:00","og_image":[{"width":1000,"height":1000,"url":"https:\/\/static.purejewels.com\/wp-content\/uploads\/2021\/07\/34156-4.jpg","type":"image\/jpeg"}],"twitter_card":"summary_large_image","twitter_misc":{"Tahmini okuma s\u00fcresi":"2 dakika"},"schema":{"@context":"https:\/\/schema.org","@graph":[{"@type":["WebPage","ItemPage"],"@id":"https:\/\/www.purejewels.com\/product\/18ct-yellow-gold-diamond-nose-pin-47144-47145\/","url":"https:\/\/www.purejewels.com\/product\/18ct-yellow-gold-diamond-nose-pin-47144-47145\/","name":"P\u0131rlanta burun i\u011fnesi | Alt\u0131n ve P\u0131rlanta M\u00fccevher Sat\u0131n Al\u0131n PureJewels UK","isPartOf":{"@id":"https:\/\/www.purejewels.com\/#website"},"primaryImageOfPage":{"@id":"https:\/\/www.purejewels.com\/product\/18ct-yellow-gold-diamond-nose-pin-47144-47145\/#primaryimage"},"image":{"@id":"https:\/\/www.purejewels.com\/product\/18ct-yellow-gold-diamond-nose-pin-47144-47145\/#primaryimage"},"thumbnailUrl":"https:\/\/static.purejewels.com\/wp-content\/uploads\/2021\/07\/34156-4.jpg","datePublished":"2021-07-14T05:14:28+00:00","dateModified":"2026-03-05T06:40:15+00:00","description":"ince burun halkas\u0131 | Londra'daki benzersiz burun i\u011fnesi tak\u0131lar\u0131n\u0131 ke\u015ffedin. T\u00fcm sipari\u015flerde \u00fccretsiz teslimat ve kolay iade.","breadcrumb":{"@id":"https:\/\/www.purejewels.com\/product\/18ct-yellow-gold-diamond-nose-pin-47144-47145\/#breadcrumb"},"inLanguage":"tr","potentialAction":[{"@type":"ReadAction","target":["https:\/\/www.purejewels.com\/product\/18ct-yellow-gold-diamond-nose-pin-47144-47145\/"]}]},{"@type":"ImageObject","inLanguage":"tr","@id":"https:\/\/www.purejewels.com\/product\/18ct-yellow-gold-diamond-nose-pin-47144-47145\/#primaryimage","url":"https:\/\/static.purejewels.com\/wp-content\/uploads\/2021\/07\/34156-4.jpg","contentUrl":"https:\/\/static.purejewels.com\/wp-content\/uploads\/2021\/07\/34156-4.jpg","width":1000,"height":1000,"caption":"Yellow gold Diamond Nose Stud 34156-4"},{"@type":"BreadcrumbList","@id":"https:\/\/www.purejewels.com\/product\/18ct-yellow-gold-diamond-nose-pin-47144-47145\/#breadcrumb","itemListElement":[{"@type":"ListItem","position":1,"name":"Home","item":"https:\/\/www.purejewels.com\/"},{"@type":"ListItem","position":2,"name":"Shop","item":"https:\/\/www.purejewels.com\/shop\/"},{"@type":"ListItem","position":3,"name":"18ct Yellow Gold Diamond Nose Pin | 0.06ct"}]},{"@type":"WebSite","@id":"https:\/\/www.purejewels.com\/#website","url":"https:\/\/www.purejewels.com\/","name":"PureJewels \u0130ngiltere","description":"Sevgiyi Payla\u015f\u0131n","publisher":{"@id":"https:\/\/www.purejewels.com\/#organization"},"potentialAction":[{"@type":"SearchAction","target":{"@type":"EntryPoint","urlTemplate":"https:\/\/www.purejewels.com\/?s={search_term_string}"},"query-input":{"@type":"PropertyValueSpecification","valueRequired":true,"valueName":"search_term_string"}}],"inLanguage":"tr"},{"@type":"Organization","@id":"https:\/\/www.purejewels.com\/#organization","name":"PureJewels \u0130ngiltere","url":"https:\/\/www.purejewels.com\/","logo":{"@type":"ImageObject","inLanguage":"tr","@id":"https:\/\/www.purejewels.com\/#\/schema\/logo\/image\/","url":"https:\/\/static.purejewels.com\/wp-content\/uploads\/2020\/11\/Logo-PJ-New-1.png","contentUrl":"https:\/\/static.purejewels.com\/wp-content\/uploads\/2020\/11\/Logo-PJ-New-1.png","width":150,"height":80,"caption":"PureJewels UK"},"image":{"@id":"https:\/\/www.purejewels.com\/#\/schema\/logo\/image\/"}}]}},"_links":{"self":[{"href":"https:\/\/www.purejewels.com\/tr\/wp-json\/wp\/v2\/product\/324902","targetHints":{"allow":["GET"]}}],"collection":[{"href":"https:\/\/www.purejewels.com\/tr\/wp-json\/wp\/v2\/product"}],"about":[{"href":"https:\/\/www.purejewels.com\/tr\/wp-json\/wp\/v2\/types\/product"}],"replies":[{"embeddable":true,"href":"https:\/\/www.purejewels.com\/tr\/wp-json\/wp\/v2\/comments?post=324902"}],"version-history":[{"count":3,"href":"https:\/\/www.purejewels.com\/tr\/wp-json\/wp\/v2\/product\/324902\/revisions"}],"predecessor-version":[{"id":426618,"href":"https:\/\/www.purejewels.com\/tr\/wp-json\/wp\/v2\/product\/324902\/revisions\/426618"}],"wp:featuredmedia":[{"embeddable":true,"href":"https:\/\/www.purejewels.com\/tr\/wp-json\/wp\/v2\/media\/326676"}],"wp:attachment":[{"href":"https:\/\/www.purejewels.com\/tr\/wp-json\/wp\/v2\/media?parent=324902"}],"wp:term":[{"taxonomy":"product_brand","embeddable":true,"href":"https:\/\/www.purejewels.com\/tr\/wp-json\/wp\/v2\/product_brand?post=324902"},{"taxonomy":"product_cat","embeddable":true,"href":"https:\/\/www.purejewels.com\/tr\/wp-json\/wp\/v2\/product_cat?post=324902"},{"taxonomy":"product_tag","embeddable":true,"href":"https:\/\/www.purejewels.com\/tr\/wp-json\/wp\/v2\/product_tag?post=324902"}],"curies":[{"name":"wp","href":"https:\/\/api.w.org\/{rel}","templated":true}]}}