{"id":325033,"date":"2021-07-19T09:24:28","date_gmt":"2021-07-19T08:24:28","guid":{"rendered":"https:\/\/www.purejewels.com\/product\/18ct-yellow-gold-nose-pin-0-15gm\/"},"modified":"2025-12-08T09:48:47","modified_gmt":"2025-12-08T09:48:47","slug":"sari-altin-pirlanta-burun-saplamasi-uk-34160","status":"publish","type":"product","link":"https:\/\/www.purejewels.com\/tr\/product\/yellow-gold-diamond-nose-stud-uk-34160\/","title":{"rendered":"18 Ayar Sar\u0131 Alt\u0131n P\u0131rlanta Burun Saplamas\u0131 | 0,06 ct"},"content":{"rendered":"<p><strong>Tasar\u0131m<\/strong><\/p>\n<p>Bu zarif burun piercingi, ola\u011fan\u00fcst\u00fc berrakl\u0131\u011f\u0131 ve rengi nedeniyle se\u00e7ilen 0,06 karatl\u0131k yuvarlak parlak bir elmas ile s\u00fcslenmi\u015ftir. Minimalist d\u00f6rt \u00e7atal \u00e7er\u00e7eveye yerle\u015ftirilen ta\u015f, buruna yak\u0131n durarak yumu\u015fak ve \u0131\u015f\u0131lt\u0131l\u0131 bir parlakl\u0131k sa\u011flar. Narin oranlar\u0131, ince ama sofistike bir \u0131\u015f\u0131lt\u0131y\u0131 tercih edenler i\u00e7in idealdir.<\/p>\n<p><strong>Zanaatkarl\u0131k<\/strong><\/p>\n<p>\u0130nce i\u015f\u00e7ilikle \u00fcretilmi\u015ftir <a href=\"https:\/\/www.purejewels.com\/tr\/product\/18ct-white-gold-khanda-sikh-religious-pendant-6226\/\">18ct<\/a> Sar\u0131 alt\u0131n, saplama, ta\u015f\u0131n g\u00fcvenli bir \u015fekilde yerle\u015ftirilmesini ve maksimum parlakl\u0131k sa\u011flamas\u0131 i\u00e7in elle tak\u0131lm\u0131\u015ft\u0131r. P\u00fcr\u00fczs\u00fcz saplama ve rahat arka k\u0131s\u0131m, g\u00fcnl\u00fck kullan\u0131m i\u00e7in zahmetsiz bir uyum sa\u011flar. Her par\u00e7a, alt\u0131n safl\u0131\u011f\u0131n\u0131 ve PureJewels'\u0131n y\u00fcksek zanaat standartlar\u0131n\u0131 onaylayan Birle\u015fik Krall\u0131k'ta damgalanm\u0131\u015ft\u0131r.<\/p>\n<p><strong>\u015eekillendirme &amp; Hediyele\u015fme<\/strong><\/p>\n<p>G\u00fcnl\u00fck \u015f\u0131kl\u0131k i\u00e7in m\u00fckemmel olan bu <a href=\"https:\/\/www.purejewels.com\/tr\/product\/18ct-white-gold-diamond-nose-stud-uk-34153\/\">elmas burun saplamas\u0131<\/a> Geleneksel ve \u00e7a\u011fda\u015f m\u00fccevherlerle m\u00fckemmel uyum sa\u011flar. Do\u011fum g\u00fcnleri, ki\u015fisel d\u00f6n\u00fcm noktalar\u0131 i\u00e7in d\u00fc\u015f\u00fcnceli bir hediye veya g\u00fcnl\u00fck stilinizi zenginle\u015ftirecek zamans\u0131z bir par\u00e7a olarak idealdir. Narin \u0131\u015f\u0131lt\u0131s\u0131, onu her m\u00fccevher koleksiyonunun favori par\u00e7as\u0131 haline getirir.<\/p>","protected":false},"excerpt":{"rendered":"<p>Parlak 0,06 karat E\u2013F VVS elmas, cilal\u0131 18 ayar sar\u0131 alt\u0131n \u00fczerine yerle\u015ftirilmi\u015f, g\u00f6z al\u0131c\u0131 ancak abart\u0131s\u0131z bir \u0131\u015f\u0131lt\u0131 i\u00e7in tasarlanm\u0131\u015ft\u0131r. \u0130ngiltere'de damgal\u0131d\u0131r.<\/p>\n<ul>\n<li>Sar\u0131 Alt\u0131n P\u0131rlanta Burun Saplamas\u0131 uk<\/li>\n<li>G\u00fcnl\u00fck Kullan\u0131ma Uygun 18ct Burun Tak\u0131lar\u0131<\/li>\n<li>D\u00f6rt Prong ayarl\u0131 Yuvarlak Parlak kesim P\u0131rlanta ile<\/li>\n<li>P\u0131rlanta a\u011f\u0131rl\u0131\u011f\u0131 0,06 karat<\/li>\n<li>Toplam A\u011f\u0131rl\u0131k 0,15 gms<\/li>\n<li>Renkler E - F<\/li>\n<li>Berrakl\u0131k. VVS<\/li>\n<li>T\u00fcm Elmaslar\u0131m\u0131z SGL Sertifikas\u0131 ile birlikte gelir<\/li>\n<li>SKU. 34160<\/li>\n<li>T\u00fcm fiyatlara KDV dahildir<\/li>\n<li>Sunum Kutusu ile Birlikte Gelir<\/li>\n<li>\u0130ngiltere Genelinde \u00dccretsiz Teslimat<\/li>\n<li>P\u0131rlanta Burun \u00c7\u0131t\u00e7\u0131tlar\u0131 koleksiyonumuzu ke\u015ffedin<\/li>\n<li>\u00dcr\u00fcn videosu i\u00e7in bize ula\u015f\u0131n \/ bizimle canl\u0131 sohbet edin<\/li>\n<\/ul>","protected":false},"featured_media":326683,"comment_status":"closed","ping_status":"closed","template":"","meta":{"_eb_attr":"","_crsspst_to_jayantr4sg-hostcom":false},"product_brand":[],"product_cat":[1530,1229,1711,1463,1574],"product_tag":[],"class_list":{"0":"post-325033","1":"product","2":"type-product","3":"status-publish","4":"has-post-thumbnail","6":"product_cat-diamond-nose-pin","7":"product_cat-22ct-gold-jewellery","8":"product_cat-gold-nose-studs","9":"product_cat-gold-nose-pins","10":"product_cat-womens-jewellery","12":"first","13":"outofstock","14":"taxable","15":"shipping-taxable","16":"product-type-simple","17":"add-to-wishlist-before_image"},"yoast_head":"<!-- This site is optimized with the Yoast SEO plugin v27.6 - https:\/\/yoast.com\/product\/yoast-seo-wordpress\/ -->\n<title>Yellow Gold Diamond Nose Stud online at PureJewels UK.<\/title>\n<meta name=\"description\" content=\"Elevate your style with a stunning Yellow Gold Diamond Nose Stud from PureJewels UK. Perfectly crafted for elegance and everyday charm.\" \/>\n<meta name=\"robots\" content=\"index, follow, max-snippet:-1, max-image-preview:large, max-video-preview:-1\" \/>\n<link rel=\"canonical\" href=\"https:\/\/www.purejewels.com\/tr\/urun\/sari-altin-pirlanta-burun-saplamasi-uk-34160\/\" \/>\n<meta property=\"og:locale\" content=\"tr_TR\" \/>\n<meta property=\"og:type\" content=\"article\" \/>\n<meta property=\"og:title\" content=\"Yellow Gold Diamond Nose Stud online at PureJewels UK.\" \/>\n<meta property=\"og:description\" content=\"Elevate your style with a stunning Yellow Gold Diamond Nose Stud from PureJewels UK. Perfectly crafted for elegance and everyday charm.\" \/>\n<meta property=\"og:url\" content=\"https:\/\/www.purejewels.com\/tr\/urun\/sari-altin-pirlanta-burun-saplamasi-uk-34160\/\" \/>\n<meta property=\"og:site_name\" content=\"PureJewels UK\" \/>\n<meta property=\"article:modified_time\" content=\"2025-12-08T09:48:47+00:00\" \/>\n<meta property=\"og:image\" content=\"https:\/\/static.purejewels.com\/wp-content\/uploads\/2021\/07\/34160-1.jpg\" \/>\n\t<meta property=\"og:image:width\" content=\"1000\" \/>\n\t<meta property=\"og:image:height\" content=\"1000\" \/>\n\t<meta property=\"og:image:type\" content=\"image\/jpeg\" \/>\n<meta name=\"twitter:card\" content=\"summary_large_image\" \/>\n<meta name=\"twitter:label1\" content=\"Tahmini okuma s\u00fcresi\" \/>\n\t<meta name=\"twitter:data1\" content=\"1 dakika\" \/>\n<script type=\"application\/ld+json\" class=\"yoast-schema-graph\">{\"@context\":\"https:\\\/\\\/schema.org\",\"@graph\":[{\"@type\":[\"WebPage\",\"ItemPage\"],\"@id\":\"https:\\\/\\\/www.purejewels.com\\\/product\\\/yellow-gold-diamond-nose-stud-uk-34160\\\/\",\"url\":\"https:\\\/\\\/www.purejewels.com\\\/product\\\/yellow-gold-diamond-nose-stud-uk-34160\\\/\",\"name\":\"Yellow Gold Diamond Nose Stud online at PureJewels UK.\",\"isPartOf\":{\"@id\":\"https:\\\/\\\/www.purejewels.com\\\/#website\"},\"primaryImageOfPage\":{\"@id\":\"https:\\\/\\\/www.purejewels.com\\\/product\\\/yellow-gold-diamond-nose-stud-uk-34160\\\/#primaryimage\"},\"image\":{\"@id\":\"https:\\\/\\\/www.purejewels.com\\\/product\\\/yellow-gold-diamond-nose-stud-uk-34160\\\/#primaryimage\"},\"thumbnailUrl\":\"https:\\\/\\\/static.purejewels.com\\\/wp-content\\\/uploads\\\/2021\\\/07\\\/34160-1.jpg\",\"datePublished\":\"2021-07-19T08:24:28+00:00\",\"dateModified\":\"2025-12-08T09:48:47+00:00\",\"description\":\"Elevate your style with a stunning Yellow Gold Diamond Nose Stud from PureJewels UK. Perfectly crafted for elegance and everyday charm.\",\"breadcrumb\":{\"@id\":\"https:\\\/\\\/www.purejewels.com\\\/product\\\/yellow-gold-diamond-nose-stud-uk-34160\\\/#breadcrumb\"},\"inLanguage\":\"tr\",\"potentialAction\":[{\"@type\":\"ReadAction\",\"target\":[\"https:\\\/\\\/www.purejewels.com\\\/product\\\/yellow-gold-diamond-nose-stud-uk-34160\\\/\"]}]},{\"@type\":\"ImageObject\",\"inLanguage\":\"tr\",\"@id\":\"https:\\\/\\\/www.purejewels.com\\\/product\\\/yellow-gold-diamond-nose-stud-uk-34160\\\/#primaryimage\",\"url\":\"https:\\\/\\\/static.purejewels.com\\\/wp-content\\\/uploads\\\/2021\\\/07\\\/34160-1.jpg\",\"contentUrl\":\"https:\\\/\\\/static.purejewels.com\\\/wp-content\\\/uploads\\\/2021\\\/07\\\/34160-1.jpg\",\"width\":1000,\"height\":1000,\"caption\":\"Yellow Gold Diamond Nose Stud uk 34160-1\"},{\"@type\":\"BreadcrumbList\",\"@id\":\"https:\\\/\\\/www.purejewels.com\\\/product\\\/yellow-gold-diamond-nose-stud-uk-34160\\\/#breadcrumb\",\"itemListElement\":[{\"@type\":\"ListItem\",\"position\":1,\"name\":\"Home\",\"item\":\"https:\\\/\\\/www.purejewels.com\\\/\"},{\"@type\":\"ListItem\",\"position\":2,\"name\":\"Shop\",\"item\":\"https:\\\/\\\/www.purejewels.com\\\/shop\\\/\"},{\"@type\":\"ListItem\",\"position\":3,\"name\":\"18ct Yellow Gold Diamond Nose Stud | 0.06ct\"}]},{\"@type\":\"WebSite\",\"@id\":\"https:\\\/\\\/www.purejewels.com\\\/#website\",\"url\":\"https:\\\/\\\/www.purejewels.com\\\/\",\"name\":\"PureJewels UK\",\"description\":\"Share the Love\",\"publisher\":{\"@id\":\"https:\\\/\\\/www.purejewels.com\\\/#organization\"},\"potentialAction\":[{\"@type\":\"SearchAction\",\"target\":{\"@type\":\"EntryPoint\",\"urlTemplate\":\"https:\\\/\\\/www.purejewels.com\\\/?s={search_term_string}\"},\"query-input\":{\"@type\":\"PropertyValueSpecification\",\"valueRequired\":true,\"valueName\":\"search_term_string\"}}],\"inLanguage\":\"tr\"},{\"@type\":\"Organization\",\"@id\":\"https:\\\/\\\/www.purejewels.com\\\/#organization\",\"name\":\"PureJewels UK\",\"url\":\"https:\\\/\\\/www.purejewels.com\\\/\",\"logo\":{\"@type\":\"ImageObject\",\"inLanguage\":\"tr\",\"@id\":\"https:\\\/\\\/www.purejewels.com\\\/#\\\/schema\\\/logo\\\/image\\\/\",\"url\":\"https:\\\/\\\/static.purejewels.com\\\/wp-content\\\/uploads\\\/2020\\\/11\\\/Logo-PJ-New-1.png\",\"contentUrl\":\"https:\\\/\\\/static.purejewels.com\\\/wp-content\\\/uploads\\\/2020\\\/11\\\/Logo-PJ-New-1.png\",\"width\":150,\"height\":80,\"caption\":\"PureJewels UK\"},\"image\":{\"@id\":\"https:\\\/\\\/www.purejewels.com\\\/#\\\/schema\\\/logo\\\/image\\\/\"}}]}<\/script>\n<!-- \/ Yoast SEO plugin. -->","yoast_head_json":{"title":"Sar\u0131 Alt\u0131n P\u0131rlanta Burun Saplamas\u0131 PureJewels UK'de online.","description":"PureJewels UK'den \u00e7arp\u0131c\u0131 bir Sar\u0131 Alt\u0131n P\u0131rlanta Burun Saplamas\u0131 ile stilinizi y\u00fckseltin. Zarafet ve g\u00fcnl\u00fck \u00e7ekicilik i\u00e7in m\u00fckemmel \u015fekilde \u00fcretilmi\u015ftir.","robots":{"index":"index","follow":"follow","max-snippet":"max-snippet:-1","max-image-preview":"max-image-preview:large","max-video-preview":"max-video-preview:-1"},"canonical":"https:\/\/www.purejewels.com\/tr\/urun\/sari-altin-pirlanta-burun-saplamasi-uk-34160\/","og_locale":"tr_TR","og_type":"article","og_title":"Yellow Gold Diamond Nose Stud online at PureJewels UK.","og_description":"Elevate your style with a stunning Yellow Gold Diamond Nose Stud from PureJewels UK. Perfectly crafted for elegance and everyday charm.","og_url":"https:\/\/www.purejewels.com\/tr\/urun\/sari-altin-pirlanta-burun-saplamasi-uk-34160\/","og_site_name":"PureJewels UK","article_modified_time":"2025-12-08T09:48:47+00:00","og_image":[{"width":1000,"height":1000,"url":"https:\/\/static.purejewels.com\/wp-content\/uploads\/2021\/07\/34160-1.jpg","type":"image\/jpeg"}],"twitter_card":"summary_large_image","twitter_misc":{"Tahmini okuma s\u00fcresi":"1 dakika"},"schema":{"@context":"https:\/\/schema.org","@graph":[{"@type":["WebPage","ItemPage"],"@id":"https:\/\/www.purejewels.com\/product\/yellow-gold-diamond-nose-stud-uk-34160\/","url":"https:\/\/www.purejewels.com\/product\/yellow-gold-diamond-nose-stud-uk-34160\/","name":"Sar\u0131 Alt\u0131n P\u0131rlanta Burun Saplamas\u0131 PureJewels UK'de online.","isPartOf":{"@id":"https:\/\/www.purejewels.com\/#website"},"primaryImageOfPage":{"@id":"https:\/\/www.purejewels.com\/product\/yellow-gold-diamond-nose-stud-uk-34160\/#primaryimage"},"image":{"@id":"https:\/\/www.purejewels.com\/product\/yellow-gold-diamond-nose-stud-uk-34160\/#primaryimage"},"thumbnailUrl":"https:\/\/static.purejewels.com\/wp-content\/uploads\/2021\/07\/34160-1.jpg","datePublished":"2021-07-19T08:24:28+00:00","dateModified":"2025-12-08T09:48:47+00:00","description":"PureJewels UK'den \u00e7arp\u0131c\u0131 bir Sar\u0131 Alt\u0131n P\u0131rlanta Burun Saplamas\u0131 ile stilinizi y\u00fckseltin. Zarafet ve g\u00fcnl\u00fck \u00e7ekicilik i\u00e7in m\u00fckemmel \u015fekilde \u00fcretilmi\u015ftir.","breadcrumb":{"@id":"https:\/\/www.purejewels.com\/product\/yellow-gold-diamond-nose-stud-uk-34160\/#breadcrumb"},"inLanguage":"tr","potentialAction":[{"@type":"ReadAction","target":["https:\/\/www.purejewels.com\/product\/yellow-gold-diamond-nose-stud-uk-34160\/"]}]},{"@type":"ImageObject","inLanguage":"tr","@id":"https:\/\/www.purejewels.com\/product\/yellow-gold-diamond-nose-stud-uk-34160\/#primaryimage","url":"https:\/\/static.purejewels.com\/wp-content\/uploads\/2021\/07\/34160-1.jpg","contentUrl":"https:\/\/static.purejewels.com\/wp-content\/uploads\/2021\/07\/34160-1.jpg","width":1000,"height":1000,"caption":"Yellow Gold Diamond Nose Stud uk 34160-1"},{"@type":"BreadcrumbList","@id":"https:\/\/www.purejewels.com\/product\/yellow-gold-diamond-nose-stud-uk-34160\/#breadcrumb","itemListElement":[{"@type":"ListItem","position":1,"name":"Home","item":"https:\/\/www.purejewels.com\/"},{"@type":"ListItem","position":2,"name":"Shop","item":"https:\/\/www.purejewels.com\/shop\/"},{"@type":"ListItem","position":3,"name":"18ct Yellow Gold Diamond Nose Stud | 0.06ct"}]},{"@type":"WebSite","@id":"https:\/\/www.purejewels.com\/#website","url":"https:\/\/www.purejewels.com\/","name":"PureJewels \u0130ngiltere","description":"Sevgiyi Payla\u015f\u0131n","publisher":{"@id":"https:\/\/www.purejewels.com\/#organization"},"potentialAction":[{"@type":"SearchAction","target":{"@type":"EntryPoint","urlTemplate":"https:\/\/www.purejewels.com\/?s={search_term_string}"},"query-input":{"@type":"PropertyValueSpecification","valueRequired":true,"valueName":"search_term_string"}}],"inLanguage":"tr"},{"@type":"Organization","@id":"https:\/\/www.purejewels.com\/#organization","name":"PureJewels \u0130ngiltere","url":"https:\/\/www.purejewels.com\/","logo":{"@type":"ImageObject","inLanguage":"tr","@id":"https:\/\/www.purejewels.com\/#\/schema\/logo\/image\/","url":"https:\/\/static.purejewels.com\/wp-content\/uploads\/2020\/11\/Logo-PJ-New-1.png","contentUrl":"https:\/\/static.purejewels.com\/wp-content\/uploads\/2020\/11\/Logo-PJ-New-1.png","width":150,"height":80,"caption":"PureJewels UK"},"image":{"@id":"https:\/\/www.purejewels.com\/#\/schema\/logo\/image\/"}}]}},"_links":{"self":[{"href":"https:\/\/www.purejewels.com\/tr\/wp-json\/wp\/v2\/product\/325033","targetHints":{"allow":["GET"]}}],"collection":[{"href":"https:\/\/www.purejewels.com\/tr\/wp-json\/wp\/v2\/product"}],"about":[{"href":"https:\/\/www.purejewels.com\/tr\/wp-json\/wp\/v2\/types\/product"}],"replies":[{"embeddable":true,"href":"https:\/\/www.purejewels.com\/tr\/wp-json\/wp\/v2\/comments?post=325033"}],"version-history":[{"count":3,"href":"https:\/\/www.purejewels.com\/tr\/wp-json\/wp\/v2\/product\/325033\/revisions"}],"predecessor-version":[{"id":422626,"href":"https:\/\/www.purejewels.com\/tr\/wp-json\/wp\/v2\/product\/325033\/revisions\/422626"}],"wp:featuredmedia":[{"embeddable":true,"href":"https:\/\/www.purejewels.com\/tr\/wp-json\/wp\/v2\/media\/326683"}],"wp:attachment":[{"href":"https:\/\/www.purejewels.com\/tr\/wp-json\/wp\/v2\/media?parent=325033"}],"wp:term":[{"taxonomy":"product_brand","embeddable":true,"href":"https:\/\/www.purejewels.com\/tr\/wp-json\/wp\/v2\/product_brand?post=325033"},{"taxonomy":"product_cat","embeddable":true,"href":"https:\/\/www.purejewels.com\/tr\/wp-json\/wp\/v2\/product_cat?post=325033"},{"taxonomy":"product_tag","embeddable":true,"href":"https:\/\/www.purejewels.com\/tr\/wp-json\/wp\/v2\/product_tag?post=325033"}],"curies":[{"name":"wp","href":"https:\/\/api.w.org\/{rel}","templated":true}]}}