{"id":325165,"date":"2021-07-29T09:18:37","date_gmt":"2021-07-29T08:18:37","guid":{"rendered":"https:\/\/www.purejewels.com\/product\/22ct-gold-ring-5-5-gm\/"},"modified":"2026-01-07T05:53:48","modified_gmt":"2026-01-07T05:53:48","slug":"22-ayar-altin-yuzuk-34268","status":"publish","type":"product","link":"https:\/\/www.purejewels.com\/tr\/product\/22ct-gold-ring-34268\/","title":{"rendered":"22 Ayar Alt\u0131n Y\u00fcz\u00fck K 1\/2 Beden"},"content":{"rendered":"<h3>\u0130lham kayna\u011f\u0131<\/h3>\n<p><span style=\"font-weight: 400;\">Bu kad\u0131n\u0131n 22 bin dolar\u0131 <a href=\"https:\/\/www.purejewels.com\/tr\/product\/22ct-gold-ladies-ring-size-k1-2-46827\/\">alt\u0131n y\u00fcz\u00fck<\/a> geleneksel Hint el sanatlar\u0131 ve desenlerinden ilham al\u0131narak tasarlanm\u0131\u015ft\u0131r. Usta karigarlar\u0131m\u0131z taraf\u0131ndan geleneksel el sanatlar\u0131 gibi teknikler kullan\u0131larak karma\u015f\u0131k bir \u015fekilde el i\u015f\u00e7ili\u011fi ile \u00fcretilmi\u015ftir. <a href=\"https:\/\/www.purejewels.com\/tr\/a-guide-to-die-stamping\/\">kabartma<\/a> ve grav\u00fcr. K 1\/2 \u00f6l\u00e7\u00fcs\u00fcndeki bu 22 ayar alt\u0131n y\u00fcz\u00fck, y\u00fcz\u00fc\u011f\u00fcn \u00fcst k\u0131sm\u0131na zahmetsiz bir siluet kazand\u0131ran sa\u011flam bir tabana sahiptir. Y\u00fcz\u00fc\u011f\u00fcn alt sap\u0131n\u0131, elle kabart\u0131lm\u0131\u015f ve dramatik bir \u015fekilde yontulmu\u015f ve daha sonra hassasiyetle birbirine dikilmi\u015f minyat\u00fcr k\u00fcreler takip eder. Her bir mini k\u00fcre benzersizdir; baz\u0131lar\u0131 orijinal kaplamas\u0131nda muhafaza edilirken di\u011ferlerine rodyum ve pembe alt\u0131n kaplamalar uygulanm\u0131\u015ft\u0131r.<\/span><\/p>\n<h3>Tasar\u0131m<\/h3>\n<p><span style=\"font-weight: 400;\"><a href=\"https:\/\/www.purejewels.com\/tr\/product-category\/22ct-gold-jewellery\/gold-rings\/\">Y\u00fcz\u00fckler<\/a> g\u00fcn\u00fcn\u00fcz\u00fc ve bileklerinizi ba\u015fka hi\u00e7bir aksesuar\u0131n ya da m\u00fccevher par\u00e7as\u0131n\u0131n yapamayaca\u011f\u0131 \u015fekilde ayd\u0131nlatman\u0131n bir yoludur. \u00c7ok \u00e7e\u015fitli stillerde, yap\u0131larda, malzemelerde ve tasar\u0131mlarda y\u00fcz\u00fckler bulabilirsiniz, ancak do\u011fru y\u00fcz\u00fck size g\u00fczel bir \u015fekilde uyacak, sizi kucaklayacak ve bir s\u00fcrpriz unsuru getirirken sizinle ve ki\u015fili\u011finizle harmanlanacakt\u0131r.\u00a0<\/span><\/p>\n<h3>Stil<\/h3>\n<p><span style=\"font-weight: 400;\">Geleneksel tarz\u0131n\u0131zla kombinleyin, western tarz\u0131n\u0131zla e\u015fle\u015ftirirken ya da i\u015f yerindeki \u00f6zel g\u00fcnlerinizde bile fark yarat\u0131n. Bu e\u015fsiz Multi-Finish y\u00fcz\u00fck kesinlikle muhte\u015femdir ve etraf\u0131n\u0131zdaki herkesin dikkatini \u00e7ekece\u011finden emin olabilirsiniz.<\/span><\/p>","protected":false},"excerpt":{"rendered":"<ul>\n<li>22 Ayar Alt\u0131n Y\u00fcz\u00fck<\/li>\n<li>Pembe Alt\u0131n ve Rodyum Kaplama ile<\/li>\n<li>Y\u00fcz\u00fck \u00d6l\u00e7\u00fcs\u00fc. K 1\/2<\/li>\n<li>Y\u00fcz\u00fck a\u011f\u0131rl\u0131\u011f\u0131 5,5 gms<\/li>\n<li>SKU 34268<\/li>\n<li>Londra Tahlil Ofisi Taraf\u0131ndan Damgalanm\u0131\u015f 22 Ayar Alt\u0131n<\/li>\n<li>Sunum Kutusu ile Birlikte Gelir<\/li>\n<li>Teslimat Dahil<\/li>\n<li>T\u00fcm fiyatlara KDV dahildir<\/li>\n<li>Stok durumu ve stokta bulunan benzer tasar\u0131mlar\u0131n daha fazla g\u00f6r\u00fcnt\u00fcs\u00fc i\u00e7in bizimle canl\u0131 sohbet edin<\/li>\n<\/ul>","protected":false},"featured_media":319523,"comment_status":"closed","ping_status":"closed","template":"","meta":{"_eb_attr":"","_crsspst_to_jayantr4sg-hostcom":false},"product_brand":[],"product_cat":[1791,1559,236,1785,3628,1235,1783,1573,1574],"product_tag":[],"class_list":{"0":"post-325165","1":"product","2":"type-product","3":"status-publish","4":"has-post-thumbnail","6":"product_cat-anniversary-gifts","7":"product_cat-birthday-gifts","8":"product_cat-collections","9":"product_cat-daily-wear-rings","10":"product_cat-glow-collections","11":"product_cat-gold-rings","12":"product_cat-ladies-rings","13":"product_cat-wedding-gifts","14":"product_cat-womens-jewellery","16":"first","17":"outofstock","18":"taxable","19":"shipping-taxable","20":"product-type-simple","21":"add-to-wishlist-before_image"},"yoast_head":"<!-- This site is optimized with the Yoast SEO plugin v27.5 - https:\/\/yoast.com\/product\/yoast-seo-wordpress\/ -->\n<title>Buy handcrafted Ring in 22ct Gold in size k 1\/2<\/title>\n<meta name=\"description\" content=\"This woman&#039;s 22K gold ring has been designed while taking inspiration from traditional Indian crafts and patterns.\" \/>\n<meta name=\"robots\" content=\"index, follow, max-snippet:-1, max-image-preview:large, max-video-preview:-1\" \/>\n<link rel=\"canonical\" href=\"https:\/\/www.purejewels.com\/tr\/urun\/22-ayar-altin-yuzuk-34268\/\" \/>\n<meta property=\"og:locale\" content=\"tr_TR\" \/>\n<meta property=\"og:type\" content=\"article\" \/>\n<meta property=\"og:title\" content=\"Buy handcrafted Ring in 22ct Gold in size k 1\/2\" \/>\n<meta property=\"og:description\" content=\"This woman&#039;s 22K gold ring has been designed while taking inspiration from traditional Indian crafts and patterns.\" \/>\n<meta property=\"og:url\" content=\"https:\/\/www.purejewels.com\/tr\/urun\/22-ayar-altin-yuzuk-34268\/\" \/>\n<meta property=\"og:site_name\" content=\"PureJewels UK\" \/>\n<meta property=\"article:modified_time\" content=\"2026-01-07T05:53:48+00:00\" \/>\n<meta property=\"og:image\" content=\"https:\/\/www.purejewels.com\/wp-content\/uploads\/2020\/11\/33586-01.jpg\" \/>\n\t<meta property=\"og:image:width\" content=\"1000\" \/>\n\t<meta property=\"og:image:height\" content=\"1000\" \/>\n\t<meta property=\"og:image:type\" content=\"image\/jpeg\" \/>\n<meta name=\"twitter:card\" content=\"summary_large_image\" \/>\n<meta name=\"twitter:label1\" content=\"Tahmini okuma s\u00fcresi\" \/>\n\t<meta name=\"twitter:data1\" content=\"1 dakika\" \/>\n<script type=\"application\/ld+json\" class=\"yoast-schema-graph\">{\"@context\":\"https:\\\/\\\/schema.org\",\"@graph\":[{\"@type\":[\"WebPage\",\"ItemPage\"],\"@id\":\"https:\\\/\\\/www.purejewels.com\\\/product\\\/22ct-gold-ring-34268\\\/\",\"url\":\"https:\\\/\\\/www.purejewels.com\\\/product\\\/22ct-gold-ring-34268\\\/\",\"name\":\"Buy handcrafted Ring in 22ct Gold in size k 1\\\/2\",\"isPartOf\":{\"@id\":\"https:\\\/\\\/www.purejewels.com\\\/#website\"},\"primaryImageOfPage\":{\"@id\":\"https:\\\/\\\/www.purejewels.com\\\/product\\\/22ct-gold-ring-34268\\\/#primaryimage\"},\"image\":{\"@id\":\"https:\\\/\\\/www.purejewels.com\\\/product\\\/22ct-gold-ring-34268\\\/#primaryimage\"},\"thumbnailUrl\":\"https:\\\/\\\/static.purejewels.com\\\/wp-content\\\/uploads\\\/2020\\\/11\\\/33586-01.jpg\",\"datePublished\":\"2021-07-29T08:18:37+00:00\",\"dateModified\":\"2026-01-07T05:53:48+00:00\",\"description\":\"This woman's 22K gold ring has been designed while taking inspiration from traditional Indian crafts and patterns.\",\"breadcrumb\":{\"@id\":\"https:\\\/\\\/www.purejewels.com\\\/product\\\/22ct-gold-ring-34268\\\/#breadcrumb\"},\"inLanguage\":\"tr\",\"potentialAction\":[{\"@type\":\"ReadAction\",\"target\":[\"https:\\\/\\\/www.purejewels.com\\\/product\\\/22ct-gold-ring-34268\\\/\"]}]},{\"@type\":\"ImageObject\",\"inLanguage\":\"tr\",\"@id\":\"https:\\\/\\\/www.purejewels.com\\\/product\\\/22ct-gold-ring-34268\\\/#primaryimage\",\"url\":\"https:\\\/\\\/static.purejewels.com\\\/wp-content\\\/uploads\\\/2020\\\/11\\\/33586-01.jpg\",\"contentUrl\":\"https:\\\/\\\/static.purejewels.com\\\/wp-content\\\/uploads\\\/2020\\\/11\\\/33586-01.jpg\",\"width\":1000,\"height\":1000,\"caption\":\"22ct Gold Ring 33586-01\"},{\"@type\":\"BreadcrumbList\",\"@id\":\"https:\\\/\\\/www.purejewels.com\\\/product\\\/22ct-gold-ring-34268\\\/#breadcrumb\",\"itemListElement\":[{\"@type\":\"ListItem\",\"position\":1,\"name\":\"Home\",\"item\":\"https:\\\/\\\/www.purejewels.com\\\/\"},{\"@type\":\"ListItem\",\"position\":2,\"name\":\"Shop\",\"item\":\"https:\\\/\\\/www.purejewels.com\\\/shop\\\/\"},{\"@type\":\"ListItem\",\"position\":3,\"name\":\"22ct Gold Ring Size K 1\\\/2\"}]},{\"@type\":\"WebSite\",\"@id\":\"https:\\\/\\\/www.purejewels.com\\\/#website\",\"url\":\"https:\\\/\\\/www.purejewels.com\\\/\",\"name\":\"PureJewels UK\",\"description\":\"Share the Love\",\"publisher\":{\"@id\":\"https:\\\/\\\/www.purejewels.com\\\/#organization\"},\"potentialAction\":[{\"@type\":\"SearchAction\",\"target\":{\"@type\":\"EntryPoint\",\"urlTemplate\":\"https:\\\/\\\/www.purejewels.com\\\/?s={search_term_string}\"},\"query-input\":{\"@type\":\"PropertyValueSpecification\",\"valueRequired\":true,\"valueName\":\"search_term_string\"}}],\"inLanguage\":\"tr\"},{\"@type\":\"Organization\",\"@id\":\"https:\\\/\\\/www.purejewels.com\\\/#organization\",\"name\":\"PureJewels UK\",\"url\":\"https:\\\/\\\/www.purejewels.com\\\/\",\"logo\":{\"@type\":\"ImageObject\",\"inLanguage\":\"tr\",\"@id\":\"https:\\\/\\\/www.purejewels.com\\\/#\\\/schema\\\/logo\\\/image\\\/\",\"url\":\"https:\\\/\\\/static.purejewels.com\\\/wp-content\\\/uploads\\\/2020\\\/11\\\/Logo-PJ-New-1.png\",\"contentUrl\":\"https:\\\/\\\/static.purejewels.com\\\/wp-content\\\/uploads\\\/2020\\\/11\\\/Logo-PJ-New-1.png\",\"width\":150,\"height\":80,\"caption\":\"PureJewels UK\"},\"image\":{\"@id\":\"https:\\\/\\\/www.purejewels.com\\\/#\\\/schema\\\/logo\\\/image\\\/\"}}]}<\/script>\n<!-- \/ Yoast SEO plugin. -->","yoast_head_json":{"title":"22 ayar alt\u0131ndan k 1\/2 beden el yap\u0131m\u0131 y\u00fcz\u00fck sat\u0131n al\u0131n","description":"Bu 22 ayar alt\u0131n kad\u0131n y\u00fcz\u00fc\u011f\u00fc, geleneksel Hint el sanatlar\u0131 ve desenlerinden ilham al\u0131narak tasarlanm\u0131\u015ft\u0131r.","robots":{"index":"index","follow":"follow","max-snippet":"max-snippet:-1","max-image-preview":"max-image-preview:large","max-video-preview":"max-video-preview:-1"},"canonical":"https:\/\/www.purejewels.com\/tr\/urun\/22-ayar-altin-yuzuk-34268\/","og_locale":"tr_TR","og_type":"article","og_title":"Buy handcrafted Ring in 22ct Gold in size k 1\/2","og_description":"This woman's 22K gold ring has been designed while taking inspiration from traditional Indian crafts and patterns.","og_url":"https:\/\/www.purejewels.com\/tr\/urun\/22-ayar-altin-yuzuk-34268\/","og_site_name":"PureJewels UK","article_modified_time":"2026-01-07T05:53:48+00:00","og_image":[{"width":1000,"height":1000,"url":"https:\/\/www.purejewels.com\/wp-content\/uploads\/2020\/11\/33586-01.jpg","type":"image\/jpeg"}],"twitter_card":"summary_large_image","twitter_misc":{"Tahmini okuma s\u00fcresi":"1 dakika"},"schema":{"@context":"https:\/\/schema.org","@graph":[{"@type":["WebPage","ItemPage"],"@id":"https:\/\/www.purejewels.com\/product\/22ct-gold-ring-34268\/","url":"https:\/\/www.purejewels.com\/product\/22ct-gold-ring-34268\/","name":"22 ayar alt\u0131ndan k 1\/2 beden el yap\u0131m\u0131 y\u00fcz\u00fck sat\u0131n al\u0131n","isPartOf":{"@id":"https:\/\/www.purejewels.com\/#website"},"primaryImageOfPage":{"@id":"https:\/\/www.purejewels.com\/product\/22ct-gold-ring-34268\/#primaryimage"},"image":{"@id":"https:\/\/www.purejewels.com\/product\/22ct-gold-ring-34268\/#primaryimage"},"thumbnailUrl":"https:\/\/static.purejewels.com\/wp-content\/uploads\/2020\/11\/33586-01.jpg","datePublished":"2021-07-29T08:18:37+00:00","dateModified":"2026-01-07T05:53:48+00:00","description":"Bu 22 ayar alt\u0131n kad\u0131n y\u00fcz\u00fc\u011f\u00fc, geleneksel Hint el sanatlar\u0131 ve desenlerinden ilham al\u0131narak tasarlanm\u0131\u015ft\u0131r.","breadcrumb":{"@id":"https:\/\/www.purejewels.com\/product\/22ct-gold-ring-34268\/#breadcrumb"},"inLanguage":"tr","potentialAction":[{"@type":"ReadAction","target":["https:\/\/www.purejewels.com\/product\/22ct-gold-ring-34268\/"]}]},{"@type":"ImageObject","inLanguage":"tr","@id":"https:\/\/www.purejewels.com\/product\/22ct-gold-ring-34268\/#primaryimage","url":"https:\/\/static.purejewels.com\/wp-content\/uploads\/2020\/11\/33586-01.jpg","contentUrl":"https:\/\/static.purejewels.com\/wp-content\/uploads\/2020\/11\/33586-01.jpg","width":1000,"height":1000,"caption":"22ct Gold Ring 33586-01"},{"@type":"BreadcrumbList","@id":"https:\/\/www.purejewels.com\/product\/22ct-gold-ring-34268\/#breadcrumb","itemListElement":[{"@type":"ListItem","position":1,"name":"Home","item":"https:\/\/www.purejewels.com\/"},{"@type":"ListItem","position":2,"name":"Shop","item":"https:\/\/www.purejewels.com\/shop\/"},{"@type":"ListItem","position":3,"name":"22ct Gold Ring Size K 1\/2"}]},{"@type":"WebSite","@id":"https:\/\/www.purejewels.com\/#website","url":"https:\/\/www.purejewels.com\/","name":"PureJewels \u0130ngiltere","description":"Sevgiyi Payla\u015f\u0131n","publisher":{"@id":"https:\/\/www.purejewels.com\/#organization"},"potentialAction":[{"@type":"SearchAction","target":{"@type":"EntryPoint","urlTemplate":"https:\/\/www.purejewels.com\/?s={search_term_string}"},"query-input":{"@type":"PropertyValueSpecification","valueRequired":true,"valueName":"search_term_string"}}],"inLanguage":"tr"},{"@type":"Organization","@id":"https:\/\/www.purejewels.com\/#organization","name":"PureJewels \u0130ngiltere","url":"https:\/\/www.purejewels.com\/","logo":{"@type":"ImageObject","inLanguage":"tr","@id":"https:\/\/www.purejewels.com\/#\/schema\/logo\/image\/","url":"https:\/\/static.purejewels.com\/wp-content\/uploads\/2020\/11\/Logo-PJ-New-1.png","contentUrl":"https:\/\/static.purejewels.com\/wp-content\/uploads\/2020\/11\/Logo-PJ-New-1.png","width":150,"height":80,"caption":"PureJewels UK"},"image":{"@id":"https:\/\/www.purejewels.com\/#\/schema\/logo\/image\/"}}]}},"_links":{"self":[{"href":"https:\/\/www.purejewels.com\/tr\/wp-json\/wp\/v2\/product\/325165","targetHints":{"allow":["GET"]}}],"collection":[{"href":"https:\/\/www.purejewels.com\/tr\/wp-json\/wp\/v2\/product"}],"about":[{"href":"https:\/\/www.purejewels.com\/tr\/wp-json\/wp\/v2\/types\/product"}],"replies":[{"embeddable":true,"href":"https:\/\/www.purejewels.com\/tr\/wp-json\/wp\/v2\/comments?post=325165"}],"version-history":[{"count":0,"href":"https:\/\/www.purejewels.com\/tr\/wp-json\/wp\/v2\/product\/325165\/revisions"}],"wp:featuredmedia":[{"embeddable":true,"href":"https:\/\/www.purejewels.com\/tr\/wp-json\/wp\/v2\/media\/319523"}],"wp:attachment":[{"href":"https:\/\/www.purejewels.com\/tr\/wp-json\/wp\/v2\/media?parent=325165"}],"wp:term":[{"taxonomy":"product_brand","embeddable":true,"href":"https:\/\/www.purejewels.com\/tr\/wp-json\/wp\/v2\/product_brand?post=325165"},{"taxonomy":"product_cat","embeddable":true,"href":"https:\/\/www.purejewels.com\/tr\/wp-json\/wp\/v2\/product_cat?post=325165"},{"taxonomy":"product_tag","embeddable":true,"href":"https:\/\/www.purejewels.com\/tr\/wp-json\/wp\/v2\/product_tag?post=325165"}],"curies":[{"name":"wp","href":"https:\/\/api.w.org\/{rel}","templated":true}]}}