{"id":325258,"date":"2024-07-10T12:13:37","date_gmt":"2024-07-10T11:13:37","guid":{"rendered":"https:\/\/www.purejewels.com\/product\/jali-collection-22ct-gold-pendant-3-2gm\/"},"modified":"2026-01-06T08:08:58","modified_gmt":"2026-01-06T08:08:58","slug":"jali-collection-22-ayar-altin-kolye-ucu-48429","status":"publish","type":"product","link":"https:\/\/www.purejewels.com\/tr\/product\/jali-collection-22ct-gold-pendant-48429\/","title":{"rendered":"22 ayar alt\u0131n Jali sallant\u0131l\u0131 kolye ucu"},"content":{"rendered":"<p data-start=\"375\" data-end=\"785\"><strong data-start=\"375\" data-end=\"393\">Tasar\u0131m Konsepti<\/strong><br data-start=\"393\" data-end=\"396\" \/>Geleneksel Hint jali (kafes) mimarisinin zarif oymac\u0131l\u0131\u011f\u0131ndan esinlenen bu kolye, miras\u0131 \u00e7a\u011fda\u015f bir damla \u015feklinde yeniden yorumluyor. I\u015f\u0131k, hava ve kutsal geometriyi simgeleyen a\u00e7\u0131k i\u015fleme desen, g\u00fczel bir dengeye sahip bir siluet yarat\u0131yor. Hareketle nazik\u00e7e sallanan zarif alt\u0131n boncuklarla tamamlanan tasar\u0131m, kad\u0131ns\u0131l\u0131k, ak\u0131c\u0131l\u0131k ve klasik zarafeti \u00e7a\u011fr\u0131\u015ft\u0131r\u0131yor.<\/p>\n<p data-start=\"787\" data-end=\"1215\"><strong data-start=\"787\" data-end=\"804\">Zanaatkarl\u0131k<\/strong><br data-start=\"804\" data-end=\"807\" \/>Saf malzemelerle titizlikle \u00fcretilmi\u015ftir. <a href=\"https:\/\/www.purejewels.com\/tr\/product\/22ct-gold-jali-filigree-ring-jali-collection-31926\/\">22ct<\/a> Alt\u0131n, usta zanaatkarlar taraf\u0131ndan ince telkari teknikleri kullan\u0131larak hayat bulmu\u015ftur. Her bir k\u0131vr\u0131m, tanecik ve damla, geleneksel kuyumculuk sanat\u0131n\u0131n miras\u0131n\u0131 yans\u0131tan hassas bir \u015fekilde \u015fekillendirilmi\u015ftir. Y\u00fczey, yumu\u015fak bir parlakl\u0131k elde etmek i\u00e7in cilalanm\u0131\u015f olup, hem dokuyu hem de boyutluluk hissini g\u00fc\u00e7lendirmektedir. Kolye ucu hafif olmas\u0131na ra\u011fmen detayl\u0131d\u0131r \u2014 bu da rafine i\u015f\u00e7ilik ve konforun bir kan\u0131t\u0131d\u0131r.<\/p>\n<p data-start=\"1217\" data-end=\"1633\"><strong data-start=\"1217\" data-end=\"1234\">Stil Fikirleri<\/strong><br data-start=\"1234\" data-end=\"1237\" \/>Bu kolye, g\u00fcnd\u00fczden geceye g\u00fczel bir ge\u00e7i\u015f sa\u011flar. Sade bir g\u00fcnl\u00fck \u015f\u0131kl\u0131k i\u00e7in ince alt\u0131n bir zincirle kombinleyin veya \u015fenlikli veya d\u00fc\u011f\u00fcnlere uygun bir g\u00f6r\u00fcn\u00fcm i\u00e7in daha uzun kolyelerle katmanlay\u0131n. \u0130pek sari, i\u015flemeli kurta veya minimalist bluzlarla giyildi\u011finde hem modern hem de geleneksel gard\u0131roplar\u0131 tamamlar. Uyumlu bir geleneksel kombin i\u00e7in e\u015fle\u015fen jali k\u00fcpeler veya bilezikler ekleyin.<\/p>","protected":false},"excerpt":{"rendered":"<p>Karma\u015f\u0131k telkari i\u015f\u00e7ili\u011fi ve zarif boncuk detaylar\u0131yla tasarlanan 22 ayar alt\u0131n Jali sallant\u0131l\u0131 kolyemizi ke\u015ffedin. Gelenek ve modern zarafetin m\u00fckemmel bir kar\u0131\u015f\u0131m\u0131.<\/p>\n<table class=\"sh_desc\">\n<tbody>\n<tr>\n<td>Kolye Tipi<\/td>\n<td>Telkari Kolye<\/td>\n<\/tr>\n<tr>\n<td>SKU<\/td>\n<td>48429<\/td>\n<\/tr>\n<tr>\n<td>A\u011f\u0131rl\u0131k<\/td>\n<td>1.3 Gms<\/td>\n<\/tr>\n<tr>\n<td>Metal<\/td>\n<td>22 Ayar Alt\u0131n<\/td>\n<\/tr>\n<tr>\n<td>\u00dccretler<\/td>\n<td>Teslimat ve KDV Dahil<\/td>\n<\/tr>\n<tr>\n<td>Paketleme<\/td>\n<td>Sunum Kutusu ile Birlikte Gelir<\/td>\n<\/tr>\n<tr>\n<td>Daha Fazla Bilgi<\/td>\n<td>\n<ul>\n<li>Zincir dahil de\u011fildir<\/li>\n<li>Koleksiyonumuzu g\u00f6r\u00fcnt\u00fcleyin\u00a0<strong>Zincirler<\/strong><\/li>\n<li>M\u00fcsaitlik durumu ve daha fazla resim i\u00e7in bizimle canl\u0131 sohbet edin<\/li>\n<\/ul>\n<\/td>\n<\/tr>\n<\/tbody>\n<\/table>","protected":false},"featured_media":366846,"comment_status":"closed","ping_status":"closed","template":"","meta":{"_eb_attr":"","_crsspst_to_jayantr4sg-hostcom":true},"product_brand":[],"product_cat":[1791,1559,1770,1229,1255,252,5343,1767,1573,1574,5349],"product_tag":[],"class_list":{"0":"post-325258","1":"product","2":"type-product","3":"status-publish","4":"has-post-thumbnail","6":"product_cat-anniversary-gifts","7":"product_cat-birthday-gifts","8":"product_cat-fancy-pendants","9":"product_cat-22ct-gold-jewellery","10":"product_cat-gold-pendants","11":"product_cat-jali-collections","12":"product_cat-jewellery-under-550","13":"product_cat-ladies-pendants","14":"product_cat-wedding-gifts","15":"product_cat-womens-jewellery","16":"product_cat-yellow-gold-jewellery","18":"first","19":"outofstock","20":"taxable","21":"shipping-taxable","22":"product-type-simple","23":"add-to-wishlist-before_image"},"yoast_head":"<!-- This site is optimized with the Yoast SEO plugin v27.5 - https:\/\/yoast.com\/product\/yoast-seo-wordpress\/ -->\n<title>Elegant Filigree Drop Pendant in 22ct Gold \u2013 PureJewels<\/title>\n<meta name=\"description\" content=\"Discover our 22ct Gold Jali Dangling Pendant, crafted with intricate filigree and graceful bead accents. A perfect blend of tradition and modern elegance.\" \/>\n<meta name=\"robots\" content=\"index, follow, max-snippet:-1, max-image-preview:large, max-video-preview:-1\" \/>\n<link rel=\"canonical\" href=\"https:\/\/www.purejewels.com\/tr\/urun\/jali-collection-22-ayar-altin-kolye-ucu-48429\/\" \/>\n<meta property=\"og:locale\" content=\"tr_TR\" \/>\n<meta property=\"og:type\" content=\"article\" \/>\n<meta property=\"og:title\" content=\"Elegant Filigree Drop Pendant in 22ct Gold \u2013 PureJewels\" \/>\n<meta property=\"og:description\" content=\"Discover our 22ct Gold Jali Dangling Pendant, crafted with intricate filigree and graceful bead accents. A perfect blend of tradition and modern elegance.\" \/>\n<meta property=\"og:url\" content=\"https:\/\/www.purejewels.com\/tr\/urun\/jali-collection-22-ayar-altin-kolye-ucu-48429\/\" \/>\n<meta property=\"og:site_name\" content=\"PureJewels UK\" \/>\n<meta property=\"article:modified_time\" content=\"2026-01-06T08:08:58+00:00\" \/>\n<meta property=\"og:image\" content=\"https:\/\/static.purejewels.com\/wp-content\/uploads\/2024\/07\/SKU-48429.png\" \/>\n\t<meta property=\"og:image:width\" content=\"1000\" \/>\n\t<meta property=\"og:image:height\" content=\"1000\" \/>\n\t<meta property=\"og:image:type\" content=\"image\/png\" \/>\n<meta name=\"twitter:card\" content=\"summary_large_image\" \/>\n<meta name=\"twitter:label1\" content=\"Tahmini okuma s\u00fcresi\" \/>\n\t<meta name=\"twitter:data1\" content=\"1 dakika\" \/>\n<script type=\"application\/ld+json\" class=\"yoast-schema-graph\">{\"@context\":\"https:\\\/\\\/schema.org\",\"@graph\":[{\"@type\":[\"WebPage\",\"ItemPage\"],\"@id\":\"https:\\\/\\\/www.purejewels.com\\\/product\\\/jali-collection-22ct-gold-pendant-48429\\\/\",\"url\":\"https:\\\/\\\/www.purejewels.com\\\/product\\\/jali-collection-22ct-gold-pendant-48429\\\/\",\"name\":\"Elegant Filigree Drop Pendant in 22ct Gold \u2013 PureJewels\",\"isPartOf\":{\"@id\":\"https:\\\/\\\/www.purejewels.com\\\/#website\"},\"primaryImageOfPage\":{\"@id\":\"https:\\\/\\\/www.purejewels.com\\\/product\\\/jali-collection-22ct-gold-pendant-48429\\\/#primaryimage\"},\"image\":{\"@id\":\"https:\\\/\\\/www.purejewels.com\\\/product\\\/jali-collection-22ct-gold-pendant-48429\\\/#primaryimage\"},\"thumbnailUrl\":\"https:\\\/\\\/static.purejewels.com\\\/wp-content\\\/uploads\\\/2024\\\/07\\\/SKU-48429.png\",\"datePublished\":\"2024-07-10T11:13:37+00:00\",\"dateModified\":\"2026-01-06T08:08:58+00:00\",\"description\":\"Discover our 22ct Gold Jali Dangling Pendant, crafted with intricate filigree and graceful bead accents. A perfect blend of tradition and modern elegance.\",\"breadcrumb\":{\"@id\":\"https:\\\/\\\/www.purejewels.com\\\/product\\\/jali-collection-22ct-gold-pendant-48429\\\/#breadcrumb\"},\"inLanguage\":\"tr\",\"potentialAction\":[{\"@type\":\"ReadAction\",\"target\":[\"https:\\\/\\\/www.purejewels.com\\\/product\\\/jali-collection-22ct-gold-pendant-48429\\\/\"]}]},{\"@type\":\"ImageObject\",\"inLanguage\":\"tr\",\"@id\":\"https:\\\/\\\/www.purejewels.com\\\/product\\\/jali-collection-22ct-gold-pendant-48429\\\/#primaryimage\",\"url\":\"https:\\\/\\\/static.purejewels.com\\\/wp-content\\\/uploads\\\/2024\\\/07\\\/SKU-48429.png\",\"contentUrl\":\"https:\\\/\\\/static.purejewels.com\\\/wp-content\\\/uploads\\\/2024\\\/07\\\/SKU-48429.png\",\"width\":1000,\"height\":1000,\"caption\":\"22ct Gold Pendant\"},{\"@type\":\"BreadcrumbList\",\"@id\":\"https:\\\/\\\/www.purejewels.com\\\/product\\\/jali-collection-22ct-gold-pendant-48429\\\/#breadcrumb\",\"itemListElement\":[{\"@type\":\"ListItem\",\"position\":1,\"name\":\"Home\",\"item\":\"https:\\\/\\\/www.purejewels.com\\\/\"},{\"@type\":\"ListItem\",\"position\":2,\"name\":\"Shop\",\"item\":\"https:\\\/\\\/www.purejewels.com\\\/shop\\\/\"},{\"@type\":\"ListItem\",\"position\":3,\"name\":\"22ct Gold Jali Dangling Pendant\"}]},{\"@type\":\"WebSite\",\"@id\":\"https:\\\/\\\/www.purejewels.com\\\/#website\",\"url\":\"https:\\\/\\\/www.purejewels.com\\\/\",\"name\":\"PureJewels UK\",\"description\":\"Share the Love\",\"publisher\":{\"@id\":\"https:\\\/\\\/www.purejewels.com\\\/#organization\"},\"potentialAction\":[{\"@type\":\"SearchAction\",\"target\":{\"@type\":\"EntryPoint\",\"urlTemplate\":\"https:\\\/\\\/www.purejewels.com\\\/?s={search_term_string}\"},\"query-input\":{\"@type\":\"PropertyValueSpecification\",\"valueRequired\":true,\"valueName\":\"search_term_string\"}}],\"inLanguage\":\"tr\"},{\"@type\":\"Organization\",\"@id\":\"https:\\\/\\\/www.purejewels.com\\\/#organization\",\"name\":\"PureJewels UK\",\"url\":\"https:\\\/\\\/www.purejewels.com\\\/\",\"logo\":{\"@type\":\"ImageObject\",\"inLanguage\":\"tr\",\"@id\":\"https:\\\/\\\/www.purejewels.com\\\/#\\\/schema\\\/logo\\\/image\\\/\",\"url\":\"https:\\\/\\\/static.purejewels.com\\\/wp-content\\\/uploads\\\/2020\\\/11\\\/Logo-PJ-New-1.png\",\"contentUrl\":\"https:\\\/\\\/static.purejewels.com\\\/wp-content\\\/uploads\\\/2020\\\/11\\\/Logo-PJ-New-1.png\",\"width\":150,\"height\":80,\"caption\":\"PureJewels UK\"},\"image\":{\"@id\":\"https:\\\/\\\/www.purejewels.com\\\/#\\\/schema\\\/logo\\\/image\\\/\"}}]}<\/script>\n<!-- \/ Yoast SEO plugin. -->","yoast_head_json":{"title":"22 ayar alt\u0131n zarif telkari damla kolye \u2013 PureJewels","description":"Karma\u015f\u0131k telkari i\u015f\u00e7ili\u011fi ve zarif boncuk detaylar\u0131yla tasarlanan 22 ayar alt\u0131n Jali sallant\u0131l\u0131 kolyemizi ke\u015ffedin. Gelenek ve modern zarafetin m\u00fckemmel bir kar\u0131\u015f\u0131m\u0131.","robots":{"index":"index","follow":"follow","max-snippet":"max-snippet:-1","max-image-preview":"max-image-preview:large","max-video-preview":"max-video-preview:-1"},"canonical":"https:\/\/www.purejewels.com\/tr\/urun\/jali-collection-22-ayar-altin-kolye-ucu-48429\/","og_locale":"tr_TR","og_type":"article","og_title":"Elegant Filigree Drop Pendant in 22ct Gold \u2013 PureJewels","og_description":"Discover our 22ct Gold Jali Dangling Pendant, crafted with intricate filigree and graceful bead accents. A perfect blend of tradition and modern elegance.","og_url":"https:\/\/www.purejewels.com\/tr\/urun\/jali-collection-22-ayar-altin-kolye-ucu-48429\/","og_site_name":"PureJewels UK","article_modified_time":"2026-01-06T08:08:58+00:00","og_image":[{"width":1000,"height":1000,"url":"https:\/\/static.purejewels.com\/wp-content\/uploads\/2024\/07\/SKU-48429.png","type":"image\/png"}],"twitter_card":"summary_large_image","twitter_misc":{"Tahmini okuma s\u00fcresi":"1 dakika"},"schema":{"@context":"https:\/\/schema.org","@graph":[{"@type":["WebPage","ItemPage"],"@id":"https:\/\/www.purejewels.com\/product\/jali-collection-22ct-gold-pendant-48429\/","url":"https:\/\/www.purejewels.com\/product\/jali-collection-22ct-gold-pendant-48429\/","name":"22 ayar alt\u0131n zarif telkari damla kolye \u2013 PureJewels","isPartOf":{"@id":"https:\/\/www.purejewels.com\/#website"},"primaryImageOfPage":{"@id":"https:\/\/www.purejewels.com\/product\/jali-collection-22ct-gold-pendant-48429\/#primaryimage"},"image":{"@id":"https:\/\/www.purejewels.com\/product\/jali-collection-22ct-gold-pendant-48429\/#primaryimage"},"thumbnailUrl":"https:\/\/static.purejewels.com\/wp-content\/uploads\/2024\/07\/SKU-48429.png","datePublished":"2024-07-10T11:13:37+00:00","dateModified":"2026-01-06T08:08:58+00:00","description":"Karma\u015f\u0131k telkari i\u015f\u00e7ili\u011fi ve zarif boncuk detaylar\u0131yla tasarlanan 22 ayar alt\u0131n Jali sallant\u0131l\u0131 kolyemizi ke\u015ffedin. Gelenek ve modern zarafetin m\u00fckemmel bir kar\u0131\u015f\u0131m\u0131.","breadcrumb":{"@id":"https:\/\/www.purejewels.com\/product\/jali-collection-22ct-gold-pendant-48429\/#breadcrumb"},"inLanguage":"tr","potentialAction":[{"@type":"ReadAction","target":["https:\/\/www.purejewels.com\/product\/jali-collection-22ct-gold-pendant-48429\/"]}]},{"@type":"ImageObject","inLanguage":"tr","@id":"https:\/\/www.purejewels.com\/product\/jali-collection-22ct-gold-pendant-48429\/#primaryimage","url":"https:\/\/static.purejewels.com\/wp-content\/uploads\/2024\/07\/SKU-48429.png","contentUrl":"https:\/\/static.purejewels.com\/wp-content\/uploads\/2024\/07\/SKU-48429.png","width":1000,"height":1000,"caption":"22ct Gold Pendant"},{"@type":"BreadcrumbList","@id":"https:\/\/www.purejewels.com\/product\/jali-collection-22ct-gold-pendant-48429\/#breadcrumb","itemListElement":[{"@type":"ListItem","position":1,"name":"Home","item":"https:\/\/www.purejewels.com\/"},{"@type":"ListItem","position":2,"name":"Shop","item":"https:\/\/www.purejewels.com\/shop\/"},{"@type":"ListItem","position":3,"name":"22ct Gold Jali Dangling Pendant"}]},{"@type":"WebSite","@id":"https:\/\/www.purejewels.com\/#website","url":"https:\/\/www.purejewels.com\/","name":"PureJewels \u0130ngiltere","description":"Sevgiyi Payla\u015f\u0131n","publisher":{"@id":"https:\/\/www.purejewels.com\/#organization"},"potentialAction":[{"@type":"SearchAction","target":{"@type":"EntryPoint","urlTemplate":"https:\/\/www.purejewels.com\/?s={search_term_string}"},"query-input":{"@type":"PropertyValueSpecification","valueRequired":true,"valueName":"search_term_string"}}],"inLanguage":"tr"},{"@type":"Organization","@id":"https:\/\/www.purejewels.com\/#organization","name":"PureJewels \u0130ngiltere","url":"https:\/\/www.purejewels.com\/","logo":{"@type":"ImageObject","inLanguage":"tr","@id":"https:\/\/www.purejewels.com\/#\/schema\/logo\/image\/","url":"https:\/\/static.purejewels.com\/wp-content\/uploads\/2020\/11\/Logo-PJ-New-1.png","contentUrl":"https:\/\/static.purejewels.com\/wp-content\/uploads\/2020\/11\/Logo-PJ-New-1.png","width":150,"height":80,"caption":"PureJewels UK"},"image":{"@id":"https:\/\/www.purejewels.com\/#\/schema\/logo\/image\/"}}]}},"_links":{"self":[{"href":"https:\/\/www.purejewels.com\/tr\/wp-json\/wp\/v2\/product\/325258","targetHints":{"allow":["GET"]}}],"collection":[{"href":"https:\/\/www.purejewels.com\/tr\/wp-json\/wp\/v2\/product"}],"about":[{"href":"https:\/\/www.purejewels.com\/tr\/wp-json\/wp\/v2\/types\/product"}],"replies":[{"embeddable":true,"href":"https:\/\/www.purejewels.com\/tr\/wp-json\/wp\/v2\/comments?post=325258"}],"version-history":[{"count":3,"href":"https:\/\/www.purejewels.com\/tr\/wp-json\/wp\/v2\/product\/325258\/revisions"}],"predecessor-version":[{"id":423366,"href":"https:\/\/www.purejewels.com\/tr\/wp-json\/wp\/v2\/product\/325258\/revisions\/423366"}],"wp:featuredmedia":[{"embeddable":true,"href":"https:\/\/www.purejewels.com\/tr\/wp-json\/wp\/v2\/media\/366846"}],"wp:attachment":[{"href":"https:\/\/www.purejewels.com\/tr\/wp-json\/wp\/v2\/media?parent=325258"}],"wp:term":[{"taxonomy":"product_brand","embeddable":true,"href":"https:\/\/www.purejewels.com\/tr\/wp-json\/wp\/v2\/product_brand?post=325258"},{"taxonomy":"product_cat","embeddable":true,"href":"https:\/\/www.purejewels.com\/tr\/wp-json\/wp\/v2\/product_cat?post=325258"},{"taxonomy":"product_tag","embeddable":true,"href":"https:\/\/www.purejewels.com\/tr\/wp-json\/wp\/v2\/product_tag?post=325258"}],"curies":[{"name":"wp","href":"https:\/\/api.w.org\/{rel}","templated":true}]}}