{"id":325270,"date":"2021-08-04T06:10:44","date_gmt":"2021-08-04T05:10:44","guid":{"rendered":"https:\/\/www.purejewels.com\/product\/22ct-gold-ladies-bracelet-5-8-gm\/"},"modified":"2026-01-06T09:44:42","modified_gmt":"2026-01-06T09:44:42","slug":"22-ayar-altin-bayan-bileklik-33677","status":"publish","type":"product","link":"https:\/\/www.purejewels.com\/tr\/product\/22ct-gold-ladies-bracelet-33677\/","title":{"rendered":"Kad\u0131nlar i\u00e7in Alt\u0131n Bileklik"},"content":{"rendered":"<h3><b>\u0130lham kayna\u011f\u0131<\/b><\/h3>\n<p><span style=\"font-weight: 400\"><a href=\"https:\/\/www.purejewels.com\/tr\/how-to-measure-bangle-size-2\/\">Bilezikler<\/a> di\u011fer bilek s\u00fcsleri ile birlikte \u00e7a\u011flar boyunca geleneksel Hint m\u00fccevherlerinin bir par\u00e7as\u0131 olmu\u015ftur. Tak\u0131ld\u0131klar\u0131nda, kendilerine \u00f6zg\u00fc geleneksel bir \u00f6neme ve ba\u015fka hi\u00e7bir \u015feye benzemeyen estetik bir par\u0131lt\u0131ya sahiptirler. Bilek s\u00fcsleri bilezik, bileklik, kadas, haath phools ve \u00e7ok daha fazlas\u0131ndan olu\u015fur. Farkl\u0131 stillerde ve tasar\u0131mlarda \u00fcretilen bu tak\u0131lar\u0131n her biri, i\u00e7inde bulunulan duruma ve bu durumun \u00f6nemine i\u015faret eder. Bu nedenle bilek giyimi \u00e7e\u015fitlendi, geli\u015fti ve uzun bir yol kat etti.\u00a0<\/span><\/p>\n<h3><b>Tasar\u0131m<\/b><\/h3>\n<p><span style=\"font-weight: 400\">\u00a0Bu 22K <a href=\"https:\/\/www.purejewels.com\/tr\/product\/22ct-gold-mens-bracelet\/\">alt\u0131n bilezik<\/a> geleneksel olarak tasarlanan ince bilekli\u011fin geli\u015ftirilmi\u015f bir versiyonudur ve alt\u0131n bileklik \u015feklinde \u00fcretilmi\u015ftir. <a href=\"https:\/\/www.purejewels.com\/tr\/product-category\/22ct-gold-jewellery\/gold-bracelet\/\">Bilezik<\/a> Kolay giyilebilirlik ve zahmetsizlik sa\u011flamak i\u00e7in. Tasar\u0131m, t\u00fcm y\u00fczeyi dokulu, incelikle i\u015flenmi\u015f alt\u0131n bir kordonla ba\u015fl\u0131yor. B\u00fcy\u00fcleyici badem \u015feklindeki alt\u0131n boncuklar, y\u00fczleri boyunca elle yontulmu\u015f ve bilezi\u011fin rakipsiz g\u00fczelli\u011fini korurken zahmetsizce tak\u0131labilirli\u011fini sa\u011flamak i\u00e7in kordona ergonomik olarak stratejik konumlarda estetik bir \u015fekilde ba\u011flanm\u0131\u015ft\u0131r. Purejewels'in bu bileklik bilezi\u011fi, \u00e7ok y\u00f6nl\u00fcl\u00fc\u011f\u00fcn yan\u0131 s\u0131ra zahmetsizlik de g\u00f6z \u00f6n\u00fcnde bulundurularak tasarlanm\u0131\u015ft\u0131r, bu nedenle rodyum kaplaman\u0131n ipu\u00e7lar\u0131yla sessiz bir alt\u0131n parlakl\u0131k verilmi\u015f ve her zaman ye\u015fil kalmas\u0131 sa\u011flanm\u0131\u015ft\u0131r.\u00a0<\/span><\/p>\n<h3><b>Stil<\/b><\/h3>\n<p><span style=\"font-weight: 400\">Bu cesur ve a\u00e7\u0131klay\u0131c\u0131 <a href=\"https:\/\/www.purejewels.com\/tr\/product\/22-carat-gold-bangle-31151\/\">22 Ayar Alt\u0131n Bileklik<\/a> Purejewels bileklik, se\u00e7ebilece\u011finiz bir Hint k\u0131yafeti ile tak\u0131ld\u0131\u011f\u0131nda istiflemek i\u00e7in m\u00fckemmeldir ve sizi \u00f6ne \u00e7\u0131karmak i\u00e7in zarif resmi veya ofis k\u0131yafetleriyle tek ba\u015f\u0131na bile tak\u0131labilir. Ayr\u0131ca kol saatinizle birlikte de takabilir ve fark\u0131n\u0131z\u0131 ortaya koyabilirsiniz. Web sitemizin 'alt\u0131n bilezik' b\u00f6l\u00fcm\u00fcnde s\u00fcslemek ve \u015fekillendirmek i\u00e7in bu t\u00fcrden daha fazla stil bulabilirsiniz.<\/span><\/p>","protected":false},"excerpt":{"rendered":"<ul>\n<li>Rodyum Kaplamal\u0131 22 Ayar Alt\u0131n Bileklik<\/li>\n<li>A\u011f\u0131rl\u0131k 5,8 gms<\/li>\n<li>Boyut 2.4<\/li>\n<li>SKU. 33677<\/li>\n<li>Her boyutta sipari\u015f \u00fczerine yap\u0131labilir<\/li>\n<li>T\u00fcm fiyatlara KDV dahildir<\/li>\n<li>T\u00fcm \u00fcr\u00fcnlerimiz London Assay Office taraf\u0131ndan damgalanm\u0131\u015ft\u0131r<\/li>\n<li>T\u00fcm Bilezikler Sunum Kutusuyla Birlikte Gelir<\/li>\n<li>Birle\u015fik Krall\u0131k genelinde \u00fccretsiz teslimat<\/li>\n<li>\u00dcr\u00fcn\u00fcn canl\u0131 videosu i\u00e7in bize ula\u015f\u0131n \/ bizimle sohbet edin<\/li>\n<\/ul>","protected":false},"featured_media":325521,"comment_status":"closed","ping_status":"closed","template":"","meta":{"_eb_attr":"","_crsspst_to_jayantr4sg-hostcom":false},"product_brand":[],"product_cat":[1791,1559,1324,1627,1575,1574],"product_tag":[],"class_list":{"0":"post-325270","1":"product","2":"type-product","3":"status-publish","4":"has-post-thumbnail","6":"product_cat-anniversary-gifts","7":"product_cat-birthday-gifts","8":"product_cat-gold-bracelet","9":"product_cat-ladies-bracelet","10":"product_cat-teenage-jewellery","11":"product_cat-womens-jewellery","13":"first","14":"outofstock","15":"taxable","16":"shipping-taxable","17":"product-type-simple","18":"add-to-wishlist-before_image"},"yoast_head":"<!-- This site is optimized with the Yoast SEO plugin v27.3 - https:\/\/yoast.com\/product\/yoast-seo-wordpress\/ -->\n<title>Gold Bracelet for Women | Gold Bracelet for Girl | PureJewels<\/title>\n<meta name=\"description\" content=\"PureJewels presents Latest Bracelet Collection for women | Specially Crafted with 22ct Gold | Buy a daily wear gold bracelet online\" \/>\n<meta name=\"robots\" content=\"index, follow, max-snippet:-1, max-image-preview:large, max-video-preview:-1\" \/>\n<link rel=\"canonical\" href=\"https:\/\/www.purejewels.com\/tr\/urun\/22-ayar-altin-bayan-bileklik-33677\/\" \/>\n<meta property=\"og:locale\" content=\"tr_TR\" \/>\n<meta property=\"og:type\" content=\"article\" \/>\n<meta property=\"og:title\" content=\"Gold Bracelet for Women | Gold Bracelet for Girl | PureJewels\" \/>\n<meta property=\"og:description\" content=\"PureJewels presents Latest Bracelet Collection for women | Specially Crafted with 22ct Gold | Buy a daily wear gold bracelet online\" \/>\n<meta property=\"og:url\" content=\"https:\/\/www.purejewels.com\/tr\/urun\/22-ayar-altin-bayan-bileklik-33677\/\" \/>\n<meta property=\"og:site_name\" content=\"PureJewels UK\" \/>\n<meta property=\"article:modified_time\" content=\"2026-01-06T09:44:42+00:00\" \/>\n<meta property=\"og:image\" content=\"https:\/\/www.purejewels.com\/wp-content\/uploads\/2021\/08\/33677_1.jpg\" \/>\n\t<meta property=\"og:image:width\" content=\"1000\" \/>\n\t<meta property=\"og:image:height\" content=\"1000\" \/>\n\t<meta property=\"og:image:type\" content=\"image\/jpeg\" \/>\n<meta name=\"twitter:card\" content=\"summary_large_image\" \/>\n<meta name=\"twitter:label1\" content=\"Tahmini okuma s\u00fcresi\" \/>\n\t<meta name=\"twitter:data1\" content=\"2 dakika\" \/>\n<script type=\"application\/ld+json\" class=\"yoast-schema-graph\">{\"@context\":\"https:\\\/\\\/schema.org\",\"@graph\":[{\"@type\":[\"WebPage\",\"ItemPage\"],\"@id\":\"https:\\\/\\\/www.purejewels.com\\\/product\\\/22ct-gold-ladies-bracelet-33677\\\/\",\"url\":\"https:\\\/\\\/www.purejewels.com\\\/product\\\/22ct-gold-ladies-bracelet-33677\\\/\",\"name\":\"Gold Bracelet for Women | Gold Bracelet for Girl | PureJewels\",\"isPartOf\":{\"@id\":\"https:\\\/\\\/www.purejewels.com\\\/#website\"},\"primaryImageOfPage\":{\"@id\":\"https:\\\/\\\/www.purejewels.com\\\/product\\\/22ct-gold-ladies-bracelet-33677\\\/#primaryimage\"},\"image\":{\"@id\":\"https:\\\/\\\/www.purejewels.com\\\/product\\\/22ct-gold-ladies-bracelet-33677\\\/#primaryimage\"},\"thumbnailUrl\":\"https:\\\/\\\/static.purejewels.com\\\/wp-content\\\/uploads\\\/2021\\\/08\\\/33677_1.jpg\",\"datePublished\":\"2021-08-04T05:10:44+00:00\",\"dateModified\":\"2026-01-06T09:44:42+00:00\",\"description\":\"PureJewels presents Latest Bracelet Collection for women | Specially Crafted with 22ct Gold | Buy a daily wear gold bracelet online\",\"breadcrumb\":{\"@id\":\"https:\\\/\\\/www.purejewels.com\\\/product\\\/22ct-gold-ladies-bracelet-33677\\\/#breadcrumb\"},\"inLanguage\":\"tr\",\"potentialAction\":[{\"@type\":\"ReadAction\",\"target\":[\"https:\\\/\\\/www.purejewels.com\\\/product\\\/22ct-gold-ladies-bracelet-33677\\\/\"]}]},{\"@type\":\"ImageObject\",\"inLanguage\":\"tr\",\"@id\":\"https:\\\/\\\/www.purejewels.com\\\/product\\\/22ct-gold-ladies-bracelet-33677\\\/#primaryimage\",\"url\":\"https:\\\/\\\/static.purejewels.com\\\/wp-content\\\/uploads\\\/2021\\\/08\\\/33677_1.jpg\",\"contentUrl\":\"https:\\\/\\\/static.purejewels.com\\\/wp-content\\\/uploads\\\/2021\\\/08\\\/33677_1.jpg\",\"width\":1000,\"height\":1000,\"caption\":\"22ct Gold Bracelet 33677_1\"},{\"@type\":\"BreadcrumbList\",\"@id\":\"https:\\\/\\\/www.purejewels.com\\\/product\\\/22ct-gold-ladies-bracelet-33677\\\/#breadcrumb\",\"itemListElement\":[{\"@type\":\"ListItem\",\"position\":1,\"name\":\"Home\",\"item\":\"https:\\\/\\\/www.purejewels.com\\\/\"},{\"@type\":\"ListItem\",\"position\":2,\"name\":\"Shop\",\"item\":\"https:\\\/\\\/www.purejewels.com\\\/shop\\\/\"},{\"@type\":\"ListItem\",\"position\":3,\"name\":\"Gold Bracelet for Women\"}]},{\"@type\":\"WebSite\",\"@id\":\"https:\\\/\\\/www.purejewels.com\\\/#website\",\"url\":\"https:\\\/\\\/www.purejewels.com\\\/\",\"name\":\"PureJewels UK\",\"description\":\"Share the Love\",\"publisher\":{\"@id\":\"https:\\\/\\\/www.purejewels.com\\\/#organization\"},\"potentialAction\":[{\"@type\":\"SearchAction\",\"target\":{\"@type\":\"EntryPoint\",\"urlTemplate\":\"https:\\\/\\\/www.purejewels.com\\\/?s={search_term_string}\"},\"query-input\":{\"@type\":\"PropertyValueSpecification\",\"valueRequired\":true,\"valueName\":\"search_term_string\"}}],\"inLanguage\":\"tr\"},{\"@type\":\"Organization\",\"@id\":\"https:\\\/\\\/www.purejewels.com\\\/#organization\",\"name\":\"PureJewels UK\",\"url\":\"https:\\\/\\\/www.purejewels.com\\\/\",\"logo\":{\"@type\":\"ImageObject\",\"inLanguage\":\"tr\",\"@id\":\"https:\\\/\\\/www.purejewels.com\\\/#\\\/schema\\\/logo\\\/image\\\/\",\"url\":\"https:\\\/\\\/static.purejewels.com\\\/wp-content\\\/uploads\\\/2020\\\/11\\\/Logo-PJ-New-1.png\",\"contentUrl\":\"https:\\\/\\\/static.purejewels.com\\\/wp-content\\\/uploads\\\/2020\\\/11\\\/Logo-PJ-New-1.png\",\"width\":150,\"height\":80,\"caption\":\"PureJewels UK\"},\"image\":{\"@id\":\"https:\\\/\\\/www.purejewels.com\\\/#\\\/schema\\\/logo\\\/image\\\/\"}}]}<\/script>\n<!-- \/ Yoast SEO plugin. -->","yoast_head_json":{"title":"Kad\u0131n Alt\u0131n Bileklik | K\u0131z Alt\u0131n Bileklik | PureJewels","description":"PureJewels kad\u0131nlar i\u00e7in En Yeni Bilezik Koleksiyonunu sunar | 22 Ayar Alt\u0131n ile \u00d6zel Olarak Haz\u0131rlanm\u0131\u015ft\u0131r | G\u00fcnl\u00fck kullan\u0131m i\u00e7in alt\u0131n bilezi\u011fi \u00e7evrimi\u00e7i sat\u0131n al\u0131n","robots":{"index":"index","follow":"follow","max-snippet":"max-snippet:-1","max-image-preview":"max-image-preview:large","max-video-preview":"max-video-preview:-1"},"canonical":"https:\/\/www.purejewels.com\/tr\/urun\/22-ayar-altin-bayan-bileklik-33677\/","og_locale":"tr_TR","og_type":"article","og_title":"Gold Bracelet for Women | Gold Bracelet for Girl | PureJewels","og_description":"PureJewels presents Latest Bracelet Collection for women | Specially Crafted with 22ct Gold | Buy a daily wear gold bracelet online","og_url":"https:\/\/www.purejewels.com\/tr\/urun\/22-ayar-altin-bayan-bileklik-33677\/","og_site_name":"PureJewels UK","article_modified_time":"2026-01-06T09:44:42+00:00","og_image":[{"width":1000,"height":1000,"url":"https:\/\/www.purejewels.com\/wp-content\/uploads\/2021\/08\/33677_1.jpg","type":"image\/jpeg"}],"twitter_card":"summary_large_image","twitter_misc":{"Tahmini okuma s\u00fcresi":"2 dakika"},"schema":{"@context":"https:\/\/schema.org","@graph":[{"@type":["WebPage","ItemPage"],"@id":"https:\/\/www.purejewels.com\/product\/22ct-gold-ladies-bracelet-33677\/","url":"https:\/\/www.purejewels.com\/product\/22ct-gold-ladies-bracelet-33677\/","name":"Kad\u0131n Alt\u0131n Bileklik | K\u0131z Alt\u0131n Bileklik | PureJewels","isPartOf":{"@id":"https:\/\/www.purejewels.com\/#website"},"primaryImageOfPage":{"@id":"https:\/\/www.purejewels.com\/product\/22ct-gold-ladies-bracelet-33677\/#primaryimage"},"image":{"@id":"https:\/\/www.purejewels.com\/product\/22ct-gold-ladies-bracelet-33677\/#primaryimage"},"thumbnailUrl":"https:\/\/static.purejewels.com\/wp-content\/uploads\/2021\/08\/33677_1.jpg","datePublished":"2021-08-04T05:10:44+00:00","dateModified":"2026-01-06T09:44:42+00:00","description":"PureJewels kad\u0131nlar i\u00e7in En Yeni Bilezik Koleksiyonunu sunar | 22 Ayar Alt\u0131n ile \u00d6zel Olarak Haz\u0131rlanm\u0131\u015ft\u0131r | G\u00fcnl\u00fck kullan\u0131m i\u00e7in alt\u0131n bilezi\u011fi \u00e7evrimi\u00e7i sat\u0131n al\u0131n","breadcrumb":{"@id":"https:\/\/www.purejewels.com\/product\/22ct-gold-ladies-bracelet-33677\/#breadcrumb"},"inLanguage":"tr","potentialAction":[{"@type":"ReadAction","target":["https:\/\/www.purejewels.com\/product\/22ct-gold-ladies-bracelet-33677\/"]}]},{"@type":"ImageObject","inLanguage":"tr","@id":"https:\/\/www.purejewels.com\/product\/22ct-gold-ladies-bracelet-33677\/#primaryimage","url":"https:\/\/static.purejewels.com\/wp-content\/uploads\/2021\/08\/33677_1.jpg","contentUrl":"https:\/\/static.purejewels.com\/wp-content\/uploads\/2021\/08\/33677_1.jpg","width":1000,"height":1000,"caption":"22ct Gold Bracelet 33677_1"},{"@type":"BreadcrumbList","@id":"https:\/\/www.purejewels.com\/product\/22ct-gold-ladies-bracelet-33677\/#breadcrumb","itemListElement":[{"@type":"ListItem","position":1,"name":"Home","item":"https:\/\/www.purejewels.com\/"},{"@type":"ListItem","position":2,"name":"Shop","item":"https:\/\/www.purejewels.com\/shop\/"},{"@type":"ListItem","position":3,"name":"Gold Bracelet for Women"}]},{"@type":"WebSite","@id":"https:\/\/www.purejewels.com\/#website","url":"https:\/\/www.purejewels.com\/","name":"PureJewels \u0130ngiltere","description":"Sevgiyi Payla\u015f\u0131n","publisher":{"@id":"https:\/\/www.purejewels.com\/#organization"},"potentialAction":[{"@type":"SearchAction","target":{"@type":"EntryPoint","urlTemplate":"https:\/\/www.purejewels.com\/?s={search_term_string}"},"query-input":{"@type":"PropertyValueSpecification","valueRequired":true,"valueName":"search_term_string"}}],"inLanguage":"tr"},{"@type":"Organization","@id":"https:\/\/www.purejewels.com\/#organization","name":"PureJewels \u0130ngiltere","url":"https:\/\/www.purejewels.com\/","logo":{"@type":"ImageObject","inLanguage":"tr","@id":"https:\/\/www.purejewels.com\/#\/schema\/logo\/image\/","url":"https:\/\/static.purejewels.com\/wp-content\/uploads\/2020\/11\/Logo-PJ-New-1.png","contentUrl":"https:\/\/static.purejewels.com\/wp-content\/uploads\/2020\/11\/Logo-PJ-New-1.png","width":150,"height":80,"caption":"PureJewels UK"},"image":{"@id":"https:\/\/www.purejewels.com\/#\/schema\/logo\/image\/"}}]}},"_links":{"self":[{"href":"https:\/\/www.purejewels.com\/tr\/wp-json\/wp\/v2\/product\/325270","targetHints":{"allow":["GET"]}}],"collection":[{"href":"https:\/\/www.purejewels.com\/tr\/wp-json\/wp\/v2\/product"}],"about":[{"href":"https:\/\/www.purejewels.com\/tr\/wp-json\/wp\/v2\/types\/product"}],"replies":[{"embeddable":true,"href":"https:\/\/www.purejewels.com\/tr\/wp-json\/wp\/v2\/comments?post=325270"}],"version-history":[{"count":0,"href":"https:\/\/www.purejewels.com\/tr\/wp-json\/wp\/v2\/product\/325270\/revisions"}],"wp:featuredmedia":[{"embeddable":true,"href":"https:\/\/www.purejewels.com\/tr\/wp-json\/wp\/v2\/media\/325521"}],"wp:attachment":[{"href":"https:\/\/www.purejewels.com\/tr\/wp-json\/wp\/v2\/media?parent=325270"}],"wp:term":[{"taxonomy":"product_brand","embeddable":true,"href":"https:\/\/www.purejewels.com\/tr\/wp-json\/wp\/v2\/product_brand?post=325270"},{"taxonomy":"product_cat","embeddable":true,"href":"https:\/\/www.purejewels.com\/tr\/wp-json\/wp\/v2\/product_cat?post=325270"},{"taxonomy":"product_tag","embeddable":true,"href":"https:\/\/www.purejewels.com\/tr\/wp-json\/wp\/v2\/product_tag?post=325270"}],"curies":[{"name":"wp","href":"https:\/\/api.w.org\/{rel}","templated":true}]}}