{"id":326492,"date":"2021-09-01T11:16:45","date_gmt":"2021-09-01T10:16:45","guid":{"rendered":"https:\/\/www.purejewels.com\/product\/22ct-gold-earring-3-8gm\/"},"modified":"2025-02-10T13:25:17","modified_gmt":"2025-02-10T13:25:17","slug":"22-ayar-altin-kupe-3-8gm","status":"publish","type":"product","link":"https:\/\/www.purejewels.com\/tr\/product\/22ct-gold-earring-3-8gm\/","title":{"rendered":"CZ Ta\u015fl\u0131 22 Ayar Alt\u0131n K\u00fcpe"},"content":{"rendered":"<h2>Caz-Up<\/h2>\n<p>Geleneksel Hint g\u00f6r\u00fcn\u00fcm\u00fcn\u00fcze an\u0131nda cazibe katmak i\u00e7in s\u00fcrekli m\u00fckemmel bir \u015fey mi ar\u0131yorsunuz? Bu i\u015fe yarayabilir! Bu 22 ayar alt\u0131n \u00e7ift <a href=\"https:\/\/www.purejewels.com\/tr\/product-category\/22ct-gold-jewellery\/gold-earrings\/\">K\u00fcpeler<\/a> bir a\u00e7\u0131klama yapmak i\u00e7in ihtiyac\u0131n\u0131z olan tek \u015fey.<\/p>\n<h2>Tasar\u0131m<\/h2>\n<p>Bu k\u00fcpeler, modern benli\u011finizi g\u00f6z \u00f6n\u00fcnde bulundururken do\u011fa ve faunadan ilham al\u0131yor. Cz ta\u015fl\u0131 bu \u00e7\u0131t\u00e7\u0131tlar minimaldir ancak ayn\u0131 zamanda zarif ve ince olmalar\u0131n\u0131 sa\u011flayan do\u011fru miktarda \u0131\u015f\u0131lt\u0131ya sahiptir. Tasar\u0131m, t\u0131pk\u0131 k\u00fcpenin tamam\u0131 gibi 22 ayar alt\u0131ndan \u00fcretilmi\u015f alt\u0131gen bir tel \u00e7er\u00e7eve ile ba\u015fl\u0131yor. \u00c7i\u00e7ek yap\u0131s\u0131 bu alt\u0131genin merkezinde yer al\u0131r ve markiz benzeri yap\u0131larla \u00e7evrelenmi\u015ftir. Bu unsurlar, ger\u00e7ek elmaslara benzer bir cazibeye sahip ince kristal zirkon ta\u015flarla kaplanm\u0131\u015ft\u0131r ve bu klasi\u011fi kesinlikle sahip olunmas\u0131 gereken bir klasik haline getirmektedir.<\/p>\n<h2>Stil<\/h2>\n<p>G\u00fcnl\u00fck g\u00fcndelik k\u0131yafetlerinizle, seyahat k\u0131yafetlerinizle veya i\u015f k\u0131yafetlerinizle ve hatta geleneksel k\u0131yafetlerinizle birlikte stilize edin, \u00e7\u00fcnk\u00fc herhangi bir g\u00f6r\u00fcn\u00fcm\u00fcn\u00fcz\u00fc alma g\u00fcc\u00fcne sahiptir. Eve getirdi\u011finizde, bu k\u00fcpe g\u00fcnl\u00fck stilinizin bir par\u00e7as\u0131 olacak ve uzun s\u00fcre k\u00fcpe koleksiyonunuzda kalacak.<\/p>\n<p>&nbsp;<\/p>\n<p>&nbsp;<\/p>\n<p>k\u00fcpe ta\u015flar\u0131<\/p>","protected":false},"excerpt":{"rendered":"<ul>\n<li>Cz Ta\u015fl\u0131 22 Ayar Alt\u0131n Saplama K\u00fcpe<\/li>\n<li>A\u011f\u0131rl\u0131k 3,9 gms<\/li>\n<li>SKU.44651<\/li>\n<li>T\u00fcm fiyatlara KDV dahildir<\/li>\n<li>Londra Tahlil Ofisi Taraf\u0131ndan Damgalanm\u0131\u015f 22 Ayar Alt\u0131n<\/li>\n<li>Sunum Kutusu ile Birlikte Gelir<\/li>\n<li>Teslimat Dahil<\/li>\n<li>Stok durumu ve stokta bulunan benzer tasar\u0131mlar\u0131n daha fazla g\u00f6r\u00fcnt\u00fcs\u00fc i\u00e7in bizimle canl\u0131 sohbet edin<\/li>\n<\/ul>","protected":false},"featured_media":326494,"comment_status":"closed","ping_status":"closed","template":"","meta":{"_eb_attr":"","_crsspst_to_jayantr4sg-hostcom":true},"product_brand":[],"product_cat":[1791,1559,1254,1229,5344,1570,1577,1574],"product_tag":[1430,66],"class_list":{"0":"post-326492","1":"product","2":"type-product","3":"status-publish","4":"has-post-thumbnail","6":"product_cat-anniversary-gifts","7":"product_cat-birthday-gifts","8":"product_cat-gold-earrings","9":"product_cat-22ct-gold-jewellery","10":"product_cat-jewellery-under-750","11":"product_cat-mothers-day-gifts","12":"product_cat-stud-earrings","13":"product_cat-womens-jewellery","14":"product_tag-diwali-gift","15":"product_tag-earrings","17":"first","18":"outofstock","19":"taxable","20":"shipping-taxable","21":"product-type-simple","22":"add-to-wishlist-before_image"},"yoast_head":"<!-- This site is optimized with the Yoast SEO plugin v27.3 - https:\/\/yoast.com\/product\/yoast-seo-wordpress\/ -->\n<title>Floral Studs in 22ct | Order Now | Purejewels.com<\/title>\n<meta name=\"description\" content=\"22ct Gold Floral Studs | 22 Carat Gold Studs | Floral Shape Earrings Online | Shop Gold Jewellery Online in UK | Quick Delivery\" \/>\n<meta name=\"robots\" content=\"index, follow, max-snippet:-1, max-image-preview:large, max-video-preview:-1\" \/>\n<link rel=\"canonical\" href=\"https:\/\/www.purejewels.com\/tr\/urun\/22-ayar-altin-kupe-3-8gm\/\" \/>\n<meta property=\"og:locale\" content=\"tr_TR\" \/>\n<meta property=\"og:type\" content=\"article\" \/>\n<meta property=\"og:title\" content=\"Floral Studs in 22ct | Order Now | Purejewels.com\" \/>\n<meta property=\"og:description\" content=\"22ct Gold Floral Studs | 22 Carat Gold Studs | Floral Shape Earrings Online | Shop Gold Jewellery Online in UK | Quick Delivery\" \/>\n<meta property=\"og:url\" content=\"https:\/\/www.purejewels.com\/tr\/urun\/22-ayar-altin-kupe-3-8gm\/\" \/>\n<meta property=\"og:site_name\" content=\"PureJewels UK\" \/>\n<meta property=\"article:modified_time\" content=\"2025-02-10T13:25:17+00:00\" \/>\n<meta property=\"og:image\" content=\"https:\/\/www.purejewels.com\/wp-content\/uploads\/2021\/09\/34107-2.jpg\" \/>\n\t<meta property=\"og:image:width\" content=\"1000\" \/>\n\t<meta property=\"og:image:height\" content=\"1000\" \/>\n\t<meta property=\"og:image:type\" content=\"image\/jpeg\" \/>\n<meta name=\"twitter:card\" content=\"summary_large_image\" \/>\n<meta name=\"twitter:label1\" content=\"Tahmini okuma s\u00fcresi\" \/>\n\t<meta name=\"twitter:data1\" content=\"1 dakika\" \/>\n<script type=\"application\/ld+json\" class=\"yoast-schema-graph\">{\"@context\":\"https:\\\/\\\/schema.org\",\"@graph\":[{\"@type\":[\"WebPage\",\"ItemPage\"],\"@id\":\"https:\\\/\\\/www.purejewels.com\\\/product\\\/22ct-gold-earring-3-8gm\\\/\",\"url\":\"https:\\\/\\\/www.purejewels.com\\\/product\\\/22ct-gold-earring-3-8gm\\\/\",\"name\":\"Floral Studs in 22ct | Order Now | Purejewels.com\",\"isPartOf\":{\"@id\":\"https:\\\/\\\/www.purejewels.com\\\/#website\"},\"primaryImageOfPage\":{\"@id\":\"https:\\\/\\\/www.purejewels.com\\\/product\\\/22ct-gold-earring-3-8gm\\\/#primaryimage\"},\"image\":{\"@id\":\"https:\\\/\\\/www.purejewels.com\\\/product\\\/22ct-gold-earring-3-8gm\\\/#primaryimage\"},\"thumbnailUrl\":\"https:\\\/\\\/static.purejewels.com\\\/wp-content\\\/uploads\\\/2021\\\/09\\\/34107-2.jpg\",\"datePublished\":\"2021-09-01T10:16:45+00:00\",\"dateModified\":\"2025-02-10T13:25:17+00:00\",\"description\":\"22ct Gold Floral Studs | 22 Carat Gold Studs | Floral Shape Earrings Online | Shop Gold Jewellery Online in UK | Quick Delivery\",\"breadcrumb\":{\"@id\":\"https:\\\/\\\/www.purejewels.com\\\/product\\\/22ct-gold-earring-3-8gm\\\/#breadcrumb\"},\"inLanguage\":\"tr\",\"potentialAction\":[{\"@type\":\"ReadAction\",\"target\":[\"https:\\\/\\\/www.purejewels.com\\\/product\\\/22ct-gold-earring-3-8gm\\\/\"]}]},{\"@type\":\"ImageObject\",\"inLanguage\":\"tr\",\"@id\":\"https:\\\/\\\/www.purejewels.com\\\/product\\\/22ct-gold-earring-3-8gm\\\/#primaryimage\",\"url\":\"https:\\\/\\\/static.purejewels.com\\\/wp-content\\\/uploads\\\/2021\\\/09\\\/34107-2.jpg\",\"contentUrl\":\"https:\\\/\\\/static.purejewels.com\\\/wp-content\\\/uploads\\\/2021\\\/09\\\/34107-2.jpg\",\"width\":1000,\"height\":1000,\"caption\":\"22ct Gold Stud Earrings 34107-2\"},{\"@type\":\"BreadcrumbList\",\"@id\":\"https:\\\/\\\/www.purejewels.com\\\/product\\\/22ct-gold-earring-3-8gm\\\/#breadcrumb\",\"itemListElement\":[{\"@type\":\"ListItem\",\"position\":1,\"name\":\"Home\",\"item\":\"https:\\\/\\\/www.purejewels.com\\\/\"},{\"@type\":\"ListItem\",\"position\":2,\"name\":\"Shop\",\"item\":\"https:\\\/\\\/www.purejewels.com\\\/shop\\\/\"},{\"@type\":\"ListItem\",\"position\":3,\"name\":\"22 Carat Gold Earrings with CZ Stones\"}]},{\"@type\":\"WebSite\",\"@id\":\"https:\\\/\\\/www.purejewels.com\\\/#website\",\"url\":\"https:\\\/\\\/www.purejewels.com\\\/\",\"name\":\"PureJewels UK\",\"description\":\"Share the Love\",\"publisher\":{\"@id\":\"https:\\\/\\\/www.purejewels.com\\\/#organization\"},\"potentialAction\":[{\"@type\":\"SearchAction\",\"target\":{\"@type\":\"EntryPoint\",\"urlTemplate\":\"https:\\\/\\\/www.purejewels.com\\\/?s={search_term_string}\"},\"query-input\":{\"@type\":\"PropertyValueSpecification\",\"valueRequired\":true,\"valueName\":\"search_term_string\"}}],\"inLanguage\":\"tr\"},{\"@type\":\"Organization\",\"@id\":\"https:\\\/\\\/www.purejewels.com\\\/#organization\",\"name\":\"PureJewels UK\",\"url\":\"https:\\\/\\\/www.purejewels.com\\\/\",\"logo\":{\"@type\":\"ImageObject\",\"inLanguage\":\"tr\",\"@id\":\"https:\\\/\\\/www.purejewels.com\\\/#\\\/schema\\\/logo\\\/image\\\/\",\"url\":\"https:\\\/\\\/static.purejewels.com\\\/wp-content\\\/uploads\\\/2020\\\/11\\\/Logo-PJ-New-1.png\",\"contentUrl\":\"https:\\\/\\\/static.purejewels.com\\\/wp-content\\\/uploads\\\/2020\\\/11\\\/Logo-PJ-New-1.png\",\"width\":150,\"height\":80,\"caption\":\"PureJewels UK\"},\"image\":{\"@id\":\"https:\\\/\\\/www.purejewels.com\\\/#\\\/schema\\\/logo\\\/image\\\/\"}}]}<\/script>\n<!-- \/ Yoast SEO plugin. -->","yoast_head_json":{"title":"22ct \u00c7i\u00e7ekli \u00c7\u0131t\u00e7\u0131t | \u015eimdi Sipari\u015f Verin | Purejewels.com","description":"22 Ayar Alt\u0131n \u00c7i\u00e7ekli \u00c7\u0131t\u00e7\u0131t | 22 Ayar Alt\u0131n \u00c7\u0131t\u00e7\u0131t | \u00c7i\u00e7ek \u015eeklinde K\u00fcpe | \u0130ngiltere'de Alt\u0131n Tak\u0131 Online Al\u0131\u015fveri\u015f | H\u0131zl\u0131 Teslimat","robots":{"index":"index","follow":"follow","max-snippet":"max-snippet:-1","max-image-preview":"max-image-preview:large","max-video-preview":"max-video-preview:-1"},"canonical":"https:\/\/www.purejewels.com\/tr\/urun\/22-ayar-altin-kupe-3-8gm\/","og_locale":"tr_TR","og_type":"article","og_title":"Floral Studs in 22ct | Order Now | Purejewels.com","og_description":"22ct Gold Floral Studs | 22 Carat Gold Studs | Floral Shape Earrings Online | Shop Gold Jewellery Online in UK | Quick Delivery","og_url":"https:\/\/www.purejewels.com\/tr\/urun\/22-ayar-altin-kupe-3-8gm\/","og_site_name":"PureJewels UK","article_modified_time":"2025-02-10T13:25:17+00:00","og_image":[{"width":1000,"height":1000,"url":"https:\/\/www.purejewels.com\/wp-content\/uploads\/2021\/09\/34107-2.jpg","type":"image\/jpeg"}],"twitter_card":"summary_large_image","twitter_misc":{"Tahmini okuma s\u00fcresi":"1 dakika"},"schema":{"@context":"https:\/\/schema.org","@graph":[{"@type":["WebPage","ItemPage"],"@id":"https:\/\/www.purejewels.com\/product\/22ct-gold-earring-3-8gm\/","url":"https:\/\/www.purejewels.com\/product\/22ct-gold-earring-3-8gm\/","name":"22ct \u00c7i\u00e7ekli \u00c7\u0131t\u00e7\u0131t | \u015eimdi Sipari\u015f Verin | Purejewels.com","isPartOf":{"@id":"https:\/\/www.purejewels.com\/#website"},"primaryImageOfPage":{"@id":"https:\/\/www.purejewels.com\/product\/22ct-gold-earring-3-8gm\/#primaryimage"},"image":{"@id":"https:\/\/www.purejewels.com\/product\/22ct-gold-earring-3-8gm\/#primaryimage"},"thumbnailUrl":"https:\/\/static.purejewels.com\/wp-content\/uploads\/2021\/09\/34107-2.jpg","datePublished":"2021-09-01T10:16:45+00:00","dateModified":"2025-02-10T13:25:17+00:00","description":"22 Ayar Alt\u0131n \u00c7i\u00e7ekli \u00c7\u0131t\u00e7\u0131t | 22 Ayar Alt\u0131n \u00c7\u0131t\u00e7\u0131t | \u00c7i\u00e7ek \u015eeklinde K\u00fcpe | \u0130ngiltere'de Alt\u0131n Tak\u0131 Online Al\u0131\u015fveri\u015f | H\u0131zl\u0131 Teslimat","breadcrumb":{"@id":"https:\/\/www.purejewels.com\/product\/22ct-gold-earring-3-8gm\/#breadcrumb"},"inLanguage":"tr","potentialAction":[{"@type":"ReadAction","target":["https:\/\/www.purejewels.com\/product\/22ct-gold-earring-3-8gm\/"]}]},{"@type":"ImageObject","inLanguage":"tr","@id":"https:\/\/www.purejewels.com\/product\/22ct-gold-earring-3-8gm\/#primaryimage","url":"https:\/\/static.purejewels.com\/wp-content\/uploads\/2021\/09\/34107-2.jpg","contentUrl":"https:\/\/static.purejewels.com\/wp-content\/uploads\/2021\/09\/34107-2.jpg","width":1000,"height":1000,"caption":"22ct Gold Stud Earrings 34107-2"},{"@type":"BreadcrumbList","@id":"https:\/\/www.purejewels.com\/product\/22ct-gold-earring-3-8gm\/#breadcrumb","itemListElement":[{"@type":"ListItem","position":1,"name":"Home","item":"https:\/\/www.purejewels.com\/"},{"@type":"ListItem","position":2,"name":"Shop","item":"https:\/\/www.purejewels.com\/shop\/"},{"@type":"ListItem","position":3,"name":"22 Carat Gold Earrings with CZ Stones"}]},{"@type":"WebSite","@id":"https:\/\/www.purejewels.com\/#website","url":"https:\/\/www.purejewels.com\/","name":"PureJewels \u0130ngiltere","description":"Sevgiyi Payla\u015f\u0131n","publisher":{"@id":"https:\/\/www.purejewels.com\/#organization"},"potentialAction":[{"@type":"SearchAction","target":{"@type":"EntryPoint","urlTemplate":"https:\/\/www.purejewels.com\/?s={search_term_string}"},"query-input":{"@type":"PropertyValueSpecification","valueRequired":true,"valueName":"search_term_string"}}],"inLanguage":"tr"},{"@type":"Organization","@id":"https:\/\/www.purejewels.com\/#organization","name":"PureJewels \u0130ngiltere","url":"https:\/\/www.purejewels.com\/","logo":{"@type":"ImageObject","inLanguage":"tr","@id":"https:\/\/www.purejewels.com\/#\/schema\/logo\/image\/","url":"https:\/\/static.purejewels.com\/wp-content\/uploads\/2020\/11\/Logo-PJ-New-1.png","contentUrl":"https:\/\/static.purejewels.com\/wp-content\/uploads\/2020\/11\/Logo-PJ-New-1.png","width":150,"height":80,"caption":"PureJewels UK"},"image":{"@id":"https:\/\/www.purejewels.com\/#\/schema\/logo\/image\/"}}]}},"_links":{"self":[{"href":"https:\/\/www.purejewels.com\/tr\/wp-json\/wp\/v2\/product\/326492","targetHints":{"allow":["GET"]}}],"collection":[{"href":"https:\/\/www.purejewels.com\/tr\/wp-json\/wp\/v2\/product"}],"about":[{"href":"https:\/\/www.purejewels.com\/tr\/wp-json\/wp\/v2\/types\/product"}],"replies":[{"embeddable":true,"href":"https:\/\/www.purejewels.com\/tr\/wp-json\/wp\/v2\/comments?post=326492"}],"version-history":[{"count":1,"href":"https:\/\/www.purejewels.com\/tr\/wp-json\/wp\/v2\/product\/326492\/revisions"}],"predecessor-version":[{"id":387268,"href":"https:\/\/www.purejewels.com\/tr\/wp-json\/wp\/v2\/product\/326492\/revisions\/387268"}],"wp:featuredmedia":[{"embeddable":true,"href":"https:\/\/www.purejewels.com\/tr\/wp-json\/wp\/v2\/media\/326494"}],"wp:attachment":[{"href":"https:\/\/www.purejewels.com\/tr\/wp-json\/wp\/v2\/media?parent=326492"}],"wp:term":[{"taxonomy":"product_brand","embeddable":true,"href":"https:\/\/www.purejewels.com\/tr\/wp-json\/wp\/v2\/product_brand?post=326492"},{"taxonomy":"product_cat","embeddable":true,"href":"https:\/\/www.purejewels.com\/tr\/wp-json\/wp\/v2\/product_cat?post=326492"},{"taxonomy":"product_tag","embeddable":true,"href":"https:\/\/www.purejewels.com\/tr\/wp-json\/wp\/v2\/product_tag?post=326492"}],"curies":[{"name":"wp","href":"https:\/\/api.w.org\/{rel}","templated":true}]}}