{"id":326523,"date":"2021-09-02T07:24:51","date_gmt":"2021-09-02T06:24:51","guid":{"rendered":"https:\/\/www.purejewels.com\/product\/22ct-gold-scurb-chain-6-9-gm-18-5-inches\/"},"modified":"2025-08-05T10:38:56","modified_gmt":"2025-08-05T09:38:56","slug":"22-ayar-altin-bordur-zincir-49454","status":"publish","type":"product","link":"https:\/\/www.purejewels.com\/tr\/product\/22ct-gold-curb-chain-49454\/","title":{"rendered":"22 Ayar Alt\u0131n | Bord\u00fcr Zincir | 30 \u0130n\u00e7"},"content":{"rendered":"<p>Bu zamans\u0131z \u015f\u0131kl\u0131k ile cesur bir a\u00e7\u0131klama yap\u0131n <a href=\"https:\/\/www.purejewels.com\/tr\/product\/22ct-gold-jali-filigree-ring-jali-collection-31926\/\">22ct<\/a> Alt\u0131n Bord\u00fcr Zinciri. En iyi alt\u0131ndan ustal\u0131kla \u00fcretilen bu 30 in\u00e7lik zincir, sofistike ve g\u00fc\u00e7l\u00fc bir g\u00f6r\u00fcn\u00fcm sergiliyor. Dayan\u0131kl\u0131l\u0131\u011f\u0131 ve p\u00fcr\u00fczs\u00fcz y\u00fczeyiyle bilinen klasik bord\u00fcr baklal\u0131 tasar\u0131m, her k\u0131yafeti tamamlayan \u015f\u0131k ve g\u00f6steri\u015fli bir g\u00f6r\u00fcn\u00fcm sunar.<\/p>\n<p>Zenginli\u011fi ile <a href=\"https:\/\/www.purejewels.com\/tr\/product\/holy-cross-gold-pendant-44713\/\">22 ayar alt\u0131n<\/a> Kompozisyonu sayesinde l\u00fcks bir \u0131\u015f\u0131lt\u0131yla par\u0131ldayan bu zincir, zarif bir g\u00f6r\u00fcn\u00fcm i\u00e7in tek ba\u015f\u0131na tak\u0131labilen veya daha fazla ki\u015fiselle\u015ftirme i\u00e7in bir kolye ucuyla e\u015fle\u015ftirilebilen \u00e7ok y\u00f6nl\u00fc bir par\u00e7ad\u0131r. 30 in\u00e7lik uzunlu\u011fu, zincirin her boyun \u00e7izgisinin \u00fczerine g\u00fczelce oturmas\u0131n\u0131 sa\u011flayarak bir drama dokunu\u015fu katar. Hayattaki g\u00fczel \u015feylerin k\u0131ymetini bilenler i\u00e7in m\u00fckemmel olan bu Alt\u0131n Bord\u00fcr Zincir, her m\u00fccevher koleksiyonunun olmazsa olmaz\u0131d\u0131r.<\/p>","protected":false},"excerpt":{"rendered":"<table class=\"sh_desc\">\n<tbody>\n<tr>\n<td>Zincir Tipi<\/td>\n<td>Kald\u0131r\u0131m Zinciri<\/td>\n<\/tr>\n<tr>\n<td>SKU<\/td>\n<td>49454<\/td>\n<\/tr>\n<tr>\n<td>A\u011f\u0131rl\u0131k<\/td>\n<td>31.1 Gms<\/td>\n<\/tr>\n<tr>\n<td>Metal<\/td>\n<td>22 Ayar Alt\u0131n<\/td>\n<\/tr>\n<tr>\n<td>Uzunluk<\/td>\n<td>30 in\u00e7<\/td>\n<\/tr>\n<tr>\n<td>Hallmark<\/td>\n<td>Londra Tahlil Ofisi Taraf\u0131ndan Damgalanm\u0131\u015f 22 Ayar Alt\u0131n<\/td>\n<\/tr>\n<tr>\n<td>\u00dccretler<\/td>\n<td>Teslimat ve KDV Dahil<\/td>\n<\/tr>\n<tr>\n<td>Paketleme<\/td>\n<td>Sunum Kutusu ile Birlikte Gelir<\/td>\n<\/tr>\n<tr>\n<td>Daha Fazla Bilgi<\/td>\n<td>M\u00fcsaitlik durumu ve daha fazla resim i\u00e7in bizimle canl\u0131 sohbet edin<\/td>\n<\/tr>\n<\/tbody>\n<\/table>","protected":false},"featured_media":348298,"comment_status":"closed","ping_status":"closed","template":"","meta":{"_eb_attr":"","_crsspst_to_jayantr4sg-hostcom":false},"product_brand":[],"product_cat":[5015,5264,1791,1559,1475,1773,5597,1572,1574],"product_tag":[],"class_list":{"0":"post-326523","1":"product","2":"type-product","3":"status-publish","4":"has-post-thumbnail","6":"product_cat-20-inch-ladies-chain","7":"product_cat-22ct-gold-chain","8":"product_cat-anniversary-gifts","9":"product_cat-birthday-gifts","10":"product_cat-gold-chains","11":"product_cat-ladies-chains","12":"product_cat-link-chain","13":"product_cat-mens-jewellery","14":"product_cat-womens-jewellery","16":"first","17":"onbackorder","18":"taxable","19":"shipping-taxable","20":"product-type-simple","21":"add-to-wishlist-before_image"},"yoast_head":"<!-- This site is optimized with the Yoast SEO plugin v27.5 - https:\/\/yoast.com\/product\/yoast-seo-wordpress\/ -->\n<title>Shop the splendid 22ct Gold Crub Chain at PureJewels UK<\/title>\n<meta name=\"description\" content=\"Looking for unique chains? Buy stunning 22ct Gold Scurb Chain in 30 Inches in London. Free delivery &amp; easy returns on all orders.\" \/>\n<meta name=\"robots\" content=\"index, follow, max-snippet:-1, max-image-preview:large, max-video-preview:-1\" \/>\n<link rel=\"canonical\" href=\"https:\/\/www.purejewels.com\/tr\/urun\/22-ayar-altin-bordur-zincir-49454\/\" \/>\n<meta property=\"og:locale\" content=\"tr_TR\" \/>\n<meta property=\"og:type\" content=\"article\" \/>\n<meta property=\"og:title\" content=\"Shop the splendid 22ct Gold Crub Chain at PureJewels UK\" \/>\n<meta property=\"og:description\" content=\"Looking for unique chains? Buy stunning 22ct Gold Scurb Chain in 30 Inches in London. Free delivery &amp; easy returns on all orders.\" \/>\n<meta property=\"og:url\" content=\"https:\/\/www.purejewels.com\/tr\/urun\/22-ayar-altin-bordur-zincir-49454\/\" \/>\n<meta property=\"og:site_name\" content=\"PureJewels UK\" \/>\n<meta property=\"article:modified_time\" content=\"2025-08-05T09:38:56+00:00\" \/>\n<meta property=\"og:image\" content=\"https:\/\/www.purejewels.com\/wp-content\/uploads\/2021\/09\/44182.jpg\" \/>\n\t<meta property=\"og:image:width\" content=\"1\" \/>\n\t<meta property=\"og:image:height\" content=\"1\" \/>\n\t<meta property=\"og:image:type\" content=\"image\/jpeg\" \/>\n<meta name=\"twitter:card\" content=\"summary_large_image\" \/>\n<meta name=\"twitter:label1\" content=\"Tahmini okuma s\u00fcresi\" \/>\n\t<meta name=\"twitter:data1\" content=\"1 dakika\" \/>\n<script type=\"application\/ld+json\" class=\"yoast-schema-graph\">{\"@context\":\"https:\\\/\\\/schema.org\",\"@graph\":[{\"@type\":[\"WebPage\",\"ItemPage\"],\"@id\":\"https:\\\/\\\/www.purejewels.com\\\/product\\\/22ct-gold-curb-chain-49454\\\/\",\"url\":\"https:\\\/\\\/www.purejewels.com\\\/product\\\/22ct-gold-curb-chain-49454\\\/\",\"name\":\"Shop the splendid 22ct Gold Crub Chain at PureJewels UK\",\"isPartOf\":{\"@id\":\"https:\\\/\\\/www.purejewels.com\\\/#website\"},\"primaryImageOfPage\":{\"@id\":\"https:\\\/\\\/www.purejewels.com\\\/product\\\/22ct-gold-curb-chain-49454\\\/#primaryimage\"},\"image\":{\"@id\":\"https:\\\/\\\/www.purejewels.com\\\/product\\\/22ct-gold-curb-chain-49454\\\/#primaryimage\"},\"thumbnailUrl\":\"https:\\\/\\\/static.purejewels.com\\\/wp-content\\\/uploads\\\/2021\\\/09\\\/44182.jpg\",\"datePublished\":\"2021-09-02T06:24:51+00:00\",\"dateModified\":\"2025-08-05T09:38:56+00:00\",\"description\":\"Looking for unique chains? Buy stunning 22ct Gold Scurb Chain in 30 Inches in London. Free delivery & easy returns on all orders.\",\"breadcrumb\":{\"@id\":\"https:\\\/\\\/www.purejewels.com\\\/product\\\/22ct-gold-curb-chain-49454\\\/#breadcrumb\"},\"inLanguage\":\"tr\",\"potentialAction\":[{\"@type\":\"ReadAction\",\"target\":[\"https:\\\/\\\/www.purejewels.com\\\/product\\\/22ct-gold-curb-chain-49454\\\/\"]}]},{\"@type\":\"ImageObject\",\"inLanguage\":\"tr\",\"@id\":\"https:\\\/\\\/www.purejewels.com\\\/product\\\/22ct-gold-curb-chain-49454\\\/#primaryimage\",\"url\":\"https:\\\/\\\/static.purejewels.com\\\/wp-content\\\/uploads\\\/2021\\\/09\\\/44182.jpg\",\"contentUrl\":\"https:\\\/\\\/static.purejewels.com\\\/wp-content\\\/uploads\\\/2021\\\/09\\\/44182.jpg\",\"caption\":\"22ct Gold Curb Chain\"},{\"@type\":\"BreadcrumbList\",\"@id\":\"https:\\\/\\\/www.purejewels.com\\\/product\\\/22ct-gold-curb-chain-49454\\\/#breadcrumb\",\"itemListElement\":[{\"@type\":\"ListItem\",\"position\":1,\"name\":\"Home\",\"item\":\"https:\\\/\\\/www.purejewels.com\\\/\"},{\"@type\":\"ListItem\",\"position\":2,\"name\":\"Shop\",\"item\":\"https:\\\/\\\/www.purejewels.com\\\/shop\\\/\"},{\"@type\":\"ListItem\",\"position\":3,\"name\":\"22ct Gold | Curb Chain | 30 Inches\"}]},{\"@type\":\"WebSite\",\"@id\":\"https:\\\/\\\/www.purejewels.com\\\/#website\",\"url\":\"https:\\\/\\\/www.purejewels.com\\\/\",\"name\":\"PureJewels UK\",\"description\":\"Share the Love\",\"publisher\":{\"@id\":\"https:\\\/\\\/www.purejewels.com\\\/#organization\"},\"potentialAction\":[{\"@type\":\"SearchAction\",\"target\":{\"@type\":\"EntryPoint\",\"urlTemplate\":\"https:\\\/\\\/www.purejewels.com\\\/?s={search_term_string}\"},\"query-input\":{\"@type\":\"PropertyValueSpecification\",\"valueRequired\":true,\"valueName\":\"search_term_string\"}}],\"inLanguage\":\"tr\"},{\"@type\":\"Organization\",\"@id\":\"https:\\\/\\\/www.purejewels.com\\\/#organization\",\"name\":\"PureJewels UK\",\"url\":\"https:\\\/\\\/www.purejewels.com\\\/\",\"logo\":{\"@type\":\"ImageObject\",\"inLanguage\":\"tr\",\"@id\":\"https:\\\/\\\/www.purejewels.com\\\/#\\\/schema\\\/logo\\\/image\\\/\",\"url\":\"https:\\\/\\\/static.purejewels.com\\\/wp-content\\\/uploads\\\/2020\\\/11\\\/Logo-PJ-New-1.png\",\"contentUrl\":\"https:\\\/\\\/static.purejewels.com\\\/wp-content\\\/uploads\\\/2020\\\/11\\\/Logo-PJ-New-1.png\",\"width\":150,\"height\":80,\"caption\":\"PureJewels UK\"},\"image\":{\"@id\":\"https:\\\/\\\/www.purejewels.com\\\/#\\\/schema\\\/logo\\\/image\\\/\"}}]}<\/script>\n<!-- \/ Yoast SEO plugin. -->","yoast_head_json":{"title":"PureJewels UK'de muhte\u015fem 22 ayar Alt\u0131n Crub Zinciri sat\u0131n al\u0131n","description":"Benzersiz zincirler mi ar\u0131yorsunuz? Londra'da \u00e7arp\u0131c\u0131 22 Ayar Alt\u0131n Scurb Zinciri 30 \u0130n\u00e7 olarak sat\u0131n al\u0131n. T\u00fcm sipari\u015flerde \u00fccretsiz teslimat ve kolay iade.","robots":{"index":"index","follow":"follow","max-snippet":"max-snippet:-1","max-image-preview":"max-image-preview:large","max-video-preview":"max-video-preview:-1"},"canonical":"https:\/\/www.purejewels.com\/tr\/urun\/22-ayar-altin-bordur-zincir-49454\/","og_locale":"tr_TR","og_type":"article","og_title":"Shop the splendid 22ct Gold Crub Chain at PureJewels UK","og_description":"Looking for unique chains? Buy stunning 22ct Gold Scurb Chain in 30 Inches in London. Free delivery & easy returns on all orders.","og_url":"https:\/\/www.purejewels.com\/tr\/urun\/22-ayar-altin-bordur-zincir-49454\/","og_site_name":"PureJewels UK","article_modified_time":"2025-08-05T09:38:56+00:00","og_image":[{"url":"https:\/\/www.purejewels.com\/wp-content\/uploads\/2021\/09\/44182.jpg","width":1,"height":1,"type":"image\/jpeg"}],"twitter_card":"summary_large_image","twitter_misc":{"Tahmini okuma s\u00fcresi":"1 dakika"},"schema":{"@context":"https:\/\/schema.org","@graph":[{"@type":["WebPage","ItemPage"],"@id":"https:\/\/www.purejewels.com\/product\/22ct-gold-curb-chain-49454\/","url":"https:\/\/www.purejewels.com\/product\/22ct-gold-curb-chain-49454\/","name":"PureJewels UK'de muhte\u015fem 22 ayar Alt\u0131n Crub Zinciri sat\u0131n al\u0131n","isPartOf":{"@id":"https:\/\/www.purejewels.com\/#website"},"primaryImageOfPage":{"@id":"https:\/\/www.purejewels.com\/product\/22ct-gold-curb-chain-49454\/#primaryimage"},"image":{"@id":"https:\/\/www.purejewels.com\/product\/22ct-gold-curb-chain-49454\/#primaryimage"},"thumbnailUrl":"https:\/\/static.purejewels.com\/wp-content\/uploads\/2021\/09\/44182.jpg","datePublished":"2021-09-02T06:24:51+00:00","dateModified":"2025-08-05T09:38:56+00:00","description":"Benzersiz zincirler mi ar\u0131yorsunuz? Londra'da \u00e7arp\u0131c\u0131 22 Ayar Alt\u0131n Scurb Zinciri 30 \u0130n\u00e7 olarak sat\u0131n al\u0131n. T\u00fcm sipari\u015flerde \u00fccretsiz teslimat ve kolay iade.","breadcrumb":{"@id":"https:\/\/www.purejewels.com\/product\/22ct-gold-curb-chain-49454\/#breadcrumb"},"inLanguage":"tr","potentialAction":[{"@type":"ReadAction","target":["https:\/\/www.purejewels.com\/product\/22ct-gold-curb-chain-49454\/"]}]},{"@type":"ImageObject","inLanguage":"tr","@id":"https:\/\/www.purejewels.com\/product\/22ct-gold-curb-chain-49454\/#primaryimage","url":"https:\/\/static.purejewels.com\/wp-content\/uploads\/2021\/09\/44182.jpg","contentUrl":"https:\/\/static.purejewels.com\/wp-content\/uploads\/2021\/09\/44182.jpg","caption":"22ct Gold Curb Chain"},{"@type":"BreadcrumbList","@id":"https:\/\/www.purejewels.com\/product\/22ct-gold-curb-chain-49454\/#breadcrumb","itemListElement":[{"@type":"ListItem","position":1,"name":"Home","item":"https:\/\/www.purejewels.com\/"},{"@type":"ListItem","position":2,"name":"Shop","item":"https:\/\/www.purejewels.com\/shop\/"},{"@type":"ListItem","position":3,"name":"22ct Gold | Curb Chain | 30 Inches"}]},{"@type":"WebSite","@id":"https:\/\/www.purejewels.com\/#website","url":"https:\/\/www.purejewels.com\/","name":"PureJewels \u0130ngiltere","description":"Sevgiyi Payla\u015f\u0131n","publisher":{"@id":"https:\/\/www.purejewels.com\/#organization"},"potentialAction":[{"@type":"SearchAction","target":{"@type":"EntryPoint","urlTemplate":"https:\/\/www.purejewels.com\/?s={search_term_string}"},"query-input":{"@type":"PropertyValueSpecification","valueRequired":true,"valueName":"search_term_string"}}],"inLanguage":"tr"},{"@type":"Organization","@id":"https:\/\/www.purejewels.com\/#organization","name":"PureJewels \u0130ngiltere","url":"https:\/\/www.purejewels.com\/","logo":{"@type":"ImageObject","inLanguage":"tr","@id":"https:\/\/www.purejewels.com\/#\/schema\/logo\/image\/","url":"https:\/\/static.purejewels.com\/wp-content\/uploads\/2020\/11\/Logo-PJ-New-1.png","contentUrl":"https:\/\/static.purejewels.com\/wp-content\/uploads\/2020\/11\/Logo-PJ-New-1.png","width":150,"height":80,"caption":"PureJewels UK"},"image":{"@id":"https:\/\/www.purejewels.com\/#\/schema\/logo\/image\/"}}]}},"_links":{"self":[{"href":"https:\/\/www.purejewels.com\/tr\/wp-json\/wp\/v2\/product\/326523","targetHints":{"allow":["GET"]}}],"collection":[{"href":"https:\/\/www.purejewels.com\/tr\/wp-json\/wp\/v2\/product"}],"about":[{"href":"https:\/\/www.purejewels.com\/tr\/wp-json\/wp\/v2\/types\/product"}],"replies":[{"embeddable":true,"href":"https:\/\/www.purejewels.com\/tr\/wp-json\/wp\/v2\/comments?post=326523"}],"version-history":[{"count":2,"href":"https:\/\/www.purejewels.com\/tr\/wp-json\/wp\/v2\/product\/326523\/revisions"}],"predecessor-version":[{"id":371039,"href":"https:\/\/www.purejewels.com\/tr\/wp-json\/wp\/v2\/product\/326523\/revisions\/371039"}],"wp:featuredmedia":[{"embeddable":true,"href":"https:\/\/www.purejewels.com\/tr\/wp-json\/wp\/v2\/media\/348298"}],"wp:attachment":[{"href":"https:\/\/www.purejewels.com\/tr\/wp-json\/wp\/v2\/media?parent=326523"}],"wp:term":[{"taxonomy":"product_brand","embeddable":true,"href":"https:\/\/www.purejewels.com\/tr\/wp-json\/wp\/v2\/product_brand?post=326523"},{"taxonomy":"product_cat","embeddable":true,"href":"https:\/\/www.purejewels.com\/tr\/wp-json\/wp\/v2\/product_cat?post=326523"},{"taxonomy":"product_tag","embeddable":true,"href":"https:\/\/www.purejewels.com\/tr\/wp-json\/wp\/v2\/product_tag?post=326523"}],"curies":[{"name":"wp","href":"https:\/\/api.w.org\/{rel}","templated":true}]}}