{"id":326554,"date":"2021-09-03T05:37:59","date_gmt":"2021-09-03T04:37:59","guid":{"rendered":"https:\/\/www.purejewels.com\/product\/22ct-gold-earring-3-8gm-3\/"},"modified":"2026-02-02T08:11:14","modified_gmt":"2026-02-02T08:11:14","slug":"22-ayar-cz-tasli-altin-kupe-34635","status":"publish","type":"product","link":"https:\/\/www.purejewels.com\/tr\/product\/22-karat-gold-earring-with-cz-stones-34635\/","title":{"rendered":"CZ Aksanl\u0131 22 Ayar Alt\u0131n Kalp Motifli Halka K\u00fcpe"},"content":{"rendered":"<p>Tasar\u0131m<\/p>\n<p>Bu zarif halka k\u00fcpeler, kasna\u011f\u0131n k\u0131vr\u0131m\u0131 boyunca sorunsuzca akan yumu\u015fak bir \u015fekilde yontulmu\u015f kalp motifleriyle \u015fekillendirilmi\u015ftir. Zarif bir \u015fekilde yerle\u015ftirilmi\u015f k\u00fcbik zirkonya \u00e7izgisi, 22 ayar alt\u0131n\u0131n s\u0131cak \u0131\u015f\u0131lt\u0131s\u0131na kontrast olu\u015fturarak hafif bir \u0131\u015f\u0131lt\u0131 katar. Tasar\u0131m, klasik bir sembol\u00fcn modern bir yorumunu sunarak romantik ama temiz bir his veriyor.<\/p>\n<p>Zanaatkarl\u0131k<\/p>\n<p>Som 22 ayar alt\u0131ndan el i\u015f\u00e7ili\u011fiyle \u00fcretilen her bir halka p\u00fcr\u00fczs\u00fcz, rahat bir profile ve g\u00fcvenli bir ba\u011flant\u0131ya sahiptir. Kalp detaylar\u0131 \u00f6zenle yontulurken, CZ ta\u015flar alt\u0131n\u0131 bast\u0131rmadan parlakl\u0131\u011f\u0131 art\u0131rmak i\u00e7in hassas bir \u015fekilde ayarlanm\u0131\u015ft\u0131r. Her bir \u00e7ift, \u00f6zg\u00fcnl\u00fck ve kaliteyi garanti eden safl\u0131k sertifikas\u0131 i\u00e7in \u0130ngiltere'de damgalanm\u0131\u015ft\u0131r.<\/p>\n<p>\u015eekillendirme &amp; Hediyele\u015fme<\/p>\n<p>G\u00fcnl\u00fck kullan\u0131m veya zarif gece stilleri i\u00e7in ideal olan bu halkalar, minimal alt\u0131n k\u00fcpeler veya ince zincirli bir kolye ile g\u00fczel bir uyum sa\u011flar. Do\u011fum g\u00fcnleri, y\u0131l d\u00f6n\u00fcmleri veya anlaml\u0131 anlar i\u00e7in d\u00fc\u015f\u00fcnceli bir hediye olan bu \u00e7emberler, ince i\u015f\u00e7ilikle sevginin zarif bir ifadesini sunar.<\/p>","protected":false},"excerpt":{"rendered":"<p>Zarif 22 ayar alt\u0131n halka k\u00fcpeler, ince CZ aksanlarla vurgulanan yontulmu\u015f kalp motiflerine sahiptir.<\/p>\n<ul>\n<li>22 Ayar Alt\u0131n K\u00fcpe<\/li>\n<li>A\u011f\u0131rl\u0131k 3,8 gms<\/li>\n<li>SKU. 34635<\/li>\n<li>T\u00fcm fiyatlara KDV dahildir<\/li>\n<li>T\u00fcm \u00dcr\u00fcnlerimiz Londra Tahlil Ofisi Taraf\u0131ndan Damgalanm\u0131\u015ft\u0131r<\/li>\n<li>Sunum Kutusu ile Birlikte Gelir<\/li>\n<li>Teslimat Dahil<\/li>\n<li>Benzer tasar\u0131mlar\u0131 ke\u015ffetmek i\u00e7in bizimle whatsapp \u00fczerinden ileti\u015fime ge\u00e7in veya Londra'daki Upton park m\u00fccevher ma\u011fazam\u0131z\u0131 ziyaret edin<\/li>\n<\/ul>","protected":false},"featured_media":326639,"comment_status":"closed","ping_status":"closed","template":"","meta":{"_eb_attr":"","_crsspst_to_jayantr4sg-hostcom":false},"product_brand":[],"product_cat":[1791,1559,1793,1792,1254,1229,1579,1570,1573,1574],"product_tag":[],"class_list":{"0":"post-326554","1":"product","2":"type-product","3":"status-publish","4":"has-post-thumbnail","6":"product_cat-anniversary-gifts","7":"product_cat-birthday-gifts","8":"product_cat-diwali-gifts","9":"product_cat-festival-gifts","10":"product_cat-gold-earrings","11":"product_cat-22ct-gold-jewellery","12":"product_cat-hoop-earrings","13":"product_cat-mothers-day-gifts","14":"product_cat-wedding-gifts","15":"product_cat-womens-jewellery","17":"first","18":"outofstock","19":"taxable","20":"shipping-taxable","21":"product-type-simple","22":"add-to-wishlist-before_image"},"yoast_head":"<!-- This site is optimized with the Yoast SEO plugin v27.3 - https:\/\/yoast.com\/product\/yoast-seo-wordpress\/ -->\n<title>22ct Gold Heart Hoop Earrings with CZ | PureJewels UK<\/title>\n<meta name=\"description\" content=\"Shop 22ct Gold Heart Hoop Earrings from PureJewels. Featuring sculpted heart motifs with CZ accents, UK hallmarked.\" \/>\n<meta name=\"robots\" content=\"index, follow, max-snippet:-1, max-image-preview:large, max-video-preview:-1\" \/>\n<link rel=\"canonical\" href=\"https:\/\/www.purejewels.com\/tr\/urun\/22-ayar-cz-tasli-altin-kupe-34635\/\" \/>\n<meta property=\"og:locale\" content=\"tr_TR\" \/>\n<meta property=\"og:type\" content=\"article\" \/>\n<meta property=\"og:title\" content=\"22ct Gold Heart Hoop Earrings with CZ | PureJewels UK\" \/>\n<meta property=\"og:description\" content=\"Shop 22ct Gold Heart Hoop Earrings from PureJewels. Featuring sculpted heart motifs with CZ accents, UK hallmarked.\" \/>\n<meta property=\"og:url\" content=\"https:\/\/www.purejewels.com\/tr\/urun\/22-ayar-cz-tasli-altin-kupe-34635\/\" \/>\n<meta property=\"og:site_name\" content=\"PureJewels UK\" \/>\n<meta property=\"article:modified_time\" content=\"2026-02-02T08:11:14+00:00\" \/>\n<meta property=\"og:image\" content=\"https:\/\/static.purejewels.com\/wp-content\/uploads\/2021\/09\/34635-1.jpg\" \/>\n\t<meta property=\"og:image:width\" content=\"1000\" \/>\n\t<meta property=\"og:image:height\" content=\"1000\" \/>\n\t<meta property=\"og:image:type\" content=\"image\/jpeg\" \/>\n<meta name=\"twitter:card\" content=\"summary_large_image\" \/>\n<meta name=\"twitter:label1\" content=\"Tahmini okuma s\u00fcresi\" \/>\n\t<meta name=\"twitter:data1\" content=\"1 dakika\" \/>\n<script type=\"application\/ld+json\" class=\"yoast-schema-graph\">{\"@context\":\"https:\\\/\\\/schema.org\",\"@graph\":[{\"@type\":[\"WebPage\",\"ItemPage\"],\"@id\":\"https:\\\/\\\/www.purejewels.com\\\/product\\\/22-karat-gold-earring-with-cz-stones-34635\\\/\",\"url\":\"https:\\\/\\\/www.purejewels.com\\\/product\\\/22-karat-gold-earring-with-cz-stones-34635\\\/\",\"name\":\"22ct Gold Heart Hoop Earrings with CZ | PureJewels UK\",\"isPartOf\":{\"@id\":\"https:\\\/\\\/www.purejewels.com\\\/#website\"},\"primaryImageOfPage\":{\"@id\":\"https:\\\/\\\/www.purejewels.com\\\/product\\\/22-karat-gold-earring-with-cz-stones-34635\\\/#primaryimage\"},\"image\":{\"@id\":\"https:\\\/\\\/www.purejewels.com\\\/product\\\/22-karat-gold-earring-with-cz-stones-34635\\\/#primaryimage\"},\"thumbnailUrl\":\"https:\\\/\\\/static.purejewels.com\\\/wp-content\\\/uploads\\\/2021\\\/09\\\/34635-1.jpg\",\"datePublished\":\"2021-09-03T04:37:59+00:00\",\"dateModified\":\"2026-02-02T08:11:14+00:00\",\"description\":\"Shop 22ct Gold Heart Hoop Earrings from PureJewels. Featuring sculpted heart motifs with CZ accents, UK hallmarked.\",\"breadcrumb\":{\"@id\":\"https:\\\/\\\/www.purejewels.com\\\/product\\\/22-karat-gold-earring-with-cz-stones-34635\\\/#breadcrumb\"},\"inLanguage\":\"tr\",\"potentialAction\":[{\"@type\":\"ReadAction\",\"target\":[\"https:\\\/\\\/www.purejewels.com\\\/product\\\/22-karat-gold-earring-with-cz-stones-34635\\\/\"]}]},{\"@type\":\"ImageObject\",\"inLanguage\":\"tr\",\"@id\":\"https:\\\/\\\/www.purejewels.com\\\/product\\\/22-karat-gold-earring-with-cz-stones-34635\\\/#primaryimage\",\"url\":\"https:\\\/\\\/static.purejewels.com\\\/wp-content\\\/uploads\\\/2021\\\/09\\\/34635-1.jpg\",\"contentUrl\":\"https:\\\/\\\/static.purejewels.com\\\/wp-content\\\/uploads\\\/2021\\\/09\\\/34635-1.jpg\",\"width\":1000,\"height\":1000,\"caption\":\"22 Karat Gold Earring with CZ Stones - 34635\"},{\"@type\":\"BreadcrumbList\",\"@id\":\"https:\\\/\\\/www.purejewels.com\\\/product\\\/22-karat-gold-earring-with-cz-stones-34635\\\/#breadcrumb\",\"itemListElement\":[{\"@type\":\"ListItem\",\"position\":1,\"name\":\"Home\",\"item\":\"https:\\\/\\\/www.purejewels.com\\\/\"},{\"@type\":\"ListItem\",\"position\":2,\"name\":\"Shop\",\"item\":\"https:\\\/\\\/www.purejewels.com\\\/shop\\\/\"},{\"@type\":\"ListItem\",\"position\":3,\"name\":\"22ct Gold Heart Motif Hoop Earrings with CZ Accents\"}]},{\"@type\":\"WebSite\",\"@id\":\"https:\\\/\\\/www.purejewels.com\\\/#website\",\"url\":\"https:\\\/\\\/www.purejewels.com\\\/\",\"name\":\"PureJewels UK\",\"description\":\"Share the Love\",\"publisher\":{\"@id\":\"https:\\\/\\\/www.purejewels.com\\\/#organization\"},\"potentialAction\":[{\"@type\":\"SearchAction\",\"target\":{\"@type\":\"EntryPoint\",\"urlTemplate\":\"https:\\\/\\\/www.purejewels.com\\\/?s={search_term_string}\"},\"query-input\":{\"@type\":\"PropertyValueSpecification\",\"valueRequired\":true,\"valueName\":\"search_term_string\"}}],\"inLanguage\":\"tr\"},{\"@type\":\"Organization\",\"@id\":\"https:\\\/\\\/www.purejewels.com\\\/#organization\",\"name\":\"PureJewels UK\",\"url\":\"https:\\\/\\\/www.purejewels.com\\\/\",\"logo\":{\"@type\":\"ImageObject\",\"inLanguage\":\"tr\",\"@id\":\"https:\\\/\\\/www.purejewels.com\\\/#\\\/schema\\\/logo\\\/image\\\/\",\"url\":\"https:\\\/\\\/static.purejewels.com\\\/wp-content\\\/uploads\\\/2020\\\/11\\\/Logo-PJ-New-1.png\",\"contentUrl\":\"https:\\\/\\\/static.purejewels.com\\\/wp-content\\\/uploads\\\/2020\\\/11\\\/Logo-PJ-New-1.png\",\"width\":150,\"height\":80,\"caption\":\"PureJewels UK\"},\"image\":{\"@id\":\"https:\\\/\\\/www.purejewels.com\\\/#\\\/schema\\\/logo\\\/image\\\/\"}}]}<\/script>\n<!-- \/ Yoast SEO plugin. -->","yoast_head_json":{"title":"CZ'li 22 Ayar Alt\u0131n Kalp Halka K\u00fcpe | PureJewels UK","description":"PureJewels'ten 22 Ayar Alt\u0131n Kalp Halka K\u00fcpe sat\u0131n al\u0131n. CZ aksanl\u0131 yontulmu\u015f kalp motiflerine sahip, \u0130ngiltere damgal\u0131.","robots":{"index":"index","follow":"follow","max-snippet":"max-snippet:-1","max-image-preview":"max-image-preview:large","max-video-preview":"max-video-preview:-1"},"canonical":"https:\/\/www.purejewels.com\/tr\/urun\/22-ayar-cz-tasli-altin-kupe-34635\/","og_locale":"tr_TR","og_type":"article","og_title":"22ct Gold Heart Hoop Earrings with CZ | PureJewels UK","og_description":"Shop 22ct Gold Heart Hoop Earrings from PureJewels. Featuring sculpted heart motifs with CZ accents, UK hallmarked.","og_url":"https:\/\/www.purejewels.com\/tr\/urun\/22-ayar-cz-tasli-altin-kupe-34635\/","og_site_name":"PureJewels UK","article_modified_time":"2026-02-02T08:11:14+00:00","og_image":[{"width":1000,"height":1000,"url":"https:\/\/static.purejewels.com\/wp-content\/uploads\/2021\/09\/34635-1.jpg","type":"image\/jpeg"}],"twitter_card":"summary_large_image","twitter_misc":{"Tahmini okuma s\u00fcresi":"1 dakika"},"schema":{"@context":"https:\/\/schema.org","@graph":[{"@type":["WebPage","ItemPage"],"@id":"https:\/\/www.purejewels.com\/product\/22-karat-gold-earring-with-cz-stones-34635\/","url":"https:\/\/www.purejewels.com\/product\/22-karat-gold-earring-with-cz-stones-34635\/","name":"CZ'li 22 Ayar Alt\u0131n Kalp Halka K\u00fcpe | PureJewels UK","isPartOf":{"@id":"https:\/\/www.purejewels.com\/#website"},"primaryImageOfPage":{"@id":"https:\/\/www.purejewels.com\/product\/22-karat-gold-earring-with-cz-stones-34635\/#primaryimage"},"image":{"@id":"https:\/\/www.purejewels.com\/product\/22-karat-gold-earring-with-cz-stones-34635\/#primaryimage"},"thumbnailUrl":"https:\/\/static.purejewels.com\/wp-content\/uploads\/2021\/09\/34635-1.jpg","datePublished":"2021-09-03T04:37:59+00:00","dateModified":"2026-02-02T08:11:14+00:00","description":"PureJewels'ten 22 Ayar Alt\u0131n Kalp Halka K\u00fcpe sat\u0131n al\u0131n. CZ aksanl\u0131 yontulmu\u015f kalp motiflerine sahip, \u0130ngiltere damgal\u0131.","breadcrumb":{"@id":"https:\/\/www.purejewels.com\/product\/22-karat-gold-earring-with-cz-stones-34635\/#breadcrumb"},"inLanguage":"tr","potentialAction":[{"@type":"ReadAction","target":["https:\/\/www.purejewels.com\/product\/22-karat-gold-earring-with-cz-stones-34635\/"]}]},{"@type":"ImageObject","inLanguage":"tr","@id":"https:\/\/www.purejewels.com\/product\/22-karat-gold-earring-with-cz-stones-34635\/#primaryimage","url":"https:\/\/static.purejewels.com\/wp-content\/uploads\/2021\/09\/34635-1.jpg","contentUrl":"https:\/\/static.purejewels.com\/wp-content\/uploads\/2021\/09\/34635-1.jpg","width":1000,"height":1000,"caption":"22 Karat Gold Earring with CZ Stones - 34635"},{"@type":"BreadcrumbList","@id":"https:\/\/www.purejewels.com\/product\/22-karat-gold-earring-with-cz-stones-34635\/#breadcrumb","itemListElement":[{"@type":"ListItem","position":1,"name":"Home","item":"https:\/\/www.purejewels.com\/"},{"@type":"ListItem","position":2,"name":"Shop","item":"https:\/\/www.purejewels.com\/shop\/"},{"@type":"ListItem","position":3,"name":"22ct Gold Heart Motif Hoop Earrings with CZ Accents"}]},{"@type":"WebSite","@id":"https:\/\/www.purejewels.com\/#website","url":"https:\/\/www.purejewels.com\/","name":"PureJewels \u0130ngiltere","description":"Sevgiyi Payla\u015f\u0131n","publisher":{"@id":"https:\/\/www.purejewels.com\/#organization"},"potentialAction":[{"@type":"SearchAction","target":{"@type":"EntryPoint","urlTemplate":"https:\/\/www.purejewels.com\/?s={search_term_string}"},"query-input":{"@type":"PropertyValueSpecification","valueRequired":true,"valueName":"search_term_string"}}],"inLanguage":"tr"},{"@type":"Organization","@id":"https:\/\/www.purejewels.com\/#organization","name":"PureJewels \u0130ngiltere","url":"https:\/\/www.purejewels.com\/","logo":{"@type":"ImageObject","inLanguage":"tr","@id":"https:\/\/www.purejewels.com\/#\/schema\/logo\/image\/","url":"https:\/\/static.purejewels.com\/wp-content\/uploads\/2020\/11\/Logo-PJ-New-1.png","contentUrl":"https:\/\/static.purejewels.com\/wp-content\/uploads\/2020\/11\/Logo-PJ-New-1.png","width":150,"height":80,"caption":"PureJewels UK"},"image":{"@id":"https:\/\/www.purejewels.com\/#\/schema\/logo\/image\/"}}]}},"_links":{"self":[{"href":"https:\/\/www.purejewels.com\/tr\/wp-json\/wp\/v2\/product\/326554","targetHints":{"allow":["GET"]}}],"collection":[{"href":"https:\/\/www.purejewels.com\/tr\/wp-json\/wp\/v2\/product"}],"about":[{"href":"https:\/\/www.purejewels.com\/tr\/wp-json\/wp\/v2\/types\/product"}],"replies":[{"embeddable":true,"href":"https:\/\/www.purejewels.com\/tr\/wp-json\/wp\/v2\/comments?post=326554"}],"version-history":[{"count":2,"href":"https:\/\/www.purejewels.com\/tr\/wp-json\/wp\/v2\/product\/326554\/revisions"}],"predecessor-version":[{"id":425503,"href":"https:\/\/www.purejewels.com\/tr\/wp-json\/wp\/v2\/product\/326554\/revisions\/425503"}],"wp:featuredmedia":[{"embeddable":true,"href":"https:\/\/www.purejewels.com\/tr\/wp-json\/wp\/v2\/media\/326639"}],"wp:attachment":[{"href":"https:\/\/www.purejewels.com\/tr\/wp-json\/wp\/v2\/media?parent=326554"}],"wp:term":[{"taxonomy":"product_brand","embeddable":true,"href":"https:\/\/www.purejewels.com\/tr\/wp-json\/wp\/v2\/product_brand?post=326554"},{"taxonomy":"product_cat","embeddable":true,"href":"https:\/\/www.purejewels.com\/tr\/wp-json\/wp\/v2\/product_cat?post=326554"},{"taxonomy":"product_tag","embeddable":true,"href":"https:\/\/www.purejewels.com\/tr\/wp-json\/wp\/v2\/product_tag?post=326554"}],"curies":[{"name":"wp","href":"https:\/\/api.w.org\/{rel}","templated":true}]}}