{"id":326556,"date":"2021-09-03T05:44:23","date_gmt":"2021-09-03T04:44:23","guid":{"rendered":"https:\/\/www.purejewels.com\/product\/22ct-gold-earring-3-8gm-4\/"},"modified":"2026-03-09T07:45:07","modified_gmt":"2026-03-09T07:45:07","slug":"22-ayar-altin-kupe-34636","status":"publish","type":"product","link":"https:\/\/www.purejewels.com\/tr\/product\/22kt-gold-earring-34636\/","title":{"rendered":"22 Ayar Alt\u0131n K\u00fcpe"},"content":{"rendered":"<p><strong>Tasar\u0131m Konsepti<\/strong><\/p>\n<p>Bu 22 ayar alt\u0131n k\u00fcpeler, ba\u011flant\u0131 ve s\u00fcreklili\u011fi simgeleyen i\u00e7 i\u00e7e ge\u00e7mi\u015f ak\u0131c\u0131 bir motife sahiptir. Ak\u0131c\u0131 alt\u0131n formu, alt\u0131n\u0131n s\u0131cak \u0131\u015f\u0131lt\u0131s\u0131na kar\u015f\u0131 yumu\u015fak bir \u0131\u015f\u0131lt\u0131 yaratan narin ta\u015f setli unsurlarla zenginle\u015ftirilmi\u015ftir. Dengeli kavisli siluet, k\u00fcpelere \u00e7a\u011fda\u015f ama zarif bir g\u00f6r\u00fcn\u00fcm kazand\u0131r\u0131rken g\u00fcnl\u00fck kullan\u0131m i\u00e7in uygun kompakt bir tasar\u0131m sa\u011flar.<\/p>\n<p><strong>Zanaatkarl\u0131k<\/strong><\/p>\n<p>22 ayar alt\u0131ndan ustal\u0131kla \u00fcretilen bu k\u00fcpeler, parlakl\u0131klar\u0131n\u0131 art\u0131rmak i\u00e7in hassas sonland\u0131rma ve \u00f6zenli ta\u015f dizimi sergiliyor. Parlat\u0131lm\u0131\u015f alt\u0131n y\u00fczeyler y\u00fcksek safl\u0131ktaki alt\u0131n\u0131n zenginli\u011fini vurgularken, ta\u015flar \u0131\u015f\u0131\u011f\u0131 g\u00fczel bir \u015fekilde yakalamak i\u00e7in g\u00fcvenli bir \u015fekilde yerle\u015ftirilmi\u015ftir. Her bir detay ince m\u00fccevher i\u015f\u00e7ili\u011fini yans\u0131t\u0131rken dayan\u0131kl\u0131l\u0131k, rahatl\u0131k ve g\u00fcnl\u00fck kullan\u0131m i\u00e7in uygun rafine bir g\u00f6r\u00fcn\u00fcm sa\u011flar.<\/p>\n<p><strong>Stil Fikirleri<\/strong><\/p>\n<p>Bu zarif 22 ayar alt\u0131n k\u00fcpeler \u00e7ok y\u00f6nl\u00fc stil i\u00e7in tasarlanm\u0131\u015ft\u0131r. Zarif ve minimalist bir g\u00f6r\u00fcn\u00fcm i\u00e7in g\u00fcnl\u00fck alt\u0131n k\u00fcpe olarak tak\u0131n veya uyumlu bir tak\u0131 stili olu\u015fturmak i\u00e7in katmanl\u0131 alt\u0131n zincirler ve bileziklerle e\u015fle\u015ftirin. Zarif \u0131\u015f\u0131lt\u0131s\u0131 ve modern tasar\u0131m\u0131yla hem g\u00fcndelik k\u0131yafetler hem de \u00f6zel g\u00fcnler i\u00e7in idealdir.<\/p>","protected":false},"excerpt":{"rendered":"<p>Ak\u0131c\u0131 alt\u0131n k\u0131vr\u0131mlar ve \u0131\u015f\u0131lt\u0131l\u0131 ta\u015f vurgularla tasarlanm\u0131\u015f zarif 22 ayar alt\u0131n k\u00fcpeler. Modern zarafeti zamans\u0131z alt\u0131n tak\u0131larla harmanlayan zarif bir \u00e7ift g\u00fcnl\u00fck k\u00fcpe.<\/p>\n<ul>\n<li><strong>Malzeme:<\/strong>\u00a022 Ayar Alt\u0131n (91,6% Saf Alt\u0131n)<\/li>\n<li><strong>Hallmark:\u00a0<\/strong>\u0130ngiliz Damgas\u0131<\/li>\n<li><strong>Br\u00fct A\u011f\u0131rl\u0131k:\u00a0<\/strong>3.8 Gms<\/li>\n<li><strong>SKU: <\/strong>34636<\/li>\n<\/ul>\n<p><strong><br \/>\nFiyat ve Teslimat:\u00a0<\/strong>KDV ve teslimat \u00fccretleri dahil<\/p>\n<p><strong><a href=\"https:\/\/www.purejewels.com\/tr\/i%cc%87ade-poli%cc%87ti%cc%87kasi\/\">\u0130ade Politikas\u0131<\/a><\/strong><\/p>\n<p>&nbsp;<\/p>","protected":false},"featured_media":326641,"comment_status":"closed","ping_status":"closed","template":"","meta":{"_eb_attr":"","_crsspst_to_jayantr4sg-hostcom":false},"product_brand":[],"product_cat":[1791,1559,1793,1792,1790,1254,1229,1579],"product_tag":[],"class_list":{"0":"post-326556","1":"product","2":"type-product","3":"status-publish","4":"has-post-thumbnail","6":"product_cat-anniversary-gifts","7":"product_cat-birthday-gifts","8":"product_cat-diwali-gifts","9":"product_cat-festival-gifts","10":"product_cat-for-whom-when","11":"product_cat-gold-earrings","12":"product_cat-22ct-gold-jewellery","13":"product_cat-hoop-earrings","15":"first","16":"outofstock","17":"taxable","18":"shipping-taxable","19":"product-type-simple","20":"add-to-wishlist-before_image"},"yoast_head":"<!-- This site is optimized with the Yoast SEO plugin v27.3 - https:\/\/yoast.com\/product\/yoast-seo-wordpress\/ -->\n<title>22ct Gold CZ Hoop Earrings | Elegant Daily Wear Gold Earrings<\/title>\n<meta name=\"description\" content=\"Shop elegant 22ct gold earrings with sparkling CZ stones. These lightweight hoop earrings are designed for daily wear combining modern style with timeless gold jewellery.\" \/>\n<meta name=\"robots\" content=\"index, follow, max-snippet:-1, max-image-preview:large, max-video-preview:-1\" \/>\n<link rel=\"canonical\" href=\"https:\/\/www.purejewels.com\/tr\/urun\/22-ayar-altin-kupe-34636\/\" \/>\n<meta property=\"og:locale\" content=\"tr_TR\" \/>\n<meta property=\"og:type\" content=\"article\" \/>\n<meta property=\"og:title\" content=\"22ct Gold CZ Hoop Earrings | Elegant Daily Wear Gold Earrings\" \/>\n<meta property=\"og:description\" content=\"Shop elegant 22ct gold earrings with sparkling CZ stones. These lightweight hoop earrings are designed for daily wear combining modern style with timeless gold jewellery.\" \/>\n<meta property=\"og:url\" content=\"https:\/\/www.purejewels.com\/tr\/urun\/22-ayar-altin-kupe-34636\/\" \/>\n<meta property=\"og:site_name\" content=\"PureJewels UK\" \/>\n<meta property=\"article:modified_time\" content=\"2026-03-09T07:45:07+00:00\" \/>\n<meta property=\"og:image\" content=\"https:\/\/static.purejewels.com\/wp-content\/uploads\/2021\/09\/34636-1.jpg\" \/>\n\t<meta property=\"og:image:width\" content=\"1000\" \/>\n\t<meta property=\"og:image:height\" content=\"1000\" \/>\n\t<meta property=\"og:image:type\" content=\"image\/jpeg\" \/>\n<meta name=\"twitter:card\" content=\"summary_large_image\" \/>\n<meta name=\"twitter:label1\" content=\"Tahmini okuma s\u00fcresi\" \/>\n\t<meta name=\"twitter:data1\" content=\"1 dakika\" \/>\n<script type=\"application\/ld+json\" class=\"yoast-schema-graph\">{\"@context\":\"https:\\\/\\\/schema.org\",\"@graph\":[{\"@type\":[\"WebPage\",\"ItemPage\"],\"@id\":\"https:\\\/\\\/www.purejewels.com\\\/product\\\/22kt-gold-earring-34636\\\/\",\"url\":\"https:\\\/\\\/www.purejewels.com\\\/product\\\/22kt-gold-earring-34636\\\/\",\"name\":\"22ct Gold CZ Hoop Earrings | Elegant Daily Wear Gold Earrings\",\"isPartOf\":{\"@id\":\"https:\\\/\\\/www.purejewels.com\\\/#website\"},\"primaryImageOfPage\":{\"@id\":\"https:\\\/\\\/www.purejewels.com\\\/product\\\/22kt-gold-earring-34636\\\/#primaryimage\"},\"image\":{\"@id\":\"https:\\\/\\\/www.purejewels.com\\\/product\\\/22kt-gold-earring-34636\\\/#primaryimage\"},\"thumbnailUrl\":\"https:\\\/\\\/static.purejewels.com\\\/wp-content\\\/uploads\\\/2021\\\/09\\\/34636-1.jpg\",\"datePublished\":\"2021-09-03T04:44:23+00:00\",\"dateModified\":\"2026-03-09T07:45:07+00:00\",\"description\":\"Shop elegant 22ct gold earrings with sparkling CZ stones. These lightweight hoop earrings are designed for daily wear combining modern style with timeless gold jewellery.\",\"breadcrumb\":{\"@id\":\"https:\\\/\\\/www.purejewels.com\\\/product\\\/22kt-gold-earring-34636\\\/#breadcrumb\"},\"inLanguage\":\"tr\",\"potentialAction\":[{\"@type\":\"ReadAction\",\"target\":[\"https:\\\/\\\/www.purejewels.com\\\/product\\\/22kt-gold-earring-34636\\\/\"]}]},{\"@type\":\"ImageObject\",\"inLanguage\":\"tr\",\"@id\":\"https:\\\/\\\/www.purejewels.com\\\/product\\\/22kt-gold-earring-34636\\\/#primaryimage\",\"url\":\"https:\\\/\\\/static.purejewels.com\\\/wp-content\\\/uploads\\\/2021\\\/09\\\/34636-1.jpg\",\"contentUrl\":\"https:\\\/\\\/static.purejewels.com\\\/wp-content\\\/uploads\\\/2021\\\/09\\\/34636-1.jpg\",\"width\":1000,\"height\":1000,\"caption\":\"22kt Gold Earring - 34636\"},{\"@type\":\"BreadcrumbList\",\"@id\":\"https:\\\/\\\/www.purejewels.com\\\/product\\\/22kt-gold-earring-34636\\\/#breadcrumb\",\"itemListElement\":[{\"@type\":\"ListItem\",\"position\":1,\"name\":\"Home\",\"item\":\"https:\\\/\\\/www.purejewels.com\\\/\"},{\"@type\":\"ListItem\",\"position\":2,\"name\":\"Shop\",\"item\":\"https:\\\/\\\/www.purejewels.com\\\/shop\\\/\"},{\"@type\":\"ListItem\",\"position\":3,\"name\":\"22kt Gold Earring\"}]},{\"@type\":\"WebSite\",\"@id\":\"https:\\\/\\\/www.purejewels.com\\\/#website\",\"url\":\"https:\\\/\\\/www.purejewels.com\\\/\",\"name\":\"PureJewels UK\",\"description\":\"Share the Love\",\"publisher\":{\"@id\":\"https:\\\/\\\/www.purejewels.com\\\/#organization\"},\"potentialAction\":[{\"@type\":\"SearchAction\",\"target\":{\"@type\":\"EntryPoint\",\"urlTemplate\":\"https:\\\/\\\/www.purejewels.com\\\/?s={search_term_string}\"},\"query-input\":{\"@type\":\"PropertyValueSpecification\",\"valueRequired\":true,\"valueName\":\"search_term_string\"}}],\"inLanguage\":\"tr\"},{\"@type\":\"Organization\",\"@id\":\"https:\\\/\\\/www.purejewels.com\\\/#organization\",\"name\":\"PureJewels UK\",\"url\":\"https:\\\/\\\/www.purejewels.com\\\/\",\"logo\":{\"@type\":\"ImageObject\",\"inLanguage\":\"tr\",\"@id\":\"https:\\\/\\\/www.purejewels.com\\\/#\\\/schema\\\/logo\\\/image\\\/\",\"url\":\"https:\\\/\\\/static.purejewels.com\\\/wp-content\\\/uploads\\\/2020\\\/11\\\/Logo-PJ-New-1.png\",\"contentUrl\":\"https:\\\/\\\/static.purejewels.com\\\/wp-content\\\/uploads\\\/2020\\\/11\\\/Logo-PJ-New-1.png\",\"width\":150,\"height\":80,\"caption\":\"PureJewels UK\"},\"image\":{\"@id\":\"https:\\\/\\\/www.purejewels.com\\\/#\\\/schema\\\/logo\\\/image\\\/\"}}]}<\/script>\n<!-- \/ Yoast SEO plugin. -->","yoast_head_json":{"title":"22 Ayar Alt\u0131n CZ Halka K\u00fcpe | Zarif G\u00fcnl\u00fck Kullan\u0131m Alt\u0131n K\u00fcpe","description":"I\u015f\u0131lt\u0131l\u0131 CZ ta\u015flara sahip zarif 22 ayar alt\u0131n k\u00fcpeler sat\u0131n al\u0131n. Bu hafif halka k\u00fcpeler, modern stili zamans\u0131z alt\u0131n tak\u0131larla birle\u015ftirerek g\u00fcnl\u00fck kullan\u0131m i\u00e7in tasarlanm\u0131\u015ft\u0131r.","robots":{"index":"index","follow":"follow","max-snippet":"max-snippet:-1","max-image-preview":"max-image-preview:large","max-video-preview":"max-video-preview:-1"},"canonical":"https:\/\/www.purejewels.com\/tr\/urun\/22-ayar-altin-kupe-34636\/","og_locale":"tr_TR","og_type":"article","og_title":"22ct Gold CZ Hoop Earrings | Elegant Daily Wear Gold Earrings","og_description":"Shop elegant 22ct gold earrings with sparkling CZ stones. These lightweight hoop earrings are designed for daily wear combining modern style with timeless gold jewellery.","og_url":"https:\/\/www.purejewels.com\/tr\/urun\/22-ayar-altin-kupe-34636\/","og_site_name":"PureJewels UK","article_modified_time":"2026-03-09T07:45:07+00:00","og_image":[{"width":1000,"height":1000,"url":"https:\/\/static.purejewels.com\/wp-content\/uploads\/2021\/09\/34636-1.jpg","type":"image\/jpeg"}],"twitter_card":"summary_large_image","twitter_misc":{"Tahmini okuma s\u00fcresi":"1 dakika"},"schema":{"@context":"https:\/\/schema.org","@graph":[{"@type":["WebPage","ItemPage"],"@id":"https:\/\/www.purejewels.com\/product\/22kt-gold-earring-34636\/","url":"https:\/\/www.purejewels.com\/product\/22kt-gold-earring-34636\/","name":"22 Ayar Alt\u0131n CZ Halka K\u00fcpe | Zarif G\u00fcnl\u00fck Kullan\u0131m Alt\u0131n K\u00fcpe","isPartOf":{"@id":"https:\/\/www.purejewels.com\/#website"},"primaryImageOfPage":{"@id":"https:\/\/www.purejewels.com\/product\/22kt-gold-earring-34636\/#primaryimage"},"image":{"@id":"https:\/\/www.purejewels.com\/product\/22kt-gold-earring-34636\/#primaryimage"},"thumbnailUrl":"https:\/\/static.purejewels.com\/wp-content\/uploads\/2021\/09\/34636-1.jpg","datePublished":"2021-09-03T04:44:23+00:00","dateModified":"2026-03-09T07:45:07+00:00","description":"I\u015f\u0131lt\u0131l\u0131 CZ ta\u015flara sahip zarif 22 ayar alt\u0131n k\u00fcpeler sat\u0131n al\u0131n. Bu hafif halka k\u00fcpeler, modern stili zamans\u0131z alt\u0131n tak\u0131larla birle\u015ftirerek g\u00fcnl\u00fck kullan\u0131m i\u00e7in tasarlanm\u0131\u015ft\u0131r.","breadcrumb":{"@id":"https:\/\/www.purejewels.com\/product\/22kt-gold-earring-34636\/#breadcrumb"},"inLanguage":"tr","potentialAction":[{"@type":"ReadAction","target":["https:\/\/www.purejewels.com\/product\/22kt-gold-earring-34636\/"]}]},{"@type":"ImageObject","inLanguage":"tr","@id":"https:\/\/www.purejewels.com\/product\/22kt-gold-earring-34636\/#primaryimage","url":"https:\/\/static.purejewels.com\/wp-content\/uploads\/2021\/09\/34636-1.jpg","contentUrl":"https:\/\/static.purejewels.com\/wp-content\/uploads\/2021\/09\/34636-1.jpg","width":1000,"height":1000,"caption":"22kt Gold Earring - 34636"},{"@type":"BreadcrumbList","@id":"https:\/\/www.purejewels.com\/product\/22kt-gold-earring-34636\/#breadcrumb","itemListElement":[{"@type":"ListItem","position":1,"name":"Home","item":"https:\/\/www.purejewels.com\/"},{"@type":"ListItem","position":2,"name":"Shop","item":"https:\/\/www.purejewels.com\/shop\/"},{"@type":"ListItem","position":3,"name":"22kt Gold Earring"}]},{"@type":"WebSite","@id":"https:\/\/www.purejewels.com\/#website","url":"https:\/\/www.purejewels.com\/","name":"PureJewels \u0130ngiltere","description":"Sevgiyi Payla\u015f\u0131n","publisher":{"@id":"https:\/\/www.purejewels.com\/#organization"},"potentialAction":[{"@type":"SearchAction","target":{"@type":"EntryPoint","urlTemplate":"https:\/\/www.purejewels.com\/?s={search_term_string}"},"query-input":{"@type":"PropertyValueSpecification","valueRequired":true,"valueName":"search_term_string"}}],"inLanguage":"tr"},{"@type":"Organization","@id":"https:\/\/www.purejewels.com\/#organization","name":"PureJewels \u0130ngiltere","url":"https:\/\/www.purejewels.com\/","logo":{"@type":"ImageObject","inLanguage":"tr","@id":"https:\/\/www.purejewels.com\/#\/schema\/logo\/image\/","url":"https:\/\/static.purejewels.com\/wp-content\/uploads\/2020\/11\/Logo-PJ-New-1.png","contentUrl":"https:\/\/static.purejewels.com\/wp-content\/uploads\/2020\/11\/Logo-PJ-New-1.png","width":150,"height":80,"caption":"PureJewels UK"},"image":{"@id":"https:\/\/www.purejewels.com\/#\/schema\/logo\/image\/"}}]}},"_links":{"self":[{"href":"https:\/\/www.purejewels.com\/tr\/wp-json\/wp\/v2\/product\/326556","targetHints":{"allow":["GET"]}}],"collection":[{"href":"https:\/\/www.purejewels.com\/tr\/wp-json\/wp\/v2\/product"}],"about":[{"href":"https:\/\/www.purejewels.com\/tr\/wp-json\/wp\/v2\/types\/product"}],"replies":[{"embeddable":true,"href":"https:\/\/www.purejewels.com\/tr\/wp-json\/wp\/v2\/comments?post=326556"}],"version-history":[{"count":3,"href":"https:\/\/www.purejewels.com\/tr\/wp-json\/wp\/v2\/product\/326556\/revisions"}],"predecessor-version":[{"id":426824,"href":"https:\/\/www.purejewels.com\/tr\/wp-json\/wp\/v2\/product\/326556\/revisions\/426824"}],"wp:featuredmedia":[{"embeddable":true,"href":"https:\/\/www.purejewels.com\/tr\/wp-json\/wp\/v2\/media\/326641"}],"wp:attachment":[{"href":"https:\/\/www.purejewels.com\/tr\/wp-json\/wp\/v2\/media?parent=326556"}],"wp:term":[{"taxonomy":"product_brand","embeddable":true,"href":"https:\/\/www.purejewels.com\/tr\/wp-json\/wp\/v2\/product_brand?post=326556"},{"taxonomy":"product_cat","embeddable":true,"href":"https:\/\/www.purejewels.com\/tr\/wp-json\/wp\/v2\/product_cat?post=326556"},{"taxonomy":"product_tag","embeddable":true,"href":"https:\/\/www.purejewels.com\/tr\/wp-json\/wp\/v2\/product_tag?post=326556"}],"curies":[{"name":"wp","href":"https:\/\/api.w.org\/{rel}","templated":true}]}}