{"id":326560,"date":"2021-09-03T06:03:50","date_gmt":"2021-09-03T05:03:50","guid":{"rendered":"https:\/\/www.purejewels.com\/product\/22ct-gold-earring-3-6gm\/"},"modified":"2021-11-01T14:33:38","modified_gmt":"2021-11-01T14:33:38","slug":"22-ayar-altin-bali-kupe-34639","status":"publish","type":"product","link":"https:\/\/www.purejewels.com\/tr\/product\/22ct-gold-bali-earring-34639\/","title":{"rendered":"22 Ayar Alt\u0131n Bali K\u00fcpe"},"content":{"rendered":"<h3>\u0130lham kayna\u011f\u0131<\/h3>\n<p><span style=\"font-weight: 400;\">Hindistan'da geleneksel olarak minyat\u00fcr <a href=\"https:\/\/www.purejewels.com\/tr\/product-category\/22ct-gold-jewellery\/gold-earrings\/\">K\u00fcpeler<\/a> \u00e7ember benzeri yap\u0131lara sahip k\u00fcpelere balis denir. Bu k\u00fc\u00e7\u00fck k\u00fcpeler, ki\u015finin kulak memesini estetik bir \u015fekilde kapat\u0131p g\u00fczelle\u015ftirmek ve ki\u015finin y\u00fcz\u00fcne do\u011fru miktarda \u0131\u015f\u0131lt\u0131 katmak i\u00e7in \u00fcretilmi\u015ftir. \u00c7e\u015fitli stillerde, boyutlarda ve \u015fekillerde tasarlanabilir ve \u00fcretilebilirler. Minimal bir dokunu\u015fa sahip olabilirler veya ta\u015flarla s\u00fcslenebilirler ve ki\u015finin iste\u011fine g\u00f6re tak\u0131labilirler.<\/span><\/p>\n<h3>Tasar\u0131m<\/h3>\n<p><span style=\"font-weight: 400;\">Bu 22 bin <a href=\"https:\/\/www.purejewels.com\/tr\/product\/22-carat-indian-gold-bali-earrings\/\">Alt\u0131n Bali<\/a> geleneksel Hint desenlerini ve sanat\u0131n\u0131 canl\u0131 tutarken minimal bir g\u00f6r\u00fcn\u00fcm ve his verme fikriyle tasarlanm\u0131\u015ft\u0131r. Bu alt\u0131n baliler en ba\u015f\u0131ndan itibaren Hindistan'daki karigarlar\u0131m\u0131z taraf\u0131ndan el i\u015f\u00e7ili\u011fiyle \u00fcretilmi\u015ftir. Tasar\u0131m saf 22 ayar alt\u0131ndan oyulmu\u015ftur ve yaprak \u015feklindeki d\u00f6rt alt\u0131n par\u00e7a ger\u00e7ek elmaslardan farks\u0131z g\u00f6r\u00fcnen kristallerle s\u00fcslenmi\u015ftir. Purejewels'in bu bali tasar\u0131m\u0131 minimal ama e\u011flenceli bir dokunu\u015fa sahiptir.<\/span><\/p>\n<h3>Stil<\/h3>\n<p><span style=\"font-weight: 400;\">Bu g\u00fczellikleri sergilemek i\u00e7in bir vesileye ihtiya\u00e7 olmad\u0131\u011f\u0131ndan, \u00e7ift her g\u00fcn \u015fekillendirilebilir ve giyilebilir. Ayak i\u015flerinizi yaparken ya da bir i\u015f toplant\u0131s\u0131 i\u00e7in haz\u0131r oldu\u011funuzda, hatta k\u0131z arkada\u015flar\u0131n\u0131zla d\u0131\u015far\u0131 \u00e7\u0131karken bile m\u00fckemmel olan bu alt\u0131n baliler asla hayal k\u0131r\u0131kl\u0131\u011f\u0131na u\u011fratmaz. Do\u011fru miktarda p\u0131r\u0131lt\u0131ya sahiptirler ve g\u00f6r\u00fcn\u00fcm\u00fcn\u00fcze bir kenar katarken muhte\u015fem g\u00f6r\u00fcn\u00fcrler.<\/span><\/p>","protected":false},"excerpt":{"rendered":"<ul>\n<li>22 Ayar Sar\u0131 Alt\u0131n Bali K\u00fcpe<\/li>\n<li>A\u011f\u0131rl\u0131k 3,6 gms<\/li>\n<li>SKU 34639<\/li>\n<li>T\u00fcm \u00fcr\u00fcnlerimiz London Assay Office taraf\u0131ndan damgalanm\u0131\u015ft\u0131r<\/li>\n<li>T\u00fcm fiyatlara KDV dahildir<\/li>\n<li>Sunum Kutusu ile Birlikte Gelir<\/li>\n<li>Teslimat Dahil<\/li>\n<li>Hint Bali K\u00fcpelerinden olu\u015fan \u00f6zel koleksiyonumuzu g\u00f6rmek i\u00e7in bizimle canl\u0131 sohbet edin<\/li>\n<\/ul>","protected":false},"featured_media":326645,"comment_status":"closed","ping_status":"closed","template":"","meta":{"_eb_attr":"","_crsspst_to_jayantr4sg-hostcom":false},"product_brand":[],"product_cat":[1791,1559,1793,1792,1790,1254,1229,1579,1573,1574],"product_tag":[],"class_list":{"0":"post-326560","1":"product","2":"type-product","3":"status-publish","4":"has-post-thumbnail","6":"product_cat-anniversary-gifts","7":"product_cat-birthday-gifts","8":"product_cat-diwali-gifts","9":"product_cat-festival-gifts","10":"product_cat-for-whom-when","11":"product_cat-gold-earrings","12":"product_cat-22ct-gold-jewellery","13":"product_cat-hoop-earrings","14":"product_cat-wedding-gifts","15":"product_cat-womens-jewellery","17":"first","18":"outofstock","19":"taxable","20":"shipping-taxable","21":"product-type-simple","22":"add-to-wishlist-before_image"},"yoast_head":"<!-- This site is optimized with the Yoast SEO plugin v27.3 - https:\/\/yoast.com\/product\/yoast-seo-wordpress\/ -->\n<title>Pure 22K gold earring with four leaf-shaped gold components<\/title>\n<meta name=\"description\" content=\"This 22k Gold Bali has been designed with an idea to give it a minimal look &amp; feel while keeping the traditional Indian patterns &amp; art alive\" \/>\n<meta name=\"robots\" content=\"index, follow, max-snippet:-1, max-image-preview:large, max-video-preview:-1\" \/>\n<link rel=\"canonical\" href=\"https:\/\/www.purejewels.com\/tr\/urun\/22-ayar-altin-bali-kupe-34639\/\" \/>\n<meta property=\"og:locale\" content=\"tr_TR\" \/>\n<meta property=\"og:type\" content=\"article\" \/>\n<meta property=\"og:title\" content=\"Pure 22K gold earring with four leaf-shaped gold components\" \/>\n<meta property=\"og:description\" content=\"This 22k Gold Bali has been designed with an idea to give it a minimal look &amp; feel while keeping the traditional Indian patterns &amp; art alive\" \/>\n<meta property=\"og:url\" content=\"https:\/\/www.purejewels.com\/tr\/urun\/22-ayar-altin-bali-kupe-34639\/\" \/>\n<meta property=\"og:site_name\" content=\"PureJewels UK\" \/>\n<meta property=\"article:modified_time\" content=\"2021-11-01T14:33:38+00:00\" \/>\n<meta property=\"og:image\" content=\"https:\/\/www.purejewels.com\/wp-content\/uploads\/2021\/09\/34639-1.jpg\" \/>\n\t<meta property=\"og:image:width\" content=\"1000\" \/>\n\t<meta property=\"og:image:height\" content=\"1000\" \/>\n\t<meta property=\"og:image:type\" content=\"image\/jpeg\" \/>\n<meta name=\"twitter:card\" content=\"summary_large_image\" \/>\n<meta name=\"twitter:label1\" content=\"Tahmini okuma s\u00fcresi\" \/>\n\t<meta name=\"twitter:data1\" content=\"1 dakika\" \/>\n<script type=\"application\/ld+json\" class=\"yoast-schema-graph\">{\"@context\":\"https:\\\/\\\/schema.org\",\"@graph\":[{\"@type\":[\"WebPage\",\"ItemPage\"],\"@id\":\"https:\\\/\\\/www.purejewels.com\\\/product\\\/22ct-gold-bali-earring-34639\\\/\",\"url\":\"https:\\\/\\\/www.purejewels.com\\\/product\\\/22ct-gold-bali-earring-34639\\\/\",\"name\":\"Pure 22K gold earring with four leaf-shaped gold components\",\"isPartOf\":{\"@id\":\"https:\\\/\\\/www.purejewels.com\\\/#website\"},\"primaryImageOfPage\":{\"@id\":\"https:\\\/\\\/www.purejewels.com\\\/product\\\/22ct-gold-bali-earring-34639\\\/#primaryimage\"},\"image\":{\"@id\":\"https:\\\/\\\/www.purejewels.com\\\/product\\\/22ct-gold-bali-earring-34639\\\/#primaryimage\"},\"thumbnailUrl\":\"https:\\\/\\\/static.purejewels.com\\\/wp-content\\\/uploads\\\/2021\\\/09\\\/34639-1.jpg\",\"datePublished\":\"2021-09-03T05:03:50+00:00\",\"dateModified\":\"2021-11-01T14:33:38+00:00\",\"description\":\"This 22k Gold Bali has been designed with an idea to give it a minimal look & feel while keeping the traditional Indian patterns & art alive\",\"breadcrumb\":{\"@id\":\"https:\\\/\\\/www.purejewels.com\\\/product\\\/22ct-gold-bali-earring-34639\\\/#breadcrumb\"},\"inLanguage\":\"tr\",\"potentialAction\":[{\"@type\":\"ReadAction\",\"target\":[\"https:\\\/\\\/www.purejewels.com\\\/product\\\/22ct-gold-bali-earring-34639\\\/\"]}]},{\"@type\":\"ImageObject\",\"inLanguage\":\"tr\",\"@id\":\"https:\\\/\\\/www.purejewels.com\\\/product\\\/22ct-gold-bali-earring-34639\\\/#primaryimage\",\"url\":\"https:\\\/\\\/static.purejewels.com\\\/wp-content\\\/uploads\\\/2021\\\/09\\\/34639-1.jpg\",\"contentUrl\":\"https:\\\/\\\/static.purejewels.com\\\/wp-content\\\/uploads\\\/2021\\\/09\\\/34639-1.jpg\",\"width\":1000,\"height\":1000,\"caption\":\"22ct Gold Earring 34639-1\"},{\"@type\":\"BreadcrumbList\",\"@id\":\"https:\\\/\\\/www.purejewels.com\\\/product\\\/22ct-gold-bali-earring-34639\\\/#breadcrumb\",\"itemListElement\":[{\"@type\":\"ListItem\",\"position\":1,\"name\":\"Home\",\"item\":\"https:\\\/\\\/www.purejewels.com\\\/\"},{\"@type\":\"ListItem\",\"position\":2,\"name\":\"Shop\",\"item\":\"https:\\\/\\\/www.purejewels.com\\\/shop\\\/\"},{\"@type\":\"ListItem\",\"position\":3,\"name\":\"22ct Gold Bali Earring\"}]},{\"@type\":\"WebSite\",\"@id\":\"https:\\\/\\\/www.purejewels.com\\\/#website\",\"url\":\"https:\\\/\\\/www.purejewels.com\\\/\",\"name\":\"PureJewels UK\",\"description\":\"Share the Love\",\"publisher\":{\"@id\":\"https:\\\/\\\/www.purejewels.com\\\/#organization\"},\"potentialAction\":[{\"@type\":\"SearchAction\",\"target\":{\"@type\":\"EntryPoint\",\"urlTemplate\":\"https:\\\/\\\/www.purejewels.com\\\/?s={search_term_string}\"},\"query-input\":{\"@type\":\"PropertyValueSpecification\",\"valueRequired\":true,\"valueName\":\"search_term_string\"}}],\"inLanguage\":\"tr\"},{\"@type\":\"Organization\",\"@id\":\"https:\\\/\\\/www.purejewels.com\\\/#organization\",\"name\":\"PureJewels UK\",\"url\":\"https:\\\/\\\/www.purejewels.com\\\/\",\"logo\":{\"@type\":\"ImageObject\",\"inLanguage\":\"tr\",\"@id\":\"https:\\\/\\\/www.purejewels.com\\\/#\\\/schema\\\/logo\\\/image\\\/\",\"url\":\"https:\\\/\\\/static.purejewels.com\\\/wp-content\\\/uploads\\\/2020\\\/11\\\/Logo-PJ-New-1.png\",\"contentUrl\":\"https:\\\/\\\/static.purejewels.com\\\/wp-content\\\/uploads\\\/2020\\\/11\\\/Logo-PJ-New-1.png\",\"width\":150,\"height\":80,\"caption\":\"PureJewels UK\"},\"image\":{\"@id\":\"https:\\\/\\\/www.purejewels.com\\\/#\\\/schema\\\/logo\\\/image\\\/\"}}]}<\/script>\n<!-- \/ Yoast SEO plugin. -->","yoast_head_json":{"title":"D\u00f6rt yaprak \u015feklinde alt\u0131n bile\u015fenli saf 22 ayar alt\u0131n k\u00fcpe","description":"Bu 22 ayar Alt\u0131n Bali, geleneksel Hint desenlerini ve sanat\u0131n\u0131 canl\u0131 tutarken minimal bir g\u00f6r\u00fcn\u00fcm ve his verme fikriyle tasarlanm\u0131\u015ft\u0131r","robots":{"index":"index","follow":"follow","max-snippet":"max-snippet:-1","max-image-preview":"max-image-preview:large","max-video-preview":"max-video-preview:-1"},"canonical":"https:\/\/www.purejewels.com\/tr\/urun\/22-ayar-altin-bali-kupe-34639\/","og_locale":"tr_TR","og_type":"article","og_title":"Pure 22K gold earring with four leaf-shaped gold components","og_description":"This 22k Gold Bali has been designed with an idea to give it a minimal look & feel while keeping the traditional Indian patterns & art alive","og_url":"https:\/\/www.purejewels.com\/tr\/urun\/22-ayar-altin-bali-kupe-34639\/","og_site_name":"PureJewels UK","article_modified_time":"2021-11-01T14:33:38+00:00","og_image":[{"width":1000,"height":1000,"url":"https:\/\/www.purejewels.com\/wp-content\/uploads\/2021\/09\/34639-1.jpg","type":"image\/jpeg"}],"twitter_card":"summary_large_image","twitter_misc":{"Tahmini okuma s\u00fcresi":"1 dakika"},"schema":{"@context":"https:\/\/schema.org","@graph":[{"@type":["WebPage","ItemPage"],"@id":"https:\/\/www.purejewels.com\/product\/22ct-gold-bali-earring-34639\/","url":"https:\/\/www.purejewels.com\/product\/22ct-gold-bali-earring-34639\/","name":"D\u00f6rt yaprak \u015feklinde alt\u0131n bile\u015fenli saf 22 ayar alt\u0131n k\u00fcpe","isPartOf":{"@id":"https:\/\/www.purejewels.com\/#website"},"primaryImageOfPage":{"@id":"https:\/\/www.purejewels.com\/product\/22ct-gold-bali-earring-34639\/#primaryimage"},"image":{"@id":"https:\/\/www.purejewels.com\/product\/22ct-gold-bali-earring-34639\/#primaryimage"},"thumbnailUrl":"https:\/\/static.purejewels.com\/wp-content\/uploads\/2021\/09\/34639-1.jpg","datePublished":"2021-09-03T05:03:50+00:00","dateModified":"2021-11-01T14:33:38+00:00","description":"Bu 22 ayar Alt\u0131n Bali, geleneksel Hint desenlerini ve sanat\u0131n\u0131 canl\u0131 tutarken minimal bir g\u00f6r\u00fcn\u00fcm ve his verme fikriyle tasarlanm\u0131\u015ft\u0131r","breadcrumb":{"@id":"https:\/\/www.purejewels.com\/product\/22ct-gold-bali-earring-34639\/#breadcrumb"},"inLanguage":"tr","potentialAction":[{"@type":"ReadAction","target":["https:\/\/www.purejewels.com\/product\/22ct-gold-bali-earring-34639\/"]}]},{"@type":"ImageObject","inLanguage":"tr","@id":"https:\/\/www.purejewels.com\/product\/22ct-gold-bali-earring-34639\/#primaryimage","url":"https:\/\/static.purejewels.com\/wp-content\/uploads\/2021\/09\/34639-1.jpg","contentUrl":"https:\/\/static.purejewels.com\/wp-content\/uploads\/2021\/09\/34639-1.jpg","width":1000,"height":1000,"caption":"22ct Gold Earring 34639-1"},{"@type":"BreadcrumbList","@id":"https:\/\/www.purejewels.com\/product\/22ct-gold-bali-earring-34639\/#breadcrumb","itemListElement":[{"@type":"ListItem","position":1,"name":"Home","item":"https:\/\/www.purejewels.com\/"},{"@type":"ListItem","position":2,"name":"Shop","item":"https:\/\/www.purejewels.com\/shop\/"},{"@type":"ListItem","position":3,"name":"22ct Gold Bali Earring"}]},{"@type":"WebSite","@id":"https:\/\/www.purejewels.com\/#website","url":"https:\/\/www.purejewels.com\/","name":"PureJewels \u0130ngiltere","description":"Sevgiyi Payla\u015f\u0131n","publisher":{"@id":"https:\/\/www.purejewels.com\/#organization"},"potentialAction":[{"@type":"SearchAction","target":{"@type":"EntryPoint","urlTemplate":"https:\/\/www.purejewels.com\/?s={search_term_string}"},"query-input":{"@type":"PropertyValueSpecification","valueRequired":true,"valueName":"search_term_string"}}],"inLanguage":"tr"},{"@type":"Organization","@id":"https:\/\/www.purejewels.com\/#organization","name":"PureJewels \u0130ngiltere","url":"https:\/\/www.purejewels.com\/","logo":{"@type":"ImageObject","inLanguage":"tr","@id":"https:\/\/www.purejewels.com\/#\/schema\/logo\/image\/","url":"https:\/\/static.purejewels.com\/wp-content\/uploads\/2020\/11\/Logo-PJ-New-1.png","contentUrl":"https:\/\/static.purejewels.com\/wp-content\/uploads\/2020\/11\/Logo-PJ-New-1.png","width":150,"height":80,"caption":"PureJewels UK"},"image":{"@id":"https:\/\/www.purejewels.com\/#\/schema\/logo\/image\/"}}]}},"_links":{"self":[{"href":"https:\/\/www.purejewels.com\/tr\/wp-json\/wp\/v2\/product\/326560","targetHints":{"allow":["GET"]}}],"collection":[{"href":"https:\/\/www.purejewels.com\/tr\/wp-json\/wp\/v2\/product"}],"about":[{"href":"https:\/\/www.purejewels.com\/tr\/wp-json\/wp\/v2\/types\/product"}],"replies":[{"embeddable":true,"href":"https:\/\/www.purejewels.com\/tr\/wp-json\/wp\/v2\/comments?post=326560"}],"version-history":[{"count":0,"href":"https:\/\/www.purejewels.com\/tr\/wp-json\/wp\/v2\/product\/326560\/revisions"}],"wp:featuredmedia":[{"embeddable":true,"href":"https:\/\/www.purejewels.com\/tr\/wp-json\/wp\/v2\/media\/326645"}],"wp:attachment":[{"href":"https:\/\/www.purejewels.com\/tr\/wp-json\/wp\/v2\/media?parent=326560"}],"wp:term":[{"taxonomy":"product_brand","embeddable":true,"href":"https:\/\/www.purejewels.com\/tr\/wp-json\/wp\/v2\/product_brand?post=326560"},{"taxonomy":"product_cat","embeddable":true,"href":"https:\/\/www.purejewels.com\/tr\/wp-json\/wp\/v2\/product_cat?post=326560"},{"taxonomy":"product_tag","embeddable":true,"href":"https:\/\/www.purejewels.com\/tr\/wp-json\/wp\/v2\/product_tag?post=326560"}],"curies":[{"name":"wp","href":"https:\/\/api.w.org\/{rel}","templated":true}]}}