{"id":326563,"date":"2021-09-03T06:17:25","date_gmt":"2021-09-03T05:17:25","guid":{"rendered":"https:\/\/www.purejewels.com\/product\/22ct-gold-earring-3-8gm-5\/"},"modified":"2021-10-21T17:36:34","modified_gmt":"2021-10-21T16:36:34","slug":"22-ayar-altin-bali-34640","status":"publish","type":"product","link":"https:\/\/www.purejewels.com\/tr\/product\/22-carat-gold-bali-34640\/","title":{"rendered":"22 Ayar Alt\u0131n Bali"},"content":{"rendered":"<h3>\u0130lham kayna\u011f\u0131<\/h3>\n<p><span style=\"font-weight: 400;\">Hindistan'da geleneksel olarak minyat\u00fcr <a href=\"https:\/\/www.purejewels.com\/tr\/product-category\/22ct-gold-jewellery\/gold-earrings\/\">K\u00fcpeler<\/a> \u00e7ember benzeri yap\u0131lara sahip k\u00fcpelere balis denir. Bu k\u00fc\u00e7\u00fck k\u00fcpeler, ki\u015finin kulak memesini estetik bir \u015fekilde kapat\u0131p g\u00fczelle\u015ftirmek ve ki\u015finin y\u00fcz\u00fcne do\u011fru miktarda \u0131\u015f\u0131lt\u0131 katmak i\u00e7in \u00fcretilmi\u015ftir. \u00c7e\u015fitli stillerde, boyutlarda ve \u015fekillerde tasarlanabilir ve \u00fcretilebilirler. Minimal bir dokunu\u015fa sahip olabilirler veya ta\u015flarla s\u00fcslenebilirler ve ki\u015finin iste\u011fine g\u00f6re tak\u0131labilirler.<\/span><\/p>\n<h3>Tasar\u0131m<\/h3>\n<p><span style=\"font-weight: 400;\">Bu 22 bin <a href=\"https:\/\/www.purejewels.com\/tr\/product\/22-carat-indian-gold-bali-earrings\/\">Alt\u0131n Bali<\/a> minimal bir g\u00f6r\u00fcn\u00fcm ve his vermek \u00fczere tasarlanm\u0131\u015ft\u0131r. Bu alt\u0131n baliler en ba\u015f\u0131ndan itibaren Hindistan'daki karigarlar\u0131m\u0131z taraf\u0131ndan el i\u015f\u00e7ili\u011fiyle \u00fcretilmi\u015ftir. Tasar\u0131m saf 22 ayar alt\u0131ndan oyulmu\u015ftur ve kalp, parlak g\u00f6r\u00fcnen ve ger\u00e7ek elmaslardan daha az olmayan bir parlakl\u0131\u011fa sahip kristal zirkonlarla s\u00fcslenmi\u015ftir. Purejewels'in bu bali tasar\u0131m\u0131 minimal ama e\u011flenceli bir dokunu\u015fa sahiptir.<\/span><\/p>\n<h3>Stil<\/h3>\n<p><span style=\"font-weight: 400;\">Bu g\u00fczellikleri sergilemek i\u00e7in bir vesileye ihtiya\u00e7 olmad\u0131\u011f\u0131ndan, \u00e7ift her g\u00fcn \u015fekillendirilebilir ve giyilebilir. Ayak i\u015flerinizi yaparken ya da bir i\u015f toplant\u0131s\u0131 i\u00e7in haz\u0131r oldu\u011funuzda, hatta k\u0131z arkada\u015flar\u0131n\u0131zla d\u0131\u015far\u0131 \u00e7\u0131karken bile m\u00fckemmel olan bu alt\u0131n baliler asla hayal k\u0131r\u0131kl\u0131\u011f\u0131na u\u011fratmaz. Do\u011fru miktarda p\u0131r\u0131lt\u0131ya sahiptirler ve g\u00f6r\u00fcn\u00fcm\u00fcn\u00fcze bir kenar katarken muhte\u015fem g\u00f6r\u00fcn\u00fcrler.<\/span><\/p>","protected":false},"excerpt":{"rendered":"<ul>\n<li>22 Ayar Alt\u0131n G\u00fcnl\u00fck Kullan\u0131m Halka K\u00fcpe<\/li>\n<li>A\u011f\u0131rl\u0131k 3,8 gms<\/li>\n<li>SKU. 34640<\/li>\n<li>T\u00fcm fiyatlara KDV dahildir<\/li>\n<li>T\u00fcm \u00dcr\u00fcnlerimiz Londra Tahlil Ofisi Taraf\u0131ndan Damgalanm\u0131\u015ft\u0131r<\/li>\n<li>Sunum Kutusu ile Birlikte Gelir<\/li>\n<li>Teslimat Dahil<\/li>\n<li>Benzer tasar\u0131mlar\u0131 ke\u015ffetmek i\u00e7in bizimle whatsapp \u00fczerinden ileti\u015fime ge\u00e7in veya Londra'daki Upton park m\u00fccevher ma\u011fazam\u0131z\u0131 ziyaret edin<\/li>\n<\/ul>","protected":false},"featured_media":326647,"comment_status":"closed","ping_status":"closed","template":"","meta":{"_eb_attr":"","_crsspst_to_jayantr4sg-hostcom":false},"product_brand":[],"product_cat":[1791,1559,1793,1792,1790,1254,1579,1574],"product_tag":[],"class_list":{"0":"post-326563","1":"product","2":"type-product","3":"status-publish","4":"has-post-thumbnail","6":"product_cat-anniversary-gifts","7":"product_cat-birthday-gifts","8":"product_cat-diwali-gifts","9":"product_cat-festival-gifts","10":"product_cat-for-whom-when","11":"product_cat-gold-earrings","12":"product_cat-hoop-earrings","13":"product_cat-womens-jewellery","15":"first","16":"outofstock","17":"taxable","18":"shipping-taxable","19":"product-type-simple","20":"add-to-wishlist-before_image"},"yoast_head":"<!-- This site is optimized with the Yoast SEO plugin v27.3 - https:\/\/yoast.com\/product\/yoast-seo-wordpress\/ -->\n<title>22ct Gold Bali by Purejewels has a minimal yet a fun touch to its design<\/title>\n<meta name=\"description\" content=\"The design has been carved out of pure 22K gold while the heart has been studded with crystal zircons to shine like real diamonds.\" \/>\n<meta name=\"robots\" content=\"index, follow, max-snippet:-1, max-image-preview:large, max-video-preview:-1\" \/>\n<link rel=\"canonical\" href=\"https:\/\/www.purejewels.com\/tr\/urun\/22-ayar-altin-bali-34640\/\" \/>\n<meta property=\"og:locale\" content=\"tr_TR\" \/>\n<meta property=\"og:type\" content=\"article\" \/>\n<meta property=\"og:title\" content=\"22ct Gold Bali by Purejewels has a minimal yet a fun touch to its design\" \/>\n<meta property=\"og:description\" content=\"The design has been carved out of pure 22K gold while the heart has been studded with crystal zircons to shine like real diamonds.\" \/>\n<meta property=\"og:url\" content=\"https:\/\/www.purejewels.com\/tr\/urun\/22-ayar-altin-bali-34640\/\" \/>\n<meta property=\"og:site_name\" content=\"PureJewels UK\" \/>\n<meta property=\"article:modified_time\" content=\"2021-10-21T16:36:34+00:00\" \/>\n<meta property=\"og:image\" content=\"https:\/\/www.purejewels.com\/wp-content\/uploads\/2021\/09\/34640-1.jpg\" \/>\n\t<meta property=\"og:image:width\" content=\"1000\" \/>\n\t<meta property=\"og:image:height\" content=\"1000\" \/>\n\t<meta property=\"og:image:type\" content=\"image\/jpeg\" \/>\n<meta name=\"twitter:card\" content=\"summary_large_image\" \/>\n<meta name=\"twitter:label1\" content=\"Tahmini okuma s\u00fcresi\" \/>\n\t<meta name=\"twitter:data1\" content=\"1 dakika\" \/>\n<script type=\"application\/ld+json\" class=\"yoast-schema-graph\">{\"@context\":\"https:\\\/\\\/schema.org\",\"@graph\":[{\"@type\":[\"WebPage\",\"ItemPage\"],\"@id\":\"https:\\\/\\\/www.purejewels.com\\\/product\\\/22-carat-gold-bali-34640\\\/\",\"url\":\"https:\\\/\\\/www.purejewels.com\\\/product\\\/22-carat-gold-bali-34640\\\/\",\"name\":\"22ct Gold Bali by Purejewels has a minimal yet a fun touch to its design\",\"isPartOf\":{\"@id\":\"https:\\\/\\\/www.purejewels.com\\\/#website\"},\"primaryImageOfPage\":{\"@id\":\"https:\\\/\\\/www.purejewels.com\\\/product\\\/22-carat-gold-bali-34640\\\/#primaryimage\"},\"image\":{\"@id\":\"https:\\\/\\\/www.purejewels.com\\\/product\\\/22-carat-gold-bali-34640\\\/#primaryimage\"},\"thumbnailUrl\":\"https:\\\/\\\/static.purejewels.com\\\/wp-content\\\/uploads\\\/2021\\\/09\\\/34640-1.jpg\",\"datePublished\":\"2021-09-03T05:17:25+00:00\",\"dateModified\":\"2021-10-21T16:36:34+00:00\",\"description\":\"The design has been carved out of pure 22K gold while the heart has been studded with crystal zircons to shine like real diamonds.\",\"breadcrumb\":{\"@id\":\"https:\\\/\\\/www.purejewels.com\\\/product\\\/22-carat-gold-bali-34640\\\/#breadcrumb\"},\"inLanguage\":\"tr\",\"potentialAction\":[{\"@type\":\"ReadAction\",\"target\":[\"https:\\\/\\\/www.purejewels.com\\\/product\\\/22-carat-gold-bali-34640\\\/\"]}]},{\"@type\":\"ImageObject\",\"inLanguage\":\"tr\",\"@id\":\"https:\\\/\\\/www.purejewels.com\\\/product\\\/22-carat-gold-bali-34640\\\/#primaryimage\",\"url\":\"https:\\\/\\\/static.purejewels.com\\\/wp-content\\\/uploads\\\/2021\\\/09\\\/34640-1.jpg\",\"contentUrl\":\"https:\\\/\\\/static.purejewels.com\\\/wp-content\\\/uploads\\\/2021\\\/09\\\/34640-1.jpg\",\"width\":1000,\"height\":1000,\"caption\":\"22ct Gold Earring 34640-1\"},{\"@type\":\"BreadcrumbList\",\"@id\":\"https:\\\/\\\/www.purejewels.com\\\/product\\\/22-carat-gold-bali-34640\\\/#breadcrumb\",\"itemListElement\":[{\"@type\":\"ListItem\",\"position\":1,\"name\":\"Home\",\"item\":\"https:\\\/\\\/www.purejewels.com\\\/\"},{\"@type\":\"ListItem\",\"position\":2,\"name\":\"Shop\",\"item\":\"https:\\\/\\\/www.purejewels.com\\\/shop\\\/\"},{\"@type\":\"ListItem\",\"position\":3,\"name\":\"22 carat Gold Bali\"}]},{\"@type\":\"WebSite\",\"@id\":\"https:\\\/\\\/www.purejewels.com\\\/#website\",\"url\":\"https:\\\/\\\/www.purejewels.com\\\/\",\"name\":\"PureJewels UK\",\"description\":\"Share the Love\",\"publisher\":{\"@id\":\"https:\\\/\\\/www.purejewels.com\\\/#organization\"},\"potentialAction\":[{\"@type\":\"SearchAction\",\"target\":{\"@type\":\"EntryPoint\",\"urlTemplate\":\"https:\\\/\\\/www.purejewels.com\\\/?s={search_term_string}\"},\"query-input\":{\"@type\":\"PropertyValueSpecification\",\"valueRequired\":true,\"valueName\":\"search_term_string\"}}],\"inLanguage\":\"tr\"},{\"@type\":\"Organization\",\"@id\":\"https:\\\/\\\/www.purejewels.com\\\/#organization\",\"name\":\"PureJewels UK\",\"url\":\"https:\\\/\\\/www.purejewels.com\\\/\",\"logo\":{\"@type\":\"ImageObject\",\"inLanguage\":\"tr\",\"@id\":\"https:\\\/\\\/www.purejewels.com\\\/#\\\/schema\\\/logo\\\/image\\\/\",\"url\":\"https:\\\/\\\/static.purejewels.com\\\/wp-content\\\/uploads\\\/2020\\\/11\\\/Logo-PJ-New-1.png\",\"contentUrl\":\"https:\\\/\\\/static.purejewels.com\\\/wp-content\\\/uploads\\\/2020\\\/11\\\/Logo-PJ-New-1.png\",\"width\":150,\"height\":80,\"caption\":\"PureJewels UK\"},\"image\":{\"@id\":\"https:\\\/\\\/www.purejewels.com\\\/#\\\/schema\\\/logo\\\/image\\\/\"}}]}<\/script>\n<!-- \/ Yoast SEO plugin. -->","yoast_head_json":{"title":"Purejewels'in 22 Ayar Alt\u0131n Bali'si minimal ama e\u011flenceli bir tasar\u0131ma sahip","description":"Tasar\u0131m saf 22 ayar alt\u0131ndan oyulmu\u015ftur ve kalp ger\u00e7ek elmas gibi parlamas\u0131 i\u00e7in kristal zirkonlarla s\u00fcslenmi\u015ftir.","robots":{"index":"index","follow":"follow","max-snippet":"max-snippet:-1","max-image-preview":"max-image-preview:large","max-video-preview":"max-video-preview:-1"},"canonical":"https:\/\/www.purejewels.com\/tr\/urun\/22-ayar-altin-bali-34640\/","og_locale":"tr_TR","og_type":"article","og_title":"22ct Gold Bali by Purejewels has a minimal yet a fun touch to its design","og_description":"The design has been carved out of pure 22K gold while the heart has been studded with crystal zircons to shine like real diamonds.","og_url":"https:\/\/www.purejewels.com\/tr\/urun\/22-ayar-altin-bali-34640\/","og_site_name":"PureJewels UK","article_modified_time":"2021-10-21T16:36:34+00:00","og_image":[{"width":1000,"height":1000,"url":"https:\/\/www.purejewels.com\/wp-content\/uploads\/2021\/09\/34640-1.jpg","type":"image\/jpeg"}],"twitter_card":"summary_large_image","twitter_misc":{"Tahmini okuma s\u00fcresi":"1 dakika"},"schema":{"@context":"https:\/\/schema.org","@graph":[{"@type":["WebPage","ItemPage"],"@id":"https:\/\/www.purejewels.com\/product\/22-carat-gold-bali-34640\/","url":"https:\/\/www.purejewels.com\/product\/22-carat-gold-bali-34640\/","name":"Purejewels'in 22 Ayar Alt\u0131n Bali'si minimal ama e\u011flenceli bir tasar\u0131ma sahip","isPartOf":{"@id":"https:\/\/www.purejewels.com\/#website"},"primaryImageOfPage":{"@id":"https:\/\/www.purejewels.com\/product\/22-carat-gold-bali-34640\/#primaryimage"},"image":{"@id":"https:\/\/www.purejewels.com\/product\/22-carat-gold-bali-34640\/#primaryimage"},"thumbnailUrl":"https:\/\/static.purejewels.com\/wp-content\/uploads\/2021\/09\/34640-1.jpg","datePublished":"2021-09-03T05:17:25+00:00","dateModified":"2021-10-21T16:36:34+00:00","description":"Tasar\u0131m saf 22 ayar alt\u0131ndan oyulmu\u015ftur ve kalp ger\u00e7ek elmas gibi parlamas\u0131 i\u00e7in kristal zirkonlarla s\u00fcslenmi\u015ftir.","breadcrumb":{"@id":"https:\/\/www.purejewels.com\/product\/22-carat-gold-bali-34640\/#breadcrumb"},"inLanguage":"tr","potentialAction":[{"@type":"ReadAction","target":["https:\/\/www.purejewels.com\/product\/22-carat-gold-bali-34640\/"]}]},{"@type":"ImageObject","inLanguage":"tr","@id":"https:\/\/www.purejewels.com\/product\/22-carat-gold-bali-34640\/#primaryimage","url":"https:\/\/static.purejewels.com\/wp-content\/uploads\/2021\/09\/34640-1.jpg","contentUrl":"https:\/\/static.purejewels.com\/wp-content\/uploads\/2021\/09\/34640-1.jpg","width":1000,"height":1000,"caption":"22ct Gold Earring 34640-1"},{"@type":"BreadcrumbList","@id":"https:\/\/www.purejewels.com\/product\/22-carat-gold-bali-34640\/#breadcrumb","itemListElement":[{"@type":"ListItem","position":1,"name":"Home","item":"https:\/\/www.purejewels.com\/"},{"@type":"ListItem","position":2,"name":"Shop","item":"https:\/\/www.purejewels.com\/shop\/"},{"@type":"ListItem","position":3,"name":"22 carat Gold Bali"}]},{"@type":"WebSite","@id":"https:\/\/www.purejewels.com\/#website","url":"https:\/\/www.purejewels.com\/","name":"PureJewels \u0130ngiltere","description":"Sevgiyi Payla\u015f\u0131n","publisher":{"@id":"https:\/\/www.purejewels.com\/#organization"},"potentialAction":[{"@type":"SearchAction","target":{"@type":"EntryPoint","urlTemplate":"https:\/\/www.purejewels.com\/?s={search_term_string}"},"query-input":{"@type":"PropertyValueSpecification","valueRequired":true,"valueName":"search_term_string"}}],"inLanguage":"tr"},{"@type":"Organization","@id":"https:\/\/www.purejewels.com\/#organization","name":"PureJewels \u0130ngiltere","url":"https:\/\/www.purejewels.com\/","logo":{"@type":"ImageObject","inLanguage":"tr","@id":"https:\/\/www.purejewels.com\/#\/schema\/logo\/image\/","url":"https:\/\/static.purejewels.com\/wp-content\/uploads\/2020\/11\/Logo-PJ-New-1.png","contentUrl":"https:\/\/static.purejewels.com\/wp-content\/uploads\/2020\/11\/Logo-PJ-New-1.png","width":150,"height":80,"caption":"PureJewels UK"},"image":{"@id":"https:\/\/www.purejewels.com\/#\/schema\/logo\/image\/"}}]}},"_links":{"self":[{"href":"https:\/\/www.purejewels.com\/tr\/wp-json\/wp\/v2\/product\/326563","targetHints":{"allow":["GET"]}}],"collection":[{"href":"https:\/\/www.purejewels.com\/tr\/wp-json\/wp\/v2\/product"}],"about":[{"href":"https:\/\/www.purejewels.com\/tr\/wp-json\/wp\/v2\/types\/product"}],"replies":[{"embeddable":true,"href":"https:\/\/www.purejewels.com\/tr\/wp-json\/wp\/v2\/comments?post=326563"}],"version-history":[{"count":0,"href":"https:\/\/www.purejewels.com\/tr\/wp-json\/wp\/v2\/product\/326563\/revisions"}],"wp:featuredmedia":[{"embeddable":true,"href":"https:\/\/www.purejewels.com\/tr\/wp-json\/wp\/v2\/media\/326647"}],"wp:attachment":[{"href":"https:\/\/www.purejewels.com\/tr\/wp-json\/wp\/v2\/media?parent=326563"}],"wp:term":[{"taxonomy":"product_brand","embeddable":true,"href":"https:\/\/www.purejewels.com\/tr\/wp-json\/wp\/v2\/product_brand?post=326563"},{"taxonomy":"product_cat","embeddable":true,"href":"https:\/\/www.purejewels.com\/tr\/wp-json\/wp\/v2\/product_cat?post=326563"},{"taxonomy":"product_tag","embeddable":true,"href":"https:\/\/www.purejewels.com\/tr\/wp-json\/wp\/v2\/product_tag?post=326563"}],"curies":[{"name":"wp","href":"https:\/\/api.w.org\/{rel}","templated":true}]}}