{"id":326565,"date":"2021-09-03T06:52:35","date_gmt":"2021-09-03T05:52:35","guid":{"rendered":"https:\/\/www.purejewels.com\/product\/22ct-gold-baby-bracelet-3\/"},"modified":"2026-03-31T05:40:17","modified_gmt":"2026-03-31T04:40:17","slug":"22-ayar-altin-cocuk-bilekligi-33616","status":"publish","type":"product","link":"https:\/\/www.purejewels.com\/tr\/product\/22ct-gold-kids-bracelet-33616\/","title":{"rendered":"22 Ayar Alt\u0131n Bebek Kalika Boncuk Bileklik"},"content":{"rendered":"<p data-start=\"442\" data-end=\"610\">I\u015f\u0131lt\u0131l\u0131 22 ayar alt\u0131ndan \u00fcretilen Bebek Kalika Boncuk Bileklik, hayat\u0131n en de\u011ferli ba\u015flang\u0131\u00e7lar\u0131 i\u00e7in \u00f6zenle tasarlanm\u0131\u015f, gelenek ve sanat\u0131n g\u00fczel bir kar\u0131\u015f\u0131m\u0131d\u0131r.<\/p>\n<p data-start=\"612\" data-end=\"944\">Bilezik, merkezindeki zarif dokulu Kalika boncuklar\u0131 da dahil olmak \u00fczere ince detayl\u0131 alt\u0131n unsurlar\u0131n aras\u0131na serpi\u015ftirilmi\u015f, korumay\u0131 simgeleyen, elle dizilmi\u015f siyah boncuklardan olu\u015fan nazik bir ritme sahiptir. Her bir alt\u0131n boncuk, PureJewels'in miras i\u015f\u00e7ili\u011fine ve karma\u015f\u0131k detaylara olan ba\u011fl\u0131l\u0131\u011f\u0131n\u0131 yans\u0131tan bir hassasiyetle i\u015flenmi\u015ftir.<\/p>\n<p data-start=\"946\" data-end=\"1178\">Yumu\u015fak, hafif ve hassas bileklerde rahat olan bu par\u00e7a, hem \u015f\u0131kl\u0131k hem de pratiklik g\u00f6z \u00f6n\u00fcnde bulundurularak tasarlanm\u0131\u015ft\u0131r. Ayarlanabilir toka g\u00fcvenli ve esnek bir uyum sa\u011flayarak bilezi\u011fin \u00e7ocu\u011funuzla birlikte b\u00fcy\u00fcmesine olanak tan\u0131r.<\/p>\n<p data-start=\"1180\" data-end=\"1426\">Bir m\u00fccevherden \u00e7ok daha fazlas\u0131 olan bu bileklik, bir \u00e7ocu\u011fun yolculu\u011funu \u00e7evreleyen erken d\u00f6n\u00fcm noktalar\u0131n\u0131, kutsamalar\u0131 ve sevgi dolu niyetleri i\u015faretleyen anlaml\u0131 bir hat\u0131ra haline gelir. Bug\u00fcn el \u00fcst\u00fcnde tutulacak ve gelecek nesiller boyunca hat\u0131rlanacak zamans\u0131z bir par\u00e7a.<\/p>","protected":false},"excerpt":{"rendered":"<p>Koruma ve sevginin zarif bir ifadesi olan bu 22 ayar alt\u0131n bebek Kalika boncuk bilezi\u011fi, \u00e7ocu\u011funuzun en erken d\u00f6n\u00fcm noktalar\u0131n\u0131 zarafet ve anlamla kutlamak i\u00e7in tasarlanm\u0131\u015f, karma\u015f\u0131k bir \u015fekilde i\u015flenmi\u015f alt\u0131n vurgularla i\u00e7 i\u00e7e ge\u00e7mi\u015f geleneksel siyah boncuklara sahiptir.<\/p>\n<ul>\n<li>Yeni do\u011fan bebek i\u00e7in 22 ayar alt\u0131n mania m\u00fccevher bileklik.<\/li>\n<li>\u00c7ocuklar, \u00c7ocuklar, \u00c7ocuk, Bebek, Yeni Do\u011fan i\u00e7in uygundur.<\/li>\n<li>22 ayar damgal\u0131 \u00e7ocuk alt\u0131n tak\u0131lar\u0131.<\/li>\n<li>\u00a0Uzunluk : 5 \u0130n\u00e7<\/li>\n<li>A\u011f\u0131rl\u0131k :2.4grms<\/li>\n<li>SKU 33616<\/li>\n<li>T\u00fcm fiyatlara KDV dahildir<\/li>\n<li>Londra Tahlil Ofisi Taraf\u0131ndan Damgalanm\u0131\u015f 22 Ayar Alt\u0131n<\/li>\n<li>Sunum Kutusu ile Birlikte Gelir<\/li>\n<li>Teslimat Dahil<\/li>\n<li>Stok durumu ve stokta bulunan benzer tasar\u0131mlar\u0131n daha fazla g\u00f6r\u00fcnt\u00fcs\u00fc i\u00e7in bizimle canl\u0131 sohbet edin<\/li>\n<\/ul>","protected":false},"featured_media":327434,"comment_status":"closed","ping_status":"closed","template":"","meta":{"_eb_attr":"","_crsspst_to_jayantr4sg-hostcom":false},"product_brand":[],"product_cat":[1576,1790,1324,1229,5343,1436],"product_tag":[1546],"class_list":{"0":"post-326565","1":"product","2":"type-product","3":"status-publish","4":"has-post-thumbnail","6":"product_cat-childrens-jewellery","7":"product_cat-for-whom-when","8":"product_cat-gold-bracelet","9":"product_cat-22ct-gold-jewellery","10":"product_cat-jewellery-under-550","11":"product_cat-kids-bracelet-kada","12":"product_tag-children","14":"first","15":"outofstock","16":"taxable","17":"shipping-taxable","18":"product-type-simple","19":"add-to-wishlist-before_image"},"yoast_head":"<!-- This site is optimized with the Yoast SEO plugin v27.3 - https:\/\/yoast.com\/product\/yoast-seo-wordpress\/ -->\n<title>22ct Gold Baby Kalika Bracelet with Black Beads | PureJewels<\/title>\n<meta name=\"description\" content=\"Shop 22ct gold baby bracelet with black beads and centre textured gold design. Lightweight and comfortable for daily wear. PureJewels UK.\" \/>\n<meta name=\"robots\" content=\"index, follow, max-snippet:-1, max-image-preview:large, max-video-preview:-1\" \/>\n<link rel=\"canonical\" href=\"https:\/\/www.purejewels.com\/tr\/urun\/22-ayar-altin-cocuk-bilekligi-33616\/\" \/>\n<meta property=\"og:locale\" content=\"tr_TR\" \/>\n<meta property=\"og:type\" content=\"article\" \/>\n<meta property=\"og:title\" content=\"22ct Gold Baby Kalika Bracelet with Black Beads | PureJewels\" \/>\n<meta property=\"og:description\" content=\"Shop 22ct gold baby bracelet with black beads and centre textured gold design. Lightweight and comfortable for daily wear. PureJewels UK.\" \/>\n<meta property=\"og:url\" content=\"https:\/\/www.purejewels.com\/tr\/urun\/22-ayar-altin-cocuk-bilekligi-33616\/\" \/>\n<meta property=\"og:site_name\" content=\"PureJewels UK\" \/>\n<meta property=\"article:modified_time\" content=\"2026-03-31T04:40:17+00:00\" \/>\n<meta property=\"og:image\" content=\"https:\/\/static.purejewels.com\/wp-content\/uploads\/2021\/09\/33616-1.jpg\" \/>\n\t<meta property=\"og:image:width\" content=\"1000\" \/>\n\t<meta property=\"og:image:height\" content=\"1000\" \/>\n\t<meta property=\"og:image:type\" content=\"image\/jpeg\" \/>\n<meta name=\"twitter:card\" content=\"summary_large_image\" \/>\n<meta name=\"twitter:label1\" content=\"Tahmini okuma s\u00fcresi\" \/>\n\t<meta name=\"twitter:data1\" content=\"1 dakika\" \/>\n<script type=\"application\/ld+json\" class=\"yoast-schema-graph\">{\"@context\":\"https:\\\/\\\/schema.org\",\"@graph\":[{\"@type\":[\"WebPage\",\"ItemPage\"],\"@id\":\"https:\\\/\\\/www.purejewels.com\\\/product\\\/22ct-gold-kids-bracelet-33616\\\/\",\"url\":\"https:\\\/\\\/www.purejewels.com\\\/product\\\/22ct-gold-kids-bracelet-33616\\\/\",\"name\":\"22ct Gold Baby Kalika Bracelet with Black Beads | PureJewels\",\"isPartOf\":{\"@id\":\"https:\\\/\\\/www.purejewels.com\\\/#website\"},\"primaryImageOfPage\":{\"@id\":\"https:\\\/\\\/www.purejewels.com\\\/product\\\/22ct-gold-kids-bracelet-33616\\\/#primaryimage\"},\"image\":{\"@id\":\"https:\\\/\\\/www.purejewels.com\\\/product\\\/22ct-gold-kids-bracelet-33616\\\/#primaryimage\"},\"thumbnailUrl\":\"https:\\\/\\\/static.purejewels.com\\\/wp-content\\\/uploads\\\/2021\\\/09\\\/33616-1.jpg\",\"datePublished\":\"2021-09-03T05:52:35+00:00\",\"dateModified\":\"2026-03-31T04:40:17+00:00\",\"description\":\"Shop 22ct gold baby bracelet with black beads and centre textured gold design. Lightweight and comfortable for daily wear. PureJewels UK.\",\"breadcrumb\":{\"@id\":\"https:\\\/\\\/www.purejewels.com\\\/product\\\/22ct-gold-kids-bracelet-33616\\\/#breadcrumb\"},\"inLanguage\":\"tr\",\"potentialAction\":[{\"@type\":\"ReadAction\",\"target\":[\"https:\\\/\\\/www.purejewels.com\\\/product\\\/22ct-gold-kids-bracelet-33616\\\/\"]}]},{\"@type\":\"ImageObject\",\"inLanguage\":\"tr\",\"@id\":\"https:\\\/\\\/www.purejewels.com\\\/product\\\/22ct-gold-kids-bracelet-33616\\\/#primaryimage\",\"url\":\"https:\\\/\\\/static.purejewels.com\\\/wp-content\\\/uploads\\\/2021\\\/09\\\/33616-1.jpg\",\"contentUrl\":\"https:\\\/\\\/static.purejewels.com\\\/wp-content\\\/uploads\\\/2021\\\/09\\\/33616-1.jpg\",\"width\":1000,\"height\":1000,\"caption\":\"22ct Gold Kids Bracelet 33616-1\"},{\"@type\":\"BreadcrumbList\",\"@id\":\"https:\\\/\\\/www.purejewels.com\\\/product\\\/22ct-gold-kids-bracelet-33616\\\/#breadcrumb\",\"itemListElement\":[{\"@type\":\"ListItem\",\"position\":1,\"name\":\"Home\",\"item\":\"https:\\\/\\\/www.purejewels.com\\\/\"},{\"@type\":\"ListItem\",\"position\":2,\"name\":\"Shop\",\"item\":\"https:\\\/\\\/www.purejewels.com\\\/shop\\\/\"},{\"@type\":\"ListItem\",\"position\":3,\"name\":\"22ct Gold Baby Kalika Bead Bracelet\"}]},{\"@type\":\"WebSite\",\"@id\":\"https:\\\/\\\/www.purejewels.com\\\/#website\",\"url\":\"https:\\\/\\\/www.purejewels.com\\\/\",\"name\":\"PureJewels UK\",\"description\":\"Share the Love\",\"publisher\":{\"@id\":\"https:\\\/\\\/www.purejewels.com\\\/#organization\"},\"potentialAction\":[{\"@type\":\"SearchAction\",\"target\":{\"@type\":\"EntryPoint\",\"urlTemplate\":\"https:\\\/\\\/www.purejewels.com\\\/?s={search_term_string}\"},\"query-input\":{\"@type\":\"PropertyValueSpecification\",\"valueRequired\":true,\"valueName\":\"search_term_string\"}}],\"inLanguage\":\"tr\"},{\"@type\":\"Organization\",\"@id\":\"https:\\\/\\\/www.purejewels.com\\\/#organization\",\"name\":\"PureJewels UK\",\"url\":\"https:\\\/\\\/www.purejewels.com\\\/\",\"logo\":{\"@type\":\"ImageObject\",\"inLanguage\":\"tr\",\"@id\":\"https:\\\/\\\/www.purejewels.com\\\/#\\\/schema\\\/logo\\\/image\\\/\",\"url\":\"https:\\\/\\\/static.purejewels.com\\\/wp-content\\\/uploads\\\/2020\\\/11\\\/Logo-PJ-New-1.png\",\"contentUrl\":\"https:\\\/\\\/static.purejewels.com\\\/wp-content\\\/uploads\\\/2020\\\/11\\\/Logo-PJ-New-1.png\",\"width\":150,\"height\":80,\"caption\":\"PureJewels UK\"},\"image\":{\"@id\":\"https:\\\/\\\/www.purejewels.com\\\/#\\\/schema\\\/logo\\\/image\\\/\"}}]}<\/script>\n<!-- \/ Yoast SEO plugin. -->","yoast_head_json":{"title":"Siyah Boncuklu 22 Ayar Alt\u0131n Bebek Kalika Bileklik | PureJewels","description":"Siyah boncuklu ve ortas\u0131 dokulu alt\u0131n tasar\u0131ml\u0131 22 ayar alt\u0131n bebek bilekli\u011fi sat\u0131n al\u0131n. G\u00fcnl\u00fck kullan\u0131m i\u00e7in hafif ve rahat. PureJewels \u0130ngiltere.","robots":{"index":"index","follow":"follow","max-snippet":"max-snippet:-1","max-image-preview":"max-image-preview:large","max-video-preview":"max-video-preview:-1"},"canonical":"https:\/\/www.purejewels.com\/tr\/urun\/22-ayar-altin-cocuk-bilekligi-33616\/","og_locale":"tr_TR","og_type":"article","og_title":"22ct Gold Baby Kalika Bracelet with Black Beads | PureJewels","og_description":"Shop 22ct gold baby bracelet with black beads and centre textured gold design. Lightweight and comfortable for daily wear. PureJewels UK.","og_url":"https:\/\/www.purejewels.com\/tr\/urun\/22-ayar-altin-cocuk-bilekligi-33616\/","og_site_name":"PureJewels UK","article_modified_time":"2026-03-31T04:40:17+00:00","og_image":[{"width":1000,"height":1000,"url":"https:\/\/static.purejewels.com\/wp-content\/uploads\/2021\/09\/33616-1.jpg","type":"image\/jpeg"}],"twitter_card":"summary_large_image","twitter_misc":{"Tahmini okuma s\u00fcresi":"1 dakika"},"schema":{"@context":"https:\/\/schema.org","@graph":[{"@type":["WebPage","ItemPage"],"@id":"https:\/\/www.purejewels.com\/product\/22ct-gold-kids-bracelet-33616\/","url":"https:\/\/www.purejewels.com\/product\/22ct-gold-kids-bracelet-33616\/","name":"Siyah Boncuklu 22 Ayar Alt\u0131n Bebek Kalika Bileklik | PureJewels","isPartOf":{"@id":"https:\/\/www.purejewels.com\/#website"},"primaryImageOfPage":{"@id":"https:\/\/www.purejewels.com\/product\/22ct-gold-kids-bracelet-33616\/#primaryimage"},"image":{"@id":"https:\/\/www.purejewels.com\/product\/22ct-gold-kids-bracelet-33616\/#primaryimage"},"thumbnailUrl":"https:\/\/static.purejewels.com\/wp-content\/uploads\/2021\/09\/33616-1.jpg","datePublished":"2021-09-03T05:52:35+00:00","dateModified":"2026-03-31T04:40:17+00:00","description":"Siyah boncuklu ve ortas\u0131 dokulu alt\u0131n tasar\u0131ml\u0131 22 ayar alt\u0131n bebek bilekli\u011fi sat\u0131n al\u0131n. G\u00fcnl\u00fck kullan\u0131m i\u00e7in hafif ve rahat. PureJewels \u0130ngiltere.","breadcrumb":{"@id":"https:\/\/www.purejewels.com\/product\/22ct-gold-kids-bracelet-33616\/#breadcrumb"},"inLanguage":"tr","potentialAction":[{"@type":"ReadAction","target":["https:\/\/www.purejewels.com\/product\/22ct-gold-kids-bracelet-33616\/"]}]},{"@type":"ImageObject","inLanguage":"tr","@id":"https:\/\/www.purejewels.com\/product\/22ct-gold-kids-bracelet-33616\/#primaryimage","url":"https:\/\/static.purejewels.com\/wp-content\/uploads\/2021\/09\/33616-1.jpg","contentUrl":"https:\/\/static.purejewels.com\/wp-content\/uploads\/2021\/09\/33616-1.jpg","width":1000,"height":1000,"caption":"22ct Gold Kids Bracelet 33616-1"},{"@type":"BreadcrumbList","@id":"https:\/\/www.purejewels.com\/product\/22ct-gold-kids-bracelet-33616\/#breadcrumb","itemListElement":[{"@type":"ListItem","position":1,"name":"Home","item":"https:\/\/www.purejewels.com\/"},{"@type":"ListItem","position":2,"name":"Shop","item":"https:\/\/www.purejewels.com\/shop\/"},{"@type":"ListItem","position":3,"name":"22ct Gold Baby Kalika Bead Bracelet"}]},{"@type":"WebSite","@id":"https:\/\/www.purejewels.com\/#website","url":"https:\/\/www.purejewels.com\/","name":"PureJewels \u0130ngiltere","description":"Sevgiyi Payla\u015f\u0131n","publisher":{"@id":"https:\/\/www.purejewels.com\/#organization"},"potentialAction":[{"@type":"SearchAction","target":{"@type":"EntryPoint","urlTemplate":"https:\/\/www.purejewels.com\/?s={search_term_string}"},"query-input":{"@type":"PropertyValueSpecification","valueRequired":true,"valueName":"search_term_string"}}],"inLanguage":"tr"},{"@type":"Organization","@id":"https:\/\/www.purejewels.com\/#organization","name":"PureJewels \u0130ngiltere","url":"https:\/\/www.purejewels.com\/","logo":{"@type":"ImageObject","inLanguage":"tr","@id":"https:\/\/www.purejewels.com\/#\/schema\/logo\/image\/","url":"https:\/\/static.purejewels.com\/wp-content\/uploads\/2020\/11\/Logo-PJ-New-1.png","contentUrl":"https:\/\/static.purejewels.com\/wp-content\/uploads\/2020\/11\/Logo-PJ-New-1.png","width":150,"height":80,"caption":"PureJewels UK"},"image":{"@id":"https:\/\/www.purejewels.com\/#\/schema\/logo\/image\/"}}]}},"_links":{"self":[{"href":"https:\/\/www.purejewels.com\/tr\/wp-json\/wp\/v2\/product\/326565","targetHints":{"allow":["GET"]}}],"collection":[{"href":"https:\/\/www.purejewels.com\/tr\/wp-json\/wp\/v2\/product"}],"about":[{"href":"https:\/\/www.purejewels.com\/tr\/wp-json\/wp\/v2\/types\/product"}],"replies":[{"embeddable":true,"href":"https:\/\/www.purejewels.com\/tr\/wp-json\/wp\/v2\/comments?post=326565"}],"version-history":[{"count":3,"href":"https:\/\/www.purejewels.com\/tr\/wp-json\/wp\/v2\/product\/326565\/revisions"}],"predecessor-version":[{"id":427846,"href":"https:\/\/www.purejewels.com\/tr\/wp-json\/wp\/v2\/product\/326565\/revisions\/427846"}],"wp:featuredmedia":[{"embeddable":true,"href":"https:\/\/www.purejewels.com\/tr\/wp-json\/wp\/v2\/media\/327434"}],"wp:attachment":[{"href":"https:\/\/www.purejewels.com\/tr\/wp-json\/wp\/v2\/media?parent=326565"}],"wp:term":[{"taxonomy":"product_brand","embeddable":true,"href":"https:\/\/www.purejewels.com\/tr\/wp-json\/wp\/v2\/product_brand?post=326565"},{"taxonomy":"product_cat","embeddable":true,"href":"https:\/\/www.purejewels.com\/tr\/wp-json\/wp\/v2\/product_cat?post=326565"},{"taxonomy":"product_tag","embeddable":true,"href":"https:\/\/www.purejewels.com\/tr\/wp-json\/wp\/v2\/product_tag?post=326565"}],"curies":[{"name":"wp","href":"https:\/\/api.w.org\/{rel}","templated":true}]}}