{"id":326570,"date":"2021-09-03T07:28:10","date_gmt":"2021-09-03T06:28:10","guid":{"rendered":"https:\/\/www.purejewels.com\/product\/22ct-gold-baby-bracelet-2gm\/"},"modified":"2026-01-30T09:37:50","modified_gmt":"2026-01-30T09:37:50","slug":"22-ayar-altin-bebek-bilekligi-34403","status":"publish","type":"product","link":"https:\/\/www.purejewels.com\/tr\/product\/22-carat-gold-baby-bracelet-34403\/","title":{"rendered":"Dokulu Alt\u0131n Merkezli 22 Ayar Alt\u0131n Siyah Boncuklu Bebek Bilekli\u011fi"},"content":{"rendered":"<p>Tasar\u0131m<\/p>\n<p>Bu bebek bilezi\u011fi, klasik siyah boncuk dizisiyle \u00e7er\u00e7evelenmi\u015f ince dokulu alt\u0131n bir merkez motifine sahiptir. 22ct alt\u0131n\u0131n s\u0131cak \u0131\u015f\u0131lt\u0131s\u0131 ile boncuklar\u0131n derin tonu aras\u0131ndaki kontrast, zamans\u0131z ve abart\u0131s\u0131z bir g\u00f6r\u00fcn\u00fcm yarat\u0131r. Nazik oranlarla tasarlanan bileklik, a\u011f\u0131r veya m\u00fcdahaleci hissettirmeden bebe\u011fin bile\u011fine rahat\u00e7a oturur.<\/p>\n<p>Zanaatkarl\u0131k<\/p>\n<p>22 ayar alt\u0131ndan el i\u015f\u00e7ili\u011fiyle \u00fcretilen merkezi unsur, derinlik ve karakter katmak i\u00e7in hassas y\u00fczey dokusuyla tamamlanm\u0131\u015ft\u0131r. Her bir siyah boncuk, sa\u011flaml\u0131\u011f\u0131n\u0131 korurken esneklik sa\u011flamak i\u00e7in b\u00fck\u00fclm\u00fc\u015f alt\u0131n tel kullan\u0131larak ayr\u0131 ayr\u0131 ba\u011flanm\u0131\u015ft\u0131r. Bileklik p\u00fcr\u00fczs\u00fcz, g\u00fcvenilir bir toka ile sabitlenmi\u015ftir ve safl\u0131k sertifikas\u0131 i\u00e7in \u0130ngiltere'de damgalanm\u0131\u015ft\u0131r.<\/p>\n<p>\u015eekillendirme &amp; Hediyele\u015fme<\/p>\n<p>G\u00fcnl\u00fck kullan\u0131m ve anlaml\u0131 d\u00f6n\u00fcm noktalar\u0131 i\u00e7in m\u00fckemmel olan bu bileklik, sade alt\u0131n bebek bileklikleri veya halhallarla g\u00fczel bir \u015fekilde e\u015fle\u015fir. \u0130sim verme t\u00f6renleri, do\u011fum g\u00fcnleri veya aile kutlamalar\u0131 i\u00e7in d\u00fc\u015f\u00fcnceli bir hediye olan bu bileklik, gelenek, \u00f6zen ve kal\u0131c\u0131 de\u011ferin bir kar\u0131\u015f\u0131m\u0131n\u0131 sunar.<\/p>","protected":false},"excerpt":{"rendered":"<p>Geleneksel siyah boncuklara ve yumu\u015fak dokulu alt\u0131n merkeze sahip, rahatl\u0131k ve g\u00fcnl\u00fck kullan\u0131m i\u00e7in tasarlanm\u0131\u015f zarif bir 22 ayar alt\u0131n bebek bilezi\u011fi.<\/p>\n<ul>\n<li>Yeni do\u011fan bebek i\u00e7in 22 ayar alt\u0131n mania m\u00fccevher bileklik.<\/li>\n<li>\u00c7ocuklar, \u00c7ocuklar, \u00c7ocuk, Bebek, Yeni Do\u011fan i\u00e7in uygundur.<\/li>\n<li>22 ayar damgal\u0131 \u00e7ocuk alt\u0131n tak\u0131lar\u0131.<\/li>\n<li>Uzunluk : 4,5 \u0130n\u00e7<\/li>\n<li>A\u011f\u0131rl\u0131k :2 grms<\/li>\n<li>SKU 34403<\/li>\n<li>T\u00fcm fiyatlara KDV dahildir<\/li>\n<li>Londra Tahlil Ofisi Taraf\u0131ndan Damgalanm\u0131\u015f 22 Ayar Alt\u0131n<\/li>\n<li>Sunum Kutusu ile Birlikte Gelir<\/li>\n<li>Teslimat Dahil<\/li>\n<li>Stok durumu ve stokta bulunan benzer tasar\u0131mlar\u0131n daha fazla g\u00f6r\u00fcnt\u00fcs\u00fc i\u00e7in bizimle canl\u0131 sohbet edin<\/li>\n<\/ul>","protected":false},"featured_media":327436,"comment_status":"closed","ping_status":"closed","template":"","meta":{"_eb_attr":"","_crsspst_to_jayantr4sg-hostcom":false},"product_brand":[],"product_cat":[1576,1790,1324,1229,1436],"product_tag":[1546],"class_list":{"0":"post-326570","1":"product","2":"type-product","3":"status-publish","4":"has-post-thumbnail","6":"product_cat-childrens-jewellery","7":"product_cat-for-whom-when","8":"product_cat-gold-bracelet","9":"product_cat-22ct-gold-jewellery","10":"product_cat-kids-bracelet-kada","11":"product_tag-children","13":"first","14":"outofstock","15":"taxable","16":"shipping-taxable","17":"product-type-simple","18":"add-to-wishlist-before_image"},"yoast_head":"<!-- This site is optimized with the Yoast SEO plugin v27.3 - https:\/\/yoast.com\/product\/yoast-seo-wordpress\/ -->\n<title>22ct Black Bead Baby Bracelet with Textured Gold Centre | PureJewels<\/title>\n<meta name=\"description\" content=\"Discover the 22ct Gold Black Bead Baby Bracelet from PureJewels. Featuring a textured gold centre and traditional black beads, UK hallmarked.\" \/>\n<meta name=\"robots\" content=\"index, follow, max-snippet:-1, max-image-preview:large, max-video-preview:-1\" \/>\n<link rel=\"canonical\" href=\"https:\/\/www.purejewels.com\/tr\/urun\/22-ayar-altin-bebek-bilekligi-34403\/\" \/>\n<meta property=\"og:locale\" content=\"tr_TR\" \/>\n<meta property=\"og:type\" content=\"article\" \/>\n<meta property=\"og:title\" content=\"22ct Black Bead Baby Bracelet with Textured Gold Centre | PureJewels\" \/>\n<meta property=\"og:description\" content=\"Discover the 22ct Gold Black Bead Baby Bracelet from PureJewels. Featuring a textured gold centre and traditional black beads, UK hallmarked.\" \/>\n<meta property=\"og:url\" content=\"https:\/\/www.purejewels.com\/tr\/urun\/22-ayar-altin-bebek-bilekligi-34403\/\" \/>\n<meta property=\"og:site_name\" content=\"PureJewels UK\" \/>\n<meta property=\"article:modified_time\" content=\"2026-01-30T09:37:50+00:00\" \/>\n<meta property=\"og:image\" content=\"https:\/\/static.purejewels.com\/wp-content\/uploads\/2021\/09\/34403-1.jpg\" \/>\n\t<meta property=\"og:image:width\" content=\"1000\" \/>\n\t<meta property=\"og:image:height\" content=\"1000\" \/>\n\t<meta property=\"og:image:type\" content=\"image\/jpeg\" \/>\n<meta name=\"twitter:card\" content=\"summary_large_image\" \/>\n<meta name=\"twitter:label1\" content=\"Tahmini okuma s\u00fcresi\" \/>\n\t<meta name=\"twitter:data1\" content=\"1 dakika\" \/>\n<script type=\"application\/ld+json\" class=\"yoast-schema-graph\">{\"@context\":\"https:\\\/\\\/schema.org\",\"@graph\":[{\"@type\":[\"WebPage\",\"ItemPage\"],\"@id\":\"https:\\\/\\\/www.purejewels.com\\\/product\\\/22-carat-gold-baby-bracelet-34403\\\/\",\"url\":\"https:\\\/\\\/www.purejewels.com\\\/product\\\/22-carat-gold-baby-bracelet-34403\\\/\",\"name\":\"22ct Black Bead Baby Bracelet with Textured Gold Centre | PureJewels\",\"isPartOf\":{\"@id\":\"https:\\\/\\\/www.purejewels.com\\\/#website\"},\"primaryImageOfPage\":{\"@id\":\"https:\\\/\\\/www.purejewels.com\\\/product\\\/22-carat-gold-baby-bracelet-34403\\\/#primaryimage\"},\"image\":{\"@id\":\"https:\\\/\\\/www.purejewels.com\\\/product\\\/22-carat-gold-baby-bracelet-34403\\\/#primaryimage\"},\"thumbnailUrl\":\"https:\\\/\\\/static.purejewels.com\\\/wp-content\\\/uploads\\\/2021\\\/09\\\/34403-1.jpg\",\"datePublished\":\"2021-09-03T06:28:10+00:00\",\"dateModified\":\"2026-01-30T09:37:50+00:00\",\"description\":\"Discover the 22ct Gold Black Bead Baby Bracelet from PureJewels. Featuring a textured gold centre and traditional black beads, UK hallmarked.\",\"breadcrumb\":{\"@id\":\"https:\\\/\\\/www.purejewels.com\\\/product\\\/22-carat-gold-baby-bracelet-34403\\\/#breadcrumb\"},\"inLanguage\":\"tr\",\"potentialAction\":[{\"@type\":\"ReadAction\",\"target\":[\"https:\\\/\\\/www.purejewels.com\\\/product\\\/22-carat-gold-baby-bracelet-34403\\\/\"]}]},{\"@type\":\"ImageObject\",\"inLanguage\":\"tr\",\"@id\":\"https:\\\/\\\/www.purejewels.com\\\/product\\\/22-carat-gold-baby-bracelet-34403\\\/#primaryimage\",\"url\":\"https:\\\/\\\/static.purejewels.com\\\/wp-content\\\/uploads\\\/2021\\\/09\\\/34403-1.jpg\",\"contentUrl\":\"https:\\\/\\\/static.purejewels.com\\\/wp-content\\\/uploads\\\/2021\\\/09\\\/34403-1.jpg\",\"width\":1000,\"height\":1000,\"caption\":\"22ct Gold Bracelet 34403-1\"},{\"@type\":\"BreadcrumbList\",\"@id\":\"https:\\\/\\\/www.purejewels.com\\\/product\\\/22-carat-gold-baby-bracelet-34403\\\/#breadcrumb\",\"itemListElement\":[{\"@type\":\"ListItem\",\"position\":1,\"name\":\"Home\",\"item\":\"https:\\\/\\\/www.purejewels.com\\\/\"},{\"@type\":\"ListItem\",\"position\":2,\"name\":\"Shop\",\"item\":\"https:\\\/\\\/www.purejewels.com\\\/shop\\\/\"},{\"@type\":\"ListItem\",\"position\":3,\"name\":\"22ct Gold Black Bead Baby Bracelet with Textured Gold Centre\"}]},{\"@type\":\"WebSite\",\"@id\":\"https:\\\/\\\/www.purejewels.com\\\/#website\",\"url\":\"https:\\\/\\\/www.purejewels.com\\\/\",\"name\":\"PureJewels UK\",\"description\":\"Share the Love\",\"publisher\":{\"@id\":\"https:\\\/\\\/www.purejewels.com\\\/#organization\"},\"potentialAction\":[{\"@type\":\"SearchAction\",\"target\":{\"@type\":\"EntryPoint\",\"urlTemplate\":\"https:\\\/\\\/www.purejewels.com\\\/?s={search_term_string}\"},\"query-input\":{\"@type\":\"PropertyValueSpecification\",\"valueRequired\":true,\"valueName\":\"search_term_string\"}}],\"inLanguage\":\"tr\"},{\"@type\":\"Organization\",\"@id\":\"https:\\\/\\\/www.purejewels.com\\\/#organization\",\"name\":\"PureJewels UK\",\"url\":\"https:\\\/\\\/www.purejewels.com\\\/\",\"logo\":{\"@type\":\"ImageObject\",\"inLanguage\":\"tr\",\"@id\":\"https:\\\/\\\/www.purejewels.com\\\/#\\\/schema\\\/logo\\\/image\\\/\",\"url\":\"https:\\\/\\\/static.purejewels.com\\\/wp-content\\\/uploads\\\/2020\\\/11\\\/Logo-PJ-New-1.png\",\"contentUrl\":\"https:\\\/\\\/static.purejewels.com\\\/wp-content\\\/uploads\\\/2020\\\/11\\\/Logo-PJ-New-1.png\",\"width\":150,\"height\":80,\"caption\":\"PureJewels UK\"},\"image\":{\"@id\":\"https:\\\/\\\/www.purejewels.com\\\/#\\\/schema\\\/logo\\\/image\\\/\"}}]}<\/script>\n<!-- \/ Yoast SEO plugin. -->","yoast_head_json":{"title":"Dokulu Alt\u0131n Merkezli 22 Ayar Siyah Boncuklu Bebek Bilekli\u011fi | PureJewels","description":"PureJewels'in 22 Ayar Alt\u0131n Siyah Boncuklu Bebek Bilezi\u011fini ke\u015ffedin. Dokulu alt\u0131n merkeze ve geleneksel siyah boncuklara sahip, \u0130ngiltere damgal\u0131.","robots":{"index":"index","follow":"follow","max-snippet":"max-snippet:-1","max-image-preview":"max-image-preview:large","max-video-preview":"max-video-preview:-1"},"canonical":"https:\/\/www.purejewels.com\/tr\/urun\/22-ayar-altin-bebek-bilekligi-34403\/","og_locale":"tr_TR","og_type":"article","og_title":"22ct Black Bead Baby Bracelet with Textured Gold Centre | PureJewels","og_description":"Discover the 22ct Gold Black Bead Baby Bracelet from PureJewels. Featuring a textured gold centre and traditional black beads, UK hallmarked.","og_url":"https:\/\/www.purejewels.com\/tr\/urun\/22-ayar-altin-bebek-bilekligi-34403\/","og_site_name":"PureJewels UK","article_modified_time":"2026-01-30T09:37:50+00:00","og_image":[{"width":1000,"height":1000,"url":"https:\/\/static.purejewels.com\/wp-content\/uploads\/2021\/09\/34403-1.jpg","type":"image\/jpeg"}],"twitter_card":"summary_large_image","twitter_misc":{"Tahmini okuma s\u00fcresi":"1 dakika"},"schema":{"@context":"https:\/\/schema.org","@graph":[{"@type":["WebPage","ItemPage"],"@id":"https:\/\/www.purejewels.com\/product\/22-carat-gold-baby-bracelet-34403\/","url":"https:\/\/www.purejewels.com\/product\/22-carat-gold-baby-bracelet-34403\/","name":"Dokulu Alt\u0131n Merkezli 22 Ayar Siyah Boncuklu Bebek Bilekli\u011fi | PureJewels","isPartOf":{"@id":"https:\/\/www.purejewels.com\/#website"},"primaryImageOfPage":{"@id":"https:\/\/www.purejewels.com\/product\/22-carat-gold-baby-bracelet-34403\/#primaryimage"},"image":{"@id":"https:\/\/www.purejewels.com\/product\/22-carat-gold-baby-bracelet-34403\/#primaryimage"},"thumbnailUrl":"https:\/\/static.purejewels.com\/wp-content\/uploads\/2021\/09\/34403-1.jpg","datePublished":"2021-09-03T06:28:10+00:00","dateModified":"2026-01-30T09:37:50+00:00","description":"PureJewels'in 22 Ayar Alt\u0131n Siyah Boncuklu Bebek Bilezi\u011fini ke\u015ffedin. Dokulu alt\u0131n merkeze ve geleneksel siyah boncuklara sahip, \u0130ngiltere damgal\u0131.","breadcrumb":{"@id":"https:\/\/www.purejewels.com\/product\/22-carat-gold-baby-bracelet-34403\/#breadcrumb"},"inLanguage":"tr","potentialAction":[{"@type":"ReadAction","target":["https:\/\/www.purejewels.com\/product\/22-carat-gold-baby-bracelet-34403\/"]}]},{"@type":"ImageObject","inLanguage":"tr","@id":"https:\/\/www.purejewels.com\/product\/22-carat-gold-baby-bracelet-34403\/#primaryimage","url":"https:\/\/static.purejewels.com\/wp-content\/uploads\/2021\/09\/34403-1.jpg","contentUrl":"https:\/\/static.purejewels.com\/wp-content\/uploads\/2021\/09\/34403-1.jpg","width":1000,"height":1000,"caption":"22ct Gold Bracelet 34403-1"},{"@type":"BreadcrumbList","@id":"https:\/\/www.purejewels.com\/product\/22-carat-gold-baby-bracelet-34403\/#breadcrumb","itemListElement":[{"@type":"ListItem","position":1,"name":"Home","item":"https:\/\/www.purejewels.com\/"},{"@type":"ListItem","position":2,"name":"Shop","item":"https:\/\/www.purejewels.com\/shop\/"},{"@type":"ListItem","position":3,"name":"22ct Gold Black Bead Baby Bracelet with Textured Gold Centre"}]},{"@type":"WebSite","@id":"https:\/\/www.purejewels.com\/#website","url":"https:\/\/www.purejewels.com\/","name":"PureJewels \u0130ngiltere","description":"Sevgiyi Payla\u015f\u0131n","publisher":{"@id":"https:\/\/www.purejewels.com\/#organization"},"potentialAction":[{"@type":"SearchAction","target":{"@type":"EntryPoint","urlTemplate":"https:\/\/www.purejewels.com\/?s={search_term_string}"},"query-input":{"@type":"PropertyValueSpecification","valueRequired":true,"valueName":"search_term_string"}}],"inLanguage":"tr"},{"@type":"Organization","@id":"https:\/\/www.purejewels.com\/#organization","name":"PureJewels \u0130ngiltere","url":"https:\/\/www.purejewels.com\/","logo":{"@type":"ImageObject","inLanguage":"tr","@id":"https:\/\/www.purejewels.com\/#\/schema\/logo\/image\/","url":"https:\/\/static.purejewels.com\/wp-content\/uploads\/2020\/11\/Logo-PJ-New-1.png","contentUrl":"https:\/\/static.purejewels.com\/wp-content\/uploads\/2020\/11\/Logo-PJ-New-1.png","width":150,"height":80,"caption":"PureJewels UK"},"image":{"@id":"https:\/\/www.purejewels.com\/#\/schema\/logo\/image\/"}}]}},"_links":{"self":[{"href":"https:\/\/www.purejewels.com\/tr\/wp-json\/wp\/v2\/product\/326570","targetHints":{"allow":["GET"]}}],"collection":[{"href":"https:\/\/www.purejewels.com\/tr\/wp-json\/wp\/v2\/product"}],"about":[{"href":"https:\/\/www.purejewels.com\/tr\/wp-json\/wp\/v2\/types\/product"}],"replies":[{"embeddable":true,"href":"https:\/\/www.purejewels.com\/tr\/wp-json\/wp\/v2\/comments?post=326570"}],"version-history":[{"count":2,"href":"https:\/\/www.purejewels.com\/tr\/wp-json\/wp\/v2\/product\/326570\/revisions"}],"predecessor-version":[{"id":425444,"href":"https:\/\/www.purejewels.com\/tr\/wp-json\/wp\/v2\/product\/326570\/revisions\/425444"}],"wp:featuredmedia":[{"embeddable":true,"href":"https:\/\/www.purejewels.com\/tr\/wp-json\/wp\/v2\/media\/327436"}],"wp:attachment":[{"href":"https:\/\/www.purejewels.com\/tr\/wp-json\/wp\/v2\/media?parent=326570"}],"wp:term":[{"taxonomy":"product_brand","embeddable":true,"href":"https:\/\/www.purejewels.com\/tr\/wp-json\/wp\/v2\/product_brand?post=326570"},{"taxonomy":"product_cat","embeddable":true,"href":"https:\/\/www.purejewels.com\/tr\/wp-json\/wp\/v2\/product_cat?post=326570"},{"taxonomy":"product_tag","embeddable":true,"href":"https:\/\/www.purejewels.com\/tr\/wp-json\/wp\/v2\/product_tag?post=326570"}],"curies":[{"name":"wp","href":"https:\/\/api.w.org\/{rel}","templated":true}]}}