{"id":326691,"date":"2021-09-13T08:22:37","date_gmt":"2021-09-13T07:22:37","guid":{"rendered":"https:\/\/www.purejewels.com\/product\/18ct-rose-gold-mangalsutra-5-3gm-diamond-0-64ct\/"},"modified":"2026-01-07T10:47:40","modified_gmt":"2026-01-07T10:47:40","slug":"18-ayar-pembe-altin-pirlanta-mangalsutra-34183","status":"publish","type":"product","link":"https:\/\/www.purejewels.com\/tr\/product\/18ct-rose-gold-diamond-mangalsutra-34183\/","title":{"rendered":"P\u0131rlanta K\u00fcme V-Bar Mangalsutra"},"content":{"rendered":"<p data-start=\"0\" data-end=\"404\"><strong data-start=\"0\" data-end=\"10\">Tasar\u0131m<\/strong><br data-start=\"10\" data-end=\"13\" \/>18 ayar pembe alt\u0131n Diamond Cluster V-Bar Mangalsutra, de\u011ferli bir sembole yeni bir bak\u0131\u015f a\u00e7\u0131s\u0131 getiriyor. Parlak yuvarlak elmaslar, \u0131\u015f\u0131lt\u0131l\u0131 bir k\u00fcme merkezine uzanan zarif bir V \u015fekilli \u00e7ubuk olu\u015fturuyor. Klasik siyah boncuklar boyun \u00e7izgisini takip ederek s\u0131cak pembe alt\u0131nla zarif bir kontrast olu\u015fturuyor. K\u00f6pr\u00fcc\u00fck kemi\u011fine d\u00fczg\u00fcn bir \u015fekilde oturmas\u0131 i\u00e7in tasarlanan bu tasar\u0131m, modern ancak geleneklere derinlemesine ba\u011fl\u0131 bir his veriyor.<\/p>\n<p data-start=\"406\" data-end=\"872\"><strong data-start=\"406\" data-end=\"423\">Zanaatkarl\u0131k<\/strong><br data-start=\"423\" data-end=\"426\" \/>18 ayar pembe alt\u0131nla ustaca i\u015flenmi\u015f her bir elmas, \u0131\u015f\u0131\u011f\u0131 ve parlakl\u0131\u011f\u0131 en \u00fcst d\u00fczeye \u00e7\u0131karmak i\u00e7in hassas bir \u015fekilde yerle\u015ftirilmi\u015f olup, cilde p\u00fcr\u00fczs\u00fcz ve rahat bir his verir. Siyah boncuklar, dayan\u0131kl\u0131l\u0131k ve ak\u0131c\u0131 hareket i\u00e7in \u00f6zenle dizilmi\u015f ve g\u00fcnl\u00fck kullan\u0131m i\u00e7in g\u00fcvenli bir toka ile birle\u015ftirilmi\u015ftir. Her par\u00e7a, alt\u0131n\u0131n safl\u0131\u011f\u0131n\u0131 ve yap\u0131m kalitesini onaylamak i\u00e7in \u0130ngiltere'de damgalanm\u0131\u015ft\u0131r. Detaylara g\u00f6sterilen bu \u00f6zen, mangalsutran\u0131n hem dayan\u0131kl\u0131 hem de l\u00fcks olmas\u0131n\u0131 sa\u011flar.<\/p>\n<p data-start=\"874\" data-end=\"1296\" data-is-last-node=\"\" data-is-only-node=\"\"><strong data-start=\"874\" data-end=\"895\">\u015eekillendirme &amp; Hediyele\u015fme<\/strong><br data-start=\"895\" data-end=\"898\" \/>G\u00fcnl\u00fck mangalsutra olarak m\u00fckemmel olan bu tak\u0131, kutlamalar ve ak\u015fam etkinlikleri i\u00e7in daha ince elmas zincirler veya kolyelerle g\u00fczel bir \u015fekilde kombinlenebilir. \u00c7a\u011fda\u015f ve sade bir gelin g\u00f6r\u00fcn\u00fcm\u00fc i\u00e7in g\u00fcl alt\u0131n bilezikler veya k\u00fcpelerle e\u015fle\u015ftirin. D\u00fc\u011f\u00fcn g\u00fcn\u00fc tak\u0131lar\u0131 i\u00e7in anlaml\u0131 bir se\u00e7im olan bu tak\u0131, y\u0131ld\u00f6n\u00fcmleri, yemin yenilemeleri veya \u00e7iftlerin yolculu\u011fundaki \u00f6zel d\u00f6n\u00fcm noktalar\u0131 i\u00e7in de d\u00fc\u015f\u00fcnceli bir hediye se\u00e7ene\u011fidir.<\/p>","protected":false},"excerpt":{"rendered":"<ul>\n<li>P\u0131rlantal\u0131 18 Ayar Pembe Alt\u0131n Mangalsutra<\/li>\n<li>A\u011f\u0131rl\u0131k 5.3gms<\/li>\n<li>Uzunluk 20 \u0130n\u00e7<\/li>\n<li>0,64 Karat P\u0131rlanta<\/li>\n<li>SKU. 34183<\/li>\n<li>T\u00fcm fiyatlara KDV dahildir<\/li>\n<li>T\u00fcm \u00fcr\u00fcnlerimiz London Assay Office taraf\u0131ndan damgalanm\u0131\u015ft\u0131r<\/li>\n<li>Sunum kutusu ile birlikte gelir<\/li>\n<li>Teslimat Dahil<\/li>\n<li>\u015eu anda mevcut de\u011fil, 3 - 6 hafta i\u00e7inde sipari\u015f \u00fczerine yap\u0131labilir<\/li>\n<li>Enfes Rose Gold Diamond Mangalsutra koleksiyonumuzu ke\u015ffetmek i\u00e7in bizimle canl\u0131 sohbet edin veya Londra'daki ma\u011fazam\u0131z\u0131 ziyaret edin<\/li>\n<\/ul>","protected":false},"featured_media":326693,"comment_status":"closed","ping_status":"closed","template":"","meta":{"_eb_attr":"","_crsspst_to_jayantr4sg-hostcom":true},"product_brand":[],"product_cat":[1791,1559,1790,1229,1284,1776,1573,1574],"product_tag":[],"class_list":{"0":"post-326691","1":"product","2":"type-product","3":"status-publish","4":"has-post-thumbnail","6":"product_cat-anniversary-gifts","7":"product_cat-birthday-gifts","8":"product_cat-for-whom-when","9":"product_cat-22ct-gold-jewellery","10":"product_cat-gold-mangalsutras","11":"product_cat-occasional-wear-mangalsutras","12":"product_cat-wedding-gifts","13":"product_cat-womens-jewellery","15":"first","16":"outofstock","17":"taxable","18":"shipping-taxable","19":"product-type-simple","20":"add-to-wishlist-before_image"},"yoast_head":"<!-- This site is optimized with the Yoast SEO plugin v27.3 - https:\/\/yoast.com\/product\/yoast-seo-wordpress\/ -->\n<title>Diamond Cluster V-Bar Mangalsutra in 18ct Rose Gold<\/title>\n<meta name=\"description\" content=\"Shop the Diamond Cluster V-Bar Mangalsutra in 18ct rose gold at PureJewels, featuring brilliant diamonds on classic black beads for a modern yet traditional bridal look.\" \/>\n<meta name=\"robots\" content=\"index, follow, max-snippet:-1, max-image-preview:large, max-video-preview:-1\" \/>\n<link rel=\"canonical\" href=\"https:\/\/www.purejewels.com\/tr\/urun\/18-ayar-pembe-altin-pirlanta-mangalsutra-34183\/\" \/>\n<meta property=\"og:locale\" content=\"tr_TR\" \/>\n<meta property=\"og:type\" content=\"article\" \/>\n<meta property=\"og:title\" content=\"Diamond Cluster V-Bar Mangalsutra in 18ct Rose Gold\" \/>\n<meta property=\"og:description\" content=\"Shop the Diamond Cluster V-Bar Mangalsutra in 18ct rose gold at PureJewels, featuring brilliant diamonds on classic black beads for a modern yet traditional bridal look.\" \/>\n<meta property=\"og:url\" content=\"https:\/\/www.purejewels.com\/tr\/urun\/18-ayar-pembe-altin-pirlanta-mangalsutra-34183\/\" \/>\n<meta property=\"og:site_name\" content=\"PureJewels UK\" \/>\n<meta property=\"article:modified_time\" content=\"2026-01-07T10:47:40+00:00\" \/>\n<meta property=\"og:image\" content=\"https:\/\/www.purejewels.com\/wp-content\/uploads\/2021\/09\/34183.jpg\" \/>\n\t<meta property=\"og:image:width\" content=\"1000\" \/>\n\t<meta property=\"og:image:height\" content=\"1000\" \/>\n\t<meta property=\"og:image:type\" content=\"image\/jpeg\" \/>\n<meta name=\"twitter:card\" content=\"summary_large_image\" \/>\n<meta name=\"twitter:label1\" content=\"Tahmini okuma s\u00fcresi\" \/>\n\t<meta name=\"twitter:data1\" content=\"2 dakika\" \/>\n<script type=\"application\/ld+json\" class=\"yoast-schema-graph\">{\"@context\":\"https:\\\/\\\/schema.org\",\"@graph\":[{\"@type\":[\"WebPage\",\"ItemPage\"],\"@id\":\"https:\\\/\\\/www.purejewels.com\\\/product\\\/18ct-rose-gold-diamond-mangalsutra-34183\\\/\",\"url\":\"https:\\\/\\\/www.purejewels.com\\\/product\\\/18ct-rose-gold-diamond-mangalsutra-34183\\\/\",\"name\":\"Diamond Cluster V-Bar Mangalsutra in 18ct Rose Gold\",\"isPartOf\":{\"@id\":\"https:\\\/\\\/www.purejewels.com\\\/#website\"},\"primaryImageOfPage\":{\"@id\":\"https:\\\/\\\/www.purejewels.com\\\/product\\\/18ct-rose-gold-diamond-mangalsutra-34183\\\/#primaryimage\"},\"image\":{\"@id\":\"https:\\\/\\\/www.purejewels.com\\\/product\\\/18ct-rose-gold-diamond-mangalsutra-34183\\\/#primaryimage\"},\"thumbnailUrl\":\"https:\\\/\\\/static.purejewels.com\\\/wp-content\\\/uploads\\\/2021\\\/09\\\/34183.jpg\",\"datePublished\":\"2021-09-13T07:22:37+00:00\",\"dateModified\":\"2026-01-07T10:47:40+00:00\",\"description\":\"Shop the Diamond Cluster V-Bar Mangalsutra in 18ct rose gold at PureJewels, featuring brilliant diamonds on classic black beads for a modern yet traditional bridal look.\",\"breadcrumb\":{\"@id\":\"https:\\\/\\\/www.purejewels.com\\\/product\\\/18ct-rose-gold-diamond-mangalsutra-34183\\\/#breadcrumb\"},\"inLanguage\":\"tr\",\"potentialAction\":[{\"@type\":\"ReadAction\",\"target\":[\"https:\\\/\\\/www.purejewels.com\\\/product\\\/18ct-rose-gold-diamond-mangalsutra-34183\\\/\"]}]},{\"@type\":\"ImageObject\",\"inLanguage\":\"tr\",\"@id\":\"https:\\\/\\\/www.purejewels.com\\\/product\\\/18ct-rose-gold-diamond-mangalsutra-34183\\\/#primaryimage\",\"url\":\"https:\\\/\\\/static.purejewels.com\\\/wp-content\\\/uploads\\\/2021\\\/09\\\/34183.jpg\",\"contentUrl\":\"https:\\\/\\\/static.purejewels.com\\\/wp-content\\\/uploads\\\/2021\\\/09\\\/34183.jpg\",\"width\":1000,\"height\":1000,\"caption\":\"18ct Rose Gold Diamond Mangalsutra - 34183\"},{\"@type\":\"BreadcrumbList\",\"@id\":\"https:\\\/\\\/www.purejewels.com\\\/product\\\/18ct-rose-gold-diamond-mangalsutra-34183\\\/#breadcrumb\",\"itemListElement\":[{\"@type\":\"ListItem\",\"position\":1,\"name\":\"Home\",\"item\":\"https:\\\/\\\/www.purejewels.com\\\/\"},{\"@type\":\"ListItem\",\"position\":2,\"name\":\"Shop\",\"item\":\"https:\\\/\\\/www.purejewels.com\\\/shop\\\/\"},{\"@type\":\"ListItem\",\"position\":3,\"name\":\"Diamond Cluster V-Bar Mangalsutra\"}]},{\"@type\":\"WebSite\",\"@id\":\"https:\\\/\\\/www.purejewels.com\\\/#website\",\"url\":\"https:\\\/\\\/www.purejewels.com\\\/\",\"name\":\"PureJewels UK\",\"description\":\"Share the Love\",\"publisher\":{\"@id\":\"https:\\\/\\\/www.purejewels.com\\\/#organization\"},\"potentialAction\":[{\"@type\":\"SearchAction\",\"target\":{\"@type\":\"EntryPoint\",\"urlTemplate\":\"https:\\\/\\\/www.purejewels.com\\\/?s={search_term_string}\"},\"query-input\":{\"@type\":\"PropertyValueSpecification\",\"valueRequired\":true,\"valueName\":\"search_term_string\"}}],\"inLanguage\":\"tr\"},{\"@type\":\"Organization\",\"@id\":\"https:\\\/\\\/www.purejewels.com\\\/#organization\",\"name\":\"PureJewels UK\",\"url\":\"https:\\\/\\\/www.purejewels.com\\\/\",\"logo\":{\"@type\":\"ImageObject\",\"inLanguage\":\"tr\",\"@id\":\"https:\\\/\\\/www.purejewels.com\\\/#\\\/schema\\\/logo\\\/image\\\/\",\"url\":\"https:\\\/\\\/static.purejewels.com\\\/wp-content\\\/uploads\\\/2020\\\/11\\\/Logo-PJ-New-1.png\",\"contentUrl\":\"https:\\\/\\\/static.purejewels.com\\\/wp-content\\\/uploads\\\/2020\\\/11\\\/Logo-PJ-New-1.png\",\"width\":150,\"height\":80,\"caption\":\"PureJewels UK\"},\"image\":{\"@id\":\"https:\\\/\\\/www.purejewels.com\\\/#\\\/schema\\\/logo\\\/image\\\/\"}}]}<\/script>\n<!-- \/ Yoast SEO plugin. -->","yoast_head_json":{"title":"18 ayar pembe alt\u0131n elmas k\u00fcme V-Bar Mangalsutra","description":"PureJewels'da 18 ayar pembe alt\u0131n Diamond Cluster V-Bar Mangalsutra'y\u0131 sat\u0131n al\u0131n. Klasik siyah boncuklar \u00fczerinde parlak elmaslar bulunan bu \u00fcr\u00fcn, modern ama geleneksel bir gelin g\u00f6r\u00fcn\u00fcm\u00fc sunar.","robots":{"index":"index","follow":"follow","max-snippet":"max-snippet:-1","max-image-preview":"max-image-preview:large","max-video-preview":"max-video-preview:-1"},"canonical":"https:\/\/www.purejewels.com\/tr\/urun\/18-ayar-pembe-altin-pirlanta-mangalsutra-34183\/","og_locale":"tr_TR","og_type":"article","og_title":"Diamond Cluster V-Bar Mangalsutra in 18ct Rose Gold","og_description":"Shop the Diamond Cluster V-Bar Mangalsutra in 18ct rose gold at PureJewels, featuring brilliant diamonds on classic black beads for a modern yet traditional bridal look.","og_url":"https:\/\/www.purejewels.com\/tr\/urun\/18-ayar-pembe-altin-pirlanta-mangalsutra-34183\/","og_site_name":"PureJewels UK","article_modified_time":"2026-01-07T10:47:40+00:00","og_image":[{"width":1000,"height":1000,"url":"https:\/\/www.purejewels.com\/wp-content\/uploads\/2021\/09\/34183.jpg","type":"image\/jpeg"}],"twitter_card":"summary_large_image","twitter_misc":{"Tahmini okuma s\u00fcresi":"2 dakika"},"schema":{"@context":"https:\/\/schema.org","@graph":[{"@type":["WebPage","ItemPage"],"@id":"https:\/\/www.purejewels.com\/product\/18ct-rose-gold-diamond-mangalsutra-34183\/","url":"https:\/\/www.purejewels.com\/product\/18ct-rose-gold-diamond-mangalsutra-34183\/","name":"18 ayar pembe alt\u0131n elmas k\u00fcme V-Bar Mangalsutra","isPartOf":{"@id":"https:\/\/www.purejewels.com\/#website"},"primaryImageOfPage":{"@id":"https:\/\/www.purejewels.com\/product\/18ct-rose-gold-diamond-mangalsutra-34183\/#primaryimage"},"image":{"@id":"https:\/\/www.purejewels.com\/product\/18ct-rose-gold-diamond-mangalsutra-34183\/#primaryimage"},"thumbnailUrl":"https:\/\/static.purejewels.com\/wp-content\/uploads\/2021\/09\/34183.jpg","datePublished":"2021-09-13T07:22:37+00:00","dateModified":"2026-01-07T10:47:40+00:00","description":"PureJewels'da 18 ayar pembe alt\u0131n Diamond Cluster V-Bar Mangalsutra'y\u0131 sat\u0131n al\u0131n. Klasik siyah boncuklar \u00fczerinde parlak elmaslar bulunan bu \u00fcr\u00fcn, modern ama geleneksel bir gelin g\u00f6r\u00fcn\u00fcm\u00fc sunar.","breadcrumb":{"@id":"https:\/\/www.purejewels.com\/product\/18ct-rose-gold-diamond-mangalsutra-34183\/#breadcrumb"},"inLanguage":"tr","potentialAction":[{"@type":"ReadAction","target":["https:\/\/www.purejewels.com\/product\/18ct-rose-gold-diamond-mangalsutra-34183\/"]}]},{"@type":"ImageObject","inLanguage":"tr","@id":"https:\/\/www.purejewels.com\/product\/18ct-rose-gold-diamond-mangalsutra-34183\/#primaryimage","url":"https:\/\/static.purejewels.com\/wp-content\/uploads\/2021\/09\/34183.jpg","contentUrl":"https:\/\/static.purejewels.com\/wp-content\/uploads\/2021\/09\/34183.jpg","width":1000,"height":1000,"caption":"18ct Rose Gold Diamond Mangalsutra - 34183"},{"@type":"BreadcrumbList","@id":"https:\/\/www.purejewels.com\/product\/18ct-rose-gold-diamond-mangalsutra-34183\/#breadcrumb","itemListElement":[{"@type":"ListItem","position":1,"name":"Home","item":"https:\/\/www.purejewels.com\/"},{"@type":"ListItem","position":2,"name":"Shop","item":"https:\/\/www.purejewels.com\/shop\/"},{"@type":"ListItem","position":3,"name":"Diamond Cluster V-Bar Mangalsutra"}]},{"@type":"WebSite","@id":"https:\/\/www.purejewels.com\/#website","url":"https:\/\/www.purejewels.com\/","name":"PureJewels \u0130ngiltere","description":"Sevgiyi Payla\u015f\u0131n","publisher":{"@id":"https:\/\/www.purejewels.com\/#organization"},"potentialAction":[{"@type":"SearchAction","target":{"@type":"EntryPoint","urlTemplate":"https:\/\/www.purejewels.com\/?s={search_term_string}"},"query-input":{"@type":"PropertyValueSpecification","valueRequired":true,"valueName":"search_term_string"}}],"inLanguage":"tr"},{"@type":"Organization","@id":"https:\/\/www.purejewels.com\/#organization","name":"PureJewels \u0130ngiltere","url":"https:\/\/www.purejewels.com\/","logo":{"@type":"ImageObject","inLanguage":"tr","@id":"https:\/\/www.purejewels.com\/#\/schema\/logo\/image\/","url":"https:\/\/static.purejewels.com\/wp-content\/uploads\/2020\/11\/Logo-PJ-New-1.png","contentUrl":"https:\/\/static.purejewels.com\/wp-content\/uploads\/2020\/11\/Logo-PJ-New-1.png","width":150,"height":80,"caption":"PureJewels UK"},"image":{"@id":"https:\/\/www.purejewels.com\/#\/schema\/logo\/image\/"}}]}},"_links":{"self":[{"href":"https:\/\/www.purejewels.com\/tr\/wp-json\/wp\/v2\/product\/326691","targetHints":{"allow":["GET"]}}],"collection":[{"href":"https:\/\/www.purejewels.com\/tr\/wp-json\/wp\/v2\/product"}],"about":[{"href":"https:\/\/www.purejewels.com\/tr\/wp-json\/wp\/v2\/types\/product"}],"replies":[{"embeddable":true,"href":"https:\/\/www.purejewels.com\/tr\/wp-json\/wp\/v2\/comments?post=326691"}],"version-history":[{"count":4,"href":"https:\/\/www.purejewels.com\/tr\/wp-json\/wp\/v2\/product\/326691\/revisions"}],"predecessor-version":[{"id":421182,"href":"https:\/\/www.purejewels.com\/tr\/wp-json\/wp\/v2\/product\/326691\/revisions\/421182"}],"wp:featuredmedia":[{"embeddable":true,"href":"https:\/\/www.purejewels.com\/tr\/wp-json\/wp\/v2\/media\/326693"}],"wp:attachment":[{"href":"https:\/\/www.purejewels.com\/tr\/wp-json\/wp\/v2\/media?parent=326691"}],"wp:term":[{"taxonomy":"product_brand","embeddable":true,"href":"https:\/\/www.purejewels.com\/tr\/wp-json\/wp\/v2\/product_brand?post=326691"},{"taxonomy":"product_cat","embeddable":true,"href":"https:\/\/www.purejewels.com\/tr\/wp-json\/wp\/v2\/product_cat?post=326691"},{"taxonomy":"product_tag","embeddable":true,"href":"https:\/\/www.purejewels.com\/tr\/wp-json\/wp\/v2\/product_tag?post=326691"}],"curies":[{"name":"wp","href":"https:\/\/api.w.org\/{rel}","templated":true}]}}