{"id":326716,"date":"2021-09-13T11:12:01","date_gmt":"2021-09-13T10:12:01","guid":{"rendered":"https:\/\/www.purejewels.com\/?post_type=product&#038;p=326716"},"modified":"2026-01-10T16:14:29","modified_gmt":"2026-01-10T16:14:29","slug":"22-ayar-altin-bayan-bileklik-34152","status":"publish","type":"product","link":"https:\/\/www.purejewels.com\/tr\/product\/22ct-gold-ladies-bangle-bracelet-34152\/","title":{"rendered":"22 Ayar Alt\u0131n Bayan Bileklik | Glow koleksiyonu"},"content":{"rendered":"<p>Bilezikler, bilekliklerin tasar\u0131mc\u0131 ve evrim ge\u00e7irmi\u015f versiyonlar\u0131d\u0131r. <a href=\"https:\/\/www.purejewels.com\/tr\/how-to-measure-bangle-size-2\/\">B\u0130LEZ\u0130KLER<\/a> ve di\u011fer bilek s\u00fcsleri, \u00e7a\u011flar boyunca Hint miras\u0131n\u0131n ve geleneksel m\u00fccevher koleksiyonlar\u0131n\u0131n bir par\u00e7as\u0131 olmu\u015ftur. G\u00fcn\u00fcm\u00fczde bilek s\u00fcsleri bilezik, bileklik, kadas, haath phools ve daha bir\u00e7ok karma\u015f\u0131k par\u00e7adan olu\u015fmaktad\u0131r. Farkl\u0131 stillerde ve tasar\u0131mlarda \u00fcretilen bu tak\u0131lar\u0131n her biri \u00f6zel g\u00fcnlere i\u015faret etmekte ve kendine has bir uygunluk ve stil fakt\u00f6r\u00fcne sahiptir.<\/p>\n<p>Geli\u015fen tasar\u0131m hassasiyetleri ve her ge\u00e7en g\u00fcn yeni tasar\u0131mlara olan taleple birlikte, bunun gibi bilezikler evrim ge\u00e7irerek uzun bir yol kat etti. Bu 22K <a href=\"https:\/\/www.purejewels.com\/tr\/product\/22ct-gold-mens-bracelet\/\">alt\u0131n bilezik<\/a> geleneksel olarak tasarlanan ince bilekli\u011fin geli\u015ftirilmi\u015f bir versiyonudur ve alt\u0131n bileklik \u015feklinde \u00fcretilmi\u015ftir. <a href=\"https:\/\/www.purejewels.com\/tr\/product-category\/22ct-gold-jewellery\/gold-bracelet\/\">Bilezik<\/a> kolay giyilebilirlik ve zahmetsizlik sa\u011flamak i\u00e7in. Bu antika bayanlar\u0131n tasar\u0131m\u0131 <a href=\"https:\/\/www.purejewels.com\/tr\/product\/22-carat-gold-single-bangle-34207\/\">alt\u0131n bileklik<\/a> bilezikler narin bir <a href=\"https:\/\/www.purejewels.com\/tr\/handmade-gold-jewellery\/\">el yap\u0131m\u0131<\/a> Ortas\u0131na estetik bir \u015fekilde yerle\u015ftirilmi\u015f b\u00fcy\u00fcleyici oyma boncuk unsurlar\u0131na sahip yontulmu\u015f alt\u0131n akor. Purejewels'in bu bilekli\u011fi kolayl\u0131k ve zahmetsizlik g\u00f6z \u00f6n\u00fcnde bulundurularak tasarlanm\u0131\u015ft\u0131r ve y\u00fcksek alt\u0131n parlakl\u0131\u011f\u0131yla her daim ye\u015fil kalmas\u0131n\u0131 sa\u011flar.<\/p>\n<p>Bu cesur ve a\u00e7\u0131klay\u0131c\u0131 <a href=\"https:\/\/www.purejewels.com\/tr\/product\/22-carat-gold-bangle-31151\/\">22 Ayar Alt\u0131n Bileklik<\/a> Purejewels bileklik, se\u00e7ebilece\u011finiz bir Hint k\u0131yafeti ile tak\u0131ld\u0131\u011f\u0131nda istiflemek i\u00e7in m\u00fckemmeldir ve sizi \u00f6ne \u00e7\u0131karmak i\u00e7in zarif resmi veya ofis k\u0131yafetleriyle tek ba\u015f\u0131na bile tak\u0131labilir. Ayr\u0131ca kol saatinizle birlikte de takabilir ve fark\u0131n\u0131z\u0131 ortaya koyabilirsiniz. Geni\u015f bayan alt\u0131n bilezik ve bileklik yelpazemizden se\u00e7iminizi yap\u0131n ve m\u00fccevherlerinizin di\u011fer her \u015feyi g\u00f6lgede b\u0131rakmas\u0131na izin verin.<\/p>\n<p>&nbsp;<\/p>","protected":false},"excerpt":{"rendered":"<ul>\n<li>22 Ayar Alt\u0131n Bileklik<\/li>\n<li>A\u011f\u0131rl\u0131k 4 gms<\/li>\n<li>SKU. 45016<\/li>\n<li>Boyut 2.4<\/li>\n<li>Her boyutta sipari\u015f \u00fczerine yap\u0131labilir<\/li>\n<li>T\u00fcm fiyatlara KDV dahildir<\/li>\n<li>T\u00fcm \u00fcr\u00fcnlerimiz London Assay Office taraf\u0131ndan damgalanm\u0131\u015ft\u0131r<\/li>\n<li>T\u00fcm Bilezikler Sunum Kutusuyla Birlikte Gelir<\/li>\n<li>Birle\u015fik Krall\u0131k genelinde \u00fccretsiz teslimat<\/li>\n<li>M\u00fccevher Hediyeleri \u0130ngiltere'nin canl\u0131 videosu i\u00e7in bize ula\u015f\u0131n \/ bizimle sohbet edin<\/li>\n<\/ul>","protected":false},"featured_media":318329,"comment_status":"closed","ping_status":"closed","template":"","meta":{"_eb_attr":"","_crsspst_to_jayantr4sg-hostcom":false},"product_brand":[],"product_cat":[1791,1559,1794,236,1793,3628,1233,1324,1627,1657,1569,1574],"product_tag":[1430,63],"class_list":{"0":"post-326716","1":"product","2":"type-product","3":"status-publish","4":"has-post-thumbnail","6":"product_cat-anniversary-gifts","7":"product_cat-birthday-gifts","8":"product_cat-christmas-gifts","9":"product_cat-collections","10":"product_cat-diwali-gifts","11":"product_cat-glow-collections","12":"product_cat-gold-bangles","13":"product_cat-gold-bracelet","14":"product_cat-ladies-bracelet","15":"product_cat-single-bangle","16":"product_cat-valentine-day-gifts","17":"product_cat-womens-jewellery","18":"product_tag-diwali-gift","19":"product_tag-gold","21":"first","22":"outofstock","23":"taxable","24":"shipping-taxable","25":"product-type-simple","26":"add-to-wishlist-before_image"},"yoast_head":"<!-- This site is optimized with the Yoast SEO plugin v27.3 - https:\/\/yoast.com\/product\/yoast-seo-wordpress\/ -->\n<title>Shop the beautiful 22ct gold bangle Bracelet at PureJewels UK<\/title>\n<meta name=\"description\" content=\"Shop 22ct Bracelet in London. Just wear them and spread the charm. Perfect for all occasions. Free Delivery across UK.\" \/>\n<meta name=\"robots\" content=\"index, follow, max-snippet:-1, max-image-preview:large, max-video-preview:-1\" \/>\n<link rel=\"canonical\" href=\"https:\/\/www.purejewels.com\/tr\/urun\/22-ayar-altin-bayan-bileklik-34152\/\" \/>\n<meta property=\"og:locale\" content=\"tr_TR\" \/>\n<meta property=\"og:type\" content=\"article\" \/>\n<meta property=\"og:title\" content=\"Shop the beautiful 22ct gold bangle Bracelet at PureJewels UK\" \/>\n<meta property=\"og:description\" content=\"Shop 22ct Bracelet in London. Just wear them and spread the charm. Perfect for all occasions. Free Delivery across UK.\" \/>\n<meta property=\"og:url\" content=\"https:\/\/www.purejewels.com\/tr\/urun\/22-ayar-altin-bayan-bileklik-34152\/\" \/>\n<meta property=\"og:site_name\" content=\"PureJewels UK\" \/>\n<meta property=\"article:modified_time\" content=\"2026-01-10T16:14:29+00:00\" \/>\n<meta property=\"og:image\" content=\"https:\/\/www.purejewels.com\/wp-content\/uploads\/2020\/10\/image187705173.jpg\" \/>\n\t<meta property=\"og:image:width\" content=\"1000\" \/>\n\t<meta property=\"og:image:height\" content=\"1000\" \/>\n\t<meta property=\"og:image:type\" content=\"image\/jpeg\" \/>\n<meta name=\"twitter:card\" content=\"summary_large_image\" \/>\n<meta name=\"twitter:label1\" content=\"Tahmini okuma s\u00fcresi\" \/>\n\t<meta name=\"twitter:data1\" content=\"2 dakika\" \/>\n<script type=\"application\/ld+json\" class=\"yoast-schema-graph\">{\"@context\":\"https:\\\/\\\/schema.org\",\"@graph\":[{\"@type\":[\"WebPage\",\"ItemPage\"],\"@id\":\"https:\\\/\\\/www.purejewels.com\\\/product\\\/22ct-gold-ladies-bangle-bracelet-34152\\\/\",\"url\":\"https:\\\/\\\/www.purejewels.com\\\/product\\\/22ct-gold-ladies-bangle-bracelet-34152\\\/\",\"name\":\"Shop the beautiful 22ct gold bangle Bracelet at PureJewels UK\",\"isPartOf\":{\"@id\":\"https:\\\/\\\/www.purejewels.com\\\/#website\"},\"primaryImageOfPage\":{\"@id\":\"https:\\\/\\\/www.purejewels.com\\\/product\\\/22ct-gold-ladies-bangle-bracelet-34152\\\/#primaryimage\"},\"image\":{\"@id\":\"https:\\\/\\\/www.purejewels.com\\\/product\\\/22ct-gold-ladies-bangle-bracelet-34152\\\/#primaryimage\"},\"thumbnailUrl\":\"https:\\\/\\\/static.purejewels.com\\\/wp-content\\\/uploads\\\/2020\\\/10\\\/image187705173.jpg\",\"datePublished\":\"2021-09-13T10:12:01+00:00\",\"dateModified\":\"2026-01-10T16:14:29+00:00\",\"description\":\"Shop 22ct Bracelet in London. Just wear them and spread the charm. Perfect for all occasions. Free Delivery across UK.\",\"breadcrumb\":{\"@id\":\"https:\\\/\\\/www.purejewels.com\\\/product\\\/22ct-gold-ladies-bangle-bracelet-34152\\\/#breadcrumb\"},\"inLanguage\":\"tr\",\"potentialAction\":[{\"@type\":\"ReadAction\",\"target\":[\"https:\\\/\\\/www.purejewels.com\\\/product\\\/22ct-gold-ladies-bangle-bracelet-34152\\\/\"]}]},{\"@type\":\"ImageObject\",\"inLanguage\":\"tr\",\"@id\":\"https:\\\/\\\/www.purejewels.com\\\/product\\\/22ct-gold-ladies-bangle-bracelet-34152\\\/#primaryimage\",\"url\":\"https:\\\/\\\/static.purejewels.com\\\/wp-content\\\/uploads\\\/2020\\\/10\\\/image187705173.jpg\",\"contentUrl\":\"https:\\\/\\\/static.purejewels.com\\\/wp-content\\\/uploads\\\/2020\\\/10\\\/image187705173.jpg\",\"width\":1000,\"height\":1000,\"caption\":\"Glow 22ct Gold Light wired Beads Ladies Bracelet GLBR013\"},{\"@type\":\"BreadcrumbList\",\"@id\":\"https:\\\/\\\/www.purejewels.com\\\/product\\\/22ct-gold-ladies-bangle-bracelet-34152\\\/#breadcrumb\",\"itemListElement\":[{\"@type\":\"ListItem\",\"position\":1,\"name\":\"Home\",\"item\":\"https:\\\/\\\/www.purejewels.com\\\/\"},{\"@type\":\"ListItem\",\"position\":2,\"name\":\"Shop\",\"item\":\"https:\\\/\\\/www.purejewels.com\\\/shop\\\/\"},{\"@type\":\"ListItem\",\"position\":3,\"name\":\"22ct Gold Ladies Bracelet | Glow collection\"}]},{\"@type\":\"WebSite\",\"@id\":\"https:\\\/\\\/www.purejewels.com\\\/#website\",\"url\":\"https:\\\/\\\/www.purejewels.com\\\/\",\"name\":\"PureJewels UK\",\"description\":\"Share the Love\",\"publisher\":{\"@id\":\"https:\\\/\\\/www.purejewels.com\\\/#organization\"},\"potentialAction\":[{\"@type\":\"SearchAction\",\"target\":{\"@type\":\"EntryPoint\",\"urlTemplate\":\"https:\\\/\\\/www.purejewels.com\\\/?s={search_term_string}\"},\"query-input\":{\"@type\":\"PropertyValueSpecification\",\"valueRequired\":true,\"valueName\":\"search_term_string\"}}],\"inLanguage\":\"tr\"},{\"@type\":\"Organization\",\"@id\":\"https:\\\/\\\/www.purejewels.com\\\/#organization\",\"name\":\"PureJewels UK\",\"url\":\"https:\\\/\\\/www.purejewels.com\\\/\",\"logo\":{\"@type\":\"ImageObject\",\"inLanguage\":\"tr\",\"@id\":\"https:\\\/\\\/www.purejewels.com\\\/#\\\/schema\\\/logo\\\/image\\\/\",\"url\":\"https:\\\/\\\/static.purejewels.com\\\/wp-content\\\/uploads\\\/2020\\\/11\\\/Logo-PJ-New-1.png\",\"contentUrl\":\"https:\\\/\\\/static.purejewels.com\\\/wp-content\\\/uploads\\\/2020\\\/11\\\/Logo-PJ-New-1.png\",\"width\":150,\"height\":80,\"caption\":\"PureJewels UK\"},\"image\":{\"@id\":\"https:\\\/\\\/www.purejewels.com\\\/#\\\/schema\\\/logo\\\/image\\\/\"}}]}<\/script>\n<!-- \/ Yoast SEO plugin. -->","yoast_head_json":{"title":"PureJewels UK'de g\u00fczel 22 ayar alt\u0131n bileklik bilezi\u011fi sat\u0131n al\u0131n","description":"Londra'da 22ct Bilezik al\u0131\u015fveri\u015fi yap\u0131n. Sadece tak\u0131n ve \u00e7ekicili\u011fi yay\u0131n. T\u00fcm durumlar i\u00e7in m\u00fckemmel. \u0130ngiltere genelinde \u00dccretsiz Teslimat.","robots":{"index":"index","follow":"follow","max-snippet":"max-snippet:-1","max-image-preview":"max-image-preview:large","max-video-preview":"max-video-preview:-1"},"canonical":"https:\/\/www.purejewels.com\/tr\/urun\/22-ayar-altin-bayan-bileklik-34152\/","og_locale":"tr_TR","og_type":"article","og_title":"Shop the beautiful 22ct gold bangle Bracelet at PureJewels UK","og_description":"Shop 22ct Bracelet in London. Just wear them and spread the charm. Perfect for all occasions. Free Delivery across UK.","og_url":"https:\/\/www.purejewels.com\/tr\/urun\/22-ayar-altin-bayan-bileklik-34152\/","og_site_name":"PureJewels UK","article_modified_time":"2026-01-10T16:14:29+00:00","og_image":[{"width":1000,"height":1000,"url":"https:\/\/www.purejewels.com\/wp-content\/uploads\/2020\/10\/image187705173.jpg","type":"image\/jpeg"}],"twitter_card":"summary_large_image","twitter_misc":{"Tahmini okuma s\u00fcresi":"2 dakika"},"schema":{"@context":"https:\/\/schema.org","@graph":[{"@type":["WebPage","ItemPage"],"@id":"https:\/\/www.purejewels.com\/product\/22ct-gold-ladies-bangle-bracelet-34152\/","url":"https:\/\/www.purejewels.com\/product\/22ct-gold-ladies-bangle-bracelet-34152\/","name":"PureJewels UK'de g\u00fczel 22 ayar alt\u0131n bileklik bilezi\u011fi sat\u0131n al\u0131n","isPartOf":{"@id":"https:\/\/www.purejewels.com\/#website"},"primaryImageOfPage":{"@id":"https:\/\/www.purejewels.com\/product\/22ct-gold-ladies-bangle-bracelet-34152\/#primaryimage"},"image":{"@id":"https:\/\/www.purejewels.com\/product\/22ct-gold-ladies-bangle-bracelet-34152\/#primaryimage"},"thumbnailUrl":"https:\/\/static.purejewels.com\/wp-content\/uploads\/2020\/10\/image187705173.jpg","datePublished":"2021-09-13T10:12:01+00:00","dateModified":"2026-01-10T16:14:29+00:00","description":"Londra'da 22ct Bilezik al\u0131\u015fveri\u015fi yap\u0131n. Sadece tak\u0131n ve \u00e7ekicili\u011fi yay\u0131n. T\u00fcm durumlar i\u00e7in m\u00fckemmel. \u0130ngiltere genelinde \u00dccretsiz Teslimat.","breadcrumb":{"@id":"https:\/\/www.purejewels.com\/product\/22ct-gold-ladies-bangle-bracelet-34152\/#breadcrumb"},"inLanguage":"tr","potentialAction":[{"@type":"ReadAction","target":["https:\/\/www.purejewels.com\/product\/22ct-gold-ladies-bangle-bracelet-34152\/"]}]},{"@type":"ImageObject","inLanguage":"tr","@id":"https:\/\/www.purejewels.com\/product\/22ct-gold-ladies-bangle-bracelet-34152\/#primaryimage","url":"https:\/\/static.purejewels.com\/wp-content\/uploads\/2020\/10\/image187705173.jpg","contentUrl":"https:\/\/static.purejewels.com\/wp-content\/uploads\/2020\/10\/image187705173.jpg","width":1000,"height":1000,"caption":"Glow 22ct Gold Light wired Beads Ladies Bracelet GLBR013"},{"@type":"BreadcrumbList","@id":"https:\/\/www.purejewels.com\/product\/22ct-gold-ladies-bangle-bracelet-34152\/#breadcrumb","itemListElement":[{"@type":"ListItem","position":1,"name":"Home","item":"https:\/\/www.purejewels.com\/"},{"@type":"ListItem","position":2,"name":"Shop","item":"https:\/\/www.purejewels.com\/shop\/"},{"@type":"ListItem","position":3,"name":"22ct Gold Ladies Bracelet | Glow collection"}]},{"@type":"WebSite","@id":"https:\/\/www.purejewels.com\/#website","url":"https:\/\/www.purejewels.com\/","name":"PureJewels \u0130ngiltere","description":"Sevgiyi Payla\u015f\u0131n","publisher":{"@id":"https:\/\/www.purejewels.com\/#organization"},"potentialAction":[{"@type":"SearchAction","target":{"@type":"EntryPoint","urlTemplate":"https:\/\/www.purejewels.com\/?s={search_term_string}"},"query-input":{"@type":"PropertyValueSpecification","valueRequired":true,"valueName":"search_term_string"}}],"inLanguage":"tr"},{"@type":"Organization","@id":"https:\/\/www.purejewels.com\/#organization","name":"PureJewels \u0130ngiltere","url":"https:\/\/www.purejewels.com\/","logo":{"@type":"ImageObject","inLanguage":"tr","@id":"https:\/\/www.purejewels.com\/#\/schema\/logo\/image\/","url":"https:\/\/static.purejewels.com\/wp-content\/uploads\/2020\/11\/Logo-PJ-New-1.png","contentUrl":"https:\/\/static.purejewels.com\/wp-content\/uploads\/2020\/11\/Logo-PJ-New-1.png","width":150,"height":80,"caption":"PureJewels UK"},"image":{"@id":"https:\/\/www.purejewels.com\/#\/schema\/logo\/image\/"}}]}},"_links":{"self":[{"href":"https:\/\/www.purejewels.com\/tr\/wp-json\/wp\/v2\/product\/326716","targetHints":{"allow":["GET"]}}],"collection":[{"href":"https:\/\/www.purejewels.com\/tr\/wp-json\/wp\/v2\/product"}],"about":[{"href":"https:\/\/www.purejewels.com\/tr\/wp-json\/wp\/v2\/types\/product"}],"replies":[{"embeddable":true,"href":"https:\/\/www.purejewels.com\/tr\/wp-json\/wp\/v2\/comments?post=326716"}],"version-history":[{"count":0,"href":"https:\/\/www.purejewels.com\/tr\/wp-json\/wp\/v2\/product\/326716\/revisions"}],"wp:featuredmedia":[{"embeddable":true,"href":"https:\/\/www.purejewels.com\/tr\/wp-json\/wp\/v2\/media\/318329"}],"wp:attachment":[{"href":"https:\/\/www.purejewels.com\/tr\/wp-json\/wp\/v2\/media?parent=326716"}],"wp:term":[{"taxonomy":"product_brand","embeddable":true,"href":"https:\/\/www.purejewels.com\/tr\/wp-json\/wp\/v2\/product_brand?post=326716"},{"taxonomy":"product_cat","embeddable":true,"href":"https:\/\/www.purejewels.com\/tr\/wp-json\/wp\/v2\/product_cat?post=326716"},{"taxonomy":"product_tag","embeddable":true,"href":"https:\/\/www.purejewels.com\/tr\/wp-json\/wp\/v2\/product_tag?post=326716"}],"curies":[{"name":"wp","href":"https:\/\/api.w.org\/{rel}","templated":true}]}}