{"id":326746,"date":"2021-09-14T05:52:27","date_gmt":"2021-09-14T04:52:27","guid":{"rendered":"https:\/\/www.purejewels.com\/product\/jali-collection-22ct-gold-earring-12-2gm\/"},"modified":"2026-05-07T05:37:32","modified_gmt":"2026-05-07T04:37:32","slug":"22-ayar-altin-jhumkha-34294","status":"publish","type":"product","link":"https:\/\/www.purejewels.com\/tr\/product\/22-carat-gold-jhumkha-34294\/","title":{"rendered":"22 Ayar Alt\u0131n Jhumkha"},"content":{"rendered":"<h3><b>\u0130lham kayna\u011f\u0131<\/b><\/h3>\n<p><span style=\"font-weight: 400;\">Ham, g\u00f6rkemli ve zarif.<\/span><\/p>\n<p><span style=\"font-weight: 400;\">G\u00fcn\u00fcm\u00fcz\u00fcn klasik Hint jhumkalar\u0131 asl\u0131nda antik Kharanpool jhumkalar\u0131n\u0131n geli\u015ftirilmi\u015f versiyonlar\u0131d\u0131r. Ba\u015flang\u0131\u00e7ta G\u00fcney Hindistan tap\u0131nak tak\u0131lar\u0131n\u0131n bir par\u00e7as\u0131 olan Jhumkiler, Bharatnatyam dans\u00e7\u0131lar\u0131n\u0131n bu g\u00fczellikleri k\u0131yafetlerine uyarlamas\u0131yla pop\u00fclerlik kazanmaya ba\u015flam\u0131\u015ft\u0131r.<\/span><\/p>\n<p><span style=\"font-weight: 400;\">Ham, g\u00f6rkemli ve zarif bu alt\u0131n jhumkalar, ge\u00e7mi\u015fin zengin k\u00fclt\u00fcrlerinden ilham al\u0131yor ve alt\u0131n\u0131n \u0131\u015f\u0131lt\u0131s\u0131yla birle\u015fiyor. Jaali telkari, oyma ve kabartma gibi teknikler kullan\u0131larak 22 ayar alt\u0131ndan el i\u015f\u00e7ili\u011fiyle \u00fcretilmi\u015ftir. Tasar\u0131m, kulak memenizi g\u00fczel bir \u015fekilde kaplayan son derece detayl\u0131 dairesel bir k\u00fcpe ile ba\u015flar. Kenarlar\u0131 minyat\u00fcr ravalarla zenginle\u015ftirilirken \u00e7e\u015fitli teknikler kullan\u0131larak g\u00fczelce i\u015flenmi\u015ftir.<\/span><\/p>\n<h3><b>Tasar\u0131m<\/b><\/h3>\n<p><span style=\"font-weight: 400;\">\u00c7\u0131t\u00e7\u0131t\u0131n ard\u0131ndan kabartmal\u0131 \u00f6zelliklere sahip minyat\u00fcr bir jhumki gelir ve alt\u0131n jhumka k\u00fcpelerimizin ana kubbeli yap\u0131s\u0131yla son bulur. \u00d6zenle tasarlanm\u0131\u015f ve i\u015flenmi\u015f olan bu yaprak d\u00f6kmeyen kubbeli yap\u0131, y\u00fczeyi boyunca g\u00fczel kabartma ve oyma desenlere sahiptir ve kenarlar\u0131ndan sarkan y\u00fcksek cilal\u0131 ravalarla zarif bir \u015fekilde son bulur.\u00a0<\/span><\/p>\n<h3><b>Stil<\/b><\/h3>\n<p><span style=\"font-weight: 400;\">Alt\u0131n Jhumkalar ebedi ve her daim ye\u015fil. Hintli kad\u0131nlar\u0131n kalplerine dokunup onlar\u0131 b\u00fcy\u00fcleyen bu tak\u0131lar, art\u0131k d\u00fcnyan\u0131n d\u00f6rt bir yan\u0131nda daha fazla kad\u0131n taraf\u0131ndan seviliyor. Bu geleneksel Hint s\u00fcsleri bir kez eve getirildi\u011finde, \u00f6nemli ve g\u00fczel anlarda onlar\u0131 s\u00fcslerken aile yadigar\u0131 koleksiyonunuzun bir par\u00e7as\u0131 haline gelecektir.<\/span><\/p>","protected":false},"excerpt":{"rendered":"<ul>\n<li>22 Ayar Hint Alt\u0131n\u0131 Jhumkha<\/li>\n<li>A\u011f\u0131rl\u0131k 9.40 gms<\/li>\n<li>Sku 34294<\/li>\n<li>T\u00fcm fiyatlara KDV dahildir<\/li>\n<li>T\u00fcm \u00fcr\u00fcnlerimiz London Assay Office taraf\u0131ndan damgalanm\u0131\u015ft\u0131r<\/li>\n<li>T\u00fcm setler sunum kutusu ile birlikte gelir<\/li>\n<li>Teslimat Dahil<\/li>\n<li>Stok durumu ve stokta bulunan benzer tasar\u0131mlar\u0131n daha fazla g\u00f6r\u00fcnt\u00fcs\u00fc i\u00e7in bizimle canl\u0131 sohbet edin<\/li>\n<\/ul>","protected":false},"featured_media":326748,"comment_status":"closed","ping_status":"closed","template":"","meta":{"_eb_attr":"","_crsspst_to_jayantr4sg-hostcom":true},"product_brand":[],"product_cat":[236,1790,1254,252,5611,1578,1573,1574,5349],"product_tag":[],"class_list":{"0":"post-326746","1":"product","2":"type-product","3":"status-publish","4":"has-post-thumbnail","6":"product_cat-collections","7":"product_cat-for-whom-when","8":"product_cat-gold-earrings","9":"product_cat-jali-collections","10":"product_cat-jali-earrings","11":"product_cat-jhumkha-earrings","12":"product_cat-wedding-gifts","13":"product_cat-womens-jewellery","14":"product_cat-yellow-gold-jewellery","16":"first","17":"instock","18":"taxable","19":"shipping-taxable","20":"purchasable","21":"product-type-simple","22":"add-to-wishlist-before_image"},"yoast_head":"<!-- This site is optimized with the Yoast SEO plugin v27.5 - https:\/\/yoast.com\/product\/yoast-seo-wordpress\/ -->\n<title>Snap 22ct traditional Gold Jhumkas at PureJewels UK<\/title>\n<meta name=\"description\" content=\"Shop this beautiful 22 CT gold jhumka earrings in London. An elegant earring that will add that final touch to your outfit. Free Delivery across UK.\" \/>\n<meta name=\"robots\" content=\"index, nofollow, max-snippet:-1, max-image-preview:large, max-video-preview:-1\" \/>\n<link rel=\"canonical\" href=\"https:\/\/www.purejewels.com\/tr\/urun\/22-ayar-altin-jhumkha-34294\/\" \/>\n<meta property=\"og:locale\" content=\"tr_TR\" \/>\n<meta property=\"og:type\" content=\"article\" \/>\n<meta property=\"og:title\" content=\"Snap 22ct traditional Gold Jhumkas at PureJewels UK\" \/>\n<meta property=\"og:description\" content=\"Shop this beautiful 22 CT gold jhumka earrings in London. An elegant earring that will add that final touch to your outfit. Free Delivery across UK.\" \/>\n<meta property=\"og:url\" content=\"https:\/\/www.purejewels.com\/tr\/urun\/22-ayar-altin-jhumkha-34294\/\" \/>\n<meta property=\"og:site_name\" content=\"PureJewels UK\" \/>\n<meta property=\"article:modified_time\" content=\"2026-05-07T04:37:32+00:00\" \/>\n<meta property=\"og:image\" content=\"https:\/\/static.purejewels.com\/wp-content\/uploads\/2021\/09\/34294-1.jpg\" \/>\n\t<meta property=\"og:image:width\" content=\"1000\" \/>\n\t<meta property=\"og:image:height\" content=\"1000\" \/>\n\t<meta property=\"og:image:type\" content=\"image\/jpeg\" \/>\n<meta name=\"twitter:card\" content=\"summary_large_image\" \/>\n<meta name=\"twitter:label1\" content=\"Tahmini okuma s\u00fcresi\" \/>\n\t<meta name=\"twitter:data1\" content=\"2 dakika\" \/>\n<script type=\"application\/ld+json\" class=\"yoast-schema-graph\">{\"@context\":\"https:\\\/\\\/schema.org\",\"@graph\":[{\"@type\":[\"WebPage\",\"ItemPage\"],\"@id\":\"https:\\\/\\\/www.purejewels.com\\\/product\\\/22-carat-gold-jhumkha-34294\\\/\",\"url\":\"https:\\\/\\\/www.purejewels.com\\\/product\\\/22-carat-gold-jhumkha-34294\\\/\",\"name\":\"Snap 22ct traditional Gold Jhumkas at PureJewels UK\",\"isPartOf\":{\"@id\":\"https:\\\/\\\/www.purejewels.com\\\/#website\"},\"primaryImageOfPage\":{\"@id\":\"https:\\\/\\\/www.purejewels.com\\\/product\\\/22-carat-gold-jhumkha-34294\\\/#primaryimage\"},\"image\":{\"@id\":\"https:\\\/\\\/www.purejewels.com\\\/product\\\/22-carat-gold-jhumkha-34294\\\/#primaryimage\"},\"thumbnailUrl\":\"https:\\\/\\\/static.purejewels.com\\\/wp-content\\\/uploads\\\/2021\\\/09\\\/34294-1.jpg\",\"datePublished\":\"2021-09-14T04:52:27+00:00\",\"dateModified\":\"2026-05-07T04:37:32+00:00\",\"description\":\"Shop this beautiful 22 CT gold jhumka earrings in London. An elegant earring that will add that final touch to your outfit. Free Delivery across UK.\",\"breadcrumb\":{\"@id\":\"https:\\\/\\\/www.purejewels.com\\\/product\\\/22-carat-gold-jhumkha-34294\\\/#breadcrumb\"},\"inLanguage\":\"tr\",\"potentialAction\":[{\"@type\":\"ReadAction\",\"target\":[\"https:\\\/\\\/www.purejewels.com\\\/product\\\/22-carat-gold-jhumkha-34294\\\/\"]}]},{\"@type\":\"ImageObject\",\"inLanguage\":\"tr\",\"@id\":\"https:\\\/\\\/www.purejewels.com\\\/product\\\/22-carat-gold-jhumkha-34294\\\/#primaryimage\",\"url\":\"https:\\\/\\\/static.purejewels.com\\\/wp-content\\\/uploads\\\/2021\\\/09\\\/34294-1.jpg\",\"contentUrl\":\"https:\\\/\\\/static.purejewels.com\\\/wp-content\\\/uploads\\\/2021\\\/09\\\/34294-1.jpg\",\"width\":1000,\"height\":1000,\"caption\":\"22 carat Gold Filigree Earrings 34294-1\"},{\"@type\":\"BreadcrumbList\",\"@id\":\"https:\\\/\\\/www.purejewels.com\\\/product\\\/22-carat-gold-jhumkha-34294\\\/#breadcrumb\",\"itemListElement\":[{\"@type\":\"ListItem\",\"position\":1,\"name\":\"Home\",\"item\":\"https:\\\/\\\/www.purejewels.com\\\/\"},{\"@type\":\"ListItem\",\"position\":2,\"name\":\"Shop\",\"item\":\"https:\\\/\\\/www.purejewels.com\\\/shop\\\/\"},{\"@type\":\"ListItem\",\"position\":3,\"name\":\"22 carat Gold Jhumkha\"}]},{\"@type\":\"WebSite\",\"@id\":\"https:\\\/\\\/www.purejewels.com\\\/#website\",\"url\":\"https:\\\/\\\/www.purejewels.com\\\/\",\"name\":\"PureJewels UK\",\"description\":\"Share the Love\",\"publisher\":{\"@id\":\"https:\\\/\\\/www.purejewels.com\\\/#organization\"},\"potentialAction\":[{\"@type\":\"SearchAction\",\"target\":{\"@type\":\"EntryPoint\",\"urlTemplate\":\"https:\\\/\\\/www.purejewels.com\\\/?s={search_term_string}\"},\"query-input\":{\"@type\":\"PropertyValueSpecification\",\"valueRequired\":true,\"valueName\":\"search_term_string\"}}],\"inLanguage\":\"tr\"},{\"@type\":\"Organization\",\"@id\":\"https:\\\/\\\/www.purejewels.com\\\/#organization\",\"name\":\"PureJewels UK\",\"url\":\"https:\\\/\\\/www.purejewels.com\\\/\",\"logo\":{\"@type\":\"ImageObject\",\"inLanguage\":\"tr\",\"@id\":\"https:\\\/\\\/www.purejewels.com\\\/#\\\/schema\\\/logo\\\/image\\\/\",\"url\":\"https:\\\/\\\/static.purejewels.com\\\/wp-content\\\/uploads\\\/2020\\\/11\\\/Logo-PJ-New-1.png\",\"contentUrl\":\"https:\\\/\\\/static.purejewels.com\\\/wp-content\\\/uploads\\\/2020\\\/11\\\/Logo-PJ-New-1.png\",\"width\":150,\"height\":80,\"caption\":\"PureJewels UK\"},\"image\":{\"@id\":\"https:\\\/\\\/www.purejewels.com\\\/#\\\/schema\\\/logo\\\/image\\\/\"}}]}<\/script>\n<!-- \/ Yoast SEO plugin. -->","yoast_head_json":{"title":"PureJewels UK'de 22 ayar geleneksel Alt\u0131n Jhumkalar","description":"Bu g\u00fczel 22 CT alt\u0131n jhumka k\u00fcpeleri Londra'da sat\u0131n al\u0131n. K\u0131yafetinize son dokunu\u015fu katacak zarif bir k\u00fcpe. \u0130ngiltere genelinde \u00dccretsiz Teslimat.","robots":{"index":"index","follow":"nofollow","max-snippet":"max-snippet:-1","max-image-preview":"max-image-preview:large","max-video-preview":"max-video-preview:-1"},"canonical":"https:\/\/www.purejewels.com\/tr\/urun\/22-ayar-altin-jhumkha-34294\/","og_locale":"tr_TR","og_type":"article","og_title":"Snap 22ct traditional Gold Jhumkas at PureJewels UK","og_description":"Shop this beautiful 22 CT gold jhumka earrings in London. An elegant earring that will add that final touch to your outfit. Free Delivery across UK.","og_url":"https:\/\/www.purejewels.com\/tr\/urun\/22-ayar-altin-jhumkha-34294\/","og_site_name":"PureJewels UK","article_modified_time":"2026-05-07T04:37:32+00:00","og_image":[{"width":1000,"height":1000,"url":"https:\/\/static.purejewels.com\/wp-content\/uploads\/2021\/09\/34294-1.jpg","type":"image\/jpeg"}],"twitter_card":"summary_large_image","twitter_misc":{"Tahmini okuma s\u00fcresi":"2 dakika"},"schema":{"@context":"https:\/\/schema.org","@graph":[{"@type":["WebPage","ItemPage"],"@id":"https:\/\/www.purejewels.com\/product\/22-carat-gold-jhumkha-34294\/","url":"https:\/\/www.purejewels.com\/product\/22-carat-gold-jhumkha-34294\/","name":"PureJewels UK'de 22 ayar geleneksel Alt\u0131n Jhumkalar","isPartOf":{"@id":"https:\/\/www.purejewels.com\/#website"},"primaryImageOfPage":{"@id":"https:\/\/www.purejewels.com\/product\/22-carat-gold-jhumkha-34294\/#primaryimage"},"image":{"@id":"https:\/\/www.purejewels.com\/product\/22-carat-gold-jhumkha-34294\/#primaryimage"},"thumbnailUrl":"https:\/\/static.purejewels.com\/wp-content\/uploads\/2021\/09\/34294-1.jpg","datePublished":"2021-09-14T04:52:27+00:00","dateModified":"2026-05-07T04:37:32+00:00","description":"Bu g\u00fczel 22 CT alt\u0131n jhumka k\u00fcpeleri Londra'da sat\u0131n al\u0131n. K\u0131yafetinize son dokunu\u015fu katacak zarif bir k\u00fcpe. \u0130ngiltere genelinde \u00dccretsiz Teslimat.","breadcrumb":{"@id":"https:\/\/www.purejewels.com\/product\/22-carat-gold-jhumkha-34294\/#breadcrumb"},"inLanguage":"tr","potentialAction":[{"@type":"ReadAction","target":["https:\/\/www.purejewels.com\/product\/22-carat-gold-jhumkha-34294\/"]}]},{"@type":"ImageObject","inLanguage":"tr","@id":"https:\/\/www.purejewels.com\/product\/22-carat-gold-jhumkha-34294\/#primaryimage","url":"https:\/\/static.purejewels.com\/wp-content\/uploads\/2021\/09\/34294-1.jpg","contentUrl":"https:\/\/static.purejewels.com\/wp-content\/uploads\/2021\/09\/34294-1.jpg","width":1000,"height":1000,"caption":"22 carat Gold Filigree Earrings 34294-1"},{"@type":"BreadcrumbList","@id":"https:\/\/www.purejewels.com\/product\/22-carat-gold-jhumkha-34294\/#breadcrumb","itemListElement":[{"@type":"ListItem","position":1,"name":"Home","item":"https:\/\/www.purejewels.com\/"},{"@type":"ListItem","position":2,"name":"Shop","item":"https:\/\/www.purejewels.com\/shop\/"},{"@type":"ListItem","position":3,"name":"22 carat Gold Jhumkha"}]},{"@type":"WebSite","@id":"https:\/\/www.purejewels.com\/#website","url":"https:\/\/www.purejewels.com\/","name":"PureJewels \u0130ngiltere","description":"Sevgiyi Payla\u015f\u0131n","publisher":{"@id":"https:\/\/www.purejewels.com\/#organization"},"potentialAction":[{"@type":"SearchAction","target":{"@type":"EntryPoint","urlTemplate":"https:\/\/www.purejewels.com\/?s={search_term_string}"},"query-input":{"@type":"PropertyValueSpecification","valueRequired":true,"valueName":"search_term_string"}}],"inLanguage":"tr"},{"@type":"Organization","@id":"https:\/\/www.purejewels.com\/#organization","name":"PureJewels \u0130ngiltere","url":"https:\/\/www.purejewels.com\/","logo":{"@type":"ImageObject","inLanguage":"tr","@id":"https:\/\/www.purejewels.com\/#\/schema\/logo\/image\/","url":"https:\/\/static.purejewels.com\/wp-content\/uploads\/2020\/11\/Logo-PJ-New-1.png","contentUrl":"https:\/\/static.purejewels.com\/wp-content\/uploads\/2020\/11\/Logo-PJ-New-1.png","width":150,"height":80,"caption":"PureJewels UK"},"image":{"@id":"https:\/\/www.purejewels.com\/#\/schema\/logo\/image\/"}}]}},"_links":{"self":[{"href":"https:\/\/www.purejewels.com\/tr\/wp-json\/wp\/v2\/product\/326746","targetHints":{"allow":["GET"]}}],"collection":[{"href":"https:\/\/www.purejewels.com\/tr\/wp-json\/wp\/v2\/product"}],"about":[{"href":"https:\/\/www.purejewels.com\/tr\/wp-json\/wp\/v2\/types\/product"}],"replies":[{"embeddable":true,"href":"https:\/\/www.purejewels.com\/tr\/wp-json\/wp\/v2\/comments?post=326746"}],"version-history":[{"count":1,"href":"https:\/\/www.purejewels.com\/tr\/wp-json\/wp\/v2\/product\/326746\/revisions"}],"predecessor-version":[{"id":429528,"href":"https:\/\/www.purejewels.com\/tr\/wp-json\/wp\/v2\/product\/326746\/revisions\/429528"}],"wp:featuredmedia":[{"embeddable":true,"href":"https:\/\/www.purejewels.com\/tr\/wp-json\/wp\/v2\/media\/326748"}],"wp:attachment":[{"href":"https:\/\/www.purejewels.com\/tr\/wp-json\/wp\/v2\/media?parent=326746"}],"wp:term":[{"taxonomy":"product_brand","embeddable":true,"href":"https:\/\/www.purejewels.com\/tr\/wp-json\/wp\/v2\/product_brand?post=326746"},{"taxonomy":"product_cat","embeddable":true,"href":"https:\/\/www.purejewels.com\/tr\/wp-json\/wp\/v2\/product_cat?post=326746"},{"taxonomy":"product_tag","embeddable":true,"href":"https:\/\/www.purejewels.com\/tr\/wp-json\/wp\/v2\/product_tag?post=326746"}],"curies":[{"name":"wp","href":"https:\/\/api.w.org\/{rel}","templated":true}]}}