{"id":326756,"date":"2025-08-01T07:21:34","date_gmt":"2025-08-01T06:21:34","guid":{"rendered":"https:\/\/www.purejewels.com\/product\/22ct-asian-gold-choker-chain\/"},"modified":"2025-11-07T11:15:31","modified_gmt":"2025-11-07T11:15:31","slug":"22-ayar-asya-altin-gerdanlik-zinciri-31130","status":"publish","type":"product","link":"https:\/\/www.purejewels.com\/tr\/product\/22ct-asian-gold-choker-chain-31130\/","title":{"rendered":"22 Ayar Asya Alt\u0131n Gerdanl\u0131k Zinciri | 17,5 \u0130n\u00e7"},"content":{"rendered":"<p>PureJewels UK'nin bu zarif 22 ayar Asya Alt\u0131n Gerdanl\u0131k Zinciri, t\u00fcm m\u00fccevher koleksiyonlar\u0131 i\u00e7in \u00e7arp\u0131c\u0131 bir eklentidir. Y\u00fcksek kaliteli 22 ayar alt\u0131ndan \u00fcretilen bu gerdanl\u0131k zinciri, her k\u0131yafete \u015f\u0131kl\u0131k katan g\u00fczel bir alt\u0131n boncuk tasar\u0131m\u0131na sahiptir.<\/p>\n<p>16,3 gram a\u011f\u0131rl\u0131\u011f\u0131 ve 17,5 in\u00e7 uzunlu\u011fuyla bu alt\u0131n zincir her durum i\u00e7in m\u00fckemmel bir aksesuard\u0131r. Zincir Londra Assay Ofisi taraf\u0131ndan damgalanarak orijinalli\u011fi ve kalitesi garanti alt\u0131na al\u0131nm\u0131\u015ft\u0131r.<\/p>\n<p>Bu Asya Alt\u0131n Gerdanl\u0131k Zinciri bir sunum kutusunda paketlenmi\u015ftir ve sevdi\u011finiz biri i\u00e7in ideal bir hediye veya kendiniz i\u00e7in \u00f6zel bir ikramd\u0131r.<\/p>\n<p>\u0130ster benzersiz bir y\u0131ld\u00f6n\u00fcm\u00fc hediyesi, ister \u00e7arp\u0131c\u0131 bir d\u00fc\u011f\u00fcn aksesuar\u0131 ya da g\u00fczel bir do\u011fum g\u00fcn\u00fc hediyesi ar\u0131yor olun, bu Asya Alt\u0131n Gerdanl\u0131k Zincirinin sizi etkileyece\u011finden emin olabilirsiniz. Siz de bug\u00fcn sipari\u015f verin ve m\u00fccevher koleksiyonunuza l\u00fcks bir dokunu\u015f kat\u0131n.<\/p>","protected":false},"excerpt":{"rendered":"<table class=\"sh_desc\">\n<tbody>\n<tr>\n<td>Zincir Tipi<\/td>\n<td>Alt\u0131n Boncuklu Zincir<\/td>\n<\/tr>\n<tr>\n<td>SKU<\/td>\n<td>43066<\/td>\n<\/tr>\n<tr>\n<td>A\u011f\u0131rl\u0131k<\/td>\n<td>16.3 Gms<\/td>\n<\/tr>\n<tr>\n<td>Metal<\/td>\n<td>22 Ayar Alt\u0131n<\/td>\n<\/tr>\n<tr>\n<td>Uzunluk<\/td>\n<td>17,5 \u0130n\u00e7<\/td>\n<\/tr>\n<tr>\n<td>Hallmark<\/td>\n<td>Londra Tahlil Ofisi Taraf\u0131ndan Damgalanm\u0131\u015f 22 Ayar Alt\u0131n<\/td>\n<\/tr>\n<tr>\n<td>\u00dccretler<\/td>\n<td>Teslimat ve KDV Dahil<\/td>\n<\/tr>\n<tr>\n<td>Paketleme<\/td>\n<td>Sunum Kutusu ile Birlikte Gelir<\/td>\n<\/tr>\n<tr>\n<td>Daha Fazla Bilgi<\/td>\n<td>M\u00fcsaitlik durumu ve daha fazla resim i\u00e7in bizimle canl\u0131 sohbet edin<\/td>\n<\/tr>\n<\/tbody>\n<\/table>","protected":false},"featured_media":348177,"comment_status":"closed","ping_status":"closed","template":"","meta":{"_eb_attr":"","_crsspst_to_jayantr4sg-hostcom":true},"product_brand":[],"product_cat":[1791,1617,1559,3628,1475,1229,1573,1574,5349],"product_tag":[],"class_list":{"0":"post-326756","1":"product","2":"type-product","3":"status-publish","4":"has-post-thumbnail","6":"product_cat-anniversary-gifts","7":"product_cat-fancy-mala-chains","8":"product_cat-birthday-gifts","9":"product_cat-glow-collections","10":"product_cat-gold-chains","11":"product_cat-22ct-gold-jewellery","12":"product_cat-wedding-gifts","13":"product_cat-womens-jewellery","14":"product_cat-yellow-gold-jewellery","16":"first","17":"outofstock","18":"sale","19":"taxable","20":"shipping-taxable","21":"product-type-simple","22":"add-to-wishlist-before_image"},"yoast_head":"<!-- This site is optimized with the Yoast SEO plugin v27.6 - https:\/\/yoast.com\/product\/yoast-seo-wordpress\/ -->\n<title>Pick an alluring choker gold chain at PureJewels UK<\/title>\n<meta name=\"description\" content=\"Choose from a broad assortment of gold Chains in UK &amp; get the best deals. Select this classis gold choker chain in London. Best quality guaranteed.\" \/>\n<meta name=\"robots\" content=\"index, follow, max-snippet:-1, max-image-preview:large, max-video-preview:-1\" \/>\n<link rel=\"canonical\" href=\"https:\/\/www.purejewels.com\/tr\/urun\/22-ayar-asya-altin-gerdanlik-zinciri-31130\/\" \/>\n<meta property=\"og:locale\" content=\"tr_TR\" \/>\n<meta property=\"og:type\" content=\"article\" \/>\n<meta property=\"og:title\" content=\"Pick an alluring choker gold chain at PureJewels UK\" \/>\n<meta property=\"og:description\" content=\"Choose from a broad assortment of gold Chains in UK &amp; get the best deals. Select this classis gold choker chain in London. Best quality guaranteed.\" \/>\n<meta property=\"og:url\" content=\"https:\/\/www.purejewels.com\/tr\/urun\/22-ayar-asya-altin-gerdanlik-zinciri-31130\/\" \/>\n<meta property=\"og:site_name\" content=\"PureJewels UK\" \/>\n<meta property=\"article:modified_time\" content=\"2025-11-07T11:15:31+00:00\" \/>\n<meta property=\"og:image\" content=\"https:\/\/www.purejewels.com\/wp-content\/uploads\/2021\/09\/43066.jpg\" \/>\n\t<meta property=\"og:image:width\" content=\"1\" \/>\n\t<meta property=\"og:image:height\" content=\"1\" \/>\n\t<meta property=\"og:image:type\" content=\"image\/jpeg\" \/>\n<meta name=\"twitter:card\" content=\"summary_large_image\" \/>\n<meta name=\"twitter:label1\" content=\"Tahmini okuma s\u00fcresi\" \/>\n\t<meta name=\"twitter:data1\" content=\"1 dakika\" \/>\n<script type=\"application\/ld+json\" class=\"yoast-schema-graph\">{\"@context\":\"https:\\\/\\\/schema.org\",\"@graph\":[{\"@type\":[\"WebPage\",\"ItemPage\"],\"@id\":\"https:\\\/\\\/www.purejewels.com\\\/product\\\/22ct-asian-gold-choker-chain-31130\\\/\",\"url\":\"https:\\\/\\\/www.purejewels.com\\\/product\\\/22ct-asian-gold-choker-chain-31130\\\/\",\"name\":\"Pick an alluring choker gold chain at PureJewels UK\",\"isPartOf\":{\"@id\":\"https:\\\/\\\/www.purejewels.com\\\/#website\"},\"primaryImageOfPage\":{\"@id\":\"https:\\\/\\\/www.purejewels.com\\\/product\\\/22ct-asian-gold-choker-chain-31130\\\/#primaryimage\"},\"image\":{\"@id\":\"https:\\\/\\\/www.purejewels.com\\\/product\\\/22ct-asian-gold-choker-chain-31130\\\/#primaryimage\"},\"thumbnailUrl\":\"https:\\\/\\\/static.purejewels.com\\\/wp-content\\\/uploads\\\/2021\\\/09\\\/43066.jpg\",\"datePublished\":\"2025-08-01T06:21:34+00:00\",\"dateModified\":\"2025-11-07T11:15:31+00:00\",\"description\":\"Choose from a broad assortment of gold Chains in UK & get the best deals. Select this classis gold choker chain in London. Best quality guaranteed.\",\"breadcrumb\":{\"@id\":\"https:\\\/\\\/www.purejewels.com\\\/product\\\/22ct-asian-gold-choker-chain-31130\\\/#breadcrumb\"},\"inLanguage\":\"tr\",\"potentialAction\":[{\"@type\":\"ReadAction\",\"target\":[\"https:\\\/\\\/www.purejewels.com\\\/product\\\/22ct-asian-gold-choker-chain-31130\\\/\"]}]},{\"@type\":\"ImageObject\",\"inLanguage\":\"tr\",\"@id\":\"https:\\\/\\\/www.purejewels.com\\\/product\\\/22ct-asian-gold-choker-chain-31130\\\/#primaryimage\",\"url\":\"https:\\\/\\\/static.purejewels.com\\\/wp-content\\\/uploads\\\/2021\\\/09\\\/43066.jpg\",\"contentUrl\":\"https:\\\/\\\/static.purejewels.com\\\/wp-content\\\/uploads\\\/2021\\\/09\\\/43066.jpg\",\"caption\":\"22ct Asian Gold Choker Chain\"},{\"@type\":\"BreadcrumbList\",\"@id\":\"https:\\\/\\\/www.purejewels.com\\\/product\\\/22ct-asian-gold-choker-chain-31130\\\/#breadcrumb\",\"itemListElement\":[{\"@type\":\"ListItem\",\"position\":1,\"name\":\"Home\",\"item\":\"https:\\\/\\\/www.purejewels.com\\\/\"},{\"@type\":\"ListItem\",\"position\":2,\"name\":\"Shop\",\"item\":\"https:\\\/\\\/www.purejewels.com\\\/shop\\\/\"},{\"@type\":\"ListItem\",\"position\":3,\"name\":\"22ct Asian Gold Choker Chain | 17.5 Inches\"}]},{\"@type\":\"WebSite\",\"@id\":\"https:\\\/\\\/www.purejewels.com\\\/#website\",\"url\":\"https:\\\/\\\/www.purejewels.com\\\/\",\"name\":\"PureJewels UK\",\"description\":\"Share the Love\",\"publisher\":{\"@id\":\"https:\\\/\\\/www.purejewels.com\\\/#organization\"},\"potentialAction\":[{\"@type\":\"SearchAction\",\"target\":{\"@type\":\"EntryPoint\",\"urlTemplate\":\"https:\\\/\\\/www.purejewels.com\\\/?s={search_term_string}\"},\"query-input\":{\"@type\":\"PropertyValueSpecification\",\"valueRequired\":true,\"valueName\":\"search_term_string\"}}],\"inLanguage\":\"tr\"},{\"@type\":\"Organization\",\"@id\":\"https:\\\/\\\/www.purejewels.com\\\/#organization\",\"name\":\"PureJewels UK\",\"url\":\"https:\\\/\\\/www.purejewels.com\\\/\",\"logo\":{\"@type\":\"ImageObject\",\"inLanguage\":\"tr\",\"@id\":\"https:\\\/\\\/www.purejewels.com\\\/#\\\/schema\\\/logo\\\/image\\\/\",\"url\":\"https:\\\/\\\/static.purejewels.com\\\/wp-content\\\/uploads\\\/2020\\\/11\\\/Logo-PJ-New-1.png\",\"contentUrl\":\"https:\\\/\\\/static.purejewels.com\\\/wp-content\\\/uploads\\\/2020\\\/11\\\/Logo-PJ-New-1.png\",\"width\":150,\"height\":80,\"caption\":\"PureJewels UK\"},\"image\":{\"@id\":\"https:\\\/\\\/www.purejewels.com\\\/#\\\/schema\\\/logo\\\/image\\\/\"}}]}<\/script>\n<!-- \/ Yoast SEO plugin. -->","yoast_head_json":{"title":"PureJewels UK'de \u00e7ekici bir gerdanl\u0131k alt\u0131n zincir se\u00e7in","description":"\u0130ngiltere'deki geni\u015f alt\u0131n Zincir \u00e7e\u015fitleri aras\u0131ndan se\u00e7im yap\u0131n ve en iyi f\u0131rsatlar\u0131 yakalay\u0131n. Londra'daki bu klasik alt\u0131n gerdanl\u0131k zincirini se\u00e7in. En iyi kalite garantilidir.","robots":{"index":"index","follow":"follow","max-snippet":"max-snippet:-1","max-image-preview":"max-image-preview:large","max-video-preview":"max-video-preview:-1"},"canonical":"https:\/\/www.purejewels.com\/tr\/urun\/22-ayar-asya-altin-gerdanlik-zinciri-31130\/","og_locale":"tr_TR","og_type":"article","og_title":"Pick an alluring choker gold chain at PureJewels UK","og_description":"Choose from a broad assortment of gold Chains in UK & get the best deals. Select this classis gold choker chain in London. Best quality guaranteed.","og_url":"https:\/\/www.purejewels.com\/tr\/urun\/22-ayar-asya-altin-gerdanlik-zinciri-31130\/","og_site_name":"PureJewels UK","article_modified_time":"2025-11-07T11:15:31+00:00","og_image":[{"url":"https:\/\/www.purejewels.com\/wp-content\/uploads\/2021\/09\/43066.jpg","width":1,"height":1,"type":"image\/jpeg"}],"twitter_card":"summary_large_image","twitter_misc":{"Tahmini okuma s\u00fcresi":"1 dakika"},"schema":{"@context":"https:\/\/schema.org","@graph":[{"@type":["WebPage","ItemPage"],"@id":"https:\/\/www.purejewels.com\/product\/22ct-asian-gold-choker-chain-31130\/","url":"https:\/\/www.purejewels.com\/product\/22ct-asian-gold-choker-chain-31130\/","name":"PureJewels UK'de \u00e7ekici bir gerdanl\u0131k alt\u0131n zincir se\u00e7in","isPartOf":{"@id":"https:\/\/www.purejewels.com\/#website"},"primaryImageOfPage":{"@id":"https:\/\/www.purejewels.com\/product\/22ct-asian-gold-choker-chain-31130\/#primaryimage"},"image":{"@id":"https:\/\/www.purejewels.com\/product\/22ct-asian-gold-choker-chain-31130\/#primaryimage"},"thumbnailUrl":"https:\/\/static.purejewels.com\/wp-content\/uploads\/2021\/09\/43066.jpg","datePublished":"2025-08-01T06:21:34+00:00","dateModified":"2025-11-07T11:15:31+00:00","description":"\u0130ngiltere'deki geni\u015f alt\u0131n Zincir \u00e7e\u015fitleri aras\u0131ndan se\u00e7im yap\u0131n ve en iyi f\u0131rsatlar\u0131 yakalay\u0131n. Londra'daki bu klasik alt\u0131n gerdanl\u0131k zincirini se\u00e7in. En iyi kalite garantilidir.","breadcrumb":{"@id":"https:\/\/www.purejewels.com\/product\/22ct-asian-gold-choker-chain-31130\/#breadcrumb"},"inLanguage":"tr","potentialAction":[{"@type":"ReadAction","target":["https:\/\/www.purejewels.com\/product\/22ct-asian-gold-choker-chain-31130\/"]}]},{"@type":"ImageObject","inLanguage":"tr","@id":"https:\/\/www.purejewels.com\/product\/22ct-asian-gold-choker-chain-31130\/#primaryimage","url":"https:\/\/static.purejewels.com\/wp-content\/uploads\/2021\/09\/43066.jpg","contentUrl":"https:\/\/static.purejewels.com\/wp-content\/uploads\/2021\/09\/43066.jpg","caption":"22ct Asian Gold Choker Chain"},{"@type":"BreadcrumbList","@id":"https:\/\/www.purejewels.com\/product\/22ct-asian-gold-choker-chain-31130\/#breadcrumb","itemListElement":[{"@type":"ListItem","position":1,"name":"Home","item":"https:\/\/www.purejewels.com\/"},{"@type":"ListItem","position":2,"name":"Shop","item":"https:\/\/www.purejewels.com\/shop\/"},{"@type":"ListItem","position":3,"name":"22ct Asian Gold Choker Chain | 17.5 Inches"}]},{"@type":"WebSite","@id":"https:\/\/www.purejewels.com\/#website","url":"https:\/\/www.purejewels.com\/","name":"PureJewels \u0130ngiltere","description":"Sevgiyi Payla\u015f\u0131n","publisher":{"@id":"https:\/\/www.purejewels.com\/#organization"},"potentialAction":[{"@type":"SearchAction","target":{"@type":"EntryPoint","urlTemplate":"https:\/\/www.purejewels.com\/?s={search_term_string}"},"query-input":{"@type":"PropertyValueSpecification","valueRequired":true,"valueName":"search_term_string"}}],"inLanguage":"tr"},{"@type":"Organization","@id":"https:\/\/www.purejewels.com\/#organization","name":"PureJewels \u0130ngiltere","url":"https:\/\/www.purejewels.com\/","logo":{"@type":"ImageObject","inLanguage":"tr","@id":"https:\/\/www.purejewels.com\/#\/schema\/logo\/image\/","url":"https:\/\/static.purejewels.com\/wp-content\/uploads\/2020\/11\/Logo-PJ-New-1.png","contentUrl":"https:\/\/static.purejewels.com\/wp-content\/uploads\/2020\/11\/Logo-PJ-New-1.png","width":150,"height":80,"caption":"PureJewels UK"},"image":{"@id":"https:\/\/www.purejewels.com\/#\/schema\/logo\/image\/"}}]}},"_links":{"self":[{"href":"https:\/\/www.purejewels.com\/tr\/wp-json\/wp\/v2\/product\/326756","targetHints":{"allow":["GET"]}}],"collection":[{"href":"https:\/\/www.purejewels.com\/tr\/wp-json\/wp\/v2\/product"}],"about":[{"href":"https:\/\/www.purejewels.com\/tr\/wp-json\/wp\/v2\/types\/product"}],"replies":[{"embeddable":true,"href":"https:\/\/www.purejewels.com\/tr\/wp-json\/wp\/v2\/comments?post=326756"}],"version-history":[{"count":3,"href":"https:\/\/www.purejewels.com\/tr\/wp-json\/wp\/v2\/product\/326756\/revisions"}],"predecessor-version":[{"id":420538,"href":"https:\/\/www.purejewels.com\/tr\/wp-json\/wp\/v2\/product\/326756\/revisions\/420538"}],"wp:featuredmedia":[{"embeddable":true,"href":"https:\/\/www.purejewels.com\/tr\/wp-json\/wp\/v2\/media\/348177"}],"wp:attachment":[{"href":"https:\/\/www.purejewels.com\/tr\/wp-json\/wp\/v2\/media?parent=326756"}],"wp:term":[{"taxonomy":"product_brand","embeddable":true,"href":"https:\/\/www.purejewels.com\/tr\/wp-json\/wp\/v2\/product_brand?post=326756"},{"taxonomy":"product_cat","embeddable":true,"href":"https:\/\/www.purejewels.com\/tr\/wp-json\/wp\/v2\/product_cat?post=326756"},{"taxonomy":"product_tag","embeddable":true,"href":"https:\/\/www.purejewels.com\/tr\/wp-json\/wp\/v2\/product_tag?post=326756"}],"curies":[{"name":"wp","href":"https:\/\/api.w.org\/{rel}","templated":true}]}}