{"id":326901,"date":"2021-09-17T11:40:21","date_gmt":"2021-09-17T10:40:21","guid":{"rendered":"https:\/\/www.purejewels.com\/?post_type=product&#038;p=326901"},"modified":"2025-12-24T06:38:55","modified_gmt":"2025-12-24T06:38:55","slug":"22-ayar-altin-kupe-34746","status":"publish","type":"product","link":"https:\/\/www.purejewels.com\/tr\/product\/22ct-gold-earring-34746\/","title":{"rendered":"22 ayar alt\u0131n telkari daire k\u00fcpe"},"content":{"rendered":"<p><strong>Tasar\u0131m:<\/strong><br \/>\nBu k\u00fcpeler, geleneksel zanaatkarl\u0131\u011f\u0131n \u00f6z\u00fcn\u00fc yans\u0131tan, g\u00fczel detayl\u0131 dairesel telkari deseniyle dikkat \u00e7ekiyor. Katmanl\u0131 e\u015fmerkezli motifler, simetrik bir hassasiyetle d\u0131\u015fa do\u011fru yay\u0131l\u0131yor ve narin tarakl\u0131 kenarlarla son buluyor.<\/p>\n<p><strong>\u0130\u015f\u00e7ilik:<\/strong><br \/>\nSaf 22 ayar sar\u0131 alt\u0131ndan el i\u015f\u00e7ili\u011fi ile \u00fcretilen k\u00fcpeler, detaylara g\u00f6sterilen ola\u011fan\u00fcst\u00fc \u00f6zen ve karma\u015f\u0131k alt\u0131n i\u015f\u00e7ili\u011fini \u00f6n plana \u00e7\u0131kar\u0131yor. Dantel gibi inceli\u011fi ile bilinen telkari tekni\u011fi, par\u00e7aya hacim katmadan derinlik ve zarafet kat\u0131yor.<\/p>\n<p><strong>Stil:<\/strong><br \/>\nD\u00fc\u011f\u00fcnler, k\u00fclt\u00fcrel kutlamalar ve resmi davetler i\u00e7in ideal olan bu saplama k\u00fcpeler, cesur ama zarif bir ifade yarat\u0131r. D\u00fcz ve geni\u015f \u015fekilleri sayesinde kula\u011fa zarif bir \u015fekilde otururlar ve asil ve zamans\u0131z bir estetik sunarlar.<\/p>","protected":false},"excerpt":{"rendered":"<p>G\u00f6z al\u0131c\u0131 22 ayar alt\u0131n saplama k\u00fcpeler, dairesel tasar\u0131mda karma\u015f\u0131k telkari detaylara sahiptir \u2013 geleneksel veya \u015fenlikli k\u0131yafetler i\u00e7in m\u00fckemmeldir.<\/p>\n<ul>\n<li>22 Ayar Sar\u0131 Alt\u0131n Saplama K\u00fcpe<\/li>\n<li>G\u00fczel Telkari tasar\u0131ml\u0131 k\u00fcpe<\/li>\n<li>A\u011f\u0131rl\u0131k 13,5 gms<\/li>\n<li>SKU. 34746<\/li>\n<li>T\u00fcm fiyatlara KDV dahildir<\/li>\n<li>T\u00fcm \u00fcr\u00fcnlerimiz London Assay Office taraf\u0131ndan damgalanm\u0131\u015ft\u0131r<\/li>\n<li>Sunum Kutusu ile Birlikte Gelir<\/li>\n<li>Teslimat Dahil<\/li>\n<li>\u00dcr\u00fcn\u00fcn canl\u0131 videosu i\u00e7in bize ula\u015f\u0131n \/ bizimle sohbet edin<\/li>\n<\/ul>","protected":false},"featured_media":323202,"comment_status":"closed","ping_status":"closed","template":"","meta":{"_eb_attr":"","_crsspst_to_jayantr4sg-hostcom":true},"product_brand":[],"product_cat":[1254,252,1570,1577,1573,1574],"product_tag":[],"class_list":{"0":"post-326901","1":"product","2":"type-product","3":"status-publish","4":"has-post-thumbnail","6":"product_cat-gold-earrings","7":"product_cat-jali-collections","8":"product_cat-mothers-day-gifts","9":"product_cat-stud-earrings","10":"product_cat-wedding-gifts","11":"product_cat-womens-jewellery","13":"first","14":"outofstock","15":"sale","16":"taxable","17":"shipping-taxable","18":"product-type-simple","19":"add-to-wishlist-before_image"},"yoast_head":"<!-- This site is optimized with the Yoast SEO plugin v27.3 - https:\/\/yoast.com\/product\/yoast-seo-wordpress\/ -->\n<title>22ct Gold Filigree Stud Earrings | Intricate Gold Circle Design<\/title>\n<meta name=\"description\" content=\"Explore the elegance of 22ct yellow gold filigree stud earrings. Intricately crafted with a traditional circular design for timeless beauty.\" \/>\n<meta name=\"robots\" content=\"index, follow, max-snippet:-1, max-image-preview:large, max-video-preview:-1\" \/>\n<link rel=\"canonical\" href=\"https:\/\/www.purejewels.com\/tr\/urun\/22-ayar-altin-kupe-34746\/\" \/>\n<meta property=\"og:locale\" content=\"tr_TR\" \/>\n<meta property=\"og:type\" content=\"article\" \/>\n<meta property=\"og:title\" content=\"22ct Gold Filigree Stud Earrings | Intricate Gold Circle Design\" \/>\n<meta property=\"og:description\" content=\"Explore the elegance of 22ct yellow gold filigree stud earrings. Intricately crafted with a traditional circular design for timeless beauty.\" \/>\n<meta property=\"og:url\" content=\"https:\/\/www.purejewels.com\/tr\/urun\/22-ayar-altin-kupe-34746\/\" \/>\n<meta property=\"og:site_name\" content=\"PureJewels UK\" \/>\n<meta property=\"article:modified_time\" content=\"2025-12-24T06:38:55+00:00\" \/>\n<meta property=\"og:image\" content=\"https:\/\/static.purejewels.com\/wp-content\/uploads\/2021\/04\/image218999795.jpg\" \/>\n\t<meta property=\"og:image:width\" content=\"1000\" \/>\n\t<meta property=\"og:image:height\" content=\"1000\" \/>\n\t<meta property=\"og:image:type\" content=\"image\/jpeg\" \/>\n<meta name=\"twitter:card\" content=\"summary_large_image\" \/>\n<meta name=\"twitter:label1\" content=\"Tahmini okuma s\u00fcresi\" \/>\n\t<meta name=\"twitter:data1\" content=\"1 dakika\" \/>\n<script type=\"application\/ld+json\" class=\"yoast-schema-graph\">{\"@context\":\"https:\\\/\\\/schema.org\",\"@graph\":[{\"@type\":[\"WebPage\",\"ItemPage\"],\"@id\":\"https:\\\/\\\/www.purejewels.com\\\/product\\\/22ct-gold-earring-34746\\\/\",\"url\":\"https:\\\/\\\/www.purejewels.com\\\/product\\\/22ct-gold-earring-34746\\\/\",\"name\":\"22ct Gold Filigree Stud Earrings | Intricate Gold Circle Design\",\"isPartOf\":{\"@id\":\"https:\\\/\\\/www.purejewels.com\\\/#website\"},\"primaryImageOfPage\":{\"@id\":\"https:\\\/\\\/www.purejewels.com\\\/product\\\/22ct-gold-earring-34746\\\/#primaryimage\"},\"image\":{\"@id\":\"https:\\\/\\\/www.purejewels.com\\\/product\\\/22ct-gold-earring-34746\\\/#primaryimage\"},\"thumbnailUrl\":\"https:\\\/\\\/static.purejewels.com\\\/wp-content\\\/uploads\\\/2021\\\/04\\\/image218999795.jpg\",\"datePublished\":\"2021-09-17T10:40:21+00:00\",\"dateModified\":\"2025-12-24T06:38:55+00:00\",\"description\":\"Explore the elegance of 22ct yellow gold filigree stud earrings. Intricately crafted with a traditional circular design for timeless beauty.\",\"breadcrumb\":{\"@id\":\"https:\\\/\\\/www.purejewels.com\\\/product\\\/22ct-gold-earring-34746\\\/#breadcrumb\"},\"inLanguage\":\"tr\",\"potentialAction\":[{\"@type\":\"ReadAction\",\"target\":[\"https:\\\/\\\/www.purejewels.com\\\/product\\\/22ct-gold-earring-34746\\\/\"]}]},{\"@type\":\"ImageObject\",\"inLanguage\":\"tr\",\"@id\":\"https:\\\/\\\/www.purejewels.com\\\/product\\\/22ct-gold-earring-34746\\\/#primaryimage\",\"url\":\"https:\\\/\\\/static.purejewels.com\\\/wp-content\\\/uploads\\\/2021\\\/04\\\/image218999795.jpg\",\"contentUrl\":\"https:\\\/\\\/static.purejewels.com\\\/wp-content\\\/uploads\\\/2021\\\/04\\\/image218999795.jpg\",\"width\":1000,\"height\":1000,\"caption\":\"22ct Gold Earring 13.4gm\"},{\"@type\":\"BreadcrumbList\",\"@id\":\"https:\\\/\\\/www.purejewels.com\\\/product\\\/22ct-gold-earring-34746\\\/#breadcrumb\",\"itemListElement\":[{\"@type\":\"ListItem\",\"position\":1,\"name\":\"Home\",\"item\":\"https:\\\/\\\/www.purejewels.com\\\/\"},{\"@type\":\"ListItem\",\"position\":2,\"name\":\"Shop\",\"item\":\"https:\\\/\\\/www.purejewels.com\\\/shop\\\/\"},{\"@type\":\"ListItem\",\"position\":3,\"name\":\"22ct Gold Filigree Circle Stud Earrings\"}]},{\"@type\":\"WebSite\",\"@id\":\"https:\\\/\\\/www.purejewels.com\\\/#website\",\"url\":\"https:\\\/\\\/www.purejewels.com\\\/\",\"name\":\"PureJewels UK\",\"description\":\"Share the Love\",\"publisher\":{\"@id\":\"https:\\\/\\\/www.purejewels.com\\\/#organization\"},\"potentialAction\":[{\"@type\":\"SearchAction\",\"target\":{\"@type\":\"EntryPoint\",\"urlTemplate\":\"https:\\\/\\\/www.purejewels.com\\\/?s={search_term_string}\"},\"query-input\":{\"@type\":\"PropertyValueSpecification\",\"valueRequired\":true,\"valueName\":\"search_term_string\"}}],\"inLanguage\":\"tr\"},{\"@type\":\"Organization\",\"@id\":\"https:\\\/\\\/www.purejewels.com\\\/#organization\",\"name\":\"PureJewels UK\",\"url\":\"https:\\\/\\\/www.purejewels.com\\\/\",\"logo\":{\"@type\":\"ImageObject\",\"inLanguage\":\"tr\",\"@id\":\"https:\\\/\\\/www.purejewels.com\\\/#\\\/schema\\\/logo\\\/image\\\/\",\"url\":\"https:\\\/\\\/static.purejewels.com\\\/wp-content\\\/uploads\\\/2020\\\/11\\\/Logo-PJ-New-1.png\",\"contentUrl\":\"https:\\\/\\\/static.purejewels.com\\\/wp-content\\\/uploads\\\/2020\\\/11\\\/Logo-PJ-New-1.png\",\"width\":150,\"height\":80,\"caption\":\"PureJewels UK\"},\"image\":{\"@id\":\"https:\\\/\\\/www.purejewels.com\\\/#\\\/schema\\\/logo\\\/image\\\/\"}}]}<\/script>\n<!-- \/ Yoast SEO plugin. -->","yoast_head_json":{"title":"22 ayar alt\u0131n telkari k\u00fcpe | Karma\u015f\u0131k alt\u0131n daire tasar\u0131m\u0131","description":"22 ayar sar\u0131 alt\u0131n telkari k\u00fcpe k\u00fcpelerin zarafetini ke\u015ffedin. Zamans\u0131z g\u00fczellik i\u00e7in geleneksel dairesel tasar\u0131mla \u00f6zenle i\u015flenmi\u015ftir.","robots":{"index":"index","follow":"follow","max-snippet":"max-snippet:-1","max-image-preview":"max-image-preview:large","max-video-preview":"max-video-preview:-1"},"canonical":"https:\/\/www.purejewels.com\/tr\/urun\/22-ayar-altin-kupe-34746\/","og_locale":"tr_TR","og_type":"article","og_title":"22ct Gold Filigree Stud Earrings | Intricate Gold Circle Design","og_description":"Explore the elegance of 22ct yellow gold filigree stud earrings. Intricately crafted with a traditional circular design for timeless beauty.","og_url":"https:\/\/www.purejewels.com\/tr\/urun\/22-ayar-altin-kupe-34746\/","og_site_name":"PureJewels UK","article_modified_time":"2025-12-24T06:38:55+00:00","og_image":[{"width":1000,"height":1000,"url":"https:\/\/static.purejewels.com\/wp-content\/uploads\/2021\/04\/image218999795.jpg","type":"image\/jpeg"}],"twitter_card":"summary_large_image","twitter_misc":{"Tahmini okuma s\u00fcresi":"1 dakika"},"schema":{"@context":"https:\/\/schema.org","@graph":[{"@type":["WebPage","ItemPage"],"@id":"https:\/\/www.purejewels.com\/product\/22ct-gold-earring-34746\/","url":"https:\/\/www.purejewels.com\/product\/22ct-gold-earring-34746\/","name":"22 ayar alt\u0131n telkari k\u00fcpe | Karma\u015f\u0131k alt\u0131n daire tasar\u0131m\u0131","isPartOf":{"@id":"https:\/\/www.purejewels.com\/#website"},"primaryImageOfPage":{"@id":"https:\/\/www.purejewels.com\/product\/22ct-gold-earring-34746\/#primaryimage"},"image":{"@id":"https:\/\/www.purejewels.com\/product\/22ct-gold-earring-34746\/#primaryimage"},"thumbnailUrl":"https:\/\/static.purejewels.com\/wp-content\/uploads\/2021\/04\/image218999795.jpg","datePublished":"2021-09-17T10:40:21+00:00","dateModified":"2025-12-24T06:38:55+00:00","description":"22 ayar sar\u0131 alt\u0131n telkari k\u00fcpe k\u00fcpelerin zarafetini ke\u015ffedin. Zamans\u0131z g\u00fczellik i\u00e7in geleneksel dairesel tasar\u0131mla \u00f6zenle i\u015flenmi\u015ftir.","breadcrumb":{"@id":"https:\/\/www.purejewels.com\/product\/22ct-gold-earring-34746\/#breadcrumb"},"inLanguage":"tr","potentialAction":[{"@type":"ReadAction","target":["https:\/\/www.purejewels.com\/product\/22ct-gold-earring-34746\/"]}]},{"@type":"ImageObject","inLanguage":"tr","@id":"https:\/\/www.purejewels.com\/product\/22ct-gold-earring-34746\/#primaryimage","url":"https:\/\/static.purejewels.com\/wp-content\/uploads\/2021\/04\/image218999795.jpg","contentUrl":"https:\/\/static.purejewels.com\/wp-content\/uploads\/2021\/04\/image218999795.jpg","width":1000,"height":1000,"caption":"22ct Gold Earring 13.4gm"},{"@type":"BreadcrumbList","@id":"https:\/\/www.purejewels.com\/product\/22ct-gold-earring-34746\/#breadcrumb","itemListElement":[{"@type":"ListItem","position":1,"name":"Home","item":"https:\/\/www.purejewels.com\/"},{"@type":"ListItem","position":2,"name":"Shop","item":"https:\/\/www.purejewels.com\/shop\/"},{"@type":"ListItem","position":3,"name":"22ct Gold Filigree Circle Stud Earrings"}]},{"@type":"WebSite","@id":"https:\/\/www.purejewels.com\/#website","url":"https:\/\/www.purejewels.com\/","name":"PureJewels \u0130ngiltere","description":"Sevgiyi Payla\u015f\u0131n","publisher":{"@id":"https:\/\/www.purejewels.com\/#organization"},"potentialAction":[{"@type":"SearchAction","target":{"@type":"EntryPoint","urlTemplate":"https:\/\/www.purejewels.com\/?s={search_term_string}"},"query-input":{"@type":"PropertyValueSpecification","valueRequired":true,"valueName":"search_term_string"}}],"inLanguage":"tr"},{"@type":"Organization","@id":"https:\/\/www.purejewels.com\/#organization","name":"PureJewels \u0130ngiltere","url":"https:\/\/www.purejewels.com\/","logo":{"@type":"ImageObject","inLanguage":"tr","@id":"https:\/\/www.purejewels.com\/#\/schema\/logo\/image\/","url":"https:\/\/static.purejewels.com\/wp-content\/uploads\/2020\/11\/Logo-PJ-New-1.png","contentUrl":"https:\/\/static.purejewels.com\/wp-content\/uploads\/2020\/11\/Logo-PJ-New-1.png","width":150,"height":80,"caption":"PureJewels UK"},"image":{"@id":"https:\/\/www.purejewels.com\/#\/schema\/logo\/image\/"}}]}},"_links":{"self":[{"href":"https:\/\/www.purejewels.com\/tr\/wp-json\/wp\/v2\/product\/326901","targetHints":{"allow":["GET"]}}],"collection":[{"href":"https:\/\/www.purejewels.com\/tr\/wp-json\/wp\/v2\/product"}],"about":[{"href":"https:\/\/www.purejewels.com\/tr\/wp-json\/wp\/v2\/types\/product"}],"replies":[{"embeddable":true,"href":"https:\/\/www.purejewels.com\/tr\/wp-json\/wp\/v2\/comments?post=326901"}],"version-history":[{"count":3,"href":"https:\/\/www.purejewels.com\/tr\/wp-json\/wp\/v2\/product\/326901\/revisions"}],"predecessor-version":[{"id":423788,"href":"https:\/\/www.purejewels.com\/tr\/wp-json\/wp\/v2\/product\/326901\/revisions\/423788"}],"wp:featuredmedia":[{"embeddable":true,"href":"https:\/\/www.purejewels.com\/tr\/wp-json\/wp\/v2\/media\/323202"}],"wp:attachment":[{"href":"https:\/\/www.purejewels.com\/tr\/wp-json\/wp\/v2\/media?parent=326901"}],"wp:term":[{"taxonomy":"product_brand","embeddable":true,"href":"https:\/\/www.purejewels.com\/tr\/wp-json\/wp\/v2\/product_brand?post=326901"},{"taxonomy":"product_cat","embeddable":true,"href":"https:\/\/www.purejewels.com\/tr\/wp-json\/wp\/v2\/product_cat?post=326901"},{"taxonomy":"product_tag","embeddable":true,"href":"https:\/\/www.purejewels.com\/tr\/wp-json\/wp\/v2\/product_tag?post=326901"}],"curies":[{"name":"wp","href":"https:\/\/api.w.org\/{rel}","templated":true}]}}