{"id":327060,"date":"2021-09-24T07:44:07","date_gmt":"2021-09-24T06:44:07","guid":{"rendered":"https:\/\/www.purejewels.com\/?post_type=product&#038;p=327060"},"modified":"2026-02-18T11:41:00","modified_gmt":"2026-02-18T11:41:00","slug":"rozetler-koleksi%cc%87yonu-22-ayar-altin-kupe-34356","status":"publish","type":"product","link":"https:\/\/www.purejewels.com\/tr\/product\/rosettes-collection-22ct-gold-earring-34356\/","title":{"rendered":"Klasik 22 Ayar Alt\u0131n K\u00fcpe"},"content":{"rendered":"<h3><strong>\u0130lham kayna\u011f\u0131<\/strong><\/h3>\n<p>\u00c7\u0131t\u00e7\u0131tl\u0131 kulaklar zahmetsiz, cesur ve muhte\u015femdir. Temelde daha uzun kulaklar\u0131n daha k\u00fc\u00e7\u00fck versiyonlar\u0131d\u0131r. <a href=\"https:\/\/www.purejewels.com\/tr\/product-category\/22ct-gold-jewellery\/gold-earrings\/\">K\u00fcpeler<\/a> kulak memelerinin alt\u0131na d\u00fc\u015fer. \u00c7ok fazla dram katmadan kulak memelerinizi zahmetsizce g\u00fczelce \u00f6rtmek i\u00e7in haz\u0131rlanm\u0131\u015flard\u0131r. \u00c7\u0131t\u00e7\u0131tlar g\u00fcn\u00fcm\u00fczde ayr\u0131ca bir tak\u0131 veya bir ta\u015f damlas\u0131 \u015feklinde biraz daha uzunlu\u011fa sahiptir.<\/p>\n<p>Vintage, Ham ve Cesur!<\/p>\n<p>Bu klasik Hint <a href=\"https:\/\/www.purejewels.com\/tr\/product-category\/22ct-gold-jewellery\/\">22 karat<\/a> alt\u0131n <strong>K\u00fcpeler<\/strong> ham, g\u00f6rkemli ve zariftir. Bu alt\u0131n k\u00fcpeler ge\u00e7mi\u015fin zengin k\u00fclt\u00fcrlerinden ilham al\u0131yor ve alt\u0131n\u0131n \u0131\u015f\u0131lt\u0131s\u0131yla birle\u015fiyor. Rozet Koleksiyonumuzun bir par\u00e7as\u0131 olan bu k\u00fcpeler, oyma ve kabartma gibi teknikler kullan\u0131larak 22 ayar alt\u0131ndan el i\u015f\u00e7ili\u011fiyle \u00fcretilmi\u015ftir. Tasar\u0131m, merkezde karma\u015f\u0131k bir \u015fekilde detayland\u0131r\u0131lm\u0131\u015f bir g\u00fcl \u00e7i\u00e7e\u011fi ile ba\u015flar. Rozeti ta\u00e7 yapraklar\u0131 ve geleneksel olarak detayland\u0131r\u0131lm\u0131\u015f unsurlar\u0131n yan\u0131 s\u0131ra her taraf\u0131 kabartmal\u0131 \u00e7i\u00e7ek sicimlerine sahip minyat\u00fcr ravalar takip eder.<\/p>\n<h3>Zamans\u0131z<\/h3>\n<p>Bu 22 ayar alt\u0131n k\u00fcpeler \u0130ngiltere'de hi\u00e7 eskimiyor, kalplere dokunuyor ve Hintli kad\u0131nlar\u0131 b\u00fcy\u00fcl\u00fcyor ve \u015fimdi d\u00fcnya \u00e7ap\u0131nda daha fazla kad\u0131n taraf\u0131ndan seviliyor. Bu geleneksel Hint s\u00fcsleri bir kez eve getirildi\u011finde aile yadigar\u0131n\u0131z\u0131n bir par\u00e7as\u0131 haline gelecektir. <strong>koleksiyon<\/strong> \u00f6nemli ve g\u00fczel anlarda onlar\u0131 s\u00fcslerken. Web sitemize g\u00f6z atabilir ve bu t\u00fcr 22 ayar alt\u0131n k\u00fcpe tasar\u0131mlar\u0131n\u0131 fiyatlar\u0131yla birlikte ke\u015ffedebilir ve favorilerinizi eve getirebilirsiniz.<\/p>\n<p><b>Menzil kimli\u011fi:<\/b>\u00a0JWERSTRS001<\/p>\n<p>&nbsp;<\/p>","protected":false},"excerpt":{"rendered":"<div class=\"woocommerce-product-details__short-description\">\n<ul>\n<li>Antik Kaplamal\u0131 22 Ayar Alt\u0131n K\u00fcpe<\/li>\n<li>A\u011f\u0131rl\u0131k 8,9 gms<\/li>\n<li>SKU. 43341<\/li>\n<li>T\u00fcm fiyatlara KDV dahildir<\/li>\n<li>T\u00fcm \u00fcr\u00fcnlerimiz London Assay Office taraf\u0131ndan damgalanm\u0131\u015ft\u0131r<\/li>\n<li>Sunum Kutusu ile Birlikte Gelir<\/li>\n<li>Teslimat Dahil<\/li>\n<li>\u00dcr\u00fcn\u00fcn videosunu g\u00f6rmek i\u00e7in bize ula\u015f\u0131n \/ bizimle sohbet edin<\/li>\n<\/ul>\n<\/div>\n<p>&nbsp;<\/p>","protected":false},"featured_media":316569,"comment_status":"closed","ping_status":"closed","template":"","meta":{"_eb_attr":"","_crsspst_to_jayantr4sg-hostcom":false},"product_brand":[],"product_cat":[1791,1559,5315,1254,1229,6146,1656,5274,1577,1573,1574],"product_tag":[],"class_list":{"0":"post-327060","1":"product","2":"type-product","3":"status-publish","4":"has-post-thumbnail","6":"product_cat-anniversary-gifts","7":"product_cat-birthday-gifts","8":"product_cat-bridal-and-wedding-earrings","9":"product_cat-gold-earrings","10":"product_cat-22ct-gold-jewellery","11":"product_cat-rosette-stud","12":"product_cat-rosettes-collections","13":"product_cat-rosettes-earring","14":"product_cat-stud-earrings","15":"product_cat-wedding-gifts","16":"product_cat-womens-jewellery","18":"first","19":"instock","20":"taxable","21":"shipping-taxable","22":"purchasable","23":"product-type-simple","24":"add-to-wishlist-before_image"},"yoast_head":"<!-- This site is optimized with the Yoast SEO plugin v27.5 - https:\/\/yoast.com\/product\/yoast-seo-wordpress\/ -->\n<title>22 Carat Gold Earrings UK | Gold Jewellery for Women<\/title>\n<meta name=\"description\" content=\"Ear studs are effortless, bold and gorgeous. They are basically smaller versions of longer earrings that fall below the earlobes. Shop Studs Online!\" \/>\n<meta name=\"robots\" content=\"index, follow, max-snippet:-1, max-image-preview:large, max-video-preview:-1\" \/>\n<link rel=\"canonical\" href=\"https:\/\/www.purejewels.com\/tr\/urun\/rozetler-koleksi\u0307yonu-22-ayar-altin-kupe-34356\/\" \/>\n<meta property=\"og:locale\" content=\"tr_TR\" \/>\n<meta property=\"og:type\" content=\"article\" \/>\n<meta property=\"og:title\" content=\"22 Carat Gold Earrings UK | Gold Jewellery for Women\" \/>\n<meta property=\"og:description\" content=\"Ear studs are effortless, bold and gorgeous. They are basically smaller versions of longer earrings that fall below the earlobes. Shop Studs Online!\" \/>\n<meta property=\"og:url\" content=\"https:\/\/www.purejewels.com\/tr\/urun\/rozetler-koleksi\u0307yonu-22-ayar-altin-kupe-34356\/\" \/>\n<meta property=\"og:site_name\" content=\"PureJewels UK\" \/>\n<meta property=\"article:modified_time\" content=\"2026-02-18T11:41:00+00:00\" \/>\n<meta property=\"og:image\" content=\"https:\/\/static.purejewels.com\/wp-content\/uploads\/2020\/08\/image180557421.jpg\" \/>\n\t<meta property=\"og:image:width\" content=\"1000\" \/>\n\t<meta property=\"og:image:height\" content=\"1000\" \/>\n\t<meta property=\"og:image:type\" content=\"image\/jpeg\" \/>\n<meta name=\"twitter:card\" content=\"summary_large_image\" \/>\n<meta name=\"twitter:label1\" content=\"Tahmini okuma s\u00fcresi\" \/>\n\t<meta name=\"twitter:data1\" content=\"2 dakika\" \/>\n<script type=\"application\/ld+json\" class=\"yoast-schema-graph\">{\"@context\":\"https:\\\/\\\/schema.org\",\"@graph\":[{\"@type\":[\"WebPage\",\"ItemPage\"],\"@id\":\"https:\\\/\\\/www.purejewels.com\\\/product\\\/rosettes-collection-22ct-gold-earring-34356\\\/\",\"url\":\"https:\\\/\\\/www.purejewels.com\\\/product\\\/rosettes-collection-22ct-gold-earring-34356\\\/\",\"name\":\"22 Carat Gold Earrings UK | Gold Jewellery for Women\",\"isPartOf\":{\"@id\":\"https:\\\/\\\/www.purejewels.com\\\/#website\"},\"primaryImageOfPage\":{\"@id\":\"https:\\\/\\\/www.purejewels.com\\\/product\\\/rosettes-collection-22ct-gold-earring-34356\\\/#primaryimage\"},\"image\":{\"@id\":\"https:\\\/\\\/www.purejewels.com\\\/product\\\/rosettes-collection-22ct-gold-earring-34356\\\/#primaryimage\"},\"thumbnailUrl\":\"https:\\\/\\\/static.purejewels.com\\\/wp-content\\\/uploads\\\/2020\\\/08\\\/image180557421.jpg\",\"datePublished\":\"2021-09-24T06:44:07+00:00\",\"dateModified\":\"2026-02-18T11:41:00+00:00\",\"description\":\"Ear studs are effortless, bold and gorgeous. They are basically smaller versions of longer earrings that fall below the earlobes. Shop Studs Online!\",\"breadcrumb\":{\"@id\":\"https:\\\/\\\/www.purejewels.com\\\/product\\\/rosettes-collection-22ct-gold-earring-34356\\\/#breadcrumb\"},\"inLanguage\":\"tr\",\"potentialAction\":[{\"@type\":\"ReadAction\",\"target\":[\"https:\\\/\\\/www.purejewels.com\\\/product\\\/rosettes-collection-22ct-gold-earring-34356\\\/\"]}]},{\"@type\":\"ImageObject\",\"inLanguage\":\"tr\",\"@id\":\"https:\\\/\\\/www.purejewels.com\\\/product\\\/rosettes-collection-22ct-gold-earring-34356\\\/#primaryimage\",\"url\":\"https:\\\/\\\/static.purejewels.com\\\/wp-content\\\/uploads\\\/2020\\\/08\\\/image180557421.jpg\",\"contentUrl\":\"https:\\\/\\\/static.purejewels.com\\\/wp-content\\\/uploads\\\/2020\\\/08\\\/image180557421.jpg\",\"width\":1000,\"height\":1000,\"caption\":\"Rosettes Collection 22ct Gold Earring Stud RSER030\"},{\"@type\":\"BreadcrumbList\",\"@id\":\"https:\\\/\\\/www.purejewels.com\\\/product\\\/rosettes-collection-22ct-gold-earring-34356\\\/#breadcrumb\",\"itemListElement\":[{\"@type\":\"ListItem\",\"position\":1,\"name\":\"Home\",\"item\":\"https:\\\/\\\/www.purejewels.com\\\/\"},{\"@type\":\"ListItem\",\"position\":2,\"name\":\"Shop\",\"item\":\"https:\\\/\\\/www.purejewels.com\\\/shop\\\/\"},{\"@type\":\"ListItem\",\"position\":3,\"name\":\"Classic 22 Carat Gold Earring\"}]},{\"@type\":\"WebSite\",\"@id\":\"https:\\\/\\\/www.purejewels.com\\\/#website\",\"url\":\"https:\\\/\\\/www.purejewels.com\\\/\",\"name\":\"PureJewels UK\",\"description\":\"Share the Love\",\"publisher\":{\"@id\":\"https:\\\/\\\/www.purejewels.com\\\/#organization\"},\"potentialAction\":[{\"@type\":\"SearchAction\",\"target\":{\"@type\":\"EntryPoint\",\"urlTemplate\":\"https:\\\/\\\/www.purejewels.com\\\/?s={search_term_string}\"},\"query-input\":{\"@type\":\"PropertyValueSpecification\",\"valueRequired\":true,\"valueName\":\"search_term_string\"}}],\"inLanguage\":\"tr\"},{\"@type\":\"Organization\",\"@id\":\"https:\\\/\\\/www.purejewels.com\\\/#organization\",\"name\":\"PureJewels UK\",\"url\":\"https:\\\/\\\/www.purejewels.com\\\/\",\"logo\":{\"@type\":\"ImageObject\",\"inLanguage\":\"tr\",\"@id\":\"https:\\\/\\\/www.purejewels.com\\\/#\\\/schema\\\/logo\\\/image\\\/\",\"url\":\"https:\\\/\\\/static.purejewels.com\\\/wp-content\\\/uploads\\\/2020\\\/11\\\/Logo-PJ-New-1.png\",\"contentUrl\":\"https:\\\/\\\/static.purejewels.com\\\/wp-content\\\/uploads\\\/2020\\\/11\\\/Logo-PJ-New-1.png\",\"width\":150,\"height\":80,\"caption\":\"PureJewels UK\"},\"image\":{\"@id\":\"https:\\\/\\\/www.purejewels.com\\\/#\\\/schema\\\/logo\\\/image\\\/\"}}]}<\/script>\n<!-- \/ Yoast SEO plugin. -->","yoast_head_json":{"title":"22 Ayar Alt\u0131n K\u00fcpe \u0130ngiltere | Kad\u0131nlar i\u00e7in Alt\u0131n Tak\u0131lar","description":"\u00c7\u0131t\u00e7\u0131tl\u0131 kulaklar zahmetsiz, cesur ve muhte\u015femdir. Temel olarak kulak memelerinin alt\u0131na d\u00fc\u015fen daha uzun k\u00fcpelerin daha k\u00fc\u00e7\u00fck versiyonlar\u0131d\u0131r. Online \u00c7\u0131t\u00e7\u0131t Al\u0131\u015fveri\u015fi!","robots":{"index":"index","follow":"follow","max-snippet":"max-snippet:-1","max-image-preview":"max-image-preview:large","max-video-preview":"max-video-preview:-1"},"canonical":"https:\/\/www.purejewels.com\/tr\/urun\/rozetler-koleksi\u0307yonu-22-ayar-altin-kupe-34356\/","og_locale":"tr_TR","og_type":"article","og_title":"22 Carat Gold Earrings UK | Gold Jewellery for Women","og_description":"Ear studs are effortless, bold and gorgeous. They are basically smaller versions of longer earrings that fall below the earlobes. Shop Studs Online!","og_url":"https:\/\/www.purejewels.com\/tr\/urun\/rozetler-koleksi\u0307yonu-22-ayar-altin-kupe-34356\/","og_site_name":"PureJewels UK","article_modified_time":"2026-02-18T11:41:00+00:00","og_image":[{"width":1000,"height":1000,"url":"https:\/\/static.purejewels.com\/wp-content\/uploads\/2020\/08\/image180557421.jpg","type":"image\/jpeg"}],"twitter_card":"summary_large_image","twitter_misc":{"Tahmini okuma s\u00fcresi":"2 dakika"},"schema":{"@context":"https:\/\/schema.org","@graph":[{"@type":["WebPage","ItemPage"],"@id":"https:\/\/www.purejewels.com\/product\/rosettes-collection-22ct-gold-earring-34356\/","url":"https:\/\/www.purejewels.com\/product\/rosettes-collection-22ct-gold-earring-34356\/","name":"22 Ayar Alt\u0131n K\u00fcpe \u0130ngiltere | Kad\u0131nlar i\u00e7in Alt\u0131n Tak\u0131lar","isPartOf":{"@id":"https:\/\/www.purejewels.com\/#website"},"primaryImageOfPage":{"@id":"https:\/\/www.purejewels.com\/product\/rosettes-collection-22ct-gold-earring-34356\/#primaryimage"},"image":{"@id":"https:\/\/www.purejewels.com\/product\/rosettes-collection-22ct-gold-earring-34356\/#primaryimage"},"thumbnailUrl":"https:\/\/static.purejewels.com\/wp-content\/uploads\/2020\/08\/image180557421.jpg","datePublished":"2021-09-24T06:44:07+00:00","dateModified":"2026-02-18T11:41:00+00:00","description":"\u00c7\u0131t\u00e7\u0131tl\u0131 kulaklar zahmetsiz, cesur ve muhte\u015femdir. Temel olarak kulak memelerinin alt\u0131na d\u00fc\u015fen daha uzun k\u00fcpelerin daha k\u00fc\u00e7\u00fck versiyonlar\u0131d\u0131r. Online \u00c7\u0131t\u00e7\u0131t Al\u0131\u015fveri\u015fi!","breadcrumb":{"@id":"https:\/\/www.purejewels.com\/product\/rosettes-collection-22ct-gold-earring-34356\/#breadcrumb"},"inLanguage":"tr","potentialAction":[{"@type":"ReadAction","target":["https:\/\/www.purejewels.com\/product\/rosettes-collection-22ct-gold-earring-34356\/"]}]},{"@type":"ImageObject","inLanguage":"tr","@id":"https:\/\/www.purejewels.com\/product\/rosettes-collection-22ct-gold-earring-34356\/#primaryimage","url":"https:\/\/static.purejewels.com\/wp-content\/uploads\/2020\/08\/image180557421.jpg","contentUrl":"https:\/\/static.purejewels.com\/wp-content\/uploads\/2020\/08\/image180557421.jpg","width":1000,"height":1000,"caption":"Rosettes Collection 22ct Gold Earring Stud RSER030"},{"@type":"BreadcrumbList","@id":"https:\/\/www.purejewels.com\/product\/rosettes-collection-22ct-gold-earring-34356\/#breadcrumb","itemListElement":[{"@type":"ListItem","position":1,"name":"Home","item":"https:\/\/www.purejewels.com\/"},{"@type":"ListItem","position":2,"name":"Shop","item":"https:\/\/www.purejewels.com\/shop\/"},{"@type":"ListItem","position":3,"name":"Classic 22 Carat Gold Earring"}]},{"@type":"WebSite","@id":"https:\/\/www.purejewels.com\/#website","url":"https:\/\/www.purejewels.com\/","name":"PureJewels \u0130ngiltere","description":"Sevgiyi Payla\u015f\u0131n","publisher":{"@id":"https:\/\/www.purejewels.com\/#organization"},"potentialAction":[{"@type":"SearchAction","target":{"@type":"EntryPoint","urlTemplate":"https:\/\/www.purejewels.com\/?s={search_term_string}"},"query-input":{"@type":"PropertyValueSpecification","valueRequired":true,"valueName":"search_term_string"}}],"inLanguage":"tr"},{"@type":"Organization","@id":"https:\/\/www.purejewels.com\/#organization","name":"PureJewels \u0130ngiltere","url":"https:\/\/www.purejewels.com\/","logo":{"@type":"ImageObject","inLanguage":"tr","@id":"https:\/\/www.purejewels.com\/#\/schema\/logo\/image\/","url":"https:\/\/static.purejewels.com\/wp-content\/uploads\/2020\/11\/Logo-PJ-New-1.png","contentUrl":"https:\/\/static.purejewels.com\/wp-content\/uploads\/2020\/11\/Logo-PJ-New-1.png","width":150,"height":80,"caption":"PureJewels UK"},"image":{"@id":"https:\/\/www.purejewels.com\/#\/schema\/logo\/image\/"}}]}},"_links":{"self":[{"href":"https:\/\/www.purejewels.com\/tr\/wp-json\/wp\/v2\/product\/327060","targetHints":{"allow":["GET"]}}],"collection":[{"href":"https:\/\/www.purejewels.com\/tr\/wp-json\/wp\/v2\/product"}],"about":[{"href":"https:\/\/www.purejewels.com\/tr\/wp-json\/wp\/v2\/types\/product"}],"replies":[{"embeddable":true,"href":"https:\/\/www.purejewels.com\/tr\/wp-json\/wp\/v2\/comments?post=327060"}],"version-history":[{"count":4,"href":"https:\/\/www.purejewels.com\/tr\/wp-json\/wp\/v2\/product\/327060\/revisions"}],"predecessor-version":[{"id":425068,"href":"https:\/\/www.purejewels.com\/tr\/wp-json\/wp\/v2\/product\/327060\/revisions\/425068"}],"wp:featuredmedia":[{"embeddable":true,"href":"https:\/\/www.purejewels.com\/tr\/wp-json\/wp\/v2\/media\/316569"}],"wp:attachment":[{"href":"https:\/\/www.purejewels.com\/tr\/wp-json\/wp\/v2\/media?parent=327060"}],"wp:term":[{"taxonomy":"product_brand","embeddable":true,"href":"https:\/\/www.purejewels.com\/tr\/wp-json\/wp\/v2\/product_brand?post=327060"},{"taxonomy":"product_cat","embeddable":true,"href":"https:\/\/www.purejewels.com\/tr\/wp-json\/wp\/v2\/product_cat?post=327060"},{"taxonomy":"product_tag","embeddable":true,"href":"https:\/\/www.purejewels.com\/tr\/wp-json\/wp\/v2\/product_tag?post=327060"}],"curies":[{"name":"wp","href":"https:\/\/api.w.org\/{rel}","templated":true}]}}