{"id":327152,"date":"2021-09-27T07:02:13","date_gmt":"2021-09-27T06:02:13","guid":{"rendered":"https:\/\/www.purejewels.com\/?post_type=product&#038;p=327152"},"modified":"2025-12-08T11:33:33","modified_gmt":"2025-12-08T11:33:33","slug":"22-ayar-altin-kupe-34611","status":"publish","type":"product","link":"https:\/\/www.purejewels.com\/tr\/product\/22-carat-gold-earring-34611\/","title":{"rendered":"22 ayar alt\u0131n damla \u015feklinde CZ k\u00fcpe"},"content":{"rendered":"<p>Bu 22 ayar alt\u0131n Dewdrop CZ Stud K\u00fcpeler, m\u00fccevher koleksiyonunuza yumu\u015fak ve \u0131\u015f\u0131lt\u0131l\u0131 bir parlakl\u0131k katmak i\u00e7in tasarlanm\u0131\u015ft\u0131r. Zarif damla siluetinde tasarlanan her bir k\u00fcpe, her a\u00e7\u0131dan \u0131\u015f\u0131\u011f\u0131 g\u00fczel bir \u015fekilde yans\u0131tan parlak k\u00fcbik zirkon ta\u015flarla s\u00fcslenmi\u015ftir. 22 ayar alt\u0131n\u0131n s\u0131cak par\u0131lt\u0131s\u0131, \u0131\u015f\u0131lt\u0131l\u0131 ta\u015flarla \u00e7arp\u0131c\u0131 bir kontrast olu\u015fturarak, bu k\u00fcpeleri hem g\u00fcnd\u00fcz hem de ak\u015fam giyimi i\u00e7in \u00e7ok y\u00f6nl\u00fc bir se\u00e7im haline getirir. Safl\u0131k ve i\u015f\u00e7ilik garantisi i\u00e7in \u0130ngiltere'de damgal\u0131 olan bu k\u00fcpeler, her tarza zarif bir dokunu\u015f katar ve rafine stili takdir edenler i\u00e7in d\u00fc\u015f\u00fcnceli bir hediye se\u00e7ene\u011fi sunar.<\/p>","protected":false},"excerpt":{"rendered":"<p>Her g\u00fcn zarif bir \u0131\u015f\u0131lt\u0131 sunan, \u00e7i\u011f damlas\u0131ndan ilham alan silueti ile zarif 22 ayar alt\u0131n CZ saplama k\u00fcpeler.<\/p>\n<ul>\n<li>22 Ayar Alt\u0131n Saplama K\u00fcpe<\/li>\n<li>Cz Ta\u015fl\u0131<\/li>\n<li>A\u011f\u0131rl\u0131k 3,5 gms<\/li>\n<li>SKU. 34611<\/li>\n<li>T\u00fcm fiyatlara KDV dahildir<\/li>\n<li>Londra Tahlil Ofisi Taraf\u0131ndan Damgalanm\u0131\u015f 22 Ayar Alt\u0131n<\/li>\n<li>Sunum Kutusu ile Birlikte Gelir<\/li>\n<li>Teslimat Dahil<\/li>\n<li>Stok durumu ve stokta bulunan benzer tasar\u0131mlar\u0131n daha fazla g\u00f6r\u00fcnt\u00fcs\u00fc i\u00e7in bizimle canl\u0131 sohbet edin<\/li>\n<\/ul>","protected":false},"featured_media":327230,"comment_status":"closed","ping_status":"closed","template":"","meta":{"_eb_attr":"","_crsspst_to_jayantr4sg-hostcom":false},"product_brand":[],"product_cat":[1793,1792,1254,1577,1574],"product_tag":[1430,66],"class_list":{"0":"post-327152","1":"product","2":"type-product","3":"status-publish","4":"has-post-thumbnail","6":"product_cat-diwali-gifts","7":"product_cat-festival-gifts","8":"product_cat-gold-earrings","9":"product_cat-stud-earrings","10":"product_cat-womens-jewellery","11":"product_tag-diwali-gift","12":"product_tag-earrings","14":"first","15":"outofstock","16":"taxable","17":"shipping-taxable","18":"product-type-simple","19":"add-to-wishlist-before_image"},"yoast_head":"<!-- This site is optimized with the Yoast SEO plugin v27.3 - https:\/\/yoast.com\/product\/yoast-seo-wordpress\/ -->\n<title>Dewdrop CZ Stud Earrings in 22ct Gold | PureJewels UK<\/title>\n<meta name=\"description\" content=\"Shop Dewdrop CZ stud earrings in 22ct gold at PureJewels UK. Featuring a sparkling teardrop silhouette with a cluster of cubic zirconia stones.\" \/>\n<meta name=\"robots\" content=\"index, follow, max-snippet:-1, max-image-preview:large, max-video-preview:-1\" \/>\n<link rel=\"canonical\" href=\"https:\/\/www.purejewels.com\/tr\/urun\/22-ayar-altin-kupe-34611\/\" \/>\n<meta property=\"og:locale\" content=\"tr_TR\" \/>\n<meta property=\"og:type\" content=\"article\" \/>\n<meta property=\"og:title\" content=\"Dewdrop CZ Stud Earrings in 22ct Gold | PureJewels UK\" \/>\n<meta property=\"og:description\" content=\"Shop Dewdrop CZ stud earrings in 22ct gold at PureJewels UK. Featuring a sparkling teardrop silhouette with a cluster of cubic zirconia stones.\" \/>\n<meta property=\"og:url\" content=\"https:\/\/www.purejewels.com\/tr\/urun\/22-ayar-altin-kupe-34611\/\" \/>\n<meta property=\"og:site_name\" content=\"PureJewels UK\" \/>\n<meta property=\"article:modified_time\" content=\"2025-12-08T11:33:33+00:00\" \/>\n<meta property=\"og:image\" content=\"https:\/\/static.purejewels.com\/wp-content\/uploads\/2021\/09\/34611-1.jpg\" \/>\n\t<meta property=\"og:image:width\" content=\"1000\" \/>\n\t<meta property=\"og:image:height\" content=\"1000\" \/>\n\t<meta property=\"og:image:type\" content=\"image\/jpeg\" \/>\n<meta name=\"twitter:card\" content=\"summary_large_image\" \/>\n<meta name=\"twitter:label1\" content=\"Tahmini okuma s\u00fcresi\" \/>\n\t<meta name=\"twitter:data1\" content=\"1 dakika\" \/>\n<script type=\"application\/ld+json\" class=\"yoast-schema-graph\">{\"@context\":\"https:\\\/\\\/schema.org\",\"@graph\":[{\"@type\":[\"WebPage\",\"ItemPage\"],\"@id\":\"https:\\\/\\\/www.purejewels.com\\\/product\\\/22-carat-gold-earring-34611\\\/\",\"url\":\"https:\\\/\\\/www.purejewels.com\\\/product\\\/22-carat-gold-earring-34611\\\/\",\"name\":\"Dewdrop CZ Stud Earrings in 22ct Gold | PureJewels UK\",\"isPartOf\":{\"@id\":\"https:\\\/\\\/www.purejewels.com\\\/#website\"},\"primaryImageOfPage\":{\"@id\":\"https:\\\/\\\/www.purejewels.com\\\/product\\\/22-carat-gold-earring-34611\\\/#primaryimage\"},\"image\":{\"@id\":\"https:\\\/\\\/www.purejewels.com\\\/product\\\/22-carat-gold-earring-34611\\\/#primaryimage\"},\"thumbnailUrl\":\"https:\\\/\\\/static.purejewels.com\\\/wp-content\\\/uploads\\\/2021\\\/09\\\/34611-1.jpg\",\"datePublished\":\"2021-09-27T06:02:13+00:00\",\"dateModified\":\"2025-12-08T11:33:33+00:00\",\"description\":\"Shop Dewdrop CZ stud earrings in 22ct gold at PureJewels UK. Featuring a sparkling teardrop silhouette with a cluster of cubic zirconia stones.\",\"breadcrumb\":{\"@id\":\"https:\\\/\\\/www.purejewels.com\\\/product\\\/22-carat-gold-earring-34611\\\/#breadcrumb\"},\"inLanguage\":\"tr\",\"potentialAction\":[{\"@type\":\"ReadAction\",\"target\":[\"https:\\\/\\\/www.purejewels.com\\\/product\\\/22-carat-gold-earring-34611\\\/\"]}]},{\"@type\":\"ImageObject\",\"inLanguage\":\"tr\",\"@id\":\"https:\\\/\\\/www.purejewels.com\\\/product\\\/22-carat-gold-earring-34611\\\/#primaryimage\",\"url\":\"https:\\\/\\\/static.purejewels.com\\\/wp-content\\\/uploads\\\/2021\\\/09\\\/34611-1.jpg\",\"contentUrl\":\"https:\\\/\\\/static.purejewels.com\\\/wp-content\\\/uploads\\\/2021\\\/09\\\/34611-1.jpg\",\"width\":1000,\"height\":1000,\"caption\":\"22 Carat Gold Earring with CZ Stones 34611-1\"},{\"@type\":\"BreadcrumbList\",\"@id\":\"https:\\\/\\\/www.purejewels.com\\\/product\\\/22-carat-gold-earring-34611\\\/#breadcrumb\",\"itemListElement\":[{\"@type\":\"ListItem\",\"position\":1,\"name\":\"Home\",\"item\":\"https:\\\/\\\/www.purejewels.com\\\/\"},{\"@type\":\"ListItem\",\"position\":2,\"name\":\"Shop\",\"item\":\"https:\\\/\\\/www.purejewels.com\\\/shop\\\/\"},{\"@type\":\"ListItem\",\"position\":3,\"name\":\"22ct Gold Dewdrop CZ Stud Earrings\"}]},{\"@type\":\"WebSite\",\"@id\":\"https:\\\/\\\/www.purejewels.com\\\/#website\",\"url\":\"https:\\\/\\\/www.purejewels.com\\\/\",\"name\":\"PureJewels UK\",\"description\":\"Share the Love\",\"publisher\":{\"@id\":\"https:\\\/\\\/www.purejewels.com\\\/#organization\"},\"potentialAction\":[{\"@type\":\"SearchAction\",\"target\":{\"@type\":\"EntryPoint\",\"urlTemplate\":\"https:\\\/\\\/www.purejewels.com\\\/?s={search_term_string}\"},\"query-input\":{\"@type\":\"PropertyValueSpecification\",\"valueRequired\":true,\"valueName\":\"search_term_string\"}}],\"inLanguage\":\"tr\"},{\"@type\":\"Organization\",\"@id\":\"https:\\\/\\\/www.purejewels.com\\\/#organization\",\"name\":\"PureJewels UK\",\"url\":\"https:\\\/\\\/www.purejewels.com\\\/\",\"logo\":{\"@type\":\"ImageObject\",\"inLanguage\":\"tr\",\"@id\":\"https:\\\/\\\/www.purejewels.com\\\/#\\\/schema\\\/logo\\\/image\\\/\",\"url\":\"https:\\\/\\\/static.purejewels.com\\\/wp-content\\\/uploads\\\/2020\\\/11\\\/Logo-PJ-New-1.png\",\"contentUrl\":\"https:\\\/\\\/static.purejewels.com\\\/wp-content\\\/uploads\\\/2020\\\/11\\\/Logo-PJ-New-1.png\",\"width\":150,\"height\":80,\"caption\":\"PureJewels UK\"},\"image\":{\"@id\":\"https:\\\/\\\/www.purejewels.com\\\/#\\\/schema\\\/logo\\\/image\\\/\"}}]}<\/script>\n<!-- \/ Yoast SEO plugin. -->","yoast_head_json":{"title":"22 ayar alt\u0131n Dewdrop CZ k\u00fcpe | PureJewels UK","description":"PureJewels UK'de 22 ayar alt\u0131n Dewdrop CZ k\u00fcpe sat\u0131n al\u0131n. K\u00fcbik zirkon ta\u015flarla s\u00fcslenmi\u015f \u0131\u015f\u0131lt\u0131l\u0131 damla silueti ile dikkat \u00e7eker.","robots":{"index":"index","follow":"follow","max-snippet":"max-snippet:-1","max-image-preview":"max-image-preview:large","max-video-preview":"max-video-preview:-1"},"canonical":"https:\/\/www.purejewels.com\/tr\/urun\/22-ayar-altin-kupe-34611\/","og_locale":"tr_TR","og_type":"article","og_title":"Dewdrop CZ Stud Earrings in 22ct Gold | PureJewels UK","og_description":"Shop Dewdrop CZ stud earrings in 22ct gold at PureJewels UK. Featuring a sparkling teardrop silhouette with a cluster of cubic zirconia stones.","og_url":"https:\/\/www.purejewels.com\/tr\/urun\/22-ayar-altin-kupe-34611\/","og_site_name":"PureJewels UK","article_modified_time":"2025-12-08T11:33:33+00:00","og_image":[{"width":1000,"height":1000,"url":"https:\/\/static.purejewels.com\/wp-content\/uploads\/2021\/09\/34611-1.jpg","type":"image\/jpeg"}],"twitter_card":"summary_large_image","twitter_misc":{"Tahmini okuma s\u00fcresi":"1 dakika"},"schema":{"@context":"https:\/\/schema.org","@graph":[{"@type":["WebPage","ItemPage"],"@id":"https:\/\/www.purejewels.com\/product\/22-carat-gold-earring-34611\/","url":"https:\/\/www.purejewels.com\/product\/22-carat-gold-earring-34611\/","name":"22 ayar alt\u0131n Dewdrop CZ k\u00fcpe | PureJewels UK","isPartOf":{"@id":"https:\/\/www.purejewels.com\/#website"},"primaryImageOfPage":{"@id":"https:\/\/www.purejewels.com\/product\/22-carat-gold-earring-34611\/#primaryimage"},"image":{"@id":"https:\/\/www.purejewels.com\/product\/22-carat-gold-earring-34611\/#primaryimage"},"thumbnailUrl":"https:\/\/static.purejewels.com\/wp-content\/uploads\/2021\/09\/34611-1.jpg","datePublished":"2021-09-27T06:02:13+00:00","dateModified":"2025-12-08T11:33:33+00:00","description":"PureJewels UK'de 22 ayar alt\u0131n Dewdrop CZ k\u00fcpe sat\u0131n al\u0131n. K\u00fcbik zirkon ta\u015flarla s\u00fcslenmi\u015f \u0131\u015f\u0131lt\u0131l\u0131 damla silueti ile dikkat \u00e7eker.","breadcrumb":{"@id":"https:\/\/www.purejewels.com\/product\/22-carat-gold-earring-34611\/#breadcrumb"},"inLanguage":"tr","potentialAction":[{"@type":"ReadAction","target":["https:\/\/www.purejewels.com\/product\/22-carat-gold-earring-34611\/"]}]},{"@type":"ImageObject","inLanguage":"tr","@id":"https:\/\/www.purejewels.com\/product\/22-carat-gold-earring-34611\/#primaryimage","url":"https:\/\/static.purejewels.com\/wp-content\/uploads\/2021\/09\/34611-1.jpg","contentUrl":"https:\/\/static.purejewels.com\/wp-content\/uploads\/2021\/09\/34611-1.jpg","width":1000,"height":1000,"caption":"22 Carat Gold Earring with CZ Stones 34611-1"},{"@type":"BreadcrumbList","@id":"https:\/\/www.purejewels.com\/product\/22-carat-gold-earring-34611\/#breadcrumb","itemListElement":[{"@type":"ListItem","position":1,"name":"Home","item":"https:\/\/www.purejewels.com\/"},{"@type":"ListItem","position":2,"name":"Shop","item":"https:\/\/www.purejewels.com\/shop\/"},{"@type":"ListItem","position":3,"name":"22ct Gold Dewdrop CZ Stud Earrings"}]},{"@type":"WebSite","@id":"https:\/\/www.purejewels.com\/#website","url":"https:\/\/www.purejewels.com\/","name":"PureJewels \u0130ngiltere","description":"Sevgiyi Payla\u015f\u0131n","publisher":{"@id":"https:\/\/www.purejewels.com\/#organization"},"potentialAction":[{"@type":"SearchAction","target":{"@type":"EntryPoint","urlTemplate":"https:\/\/www.purejewels.com\/?s={search_term_string}"},"query-input":{"@type":"PropertyValueSpecification","valueRequired":true,"valueName":"search_term_string"}}],"inLanguage":"tr"},{"@type":"Organization","@id":"https:\/\/www.purejewels.com\/#organization","name":"PureJewels \u0130ngiltere","url":"https:\/\/www.purejewels.com\/","logo":{"@type":"ImageObject","inLanguage":"tr","@id":"https:\/\/www.purejewels.com\/#\/schema\/logo\/image\/","url":"https:\/\/static.purejewels.com\/wp-content\/uploads\/2020\/11\/Logo-PJ-New-1.png","contentUrl":"https:\/\/static.purejewels.com\/wp-content\/uploads\/2020\/11\/Logo-PJ-New-1.png","width":150,"height":80,"caption":"PureJewels UK"},"image":{"@id":"https:\/\/www.purejewels.com\/#\/schema\/logo\/image\/"}}]}},"_links":{"self":[{"href":"https:\/\/www.purejewels.com\/tr\/wp-json\/wp\/v2\/product\/327152","targetHints":{"allow":["GET"]}}],"collection":[{"href":"https:\/\/www.purejewels.com\/tr\/wp-json\/wp\/v2\/product"}],"about":[{"href":"https:\/\/www.purejewels.com\/tr\/wp-json\/wp\/v2\/types\/product"}],"replies":[{"embeddable":true,"href":"https:\/\/www.purejewels.com\/tr\/wp-json\/wp\/v2\/comments?post=327152"}],"version-history":[{"count":2,"href":"https:\/\/www.purejewels.com\/tr\/wp-json\/wp\/v2\/product\/327152\/revisions"}],"predecessor-version":[{"id":422659,"href":"https:\/\/www.purejewels.com\/tr\/wp-json\/wp\/v2\/product\/327152\/revisions\/422659"}],"wp:featuredmedia":[{"embeddable":true,"href":"https:\/\/www.purejewels.com\/tr\/wp-json\/wp\/v2\/media\/327230"}],"wp:attachment":[{"href":"https:\/\/www.purejewels.com\/tr\/wp-json\/wp\/v2\/media?parent=327152"}],"wp:term":[{"taxonomy":"product_brand","embeddable":true,"href":"https:\/\/www.purejewels.com\/tr\/wp-json\/wp\/v2\/product_brand?post=327152"},{"taxonomy":"product_cat","embeddable":true,"href":"https:\/\/www.purejewels.com\/tr\/wp-json\/wp\/v2\/product_cat?post=327152"},{"taxonomy":"product_tag","embeddable":true,"href":"https:\/\/www.purejewels.com\/tr\/wp-json\/wp\/v2\/product_tag?post=327152"}],"curies":[{"name":"wp","href":"https:\/\/api.w.org\/{rel}","templated":true}]}}