{"id":327235,"date":"2021-09-29T06:54:59","date_gmt":"2021-09-29T05:54:59","guid":{"rendered":"https:\/\/www.purejewels.com\/?post_type=product&#038;p=327235"},"modified":"2025-12-11T05:32:53","modified_gmt":"2025-12-11T05:32:53","slug":"22-ayar-altin-saplama-kupe-34606","status":"publish","type":"product","link":"https:\/\/www.purejewels.com\/tr\/product\/22-carat-gold-stud-earring-34606\/","title":{"rendered":"22 ayar alt\u0131n modern alt\u0131gen CZ saplama k\u00fcpe"},"content":{"rendered":"<h3 data-start=\"780\" data-end=\"796\"><strong data-start=\"784\" data-end=\"794\">Tasar\u0131m<\/strong><\/h3>\n<p data-start=\"797\" data-end=\"1149\">Bu k\u00fcpeler, modern geometri ile parlak \u0131\u015f\u0131lt\u0131y\u0131 harmanlayarak, parlak CZ k\u00fcmesinin \u00fcst\u00fcne yerle\u015ftirilmi\u015f cilal\u0131 alt\u0131gen \u00e7er\u00e7eveye sahiptir. A\u00e7\u0131k kontur tasar\u0131m\u0131, hafif ve \u00e7a\u011fda\u015f bir siluet olu\u015ftururken, CZ ta\u015flar\u0131n\u0131n odak noktas\u0131 olarak \u00f6ne \u00e7\u0131kmas\u0131n\u0131 sa\u011flar. Temiz \u00e7izgileri ve e\u011flenceli yap\u0131lar\u0131, klasik saplama k\u00fcpelere yeni bir yorum getirir.<\/p>\n<h3 data-start=\"1151\" data-end=\"1174\"><strong data-start=\"1155\" data-end=\"1172\">Zanaatkarl\u0131k<\/strong><\/h3>\n<p data-start=\"1175\" data-end=\"1511\">Saf 22 ayar alt\u0131ndan \u00fcretilen k\u00fcpeler, p\u00fcr\u00fczs\u00fcz kenarlar ve dengeli bir geometrik form elde etmek i\u00e7in hassas bir \u015fekilde \u015fekillendirilmi\u015ftir. CZ k\u00fcmesi, parlakl\u0131\u011f\u0131 ve dayan\u0131kl\u0131l\u0131\u011f\u0131 en \u00fcst d\u00fczeye \u00e7\u0131karmak i\u00e7in g\u00fcvenli bir \u015fekilde yerle\u015ftirilmi\u015ftir ve uzun s\u00fcreli parlakl\u0131k sa\u011flar. Her bir \u00e7ift, PureJewels'in safl\u0131k, \u00f6zg\u00fcnl\u00fck ve ince i\u015f\u00e7ili\u011fe olan ba\u011fl\u0131l\u0131\u011f\u0131n\u0131 yans\u0131tan Birle\u015fik Krall\u0131k'ta damgalanm\u0131\u015ft\u0131r.<\/p>\n<h3 data-start=\"1513\" data-end=\"1540\"><strong data-start=\"1517\" data-end=\"1538\">\u015eekillendirme &amp; Hediyele\u015fme<\/strong><\/h3>\n<p data-start=\"1541\" data-end=\"1918\">G\u00fcnl\u00fck \u015f\u0131kl\u0131k i\u00e7in m\u00fckemmel olan bu modern k\u00fcpeler, minimalist alt\u0131n zincirler, geometrik bilezikler veya CZ detayl\u0131 par\u00e7alarla harika bir uyum sa\u011flar. Sade ve \u00e7a\u011fda\u015f esteti\u011fi, hem g\u00fcndelik hem de resmi g\u00f6r\u00fcn\u00fcmlerle uyumlu oldu\u011fundan, herhangi bir m\u00fccevher koleksiyonuna kolayca eklenebilir. Do\u011fum g\u00fcnleri, \u00f6nemli g\u00fcnler veya l\u00fcks 22 ayar alt\u0131ndan yap\u0131lm\u0131\u015f modern tasar\u0131m\u0131 sevenler i\u00e7in d\u00fc\u015f\u00fcnceli bir hediye.<\/p>","protected":false},"excerpt":{"rendered":"<p>\u015e\u0131k alt\u0131gen \u00e7er\u00e7evenin \u00fczerine yerle\u015ftirilmi\u015f \u0131\u015f\u0131lt\u0131l\u0131 CZ k\u00fcmesinden olu\u015fan \u00e7a\u011fda\u015f 22 ayar alt\u0131n saplama k\u00fcpeler. Modern g\u00fcnl\u00fck kullan\u0131m i\u00e7in \u015f\u0131k ve \u00e7ok y\u00f6nl\u00fc bir se\u00e7im.<\/p>\n<p>&nbsp;<\/p>\n<ul>\n<li>22 Ayar Sar\u0131 Alt\u0131n Saplama K\u00fcpe<\/li>\n<li>CZ Ta\u015fl\u0131<\/li>\n<li>A\u011f\u0131rl\u0131k 1,8 gms<\/li>\n<li>SKU. 34606<\/li>\n<li>T\u00fcm fiyatlara KDV dahildir<\/li>\n<li>T\u00fcm \u00fcr\u00fcnlerimiz London Assay Office taraf\u0131ndan damgalanm\u0131\u015ft\u0131r<\/li>\n<li>Sunum Kutusu ile Birlikte Gelir<\/li>\n<li>Teslimat Dahil<\/li>\n<li>\u00dcr\u00fcn\u00fcn canl\u0131 videosu i\u00e7in bize ula\u015f\u0131n \/ bizimle sohbet edin<\/li>\n<\/ul>","protected":false},"featured_media":327236,"comment_status":"closed","ping_status":"closed","template":"","meta":{"_eb_attr":"","_crsspst_to_jayantr4sg-hostcom":false},"product_brand":[],"product_cat":[1576,1793,1254,1577,1574],"product_tag":[1430,66],"class_list":{"0":"post-327235","1":"product","2":"type-product","3":"status-publish","4":"has-post-thumbnail","6":"product_cat-childrens-jewellery","7":"product_cat-diwali-gifts","8":"product_cat-gold-earrings","9":"product_cat-stud-earrings","10":"product_cat-womens-jewellery","11":"product_tag-diwali-gift","12":"product_tag-earrings","14":"first","15":"outofstock","16":"taxable","17":"shipping-taxable","18":"product-type-simple","19":"add-to-wishlist-before_image"},"yoast_head":"<!-- This site is optimized with the Yoast SEO plugin v27.3 - https:\/\/yoast.com\/product\/yoast-seo-wordpress\/ -->\n<title>Women\u2019s 22ct Gold Geometric CZ Stud Earrings | PureJewels UK<\/title>\n<meta name=\"description\" content=\"22ct gold geometric stud earrings with a CZ cluster and modern hexa frame. A stylish everyday pair hallmarked in the UK for purity.\" \/>\n<meta name=\"robots\" content=\"index, follow, max-snippet:-1, max-image-preview:large, max-video-preview:-1\" \/>\n<link rel=\"canonical\" href=\"https:\/\/www.purejewels.com\/tr\/urun\/22-ayar-altin-saplama-kupe-34606\/\" \/>\n<meta property=\"og:locale\" content=\"tr_TR\" \/>\n<meta property=\"og:type\" content=\"article\" \/>\n<meta property=\"og:title\" content=\"Women\u2019s 22ct Gold Geometric CZ Stud Earrings | PureJewels UK\" \/>\n<meta property=\"og:description\" content=\"22ct gold geometric stud earrings with a CZ cluster and modern hexa frame. A stylish everyday pair hallmarked in the UK for purity.\" \/>\n<meta property=\"og:url\" content=\"https:\/\/www.purejewels.com\/tr\/urun\/22-ayar-altin-saplama-kupe-34606\/\" \/>\n<meta property=\"og:site_name\" content=\"PureJewels UK\" \/>\n<meta property=\"article:modified_time\" content=\"2025-12-11T05:32:53+00:00\" \/>\n<meta property=\"og:image\" content=\"https:\/\/static.purejewels.com\/wp-content\/uploads\/2021\/09\/34606-1.jpg\" \/>\n\t<meta property=\"og:image:width\" content=\"1000\" \/>\n\t<meta property=\"og:image:height\" content=\"1000\" \/>\n\t<meta property=\"og:image:type\" content=\"image\/jpeg\" \/>\n<meta name=\"twitter:card\" content=\"summary_large_image\" \/>\n<meta name=\"twitter:label1\" content=\"Tahmini okuma s\u00fcresi\" \/>\n\t<meta name=\"twitter:data1\" content=\"1 dakika\" \/>\n<script type=\"application\/ld+json\" class=\"yoast-schema-graph\">{\"@context\":\"https:\\\/\\\/schema.org\",\"@graph\":[{\"@type\":[\"WebPage\",\"ItemPage\"],\"@id\":\"https:\\\/\\\/www.purejewels.com\\\/product\\\/22-carat-gold-stud-earring-34606\\\/\",\"url\":\"https:\\\/\\\/www.purejewels.com\\\/product\\\/22-carat-gold-stud-earring-34606\\\/\",\"name\":\"Women\u2019s 22ct Gold Geometric CZ Stud Earrings | PureJewels UK\",\"isPartOf\":{\"@id\":\"https:\\\/\\\/www.purejewels.com\\\/#website\"},\"primaryImageOfPage\":{\"@id\":\"https:\\\/\\\/www.purejewels.com\\\/product\\\/22-carat-gold-stud-earring-34606\\\/#primaryimage\"},\"image\":{\"@id\":\"https:\\\/\\\/www.purejewels.com\\\/product\\\/22-carat-gold-stud-earring-34606\\\/#primaryimage\"},\"thumbnailUrl\":\"https:\\\/\\\/static.purejewels.com\\\/wp-content\\\/uploads\\\/2021\\\/09\\\/34606-1.jpg\",\"datePublished\":\"2021-09-29T05:54:59+00:00\",\"dateModified\":\"2025-12-11T05:32:53+00:00\",\"description\":\"22ct gold geometric stud earrings with a CZ cluster and modern hexa frame. A stylish everyday pair hallmarked in the UK for purity.\",\"breadcrumb\":{\"@id\":\"https:\\\/\\\/www.purejewels.com\\\/product\\\/22-carat-gold-stud-earring-34606\\\/#breadcrumb\"},\"inLanguage\":\"tr\",\"potentialAction\":[{\"@type\":\"ReadAction\",\"target\":[\"https:\\\/\\\/www.purejewels.com\\\/product\\\/22-carat-gold-stud-earring-34606\\\/\"]}]},{\"@type\":\"ImageObject\",\"inLanguage\":\"tr\",\"@id\":\"https:\\\/\\\/www.purejewels.com\\\/product\\\/22-carat-gold-stud-earring-34606\\\/#primaryimage\",\"url\":\"https:\\\/\\\/static.purejewels.com\\\/wp-content\\\/uploads\\\/2021\\\/09\\\/34606-1.jpg\",\"contentUrl\":\"https:\\\/\\\/static.purejewels.com\\\/wp-content\\\/uploads\\\/2021\\\/09\\\/34606-1.jpg\",\"width\":1000,\"height\":1000,\"caption\":\"22ct Gold Stud Earring 34606-1\"},{\"@type\":\"BreadcrumbList\",\"@id\":\"https:\\\/\\\/www.purejewels.com\\\/product\\\/22-carat-gold-stud-earring-34606\\\/#breadcrumb\",\"itemListElement\":[{\"@type\":\"ListItem\",\"position\":1,\"name\":\"Home\",\"item\":\"https:\\\/\\\/www.purejewels.com\\\/\"},{\"@type\":\"ListItem\",\"position\":2,\"name\":\"Shop\",\"item\":\"https:\\\/\\\/www.purejewels.com\\\/shop\\\/\"},{\"@type\":\"ListItem\",\"position\":3,\"name\":\"22ct Gold Modern Hexa CZ Stud Earrings\"}]},{\"@type\":\"WebSite\",\"@id\":\"https:\\\/\\\/www.purejewels.com\\\/#website\",\"url\":\"https:\\\/\\\/www.purejewels.com\\\/\",\"name\":\"PureJewels UK\",\"description\":\"Share the Love\",\"publisher\":{\"@id\":\"https:\\\/\\\/www.purejewels.com\\\/#organization\"},\"potentialAction\":[{\"@type\":\"SearchAction\",\"target\":{\"@type\":\"EntryPoint\",\"urlTemplate\":\"https:\\\/\\\/www.purejewels.com\\\/?s={search_term_string}\"},\"query-input\":{\"@type\":\"PropertyValueSpecification\",\"valueRequired\":true,\"valueName\":\"search_term_string\"}}],\"inLanguage\":\"tr\"},{\"@type\":\"Organization\",\"@id\":\"https:\\\/\\\/www.purejewels.com\\\/#organization\",\"name\":\"PureJewels UK\",\"url\":\"https:\\\/\\\/www.purejewels.com\\\/\",\"logo\":{\"@type\":\"ImageObject\",\"inLanguage\":\"tr\",\"@id\":\"https:\\\/\\\/www.purejewels.com\\\/#\\\/schema\\\/logo\\\/image\\\/\",\"url\":\"https:\\\/\\\/static.purejewels.com\\\/wp-content\\\/uploads\\\/2020\\\/11\\\/Logo-PJ-New-1.png\",\"contentUrl\":\"https:\\\/\\\/static.purejewels.com\\\/wp-content\\\/uploads\\\/2020\\\/11\\\/Logo-PJ-New-1.png\",\"width\":150,\"height\":80,\"caption\":\"PureJewels UK\"},\"image\":{\"@id\":\"https:\\\/\\\/www.purejewels.com\\\/#\\\/schema\\\/logo\\\/image\\\/\"}}]}<\/script>\n<!-- \/ Yoast SEO plugin. -->","yoast_head_json":{"title":"Kad\u0131nlar i\u00e7in 22 ayar alt\u0131n geometrik CZ saplama k\u00fcpe | PureJewels UK","description":"22 ayar alt\u0131n geometrik k\u00fcpe, CZ k\u00fcme ve modern alt\u0131gen \u00e7er\u00e7eve. \u0130ngiltere'de safl\u0131k damgas\u0131 bulunan \u015f\u0131k bir g\u00fcnl\u00fck kullan\u0131m \u00e7ifti.","robots":{"index":"index","follow":"follow","max-snippet":"max-snippet:-1","max-image-preview":"max-image-preview:large","max-video-preview":"max-video-preview:-1"},"canonical":"https:\/\/www.purejewels.com\/tr\/urun\/22-ayar-altin-saplama-kupe-34606\/","og_locale":"tr_TR","og_type":"article","og_title":"Women\u2019s 22ct Gold Geometric CZ Stud Earrings | PureJewels UK","og_description":"22ct gold geometric stud earrings with a CZ cluster and modern hexa frame. A stylish everyday pair hallmarked in the UK for purity.","og_url":"https:\/\/www.purejewels.com\/tr\/urun\/22-ayar-altin-saplama-kupe-34606\/","og_site_name":"PureJewels UK","article_modified_time":"2025-12-11T05:32:53+00:00","og_image":[{"width":1000,"height":1000,"url":"https:\/\/static.purejewels.com\/wp-content\/uploads\/2021\/09\/34606-1.jpg","type":"image\/jpeg"}],"twitter_card":"summary_large_image","twitter_misc":{"Tahmini okuma s\u00fcresi":"1 dakika"},"schema":{"@context":"https:\/\/schema.org","@graph":[{"@type":["WebPage","ItemPage"],"@id":"https:\/\/www.purejewels.com\/product\/22-carat-gold-stud-earring-34606\/","url":"https:\/\/www.purejewels.com\/product\/22-carat-gold-stud-earring-34606\/","name":"Kad\u0131nlar i\u00e7in 22 ayar alt\u0131n geometrik CZ saplama k\u00fcpe | PureJewels UK","isPartOf":{"@id":"https:\/\/www.purejewels.com\/#website"},"primaryImageOfPage":{"@id":"https:\/\/www.purejewels.com\/product\/22-carat-gold-stud-earring-34606\/#primaryimage"},"image":{"@id":"https:\/\/www.purejewels.com\/product\/22-carat-gold-stud-earring-34606\/#primaryimage"},"thumbnailUrl":"https:\/\/static.purejewels.com\/wp-content\/uploads\/2021\/09\/34606-1.jpg","datePublished":"2021-09-29T05:54:59+00:00","dateModified":"2025-12-11T05:32:53+00:00","description":"22 ayar alt\u0131n geometrik k\u00fcpe, CZ k\u00fcme ve modern alt\u0131gen \u00e7er\u00e7eve. \u0130ngiltere'de safl\u0131k damgas\u0131 bulunan \u015f\u0131k bir g\u00fcnl\u00fck kullan\u0131m \u00e7ifti.","breadcrumb":{"@id":"https:\/\/www.purejewels.com\/product\/22-carat-gold-stud-earring-34606\/#breadcrumb"},"inLanguage":"tr","potentialAction":[{"@type":"ReadAction","target":["https:\/\/www.purejewels.com\/product\/22-carat-gold-stud-earring-34606\/"]}]},{"@type":"ImageObject","inLanguage":"tr","@id":"https:\/\/www.purejewels.com\/product\/22-carat-gold-stud-earring-34606\/#primaryimage","url":"https:\/\/static.purejewels.com\/wp-content\/uploads\/2021\/09\/34606-1.jpg","contentUrl":"https:\/\/static.purejewels.com\/wp-content\/uploads\/2021\/09\/34606-1.jpg","width":1000,"height":1000,"caption":"22ct Gold Stud Earring 34606-1"},{"@type":"BreadcrumbList","@id":"https:\/\/www.purejewels.com\/product\/22-carat-gold-stud-earring-34606\/#breadcrumb","itemListElement":[{"@type":"ListItem","position":1,"name":"Home","item":"https:\/\/www.purejewels.com\/"},{"@type":"ListItem","position":2,"name":"Shop","item":"https:\/\/www.purejewels.com\/shop\/"},{"@type":"ListItem","position":3,"name":"22ct Gold Modern Hexa CZ Stud Earrings"}]},{"@type":"WebSite","@id":"https:\/\/www.purejewels.com\/#website","url":"https:\/\/www.purejewels.com\/","name":"PureJewels \u0130ngiltere","description":"Sevgiyi Payla\u015f\u0131n","publisher":{"@id":"https:\/\/www.purejewels.com\/#organization"},"potentialAction":[{"@type":"SearchAction","target":{"@type":"EntryPoint","urlTemplate":"https:\/\/www.purejewels.com\/?s={search_term_string}"},"query-input":{"@type":"PropertyValueSpecification","valueRequired":true,"valueName":"search_term_string"}}],"inLanguage":"tr"},{"@type":"Organization","@id":"https:\/\/www.purejewels.com\/#organization","name":"PureJewels \u0130ngiltere","url":"https:\/\/www.purejewels.com\/","logo":{"@type":"ImageObject","inLanguage":"tr","@id":"https:\/\/www.purejewels.com\/#\/schema\/logo\/image\/","url":"https:\/\/static.purejewels.com\/wp-content\/uploads\/2020\/11\/Logo-PJ-New-1.png","contentUrl":"https:\/\/static.purejewels.com\/wp-content\/uploads\/2020\/11\/Logo-PJ-New-1.png","width":150,"height":80,"caption":"PureJewels UK"},"image":{"@id":"https:\/\/www.purejewels.com\/#\/schema\/logo\/image\/"}}]}},"_links":{"self":[{"href":"https:\/\/www.purejewels.com\/tr\/wp-json\/wp\/v2\/product\/327235","targetHints":{"allow":["GET"]}}],"collection":[{"href":"https:\/\/www.purejewels.com\/tr\/wp-json\/wp\/v2\/product"}],"about":[{"href":"https:\/\/www.purejewels.com\/tr\/wp-json\/wp\/v2\/types\/product"}],"replies":[{"embeddable":true,"href":"https:\/\/www.purejewels.com\/tr\/wp-json\/wp\/v2\/comments?post=327235"}],"version-history":[{"count":2,"href":"https:\/\/www.purejewels.com\/tr\/wp-json\/wp\/v2\/product\/327235\/revisions"}],"predecessor-version":[{"id":422937,"href":"https:\/\/www.purejewels.com\/tr\/wp-json\/wp\/v2\/product\/327235\/revisions\/422937"}],"wp:featuredmedia":[{"embeddable":true,"href":"https:\/\/www.purejewels.com\/tr\/wp-json\/wp\/v2\/media\/327236"}],"wp:attachment":[{"href":"https:\/\/www.purejewels.com\/tr\/wp-json\/wp\/v2\/media?parent=327235"}],"wp:term":[{"taxonomy":"product_brand","embeddable":true,"href":"https:\/\/www.purejewels.com\/tr\/wp-json\/wp\/v2\/product_brand?post=327235"},{"taxonomy":"product_cat","embeddable":true,"href":"https:\/\/www.purejewels.com\/tr\/wp-json\/wp\/v2\/product_cat?post=327235"},{"taxonomy":"product_tag","embeddable":true,"href":"https:\/\/www.purejewels.com\/tr\/wp-json\/wp\/v2\/product_tag?post=327235"}],"curies":[{"name":"wp","href":"https:\/\/api.w.org\/{rel}","templated":true}]}}