{"id":327245,"date":"2021-09-29T09:28:31","date_gmt":"2021-09-29T08:28:31","guid":{"rendered":"https:\/\/www.purejewels.com\/?post_type=product&#038;p=327245"},"modified":"2026-01-19T08:58:10","modified_gmt":"2026-01-19T08:58:10","slug":"22-ayar-altin-bebek-bilekligi-33811","status":"publish","type":"product","link":"https:\/\/www.purejewels.com\/tr\/product\/22ct-gold-baby-bracelet-33811\/","title":{"rendered":"22 Ayar Alt\u0131n Heykel Bebek Boncuklu Link Bileklik"},"content":{"rendered":"<p>Tasar\u0131m<\/p>\n<p>Bu bileklik, her biri derinlik ve hareket katan hafif \u00e7\u0131k\u0131nt\u0131l\u0131 detaylarla \u015fekillendirilmi\u015f yuvarlak yontulmu\u015f boncuk ba\u011flant\u0131lardan olu\u015fur. Tekrar eden desen bile\u011fin etraf\u0131nda ritmik bir ak\u0131\u015f yaratarak g\u00f6rsel zenginli\u011fi temiz, zamans\u0131z bir siluetle dengeliyor. Kendinden emin ama abart\u0131s\u0131z tasar\u0131m, alt\u0131n\u0131 en saf, en etkileyici haliyle kutluyor.<\/p>\n<p>Zanaatkarl\u0131k<\/p>\n<p>Parlak 22 ayar alt\u0131ndan el i\u015f\u00e7ili\u011fiyle \u00fcretilen her bir boncuk, cilde p\u00fcr\u00fczs\u00fcz bir temas sa\u011flarken kendine \u00f6zg\u00fc yontulmu\u015f dokusunu elde etmek i\u00e7in ayr\u0131 ayr\u0131 i\u015flenmi\u015ftir. Bileklik, rahatl\u0131k ve g\u00fcnl\u00fck kullan\u0131m i\u00e7in tasarlanm\u0131\u015f g\u00fcvenilir bir toka ile sabitlenmi\u015ftir. Safl\u0131k sertifikas\u0131 i\u00e7in Birle\u015fik Krall\u0131k'ta damgalanan bileklik, PureJewels'in kalite, \u00f6zg\u00fcnl\u00fck ve kal\u0131c\u0131 i\u015f\u00e7ili\u011fe olan ba\u011fl\u0131l\u0131\u011f\u0131n\u0131 yans\u0131tmaktad\u0131r.<\/p>\n<p>\u015eekillendirme &amp; Hediyele\u015fme<\/p>\n<p>Tek ba\u015f\u0131na tak\u0131ld\u0131\u011f\u0131nda zarif, daha ince zincirler veya bilekliklerle katmanland\u0131\u011f\u0131nda \u00e7arp\u0131c\u0131 olan bu bileklik, g\u00fcnl\u00fck kullan\u0131mdan \u00f6zel g\u00fcnlere sorunsuzca ge\u00e7i\u015f yapar. Do\u011fum g\u00fcnleri, y\u0131l d\u00f6n\u00fcmleri ve anlaml\u0131 hediyeler i\u00e7in ideal olan bu bileklik, s\u0131k s\u0131k tak\u0131lmak ve zaman i\u00e7inde de\u011fer verilmek \u00fczere tasarlanm\u0131\u015f \u00e7ok y\u00f6nl\u00fc bir par\u00e7ad\u0131r.<\/p>","protected":false},"excerpt":{"rendered":"<ul>\n<li>22ct\u00a0<span id=\"urn:enhancement-301745b4\" class=\"textannotation disambiguated wl-thing\">Alt\u0131n<\/span>\u00a0bebek\u00a0<span id=\"urn:enhancement-2ca179c3\" class=\"textannotation disambiguated wl-thing\">Bilezik<\/span><\/li>\n<li>\u00c7ocuklar, \u00c7ocuklar, \u00c7ocuk, Bebek, Yeni Do\u011fan i\u00e7in uygundur.<\/li>\n<li>SKU. 33811<\/li>\n<li>Uzunluk 5,75 \u0130n\u00e7<\/li>\n<li>Boncuk kal\u0131nl\u0131\u011f\u0131. 3mm<\/li>\n<li>A\u011f\u0131rl\u0131k :4.2 grms<\/li>\n<li>T\u00fcm fiyatlara KDV dahildir<\/li>\n<li>22ct\u00a0<span id=\"urn:enhancement-c044716f\" class=\"textannotation disambiguated wl-thing\">Alt\u0131n<\/span>\u00a0Londra taraf\u0131ndan damgalanm\u0131\u015ft\u0131r\u00a0<span id=\"urn:enhancement-7fe43a41\" class=\"textannotation\">Tahlil Ofisi<\/span><\/li>\n<li>Sunum ile Birlikte Gelir\u00a0<span id=\"urn:enhancement-98f5bc61\" class=\"textannotation\">Kutu<\/span><\/li>\n<li><span id=\"urn:enhancement-615abd33\" class=\"textannotation\">Teslimat<\/span>\u00a0Dahil<\/li>\n<li>Uygunluk durumu ve \u015fu anda mevcut olan benzer tasar\u0131mlar\u0131n daha fazla g\u00f6r\u00fcnt\u00fcs\u00fc i\u00e7in bizimle canl\u0131 sohbet edin\u00a0<span id=\"urn:enhancement-973ecc93\" class=\"textannotation\">stok<\/span><\/li>\n<\/ul>","protected":false},"featured_media":317544,"comment_status":"closed","ping_status":"closed","template":"","meta":{"_eb_attr":"","_crsspst_to_jayantr4sg-hostcom":false},"product_brand":[],"product_cat":[1576,1324,1436],"product_tag":[1546],"class_list":{"0":"post-327245","1":"product","2":"type-product","3":"status-publish","4":"has-post-thumbnail","6":"product_cat-childrens-jewellery","7":"product_cat-gold-bracelet","8":"product_cat-kids-bracelet-kada","9":"product_tag-children","11":"first","12":"outofstock","13":"taxable","14":"shipping-taxable","15":"product-type-simple","16":"add-to-wishlist-before_image"},"yoast_head":"<!-- This site is optimized with the Yoast SEO plugin v27.3 - https:\/\/yoast.com\/product\/yoast-seo-wordpress\/ -->\n<title>22ct Gold Sculpted Bead Bracelet | Handcrafted Gold Jewellery<\/title>\n<meta name=\"description\" content=\"Discover this handcrafted 22ct gold sculpted bead bracelet, featuring rounded textured links for a rich yet wearable finish. Designed for everyday elegance and gifting.\" \/>\n<meta name=\"robots\" content=\"index, follow, max-snippet:-1, max-image-preview:large, max-video-preview:-1\" \/>\n<link rel=\"canonical\" href=\"https:\/\/www.purejewels.com\/tr\/urun\/22-ayar-altin-bebek-bilekligi-33811\/\" \/>\n<meta property=\"og:locale\" content=\"tr_TR\" \/>\n<meta property=\"og:type\" content=\"article\" \/>\n<meta property=\"og:title\" content=\"22ct Gold Sculpted Bead Bracelet | Handcrafted Gold Jewellery\" \/>\n<meta property=\"og:description\" content=\"Discover this handcrafted 22ct gold sculpted bead bracelet, featuring rounded textured links for a rich yet wearable finish. Designed for everyday elegance and gifting.\" \/>\n<meta property=\"og:url\" content=\"https:\/\/www.purejewels.com\/tr\/urun\/22-ayar-altin-bebek-bilekligi-33811\/\" \/>\n<meta property=\"og:site_name\" content=\"PureJewels UK\" \/>\n<meta property=\"article:modified_time\" content=\"2026-01-19T08:58:10+00:00\" \/>\n<meta property=\"og:image\" content=\"https:\/\/static.purejewels.com\/wp-content\/uploads\/2020\/09\/image186623785.jpg\" \/>\n\t<meta property=\"og:image:width\" content=\"1000\" \/>\n\t<meta property=\"og:image:height\" content=\"1000\" \/>\n\t<meta property=\"og:image:type\" content=\"image\/jpeg\" \/>\n<meta name=\"twitter:card\" content=\"summary_large_image\" \/>\n<meta name=\"twitter:label1\" content=\"Tahmini okuma s\u00fcresi\" \/>\n\t<meta name=\"twitter:data1\" content=\"1 dakika\" \/>\n<script type=\"application\/ld+json\" class=\"yoast-schema-graph\">{\"@context\":\"https:\\\/\\\/schema.org\",\"@graph\":[{\"@type\":[\"WebPage\",\"ItemPage\"],\"@id\":\"https:\\\/\\\/www.purejewels.com\\\/product\\\/22ct-gold-baby-bracelet-33811\\\/\",\"url\":\"https:\\\/\\\/www.purejewels.com\\\/product\\\/22ct-gold-baby-bracelet-33811\\\/\",\"name\":\"22ct Gold Sculpted Bead Bracelet | Handcrafted Gold Jewellery\",\"isPartOf\":{\"@id\":\"https:\\\/\\\/www.purejewels.com\\\/#website\"},\"primaryImageOfPage\":{\"@id\":\"https:\\\/\\\/www.purejewels.com\\\/product\\\/22ct-gold-baby-bracelet-33811\\\/#primaryimage\"},\"image\":{\"@id\":\"https:\\\/\\\/www.purejewels.com\\\/product\\\/22ct-gold-baby-bracelet-33811\\\/#primaryimage\"},\"thumbnailUrl\":\"https:\\\/\\\/static.purejewels.com\\\/wp-content\\\/uploads\\\/2020\\\/09\\\/image186623785.jpg\",\"datePublished\":\"2021-09-29T08:28:31+00:00\",\"dateModified\":\"2026-01-19T08:58:10+00:00\",\"description\":\"Discover this handcrafted 22ct gold sculpted bead bracelet, featuring rounded textured links for a rich yet wearable finish. Designed for everyday elegance and gifting.\",\"breadcrumb\":{\"@id\":\"https:\\\/\\\/www.purejewels.com\\\/product\\\/22ct-gold-baby-bracelet-33811\\\/#breadcrumb\"},\"inLanguage\":\"tr\",\"potentialAction\":[{\"@type\":\"ReadAction\",\"target\":[\"https:\\\/\\\/www.purejewels.com\\\/product\\\/22ct-gold-baby-bracelet-33811\\\/\"]}]},{\"@type\":\"ImageObject\",\"inLanguage\":\"tr\",\"@id\":\"https:\\\/\\\/www.purejewels.com\\\/product\\\/22ct-gold-baby-bracelet-33811\\\/#primaryimage\",\"url\":\"https:\\\/\\\/static.purejewels.com\\\/wp-content\\\/uploads\\\/2020\\\/09\\\/image186623785.jpg\",\"contentUrl\":\"https:\\\/\\\/static.purejewels.com\\\/wp-content\\\/uploads\\\/2020\\\/09\\\/image186623785.jpg\",\"width\":1000,\"height\":1000,\"caption\":\"22ct Gold Light Yellow Beads Baby Bracelet YGBT076\"},{\"@type\":\"BreadcrumbList\",\"@id\":\"https:\\\/\\\/www.purejewels.com\\\/product\\\/22ct-gold-baby-bracelet-33811\\\/#breadcrumb\",\"itemListElement\":[{\"@type\":\"ListItem\",\"position\":1,\"name\":\"Home\",\"item\":\"https:\\\/\\\/www.purejewels.com\\\/\"},{\"@type\":\"ListItem\",\"position\":2,\"name\":\"Shop\",\"item\":\"https:\\\/\\\/www.purejewels.com\\\/shop\\\/\"},{\"@type\":\"ListItem\",\"position\":3,\"name\":\"22ct Gold Sculpted Baby Bead Link Bracelet\"}]},{\"@type\":\"WebSite\",\"@id\":\"https:\\\/\\\/www.purejewels.com\\\/#website\",\"url\":\"https:\\\/\\\/www.purejewels.com\\\/\",\"name\":\"PureJewels UK\",\"description\":\"Share the Love\",\"publisher\":{\"@id\":\"https:\\\/\\\/www.purejewels.com\\\/#organization\"},\"potentialAction\":[{\"@type\":\"SearchAction\",\"target\":{\"@type\":\"EntryPoint\",\"urlTemplate\":\"https:\\\/\\\/www.purejewels.com\\\/?s={search_term_string}\"},\"query-input\":{\"@type\":\"PropertyValueSpecification\",\"valueRequired\":true,\"valueName\":\"search_term_string\"}}],\"inLanguage\":\"tr\"},{\"@type\":\"Organization\",\"@id\":\"https:\\\/\\\/www.purejewels.com\\\/#organization\",\"name\":\"PureJewels UK\",\"url\":\"https:\\\/\\\/www.purejewels.com\\\/\",\"logo\":{\"@type\":\"ImageObject\",\"inLanguage\":\"tr\",\"@id\":\"https:\\\/\\\/www.purejewels.com\\\/#\\\/schema\\\/logo\\\/image\\\/\",\"url\":\"https:\\\/\\\/static.purejewels.com\\\/wp-content\\\/uploads\\\/2020\\\/11\\\/Logo-PJ-New-1.png\",\"contentUrl\":\"https:\\\/\\\/static.purejewels.com\\\/wp-content\\\/uploads\\\/2020\\\/11\\\/Logo-PJ-New-1.png\",\"width\":150,\"height\":80,\"caption\":\"PureJewels UK\"},\"image\":{\"@id\":\"https:\\\/\\\/www.purejewels.com\\\/#\\\/schema\\\/logo\\\/image\\\/\"}}]}<\/script>\n<!-- \/ Yoast SEO plugin. -->","yoast_head_json":{"title":"22 Ayar Alt\u0131n Heykel Boncuk Bileklik | El Yap\u0131m\u0131 Alt\u0131n Tak\u0131lar","description":"Zengin ama giyilebilir bir g\u00f6r\u00fcn\u00fcm i\u00e7in yuvarlat\u0131lm\u0131\u015f dokulu ba\u011flant\u0131lara sahip bu el yap\u0131m\u0131 22 ayar alt\u0131n yontulmu\u015f boncuk bilezi\u011fi ke\u015ffedin. G\u00fcnl\u00fck \u015f\u0131kl\u0131k ve hediye i\u00e7in tasarland\u0131.","robots":{"index":"index","follow":"follow","max-snippet":"max-snippet:-1","max-image-preview":"max-image-preview:large","max-video-preview":"max-video-preview:-1"},"canonical":"https:\/\/www.purejewels.com\/tr\/urun\/22-ayar-altin-bebek-bilekligi-33811\/","og_locale":"tr_TR","og_type":"article","og_title":"22ct Gold Sculpted Bead Bracelet | Handcrafted Gold Jewellery","og_description":"Discover this handcrafted 22ct gold sculpted bead bracelet, featuring rounded textured links for a rich yet wearable finish. Designed for everyday elegance and gifting.","og_url":"https:\/\/www.purejewels.com\/tr\/urun\/22-ayar-altin-bebek-bilekligi-33811\/","og_site_name":"PureJewels UK","article_modified_time":"2026-01-19T08:58:10+00:00","og_image":[{"width":1000,"height":1000,"url":"https:\/\/static.purejewels.com\/wp-content\/uploads\/2020\/09\/image186623785.jpg","type":"image\/jpeg"}],"twitter_card":"summary_large_image","twitter_misc":{"Tahmini okuma s\u00fcresi":"1 dakika"},"schema":{"@context":"https:\/\/schema.org","@graph":[{"@type":["WebPage","ItemPage"],"@id":"https:\/\/www.purejewels.com\/product\/22ct-gold-baby-bracelet-33811\/","url":"https:\/\/www.purejewels.com\/product\/22ct-gold-baby-bracelet-33811\/","name":"22 Ayar Alt\u0131n Heykel Boncuk Bileklik | El Yap\u0131m\u0131 Alt\u0131n Tak\u0131lar","isPartOf":{"@id":"https:\/\/www.purejewels.com\/#website"},"primaryImageOfPage":{"@id":"https:\/\/www.purejewels.com\/product\/22ct-gold-baby-bracelet-33811\/#primaryimage"},"image":{"@id":"https:\/\/www.purejewels.com\/product\/22ct-gold-baby-bracelet-33811\/#primaryimage"},"thumbnailUrl":"https:\/\/static.purejewels.com\/wp-content\/uploads\/2020\/09\/image186623785.jpg","datePublished":"2021-09-29T08:28:31+00:00","dateModified":"2026-01-19T08:58:10+00:00","description":"Zengin ama giyilebilir bir g\u00f6r\u00fcn\u00fcm i\u00e7in yuvarlat\u0131lm\u0131\u015f dokulu ba\u011flant\u0131lara sahip bu el yap\u0131m\u0131 22 ayar alt\u0131n yontulmu\u015f boncuk bilezi\u011fi ke\u015ffedin. G\u00fcnl\u00fck \u015f\u0131kl\u0131k ve hediye i\u00e7in tasarland\u0131.","breadcrumb":{"@id":"https:\/\/www.purejewels.com\/product\/22ct-gold-baby-bracelet-33811\/#breadcrumb"},"inLanguage":"tr","potentialAction":[{"@type":"ReadAction","target":["https:\/\/www.purejewels.com\/product\/22ct-gold-baby-bracelet-33811\/"]}]},{"@type":"ImageObject","inLanguage":"tr","@id":"https:\/\/www.purejewels.com\/product\/22ct-gold-baby-bracelet-33811\/#primaryimage","url":"https:\/\/static.purejewels.com\/wp-content\/uploads\/2020\/09\/image186623785.jpg","contentUrl":"https:\/\/static.purejewels.com\/wp-content\/uploads\/2020\/09\/image186623785.jpg","width":1000,"height":1000,"caption":"22ct Gold Light Yellow Beads Baby Bracelet YGBT076"},{"@type":"BreadcrumbList","@id":"https:\/\/www.purejewels.com\/product\/22ct-gold-baby-bracelet-33811\/#breadcrumb","itemListElement":[{"@type":"ListItem","position":1,"name":"Home","item":"https:\/\/www.purejewels.com\/"},{"@type":"ListItem","position":2,"name":"Shop","item":"https:\/\/www.purejewels.com\/shop\/"},{"@type":"ListItem","position":3,"name":"22ct Gold Sculpted Baby Bead Link Bracelet"}]},{"@type":"WebSite","@id":"https:\/\/www.purejewels.com\/#website","url":"https:\/\/www.purejewels.com\/","name":"PureJewels \u0130ngiltere","description":"Sevgiyi Payla\u015f\u0131n","publisher":{"@id":"https:\/\/www.purejewels.com\/#organization"},"potentialAction":[{"@type":"SearchAction","target":{"@type":"EntryPoint","urlTemplate":"https:\/\/www.purejewels.com\/?s={search_term_string}"},"query-input":{"@type":"PropertyValueSpecification","valueRequired":true,"valueName":"search_term_string"}}],"inLanguage":"tr"},{"@type":"Organization","@id":"https:\/\/www.purejewels.com\/#organization","name":"PureJewels \u0130ngiltere","url":"https:\/\/www.purejewels.com\/","logo":{"@type":"ImageObject","inLanguage":"tr","@id":"https:\/\/www.purejewels.com\/#\/schema\/logo\/image\/","url":"https:\/\/static.purejewels.com\/wp-content\/uploads\/2020\/11\/Logo-PJ-New-1.png","contentUrl":"https:\/\/static.purejewels.com\/wp-content\/uploads\/2020\/11\/Logo-PJ-New-1.png","width":150,"height":80,"caption":"PureJewels UK"},"image":{"@id":"https:\/\/www.purejewels.com\/#\/schema\/logo\/image\/"}}]}},"_links":{"self":[{"href":"https:\/\/www.purejewels.com\/tr\/wp-json\/wp\/v2\/product\/327245","targetHints":{"allow":["GET"]}}],"collection":[{"href":"https:\/\/www.purejewels.com\/tr\/wp-json\/wp\/v2\/product"}],"about":[{"href":"https:\/\/www.purejewels.com\/tr\/wp-json\/wp\/v2\/types\/product"}],"replies":[{"embeddable":true,"href":"https:\/\/www.purejewels.com\/tr\/wp-json\/wp\/v2\/comments?post=327245"}],"version-history":[{"count":2,"href":"https:\/\/www.purejewels.com\/tr\/wp-json\/wp\/v2\/product\/327245\/revisions"}],"predecessor-version":[{"id":425000,"href":"https:\/\/www.purejewels.com\/tr\/wp-json\/wp\/v2\/product\/327245\/revisions\/425000"}],"wp:featuredmedia":[{"embeddable":true,"href":"https:\/\/www.purejewels.com\/tr\/wp-json\/wp\/v2\/media\/317544"}],"wp:attachment":[{"href":"https:\/\/www.purejewels.com\/tr\/wp-json\/wp\/v2\/media?parent=327245"}],"wp:term":[{"taxonomy":"product_brand","embeddable":true,"href":"https:\/\/www.purejewels.com\/tr\/wp-json\/wp\/v2\/product_brand?post=327245"},{"taxonomy":"product_cat","embeddable":true,"href":"https:\/\/www.purejewels.com\/tr\/wp-json\/wp\/v2\/product_cat?post=327245"},{"taxonomy":"product_tag","embeddable":true,"href":"https:\/\/www.purejewels.com\/tr\/wp-json\/wp\/v2\/product_tag?post=327245"}],"curies":[{"name":"wp","href":"https:\/\/api.w.org\/{rel}","templated":true}]}}