{"id":327246,"date":"2021-09-29T10:22:45","date_gmt":"2021-09-29T09:22:45","guid":{"rendered":"https:\/\/www.purejewels.com\/?post_type=product&#038;p=327246"},"modified":"2026-01-22T10:41:16","modified_gmt":"2026-01-22T10:41:16","slug":"kadinlar-icin-22-ayar-altin-bilezik-34230","status":"publish","type":"product","link":"https:\/\/www.purejewels.com\/tr\/product\/22ct-gold-bracelet-for-women-34230\/","title":{"rendered":"Charm Detayl\u0131 22 Ayar Alt\u0131n Dokulu Link Bileklik"},"content":{"rendered":"<p>Tasar\u0131m<\/p>\n<p>Bu bileklik, ritim ve g\u00f6rsel ilgi katan yontulmu\u015f, dokulu boncuk unsurlarla noktalanm\u0131\u015f ince alt\u0131n ba\u011flant\u0131lardan olu\u015fur. De\u011fi\u015fen formlar bilek boyunca bir hareket hissi yarat\u0131rken, k\u00fc\u00e7\u00fck oymal\u0131 alt\u0131n t\u0131ls\u0131m ince, ki\u015fisel bir dokunu\u015f kat\u0131yor. Dengeli ve etkileyici tasar\u0131m, g\u00fcnl\u00fck rahatl\u0131\u011f\u0131 d\u00fc\u015f\u00fcn\u00fclm\u00fc\u015f detaylarla harmanl\u0131yor.<\/p>\n<p>Zanaatkarl\u0131k<\/p>\n<p>I\u015f\u0131lt\u0131l\u0131 22 ayar alt\u0131ndan \u00fcretilen her bir dokulu unsur, hafif ve rahat bir kullan\u0131m sa\u011flarken derinlik ve belirginlik elde etmek i\u00e7in \u00f6zenle \u015fekillendirilmi\u015ftir. Bileklik g\u00fcvenilir bir toka ile sabitlenmi\u015f ve cilde yumu\u015fak bir temas sa\u011flayacak \u015fekilde tamamlanm\u0131\u015ft\u0131r. Safl\u0131k sertifikas\u0131 i\u00e7in Birle\u015fik Krall\u0131k'ta damgalanan bu bilezik, PureJewels'in kalite, \u00f6zg\u00fcnl\u00fck ve kal\u0131c\u0131 i\u015f\u00e7ili\u011fe olan ba\u011fl\u0131l\u0131\u011f\u0131n\u0131 yans\u0131tmaktad\u0131r.<\/p>\n<p>\u015eekillendirme &amp; Hediyele\u015fme<\/p>\n<p>Tek ba\u015f\u0131na tak\u0131ld\u0131\u011f\u0131nda zarif ve ince alt\u0131n zincirler veya bileziklerle katmanland\u0131\u011f\u0131nda zahmetsiz olan bu bilezik, g\u00fcnd\u00fczden ak\u015fama sorunsuzca ge\u00e7i\u015f yapar. Do\u011fum g\u00fcnleri, y\u0131l d\u00f6n\u00fcmleri ve d\u00fc\u015f\u00fcnceli hediyeler i\u00e7in ideal olan bu bilezik, s\u0131k s\u0131k tak\u0131lmak ve zaman i\u00e7inde de\u011fer verilmek \u00fczere tasarlanm\u0131\u015f \u00e7ok y\u00f6nl\u00fc bir par\u00e7ad\u0131r.<\/p>","protected":false},"excerpt":{"rendered":"<ul>\n<li>22 Ayar Alt\u0131n Bileklik<\/li>\n<li>Lovely G\u00fcnl\u00fck, Ofis K\u0131yafeti Bileklik<\/li>\n<li>A\u011f\u0131rl\u0131k 3,5 gms<\/li>\n<li>Uzunluk 7 \u0130n\u00e7<\/li>\n<li>SKU. 34230<\/li>\n<li>T\u00fcm fiyatlara KDV dahildir<\/li>\n<li>T\u00fcm \u00dcr\u00fcnlerimiz Londra Tahlil Ofisi Taraf\u0131ndan Damgalanm\u0131\u015ft\u0131r<\/li>\n<li>Sunum Kutusu ile Birlikte Gelir<\/li>\n<li>Teslimat Dahil<\/li>\n<li>Bayanlar i\u00e7in Hint alt\u0131n bilezik tasar\u0131mlar\u0131n\u0131n videosu i\u00e7in bize ula\u015f\u0131n \/ bizimle canl\u0131 sohbet edin<\/li>\n<\/ul>","protected":false},"featured_media":335489,"comment_status":"closed","ping_status":"closed","template":"","meta":{"_eb_attr":"","_crsspst_to_jayantr4sg-hostcom":false},"product_brand":[],"product_cat":[1791,1559,1794,1793,1627,1570,1575,1569,1573,1574],"product_tag":[],"class_list":{"0":"post-327246","1":"product","2":"type-product","3":"status-publish","4":"has-post-thumbnail","6":"product_cat-anniversary-gifts","7":"product_cat-birthday-gifts","8":"product_cat-christmas-gifts","9":"product_cat-diwali-gifts","10":"product_cat-ladies-bracelet","11":"product_cat-mothers-day-gifts","12":"product_cat-teenage-jewellery","13":"product_cat-valentine-day-gifts","14":"product_cat-wedding-gifts","15":"product_cat-womens-jewellery","17":"first","18":"outofstock","19":"taxable","20":"shipping-taxable","21":"product-type-simple","22":"add-to-wishlist-before_image"},"yoast_head":"<!-- This site is optimized with the Yoast SEO plugin v27.3 - https:\/\/yoast.com\/product\/yoast-seo-wordpress\/ -->\n<title>22ct Gold Textured Link Bracelet | Handcrafted Gold Bracelet in UK<\/title>\n<meta name=\"description\" content=\"Discover this handcrafted 22ct gold bracelet featuring textured links, sculpted bead accents and a fine gold charm. A refined bracelet designed for gifting.\" \/>\n<meta name=\"robots\" content=\"index, follow, max-snippet:-1, max-image-preview:large, max-video-preview:-1\" \/>\n<link rel=\"canonical\" href=\"https:\/\/www.purejewels.com\/tr\/urun\/kadinlar-icin-22-ayar-altin-bilezik-34230\/\" \/>\n<meta property=\"og:locale\" content=\"tr_TR\" \/>\n<meta property=\"og:type\" content=\"article\" \/>\n<meta property=\"og:title\" content=\"22ct Gold Textured Link Bracelet | Handcrafted Gold Bracelet in UK\" \/>\n<meta property=\"og:description\" content=\"Discover this handcrafted 22ct gold bracelet featuring textured links, sculpted bead accents and a fine gold charm. A refined bracelet designed for gifting.\" \/>\n<meta property=\"og:url\" content=\"https:\/\/www.purejewels.com\/tr\/urun\/kadinlar-icin-22-ayar-altin-bilezik-34230\/\" \/>\n<meta property=\"og:site_name\" content=\"PureJewels UK\" \/>\n<meta property=\"article:modified_time\" content=\"2026-01-22T10:41:16+00:00\" \/>\n<meta property=\"og:image\" content=\"https:\/\/static.purejewels.com\/wp-content\/uploads\/2021\/09\/34230-2.jpg\" \/>\n\t<meta property=\"og:image:width\" content=\"1000\" \/>\n\t<meta property=\"og:image:height\" content=\"1000\" \/>\n\t<meta property=\"og:image:type\" content=\"image\/jpeg\" \/>\n<meta name=\"twitter:card\" content=\"summary_large_image\" \/>\n<meta name=\"twitter:label1\" content=\"Tahmini okuma s\u00fcresi\" \/>\n\t<meta name=\"twitter:data1\" content=\"1 dakika\" \/>\n<script type=\"application\/ld+json\" class=\"yoast-schema-graph\">{\"@context\":\"https:\\\/\\\/schema.org\",\"@graph\":[{\"@type\":[\"WebPage\",\"ItemPage\"],\"@id\":\"https:\\\/\\\/www.purejewels.com\\\/product\\\/22ct-gold-bracelet-for-women-34230\\\/\",\"url\":\"https:\\\/\\\/www.purejewels.com\\\/product\\\/22ct-gold-bracelet-for-women-34230\\\/\",\"name\":\"22ct Gold Textured Link Bracelet | Handcrafted Gold Bracelet in UK\",\"isPartOf\":{\"@id\":\"https:\\\/\\\/www.purejewels.com\\\/#website\"},\"primaryImageOfPage\":{\"@id\":\"https:\\\/\\\/www.purejewels.com\\\/product\\\/22ct-gold-bracelet-for-women-34230\\\/#primaryimage\"},\"image\":{\"@id\":\"https:\\\/\\\/www.purejewels.com\\\/product\\\/22ct-gold-bracelet-for-women-34230\\\/#primaryimage\"},\"thumbnailUrl\":\"https:\\\/\\\/static.purejewels.com\\\/wp-content\\\/uploads\\\/2021\\\/09\\\/34230-2.jpg\",\"datePublished\":\"2021-09-29T09:22:45+00:00\",\"dateModified\":\"2026-01-22T10:41:16+00:00\",\"description\":\"Discover this handcrafted 22ct gold bracelet featuring textured links, sculpted bead accents and a fine gold charm. A refined bracelet designed for gifting.\",\"breadcrumb\":{\"@id\":\"https:\\\/\\\/www.purejewels.com\\\/product\\\/22ct-gold-bracelet-for-women-34230\\\/#breadcrumb\"},\"inLanguage\":\"tr\",\"potentialAction\":[{\"@type\":\"ReadAction\",\"target\":[\"https:\\\/\\\/www.purejewels.com\\\/product\\\/22ct-gold-bracelet-for-women-34230\\\/\"]}]},{\"@type\":\"ImageObject\",\"inLanguage\":\"tr\",\"@id\":\"https:\\\/\\\/www.purejewels.com\\\/product\\\/22ct-gold-bracelet-for-women-34230\\\/#primaryimage\",\"url\":\"https:\\\/\\\/static.purejewels.com\\\/wp-content\\\/uploads\\\/2021\\\/09\\\/34230-2.jpg\",\"contentUrl\":\"https:\\\/\\\/static.purejewels.com\\\/wp-content\\\/uploads\\\/2021\\\/09\\\/34230-2.jpg\",\"width\":1000,\"height\":1000,\"caption\":\"22ct Gold Bracelet for Women\"},{\"@type\":\"BreadcrumbList\",\"@id\":\"https:\\\/\\\/www.purejewels.com\\\/product\\\/22ct-gold-bracelet-for-women-34230\\\/#breadcrumb\",\"itemListElement\":[{\"@type\":\"ListItem\",\"position\":1,\"name\":\"Home\",\"item\":\"https:\\\/\\\/www.purejewels.com\\\/\"},{\"@type\":\"ListItem\",\"position\":2,\"name\":\"Shop\",\"item\":\"https:\\\/\\\/www.purejewels.com\\\/shop\\\/\"},{\"@type\":\"ListItem\",\"position\":3,\"name\":\"22ct Gold Textured Link Bracelet with Charm Detail\"}]},{\"@type\":\"WebSite\",\"@id\":\"https:\\\/\\\/www.purejewels.com\\\/#website\",\"url\":\"https:\\\/\\\/www.purejewels.com\\\/\",\"name\":\"PureJewels UK\",\"description\":\"Share the Love\",\"publisher\":{\"@id\":\"https:\\\/\\\/www.purejewels.com\\\/#organization\"},\"potentialAction\":[{\"@type\":\"SearchAction\",\"target\":{\"@type\":\"EntryPoint\",\"urlTemplate\":\"https:\\\/\\\/www.purejewels.com\\\/?s={search_term_string}\"},\"query-input\":{\"@type\":\"PropertyValueSpecification\",\"valueRequired\":true,\"valueName\":\"search_term_string\"}}],\"inLanguage\":\"tr\"},{\"@type\":\"Organization\",\"@id\":\"https:\\\/\\\/www.purejewels.com\\\/#organization\",\"name\":\"PureJewels UK\",\"url\":\"https:\\\/\\\/www.purejewels.com\\\/\",\"logo\":{\"@type\":\"ImageObject\",\"inLanguage\":\"tr\",\"@id\":\"https:\\\/\\\/www.purejewels.com\\\/#\\\/schema\\\/logo\\\/image\\\/\",\"url\":\"https:\\\/\\\/static.purejewels.com\\\/wp-content\\\/uploads\\\/2020\\\/11\\\/Logo-PJ-New-1.png\",\"contentUrl\":\"https:\\\/\\\/static.purejewels.com\\\/wp-content\\\/uploads\\\/2020\\\/11\\\/Logo-PJ-New-1.png\",\"width\":150,\"height\":80,\"caption\":\"PureJewels UK\"},\"image\":{\"@id\":\"https:\\\/\\\/www.purejewels.com\\\/#\\\/schema\\\/logo\\\/image\\\/\"}}]}<\/script>\n<!-- \/ Yoast SEO plugin. -->","yoast_head_json":{"title":"22 Ayar Alt\u0131n Dokulu Link Bileklik | \u0130ngiltere'de El Yap\u0131m\u0131 Alt\u0131n Bileklik","description":"Dokulu ba\u011flant\u0131lar, yontulmu\u015f boncuk vurgular ve ince alt\u0131n bir t\u0131ls\u0131m i\u00e7eren bu el yap\u0131m\u0131 22 ayar alt\u0131n bilezi\u011fi ke\u015ffedin. Hediye etmek i\u00e7in tasarlanm\u0131\u015f zarif bir bileklik.","robots":{"index":"index","follow":"follow","max-snippet":"max-snippet:-1","max-image-preview":"max-image-preview:large","max-video-preview":"max-video-preview:-1"},"canonical":"https:\/\/www.purejewels.com\/tr\/urun\/kadinlar-icin-22-ayar-altin-bilezik-34230\/","og_locale":"tr_TR","og_type":"article","og_title":"22ct Gold Textured Link Bracelet | Handcrafted Gold Bracelet in UK","og_description":"Discover this handcrafted 22ct gold bracelet featuring textured links, sculpted bead accents and a fine gold charm. A refined bracelet designed for gifting.","og_url":"https:\/\/www.purejewels.com\/tr\/urun\/kadinlar-icin-22-ayar-altin-bilezik-34230\/","og_site_name":"PureJewels UK","article_modified_time":"2026-01-22T10:41:16+00:00","og_image":[{"width":1000,"height":1000,"url":"https:\/\/static.purejewels.com\/wp-content\/uploads\/2021\/09\/34230-2.jpg","type":"image\/jpeg"}],"twitter_card":"summary_large_image","twitter_misc":{"Tahmini okuma s\u00fcresi":"1 dakika"},"schema":{"@context":"https:\/\/schema.org","@graph":[{"@type":["WebPage","ItemPage"],"@id":"https:\/\/www.purejewels.com\/product\/22ct-gold-bracelet-for-women-34230\/","url":"https:\/\/www.purejewels.com\/product\/22ct-gold-bracelet-for-women-34230\/","name":"22 Ayar Alt\u0131n Dokulu Link Bileklik | \u0130ngiltere'de El Yap\u0131m\u0131 Alt\u0131n Bileklik","isPartOf":{"@id":"https:\/\/www.purejewels.com\/#website"},"primaryImageOfPage":{"@id":"https:\/\/www.purejewels.com\/product\/22ct-gold-bracelet-for-women-34230\/#primaryimage"},"image":{"@id":"https:\/\/www.purejewels.com\/product\/22ct-gold-bracelet-for-women-34230\/#primaryimage"},"thumbnailUrl":"https:\/\/static.purejewels.com\/wp-content\/uploads\/2021\/09\/34230-2.jpg","datePublished":"2021-09-29T09:22:45+00:00","dateModified":"2026-01-22T10:41:16+00:00","description":"Dokulu ba\u011flant\u0131lar, yontulmu\u015f boncuk vurgular ve ince alt\u0131n bir t\u0131ls\u0131m i\u00e7eren bu el yap\u0131m\u0131 22 ayar alt\u0131n bilezi\u011fi ke\u015ffedin. Hediye etmek i\u00e7in tasarlanm\u0131\u015f zarif bir bileklik.","breadcrumb":{"@id":"https:\/\/www.purejewels.com\/product\/22ct-gold-bracelet-for-women-34230\/#breadcrumb"},"inLanguage":"tr","potentialAction":[{"@type":"ReadAction","target":["https:\/\/www.purejewels.com\/product\/22ct-gold-bracelet-for-women-34230\/"]}]},{"@type":"ImageObject","inLanguage":"tr","@id":"https:\/\/www.purejewels.com\/product\/22ct-gold-bracelet-for-women-34230\/#primaryimage","url":"https:\/\/static.purejewels.com\/wp-content\/uploads\/2021\/09\/34230-2.jpg","contentUrl":"https:\/\/static.purejewels.com\/wp-content\/uploads\/2021\/09\/34230-2.jpg","width":1000,"height":1000,"caption":"22ct Gold Bracelet for Women"},{"@type":"BreadcrumbList","@id":"https:\/\/www.purejewels.com\/product\/22ct-gold-bracelet-for-women-34230\/#breadcrumb","itemListElement":[{"@type":"ListItem","position":1,"name":"Home","item":"https:\/\/www.purejewels.com\/"},{"@type":"ListItem","position":2,"name":"Shop","item":"https:\/\/www.purejewels.com\/shop\/"},{"@type":"ListItem","position":3,"name":"22ct Gold Textured Link Bracelet with Charm Detail"}]},{"@type":"WebSite","@id":"https:\/\/www.purejewels.com\/#website","url":"https:\/\/www.purejewels.com\/","name":"PureJewels \u0130ngiltere","description":"Sevgiyi Payla\u015f\u0131n","publisher":{"@id":"https:\/\/www.purejewels.com\/#organization"},"potentialAction":[{"@type":"SearchAction","target":{"@type":"EntryPoint","urlTemplate":"https:\/\/www.purejewels.com\/?s={search_term_string}"},"query-input":{"@type":"PropertyValueSpecification","valueRequired":true,"valueName":"search_term_string"}}],"inLanguage":"tr"},{"@type":"Organization","@id":"https:\/\/www.purejewels.com\/#organization","name":"PureJewels \u0130ngiltere","url":"https:\/\/www.purejewels.com\/","logo":{"@type":"ImageObject","inLanguage":"tr","@id":"https:\/\/www.purejewels.com\/#\/schema\/logo\/image\/","url":"https:\/\/static.purejewels.com\/wp-content\/uploads\/2020\/11\/Logo-PJ-New-1.png","contentUrl":"https:\/\/static.purejewels.com\/wp-content\/uploads\/2020\/11\/Logo-PJ-New-1.png","width":150,"height":80,"caption":"PureJewels UK"},"image":{"@id":"https:\/\/www.purejewels.com\/#\/schema\/logo\/image\/"}}]}},"_links":{"self":[{"href":"https:\/\/www.purejewels.com\/tr\/wp-json\/wp\/v2\/product\/327246","targetHints":{"allow":["GET"]}}],"collection":[{"href":"https:\/\/www.purejewels.com\/tr\/wp-json\/wp\/v2\/product"}],"about":[{"href":"https:\/\/www.purejewels.com\/tr\/wp-json\/wp\/v2\/types\/product"}],"replies":[{"embeddable":true,"href":"https:\/\/www.purejewels.com\/tr\/wp-json\/wp\/v2\/comments?post=327246"}],"version-history":[{"count":2,"href":"https:\/\/www.purejewels.com\/tr\/wp-json\/wp\/v2\/product\/327246\/revisions"}],"predecessor-version":[{"id":425103,"href":"https:\/\/www.purejewels.com\/tr\/wp-json\/wp\/v2\/product\/327246\/revisions\/425103"}],"wp:featuredmedia":[{"embeddable":true,"href":"https:\/\/www.purejewels.com\/tr\/wp-json\/wp\/v2\/media\/335489"}],"wp:attachment":[{"href":"https:\/\/www.purejewels.com\/tr\/wp-json\/wp\/v2\/media?parent=327246"}],"wp:term":[{"taxonomy":"product_brand","embeddable":true,"href":"https:\/\/www.purejewels.com\/tr\/wp-json\/wp\/v2\/product_brand?post=327246"},{"taxonomy":"product_cat","embeddable":true,"href":"https:\/\/www.purejewels.com\/tr\/wp-json\/wp\/v2\/product_cat?post=327246"},{"taxonomy":"product_tag","embeddable":true,"href":"https:\/\/www.purejewels.com\/tr\/wp-json\/wp\/v2\/product_tag?post=327246"}],"curies":[{"name":"wp","href":"https:\/\/api.w.org\/{rel}","templated":true}]}}