{"id":327296,"date":"2021-10-01T07:56:07","date_gmt":"2021-10-01T06:56:07","guid":{"rendered":"https:\/\/www.purejewels.com\/?post_type=product&#038;p=327296"},"modified":"2026-03-26T07:27:08","modified_gmt":"2026-03-26T07:27:08","slug":"22-ayar-altin-bebek-bilekligi-uk","status":"publish","type":"product","link":"https:\/\/www.purejewels.com\/tr\/product\/22ct-gold-baby-bracelet-uk\/","title":{"rendered":"22 Ayar Alt\u0131n Bebek Bilekli\u011fi \u0130ngiltere | 5 in\u00e7"},"content":{"rendered":"<h3><strong>\u0130nan\u00e7<\/strong><\/h3>\n<p>En saf ruha, en iyi niyete sahipler ve kalpleri masum. \u00c7ocuklar, t\u0131pk\u0131 bunun gibi, bu 22 bin \u00e7ocuk kadar saf ve g\u00fczel bir \u015feyi hak ediyor <a href=\"https:\/\/www.purejewels.com\/tr\/product\/22ct-gold-mens-bracelet\/\">alt\u0131n bilezik<\/a> Purejewels'ten. Bunun sadece k\u00fc\u00e7\u00fckler i\u00e7in bir aksesuar de\u011fil, \u00f6m\u00fcr boyu el \u00fcst\u00fcnde tutulabilecek, onlar\u0131 uzun zaman sonra bile \u00e7ocukluklar\u0131na geri g\u00f6t\u00fcrebilecek bir \u015fey oldu\u011funa inan\u0131yoruz.<\/p>\n<h3>Tasar\u0131m<\/h3>\n<p>Bu <a href=\"https:\/\/www.purejewels.com\/tr\/product-category\/22ct-gold-jewellery\/gold-bracelet\/\">Bilezik<\/a> bebekler i\u00e7in \u00f6zenle el yap\u0131m\u0131 oyma mini <a href=\"https:\/\/www.purejewels.com\/tr\/product\/22ct-gold-pretty-ladies-bracelet-7-inches-42354\/\">alt\u0131n boncuklar<\/a> Elle parlat\u0131lm\u0131\u015f siyah boncuklarla birlikte birbirlerine dikilmi\u015ftir. Bilezik, zahmetsiz hissettirmek i\u00e7in azami dikkat ve \u00f6zenle haz\u0131rlanm\u0131\u015ft\u0131r. Ayr\u0131ca bilezi\u011fi, bebe\u011finizin bile\u011finden ge\u00e7irme zahmetine katlanmak zorunda kalmayaca\u011f\u0131n\u0131z i\u00e7in size sorunsuz bir deneyim sunarken bilezi\u011fin tasar\u0131m\u0131na g\u00fczel bir \u015fekilde uyum sa\u011flayan bir kilitle sonland\u0131rd\u0131k.<\/p>\n<p>&nbsp;<\/p>\n<p>Bu bebek alt\u0131n bilezi\u011fi <a href=\"https:\/\/www.purejewels.com\/tr\/product\/22ct-gold-jali-filigree-ring-jali-collection-31926\/\">22ct<\/a> sadece maddi de\u011ferinden dolay\u0131 de\u011fil, ayn\u0131 zamanda bu k\u00fc\u00e7\u00fck modern yadigar\u0131 eve getirdi\u011finizde sahip olaca\u011f\u0131 de\u011ferli manevi de\u011fer ve saf sevgi, \u00f6zen ve \u015fefkat ba\u011f\u0131n\u0131z\u0131 sembolize etme \u015fekli nedeniyle de de\u011ferlidir. Birka\u00e7 tane 22 ayar alt\u0131n bebek <a href=\"https:\/\/www.purejewels.com\/tr\/product-category\/22ct-gold-jewellery\/gold-earrings\/\">K\u00fcpeler<\/a> \u0130ngiltere ve di\u011fer de\u011ferli m\u00fccevherleri bebe\u011finizin aksesuar koleksiyonuna ekleyin.<\/p>","protected":false},"excerpt":{"rendered":"<table class=\"sh_desc\">\n<tbody>\n<tr>\n<td>Bilezik T\u00fcr\u00fc<\/td>\n<td>Siyah Boncuklu ve Rodyum Kaplamal\u0131 Bebek Bilekli\u011fi<\/td>\n<\/tr>\n<tr>\n<td>SKU<\/td>\n<td>48426<\/td>\n<\/tr>\n<tr>\n<td>A\u011f\u0131rl\u0131k<\/td>\n<td>2.4 gm<\/td>\n<\/tr>\n<tr>\n<td>Metal<\/td>\n<td>22 Ayar Alt\u0131n<\/td>\n<\/tr>\n<tr>\n<td>Hallmark<\/td>\n<td>Londra Tahlil Ofisi Taraf\u0131ndan Damgalanm\u0131\u015f 22 Ayar Alt\u0131n<\/td>\n<\/tr>\n<tr>\n<td>\u00dccretler<\/td>\n<td>Teslimat ve KDV Dahil<\/td>\n<\/tr>\n<tr>\n<td>Paketleme<\/td>\n<td>Sunum Kutusu ile Birlikte Gelir<\/td>\n<\/tr>\n<tr>\n<td>Daha Fazla Bilgi<\/td>\n<td>\n<ul>\n<li>M\u00fcsaitlik durumu ve daha fazla resim i\u00e7in bizimle canl\u0131 sohbet edin<\/li>\n<li>Fiyat tek bir bilezik i\u00e7in verilmi\u015ftir<\/li>\n<\/ul>\n<\/td>\n<\/tr>\n<\/tbody>\n<\/table>","protected":false},"featured_media":385224,"comment_status":"closed","ping_status":"closed","template":"","meta":{"_eb_attr":"","_crsspst_to_jayantr4sg-hostcom":true},"product_brand":[],"product_cat":[5672,1576,1229,5343,1436,5943,5349],"product_tag":[1546],"class_list":{"0":"post-327296","1":"product","2":"type-product","3":"status-publish","4":"has-post-thumbnail","6":"product_cat-baby-gold-bracelet","7":"product_cat-childrens-jewellery","8":"product_cat-22ct-gold-jewellery","9":"product_cat-jewellery-under-550","10":"product_cat-kids-bracelet-kada","11":"product_cat-kids-jewellery","12":"product_cat-yellow-gold-jewellery","13":"product_tag-children","15":"first","16":"instock","17":"taxable","18":"shipping-taxable","19":"purchasable","20":"product-type-simple","21":"add-to-wishlist-before_image"},"yoast_head":"<!-- This site is optimized with the Yoast SEO plugin v27.3 - https:\/\/yoast.com\/product\/yoast-seo-wordpress\/ -->\n<title>22ct Yellow Gold Nazaria for New Born Baby | PureJewels UK<\/title>\n<meta name=\"description\" content=\"Welcome a new life with love. Buy a 22ct Yellow Gold Nazaria for your newborn, a cherished symbol of blessings. Free delivery across UK.\" \/>\n<meta name=\"robots\" content=\"index, follow, max-snippet:-1, max-image-preview:large, max-video-preview:-1\" \/>\n<link rel=\"canonical\" href=\"https:\/\/www.purejewels.com\/tr\/urun\/22-ayar-altin-bebek-bilekligi-uk\/\" \/>\n<meta property=\"og:locale\" content=\"tr_TR\" \/>\n<meta property=\"og:type\" content=\"article\" \/>\n<meta property=\"og:title\" content=\"22ct Yellow Gold Nazaria for New Born Baby | PureJewels UK\" \/>\n<meta property=\"og:description\" content=\"Welcome a new life with love. Buy a 22ct Yellow Gold Nazaria for your newborn, a cherished symbol of blessings. Free delivery across UK.\" \/>\n<meta property=\"og:url\" content=\"https:\/\/www.purejewels.com\/tr\/urun\/22-ayar-altin-bebek-bilekligi-uk\/\" \/>\n<meta property=\"og:site_name\" content=\"PureJewels UK\" \/>\n<meta property=\"article:modified_time\" content=\"2026-03-26T07:27:08+00:00\" \/>\n<meta property=\"og:image\" content=\"https:\/\/static.purejewels.com\/wp-content\/uploads\/2021\/10\/48426.png\" \/>\n\t<meta property=\"og:image:width\" content=\"1000\" \/>\n\t<meta property=\"og:image:height\" content=\"1000\" \/>\n\t<meta property=\"og:image:type\" content=\"image\/png\" \/>\n<meta name=\"twitter:card\" content=\"summary_large_image\" \/>\n<meta name=\"twitter:label1\" content=\"Tahmini okuma s\u00fcresi\" \/>\n\t<meta name=\"twitter:data1\" content=\"2 dakika\" \/>\n<script type=\"application\/ld+json\" class=\"yoast-schema-graph\">{\"@context\":\"https:\\\/\\\/schema.org\",\"@graph\":[{\"@type\":[\"WebPage\",\"ItemPage\"],\"@id\":\"https:\\\/\\\/www.purejewels.com\\\/product\\\/22ct-gold-baby-bracelet-uk\\\/\",\"url\":\"https:\\\/\\\/www.purejewels.com\\\/product\\\/22ct-gold-baby-bracelet-uk\\\/\",\"name\":\"22ct Yellow Gold Nazaria for New Born Baby | PureJewels UK\",\"isPartOf\":{\"@id\":\"https:\\\/\\\/www.purejewels.com\\\/#website\"},\"primaryImageOfPage\":{\"@id\":\"https:\\\/\\\/www.purejewels.com\\\/product\\\/22ct-gold-baby-bracelet-uk\\\/#primaryimage\"},\"image\":{\"@id\":\"https:\\\/\\\/www.purejewels.com\\\/product\\\/22ct-gold-baby-bracelet-uk\\\/#primaryimage\"},\"thumbnailUrl\":\"https:\\\/\\\/static.purejewels.com\\\/wp-content\\\/uploads\\\/2021\\\/10\\\/48426.png\",\"datePublished\":\"2021-10-01T06:56:07+00:00\",\"dateModified\":\"2026-03-26T07:27:08+00:00\",\"description\":\"Welcome a new life with love. Buy a 22ct Yellow Gold Nazaria for your newborn, a cherished symbol of blessings. Free delivery across UK.\",\"breadcrumb\":{\"@id\":\"https:\\\/\\\/www.purejewels.com\\\/product\\\/22ct-gold-baby-bracelet-uk\\\/#breadcrumb\"},\"inLanguage\":\"tr\",\"potentialAction\":[{\"@type\":\"ReadAction\",\"target\":[\"https:\\\/\\\/www.purejewels.com\\\/product\\\/22ct-gold-baby-bracelet-uk\\\/\"]}]},{\"@type\":\"ImageObject\",\"inLanguage\":\"tr\",\"@id\":\"https:\\\/\\\/www.purejewels.com\\\/product\\\/22ct-gold-baby-bracelet-uk\\\/#primaryimage\",\"url\":\"https:\\\/\\\/static.purejewels.com\\\/wp-content\\\/uploads\\\/2021\\\/10\\\/48426.png\",\"contentUrl\":\"https:\\\/\\\/static.purejewels.com\\\/wp-content\\\/uploads\\\/2021\\\/10\\\/48426.png\",\"width\":1000,\"height\":1000,\"caption\":\"22ct Gold Baby Bracelet\"},{\"@type\":\"BreadcrumbList\",\"@id\":\"https:\\\/\\\/www.purejewels.com\\\/product\\\/22ct-gold-baby-bracelet-uk\\\/#breadcrumb\",\"itemListElement\":[{\"@type\":\"ListItem\",\"position\":1,\"name\":\"Home\",\"item\":\"https:\\\/\\\/www.purejewels.com\\\/\"},{\"@type\":\"ListItem\",\"position\":2,\"name\":\"Shop\",\"item\":\"https:\\\/\\\/www.purejewels.com\\\/shop\\\/\"},{\"@type\":\"ListItem\",\"position\":3,\"name\":\"22ct Gold Baby Bracelet UK | 5 inches\"}]},{\"@type\":\"WebSite\",\"@id\":\"https:\\\/\\\/www.purejewels.com\\\/#website\",\"url\":\"https:\\\/\\\/www.purejewels.com\\\/\",\"name\":\"PureJewels UK\",\"description\":\"Share the Love\",\"publisher\":{\"@id\":\"https:\\\/\\\/www.purejewels.com\\\/#organization\"},\"potentialAction\":[{\"@type\":\"SearchAction\",\"target\":{\"@type\":\"EntryPoint\",\"urlTemplate\":\"https:\\\/\\\/www.purejewels.com\\\/?s={search_term_string}\"},\"query-input\":{\"@type\":\"PropertyValueSpecification\",\"valueRequired\":true,\"valueName\":\"search_term_string\"}}],\"inLanguage\":\"tr\"},{\"@type\":\"Organization\",\"@id\":\"https:\\\/\\\/www.purejewels.com\\\/#organization\",\"name\":\"PureJewels UK\",\"url\":\"https:\\\/\\\/www.purejewels.com\\\/\",\"logo\":{\"@type\":\"ImageObject\",\"inLanguage\":\"tr\",\"@id\":\"https:\\\/\\\/www.purejewels.com\\\/#\\\/schema\\\/logo\\\/image\\\/\",\"url\":\"https:\\\/\\\/static.purejewels.com\\\/wp-content\\\/uploads\\\/2020\\\/11\\\/Logo-PJ-New-1.png\",\"contentUrl\":\"https:\\\/\\\/static.purejewels.com\\\/wp-content\\\/uploads\\\/2020\\\/11\\\/Logo-PJ-New-1.png\",\"width\":150,\"height\":80,\"caption\":\"PureJewels UK\"},\"image\":{\"@id\":\"https:\\\/\\\/www.purejewels.com\\\/#\\\/schema\\\/logo\\\/image\\\/\"}}]}<\/script>\n<!-- \/ Yoast SEO plugin. -->","yoast_head_json":{"title":"Yeni Do\u011fan Bebek i\u00e7in 22 Ayar Sar\u0131 Alt\u0131n Nazaria | PureJewels UK","description":"Yeni bir hayata sevgiyle ho\u015f geldin deyin. Yeni do\u011fan bebe\u011finiz i\u00e7in bereketin sembol\u00fc olan 22 Ayar Sar\u0131 Alt\u0131n Nazaria sat\u0131n al\u0131n. \u0130ngiltere genelinde \u00fccretsiz teslimat.","robots":{"index":"index","follow":"follow","max-snippet":"max-snippet:-1","max-image-preview":"max-image-preview:large","max-video-preview":"max-video-preview:-1"},"canonical":"https:\/\/www.purejewels.com\/tr\/urun\/22-ayar-altin-bebek-bilekligi-uk\/","og_locale":"tr_TR","og_type":"article","og_title":"22ct Yellow Gold Nazaria for New Born Baby | PureJewels UK","og_description":"Welcome a new life with love. Buy a 22ct Yellow Gold Nazaria for your newborn, a cherished symbol of blessings. Free delivery across UK.","og_url":"https:\/\/www.purejewels.com\/tr\/urun\/22-ayar-altin-bebek-bilekligi-uk\/","og_site_name":"PureJewels UK","article_modified_time":"2026-03-26T07:27:08+00:00","og_image":[{"width":1000,"height":1000,"url":"https:\/\/static.purejewels.com\/wp-content\/uploads\/2021\/10\/48426.png","type":"image\/png"}],"twitter_card":"summary_large_image","twitter_misc":{"Tahmini okuma s\u00fcresi":"2 dakika"},"schema":{"@context":"https:\/\/schema.org","@graph":[{"@type":["WebPage","ItemPage"],"@id":"https:\/\/www.purejewels.com\/product\/22ct-gold-baby-bracelet-uk\/","url":"https:\/\/www.purejewels.com\/product\/22ct-gold-baby-bracelet-uk\/","name":"Yeni Do\u011fan Bebek i\u00e7in 22 Ayar Sar\u0131 Alt\u0131n Nazaria | PureJewels UK","isPartOf":{"@id":"https:\/\/www.purejewels.com\/#website"},"primaryImageOfPage":{"@id":"https:\/\/www.purejewels.com\/product\/22ct-gold-baby-bracelet-uk\/#primaryimage"},"image":{"@id":"https:\/\/www.purejewels.com\/product\/22ct-gold-baby-bracelet-uk\/#primaryimage"},"thumbnailUrl":"https:\/\/static.purejewels.com\/wp-content\/uploads\/2021\/10\/48426.png","datePublished":"2021-10-01T06:56:07+00:00","dateModified":"2026-03-26T07:27:08+00:00","description":"Yeni bir hayata sevgiyle ho\u015f geldin deyin. Yeni do\u011fan bebe\u011finiz i\u00e7in bereketin sembol\u00fc olan 22 Ayar Sar\u0131 Alt\u0131n Nazaria sat\u0131n al\u0131n. \u0130ngiltere genelinde \u00fccretsiz teslimat.","breadcrumb":{"@id":"https:\/\/www.purejewels.com\/product\/22ct-gold-baby-bracelet-uk\/#breadcrumb"},"inLanguage":"tr","potentialAction":[{"@type":"ReadAction","target":["https:\/\/www.purejewels.com\/product\/22ct-gold-baby-bracelet-uk\/"]}]},{"@type":"ImageObject","inLanguage":"tr","@id":"https:\/\/www.purejewels.com\/product\/22ct-gold-baby-bracelet-uk\/#primaryimage","url":"https:\/\/static.purejewels.com\/wp-content\/uploads\/2021\/10\/48426.png","contentUrl":"https:\/\/static.purejewels.com\/wp-content\/uploads\/2021\/10\/48426.png","width":1000,"height":1000,"caption":"22ct Gold Baby Bracelet"},{"@type":"BreadcrumbList","@id":"https:\/\/www.purejewels.com\/product\/22ct-gold-baby-bracelet-uk\/#breadcrumb","itemListElement":[{"@type":"ListItem","position":1,"name":"Home","item":"https:\/\/www.purejewels.com\/"},{"@type":"ListItem","position":2,"name":"Shop","item":"https:\/\/www.purejewels.com\/shop\/"},{"@type":"ListItem","position":3,"name":"22ct Gold Baby Bracelet UK | 5 inches"}]},{"@type":"WebSite","@id":"https:\/\/www.purejewels.com\/#website","url":"https:\/\/www.purejewels.com\/","name":"PureJewels \u0130ngiltere","description":"Sevgiyi Payla\u015f\u0131n","publisher":{"@id":"https:\/\/www.purejewels.com\/#organization"},"potentialAction":[{"@type":"SearchAction","target":{"@type":"EntryPoint","urlTemplate":"https:\/\/www.purejewels.com\/?s={search_term_string}"},"query-input":{"@type":"PropertyValueSpecification","valueRequired":true,"valueName":"search_term_string"}}],"inLanguage":"tr"},{"@type":"Organization","@id":"https:\/\/www.purejewels.com\/#organization","name":"PureJewels \u0130ngiltere","url":"https:\/\/www.purejewels.com\/","logo":{"@type":"ImageObject","inLanguage":"tr","@id":"https:\/\/www.purejewels.com\/#\/schema\/logo\/image\/","url":"https:\/\/static.purejewels.com\/wp-content\/uploads\/2020\/11\/Logo-PJ-New-1.png","contentUrl":"https:\/\/static.purejewels.com\/wp-content\/uploads\/2020\/11\/Logo-PJ-New-1.png","width":150,"height":80,"caption":"PureJewels UK"},"image":{"@id":"https:\/\/www.purejewels.com\/#\/schema\/logo\/image\/"}}]}},"_links":{"self":[{"href":"https:\/\/www.purejewels.com\/tr\/wp-json\/wp\/v2\/product\/327296","targetHints":{"allow":["GET"]}}],"collection":[{"href":"https:\/\/www.purejewels.com\/tr\/wp-json\/wp\/v2\/product"}],"about":[{"href":"https:\/\/www.purejewels.com\/tr\/wp-json\/wp\/v2\/types\/product"}],"replies":[{"embeddable":true,"href":"https:\/\/www.purejewels.com\/tr\/wp-json\/wp\/v2\/comments?post=327296"}],"version-history":[{"count":3,"href":"https:\/\/www.purejewels.com\/tr\/wp-json\/wp\/v2\/product\/327296\/revisions"}],"predecessor-version":[{"id":386016,"href":"https:\/\/www.purejewels.com\/tr\/wp-json\/wp\/v2\/product\/327296\/revisions\/386016"}],"wp:featuredmedia":[{"embeddable":true,"href":"https:\/\/www.purejewels.com\/tr\/wp-json\/wp\/v2\/media\/385224"}],"wp:attachment":[{"href":"https:\/\/www.purejewels.com\/tr\/wp-json\/wp\/v2\/media?parent=327296"}],"wp:term":[{"taxonomy":"product_brand","embeddable":true,"href":"https:\/\/www.purejewels.com\/tr\/wp-json\/wp\/v2\/product_brand?post=327296"},{"taxonomy":"product_cat","embeddable":true,"href":"https:\/\/www.purejewels.com\/tr\/wp-json\/wp\/v2\/product_cat?post=327296"},{"taxonomy":"product_tag","embeddable":true,"href":"https:\/\/www.purejewels.com\/tr\/wp-json\/wp\/v2\/product_tag?post=327296"}],"curies":[{"name":"wp","href":"https:\/\/api.w.org\/{rel}","templated":true}]}}