{"id":327406,"date":"2021-10-08T08:18:21","date_gmt":"2021-10-08T07:18:21","guid":{"rendered":"https:\/\/www.purejewels.com\/?post_type=product&#038;p=327406"},"modified":"2026-01-06T08:08:59","modified_gmt":"2026-01-06T08:08:59","slug":"22-ayar-altin-telkari-kolye-26598","status":"publish","type":"product","link":"https:\/\/www.purejewels.com\/tr\/product\/22ct-gold-filigree-pendant-26598\/","title":{"rendered":"22 ayar alt\u0131n soyut yaprak kolye ucu"},"content":{"rendered":"<p><strong>Tasar\u0131m:<\/strong><\/p>\n<p>Bu kolye ucu, bir taraf\u0131nda ak\u0131c\u0131, organik bir desenle d\u00fczenlenmi\u015f, g\u00f6rsel olarak \u00e7arp\u0131c\u0131 bir soyut yaprak formu sunar. Di\u011fer taraf\u0131nda ise asimetrik tasar\u0131ma boyut ve denge katan, telkari esintili dalgalar yer al\u0131r. Dokulu bir damla sark\u0131t, kolye ucunun zarif formunu tamamlar.<\/p>\n<p><strong>\u0130\u015f\u00e7ilik:<\/strong><\/p>\n<p>22 ayar sar\u0131 alt\u0131ndan ustal\u0131kla i\u015flenmi\u015f kolye ucu, se\u00e7kin yaprak unsurlar\u0131nda rodyum kaplama detaylarla zenginle\u015ftirilerek \u00e7a\u011fda\u015f bir \u00e7ift tonlu etki yarat\u0131yor. Y\u00fczey, derinlik ve \u0131\u015f\u0131k yans\u0131malar\u0131n\u0131 art\u0131rmak i\u00e7in cilal\u0131 ve dokulu y\u00fczeyleri bir araya getiriyor.<\/p>\n<p><strong>Stil:<\/strong><\/p>\n<p>\u00c7ok y\u00f6nl\u00fc ve dikkat \u00e7ekici olan bu alt\u0131n kolye, g\u00fcnl\u00fck kullan\u0131m i\u00e7in ince bir zincirle veya \u00f6zel g\u00fcnler i\u00e7in \u015f\u0131k k\u0131yafetlerle kombinlenebilir. Modern sanatsal tasar\u0131m\u0131 ve geleneksel alt\u0131n tonlar\u0131, onu her m\u00fccevher koleksiyonuna \u00e7arp\u0131c\u0131 bir ek yapar.<\/p>","protected":false},"excerpt":{"rendered":"<p>Geleneksel formu modern incelikle harmanlayan, kaskat\u0131 soyut yaprak motifli ve rodyum kaplamal\u0131 22 ayar alt\u0131n kolye ucu.<\/p>\n<ul>\n<li>22ct Detayl\u0131 Telkari Kolye<\/li>\n<li>3,2 gms<\/li>\n<li>SKU 26598<\/li>\n<li>Zincir dahil de\u011fildir.<\/li>\n<li>T\u00fcm \u00fcr\u00fcnlerimizi g\u00f6r\u00fcnt\u00fcleyin\u00a0<strong>Alt\u0131n Kutu Zincirler<\/strong><\/li>\n<li>T\u00fcm fiyatlara KDV dahildir<\/li>\n<li>London Assay Office taraf\u0131ndan damgalanm\u0131\u015f alt\u0131n<\/li>\n<li>T\u00fcm Setler Sunum Kutusu ile Birlikte Gelir<\/li>\n<li>Teslimat Dahil<\/li>\n<li>Bu \u00dcr\u00fcn\u00fcn Daha Fazla Resim ve Videosu \u0130\u00e7in Whatsapp'tan Bizimle Canl\u0131 Sohbet Edin<\/li>\n<\/ul>","protected":false},"featured_media":314381,"comment_status":"closed","ping_status":"closed","template":"","meta":{"_eb_attr":"","_crsspst_to_jayantr4sg-hostcom":false},"product_brand":[],"product_cat":[1791,1559,1794,1793,1770,1255,5344,1767,1569,1573,1574],"product_tag":[],"class_list":{"0":"post-327406","1":"product","2":"type-product","3":"status-publish","4":"has-post-thumbnail","6":"product_cat-anniversary-gifts","7":"product_cat-birthday-gifts","8":"product_cat-christmas-gifts","9":"product_cat-diwali-gifts","10":"product_cat-fancy-pendants","11":"product_cat-gold-pendants","12":"product_cat-jewellery-under-750","13":"product_cat-ladies-pendants","14":"product_cat-valentine-day-gifts","15":"product_cat-wedding-gifts","16":"product_cat-womens-jewellery","18":"first","19":"outofstock","20":"sale","21":"taxable","22":"shipping-taxable","23":"product-type-simple","24":"add-to-wishlist-before_image"},"yoast_head":"<!-- This site is optimized with the Yoast SEO plugin v27.3 - https:\/\/yoast.com\/product\/yoast-seo-wordpress\/ -->\n<title>22ct Gold Pendant with Leaf Design | PureJewels UK<\/title>\n<meta name=\"description\" content=\"Discover a 22ct gold pendant with abstract leaf design and rhodium detailing. A refined choice from PureJewels UK for timeless elegance.\" \/>\n<meta name=\"robots\" content=\"index, follow, max-snippet:-1, max-image-preview:large, max-video-preview:-1\" \/>\n<link rel=\"canonical\" href=\"https:\/\/www.purejewels.com\/tr\/urun\/22-ayar-altin-telkari-kolye-26598\/\" \/>\n<meta property=\"og:locale\" content=\"tr_TR\" \/>\n<meta property=\"og:type\" content=\"article\" \/>\n<meta property=\"og:title\" content=\"22ct Gold Pendant with Leaf Design | PureJewels UK\" \/>\n<meta property=\"og:description\" content=\"Discover a 22ct gold pendant with abstract leaf design and rhodium detailing. A refined choice from PureJewels UK for timeless elegance.\" \/>\n<meta property=\"og:url\" content=\"https:\/\/www.purejewels.com\/tr\/urun\/22-ayar-altin-telkari-kolye-26598\/\" \/>\n<meta property=\"og:site_name\" content=\"PureJewels UK\" \/>\n<meta property=\"article:modified_time\" content=\"2026-01-06T08:08:59+00:00\" \/>\n<meta property=\"og:image\" content=\"https:\/\/static.purejewels.com\/wp-content\/uploads\/2020\/05\/136795102.png\" \/>\n\t<meta property=\"og:image:width\" content=\"1000\" \/>\n\t<meta property=\"og:image:height\" content=\"1000\" \/>\n\t<meta property=\"og:image:type\" content=\"image\/png\" \/>\n<meta name=\"twitter:card\" content=\"summary_large_image\" \/>\n<meta name=\"twitter:label1\" content=\"Tahmini okuma s\u00fcresi\" \/>\n\t<meta name=\"twitter:data1\" content=\"1 dakika\" \/>\n<script type=\"application\/ld+json\" class=\"yoast-schema-graph\">{\"@context\":\"https:\\\/\\\/schema.org\",\"@graph\":[{\"@type\":[\"WebPage\",\"ItemPage\"],\"@id\":\"https:\\\/\\\/www.purejewels.com\\\/product\\\/22ct-gold-filigree-pendant-26598\\\/\",\"url\":\"https:\\\/\\\/www.purejewels.com\\\/product\\\/22ct-gold-filigree-pendant-26598\\\/\",\"name\":\"22ct Gold Pendant with Leaf Design | PureJewels UK\",\"isPartOf\":{\"@id\":\"https:\\\/\\\/www.purejewels.com\\\/#website\"},\"primaryImageOfPage\":{\"@id\":\"https:\\\/\\\/www.purejewels.com\\\/product\\\/22ct-gold-filigree-pendant-26598\\\/#primaryimage\"},\"image\":{\"@id\":\"https:\\\/\\\/www.purejewels.com\\\/product\\\/22ct-gold-filigree-pendant-26598\\\/#primaryimage\"},\"thumbnailUrl\":\"https:\\\/\\\/static.purejewels.com\\\/wp-content\\\/uploads\\\/2020\\\/05\\\/136795102.png\",\"datePublished\":\"2021-10-08T07:18:21+00:00\",\"dateModified\":\"2026-01-06T08:08:59+00:00\",\"description\":\"Discover a 22ct gold pendant with abstract leaf design and rhodium detailing. A refined choice from PureJewels UK for timeless elegance.\",\"breadcrumb\":{\"@id\":\"https:\\\/\\\/www.purejewels.com\\\/product\\\/22ct-gold-filigree-pendant-26598\\\/#breadcrumb\"},\"inLanguage\":\"tr\",\"potentialAction\":[{\"@type\":\"ReadAction\",\"target\":[\"https:\\\/\\\/www.purejewels.com\\\/product\\\/22ct-gold-filigree-pendant-26598\\\/\"]}]},{\"@type\":\"ImageObject\",\"inLanguage\":\"tr\",\"@id\":\"https:\\\/\\\/www.purejewels.com\\\/product\\\/22ct-gold-filigree-pendant-26598\\\/#primaryimage\",\"url\":\"https:\\\/\\\/static.purejewels.com\\\/wp-content\\\/uploads\\\/2020\\\/05\\\/136795102.png\",\"contentUrl\":\"https:\\\/\\\/static.purejewels.com\\\/wp-content\\\/uploads\\\/2020\\\/05\\\/136795102.png\",\"width\":1000,\"height\":1000,\"caption\":\"22ct Detailed Filigree Pendant3.1gChain not included.All prices include VATGold\u00a0Hallmarked by London Assay OfficeAll Sets Comes With Presentation BoxDelivery IncludedLive chat with us on Whatsapp For More Images and Video of This Product\"},{\"@type\":\"BreadcrumbList\",\"@id\":\"https:\\\/\\\/www.purejewels.com\\\/product\\\/22ct-gold-filigree-pendant-26598\\\/#breadcrumb\",\"itemListElement\":[{\"@type\":\"ListItem\",\"position\":1,\"name\":\"Home\",\"item\":\"https:\\\/\\\/www.purejewels.com\\\/\"},{\"@type\":\"ListItem\",\"position\":2,\"name\":\"Shop\",\"item\":\"https:\\\/\\\/www.purejewels.com\\\/shop\\\/\"},{\"@type\":\"ListItem\",\"position\":3,\"name\":\"22ct Gold Abstract Leaf Pendant\"}]},{\"@type\":\"WebSite\",\"@id\":\"https:\\\/\\\/www.purejewels.com\\\/#website\",\"url\":\"https:\\\/\\\/www.purejewels.com\\\/\",\"name\":\"PureJewels UK\",\"description\":\"Share the Love\",\"publisher\":{\"@id\":\"https:\\\/\\\/www.purejewels.com\\\/#organization\"},\"potentialAction\":[{\"@type\":\"SearchAction\",\"target\":{\"@type\":\"EntryPoint\",\"urlTemplate\":\"https:\\\/\\\/www.purejewels.com\\\/?s={search_term_string}\"},\"query-input\":{\"@type\":\"PropertyValueSpecification\",\"valueRequired\":true,\"valueName\":\"search_term_string\"}}],\"inLanguage\":\"tr\"},{\"@type\":\"Organization\",\"@id\":\"https:\\\/\\\/www.purejewels.com\\\/#organization\",\"name\":\"PureJewels UK\",\"url\":\"https:\\\/\\\/www.purejewels.com\\\/\",\"logo\":{\"@type\":\"ImageObject\",\"inLanguage\":\"tr\",\"@id\":\"https:\\\/\\\/www.purejewels.com\\\/#\\\/schema\\\/logo\\\/image\\\/\",\"url\":\"https:\\\/\\\/static.purejewels.com\\\/wp-content\\\/uploads\\\/2020\\\/11\\\/Logo-PJ-New-1.png\",\"contentUrl\":\"https:\\\/\\\/static.purejewels.com\\\/wp-content\\\/uploads\\\/2020\\\/11\\\/Logo-PJ-New-1.png\",\"width\":150,\"height\":80,\"caption\":\"PureJewels UK\"},\"image\":{\"@id\":\"https:\\\/\\\/www.purejewels.com\\\/#\\\/schema\\\/logo\\\/image\\\/\"}}]}<\/script>\n<!-- \/ Yoast SEO plugin. -->","yoast_head_json":{"title":"Yaprak Desenli 22 Ayar Alt\u0131n Kolye | PureJewels UK","description":"Soyut yaprak desenli ve rodyum detayl\u0131 22 ayar alt\u0131n kolyeyi ke\u015ffedin. PureJewels UK'den zamans\u0131z zarafet i\u00e7in zarif bir se\u00e7im.","robots":{"index":"index","follow":"follow","max-snippet":"max-snippet:-1","max-image-preview":"max-image-preview:large","max-video-preview":"max-video-preview:-1"},"canonical":"https:\/\/www.purejewels.com\/tr\/urun\/22-ayar-altin-telkari-kolye-26598\/","og_locale":"tr_TR","og_type":"article","og_title":"22ct Gold Pendant with Leaf Design | PureJewels UK","og_description":"Discover a 22ct gold pendant with abstract leaf design and rhodium detailing. A refined choice from PureJewels UK for timeless elegance.","og_url":"https:\/\/www.purejewels.com\/tr\/urun\/22-ayar-altin-telkari-kolye-26598\/","og_site_name":"PureJewels UK","article_modified_time":"2026-01-06T08:08:59+00:00","og_image":[{"width":1000,"height":1000,"url":"https:\/\/static.purejewels.com\/wp-content\/uploads\/2020\/05\/136795102.png","type":"image\/png"}],"twitter_card":"summary_large_image","twitter_misc":{"Tahmini okuma s\u00fcresi":"1 dakika"},"schema":{"@context":"https:\/\/schema.org","@graph":[{"@type":["WebPage","ItemPage"],"@id":"https:\/\/www.purejewels.com\/product\/22ct-gold-filigree-pendant-26598\/","url":"https:\/\/www.purejewels.com\/product\/22ct-gold-filigree-pendant-26598\/","name":"Yaprak Desenli 22 Ayar Alt\u0131n Kolye | PureJewels UK","isPartOf":{"@id":"https:\/\/www.purejewels.com\/#website"},"primaryImageOfPage":{"@id":"https:\/\/www.purejewels.com\/product\/22ct-gold-filigree-pendant-26598\/#primaryimage"},"image":{"@id":"https:\/\/www.purejewels.com\/product\/22ct-gold-filigree-pendant-26598\/#primaryimage"},"thumbnailUrl":"https:\/\/static.purejewels.com\/wp-content\/uploads\/2020\/05\/136795102.png","datePublished":"2021-10-08T07:18:21+00:00","dateModified":"2026-01-06T08:08:59+00:00","description":"Soyut yaprak desenli ve rodyum detayl\u0131 22 ayar alt\u0131n kolyeyi ke\u015ffedin. PureJewels UK'den zamans\u0131z zarafet i\u00e7in zarif bir se\u00e7im.","breadcrumb":{"@id":"https:\/\/www.purejewels.com\/product\/22ct-gold-filigree-pendant-26598\/#breadcrumb"},"inLanguage":"tr","potentialAction":[{"@type":"ReadAction","target":["https:\/\/www.purejewels.com\/product\/22ct-gold-filigree-pendant-26598\/"]}]},{"@type":"ImageObject","inLanguage":"tr","@id":"https:\/\/www.purejewels.com\/product\/22ct-gold-filigree-pendant-26598\/#primaryimage","url":"https:\/\/static.purejewels.com\/wp-content\/uploads\/2020\/05\/136795102.png","contentUrl":"https:\/\/static.purejewels.com\/wp-content\/uploads\/2020\/05\/136795102.png","width":1000,"height":1000,"caption":"22ct Detailed Filigree Pendant3.1gChain not included.All prices include VATGold\u00a0Hallmarked by London Assay OfficeAll Sets Comes With Presentation BoxDelivery IncludedLive chat with us on Whatsapp For More Images and Video of This Product"},{"@type":"BreadcrumbList","@id":"https:\/\/www.purejewels.com\/product\/22ct-gold-filigree-pendant-26598\/#breadcrumb","itemListElement":[{"@type":"ListItem","position":1,"name":"Home","item":"https:\/\/www.purejewels.com\/"},{"@type":"ListItem","position":2,"name":"Shop","item":"https:\/\/www.purejewels.com\/shop\/"},{"@type":"ListItem","position":3,"name":"22ct Gold Abstract Leaf Pendant"}]},{"@type":"WebSite","@id":"https:\/\/www.purejewels.com\/#website","url":"https:\/\/www.purejewels.com\/","name":"PureJewels \u0130ngiltere","description":"Sevgiyi Payla\u015f\u0131n","publisher":{"@id":"https:\/\/www.purejewels.com\/#organization"},"potentialAction":[{"@type":"SearchAction","target":{"@type":"EntryPoint","urlTemplate":"https:\/\/www.purejewels.com\/?s={search_term_string}"},"query-input":{"@type":"PropertyValueSpecification","valueRequired":true,"valueName":"search_term_string"}}],"inLanguage":"tr"},{"@type":"Organization","@id":"https:\/\/www.purejewels.com\/#organization","name":"PureJewels \u0130ngiltere","url":"https:\/\/www.purejewels.com\/","logo":{"@type":"ImageObject","inLanguage":"tr","@id":"https:\/\/www.purejewels.com\/#\/schema\/logo\/image\/","url":"https:\/\/static.purejewels.com\/wp-content\/uploads\/2020\/11\/Logo-PJ-New-1.png","contentUrl":"https:\/\/static.purejewels.com\/wp-content\/uploads\/2020\/11\/Logo-PJ-New-1.png","width":150,"height":80,"caption":"PureJewels UK"},"image":{"@id":"https:\/\/www.purejewels.com\/#\/schema\/logo\/image\/"}}]}},"_links":{"self":[{"href":"https:\/\/www.purejewels.com\/tr\/wp-json\/wp\/v2\/product\/327406","targetHints":{"allow":["GET"]}}],"collection":[{"href":"https:\/\/www.purejewels.com\/tr\/wp-json\/wp\/v2\/product"}],"about":[{"href":"https:\/\/www.purejewels.com\/tr\/wp-json\/wp\/v2\/types\/product"}],"replies":[{"embeddable":true,"href":"https:\/\/www.purejewels.com\/tr\/wp-json\/wp\/v2\/comments?post=327406"}],"version-history":[{"count":2,"href":"https:\/\/www.purejewels.com\/tr\/wp-json\/wp\/v2\/product\/327406\/revisions"}],"predecessor-version":[{"id":423861,"href":"https:\/\/www.purejewels.com\/tr\/wp-json\/wp\/v2\/product\/327406\/revisions\/423861"}],"wp:featuredmedia":[{"embeddable":true,"href":"https:\/\/www.purejewels.com\/tr\/wp-json\/wp\/v2\/media\/314381"}],"wp:attachment":[{"href":"https:\/\/www.purejewels.com\/tr\/wp-json\/wp\/v2\/media?parent=327406"}],"wp:term":[{"taxonomy":"product_brand","embeddable":true,"href":"https:\/\/www.purejewels.com\/tr\/wp-json\/wp\/v2\/product_brand?post=327406"},{"taxonomy":"product_cat","embeddable":true,"href":"https:\/\/www.purejewels.com\/tr\/wp-json\/wp\/v2\/product_cat?post=327406"},{"taxonomy":"product_tag","embeddable":true,"href":"https:\/\/www.purejewels.com\/tr\/wp-json\/wp\/v2\/product_tag?post=327406"}],"curies":[{"name":"wp","href":"https:\/\/api.w.org\/{rel}","templated":true}]}}