{"id":327422,"date":"2021-10-11T05:08:38","date_gmt":"2021-10-11T04:08:38","guid":{"rendered":"https:\/\/www.purejewels.com\/?post_type=product&#038;p=327422"},"modified":"2025-11-05T09:44:15","modified_gmt":"2025-11-05T09:44:15","slug":"kadinlar-icin-altin-yuzuk-yuzuk-olcusu-o","status":"publish","type":"product","link":"https:\/\/www.purejewels.com\/tr\/product\/gold-ring-for-women-ring-size-o\/","title":{"rendered":"Kad\u0131nlar i\u00e7in Alt\u0131n Y\u00fcz\u00fck Y\u00fcz\u00fck \u00d6l\u00e7\u00fcs\u00fc O"},"content":{"rendered":"<p>Kad\u0131nlara y\u00f6nelik bu \u00e7arp\u0131c\u0131 22 ayar alt\u0131n ni\u015fan y\u00fcz\u00fc\u011f\u00fc, a\u015fk\u0131n\u0131z\u0131 ve ba\u011fl\u0131l\u0131\u011f\u0131n\u0131z\u0131 kutlamak i\u00e7in m\u00fckemmel bir se\u00e7imdir. I\u015f\u0131lt\u0131l\u0131 bir k\u00fcbik zirkon ta\u015fla s\u00fcslenmi\u015f bu y\u00fcz\u00fck 1,5 gram a\u011f\u0131rl\u0131\u011f\u0131ndad\u0131r ve O y\u00fcz\u00fck \u00f6l\u00e7\u00fcs\u00fcnde mevcuttur. Ayr\u0131ca parma\u011f\u0131n\u0131za m\u00fckemmel bir \u015fekilde uyacak \u015fekilde \u00f6zelle\u015ftirilebilir, rahat ve zarif bir uyum sa\u011flar.<\/p>\n<p>\u00dcr\u00fcnlerimizin her biri, kullan\u0131lan alt\u0131n\u0131n kalitesini ve orijinalli\u011fini garanti eden prestijli Londra Assay Ofisi taraf\u0131ndan damgalanm\u0131\u015ft\u0131r. Y\u00fcz\u00fc\u011f\u00fcn\u00fcz bir hediye kutusunda g\u00fczel bir \u015fekilde sunulacak ve \u00f6zel bir g\u00fcn i\u00e7in veya sevdiklerinize hediye olarak ideal bir se\u00e7im olacakt\u0131r.<\/p>\n<p>Alt\u0131n y\u00fcz\u00fck koleksiyonumuz her zevke uygun \u00e7e\u015fitli stil ve tasar\u0131mlar sunuyor. \u0130ster geleneksel bir ni\u015fan y\u00fcz\u00fc\u011f\u00fc ister benzersiz bir Asya d\u00fc\u011f\u00fcn tak\u0131s\u0131 ar\u0131yor olun, herkes i\u00e7in bir \u015feyimiz var.<\/p>","protected":false},"excerpt":{"rendered":"<ul>\n<li>22ct\u00a0<span id=\"urn:enhancement-f69766c1\" class=\"textannotation\">Alt\u0131n<\/span>\u00a0Y\u00fcz\u00fck<\/li>\n<li>ile\u00a0<span id=\"urn:enhancement-ef0fa8f8\" class=\"textannotation\">K\u00fcbik zirkonya<\/span> ta\u015f<\/li>\n<li>A\u011f\u0131rl\u0131k 1,5 gms<\/li>\n<li>Y\u00fcz\u00fck \u00d6l\u00e7\u00fcs\u00fc. O<\/li>\n<li><span id=\"urn:enhancement-b80a25bb\" class=\"textannotation\">SKU<\/span>. 40682<\/li>\n<li>Olabilir\u00a0<span id=\"urn:enhancement-c1b7fb96\" class=\"textannotation\">sipari\u015f \u00fczerine<\/span>\u00a0parmak \u00f6l\u00e7\u00fcn\u00fcze g\u00f6re<\/li>\n<li>B\u00fct\u00fcn\u00a0<span id=\"urn:enhancement-48edcf47\" class=\"textannotation\">\u00fcr\u00fcnler<\/span>\u00a0Londra taraf\u0131ndan damgalanm\u0131\u015ft\u0131r\u00a0<span id=\"urn:enhancement-452a3ce\" class=\"textannotation\">Tahlil Ofisi<\/span><\/li>\n<li>Sunum ile Birlikte Gelir\u00a0<span id=\"urn:enhancement-ac5abee4\" class=\"textannotation\">Kutu<\/span><\/li>\n<li>Teslimat Dahil<\/li>\n<li>T\u00fcm fiyatlara KDV dahildir<\/li>\n<li>Alt\u0131n Y\u00fcz\u00fck Koleksiyonumuzu Ke\u015ffedin<\/li>\n<li>Benzer Asya d\u00fc\u011f\u00fcnlerini ke\u015ffetmek i\u00e7in bize ula\u015f\u0131n\u00a0<span id=\"urn:enhancement-1162a1de\" class=\"textannotation\">halkalar<\/span><\/li>\n<\/ul>","protected":false},"featured_media":319592,"comment_status":"closed","ping_status":"closed","template":"","meta":{"_eb_attr":"","_crsspst_to_jayantr4sg-hostcom":false},"product_brand":[],"product_cat":[1791,1559,1785,1235,1783,1574],"product_tag":[64],"class_list":{"0":"post-327422","1":"product","2":"type-product","3":"status-publish","4":"has-post-thumbnail","6":"product_cat-anniversary-gifts","7":"product_cat-birthday-gifts","8":"product_cat-daily-wear-rings","9":"product_cat-gold-rings","10":"product_cat-ladies-rings","11":"product_cat-womens-jewellery","12":"product_tag-rings","14":"first","15":"outofstock","16":"taxable","17":"shipping-taxable","18":"product-type-simple","19":"add-to-wishlist-before_image"},"yoast_head":"<!-- This site is optimized with the Yoast SEO plugin v27.3 - https:\/\/yoast.com\/product\/yoast-seo-wordpress\/ -->\n<title>Simple Gold Engagement Rings | Buy Gold Ring Online<\/title>\n<meta name=\"description\" content=\"Buy gold engagement rings for men and women at PureJewels UK. Discover the latest collection of gold and diamond rings online.\" \/>\n<meta name=\"robots\" content=\"index, follow, max-snippet:-1, max-image-preview:large, max-video-preview:-1\" \/>\n<link rel=\"canonical\" href=\"https:\/\/www.purejewels.com\/tr\/urun\/kadinlar-icin-altin-yuzuk-yuzuk-olcusu-o\/\" \/>\n<meta property=\"og:locale\" content=\"tr_TR\" \/>\n<meta property=\"og:type\" content=\"article\" \/>\n<meta property=\"og:title\" content=\"Simple Gold Engagement Rings | Buy Gold Ring Online\" \/>\n<meta property=\"og:description\" content=\"Buy gold engagement rings for men and women at PureJewels UK. Discover the latest collection of gold and diamond rings online.\" \/>\n<meta property=\"og:url\" content=\"https:\/\/www.purejewels.com\/tr\/urun\/kadinlar-icin-altin-yuzuk-yuzuk-olcusu-o\/\" \/>\n<meta property=\"og:site_name\" content=\"PureJewels UK\" \/>\n<meta property=\"article:modified_time\" content=\"2025-11-05T09:44:15+00:00\" \/>\n<meta property=\"og:image\" content=\"https:\/\/www.purejewels.com\/wp-content\/uploads\/2020\/12\/33546-01.jpg\" \/>\n\t<meta property=\"og:image:width\" content=\"1000\" \/>\n\t<meta property=\"og:image:height\" content=\"1000\" \/>\n\t<meta property=\"og:image:type\" content=\"image\/jpeg\" \/>\n<meta name=\"twitter:card\" content=\"summary_large_image\" \/>\n<meta name=\"twitter:label1\" content=\"Tahmini okuma s\u00fcresi\" \/>\n\t<meta name=\"twitter:data1\" content=\"1 dakika\" \/>\n<script type=\"application\/ld+json\" class=\"yoast-schema-graph\">{\"@context\":\"https:\\\/\\\/schema.org\",\"@graph\":[{\"@type\":[\"WebPage\",\"ItemPage\"],\"@id\":\"https:\\\/\\\/www.purejewels.com\\\/product\\\/gold-ring-for-women-ring-size-o\\\/\",\"url\":\"https:\\\/\\\/www.purejewels.com\\\/product\\\/gold-ring-for-women-ring-size-o\\\/\",\"name\":\"Simple Gold Engagement Rings | Buy Gold Ring Online\",\"isPartOf\":{\"@id\":\"https:\\\/\\\/www.purejewels.com\\\/#website\"},\"primaryImageOfPage\":{\"@id\":\"https:\\\/\\\/www.purejewels.com\\\/product\\\/gold-ring-for-women-ring-size-o\\\/#primaryimage\"},\"image\":{\"@id\":\"https:\\\/\\\/www.purejewels.com\\\/product\\\/gold-ring-for-women-ring-size-o\\\/#primaryimage\"},\"thumbnailUrl\":\"https:\\\/\\\/static.purejewels.com\\\/wp-content\\\/uploads\\\/2020\\\/12\\\/33546-01.jpg\",\"datePublished\":\"2021-10-11T04:08:38+00:00\",\"dateModified\":\"2025-11-05T09:44:15+00:00\",\"description\":\"Buy gold engagement rings for men and women at PureJewels UK. Discover the latest collection of gold and diamond rings online.\",\"breadcrumb\":{\"@id\":\"https:\\\/\\\/www.purejewels.com\\\/product\\\/gold-ring-for-women-ring-size-o\\\/#breadcrumb\"},\"inLanguage\":\"tr\",\"potentialAction\":[{\"@type\":\"ReadAction\",\"target\":[\"https:\\\/\\\/www.purejewels.com\\\/product\\\/gold-ring-for-women-ring-size-o\\\/\"]}]},{\"@type\":\"ImageObject\",\"inLanguage\":\"tr\",\"@id\":\"https:\\\/\\\/www.purejewels.com\\\/product\\\/gold-ring-for-women-ring-size-o\\\/#primaryimage\",\"url\":\"https:\\\/\\\/static.purejewels.com\\\/wp-content\\\/uploads\\\/2020\\\/12\\\/33546-01.jpg\",\"contentUrl\":\"https:\\\/\\\/static.purejewels.com\\\/wp-content\\\/uploads\\\/2020\\\/12\\\/33546-01.jpg\",\"width\":1000,\"height\":1000,\"caption\":\"22ct Gold Ring 33546-01\"},{\"@type\":\"BreadcrumbList\",\"@id\":\"https:\\\/\\\/www.purejewels.com\\\/product\\\/gold-ring-for-women-ring-size-o\\\/#breadcrumb\",\"itemListElement\":[{\"@type\":\"ListItem\",\"position\":1,\"name\":\"Home\",\"item\":\"https:\\\/\\\/www.purejewels.com\\\/\"},{\"@type\":\"ListItem\",\"position\":2,\"name\":\"Shop\",\"item\":\"https:\\\/\\\/www.purejewels.com\\\/shop\\\/\"},{\"@type\":\"ListItem\",\"position\":3,\"name\":\"Gold Ring for Women Ring Size O\"}]},{\"@type\":\"WebSite\",\"@id\":\"https:\\\/\\\/www.purejewels.com\\\/#website\",\"url\":\"https:\\\/\\\/www.purejewels.com\\\/\",\"name\":\"PureJewels UK\",\"description\":\"Share the Love\",\"publisher\":{\"@id\":\"https:\\\/\\\/www.purejewels.com\\\/#organization\"},\"potentialAction\":[{\"@type\":\"SearchAction\",\"target\":{\"@type\":\"EntryPoint\",\"urlTemplate\":\"https:\\\/\\\/www.purejewels.com\\\/?s={search_term_string}\"},\"query-input\":{\"@type\":\"PropertyValueSpecification\",\"valueRequired\":true,\"valueName\":\"search_term_string\"}}],\"inLanguage\":\"tr\"},{\"@type\":\"Organization\",\"@id\":\"https:\\\/\\\/www.purejewels.com\\\/#organization\",\"name\":\"PureJewels UK\",\"url\":\"https:\\\/\\\/www.purejewels.com\\\/\",\"logo\":{\"@type\":\"ImageObject\",\"inLanguage\":\"tr\",\"@id\":\"https:\\\/\\\/www.purejewels.com\\\/#\\\/schema\\\/logo\\\/image\\\/\",\"url\":\"https:\\\/\\\/static.purejewels.com\\\/wp-content\\\/uploads\\\/2020\\\/11\\\/Logo-PJ-New-1.png\",\"contentUrl\":\"https:\\\/\\\/static.purejewels.com\\\/wp-content\\\/uploads\\\/2020\\\/11\\\/Logo-PJ-New-1.png\",\"width\":150,\"height\":80,\"caption\":\"PureJewels UK\"},\"image\":{\"@id\":\"https:\\\/\\\/www.purejewels.com\\\/#\\\/schema\\\/logo\\\/image\\\/\"}}]}<\/script>\n<!-- \/ Yoast SEO plugin. -->","yoast_head_json":{"title":"Basit Alt\u0131n Ni\u015fan Y\u00fcz\u00fckleri | Online Alt\u0131n Y\u00fcz\u00fck Sat\u0131n Al\u0131n","description":"PureJewels UK'de erkekler ve kad\u0131nlar i\u00e7in alt\u0131n ni\u015fan y\u00fcz\u00fckleri sat\u0131n al\u0131n. En yeni alt\u0131n ve p\u0131rlanta y\u00fcz\u00fck koleksiyonunu online ke\u015ffedin.","robots":{"index":"index","follow":"follow","max-snippet":"max-snippet:-1","max-image-preview":"max-image-preview:large","max-video-preview":"max-video-preview:-1"},"canonical":"https:\/\/www.purejewels.com\/tr\/urun\/kadinlar-icin-altin-yuzuk-yuzuk-olcusu-o\/","og_locale":"tr_TR","og_type":"article","og_title":"Simple Gold Engagement Rings | Buy Gold Ring Online","og_description":"Buy gold engagement rings for men and women at PureJewels UK. Discover the latest collection of gold and diamond rings online.","og_url":"https:\/\/www.purejewels.com\/tr\/urun\/kadinlar-icin-altin-yuzuk-yuzuk-olcusu-o\/","og_site_name":"PureJewels UK","article_modified_time":"2025-11-05T09:44:15+00:00","og_image":[{"width":1000,"height":1000,"url":"https:\/\/www.purejewels.com\/wp-content\/uploads\/2020\/12\/33546-01.jpg","type":"image\/jpeg"}],"twitter_card":"summary_large_image","twitter_misc":{"Tahmini okuma s\u00fcresi":"1 dakika"},"schema":{"@context":"https:\/\/schema.org","@graph":[{"@type":["WebPage","ItemPage"],"@id":"https:\/\/www.purejewels.com\/product\/gold-ring-for-women-ring-size-o\/","url":"https:\/\/www.purejewels.com\/product\/gold-ring-for-women-ring-size-o\/","name":"Basit Alt\u0131n Ni\u015fan Y\u00fcz\u00fckleri | Online Alt\u0131n Y\u00fcz\u00fck Sat\u0131n Al\u0131n","isPartOf":{"@id":"https:\/\/www.purejewels.com\/#website"},"primaryImageOfPage":{"@id":"https:\/\/www.purejewels.com\/product\/gold-ring-for-women-ring-size-o\/#primaryimage"},"image":{"@id":"https:\/\/www.purejewels.com\/product\/gold-ring-for-women-ring-size-o\/#primaryimage"},"thumbnailUrl":"https:\/\/static.purejewels.com\/wp-content\/uploads\/2020\/12\/33546-01.jpg","datePublished":"2021-10-11T04:08:38+00:00","dateModified":"2025-11-05T09:44:15+00:00","description":"PureJewels UK'de erkekler ve kad\u0131nlar i\u00e7in alt\u0131n ni\u015fan y\u00fcz\u00fckleri sat\u0131n al\u0131n. En yeni alt\u0131n ve p\u0131rlanta y\u00fcz\u00fck koleksiyonunu online ke\u015ffedin.","breadcrumb":{"@id":"https:\/\/www.purejewels.com\/product\/gold-ring-for-women-ring-size-o\/#breadcrumb"},"inLanguage":"tr","potentialAction":[{"@type":"ReadAction","target":["https:\/\/www.purejewels.com\/product\/gold-ring-for-women-ring-size-o\/"]}]},{"@type":"ImageObject","inLanguage":"tr","@id":"https:\/\/www.purejewels.com\/product\/gold-ring-for-women-ring-size-o\/#primaryimage","url":"https:\/\/static.purejewels.com\/wp-content\/uploads\/2020\/12\/33546-01.jpg","contentUrl":"https:\/\/static.purejewels.com\/wp-content\/uploads\/2020\/12\/33546-01.jpg","width":1000,"height":1000,"caption":"22ct Gold Ring 33546-01"},{"@type":"BreadcrumbList","@id":"https:\/\/www.purejewels.com\/product\/gold-ring-for-women-ring-size-o\/#breadcrumb","itemListElement":[{"@type":"ListItem","position":1,"name":"Home","item":"https:\/\/www.purejewels.com\/"},{"@type":"ListItem","position":2,"name":"Shop","item":"https:\/\/www.purejewels.com\/shop\/"},{"@type":"ListItem","position":3,"name":"Gold Ring for Women Ring Size O"}]},{"@type":"WebSite","@id":"https:\/\/www.purejewels.com\/#website","url":"https:\/\/www.purejewels.com\/","name":"PureJewels \u0130ngiltere","description":"Sevgiyi Payla\u015f\u0131n","publisher":{"@id":"https:\/\/www.purejewels.com\/#organization"},"potentialAction":[{"@type":"SearchAction","target":{"@type":"EntryPoint","urlTemplate":"https:\/\/www.purejewels.com\/?s={search_term_string}"},"query-input":{"@type":"PropertyValueSpecification","valueRequired":true,"valueName":"search_term_string"}}],"inLanguage":"tr"},{"@type":"Organization","@id":"https:\/\/www.purejewels.com\/#organization","name":"PureJewels \u0130ngiltere","url":"https:\/\/www.purejewels.com\/","logo":{"@type":"ImageObject","inLanguage":"tr","@id":"https:\/\/www.purejewels.com\/#\/schema\/logo\/image\/","url":"https:\/\/static.purejewels.com\/wp-content\/uploads\/2020\/11\/Logo-PJ-New-1.png","contentUrl":"https:\/\/static.purejewels.com\/wp-content\/uploads\/2020\/11\/Logo-PJ-New-1.png","width":150,"height":80,"caption":"PureJewels UK"},"image":{"@id":"https:\/\/www.purejewels.com\/#\/schema\/logo\/image\/"}}]}},"_links":{"self":[{"href":"https:\/\/www.purejewels.com\/tr\/wp-json\/wp\/v2\/product\/327422","targetHints":{"allow":["GET"]}}],"collection":[{"href":"https:\/\/www.purejewels.com\/tr\/wp-json\/wp\/v2\/product"}],"about":[{"href":"https:\/\/www.purejewels.com\/tr\/wp-json\/wp\/v2\/types\/product"}],"replies":[{"embeddable":true,"href":"https:\/\/www.purejewels.com\/tr\/wp-json\/wp\/v2\/comments?post=327422"}],"version-history":[{"count":3,"href":"https:\/\/www.purejewels.com\/tr\/wp-json\/wp\/v2\/product\/327422\/revisions"}],"predecessor-version":[{"id":420201,"href":"https:\/\/www.purejewels.com\/tr\/wp-json\/wp\/v2\/product\/327422\/revisions\/420201"}],"wp:featuredmedia":[{"embeddable":true,"href":"https:\/\/www.purejewels.com\/tr\/wp-json\/wp\/v2\/media\/319592"}],"wp:attachment":[{"href":"https:\/\/www.purejewels.com\/tr\/wp-json\/wp\/v2\/media?parent=327422"}],"wp:term":[{"taxonomy":"product_brand","embeddable":true,"href":"https:\/\/www.purejewels.com\/tr\/wp-json\/wp\/v2\/product_brand?post=327422"},{"taxonomy":"product_cat","embeddable":true,"href":"https:\/\/www.purejewels.com\/tr\/wp-json\/wp\/v2\/product_cat?post=327422"},{"taxonomy":"product_tag","embeddable":true,"href":"https:\/\/www.purejewels.com\/tr\/wp-json\/wp\/v2\/product_tag?post=327422"}],"curies":[{"name":"wp","href":"https:\/\/api.w.org\/{rel}","templated":true}]}}