{"id":327450,"date":"2023-06-20T09:04:43","date_gmt":"2023-06-20T08:04:43","guid":{"rendered":"https:\/\/www.purejewels.com\/?post_type=product&#038;p=327450"},"modified":"2026-02-03T10:29:38","modified_gmt":"2026-02-03T10:29:38","slug":"22-ayar-altin-tilki-kuyrugu-zincir-22-inc-52908","status":"publish","type":"product","link":"https:\/\/www.purejewels.com\/tr\/product\/22ct-gold-foxtail-chain-22-inches-52908\/","title":{"rendered":"22 Ayar Alt\u0131n | Tilki Kuyru\u011fu Zincir | 22 \u0130n\u00e7"},"content":{"rendered":"<p data-start=\"554\" data-end=\"840\">Zarif tasar\u0131m\u0131 ve kal\u0131c\u0131 kalitesiyle <strong data-start=\"602\" data-end=\"629\">22 Ayar Alt\u0131n Tilki Kuyru\u011fu Zincir<\/strong> miras i\u015f\u00e7ili\u011finin rafine bir ifadesidir. Ay\u0131rt edici <strong data-start=\"697\" data-end=\"716\">tilki kuyru\u011fu deseni<\/strong>Karma\u015f\u0131k bir \u015fekilde \u00f6r\u00fclm\u00fc\u015f V \u015feklindeki ba\u011flant\u0131lar\u0131, tilki kuyru\u011funun yumu\u015fak k\u0131vr\u0131m\u0131n\u0131 and\u0131ran esnek ve l\u00fcks bir doku olu\u015fturur.<\/p>\n<p data-start=\"842\" data-end=\"1142\">Bu <strong data-start=\"847\" data-end=\"858\">22 in\u00e7<\/strong> zincir, tart\u0131 <strong data-start=\"875\" data-end=\"889\">11.1 gram<\/strong>tek ba\u015f\u0131na takmak veya de\u011ferli bir kolye ucuyla e\u015fle\u015ftirmek i\u00e7in uygun olan do\u011fru duru\u015fa sahip zarif bir \u00f6rt\u00fc sunar. Hem esneklik hem de dayan\u0131kl\u0131l\u0131k sa\u011flayan \u00f6zenli yap\u0131s\u0131, onu g\u00fcnl\u00fck \u015f\u0131kl\u0131k veya anlaml\u0131 bir hediye i\u00e7in ideal bir par\u00e7a haline getiriyor.<\/p>\n<p data-start=\"1144\" data-end=\"1295\">Ustal\u0131kla haz\u0131rlanm\u0131\u015f <strong data-start=\"1164\" data-end=\"1182\">saf 22 ayar alt\u0131n<\/strong> ve <strong data-start=\"1187\" data-end=\"1228\">Londra Tahlil Ofisi taraf\u0131ndan damgalanm\u0131\u015ft\u0131r<\/strong>PureJewels'in \u00f6zg\u00fcnl\u00fck ve m\u00fckemmellik vaadini yerine getirir.<\/p>\n<p data-start=\"1297\" data-end=\"1377\">Alt\u0131n f\u0131s\u0131lt\u0131larla konu\u015fan bir zincir-<strong data-start=\"1336\" data-end=\"1376\">rafine, ak\u0131c\u0131 ve sonsuza dek zamans\u0131z<\/strong>.<\/p>","protected":false},"excerpt":{"rendered":"<p>I\u015f\u0131lt\u0131l\u0131 kuma\u015ftan \u00fcretilmi\u015ftir <strong data-start=\"195\" data-end=\"208\">22 ayar alt\u0131n<\/strong>, bu <strong data-start=\"215\" data-end=\"232\">Tilki Kuyru\u011fu Zinciri<\/strong> \u00f6nlemler <strong data-start=\"242\" data-end=\"255\">22 in\u00e7<\/strong> ve a\u011f\u0131rl\u0131\u011f\u0131 <strong data-start=\"267\" data-end=\"281\">11.1 gram<\/strong>. S\u0131k\u0131 dokunmu\u015f, V \u015feklindeki ba\u011flant\u0131lar\u0131 zarafet ve g\u00fc\u00e7le hareket eden ak\u0131c\u0131, zarif bir doku yarat\u0131r. Damgal\u0131 ve zarif bir \u015fekilde tamamlanm\u0131\u015f olan bu \u00fcr\u00fcn, zarif g\u00fcnl\u00fck kullan\u0131m i\u00e7in zamans\u0131z bir elyaft\u0131r.<\/p>\n<p><strong>SKU:<\/strong> 52908<br \/>\n<strong>Metal:<\/strong> 22 Ayar Alt\u0131n (91,6% saf)<br \/>\n<strong>Uzunluk:<\/strong> 22 in\u00e7<br \/>\n<strong>A\u011f\u0131rl\u0131k:<\/strong> 11.10 gram<br \/>\n<strong>Toka Tipi:<\/strong>\u00a0Istakoz Kancas\u0131<br \/>\n<strong>Hallmark:<\/strong>\u00a0\u0130ngiltere Tahlil Ofisi Taraf\u0131ndan Damgalanm\u0131\u015f 22 Ayar Alt\u0131n<br \/>\n<strong>Su\u00e7lamalar:<\/strong>\u00a0Teslimat ve KDV Dahil<br \/>\n<strong>Daha fazlas\u0131n\u0131 ke\u015ffedin:<\/strong>\u00a0T\u00fcm \u00fcr\u00fcnlerimize g\u00f6z at\u0131n\u00a0<a href=\"https:\/\/www.purejewels.com\/tr\/urun-kategori%cc%87si%cc%87\/22-ayar-altin-takilar\/altin-zincirler\/tilki-kuyrugu-zinciri\/\">Tilki Kuyru\u011fu Zinciri Koleksiyonu<\/a>\u00a0ek boyutlar ve a\u011f\u0131rl\u0131klar i\u00e7in.<\/p>","protected":false},"featured_media":347920,"comment_status":"closed","ping_status":"closed","template":"","meta":{"_eb_attr":"","_crsspst_to_jayantr4sg-hostcom":true},"product_brand":[],"product_cat":[5016,5019,1571,5265,1475,1229,1773,1572,1774,1570,1573,5349],"product_tag":[3990,65],"class_list":{"0":"post-327450","1":"product","2":"type-product","3":"status-publish","4":"has-post-thumbnail","6":"product_cat-22-inch-ladies-chain","7":"product_cat-22-inch-mens-chain","8":"product_cat-fathers-day-gifts","9":"product_cat-foxtail-chain","10":"product_cat-gold-chains","11":"product_cat-22ct-gold-jewellery","12":"product_cat-ladies-chains","13":"product_cat-mens-jewellery","14":"product_cat-mens-chains","15":"product_cat-mothers-day-gifts","16":"product_cat-wedding-gifts","17":"product_cat-yellow-gold-jewellery","18":"product_tag-22-carat-gold-chain","19":"product_tag-chains","21":"first","22":"instock","23":"taxable","24":"shipping-taxable","25":"purchasable","26":"product-type-simple","27":"add-to-wishlist-before_image"},"yoast_head":"<!-- This site is optimized with the Yoast SEO plugin v27.6 - https:\/\/yoast.com\/product\/yoast-seo-wordpress\/ -->\n<title>Gold Foxtail Chain in 22 Inches | PureJewels UK<\/title>\n<meta name=\"description\" content=\"Add a touch of elegance with our 22-inch Gold Foxtail Chain. Crafted in exquisite detail, it exudes timeless charm. Shop now and elevate your style with luxury.\" \/>\n<meta name=\"robots\" content=\"index, follow, max-snippet:-1, max-image-preview:large, max-video-preview:-1\" \/>\n<link rel=\"canonical\" href=\"https:\/\/www.purejewels.com\/tr\/urun\/22-ayar-altin-tilki-kuyrugu-zincir-22-inc-52908\/\" \/>\n<meta property=\"og:locale\" content=\"tr_TR\" \/>\n<meta property=\"og:type\" content=\"article\" \/>\n<meta property=\"og:title\" content=\"Gold Foxtail Chain in 22 Inches | PureJewels UK\" \/>\n<meta property=\"og:description\" content=\"Add a touch of elegance with our 22-inch Gold Foxtail Chain. Crafted in exquisite detail, it exudes timeless charm. Shop now and elevate your style with luxury.\" \/>\n<meta property=\"og:url\" content=\"https:\/\/www.purejewels.com\/tr\/urun\/22-ayar-altin-tilki-kuyrugu-zincir-22-inc-52908\/\" \/>\n<meta property=\"og:site_name\" content=\"PureJewels UK\" \/>\n<meta property=\"article:modified_time\" content=\"2026-02-03T10:29:38+00:00\" \/>\n<meta property=\"og:image\" content=\"https:\/\/static.purejewels.com\/wp-content\/uploads\/2021\/10\/SKU-44423-scaled.jpg\" \/>\n\t<meta property=\"og:image:width\" content=\"2560\" \/>\n\t<meta property=\"og:image:height\" content=\"2560\" \/>\n\t<meta property=\"og:image:type\" content=\"image\/jpeg\" \/>\n<meta name=\"twitter:card\" content=\"summary_large_image\" \/>\n<meta name=\"twitter:label1\" content=\"Tahmini okuma s\u00fcresi\" \/>\n\t<meta name=\"twitter:data1\" content=\"1 dakika\" \/>\n<script type=\"application\/ld+json\" class=\"yoast-schema-graph\">{\"@context\":\"https:\\\/\\\/schema.org\",\"@graph\":[{\"@type\":[\"WebPage\",\"ItemPage\"],\"@id\":\"https:\\\/\\\/www.purejewels.com\\\/product\\\/22ct-gold-foxtail-chain-22-inches-52908\\\/\",\"url\":\"https:\\\/\\\/www.purejewels.com\\\/product\\\/22ct-gold-foxtail-chain-22-inches-52908\\\/\",\"name\":\"Gold Foxtail Chain in 22 Inches | PureJewels UK\",\"isPartOf\":{\"@id\":\"https:\\\/\\\/www.purejewels.com\\\/#website\"},\"primaryImageOfPage\":{\"@id\":\"https:\\\/\\\/www.purejewels.com\\\/product\\\/22ct-gold-foxtail-chain-22-inches-52908\\\/#primaryimage\"},\"image\":{\"@id\":\"https:\\\/\\\/www.purejewels.com\\\/product\\\/22ct-gold-foxtail-chain-22-inches-52908\\\/#primaryimage\"},\"thumbnailUrl\":\"https:\\\/\\\/static.purejewels.com\\\/wp-content\\\/uploads\\\/2021\\\/10\\\/SKU-44423-scaled.jpg\",\"datePublished\":\"2023-06-20T08:04:43+00:00\",\"dateModified\":\"2026-02-03T10:29:38+00:00\",\"description\":\"Add a touch of elegance with our 22-inch Gold Foxtail Chain. Crafted in exquisite detail, it exudes timeless charm. Shop now and elevate your style with luxury.\",\"breadcrumb\":{\"@id\":\"https:\\\/\\\/www.purejewels.com\\\/product\\\/22ct-gold-foxtail-chain-22-inches-52908\\\/#breadcrumb\"},\"inLanguage\":\"tr\",\"potentialAction\":[{\"@type\":\"ReadAction\",\"target\":[\"https:\\\/\\\/www.purejewels.com\\\/product\\\/22ct-gold-foxtail-chain-22-inches-52908\\\/\"]}]},{\"@type\":\"ImageObject\",\"inLanguage\":\"tr\",\"@id\":\"https:\\\/\\\/www.purejewels.com\\\/product\\\/22ct-gold-foxtail-chain-22-inches-52908\\\/#primaryimage\",\"url\":\"https:\\\/\\\/static.purejewels.com\\\/wp-content\\\/uploads\\\/2021\\\/10\\\/SKU-44423-scaled.jpg\",\"contentUrl\":\"https:\\\/\\\/static.purejewels.com\\\/wp-content\\\/uploads\\\/2021\\\/10\\\/SKU-44423-scaled.jpg\",\"width\":2560,\"height\":2560,\"caption\":\"22ct Gold Foxtail Chain\"},{\"@type\":\"BreadcrumbList\",\"@id\":\"https:\\\/\\\/www.purejewels.com\\\/product\\\/22ct-gold-foxtail-chain-22-inches-52908\\\/#breadcrumb\",\"itemListElement\":[{\"@type\":\"ListItem\",\"position\":1,\"name\":\"Home\",\"item\":\"https:\\\/\\\/www.purejewels.com\\\/\"},{\"@type\":\"ListItem\",\"position\":2,\"name\":\"Shop\",\"item\":\"https:\\\/\\\/www.purejewels.com\\\/shop\\\/\"},{\"@type\":\"ListItem\",\"position\":3,\"name\":\"22ct Gold | Foxtail Chain | 22 Inches\"}]},{\"@type\":\"WebSite\",\"@id\":\"https:\\\/\\\/www.purejewels.com\\\/#website\",\"url\":\"https:\\\/\\\/www.purejewels.com\\\/\",\"name\":\"PureJewels UK\",\"description\":\"Share the Love\",\"publisher\":{\"@id\":\"https:\\\/\\\/www.purejewels.com\\\/#organization\"},\"potentialAction\":[{\"@type\":\"SearchAction\",\"target\":{\"@type\":\"EntryPoint\",\"urlTemplate\":\"https:\\\/\\\/www.purejewels.com\\\/?s={search_term_string}\"},\"query-input\":{\"@type\":\"PropertyValueSpecification\",\"valueRequired\":true,\"valueName\":\"search_term_string\"}}],\"inLanguage\":\"tr\"},{\"@type\":\"Organization\",\"@id\":\"https:\\\/\\\/www.purejewels.com\\\/#organization\",\"name\":\"PureJewels UK\",\"url\":\"https:\\\/\\\/www.purejewels.com\\\/\",\"logo\":{\"@type\":\"ImageObject\",\"inLanguage\":\"tr\",\"@id\":\"https:\\\/\\\/www.purejewels.com\\\/#\\\/schema\\\/logo\\\/image\\\/\",\"url\":\"https:\\\/\\\/static.purejewels.com\\\/wp-content\\\/uploads\\\/2020\\\/11\\\/Logo-PJ-New-1.png\",\"contentUrl\":\"https:\\\/\\\/static.purejewels.com\\\/wp-content\\\/uploads\\\/2020\\\/11\\\/Logo-PJ-New-1.png\",\"width\":150,\"height\":80,\"caption\":\"PureJewels UK\"},\"image\":{\"@id\":\"https:\\\/\\\/www.purejewels.com\\\/#\\\/schema\\\/logo\\\/image\\\/\"}}]}<\/script>\n<!-- \/ Yoast SEO plugin. -->","yoast_head_json":{"title":"Alt\u0131n Tilki Kuyru\u011fu Zincir 22 \u0130n\u00e7 | PureJewels UK","description":"22 in\u00e7 Alt\u0131n Tilki Kuyru\u011fu Zincirimizle \u015f\u0131kl\u0131\u011f\u0131n\u0131za \u015f\u0131kl\u0131k kat\u0131n. En ince ayr\u0131nt\u0131s\u0131na kadar i\u015flenmi\u015f olan bu zincir, zamans\u0131z bir cazibeye sahiptir. \u015eimdi al\u0131\u015fveri\u015f yap\u0131n ve stilinizi l\u00fcksle y\u00fckseltin.","robots":{"index":"index","follow":"follow","max-snippet":"max-snippet:-1","max-image-preview":"max-image-preview:large","max-video-preview":"max-video-preview:-1"},"canonical":"https:\/\/www.purejewels.com\/tr\/urun\/22-ayar-altin-tilki-kuyrugu-zincir-22-inc-52908\/","og_locale":"tr_TR","og_type":"article","og_title":"Gold Foxtail Chain in 22 Inches | PureJewels UK","og_description":"Add a touch of elegance with our 22-inch Gold Foxtail Chain. Crafted in exquisite detail, it exudes timeless charm. Shop now and elevate your style with luxury.","og_url":"https:\/\/www.purejewels.com\/tr\/urun\/22-ayar-altin-tilki-kuyrugu-zincir-22-inc-52908\/","og_site_name":"PureJewels UK","article_modified_time":"2026-02-03T10:29:38+00:00","og_image":[{"width":2560,"height":2560,"url":"https:\/\/static.purejewels.com\/wp-content\/uploads\/2021\/10\/SKU-44423-scaled.jpg","type":"image\/jpeg"}],"twitter_card":"summary_large_image","twitter_misc":{"Tahmini okuma s\u00fcresi":"1 dakika"},"schema":{"@context":"https:\/\/schema.org","@graph":[{"@type":["WebPage","ItemPage"],"@id":"https:\/\/www.purejewels.com\/product\/22ct-gold-foxtail-chain-22-inches-52908\/","url":"https:\/\/www.purejewels.com\/product\/22ct-gold-foxtail-chain-22-inches-52908\/","name":"Alt\u0131n Tilki Kuyru\u011fu Zincir 22 \u0130n\u00e7 | PureJewels UK","isPartOf":{"@id":"https:\/\/www.purejewels.com\/#website"},"primaryImageOfPage":{"@id":"https:\/\/www.purejewels.com\/product\/22ct-gold-foxtail-chain-22-inches-52908\/#primaryimage"},"image":{"@id":"https:\/\/www.purejewels.com\/product\/22ct-gold-foxtail-chain-22-inches-52908\/#primaryimage"},"thumbnailUrl":"https:\/\/static.purejewels.com\/wp-content\/uploads\/2021\/10\/SKU-44423-scaled.jpg","datePublished":"2023-06-20T08:04:43+00:00","dateModified":"2026-02-03T10:29:38+00:00","description":"22 in\u00e7 Alt\u0131n Tilki Kuyru\u011fu Zincirimizle \u015f\u0131kl\u0131\u011f\u0131n\u0131za \u015f\u0131kl\u0131k kat\u0131n. En ince ayr\u0131nt\u0131s\u0131na kadar i\u015flenmi\u015f olan bu zincir, zamans\u0131z bir cazibeye sahiptir. \u015eimdi al\u0131\u015fveri\u015f yap\u0131n ve stilinizi l\u00fcksle y\u00fckseltin.","breadcrumb":{"@id":"https:\/\/www.purejewels.com\/product\/22ct-gold-foxtail-chain-22-inches-52908\/#breadcrumb"},"inLanguage":"tr","potentialAction":[{"@type":"ReadAction","target":["https:\/\/www.purejewels.com\/product\/22ct-gold-foxtail-chain-22-inches-52908\/"]}]},{"@type":"ImageObject","inLanguage":"tr","@id":"https:\/\/www.purejewels.com\/product\/22ct-gold-foxtail-chain-22-inches-52908\/#primaryimage","url":"https:\/\/static.purejewels.com\/wp-content\/uploads\/2021\/10\/SKU-44423-scaled.jpg","contentUrl":"https:\/\/static.purejewels.com\/wp-content\/uploads\/2021\/10\/SKU-44423-scaled.jpg","width":2560,"height":2560,"caption":"22ct Gold Foxtail Chain"},{"@type":"BreadcrumbList","@id":"https:\/\/www.purejewels.com\/product\/22ct-gold-foxtail-chain-22-inches-52908\/#breadcrumb","itemListElement":[{"@type":"ListItem","position":1,"name":"Home","item":"https:\/\/www.purejewels.com\/"},{"@type":"ListItem","position":2,"name":"Shop","item":"https:\/\/www.purejewels.com\/shop\/"},{"@type":"ListItem","position":3,"name":"22ct Gold | Foxtail Chain | 22 Inches"}]},{"@type":"WebSite","@id":"https:\/\/www.purejewels.com\/#website","url":"https:\/\/www.purejewels.com\/","name":"PureJewels \u0130ngiltere","description":"Sevgiyi Payla\u015f\u0131n","publisher":{"@id":"https:\/\/www.purejewels.com\/#organization"},"potentialAction":[{"@type":"SearchAction","target":{"@type":"EntryPoint","urlTemplate":"https:\/\/www.purejewels.com\/?s={search_term_string}"},"query-input":{"@type":"PropertyValueSpecification","valueRequired":true,"valueName":"search_term_string"}}],"inLanguage":"tr"},{"@type":"Organization","@id":"https:\/\/www.purejewels.com\/#organization","name":"PureJewels \u0130ngiltere","url":"https:\/\/www.purejewels.com\/","logo":{"@type":"ImageObject","inLanguage":"tr","@id":"https:\/\/www.purejewels.com\/#\/schema\/logo\/image\/","url":"https:\/\/static.purejewels.com\/wp-content\/uploads\/2020\/11\/Logo-PJ-New-1.png","contentUrl":"https:\/\/static.purejewels.com\/wp-content\/uploads\/2020\/11\/Logo-PJ-New-1.png","width":150,"height":80,"caption":"PureJewels UK"},"image":{"@id":"https:\/\/www.purejewels.com\/#\/schema\/logo\/image\/"}}]}},"_links":{"self":[{"href":"https:\/\/www.purejewels.com\/tr\/wp-json\/wp\/v2\/product\/327450","targetHints":{"allow":["GET"]}}],"collection":[{"href":"https:\/\/www.purejewels.com\/tr\/wp-json\/wp\/v2\/product"}],"about":[{"href":"https:\/\/www.purejewels.com\/tr\/wp-json\/wp\/v2\/types\/product"}],"replies":[{"embeddable":true,"href":"https:\/\/www.purejewels.com\/tr\/wp-json\/wp\/v2\/comments?post=327450"}],"version-history":[{"count":3,"href":"https:\/\/www.purejewels.com\/tr\/wp-json\/wp\/v2\/product\/327450\/revisions"}],"predecessor-version":[{"id":412505,"href":"https:\/\/www.purejewels.com\/tr\/wp-json\/wp\/v2\/product\/327450\/revisions\/412505"}],"wp:featuredmedia":[{"embeddable":true,"href":"https:\/\/www.purejewels.com\/tr\/wp-json\/wp\/v2\/media\/347920"}],"wp:attachment":[{"href":"https:\/\/www.purejewels.com\/tr\/wp-json\/wp\/v2\/media?parent=327450"}],"wp:term":[{"taxonomy":"product_brand","embeddable":true,"href":"https:\/\/www.purejewels.com\/tr\/wp-json\/wp\/v2\/product_brand?post=327450"},{"taxonomy":"product_cat","embeddable":true,"href":"https:\/\/www.purejewels.com\/tr\/wp-json\/wp\/v2\/product_cat?post=327450"},{"taxonomy":"product_tag","embeddable":true,"href":"https:\/\/www.purejewels.com\/tr\/wp-json\/wp\/v2\/product_tag?post=327450"}],"curies":[{"name":"wp","href":"https:\/\/api.w.org\/{rel}","templated":true}]}}