{"id":327636,"date":"2021-10-25T06:29:28","date_gmt":"2021-10-25T05:29:28","guid":{"rendered":"https:\/\/www.purejewels.com\/?post_type=product&#038;p=327636"},"modified":"2026-01-06T06:59:10","modified_gmt":"2026-01-06T06:59:10","slug":"kadinlar-icin-22-ayar-altin-damla-kupe","status":"publish","type":"product","link":"https:\/\/www.purejewels.com\/tr\/product\/22ct-gold-drop-earring-for-women\/","title":{"rendered":"Kad\u0131nlar i\u00e7in 22 Ayar Alt\u0131n Damla K\u00fcpe"},"content":{"rendered":"<p>Bu zarif kad\u0131n alt\u0131n damla <a href=\"https:\/\/www.purejewels.com\/tr\/product-category\/22ct-gold-jewellery\/gold-earrings\/\">K\u00fcpeler<\/a> her k\u0131yafete \u015f\u0131kl\u0131k ve sofistike bir dokunu\u015f katmak i\u00e7in m\u00fckemmel bir aksesuard\u0131r. 22 ayar alt\u0131ndan \u00fcretilen bu k\u00fcpelerin nereye giderseniz gidin dikkatleri \u00fczerine \u00e7ekece\u011fi kesindir. A\u011f\u0131rl\u0131\u011f\u0131 2,7 gram ve uzunlu\u011fu 1,5 in\u00e7 olan bu k\u00fcpeler hafiftir ve g\u00fcn boyu rahatl\u0131kla tak\u0131labilir.<\/p>\n<p>Her bir k\u00fcpe \u00e7ifti Londra Assay Ofisi taraf\u0131ndan damgalanarak alt\u0131n\u0131n kalitesini ve orijinalli\u011fini garanti eder. L\u00fcks bir sunum kutusunda g\u00fczel bir \u015fekilde sunulan bu k\u00fcpeler, sevdikleriniz i\u00e7in m\u00fckemmel bir hediye veya kendiniz i\u00e7in \u00f6zel bir ikramd\u0131r.<\/p>\n<p>PureJewels UK'de, i\u00e7inizin rahat etmesi i\u00e7in \u00fccretsiz takipli teslimat ve g\u00fcvenli \u00e7evrimi\u00e7i \u00f6demeler sunuyoruz. Bu \u00e7arp\u0131c\u0131 alt\u0131n damla k\u00fcpelere sahip olma f\u0131rsat\u0131n\u0131 ka\u00e7\u0131rmay\u0131n - \u015fimdi sipari\u015f verin ve m\u00fccevher koleksiyonunuza l\u00fcks bir dokunu\u015f kat\u0131n.<\/p>","protected":false},"excerpt":{"rendered":"<ul>\n<li>22 Ayar Alt\u0131n K\u00fcpe \u0130ngiltere<\/li>\n<li>A\u011f\u0131rl\u0131k: 2,7 gms<\/li>\n<li>Uzunluk. 1,5 \u0130n\u00e7<\/li>\n<li>SKU. 42326<\/li>\n<li>T\u00fcm fiyatlara KDV dahildir<\/li>\n<li>Londra Tahlil Ofisi Taraf\u0131ndan Damgalanm\u0131\u015f 22 Ayar Alt\u0131n<\/li>\n<li>Sunum Kutusu ile Birlikte Gelir<\/li>\n<li>Teslimat Dahil<\/li>\n<li>Stok durumu ve stokta bulunan benzer tasar\u0131mlar\u0131n daha fazla g\u00f6r\u00fcnt\u00fcs\u00fc i\u00e7in bizimle canl\u0131 sohbet edin<\/li>\n<\/ul>","protected":false},"featured_media":327695,"comment_status":"closed","ping_status":"closed","template":"","meta":{"_eb_attr":"","_crsspst_to_jayantr4sg-hostcom":false},"product_brand":[],"product_cat":[1791,1559,1793,1685,1254,1574],"product_tag":[1430],"class_list":{"0":"post-327636","1":"product","2":"type-product","3":"status-publish","4":"has-post-thumbnail","6":"product_cat-anniversary-gifts","7":"product_cat-birthday-gifts","8":"product_cat-diwali-gifts","9":"product_cat-drop-earrings","10":"product_cat-gold-earrings","11":"product_cat-womens-jewellery","12":"product_tag-diwali-gift","14":"first","15":"outofstock","16":"taxable","17":"shipping-taxable","18":"product-type-simple","19":"add-to-wishlist-before_image"},"yoast_head":"<!-- This site is optimized with the Yoast SEO plugin v27.3 - https:\/\/yoast.com\/product\/yoast-seo-wordpress\/ -->\n<title>Get this stunning 22ct gold drop earrings at PureJewels UK<\/title>\n<meta name=\"description\" content=\"Get Latest Drop Earring Designs. Shop this beautiful Drop Earring Online in the UK. Perfect for special occasions.\" \/>\n<meta name=\"robots\" content=\"index, follow, max-snippet:-1, max-image-preview:large, max-video-preview:-1\" \/>\n<link rel=\"canonical\" href=\"https:\/\/www.purejewels.com\/tr\/urun\/kadinlar-icin-22-ayar-altin-damla-kupe\/\" \/>\n<meta property=\"og:locale\" content=\"tr_TR\" \/>\n<meta property=\"og:type\" content=\"article\" \/>\n<meta property=\"og:title\" content=\"Get this stunning 22ct gold drop earrings at PureJewels UK\" \/>\n<meta property=\"og:description\" content=\"Get Latest Drop Earring Designs. Shop this beautiful Drop Earring Online in the UK. Perfect for special occasions.\" \/>\n<meta property=\"og:url\" content=\"https:\/\/www.purejewels.com\/tr\/urun\/kadinlar-icin-22-ayar-altin-damla-kupe\/\" \/>\n<meta property=\"og:site_name\" content=\"PureJewels UK\" \/>\n<meta property=\"article:modified_time\" content=\"2026-01-06T06:59:10+00:00\" \/>\n<meta property=\"og:image\" content=\"https:\/\/www.purejewels.com\/wp-content\/uploads\/2021\/10\/40667-1.jpg\" \/>\n\t<meta property=\"og:image:width\" content=\"1000\" \/>\n\t<meta property=\"og:image:height\" content=\"1000\" \/>\n\t<meta property=\"og:image:type\" content=\"image\/jpeg\" \/>\n<meta name=\"twitter:card\" content=\"summary_large_image\" \/>\n<meta name=\"twitter:label1\" content=\"Tahmini okuma s\u00fcresi\" \/>\n\t<meta name=\"twitter:data1\" content=\"1 dakika\" \/>\n<script type=\"application\/ld+json\" class=\"yoast-schema-graph\">{\"@context\":\"https:\\\/\\\/schema.org\",\"@graph\":[{\"@type\":[\"WebPage\",\"ItemPage\"],\"@id\":\"https:\\\/\\\/www.purejewels.com\\\/product\\\/22ct-gold-drop-earring-for-women\\\/\",\"url\":\"https:\\\/\\\/www.purejewels.com\\\/product\\\/22ct-gold-drop-earring-for-women\\\/\",\"name\":\"Get this stunning 22ct gold drop earrings at PureJewels UK\",\"isPartOf\":{\"@id\":\"https:\\\/\\\/www.purejewels.com\\\/#website\"},\"primaryImageOfPage\":{\"@id\":\"https:\\\/\\\/www.purejewels.com\\\/product\\\/22ct-gold-drop-earring-for-women\\\/#primaryimage\"},\"image\":{\"@id\":\"https:\\\/\\\/www.purejewels.com\\\/product\\\/22ct-gold-drop-earring-for-women\\\/#primaryimage\"},\"thumbnailUrl\":\"https:\\\/\\\/static.purejewels.com\\\/wp-content\\\/uploads\\\/2021\\\/10\\\/40667-1.jpg\",\"datePublished\":\"2021-10-25T05:29:28+00:00\",\"dateModified\":\"2026-01-06T06:59:10+00:00\",\"description\":\"Get Latest Drop Earring Designs. Shop this beautiful Drop Earring Online in the UK. Perfect for special occasions.\",\"breadcrumb\":{\"@id\":\"https:\\\/\\\/www.purejewels.com\\\/product\\\/22ct-gold-drop-earring-for-women\\\/#breadcrumb\"},\"inLanguage\":\"tr\",\"potentialAction\":[{\"@type\":\"ReadAction\",\"target\":[\"https:\\\/\\\/www.purejewels.com\\\/product\\\/22ct-gold-drop-earring-for-women\\\/\"]}]},{\"@type\":\"ImageObject\",\"inLanguage\":\"tr\",\"@id\":\"https:\\\/\\\/www.purejewels.com\\\/product\\\/22ct-gold-drop-earring-for-women\\\/#primaryimage\",\"url\":\"https:\\\/\\\/static.purejewels.com\\\/wp-content\\\/uploads\\\/2021\\\/10\\\/40667-1.jpg\",\"contentUrl\":\"https:\\\/\\\/static.purejewels.com\\\/wp-content\\\/uploads\\\/2021\\\/10\\\/40667-1.jpg\",\"width\":1000,\"height\":1000,\"caption\":\"22ct Gold Earring 40667-1\"},{\"@type\":\"BreadcrumbList\",\"@id\":\"https:\\\/\\\/www.purejewels.com\\\/product\\\/22ct-gold-drop-earring-for-women\\\/#breadcrumb\",\"itemListElement\":[{\"@type\":\"ListItem\",\"position\":1,\"name\":\"Home\",\"item\":\"https:\\\/\\\/www.purejewels.com\\\/\"},{\"@type\":\"ListItem\",\"position\":2,\"name\":\"Shop\",\"item\":\"https:\\\/\\\/www.purejewels.com\\\/shop\\\/\"},{\"@type\":\"ListItem\",\"position\":3,\"name\":\"22ct Gold Drop Earring for Women\"}]},{\"@type\":\"WebSite\",\"@id\":\"https:\\\/\\\/www.purejewels.com\\\/#website\",\"url\":\"https:\\\/\\\/www.purejewels.com\\\/\",\"name\":\"PureJewels UK\",\"description\":\"Share the Love\",\"publisher\":{\"@id\":\"https:\\\/\\\/www.purejewels.com\\\/#organization\"},\"potentialAction\":[{\"@type\":\"SearchAction\",\"target\":{\"@type\":\"EntryPoint\",\"urlTemplate\":\"https:\\\/\\\/www.purejewels.com\\\/?s={search_term_string}\"},\"query-input\":{\"@type\":\"PropertyValueSpecification\",\"valueRequired\":true,\"valueName\":\"search_term_string\"}}],\"inLanguage\":\"tr\"},{\"@type\":\"Organization\",\"@id\":\"https:\\\/\\\/www.purejewels.com\\\/#organization\",\"name\":\"PureJewels UK\",\"url\":\"https:\\\/\\\/www.purejewels.com\\\/\",\"logo\":{\"@type\":\"ImageObject\",\"inLanguage\":\"tr\",\"@id\":\"https:\\\/\\\/www.purejewels.com\\\/#\\\/schema\\\/logo\\\/image\\\/\",\"url\":\"https:\\\/\\\/static.purejewels.com\\\/wp-content\\\/uploads\\\/2020\\\/11\\\/Logo-PJ-New-1.png\",\"contentUrl\":\"https:\\\/\\\/static.purejewels.com\\\/wp-content\\\/uploads\\\/2020\\\/11\\\/Logo-PJ-New-1.png\",\"width\":150,\"height\":80,\"caption\":\"PureJewels UK\"},\"image\":{\"@id\":\"https:\\\/\\\/www.purejewels.com\\\/#\\\/schema\\\/logo\\\/image\\\/\"}}]}<\/script>\n<!-- \/ Yoast SEO plugin. -->","yoast_head_json":{"title":"Bu \u00e7arp\u0131c\u0131 22 ayar alt\u0131n damla k\u00fcpeleri PureJewels UK'den al\u0131n","description":"En Yeni Damla K\u00fcpe Tasar\u0131mlar\u0131n\u0131 Al\u0131n. Bu g\u00fczel Damla K\u00fcpeyi \u0130ngiltere'de Online sat\u0131n al\u0131n. \u00d6zel g\u00fcnler i\u00e7in m\u00fckemmel.","robots":{"index":"index","follow":"follow","max-snippet":"max-snippet:-1","max-image-preview":"max-image-preview:large","max-video-preview":"max-video-preview:-1"},"canonical":"https:\/\/www.purejewels.com\/tr\/urun\/kadinlar-icin-22-ayar-altin-damla-kupe\/","og_locale":"tr_TR","og_type":"article","og_title":"Get this stunning 22ct gold drop earrings at PureJewels UK","og_description":"Get Latest Drop Earring Designs. Shop this beautiful Drop Earring Online in the UK. Perfect for special occasions.","og_url":"https:\/\/www.purejewels.com\/tr\/urun\/kadinlar-icin-22-ayar-altin-damla-kupe\/","og_site_name":"PureJewels UK","article_modified_time":"2026-01-06T06:59:10+00:00","og_image":[{"width":1000,"height":1000,"url":"https:\/\/www.purejewels.com\/wp-content\/uploads\/2021\/10\/40667-1.jpg","type":"image\/jpeg"}],"twitter_card":"summary_large_image","twitter_misc":{"Tahmini okuma s\u00fcresi":"1 dakika"},"schema":{"@context":"https:\/\/schema.org","@graph":[{"@type":["WebPage","ItemPage"],"@id":"https:\/\/www.purejewels.com\/product\/22ct-gold-drop-earring-for-women\/","url":"https:\/\/www.purejewels.com\/product\/22ct-gold-drop-earring-for-women\/","name":"Bu \u00e7arp\u0131c\u0131 22 ayar alt\u0131n damla k\u00fcpeleri PureJewels UK'den al\u0131n","isPartOf":{"@id":"https:\/\/www.purejewels.com\/#website"},"primaryImageOfPage":{"@id":"https:\/\/www.purejewels.com\/product\/22ct-gold-drop-earring-for-women\/#primaryimage"},"image":{"@id":"https:\/\/www.purejewels.com\/product\/22ct-gold-drop-earring-for-women\/#primaryimage"},"thumbnailUrl":"https:\/\/static.purejewels.com\/wp-content\/uploads\/2021\/10\/40667-1.jpg","datePublished":"2021-10-25T05:29:28+00:00","dateModified":"2026-01-06T06:59:10+00:00","description":"En Yeni Damla K\u00fcpe Tasar\u0131mlar\u0131n\u0131 Al\u0131n. Bu g\u00fczel Damla K\u00fcpeyi \u0130ngiltere'de Online sat\u0131n al\u0131n. \u00d6zel g\u00fcnler i\u00e7in m\u00fckemmel.","breadcrumb":{"@id":"https:\/\/www.purejewels.com\/product\/22ct-gold-drop-earring-for-women\/#breadcrumb"},"inLanguage":"tr","potentialAction":[{"@type":"ReadAction","target":["https:\/\/www.purejewels.com\/product\/22ct-gold-drop-earring-for-women\/"]}]},{"@type":"ImageObject","inLanguage":"tr","@id":"https:\/\/www.purejewels.com\/product\/22ct-gold-drop-earring-for-women\/#primaryimage","url":"https:\/\/static.purejewels.com\/wp-content\/uploads\/2021\/10\/40667-1.jpg","contentUrl":"https:\/\/static.purejewels.com\/wp-content\/uploads\/2021\/10\/40667-1.jpg","width":1000,"height":1000,"caption":"22ct Gold Earring 40667-1"},{"@type":"BreadcrumbList","@id":"https:\/\/www.purejewels.com\/product\/22ct-gold-drop-earring-for-women\/#breadcrumb","itemListElement":[{"@type":"ListItem","position":1,"name":"Home","item":"https:\/\/www.purejewels.com\/"},{"@type":"ListItem","position":2,"name":"Shop","item":"https:\/\/www.purejewels.com\/shop\/"},{"@type":"ListItem","position":3,"name":"22ct Gold Drop Earring for Women"}]},{"@type":"WebSite","@id":"https:\/\/www.purejewels.com\/#website","url":"https:\/\/www.purejewels.com\/","name":"PureJewels \u0130ngiltere","description":"Sevgiyi Payla\u015f\u0131n","publisher":{"@id":"https:\/\/www.purejewels.com\/#organization"},"potentialAction":[{"@type":"SearchAction","target":{"@type":"EntryPoint","urlTemplate":"https:\/\/www.purejewels.com\/?s={search_term_string}"},"query-input":{"@type":"PropertyValueSpecification","valueRequired":true,"valueName":"search_term_string"}}],"inLanguage":"tr"},{"@type":"Organization","@id":"https:\/\/www.purejewels.com\/#organization","name":"PureJewels \u0130ngiltere","url":"https:\/\/www.purejewels.com\/","logo":{"@type":"ImageObject","inLanguage":"tr","@id":"https:\/\/www.purejewels.com\/#\/schema\/logo\/image\/","url":"https:\/\/static.purejewels.com\/wp-content\/uploads\/2020\/11\/Logo-PJ-New-1.png","contentUrl":"https:\/\/static.purejewels.com\/wp-content\/uploads\/2020\/11\/Logo-PJ-New-1.png","width":150,"height":80,"caption":"PureJewels UK"},"image":{"@id":"https:\/\/www.purejewels.com\/#\/schema\/logo\/image\/"}}]}},"_links":{"self":[{"href":"https:\/\/www.purejewels.com\/tr\/wp-json\/wp\/v2\/product\/327636","targetHints":{"allow":["GET"]}}],"collection":[{"href":"https:\/\/www.purejewels.com\/tr\/wp-json\/wp\/v2\/product"}],"about":[{"href":"https:\/\/www.purejewels.com\/tr\/wp-json\/wp\/v2\/types\/product"}],"replies":[{"embeddable":true,"href":"https:\/\/www.purejewels.com\/tr\/wp-json\/wp\/v2\/comments?post=327636"}],"version-history":[{"count":1,"href":"https:\/\/www.purejewels.com\/tr\/wp-json\/wp\/v2\/product\/327636\/revisions"}],"predecessor-version":[{"id":420772,"href":"https:\/\/www.purejewels.com\/tr\/wp-json\/wp\/v2\/product\/327636\/revisions\/420772"}],"wp:featuredmedia":[{"embeddable":true,"href":"https:\/\/www.purejewels.com\/tr\/wp-json\/wp\/v2\/media\/327695"}],"wp:attachment":[{"href":"https:\/\/www.purejewels.com\/tr\/wp-json\/wp\/v2\/media?parent=327636"}],"wp:term":[{"taxonomy":"product_brand","embeddable":true,"href":"https:\/\/www.purejewels.com\/tr\/wp-json\/wp\/v2\/product_brand?post=327636"},{"taxonomy":"product_cat","embeddable":true,"href":"https:\/\/www.purejewels.com\/tr\/wp-json\/wp\/v2\/product_cat?post=327636"},{"taxonomy":"product_tag","embeddable":true,"href":"https:\/\/www.purejewels.com\/tr\/wp-json\/wp\/v2\/product_tag?post=327636"}],"curies":[{"name":"wp","href":"https:\/\/api.w.org\/{rel}","templated":true}]}}