{"id":327637,"date":"2024-11-01T05:27:04","date_gmt":"2024-11-01T05:27:04","guid":{"rendered":"https:\/\/www.purejewels.com\/?post_type=product&#038;p=327637"},"modified":"2026-02-26T12:19:17","modified_gmt":"2026-02-26T12:19:17","slug":"22-ayar-altin-gerdanlik-zinciri-42612","status":"publish","type":"product","link":"https:\/\/www.purejewels.com\/tr\/product\/22ct-gold-choker-chain-42612\/","title":{"rendered":"22 Ayar Alt\u0131n Gerdanl\u0131k Zincir"},"content":{"rendered":"<h3>22 Ayar Alt\u0131n Fantezi Zincir<\/h3>\n<p>Bu zarif \u00fcr\u00fcnle cesur bir ifade yarat\u0131n <a href=\"https:\/\/www.purejewels.com\/tr\/product\/22ct-gold-jali-filigree-ring-jali-collection-31926\/\">22ct<\/a> <a href=\"https:\/\/www.purejewels.com\/tr\/product\/22-carat-gold-choker-necklace-5\/\">Alt\u0131n Gerdanl\u0131k<\/a> Zincir, sofistike bir <a href=\"https:\/\/www.purejewels.com\/tr\/product\/designer-ring-for-women-in-22-carat-31928\/\">rodyum kaplama<\/a>. Alt\u0131n\u0131n zenginli\u011fini modern ve cilal\u0131 bir dokunu\u015fla harmanlayan bu ince i\u015f\u00e7ilikli par\u00e7a, her t\u00fcrl\u00fc g\u00f6r\u00fcn\u00fcm\u00fc y\u00fckseltmek i\u00e7in m\u00fckemmeldir.<\/p>\n<ul>\n<li><strong>Malzeme<\/strong>: L\u00fcks kuma\u015ftan \u00fcretilmi\u015ftir <a href=\"https:\/\/www.purejewels.com\/tr\/product\/holy-cross-gold-pendant-44713\/\">22 ayar alt\u0131n<\/a> e\u015fsiz parlakl\u0131k ve kalite i\u00e7in.<\/li>\n<li><strong>Tasar\u0131m<\/strong>: Bir klasik <a href=\"https:\/\/www.purejewels.com\/tr\/product\/22ct-gold-fancy-choker-chain-with-pendant-18-inch-43022\/\">gerdanl\u0131k<\/a> Daha fazla boyut ve \u00e7a\u011fda\u015f \u00e7ekicilik i\u00e7in zarif rodyum kaplamal\u0131 stil.<\/li>\n<li><strong>Uzunluk<\/strong>: 18 in\u00e7, yakaya zarif\u00e7e oturacak \u015fekilde tasarlanm\u0131\u015ft\u0131r.<\/li>\n<\/ul>\n<p>Hem g\u00fcnl\u00fck kullan\u0131m hem de \u00f6zel g\u00fcnler i\u00e7in ideal olan bu <a href=\"https:\/\/www.purejewels.com\/tr\/product\/22ct-gold-choker-chain-40660\/\">gerdanl\u0131k zinciri<\/a> zamans\u0131z bir zarafet ve \u00fcst\u00fcn <a href=\"https:\/\/www.purejewels.com\/tr\/a-guide-to-die-stamping\/\">zanaatkarl\u0131k<\/a>. Alt\u0131n ve rodyumun \u0131\u015f\u0131lt\u0131l\u0131 kar\u0131\u015f\u0131m\u0131, her gard\u0131robu tamamlayan \u00e7ok y\u00f6nl\u00fc bir par\u00e7a olu\u015fturur.<\/p>","protected":false},"excerpt":{"rendered":"<ul>\n<li>22 Ayar Alt\u0131n Gerdanl\u0131k Zincir<\/li>\n<li>A\u011f\u0131rl\u0131k 14,4 gms<\/li>\n<li>Uzunluk 18 \u0130n\u00e7<\/li>\n<li>SKU. 42612<\/li>\n<li>T\u00fcm fiyatlara KDV dahildir<\/li>\n<li>T\u00fcm \u00dcr\u00fcnlerimiz Londra Tahlil Ofisi Taraf\u0131ndan Damgalanm\u0131\u015ft\u0131r<\/li>\n<li>T\u00fcm Setler Sunum Kutusu ile Birlikte Gelir<\/li>\n<li>Teslimat Dahil<\/li>\n<li>\u00dcr\u00fcn videosu i\u00e7in bizimle ileti\u015fime ge\u00e7in\/canl\u0131 sohbet edin<\/li>\n<\/ul>","protected":false},"featured_media":357841,"comment_status":"closed","ping_status":"closed","template":"","meta":{"_eb_attr":"","_crsspst_to_jayantr4sg-hostcom":true},"product_brand":[],"product_cat":[1791,1559,5701,1253,5902,1570,1574],"product_tag":[1430],"class_list":{"0":"post-327637","1":"product","2":"type-product","3":"status-publish","4":"has-post-thumbnail","6":"product_cat-anniversary-gifts","7":"product_cat-birthday-gifts","8":"product_cat-eid-jewellery","9":"product_cat-gold-necklaces","10":"product_cat-lariat-necklace","11":"product_cat-mothers-day-gifts","12":"product_cat-womens-jewellery","13":"product_tag-diwali-gift","15":"first","16":"instock","17":"sale","18":"taxable","19":"shipping-taxable","20":"purchasable","21":"product-type-simple","22":"add-to-wishlist-before_image"},"yoast_head":"<!-- This site is optimized with the Yoast SEO plugin v27.6 - https:\/\/yoast.com\/product\/yoast-seo-wordpress\/ -->\n<title>22ct Gold Choker Chain | 18 Inches with Rhodium Finish<\/title>\n<meta name=\"description\" content=\"Discover the timeless elegance of our 22ct Gold Choker Chain. Crafted with 18 inches of premium gold and enhanced with a sleek rhodium finish.\" \/>\n<meta name=\"robots\" content=\"index, follow, max-snippet:-1, max-image-preview:large, max-video-preview:-1\" \/>\n<link rel=\"canonical\" href=\"https:\/\/www.purejewels.com\/tr\/urun\/22-ayar-altin-gerdanlik-zinciri-42612\/\" \/>\n<meta property=\"og:locale\" content=\"tr_TR\" \/>\n<meta property=\"og:type\" content=\"article\" \/>\n<meta property=\"og:title\" content=\"22ct Gold Choker Chain | 18 Inches with Rhodium Finish\" \/>\n<meta property=\"og:description\" content=\"Discover the timeless elegance of our 22ct Gold Choker Chain. Crafted with 18 inches of premium gold and enhanced with a sleek rhodium finish.\" \/>\n<meta property=\"og:url\" content=\"https:\/\/www.purejewels.com\/tr\/urun\/22-ayar-altin-gerdanlik-zinciri-42612\/\" \/>\n<meta property=\"og:site_name\" content=\"PureJewels UK\" \/>\n<meta property=\"article:modified_time\" content=\"2026-02-26T12:19:17+00:00\" \/>\n<meta property=\"og:image\" content=\"https:\/\/static.purejewels.com\/wp-content\/uploads\/2023\/11\/42612.png\" \/>\n\t<meta property=\"og:image:width\" content=\"1000\" \/>\n\t<meta property=\"og:image:height\" content=\"1000\" \/>\n\t<meta property=\"og:image:type\" content=\"image\/png\" \/>\n<meta name=\"twitter:card\" content=\"summary_large_image\" \/>\n<meta name=\"twitter:label1\" content=\"Tahmini okuma s\u00fcresi\" \/>\n\t<meta name=\"twitter:data1\" content=\"1 dakika\" \/>\n<script type=\"application\/ld+json\" class=\"yoast-schema-graph\">{\"@context\":\"https:\\\/\\\/schema.org\",\"@graph\":[{\"@type\":[\"WebPage\",\"ItemPage\"],\"@id\":\"https:\\\/\\\/www.purejewels.com\\\/product\\\/22ct-gold-choker-chain-42612\\\/\",\"url\":\"https:\\\/\\\/www.purejewels.com\\\/product\\\/22ct-gold-choker-chain-42612\\\/\",\"name\":\"22ct Gold Choker Chain | 18 Inches with Rhodium Finish\",\"isPartOf\":{\"@id\":\"https:\\\/\\\/www.purejewels.com\\\/#website\"},\"primaryImageOfPage\":{\"@id\":\"https:\\\/\\\/www.purejewels.com\\\/product\\\/22ct-gold-choker-chain-42612\\\/#primaryimage\"},\"image\":{\"@id\":\"https:\\\/\\\/www.purejewels.com\\\/product\\\/22ct-gold-choker-chain-42612\\\/#primaryimage\"},\"thumbnailUrl\":\"https:\\\/\\\/static.purejewels.com\\\/wp-content\\\/uploads\\\/2023\\\/11\\\/42612.png\",\"datePublished\":\"2024-11-01T05:27:04+00:00\",\"dateModified\":\"2026-02-26T12:19:17+00:00\",\"description\":\"Discover the timeless elegance of our 22ct Gold Choker Chain. Crafted with 18 inches of premium gold and enhanced with a sleek rhodium finish.\",\"breadcrumb\":{\"@id\":\"https:\\\/\\\/www.purejewels.com\\\/product\\\/22ct-gold-choker-chain-42612\\\/#breadcrumb\"},\"inLanguage\":\"tr\",\"potentialAction\":[{\"@type\":\"ReadAction\",\"target\":[\"https:\\\/\\\/www.purejewels.com\\\/product\\\/22ct-gold-choker-chain-42612\\\/\"]}]},{\"@type\":\"ImageObject\",\"inLanguage\":\"tr\",\"@id\":\"https:\\\/\\\/www.purejewels.com\\\/product\\\/22ct-gold-choker-chain-42612\\\/#primaryimage\",\"url\":\"https:\\\/\\\/static.purejewels.com\\\/wp-content\\\/uploads\\\/2023\\\/11\\\/42612.png\",\"contentUrl\":\"https:\\\/\\\/static.purejewels.com\\\/wp-content\\\/uploads\\\/2023\\\/11\\\/42612.png\",\"width\":1000,\"height\":1000,\"caption\":\"22ct Gold Choker\"},{\"@type\":\"BreadcrumbList\",\"@id\":\"https:\\\/\\\/www.purejewels.com\\\/product\\\/22ct-gold-choker-chain-42612\\\/#breadcrumb\",\"itemListElement\":[{\"@type\":\"ListItem\",\"position\":1,\"name\":\"Home\",\"item\":\"https:\\\/\\\/www.purejewels.com\\\/\"},{\"@type\":\"ListItem\",\"position\":2,\"name\":\"Shop\",\"item\":\"https:\\\/\\\/www.purejewels.com\\\/shop\\\/\"},{\"@type\":\"ListItem\",\"position\":3,\"name\":\"22ct Gold Choker Chain\"}]},{\"@type\":\"WebSite\",\"@id\":\"https:\\\/\\\/www.purejewels.com\\\/#website\",\"url\":\"https:\\\/\\\/www.purejewels.com\\\/\",\"name\":\"PureJewels UK\",\"description\":\"Share the Love\",\"publisher\":{\"@id\":\"https:\\\/\\\/www.purejewels.com\\\/#organization\"},\"potentialAction\":[{\"@type\":\"SearchAction\",\"target\":{\"@type\":\"EntryPoint\",\"urlTemplate\":\"https:\\\/\\\/www.purejewels.com\\\/?s={search_term_string}\"},\"query-input\":{\"@type\":\"PropertyValueSpecification\",\"valueRequired\":true,\"valueName\":\"search_term_string\"}}],\"inLanguage\":\"tr\"},{\"@type\":\"Organization\",\"@id\":\"https:\\\/\\\/www.purejewels.com\\\/#organization\",\"name\":\"PureJewels UK\",\"url\":\"https:\\\/\\\/www.purejewels.com\\\/\",\"logo\":{\"@type\":\"ImageObject\",\"inLanguage\":\"tr\",\"@id\":\"https:\\\/\\\/www.purejewels.com\\\/#\\\/schema\\\/logo\\\/image\\\/\",\"url\":\"https:\\\/\\\/static.purejewels.com\\\/wp-content\\\/uploads\\\/2020\\\/11\\\/Logo-PJ-New-1.png\",\"contentUrl\":\"https:\\\/\\\/static.purejewels.com\\\/wp-content\\\/uploads\\\/2020\\\/11\\\/Logo-PJ-New-1.png\",\"width\":150,\"height\":80,\"caption\":\"PureJewels UK\"},\"image\":{\"@id\":\"https:\\\/\\\/www.purejewels.com\\\/#\\\/schema\\\/logo\\\/image\\\/\"}}]}<\/script>\n<!-- \/ Yoast SEO plugin. -->","yoast_head_json":{"title":"22 Ayar Alt\u0131n Gerdanl\u0131k Zinciri | Rodyum Kaplama ile 18 \u0130n\u00e7","description":"22ct Alt\u0131n Gerdanl\u0131k Zincirimizin zamans\u0131z zarafetini ke\u015ffedin. 18 in\u00e7 birinci s\u0131n\u0131f alt\u0131ndan \u00fcretilmi\u015f ve \u015f\u0131k bir rodyum kaplama ile zenginle\u015ftirilmi\u015ftir.","robots":{"index":"index","follow":"follow","max-snippet":"max-snippet:-1","max-image-preview":"max-image-preview:large","max-video-preview":"max-video-preview:-1"},"canonical":"https:\/\/www.purejewels.com\/tr\/urun\/22-ayar-altin-gerdanlik-zinciri-42612\/","og_locale":"tr_TR","og_type":"article","og_title":"22ct Gold Choker Chain | 18 Inches with Rhodium Finish","og_description":"Discover the timeless elegance of our 22ct Gold Choker Chain. Crafted with 18 inches of premium gold and enhanced with a sleek rhodium finish.","og_url":"https:\/\/www.purejewels.com\/tr\/urun\/22-ayar-altin-gerdanlik-zinciri-42612\/","og_site_name":"PureJewels UK","article_modified_time":"2026-02-26T12:19:17+00:00","og_image":[{"width":1000,"height":1000,"url":"https:\/\/static.purejewels.com\/wp-content\/uploads\/2023\/11\/42612.png","type":"image\/png"}],"twitter_card":"summary_large_image","twitter_misc":{"Tahmini okuma s\u00fcresi":"1 dakika"},"schema":{"@context":"https:\/\/schema.org","@graph":[{"@type":["WebPage","ItemPage"],"@id":"https:\/\/www.purejewels.com\/product\/22ct-gold-choker-chain-42612\/","url":"https:\/\/www.purejewels.com\/product\/22ct-gold-choker-chain-42612\/","name":"22 Ayar Alt\u0131n Gerdanl\u0131k Zinciri | Rodyum Kaplama ile 18 \u0130n\u00e7","isPartOf":{"@id":"https:\/\/www.purejewels.com\/#website"},"primaryImageOfPage":{"@id":"https:\/\/www.purejewels.com\/product\/22ct-gold-choker-chain-42612\/#primaryimage"},"image":{"@id":"https:\/\/www.purejewels.com\/product\/22ct-gold-choker-chain-42612\/#primaryimage"},"thumbnailUrl":"https:\/\/static.purejewels.com\/wp-content\/uploads\/2023\/11\/42612.png","datePublished":"2024-11-01T05:27:04+00:00","dateModified":"2026-02-26T12:19:17+00:00","description":"22ct Alt\u0131n Gerdanl\u0131k Zincirimizin zamans\u0131z zarafetini ke\u015ffedin. 18 in\u00e7 birinci s\u0131n\u0131f alt\u0131ndan \u00fcretilmi\u015f ve \u015f\u0131k bir rodyum kaplama ile zenginle\u015ftirilmi\u015ftir.","breadcrumb":{"@id":"https:\/\/www.purejewels.com\/product\/22ct-gold-choker-chain-42612\/#breadcrumb"},"inLanguage":"tr","potentialAction":[{"@type":"ReadAction","target":["https:\/\/www.purejewels.com\/product\/22ct-gold-choker-chain-42612\/"]}]},{"@type":"ImageObject","inLanguage":"tr","@id":"https:\/\/www.purejewels.com\/product\/22ct-gold-choker-chain-42612\/#primaryimage","url":"https:\/\/static.purejewels.com\/wp-content\/uploads\/2023\/11\/42612.png","contentUrl":"https:\/\/static.purejewels.com\/wp-content\/uploads\/2023\/11\/42612.png","width":1000,"height":1000,"caption":"22ct Gold Choker"},{"@type":"BreadcrumbList","@id":"https:\/\/www.purejewels.com\/product\/22ct-gold-choker-chain-42612\/#breadcrumb","itemListElement":[{"@type":"ListItem","position":1,"name":"Home","item":"https:\/\/www.purejewels.com\/"},{"@type":"ListItem","position":2,"name":"Shop","item":"https:\/\/www.purejewels.com\/shop\/"},{"@type":"ListItem","position":3,"name":"22ct Gold Choker Chain"}]},{"@type":"WebSite","@id":"https:\/\/www.purejewels.com\/#website","url":"https:\/\/www.purejewels.com\/","name":"PureJewels \u0130ngiltere","description":"Sevgiyi Payla\u015f\u0131n","publisher":{"@id":"https:\/\/www.purejewels.com\/#organization"},"potentialAction":[{"@type":"SearchAction","target":{"@type":"EntryPoint","urlTemplate":"https:\/\/www.purejewels.com\/?s={search_term_string}"},"query-input":{"@type":"PropertyValueSpecification","valueRequired":true,"valueName":"search_term_string"}}],"inLanguage":"tr"},{"@type":"Organization","@id":"https:\/\/www.purejewels.com\/#organization","name":"PureJewels \u0130ngiltere","url":"https:\/\/www.purejewels.com\/","logo":{"@type":"ImageObject","inLanguage":"tr","@id":"https:\/\/www.purejewels.com\/#\/schema\/logo\/image\/","url":"https:\/\/static.purejewels.com\/wp-content\/uploads\/2020\/11\/Logo-PJ-New-1.png","contentUrl":"https:\/\/static.purejewels.com\/wp-content\/uploads\/2020\/11\/Logo-PJ-New-1.png","width":150,"height":80,"caption":"PureJewels UK"},"image":{"@id":"https:\/\/www.purejewels.com\/#\/schema\/logo\/image\/"}}]}},"_links":{"self":[{"href":"https:\/\/www.purejewels.com\/tr\/wp-json\/wp\/v2\/product\/327637","targetHints":{"allow":["GET"]}}],"collection":[{"href":"https:\/\/www.purejewels.com\/tr\/wp-json\/wp\/v2\/product"}],"about":[{"href":"https:\/\/www.purejewels.com\/tr\/wp-json\/wp\/v2\/types\/product"}],"replies":[{"embeddable":true,"href":"https:\/\/www.purejewels.com\/tr\/wp-json\/wp\/v2\/comments?post=327637"}],"version-history":[{"count":4,"href":"https:\/\/www.purejewels.com\/tr\/wp-json\/wp\/v2\/product\/327637\/revisions"}],"predecessor-version":[{"id":409630,"href":"https:\/\/www.purejewels.com\/tr\/wp-json\/wp\/v2\/product\/327637\/revisions\/409630"}],"wp:featuredmedia":[{"embeddable":true,"href":"https:\/\/www.purejewels.com\/tr\/wp-json\/wp\/v2\/media\/357841"}],"wp:attachment":[{"href":"https:\/\/www.purejewels.com\/tr\/wp-json\/wp\/v2\/media?parent=327637"}],"wp:term":[{"taxonomy":"product_brand","embeddable":true,"href":"https:\/\/www.purejewels.com\/tr\/wp-json\/wp\/v2\/product_brand?post=327637"},{"taxonomy":"product_cat","embeddable":true,"href":"https:\/\/www.purejewels.com\/tr\/wp-json\/wp\/v2\/product_cat?post=327637"},{"taxonomy":"product_tag","embeddable":true,"href":"https:\/\/www.purejewels.com\/tr\/wp-json\/wp\/v2\/product_tag?post=327637"}],"curies":[{"name":"wp","href":"https:\/\/api.w.org\/{rel}","templated":true}]}}