{"id":327641,"date":"2024-06-20T05:06:33","date_gmt":"2024-06-20T04:06:33","guid":{"rendered":"https:\/\/www.purejewels.com\/?post_type=product&#038;p=327641"},"modified":"2026-01-06T08:49:44","modified_gmt":"2026-01-06T08:49:44","slug":"22-ayar-altindan-gerdanlik-zinciri","status":"publish","type":"product","link":"https:\/\/www.purejewels.com\/tr\/product\/choker-chain-in-22ct-gold\/","title":{"rendered":"22 Ayar Alt\u0131n Gerdanl\u0131k Zinciri | 16 \u0130n\u00e7"},"content":{"rendered":"<ul>\n<li>A\u011f\u0131rl\u0131k 5 gms<\/li>\n<li>SKU. 45072<\/li>\n<li><b>Menzil kimli\u011fi: <\/b>YGCK047<br \/>\n<a href=\"https:\/\/www.purejewels.com\/tr\/product\/22ct-gold-jali-filigree-ring-jali-collection-31926\/\">22ct<\/a> <a href=\"https:\/\/www.purejewels.com\/tr\/product\/22-carat-gold-choker-necklace-5\/\">alt\u0131n gerdanl\u0131k<\/a> Zincirler, y\u00fcksek alt\u0131n i\u00e7eri\u011fi ve zengin renkleriyle tan\u0131nan l\u00fcks bir se\u00e7imdir. \u0130\u015fte onlar hakk\u0131nda bilmeniz gerekenler:<b>Resmi ve Geleneksel Giyim:<\/b> <a href=\"https:\/\/www.purejewels.com\/tr\/product\/holy-cross-gold-pendant-44713\/\">22 ayar alt\u0131n<\/a> Gerdanl\u0131klar, g\u00f6steri\u015fli g\u00f6r\u00fcn\u00fcmleri nedeniyle genellikle resmi etkinlikler, d\u00fc\u011f\u00fcnler veya geleneksel t\u00f6renler i\u00e7in tercih edilir.<br \/>\n<b>Minimalist bir g\u00f6r\u00fcn\u00fcm:<\/b> Modern bir dokunu\u015f i\u00e7in, ek s\u00fcslemeler olmadan alt\u0131n\u0131n do\u011fal parlakl\u0131\u011f\u0131n\u0131 sergileyen sade tasar\u0131mlar\u0131 tercih edin.<br \/>\n<b>E\u015fle\u015fiyor:<\/b> E\u015fle\u015fen \u00fcr\u00fcnlerle \u00e7ok g\u00fczel e\u015fle\u015fiyorlar <a href=\"https:\/\/www.purejewels.com\/tr\/product\/22ct-gold-earrings-rose-gold-finsih-41790\/\">22 ayar alt\u0131n k\u00fcpeler<\/a> veya bileziklerle uyumlu ve zarif bir g\u00f6r\u00fcn\u00fcm yaratabilirsiniz.<\/li>\n<\/ul>","protected":false},"excerpt":{"rendered":"<div class=\"flex between-xs middle-xs price-review\">\n<div class=\"yith-ywraq-add-to-quote add-to-quote-327643 near-add-to-cart\">\n<div class=\"yith-ywraq-add-button show\"><\/div>\n<\/div>\n<\/div>\n<div class=\"woocommerce-product-details__short-description\">\n<table class=\"sh_desc\">\n<tbody>\n<tr>\n<td>Kolye Tipi<\/td>\n<td>Gerdanl\u0131k Kolye<\/td>\n<\/tr>\n<tr>\n<td>SKU<\/td>\n<td>45072<\/td>\n<\/tr>\n<tr>\n<td>A\u011f\u0131rl\u0131k<\/td>\n<td>5 Gms<\/td>\n<\/tr>\n<tr>\n<td>Metal<\/td>\n<td>22 Ayar Alt\u0131n<\/td>\n<\/tr>\n<tr>\n<td>Hallmark<\/td>\n<td>Londra Tahlil Ofisi Taraf\u0131ndan Damgalanm\u0131\u015f 22 Ayar Alt\u0131n<\/td>\n<\/tr>\n<tr>\n<td>\u00dccretler<\/td>\n<td>Teslimat ve KDV Dahil<\/td>\n<\/tr>\n<tr>\n<td>Paketleme<\/td>\n<td>Sunum Kutusu ile Birlikte Gelir<\/td>\n<\/tr>\n<tr>\n<td>Daha Fazla Bilgi<\/td>\n<td>E\u015fle\u015fen k\u00fcpeler i\u00e7in buraya t\u0131klay\u0131n.<br \/>\nM\u00fcsaitlik durumu ve daha fazla resim i\u00e7in bizimle canl\u0131 sohbet edin<\/td>\n<\/tr>\n<\/tbody>\n<\/table>\n<\/div>","protected":false},"featured_media":327686,"comment_status":"closed","ping_status":"closed","template":"","meta":{"_eb_attr":"","_crsspst_to_jayantr4sg-hostcom":true},"product_brand":[],"product_cat":[5024,1791,1559,1698,1782,1793,1475,1229,1253,1570,1569,1574,5349],"product_tag":[1430],"class_list":{"0":"post-327641","1":"product","2":"type-product","3":"status-publish","4":"has-post-thumbnail","6":"product_cat-16-inch-choker-chain","7":"product_cat-anniversary-gifts","8":"product_cat-birthday-gifts","9":"product_cat-choker-chains","10":"product_cat-choker-necklaces","11":"product_cat-diwali-gifts","12":"product_cat-gold-chains","13":"product_cat-22ct-gold-jewellery","14":"product_cat-gold-necklaces","15":"product_cat-mothers-day-gifts","16":"product_cat-valentine-day-gifts","17":"product_cat-womens-jewellery","18":"product_cat-yellow-gold-jewellery","19":"product_tag-diwali-gift","21":"first","22":"outofstock","23":"sale","24":"taxable","25":"shipping-taxable","26":"product-type-simple","27":"add-to-wishlist-before_image"},"yoast_head":"<!-- This site is optimized with the Yoast SEO plugin v27.3 - https:\/\/yoast.com\/product\/yoast-seo-wordpress\/ -->\n<title>Choker Chain in 22ct Gold in 16 Inches | PureJewels<\/title>\n<meta name=\"description\" content=\"Discover our latest collection of Gold Choker Necklace Design online. Check out our wide range of gold choker necklaces for women at PureJewels, UK.\" \/>\n<meta name=\"robots\" content=\"index, follow, max-snippet:-1, max-image-preview:large, max-video-preview:-1\" \/>\n<link rel=\"canonical\" href=\"https:\/\/www.purejewels.com\/tr\/urun\/22-ayar-altindan-gerdanlik-zinciri\/\" \/>\n<meta property=\"og:locale\" content=\"tr_TR\" \/>\n<meta property=\"og:type\" content=\"article\" \/>\n<meta property=\"og:title\" content=\"Choker Chain in 22ct Gold in 16 Inches | PureJewels\" \/>\n<meta property=\"og:description\" content=\"Discover our latest collection of Gold Choker Necklace Design online. Check out our wide range of gold choker necklaces for women at PureJewels, UK.\" \/>\n<meta property=\"og:url\" content=\"https:\/\/www.purejewels.com\/tr\/urun\/22-ayar-altindan-gerdanlik-zinciri\/\" \/>\n<meta property=\"og:site_name\" content=\"PureJewels UK\" \/>\n<meta property=\"article:modified_time\" content=\"2026-01-06T08:49:44+00:00\" \/>\n<meta property=\"og:image\" content=\"https:\/\/www.purejewels.com\/wp-content\/uploads\/2021\/10\/40677-1.jpg\" \/>\n\t<meta property=\"og:image:width\" content=\"1000\" \/>\n\t<meta property=\"og:image:height\" content=\"1000\" \/>\n\t<meta property=\"og:image:type\" content=\"image\/jpeg\" \/>\n<meta name=\"twitter:card\" content=\"summary_large_image\" \/>\n<script type=\"application\/ld+json\" class=\"yoast-schema-graph\">{\"@context\":\"https:\\\/\\\/schema.org\",\"@graph\":[{\"@type\":[\"WebPage\",\"ItemPage\"],\"@id\":\"https:\\\/\\\/www.purejewels.com\\\/product\\\/choker-chain-in-22ct-gold\\\/\",\"url\":\"https:\\\/\\\/www.purejewels.com\\\/product\\\/choker-chain-in-22ct-gold\\\/\",\"name\":\"Choker Chain in 22ct Gold in 16 Inches | PureJewels\",\"isPartOf\":{\"@id\":\"https:\\\/\\\/www.purejewels.com\\\/#website\"},\"primaryImageOfPage\":{\"@id\":\"https:\\\/\\\/www.purejewels.com\\\/product\\\/choker-chain-in-22ct-gold\\\/#primaryimage\"},\"image\":{\"@id\":\"https:\\\/\\\/www.purejewels.com\\\/product\\\/choker-chain-in-22ct-gold\\\/#primaryimage\"},\"thumbnailUrl\":\"https:\\\/\\\/static.purejewels.com\\\/wp-content\\\/uploads\\\/2021\\\/10\\\/40677-1.jpg\",\"datePublished\":\"2024-06-20T04:06:33+00:00\",\"dateModified\":\"2026-01-06T08:49:44+00:00\",\"description\":\"Discover our latest collection of Gold Choker Necklace Design online. Check out our wide range of gold choker necklaces for women at PureJewels, UK.\",\"breadcrumb\":{\"@id\":\"https:\\\/\\\/www.purejewels.com\\\/product\\\/choker-chain-in-22ct-gold\\\/#breadcrumb\"},\"inLanguage\":\"tr\",\"potentialAction\":[{\"@type\":\"ReadAction\",\"target\":[\"https:\\\/\\\/www.purejewels.com\\\/product\\\/choker-chain-in-22ct-gold\\\/\"]}]},{\"@type\":\"ImageObject\",\"inLanguage\":\"tr\",\"@id\":\"https:\\\/\\\/www.purejewels.com\\\/product\\\/choker-chain-in-22ct-gold\\\/#primaryimage\",\"url\":\"https:\\\/\\\/static.purejewels.com\\\/wp-content\\\/uploads\\\/2021\\\/10\\\/40677-1.jpg\",\"contentUrl\":\"https:\\\/\\\/static.purejewels.com\\\/wp-content\\\/uploads\\\/2021\\\/10\\\/40677-1.jpg\",\"width\":1000,\"height\":1000,\"caption\":\"22ct Gold Choker Chain 40677-1\"},{\"@type\":\"BreadcrumbList\",\"@id\":\"https:\\\/\\\/www.purejewels.com\\\/product\\\/choker-chain-in-22ct-gold\\\/#breadcrumb\",\"itemListElement\":[{\"@type\":\"ListItem\",\"position\":1,\"name\":\"Home\",\"item\":\"https:\\\/\\\/www.purejewels.com\\\/\"},{\"@type\":\"ListItem\",\"position\":2,\"name\":\"Shop\",\"item\":\"https:\\\/\\\/www.purejewels.com\\\/shop\\\/\"},{\"@type\":\"ListItem\",\"position\":3,\"name\":\"Choker Chain in 22ct Gold | 16 Inches\"}]},{\"@type\":\"WebSite\",\"@id\":\"https:\\\/\\\/www.purejewels.com\\\/#website\",\"url\":\"https:\\\/\\\/www.purejewels.com\\\/\",\"name\":\"PureJewels UK\",\"description\":\"Share the Love\",\"publisher\":{\"@id\":\"https:\\\/\\\/www.purejewels.com\\\/#organization\"},\"potentialAction\":[{\"@type\":\"SearchAction\",\"target\":{\"@type\":\"EntryPoint\",\"urlTemplate\":\"https:\\\/\\\/www.purejewels.com\\\/?s={search_term_string}\"},\"query-input\":{\"@type\":\"PropertyValueSpecification\",\"valueRequired\":true,\"valueName\":\"search_term_string\"}}],\"inLanguage\":\"tr\"},{\"@type\":\"Organization\",\"@id\":\"https:\\\/\\\/www.purejewels.com\\\/#organization\",\"name\":\"PureJewels UK\",\"url\":\"https:\\\/\\\/www.purejewels.com\\\/\",\"logo\":{\"@type\":\"ImageObject\",\"inLanguage\":\"tr\",\"@id\":\"https:\\\/\\\/www.purejewels.com\\\/#\\\/schema\\\/logo\\\/image\\\/\",\"url\":\"https:\\\/\\\/static.purejewels.com\\\/wp-content\\\/uploads\\\/2020\\\/11\\\/Logo-PJ-New-1.png\",\"contentUrl\":\"https:\\\/\\\/static.purejewels.com\\\/wp-content\\\/uploads\\\/2020\\\/11\\\/Logo-PJ-New-1.png\",\"width\":150,\"height\":80,\"caption\":\"PureJewels UK\"},\"image\":{\"@id\":\"https:\\\/\\\/www.purejewels.com\\\/#\\\/schema\\\/logo\\\/image\\\/\"}}]}<\/script>\n<!-- \/ Yoast SEO plugin. -->","yoast_head_json":{"title":"22 Ayar Alt\u0131ndan 16 \u0130n\u00e7 Gerdanl\u0131k Zinciri | PureJewels","description":"En yeni Alt\u0131n Gerdanl\u0131k Kolye Tasar\u0131m\u0131 koleksiyonumuzu \u00e7evrimi\u00e7i ke\u015ffedin. PureJewels, \u0130ngiltere'de kad\u0131nlar i\u00e7in geni\u015f alt\u0131n gerdanl\u0131k kolye yelpazemize g\u00f6z at\u0131n.","robots":{"index":"index","follow":"follow","max-snippet":"max-snippet:-1","max-image-preview":"max-image-preview:large","max-video-preview":"max-video-preview:-1"},"canonical":"https:\/\/www.purejewels.com\/tr\/urun\/22-ayar-altindan-gerdanlik-zinciri\/","og_locale":"tr_TR","og_type":"article","og_title":"Choker Chain in 22ct Gold in 16 Inches | PureJewels","og_description":"Discover our latest collection of Gold Choker Necklace Design online. Check out our wide range of gold choker necklaces for women at PureJewels, UK.","og_url":"https:\/\/www.purejewels.com\/tr\/urun\/22-ayar-altindan-gerdanlik-zinciri\/","og_site_name":"PureJewels UK","article_modified_time":"2026-01-06T08:49:44+00:00","og_image":[{"width":1000,"height":1000,"url":"https:\/\/www.purejewels.com\/wp-content\/uploads\/2021\/10\/40677-1.jpg","type":"image\/jpeg"}],"twitter_card":"summary_large_image","schema":{"@context":"https:\/\/schema.org","@graph":[{"@type":["WebPage","ItemPage"],"@id":"https:\/\/www.purejewels.com\/product\/choker-chain-in-22ct-gold\/","url":"https:\/\/www.purejewels.com\/product\/choker-chain-in-22ct-gold\/","name":"22 Ayar Alt\u0131ndan 16 \u0130n\u00e7 Gerdanl\u0131k Zinciri | PureJewels","isPartOf":{"@id":"https:\/\/www.purejewels.com\/#website"},"primaryImageOfPage":{"@id":"https:\/\/www.purejewels.com\/product\/choker-chain-in-22ct-gold\/#primaryimage"},"image":{"@id":"https:\/\/www.purejewels.com\/product\/choker-chain-in-22ct-gold\/#primaryimage"},"thumbnailUrl":"https:\/\/static.purejewels.com\/wp-content\/uploads\/2021\/10\/40677-1.jpg","datePublished":"2024-06-20T04:06:33+00:00","dateModified":"2026-01-06T08:49:44+00:00","description":"En yeni Alt\u0131n Gerdanl\u0131k Kolye Tasar\u0131m\u0131 koleksiyonumuzu \u00e7evrimi\u00e7i ke\u015ffedin. PureJewels, \u0130ngiltere'de kad\u0131nlar i\u00e7in geni\u015f alt\u0131n gerdanl\u0131k kolye yelpazemize g\u00f6z at\u0131n.","breadcrumb":{"@id":"https:\/\/www.purejewels.com\/product\/choker-chain-in-22ct-gold\/#breadcrumb"},"inLanguage":"tr","potentialAction":[{"@type":"ReadAction","target":["https:\/\/www.purejewels.com\/product\/choker-chain-in-22ct-gold\/"]}]},{"@type":"ImageObject","inLanguage":"tr","@id":"https:\/\/www.purejewels.com\/product\/choker-chain-in-22ct-gold\/#primaryimage","url":"https:\/\/static.purejewels.com\/wp-content\/uploads\/2021\/10\/40677-1.jpg","contentUrl":"https:\/\/static.purejewels.com\/wp-content\/uploads\/2021\/10\/40677-1.jpg","width":1000,"height":1000,"caption":"22ct Gold Choker Chain 40677-1"},{"@type":"BreadcrumbList","@id":"https:\/\/www.purejewels.com\/product\/choker-chain-in-22ct-gold\/#breadcrumb","itemListElement":[{"@type":"ListItem","position":1,"name":"Home","item":"https:\/\/www.purejewels.com\/"},{"@type":"ListItem","position":2,"name":"Shop","item":"https:\/\/www.purejewels.com\/shop\/"},{"@type":"ListItem","position":3,"name":"Choker Chain in 22ct Gold | 16 Inches"}]},{"@type":"WebSite","@id":"https:\/\/www.purejewels.com\/#website","url":"https:\/\/www.purejewels.com\/","name":"PureJewels \u0130ngiltere","description":"Sevgiyi Payla\u015f\u0131n","publisher":{"@id":"https:\/\/www.purejewels.com\/#organization"},"potentialAction":[{"@type":"SearchAction","target":{"@type":"EntryPoint","urlTemplate":"https:\/\/www.purejewels.com\/?s={search_term_string}"},"query-input":{"@type":"PropertyValueSpecification","valueRequired":true,"valueName":"search_term_string"}}],"inLanguage":"tr"},{"@type":"Organization","@id":"https:\/\/www.purejewels.com\/#organization","name":"PureJewels \u0130ngiltere","url":"https:\/\/www.purejewels.com\/","logo":{"@type":"ImageObject","inLanguage":"tr","@id":"https:\/\/www.purejewels.com\/#\/schema\/logo\/image\/","url":"https:\/\/static.purejewels.com\/wp-content\/uploads\/2020\/11\/Logo-PJ-New-1.png","contentUrl":"https:\/\/static.purejewels.com\/wp-content\/uploads\/2020\/11\/Logo-PJ-New-1.png","width":150,"height":80,"caption":"PureJewels UK"},"image":{"@id":"https:\/\/www.purejewels.com\/#\/schema\/logo\/image\/"}}]}},"_links":{"self":[{"href":"https:\/\/www.purejewels.com\/tr\/wp-json\/wp\/v2\/product\/327641","targetHints":{"allow":["GET"]}}],"collection":[{"href":"https:\/\/www.purejewels.com\/tr\/wp-json\/wp\/v2\/product"}],"about":[{"href":"https:\/\/www.purejewels.com\/tr\/wp-json\/wp\/v2\/types\/product"}],"replies":[{"embeddable":true,"href":"https:\/\/www.purejewels.com\/tr\/wp-json\/wp\/v2\/comments?post=327641"}],"version-history":[{"count":5,"href":"https:\/\/www.purejewels.com\/tr\/wp-json\/wp\/v2\/product\/327641\/revisions"}],"predecessor-version":[{"id":388249,"href":"https:\/\/www.purejewels.com\/tr\/wp-json\/wp\/v2\/product\/327641\/revisions\/388249"}],"wp:featuredmedia":[{"embeddable":true,"href":"https:\/\/www.purejewels.com\/tr\/wp-json\/wp\/v2\/media\/327686"}],"wp:attachment":[{"href":"https:\/\/www.purejewels.com\/tr\/wp-json\/wp\/v2\/media?parent=327641"}],"wp:term":[{"taxonomy":"product_brand","embeddable":true,"href":"https:\/\/www.purejewels.com\/tr\/wp-json\/wp\/v2\/product_brand?post=327641"},{"taxonomy":"product_cat","embeddable":true,"href":"https:\/\/www.purejewels.com\/tr\/wp-json\/wp\/v2\/product_cat?post=327641"},{"taxonomy":"product_tag","embeddable":true,"href":"https:\/\/www.purejewels.com\/tr\/wp-json\/wp\/v2\/product_tag?post=327641"}],"curies":[{"name":"wp","href":"https:\/\/api.w.org\/{rel}","templated":true}]}}