{"id":327724,"date":"2021-10-27T08:00:13","date_gmt":"2021-10-27T07:00:13","guid":{"rendered":"https:\/\/www.purejewels.com\/?post_type=product&#038;p=327724"},"modified":"2026-01-06T09:44:48","modified_gmt":"2026-01-06T09:44:48","slug":"kadinlar-icin-22-ayar-altin-bilezik-40736","status":"publish","type":"product","link":"https:\/\/www.purejewels.com\/tr\/product\/22ct-gold-bracelet-for-women-40736\/","title":{"rendered":"Kad\u0131nlar i\u00e7in 22 Ayar Alt\u0131n Bileklik"},"content":{"rendered":"<p>l\u00fcks sofistike tasar\u0131m\u0131ndan yararlanarak <a href=\"https:\/\/www.purejewels.com\/tr\/product\/22ct-gold-jali-filigree-ring-jali-collection-31926\/\">22ct<\/a> Tasar\u0131m evriminin bir dokunu\u015fu olan bu alt\u0131n bilezikler listenizdeki herkes i\u00e7in m\u00fckemmeldir - hatta kendiniz i\u00e7in bile! \u0130ster kendiniz ister sevdikleriniz i\u00e7in m\u00fckemmel bir se\u00e7im olsun, bu 22 ayar <a href=\"https:\/\/www.purejewels.com\/tr\/product\/22ct-gold-mens-bracelet\/\">alt\u0131n bilezik<\/a> refah ve de\u011ferlili\u011fin sembol\u00fcd\u00fcr. Ona sahip olma \u015fans\u0131n\u0131 ka\u00e7\u0131rmay\u0131n! \u0130ngiltere'nin her yerine teslimat yap\u0131yoruz ve t\u00fcm \u00fcr\u00fcnlerimiz sunum kutular\u0131nda geliyor. Bizim alt\u0131n <a href=\"https:\/\/www.purejewels.com\/tr\/product-category\/22ct-gold-jewellery\/gold-bracelet\/\">Bilezik<\/a> i\u00e7inde haz\u0131rlanm\u0131\u015f <a href=\"https:\/\/www.purejewels.com\/tr\/product-category\/22ct-gold-jewellery\/\">22 karat<\/a> sar\u0131 alt\u0131n, alternatif elemanlar ile bir <a href=\"https:\/\/www.purejewels.com\/tr\/product\/designer-ring-for-women-in-22-carat-31928\/\">rodyum kaplama<\/a>. Beyaz ve sar\u0131 alt\u0131n sevenler i\u00e7in bu, cennette yap\u0131lm\u0131\u015f bir e\u015fle\u015fmedir.<\/p>","protected":false},"excerpt":{"rendered":"<ul>\n<li>22ct\u00a0<span id=\"urn:enhancement-6b5dda1b\" class=\"textannotation\">Alt\u0131n<\/span> Kad\u0131n Bileklik<\/li>\n<li>Rodyum kaplama ile<\/li>\n<li>A\u011f\u0131rl\u0131k 8,7 gms<\/li>\n<li>Sku 40736<\/li>\n<li>Uzunluk 7,5 \u0130n\u00e7<\/li>\n<li>T\u00fcm fiyatlara KDV dahildir<\/li>\n<li>Hepsi 22\u00a0<span id=\"urn:enhancement-96f8acd8\" class=\"textannotation\">karat<\/span>\u00a0<span id=\"urn:enhancement-475c5677\" class=\"textannotation\">alt\u0131n<\/span>\u00a0bilezikler Londra damgal\u0131d\u0131r\u00a0<span id=\"urn:enhancement-50f6b5fe\" class=\"textannotation\">Tahlil Ofisi<\/span><\/li>\n<li>T\u00fcm\u00fc\u00a0<span id=\"urn:enhancement-a52000c\" class=\"textannotation\">Alt\u0131n<\/span>\u00a0Kad\u0131n Bilekli\u011fi Sunum Kutusuyla Birlikte Gelir<\/li>\n<li>Teslimat Dahil<\/li>\n<li>Uygunluk durumu ve daha fazla benzer g\u00f6rsel i\u00e7in bizimle canl\u0131 sohbet edin\u00a0<span id=\"urn:enhancement-bc77c438\" class=\"textannotation\">tasar\u0131mlar<\/span>\u00a0\u015fu anda\u00a0<span id=\"urn:enhancement-973deb93\" class=\"textannotation\">stok<\/span><\/li>\n<\/ul>","protected":false},"featured_media":327725,"comment_status":"closed","ping_status":"closed","template":"","meta":{"_eb_attr":"","_crsspst_to_jayantr4sg-hostcom":false},"product_brand":[],"product_cat":[1791,1793,1792,1324,1627,1573,1574],"product_tag":[1430],"class_list":{"0":"post-327724","1":"product","2":"type-product","3":"status-publish","4":"has-post-thumbnail","6":"product_cat-anniversary-gifts","7":"product_cat-diwali-gifts","8":"product_cat-festival-gifts","9":"product_cat-gold-bracelet","10":"product_cat-ladies-bracelet","11":"product_cat-wedding-gifts","12":"product_cat-womens-jewellery","13":"product_tag-diwali-gift","15":"first","16":"outofstock","17":"taxable","18":"shipping-taxable","19":"product-type-simple","20":"add-to-wishlist-before_image"},"yoast_head":"<!-- This site is optimized with the Yoast SEO plugin v27.3 - https:\/\/yoast.com\/product\/yoast-seo-wordpress\/ -->\n<title>Buy this classic 22ct gold Bracelet at PureJewels UK<\/title>\n<meta name=\"description\" content=\"Explore wide collection of gold bracelets in the UK. Shop this 22ct gold bracelet with rhodium finish. Fast delivery &amp; easy returns.\" \/>\n<meta name=\"robots\" content=\"index, follow, max-snippet:-1, max-image-preview:large, max-video-preview:-1\" \/>\n<link rel=\"canonical\" href=\"https:\/\/www.purejewels.com\/tr\/urun\/kadinlar-icin-22-ayar-altin-bilezik-40736\/\" \/>\n<meta property=\"og:locale\" content=\"tr_TR\" \/>\n<meta property=\"og:type\" content=\"article\" \/>\n<meta property=\"og:title\" content=\"Buy this classic 22ct gold Bracelet at PureJewels UK\" \/>\n<meta property=\"og:description\" content=\"Explore wide collection of gold bracelets in the UK. Shop this 22ct gold bracelet with rhodium finish. Fast delivery &amp; easy returns.\" \/>\n<meta property=\"og:url\" content=\"https:\/\/www.purejewels.com\/tr\/urun\/kadinlar-icin-22-ayar-altin-bilezik-40736\/\" \/>\n<meta property=\"og:site_name\" content=\"PureJewels UK\" \/>\n<meta property=\"article:modified_time\" content=\"2026-01-06T09:44:48+00:00\" \/>\n<meta property=\"og:image\" content=\"https:\/\/www.purejewels.com\/wp-content\/uploads\/2021\/10\/40736-2.jpg\" \/>\n\t<meta property=\"og:image:width\" content=\"1000\" \/>\n\t<meta property=\"og:image:height\" content=\"1000\" \/>\n\t<meta property=\"og:image:type\" content=\"image\/jpeg\" \/>\n<meta name=\"twitter:card\" content=\"summary_large_image\" \/>\n<meta name=\"twitter:label1\" content=\"Tahmini okuma s\u00fcresi\" \/>\n\t<meta name=\"twitter:data1\" content=\"1 dakika\" \/>\n<script type=\"application\/ld+json\" class=\"yoast-schema-graph\">{\"@context\":\"https:\\\/\\\/schema.org\",\"@graph\":[{\"@type\":[\"WebPage\",\"ItemPage\"],\"@id\":\"https:\\\/\\\/www.purejewels.com\\\/product\\\/22ct-gold-bracelet-for-women-40736\\\/\",\"url\":\"https:\\\/\\\/www.purejewels.com\\\/product\\\/22ct-gold-bracelet-for-women-40736\\\/\",\"name\":\"Buy this classic 22ct gold Bracelet at PureJewels UK\",\"isPartOf\":{\"@id\":\"https:\\\/\\\/www.purejewels.com\\\/#website\"},\"primaryImageOfPage\":{\"@id\":\"https:\\\/\\\/www.purejewels.com\\\/product\\\/22ct-gold-bracelet-for-women-40736\\\/#primaryimage\"},\"image\":{\"@id\":\"https:\\\/\\\/www.purejewels.com\\\/product\\\/22ct-gold-bracelet-for-women-40736\\\/#primaryimage\"},\"thumbnailUrl\":\"https:\\\/\\\/static.purejewels.com\\\/wp-content\\\/uploads\\\/2021\\\/10\\\/40736-2.jpg\",\"datePublished\":\"2021-10-27T07:00:13+00:00\",\"dateModified\":\"2026-01-06T09:44:48+00:00\",\"description\":\"Explore wide collection of gold bracelets in the UK. Shop this 22ct gold bracelet with rhodium finish. Fast delivery & easy returns.\",\"breadcrumb\":{\"@id\":\"https:\\\/\\\/www.purejewels.com\\\/product\\\/22ct-gold-bracelet-for-women-40736\\\/#breadcrumb\"},\"inLanguage\":\"tr\",\"potentialAction\":[{\"@type\":\"ReadAction\",\"target\":[\"https:\\\/\\\/www.purejewels.com\\\/product\\\/22ct-gold-bracelet-for-women-40736\\\/\"]}]},{\"@type\":\"ImageObject\",\"inLanguage\":\"tr\",\"@id\":\"https:\\\/\\\/www.purejewels.com\\\/product\\\/22ct-gold-bracelet-for-women-40736\\\/#primaryimage\",\"url\":\"https:\\\/\\\/static.purejewels.com\\\/wp-content\\\/uploads\\\/2021\\\/10\\\/40736-2.jpg\",\"contentUrl\":\"https:\\\/\\\/static.purejewels.com\\\/wp-content\\\/uploads\\\/2021\\\/10\\\/40736-2.jpg\",\"width\":1000,\"height\":1000,\"caption\":\"22ct Gold Bracelet 40736-2\"},{\"@type\":\"BreadcrumbList\",\"@id\":\"https:\\\/\\\/www.purejewels.com\\\/product\\\/22ct-gold-bracelet-for-women-40736\\\/#breadcrumb\",\"itemListElement\":[{\"@type\":\"ListItem\",\"position\":1,\"name\":\"Home\",\"item\":\"https:\\\/\\\/www.purejewels.com\\\/\"},{\"@type\":\"ListItem\",\"position\":2,\"name\":\"Shop\",\"item\":\"https:\\\/\\\/www.purejewels.com\\\/shop\\\/\"},{\"@type\":\"ListItem\",\"position\":3,\"name\":\"22ct Gold Bracelet for Women\"}]},{\"@type\":\"WebSite\",\"@id\":\"https:\\\/\\\/www.purejewels.com\\\/#website\",\"url\":\"https:\\\/\\\/www.purejewels.com\\\/\",\"name\":\"PureJewels UK\",\"description\":\"Share the Love\",\"publisher\":{\"@id\":\"https:\\\/\\\/www.purejewels.com\\\/#organization\"},\"potentialAction\":[{\"@type\":\"SearchAction\",\"target\":{\"@type\":\"EntryPoint\",\"urlTemplate\":\"https:\\\/\\\/www.purejewels.com\\\/?s={search_term_string}\"},\"query-input\":{\"@type\":\"PropertyValueSpecification\",\"valueRequired\":true,\"valueName\":\"search_term_string\"}}],\"inLanguage\":\"tr\"},{\"@type\":\"Organization\",\"@id\":\"https:\\\/\\\/www.purejewels.com\\\/#organization\",\"name\":\"PureJewels UK\",\"url\":\"https:\\\/\\\/www.purejewels.com\\\/\",\"logo\":{\"@type\":\"ImageObject\",\"inLanguage\":\"tr\",\"@id\":\"https:\\\/\\\/www.purejewels.com\\\/#\\\/schema\\\/logo\\\/image\\\/\",\"url\":\"https:\\\/\\\/static.purejewels.com\\\/wp-content\\\/uploads\\\/2020\\\/11\\\/Logo-PJ-New-1.png\",\"contentUrl\":\"https:\\\/\\\/static.purejewels.com\\\/wp-content\\\/uploads\\\/2020\\\/11\\\/Logo-PJ-New-1.png\",\"width\":150,\"height\":80,\"caption\":\"PureJewels UK\"},\"image\":{\"@id\":\"https:\\\/\\\/www.purejewels.com\\\/#\\\/schema\\\/logo\\\/image\\\/\"}}]}<\/script>\n<!-- \/ Yoast SEO plugin. -->","yoast_head_json":{"title":"Bu klasik 22 ayar alt\u0131n bilezi\u011fi PureJewels UK'den sat\u0131n al\u0131n","description":"\u0130ngiltere'deki geni\u015f alt\u0131n bilezik koleksiyonunu ke\u015ffedin. Rodyum kaplamal\u0131 bu 22 ayar alt\u0131n bilezi\u011fi sat\u0131n al\u0131n. H\u0131zl\u0131 teslimat ve kolay iade.","robots":{"index":"index","follow":"follow","max-snippet":"max-snippet:-1","max-image-preview":"max-image-preview:large","max-video-preview":"max-video-preview:-1"},"canonical":"https:\/\/www.purejewels.com\/tr\/urun\/kadinlar-icin-22-ayar-altin-bilezik-40736\/","og_locale":"tr_TR","og_type":"article","og_title":"Buy this classic 22ct gold Bracelet at PureJewels UK","og_description":"Explore wide collection of gold bracelets in the UK. Shop this 22ct gold bracelet with rhodium finish. Fast delivery & easy returns.","og_url":"https:\/\/www.purejewels.com\/tr\/urun\/kadinlar-icin-22-ayar-altin-bilezik-40736\/","og_site_name":"PureJewels UK","article_modified_time":"2026-01-06T09:44:48+00:00","og_image":[{"width":1000,"height":1000,"url":"https:\/\/www.purejewels.com\/wp-content\/uploads\/2021\/10\/40736-2.jpg","type":"image\/jpeg"}],"twitter_card":"summary_large_image","twitter_misc":{"Tahmini okuma s\u00fcresi":"1 dakika"},"schema":{"@context":"https:\/\/schema.org","@graph":[{"@type":["WebPage","ItemPage"],"@id":"https:\/\/www.purejewels.com\/product\/22ct-gold-bracelet-for-women-40736\/","url":"https:\/\/www.purejewels.com\/product\/22ct-gold-bracelet-for-women-40736\/","name":"Bu klasik 22 ayar alt\u0131n bilezi\u011fi PureJewels UK'den sat\u0131n al\u0131n","isPartOf":{"@id":"https:\/\/www.purejewels.com\/#website"},"primaryImageOfPage":{"@id":"https:\/\/www.purejewels.com\/product\/22ct-gold-bracelet-for-women-40736\/#primaryimage"},"image":{"@id":"https:\/\/www.purejewels.com\/product\/22ct-gold-bracelet-for-women-40736\/#primaryimage"},"thumbnailUrl":"https:\/\/static.purejewels.com\/wp-content\/uploads\/2021\/10\/40736-2.jpg","datePublished":"2021-10-27T07:00:13+00:00","dateModified":"2026-01-06T09:44:48+00:00","description":"\u0130ngiltere'deki geni\u015f alt\u0131n bilezik koleksiyonunu ke\u015ffedin. Rodyum kaplamal\u0131 bu 22 ayar alt\u0131n bilezi\u011fi sat\u0131n al\u0131n. H\u0131zl\u0131 teslimat ve kolay iade.","breadcrumb":{"@id":"https:\/\/www.purejewels.com\/product\/22ct-gold-bracelet-for-women-40736\/#breadcrumb"},"inLanguage":"tr","potentialAction":[{"@type":"ReadAction","target":["https:\/\/www.purejewels.com\/product\/22ct-gold-bracelet-for-women-40736\/"]}]},{"@type":"ImageObject","inLanguage":"tr","@id":"https:\/\/www.purejewels.com\/product\/22ct-gold-bracelet-for-women-40736\/#primaryimage","url":"https:\/\/static.purejewels.com\/wp-content\/uploads\/2021\/10\/40736-2.jpg","contentUrl":"https:\/\/static.purejewels.com\/wp-content\/uploads\/2021\/10\/40736-2.jpg","width":1000,"height":1000,"caption":"22ct Gold Bracelet 40736-2"},{"@type":"BreadcrumbList","@id":"https:\/\/www.purejewels.com\/product\/22ct-gold-bracelet-for-women-40736\/#breadcrumb","itemListElement":[{"@type":"ListItem","position":1,"name":"Home","item":"https:\/\/www.purejewels.com\/"},{"@type":"ListItem","position":2,"name":"Shop","item":"https:\/\/www.purejewels.com\/shop\/"},{"@type":"ListItem","position":3,"name":"22ct Gold Bracelet for Women"}]},{"@type":"WebSite","@id":"https:\/\/www.purejewels.com\/#website","url":"https:\/\/www.purejewels.com\/","name":"PureJewels \u0130ngiltere","description":"Sevgiyi Payla\u015f\u0131n","publisher":{"@id":"https:\/\/www.purejewels.com\/#organization"},"potentialAction":[{"@type":"SearchAction","target":{"@type":"EntryPoint","urlTemplate":"https:\/\/www.purejewels.com\/?s={search_term_string}"},"query-input":{"@type":"PropertyValueSpecification","valueRequired":true,"valueName":"search_term_string"}}],"inLanguage":"tr"},{"@type":"Organization","@id":"https:\/\/www.purejewels.com\/#organization","name":"PureJewels \u0130ngiltere","url":"https:\/\/www.purejewels.com\/","logo":{"@type":"ImageObject","inLanguage":"tr","@id":"https:\/\/www.purejewels.com\/#\/schema\/logo\/image\/","url":"https:\/\/static.purejewels.com\/wp-content\/uploads\/2020\/11\/Logo-PJ-New-1.png","contentUrl":"https:\/\/static.purejewels.com\/wp-content\/uploads\/2020\/11\/Logo-PJ-New-1.png","width":150,"height":80,"caption":"PureJewels UK"},"image":{"@id":"https:\/\/www.purejewels.com\/#\/schema\/logo\/image\/"}}]}},"_links":{"self":[{"href":"https:\/\/www.purejewels.com\/tr\/wp-json\/wp\/v2\/product\/327724","targetHints":{"allow":["GET"]}}],"collection":[{"href":"https:\/\/www.purejewels.com\/tr\/wp-json\/wp\/v2\/product"}],"about":[{"href":"https:\/\/www.purejewels.com\/tr\/wp-json\/wp\/v2\/types\/product"}],"replies":[{"embeddable":true,"href":"https:\/\/www.purejewels.com\/tr\/wp-json\/wp\/v2\/comments?post=327724"}],"version-history":[{"count":0,"href":"https:\/\/www.purejewels.com\/tr\/wp-json\/wp\/v2\/product\/327724\/revisions"}],"wp:featuredmedia":[{"embeddable":true,"href":"https:\/\/www.purejewels.com\/tr\/wp-json\/wp\/v2\/media\/327725"}],"wp:attachment":[{"href":"https:\/\/www.purejewels.com\/tr\/wp-json\/wp\/v2\/media?parent=327724"}],"wp:term":[{"taxonomy":"product_brand","embeddable":true,"href":"https:\/\/www.purejewels.com\/tr\/wp-json\/wp\/v2\/product_brand?post=327724"},{"taxonomy":"product_cat","embeddable":true,"href":"https:\/\/www.purejewels.com\/tr\/wp-json\/wp\/v2\/product_cat?post=327724"},{"taxonomy":"product_tag","embeddable":true,"href":"https:\/\/www.purejewels.com\/tr\/wp-json\/wp\/v2\/product_tag?post=327724"}],"curies":[{"name":"wp","href":"https:\/\/api.w.org\/{rel}","templated":true}]}}